{"id":24217,"date":"2025-04-13T17:41:17","date_gmt":"2025-04-13T17:41:17","guid":{"rendered":"https:\/\/researchchemicalhub.com\/?post_type=product&#038;p=24217"},"modified":"2025-10-12T19:39:59","modified_gmt":"2025-10-12T19:39:59","slug":"2f-dck-hcl-zakje-1gr","status":"publish","type":"product","link":"https:\/\/researchchemicalhub.com\/fr\/shop\/b2b\/2f-dck-hcl-zakje-1gr\/","title":{"rendered":"Sachet de 2F-DCK HCl 1 g"},"content":{"rendered":"<h2 data-start=\"3631\" data-end=\"3657\"><strong data-start=\"3634\" data-end=\"3657\">Description du produit<\/strong><\/h2>\n<p data-start=\"3659\" data-end=\"3993\"><strong data-start=\"3659\" data-end=\"3716\">2F-DCK HCl (chlorhydrate de 2-fluorodeschlorok\u00e9tamine)<\/strong> est un <strong data-start=\"3724\" data-end=\"3762\">substance de recherche de haute puret\u00e9<\/strong>, appartenant \u00e0 la <strong data-start=\"3780\" data-end=\"3809\">classe des arylcyclohexylamines<\/strong>, apparent\u00e9 aux analogues de la k\u00e9tamine. 2f-dck hcl\u00a0<br data-start=\"3841\" data-end=\"3844\" \/>Cette connexion est destin\u00e9e \u00e0 <strong data-start=\"3876\" data-end=\"3914\">recherche analytique et m\u00e9dico-l\u00e9gale<\/strong> et prend en charge <strong data-start=\"3930\" data-end=\"3990\">analyse structurelle, validation et \u00e9tudes toxicologiques<\/strong>.<\/p>\n<p data-start=\"3995\" data-end=\"4126\">Chaque <strong data-start=\"3999\" data-end=\"4019\">Sachet de 2F-DCK HCl<\/strong> contient <strong data-start=\"4026\" data-end=\"4060\">1 gramme de substance analytiquement pure<\/strong>, soigneusement emball\u00e9 pour assurer la stabilit\u00e9 et la consistance.<\/p>\n<p data-start=\"4128\" data-end=\"4264\">\u26a0\ufe0f <strong data-start=\"4131\" data-end=\"4142\">NB:<\/strong> Ce produit est <strong data-start=\"4158\" data-end=\"4207\">destin\u00e9 \u00e0 des fins de recherche uniquement<\/strong> et <strong data-start=\"4211\" data-end=\"4263\">ne convient pas \u00e0 l&#039;usage humain ou animal<\/strong>.<\/p>\n<hr data-start=\"4266\" data-end=\"4269\" \/>\n<h2 data-start=\"4271\" data-end=\"4301\"><strong data-start=\"4274\" data-end=\"4301\">Caract\u00e9ristiques principales<\/strong><\/h2>\n<ul data-start=\"4303\" data-end=\"4665\">\n<li data-start=\"4303\" data-end=\"4386\">\n<p data-start=\"4305\" data-end=\"4386\"><strong data-start=\"4305\" data-end=\"4325\">Haute puret\u00e9 :<\/strong> Qualit\u00e9 laboratoire, adapt\u00e9e \u00e0 la recherche analytique.<\/p>\n<\/li>\n<li data-start=\"4387\" data-end=\"4460\">\n<p data-start=\"4389\" data-end=\"4460\"><strong data-start=\"4389\" data-end=\"4411\">Forme HCl stable :<\/strong> Bonne solubilit\u00e9 et stabilit\u00e9 \u00e0 long terme.<\/p>\n<\/li>\n<li data-start=\"4461\" data-end=\"4517\">\n<p data-start=\"4463\" data-end=\"4517\"><strong data-start=\"4463\" data-end=\"4486\">Pes\u00e9 avec pr\u00e9cision :<\/strong> 1 gramme par sachet herm\u00e9tique.<\/p>\n<\/li>\n<li data-start=\"4518\" data-end=\"4584\">\n<p data-start=\"4520\" data-end=\"4584\"><strong data-start=\"4520\" data-end=\"4543\">Emballage s\u00fbr :<\/strong> Prot\u00e8ge contre la contamination et l&#039;humidit\u00e9.<\/p>\n<\/li>\n<li data-start=\"4585\" data-end=\"4665\">\n<p data-start=\"4587\" data-end=\"4665\"><strong data-start=\"4587\" data-end=\"4614\">Conform\u00e9ment \u00e0 la r\u00e9glementation de l&#039;UE :<\/strong> Fabriqu\u00e9 selon les normes de s\u00e9curit\u00e9 europ\u00e9ennes.<\/p>\n<\/li>\n<\/ul>\n<hr data-start=\"4667\" data-end=\"4670\" \/>\n<h2 data-start=\"4672\" data-end=\"4703\"><strong data-start=\"4675\" data-end=\"4703\">Avantages pour la recherche<\/strong><\/h2>\n<ul data-start=\"4705\" data-end=\"4964\">\n<li data-start=\"4705\" data-end=\"4765\">\n<p data-start=\"4707\" data-end=\"4765\">Convient pour <strong data-start=\"4721\" data-end=\"4762\">recherche m\u00e9dico-l\u00e9gale et toxicologique<\/strong>.<\/p>\n<\/li>\n<li data-start=\"4766\" data-end=\"4833\">\n<p data-start=\"4768\" data-end=\"4833\">Soutient <strong data-start=\"4780\" data-end=\"4804\">m\u00e9thodes analytiques<\/strong> tels que LC-MS, GC-MS et RMN.<\/p>\n<\/li>\n<li data-start=\"4834\" data-end=\"4907\">\n<p data-start=\"4836\" data-end=\"4907\">Offres <strong data-start=\"4842\" data-end=\"4876\">\u00e9chantillons de r\u00e9f\u00e9rence fiables<\/strong> pour les analyses quantitatives.<\/p>\n<\/li>\n<li data-start=\"4908\" data-end=\"4964\">\n<p data-start=\"4910\" data-end=\"4964\">Pr\u00e9voit <strong data-start=\"4921\" data-end=\"4961\">r\u00e9sultats de recherche reproductibles<\/strong>. 2f-dck hcl<\/p>\n<\/li>\n<\/ul>\n<hr data-start=\"4966\" data-end=\"4969\" \/>\n<h2 data-start=\"4971\" data-end=\"5005\"><strong data-start=\"4974\" data-end=\"5005\">Utilisation (Contexte de recherche)<\/strong><\/h2>\n<ol data-start=\"5007\" data-end=\"5211\">\n<li data-start=\"5007\" data-end=\"5052\">\n<p data-start=\"5010\" data-end=\"5052\">Utiliser uniquement dans des laboratoires accr\u00e9dit\u00e9s.<\/p>\n<\/li>\n<li data-start=\"5053\" data-end=\"5113\">\n<p data-start=\"5056\" data-end=\"5113\">Portez des gants, des lunettes de s\u00e9curit\u00e9 et une blouse de laboratoire.<\/p>\n<\/li>\n<li data-start=\"5114\" data-end=\"5161\">\n<p data-start=\"5117\" data-end=\"5161\">Conserver au frais, au sec et \u00e0 l&#039;abri de la lumi\u00e8re (moins de 25\u00b0C).<\/p>\n<\/li>\n<li data-start=\"5162\" data-end=\"5211\">\n<p data-start=\"5165\" data-end=\"5211\">\u00c9liminer les r\u00e9sidus conform\u00e9ment \u00e0 la r\u00e9glementation locale.<\/p>\n<\/li>\n<\/ol>\n<blockquote data-start=\"5213\" data-end=\"5303\">\n<p data-start=\"5215\" data-end=\"5303\"><strong data-start=\"5215\" data-end=\"5226\">NB:<\/strong> <em data-start=\"5227\" data-end=\"5249\">Sachet de 2F-DCK HCl 1 g<\/em> est <strong data-start=\"5253\" data-end=\"5302\">destin\u00e9 \u00e0 des fins de recherche uniquement<\/strong>.<\/p>\n<\/blockquote>\n<hr data-start=\"5305\" data-end=\"5308\" \/>\n<h2 data-start=\"5310\" data-end=\"5344\"><strong data-start=\"5313\" data-end=\"5344\">Foire aux questions (FAQ)<\/strong><\/h2>\n<p data-start=\"5346\" data-end=\"5496\"><strong data-start=\"5346\" data-end=\"5388\">1. \u00c0 quoi sert le 2F-DCK HCl ?<\/strong><br data-start=\"5388\" data-end=\"5391\" \/>Ce tissu est utilis\u00e9 pour <strong data-start=\"5421\" data-end=\"5459\">recherche analytique et m\u00e9dico-l\u00e9gale<\/strong> de compos\u00e9s d&#039;arylcyclohexylamine.<\/p>\n<p data-start=\"5498\" data-end=\"5593\"><strong data-start=\"5498\" data-end=\"5533\">2. Combien y a-t-il dans un sac ?<\/strong><br data-start=\"5533\" data-end=\"5536\" \/>Chaque sac contient <strong data-start=\"5552\" data-end=\"5562\">1 gramme<\/strong> 2F-DCK HCl analytiquement pur.<\/p>\n<p data-start=\"5595\" data-end=\"5752\"><strong data-start=\"5595\" data-end=\"5642\">3. Puis-je acheter du 2F-DCK HCl en tant que particulier ?<\/strong><br data-start=\"5642\" data-end=\"5645\" \/>Non, ce produit est uniquement disponible pour <strong data-start=\"5690\" data-end=\"5724\">institutions de recherche reconnues<\/strong> avec les permis appropri\u00e9s.<\/p>","protected":false},"excerpt":{"rendered":"<p>Description du produit Le 2F-DCK HCl (chlorhydrate de 2-fluorodeschlorok\u00e9tamine) est un produit chimique de recherche de haute puret\u00e9 appartenant \u00e0 la classe des arylcyclohexylamines, apparent\u00e9 aux analogues de la k\u00e9tamine.<\/p>","protected":false},"featured_media":21296,"comment_status":"closed","ping_status":"closed","template":"","meta":[],"product_brand":[82],"product_cat":[555],"product_tag":[271,272,273,860,862,326,274],"class_list":{"0":"post-24217","1":"product","2":"type-product","3":"status-publish","4":"has-post-thumbnail","6":"product_brand-research-chemical","7":"product_cat-b2b","8":"product_tag-2f-dck","9":"product_tag-2f-dck-kopen","10":"product_tag-2f-dck-hcl","11":"product_tag-2f-dck-reddit","12":"product_tag-ketamine-kopen","13":"product_tag-nl","14":"product_tag-what-is-2f-dck","16":"first","17":"instock","18":"taxable","19":"shipping-taxable","20":"purchasable","21":"product-type-variable"},"_links":{"self":[{"href":"https:\/\/researchchemicalhub.com\/fr\/wp-json\/wp\/v2\/product\/24217","targetHints":{"allow":["GET"]}}],"collection":[{"href":"https:\/\/researchchemicalhub.com\/fr\/wp-json\/wp\/v2\/product"}],"about":[{"href":"https:\/\/researchchemicalhub.com\/fr\/wp-json\/wp\/v2\/types\/product"}],"replies":[{"embeddable":true,"href":"https:\/\/researchchemicalhub.com\/fr\/wp-json\/wp\/v2\/comments?post=24217"}],"version-history":[{"count":4,"href":"https:\/\/researchchemicalhub.com\/fr\/wp-json\/wp\/v2\/product\/24217\/revisions"}],"predecessor-version":[{"id":27826,"href":"https:\/\/researchchemicalhub.com\/fr\/wp-json\/wp\/v2\/product\/24217\/revisions\/27826"}],"wp:featuredmedia":[{"embeddable":true,"href":"https:\/\/researchchemicalhub.com\/fr\/wp-json\/wp\/v2\/media\/21296"}],"wp:attachment":[{"href":"https:\/\/researchchemicalhub.com\/fr\/wp-json\/wp\/v2\/media?parent=24217"}],"wp:term":[{"taxonomy":"product_brand","embeddable":true,"href":"https:\/\/researchchemicalhub.com\/fr\/wp-json\/wp\/v2\/product_brand?post=24217"},{"taxonomy":"product_cat","embeddable":true,"href":"https:\/\/researchchemicalhub.com\/fr\/wp-json\/wp\/v2\/product_cat?post=24217"},{"taxonomy":"product_tag","embeddable":true,"href":"https:\/\/researchchemicalhub.com\/fr\/wp-json\/wp\/v2\/product_tag?post=24217"}],"curies":[{"name":"wp","href":"https:\/\/api.w.org\/{rel}","templated":true}]}}