{"id":24194,"date":"2025-04-13T17:41:13","date_gmt":"2025-04-13T17:41:13","guid":{"rendered":"https:\/\/researchchemicalhub.com\/?post_type=product&#038;p=24194"},"modified":"2025-10-30T07:17:37","modified_gmt":"2025-10-30T07:17:37","slug":"boite-de-rc-fluor-2-fma-30-mg","status":"publish","type":"product","link":"https:\/\/researchchemicalhub.com\/fr\/boutique\/b2b\/boite-de-rc-fluor-2-fma-30-mg\/","title":{"rendered":"Bo\u00eete de RC+ Fluor 2-FMA 30 mg"},"content":{"rendered":"<h3 data-start=\"4860\" data-end=\"4879\"><strong data-start=\"4864\" data-end=\"4879\">Introduction<\/strong><\/h3>\n<p data-start=\"4880\" data-end=\"5253\">Le <strong data-start=\"4883\" data-end=\"4911\">Bo\u00eete de RC+ Fluor 2-FMA 30 mg<\/strong> contient <strong data-start=\"4918\" data-end=\"4958\">2-fluoroamph\u00e9tamine (2-FMA) de haute puret\u00e9<\/strong>, Un <strong data-start=\"4964\" data-end=\"4994\">ph\u00e9n\u00e9thylamine fluor\u00e9e<\/strong> qui appartient \u00e0 la <strong data-start=\"5014\" data-end=\"5034\">classe des amph\u00e9tamines<\/strong>Connu pour son profil stimulant stable et ses propri\u00e9t\u00e9s pharmacologiques uniques, <strong data-start=\"5128\" data-end=\"5137\">2-FMA<\/strong> souvent utilis\u00e9 dans <strong data-start=\"5155\" data-end=\"5203\">recherche neurochimique et psychostimulante<\/strong> D\u00e9sagr\u00e9able <strong data-start=\"5209\" data-end=\"5250\">activit\u00e9 de la dopamine et de la noradr\u00e9naline<\/strong>. 2-fma<\/p>\n<p data-start=\"5255\" data-end=\"5454\">Chaque comprim\u00e9 est fabriqu\u00e9 avec pr\u00e9cision dans des conditions de laboratoire pour <strong data-start=\"5331\" data-end=\"5407\">dosage pr\u00e9cis, consistance fiable et stabilit\u00e9 \u00e0 long terme<\/strong> \u2013 essentiel pour la recherche analytique moderne.<\/p>\n<hr data-start=\"5456\" data-end=\"5459\" \/>\n<h3 data-start=\"5461\" data-end=\"5492\"><strong data-start=\"5465\" data-end=\"5492\">Caract\u00e9ristiques principales<\/strong><\/h3>\n<ul data-start=\"5493\" data-end=\"5972\">\n<li data-start=\"5493\" data-end=\"5582\">\n<p data-start=\"5495\" data-end=\"5582\"><strong data-start=\"5495\" data-end=\"5527\">Haute puret\u00e9 analytique :<\/strong> Contient <strong data-start=\"5534\" data-end=\"5568\">30 mg de 2-fluoroamph\u00e9tamine (2-FMA)<\/strong> par comprim\u00e9.<\/p>\n<\/li>\n<li data-start=\"5583\" data-end=\"5673\">\n<p data-start=\"5585\" data-end=\"5673\"><strong data-start=\"5585\" data-end=\"5611\">Qualit\u00e9 du laboratoire :<\/strong> Destin\u00e9 \u00e0 \u00eatre utilis\u00e9 uniquement <strong data-start=\"5632\" data-end=\"5670\">applications de recherche et d&#039;analyse<\/strong>.<\/p>\n<\/li>\n<li data-start=\"5674\" data-end=\"5771\">\n<p data-start=\"5676\" data-end=\"5771\"><strong data-start=\"5676\" data-end=\"5703\">Emballage RC+ s\u00e9curis\u00e9 :<\/strong> Scell\u00e9 professionnellement, r\u00e9sistant \u00e0 l&#039;humidit\u00e9 et correctement \u00e9tiquet\u00e9.<\/p>\n<\/li>\n<li data-start=\"5772\" data-end=\"5861\">\n<p data-start=\"5774\" data-end=\"5861\"><strong data-start=\"5774\" data-end=\"5800\">Production tra\u00e7able :<\/strong> \u00c9quip\u00e9 de <strong data-start=\"5814\" data-end=\"5858\">num\u00e9ros de lot et certificats de laboratoire<\/strong>.<\/p>\n<\/li>\n<li data-start=\"5862\" data-end=\"5972\">\n<p data-start=\"5864\" data-end=\"5972\"><strong data-start=\"5864\" data-end=\"5888\">Connexion stable :<\/strong> La structure du fluor augmente la <strong data-start=\"5919\" data-end=\"5969\">stabilit\u00e9 chimique et s\u00e9lectivit\u00e9 des r\u00e9cepteurs<\/strong>.<\/p>\n<\/li>\n<\/ul>\n<hr data-start=\"5974\" data-end=\"5977\" \/>\n<h3 data-start=\"5979\" data-end=\"5996\"><strong data-start=\"5983\" data-end=\"5996\">Avantages<\/strong><\/h3>\n<ul data-start=\"5997\" data-end=\"6376\">\n<li data-start=\"5997\" data-end=\"6082\">\n<p data-start=\"5999\" data-end=\"6082\">Soutient <strong data-start=\"6011\" data-end=\"6038\">examen neurochimique<\/strong> \u00e0 l&#039;activit\u00e9 dopaminergique et adr\u00e9nergique.<\/p>\n<\/li>\n<li data-start=\"6083\" data-end=\"6159\">\n<p data-start=\"6085\" data-end=\"6159\">Convient pour <strong data-start=\"6099\" data-end=\"6125\">recherche comparative<\/strong> avec d\u2019autres variantes d\u2019amph\u00e9tamines.<\/p>\n<\/li>\n<li data-start=\"6160\" data-end=\"6242\">\n<p data-start=\"6162\" data-end=\"6242\">Pr\u00e9voit <strong data-start=\"6173\" data-end=\"6209\">des r\u00e9sultats coh\u00e9rents et mesurables<\/strong> dans des laboratoires contr\u00f4l\u00e9s.<\/p>\n<\/li>\n<li data-start=\"6243\" data-end=\"6313\">\n<p data-start=\"6245\" data-end=\"6313\">Id\u00e9al pour <strong data-start=\"6257\" data-end=\"6310\">recherche universitaire, m\u00e9dico-l\u00e9gale et pharmaceutique<\/strong>.<\/p>\n<\/li>\n<li data-start=\"6314\" data-end=\"6376\">\n<p data-start=\"6316\" data-end=\"6376\">Offres <strong data-start=\"6322\" data-end=\"6355\">excellente stabilit\u00e9 au stockage<\/strong> gr\u00e2ce \u00e0 la fluoration.<\/p>\n<\/li>\n<\/ul>\n<hr data-start=\"6378\" data-end=\"6381\" \/>\n<h3 data-start=\"6383\" data-end=\"6398\"><strong data-start=\"6387\" data-end=\"6398\">Usage<\/strong><\/h3>\n<p data-start=\"6399\" data-end=\"6525\">Le <strong data-start=\"6402\" data-end=\"6430\">Bo\u00eete de RC+ Fluor 2-FMA 30 mg<\/strong> est exclusivement destin\u00e9 \u00e0 <strong data-start=\"6459\" data-end=\"6499\">applications de laboratoire et d&#039;analyse<\/strong>.<br data-start=\"6500\" data-end=\"6503\" \/>Les chercheurs doivent :<\/p>\n<ul data-start=\"6526\" data-end=\"6811\">\n<li data-start=\"6526\" data-end=\"6600\">\n<p data-start=\"6528\" data-end=\"6600\"><strong data-start=\"6528\" data-end=\"6552\">V\u00eatements de protection<\/strong> porter (gants, lunettes, blouse de laboratoire).<\/p>\n<\/li>\n<li data-start=\"6601\" data-end=\"6670\">\n<p data-start=\"6603\" data-end=\"6670\">Enregistrer sous <strong data-start=\"6617\" data-end=\"6625\">25\u00b0C<\/strong> sur un <strong data-start=\"6633\" data-end=\"6667\">endroit frais, sec et sombre<\/strong>.<\/p>\n<\/li>\n<li data-start=\"6671\" data-end=\"6729\">\n<p data-start=\"6673\" data-end=\"6729\">Exposition \u00e0 <strong data-start=\"6691\" data-end=\"6716\">lumi\u00e8re, air et humidit\u00e9<\/strong> \u00e0 \u00e9viter.<\/p>\n<\/li>\n<li data-start=\"6730\" data-end=\"6811\">\n<p data-start=\"6732\" data-end=\"6811\">Profiter de <strong data-start=\"6750\" data-end=\"6782\">\u00e9quipement de mesure \u00e9talonn\u00e9<\/strong> pour des analyses pr\u00e9cises.<\/p>\n<\/li>\n<\/ul>\n<hr data-start=\"6813\" data-end=\"6816\" \/>\n<h3 data-start=\"6818\" data-end=\"6847\"><strong data-start=\"6822\" data-end=\"6847\">Informations de s\u00e9curit\u00e9<\/strong><\/h3>\n<ul data-start=\"6848\" data-end=\"7056\">\n<li data-start=\"6848\" data-end=\"6886\">\n<p data-start=\"6850\" data-end=\"6886\">Uniquement pour <strong data-start=\"6862\" data-end=\"6883\">utilisation de la recherche<\/strong>.<\/p>\n<\/li>\n<li data-start=\"6887\" data-end=\"6949\">\n<p data-start=\"6889\" data-end=\"6949\"><strong data-start=\"6889\" data-end=\"6947\">Ne convient pas \u00e0 la consommation humaine ou animale. 2-fma<\/strong><\/p>\n<\/li>\n<li data-start=\"6950\" data-end=\"6998\">\n<p data-start=\"6952\" data-end=\"6998\">Suivez le <strong data-start=\"6960\" data-end=\"6995\">r\u00e9glementations de s\u00e9curit\u00e9 locales<\/strong>.<\/p>\n<\/li>\n<li data-start=\"6999\" data-end=\"7056\">\n<p data-start=\"7001\" data-end=\"7056\">Hors de port\u00e9e de <strong data-start=\"7019\" data-end=\"7046\">enfants et personnes non autoris\u00e9es<\/strong> \u00e0 garder.<\/p>\n<\/li>\n<\/ul>\n<hr data-start=\"7058\" data-end=\"7061\" \/>\n<h3 data-start=\"7063\" data-end=\"7096\"><strong data-start=\"7067\" data-end=\"7096\">Foire aux questions (FAQ)<\/strong><\/h3>\n<p data-start=\"7098\" data-end=\"7280\"><strong data-start=\"7098\" data-end=\"7154\">1. \u00c0 quoi sert la bo\u00eete RC+ Fluor 2-FMA 30 mg ?<\/strong><br data-start=\"7154\" data-end=\"7157\" \/>Il est utilis\u00e9 dans <strong data-start=\"7179\" data-end=\"7230\">recherche neurochimique et psychopharmacologique<\/strong>, principalement ax\u00e9 sur <strong data-start=\"7250\" data-end=\"7279\">transporteurs de cat\u00e9cholamines<\/strong>.<\/p>\n<p data-start=\"7282\" data-end=\"7495\"><strong data-start=\"7282\" data-end=\"7335\">2. Qu\u2019est-ce qui distingue le 2-FMA des autres amph\u00e9tamines ?<\/strong><br data-start=\"7335\" data-end=\"7338\" \/>Le 2-FMA est un <strong data-start=\"7351\" data-end=\"7390\">variante fluor\u00e9e de l&#039;amph\u00e9tamine<\/strong>, connu pour ses <strong data-start=\"7407\" data-end=\"7458\">effet stimulant durable et uniforme<\/strong>, id\u00e9al pour les analyses comparatives.<\/p>\n<p data-start=\"7497\" data-end=\"7647\"><strong data-start=\"7497\" data-end=\"7532\">3. Comment doit-il \u00eatre conserv\u00e9 ?<\/strong><br data-start=\"7532\" data-end=\"7535\" \/>\u00c9conomisez sur un <strong data-start=\"7549\" data-end=\"7583\">endroit frais, sec et sombre<\/strong>, sous <strong data-start=\"7591\" data-end=\"7599\">25\u00b0C<\/strong>, dans le <strong data-start=\"7607\" data-end=\"7646\">emballage RC+ d&#039;origine scell\u00e9<\/strong>.<\/p>\n<hr data-start=\"7649\" data-end=\"7652\" \/>\n<h3 data-start=\"7654\" data-end=\"7671\"><strong data-start=\"7658\" data-end=\"7671\">Conclusion<\/strong><\/h3>\n<p data-start=\"7672\" data-end=\"8008\">Le <strong data-start=\"7675\" data-end=\"7703\">Bo\u00eete de RC+ Fluor 2-FMA 30 mg<\/strong> est un <strong data-start=\"7711\" data-end=\"7750\">choix fiable pour les chercheurs<\/strong> qui se concentrent sur <strong data-start=\"7771\" data-end=\"7846\">pharmacologie des stimulants, sciences du comportement et recherche neurochimique<\/strong>. Merci \u00e0 la <strong data-start=\"7859\" data-end=\"7938\">puret\u00e9 garantie, stabilit\u00e9 chimique et emballage professionnel<\/strong> propose ce produit <strong data-start=\"7957\" data-end=\"7987\">r\u00e9sultats reproductibles<\/strong> dans chaque laboratoire.<\/p>","protected":false},"excerpt":{"rendered":"<p><strong><span dir=\"auto\" style=\"vertical-align: inherit;\"><span dir=\"auto\" style=\"vertical-align: inherit;\">Synonyme<\/span><\/span><\/strong><span dir=\"auto\" style=\"vertical-align: inherit;\"><span dir=\"auto\" style=\"vertical-align: inherit;\"> : Fluorom\u00e9thamph\u00e9tamine <\/span><\/span><br \/>\n<strong><span dir=\"auto\" style=\"vertical-align: inherit;\"><span dir=\"auto\" style=\"vertical-align: inherit;\">Num\u00e9ro CAS<\/span><\/span><\/strong><span dir=\"auto\" style=\"vertical-align: inherit;\"><span dir=\"auto\" style=\"vertical-align: inherit;\"> : 1780004-19-4 <\/span><\/span><br \/>\n<strong><span dir=\"auto\" style=\"vertical-align: inherit;\"><span dir=\"auto\" style=\"vertical-align: inherit;\">Formule<\/span><\/span><\/strong><span dir=\"auto\" style=\"vertical-align: inherit;\"><span dir=\"auto\" style=\"vertical-align: inherit;\"> : C10H14FN \u2022 HCL <\/span><\/span><br \/>\n<strong><span dir=\"auto\" style=\"vertical-align: inherit;\"><span dir=\"auto\" style=\"vertical-align: inherit;\">Masse molaire<\/span><\/span><\/strong><span dir=\"auto\" style=\"vertical-align: inherit;\"><span dir=\"auto\" style=\"vertical-align: inherit;\"> : 203,7 g\/mol <\/span><\/span><br \/>\n<strong><span dir=\"auto\" style=\"vertical-align: inherit;\"><span dir=\"auto\" style=\"vertical-align: inherit;\">Puret\u00e9<\/span><\/span><\/strong><span dir=\"auto\" style=\"vertical-align: inherit;\"><span dir=\"auto\" style=\"vertical-align: inherit;\"> : \u226599%<\/span><\/span><\/p>","protected":false},"featured_media":28606,"comment_status":"closed","ping_status":"closed","template":"","meta":[],"product_brand":[82],"product_cat":[555],"product_tag":[572,617,618,589,619,326],"class_list":{"0":"post-24194","1":"product","2":"type-product","3":"status-publish","4":"has-post-thumbnail","6":"product_brand-research-chemical","7":"product_cat-b2b","8":"product_tag-2-fma-kopen","9":"product_tag-2-fma","10":"product_tag-2fma","11":"product_tag-2fma-drugs","12":"product_tag-2fma-kopen","13":"product_tag-nl","15":"first","16":"instock","17":"taxable","18":"shipping-taxable","19":"purchasable","20":"product-type-variable"},"_links":{"self":[{"href":"https:\/\/researchchemicalhub.com\/fr\/wp-json\/wp\/v2\/product\/24194","targetHints":{"allow":["GET"]}}],"collection":[{"href":"https:\/\/researchchemicalhub.com\/fr\/wp-json\/wp\/v2\/product"}],"about":[{"href":"https:\/\/researchchemicalhub.com\/fr\/wp-json\/wp\/v2\/types\/product"}],"replies":[{"embeddable":true,"href":"https:\/\/researchchemicalhub.com\/fr\/wp-json\/wp\/v2\/comments?post=24194"}],"version-history":[{"count":5,"href":"https:\/\/researchchemicalhub.com\/fr\/wp-json\/wp\/v2\/product\/24194\/revisions"}],"predecessor-version":[{"id":25396,"href":"https:\/\/researchchemicalhub.com\/fr\/wp-json\/wp\/v2\/product\/24194\/revisions\/25396"}],"wp:featuredmedia":[{"embeddable":true,"href":"https:\/\/researchchemicalhub.com\/fr\/wp-json\/wp\/v2\/media\/28606"}],"wp:attachment":[{"href":"https:\/\/researchchemicalhub.com\/fr\/wp-json\/wp\/v2\/media?parent=24194"}],"wp:term":[{"taxonomy":"product_brand","embeddable":true,"href":"https:\/\/researchchemicalhub.com\/fr\/wp-json\/wp\/v2\/product_brand?post=24194"},{"taxonomy":"product_cat","embeddable":true,"href":"https:\/\/researchchemicalhub.com\/fr\/wp-json\/wp\/v2\/product_cat?post=24194"},{"taxonomy":"product_tag","embeddable":true,"href":"https:\/\/researchchemicalhub.com\/fr\/wp-json\/wp\/v2\/product_tag?post=24194"}],"curies":[{"name":"wp","href":"https:\/\/api.w.org\/{rel}","templated":true}]}}