{"id":24181,"date":"2025-04-13T17:41:13","date_gmt":"2025-04-13T17:41:13","guid":{"rendered":"https:\/\/researchchemicalhub.com\/?post_type=product&#038;p=24181"},"modified":"2025-10-12T20:21:20","modified_gmt":"2025-10-12T20:21:20","slug":"flubromazepam-halfwaardetijd","status":"publish","type":"product","link":"https:\/\/researchchemicalhub.com\/fr\/shop\/b2b\/flubromazepam-halfwaardetijd\/","title":{"rendered":"Bo\u00eete de flubromaz\u00e9pam 10 mg"},"content":{"rendered":"<h2 data-start=\"3803\" data-end=\"3829\"><strong data-start=\"3806\" data-end=\"3829\">Description du produit<\/strong><\/h2>\n<p data-start=\"3831\" data-end=\"4136\"><strong data-start=\"3831\" data-end=\"3858\">Bo\u00eete de flubromaz\u00e9pam 10 mg<\/strong> est un <strong data-start=\"3866\" data-end=\"3920\">compos\u00e9 de benzodiaz\u00e9pine de puret\u00e9 de recherche<\/strong>, con\u00e7u pour <strong data-start=\"3937\" data-end=\"3991\">recherche m\u00e9dico-l\u00e9gale, pharmacologique et analytique<\/strong>Demi-vie du flubromaz\u00e9pam\u00a0<br data-start=\"3992\" data-end=\"3995\" \/>Il est souvent utilis\u00e9 comme <strong data-start=\"4023\" data-end=\"4046\">norme de r\u00e9f\u00e9rence<\/strong> pour l&#039;identification et l&#039;analyse des analogues des benzodiaz\u00e9pines en laboratoire.<\/p>\n<p data-start=\"4138\" data-end=\"4287\">Chaque bo\u00eete contient <strong data-start=\"4153\" data-end=\"4175\">10 mg de flubromaz\u00e9pam<\/strong>, soigneusement compos\u00e9 pour <strong data-start=\"4206\" data-end=\"4257\">coh\u00e9rence, puret\u00e9 et reproductibilit\u00e9<\/strong> dans les applications analytiques.<\/p>\n<p data-start=\"4289\" data-end=\"4425\">\u26a0\ufe0f <strong data-start=\"4292\" data-end=\"4303\">NB:<\/strong> Ce produit est <strong data-start=\"4319\" data-end=\"4368\">destin\u00e9 \u00e0 des fins de recherche uniquement<\/strong> et <strong data-start=\"4372\" data-end=\"4424\">ne convient pas \u00e0 l&#039;usage humain ou animal<\/strong>.<\/p>\n<hr data-start=\"4427\" data-end=\"4430\" \/>\n<h2 data-start=\"4432\" data-end=\"4462\"><strong data-start=\"4435\" data-end=\"4462\">Caract\u00e9ristiques principales<\/strong><\/h2>\n<ul data-start=\"4464\" data-end=\"4832\">\n<li data-start=\"4464\" data-end=\"4529\">\n<p data-start=\"4466\" data-end=\"4529\"><strong data-start=\"4466\" data-end=\"4486\">Haute puret\u00e9 :<\/strong> Fabriqu\u00e9 selon les normes de laboratoire.<\/p>\n<\/li>\n<li data-start=\"4530\" data-end=\"4601\">\n<p data-start=\"4532\" data-end=\"4601\"><strong data-start=\"4532\" data-end=\"4557\">Dosage pr\u00e9cis :<\/strong> 10 mg par bo\u00eete pour des r\u00e9sultats fiables.<\/p>\n<\/li>\n<li data-start=\"4602\" data-end=\"4675\">\n<p data-start=\"4604\" data-end=\"4675\"><strong data-start=\"4604\" data-end=\"4629\">Formulation stable :<\/strong> R\u00e9sistant \u00e0 la d\u00e9gradation avec un stockage appropri\u00e9.<\/p>\n<\/li>\n<li data-start=\"4676\" data-end=\"4746\">\n<p data-start=\"4678\" data-end=\"4746\"><strong data-start=\"4678\" data-end=\"4701\">Emballage s\u00fbr :<\/strong> Scell\u00e9 et prot\u00e9g\u00e9 de la contamination.<\/p>\n<\/li>\n<li data-start=\"4747\" data-end=\"4832\">\n<p data-start=\"4749\" data-end=\"4832\"><strong data-start=\"4749\" data-end=\"4776\">Conform\u00e9ment \u00e0 la r\u00e9glementation de l&#039;UE :<\/strong> Fabriqu\u00e9 selon les directives de s\u00e9curit\u00e9 europ\u00e9ennes.<\/p>\n<\/li>\n<\/ul>\n<hr data-start=\"4834\" data-end=\"4837\" \/>\n<h2 data-start=\"4839\" data-end=\"4873\"><strong data-start=\"4842\" data-end=\"4873\">Avantages pour les chercheurs<\/strong><\/h2>\n<ul data-start=\"4875\" data-end=\"5146\">\n<li data-start=\"4875\" data-end=\"4935\">\n<p data-start=\"4877\" data-end=\"4935\">Convient pour <strong data-start=\"4891\" data-end=\"4932\">recherche m\u00e9dico-l\u00e9gale et toxicologique<\/strong>.<\/p>\n<\/li>\n<li data-start=\"4936\" data-end=\"5009\">\n<p data-start=\"4938\" data-end=\"5009\">Soutient <strong data-start=\"4950\" data-end=\"4986\">d\u00e9veloppement de m\u00e9thodes analytiques<\/strong> (LC-MS, GC-MS, RMN). Demi-vie du flubromaz\u00e9pam<\/p>\n<\/li>\n<li data-start=\"5010\" data-end=\"5074\">\n<p data-start=\"5012\" data-end=\"5074\">Offres <strong data-start=\"5018\" data-end=\"5040\">\u00e9chantillons de r\u00e9f\u00e9rence<\/strong> \u00e0 des fins de comparaison et de validation.<\/p>\n<\/li>\n<li data-start=\"5075\" data-end=\"5146\">\n<p data-start=\"5077\" data-end=\"5146\">Pr\u00e9voit <strong data-start=\"5088\" data-end=\"5143\">r\u00e9sultats de recherche pr\u00e9cis et reproductibles<\/strong>.<\/p>\n<\/li>\n<\/ul>\n<hr data-start=\"5148\" data-end=\"5151\" \/>\n<h2 data-start=\"5153\" data-end=\"5187\"><strong data-start=\"5156\" data-end=\"5187\">Utilisation (Contexte de recherche)<\/strong><\/h2>\n<ol data-start=\"5189\" data-end=\"5406\">\n<li data-start=\"5189\" data-end=\"5234\">\n<p data-start=\"5192\" data-end=\"5234\">Utiliser uniquement dans des laboratoires accr\u00e9dit\u00e9s.<\/p>\n<\/li>\n<li data-start=\"5235\" data-end=\"5295\">\n<p data-start=\"5238\" data-end=\"5295\">Portez des gants, des lunettes de s\u00e9curit\u00e9 et une blouse de laboratoire.<\/p>\n<\/li>\n<li data-start=\"5296\" data-end=\"5343\">\n<p data-start=\"5299\" data-end=\"5343\">Conserver au frais, au sec et \u00e0 l&#039;abri de la lumi\u00e8re (moins de 25\u00b0C).<\/p>\n<\/li>\n<li data-start=\"5344\" data-end=\"5406\">\n<p data-start=\"5347\" data-end=\"5406\">\u00c9liminer les r\u00e9sidus conform\u00e9ment aux r\u00e9glementations de s\u00e9curit\u00e9 locales.<\/p>\n<\/li>\n<\/ol>\n<blockquote data-start=\"5408\" data-end=\"5501\">\n<p data-start=\"5410\" data-end=\"5501\"><strong data-start=\"5410\" data-end=\"5421\">NB:<\/strong> <em data-start=\"5422\" data-end=\"5447\">Bo\u00eete de flubromaz\u00e9pam 10 mg<\/em> est <strong data-start=\"5451\" data-end=\"5500\">destin\u00e9 \u00e0 des fins de recherche uniquement<\/strong>.<\/p>\n<\/blockquote>\n<hr data-start=\"5503\" data-end=\"5506\" \/>\n<h2 data-start=\"5508\" data-end=\"5542\"><strong data-start=\"5511\" data-end=\"5542\">Foire aux questions (FAQ)<\/strong><\/h2>\n<p data-start=\"5544\" data-end=\"5670\"><strong data-start=\"5544\" data-end=\"5589\">1. \u00c0 quoi sert le flubromaz\u00e9pam\u00a0?<\/strong><br data-start=\"5589\" data-end=\"5592\" \/>Pour <strong data-start=\"5597\" data-end=\"5635\">recherche analytique et m\u00e9dico-l\u00e9gale<\/strong> aux compos\u00e9s benzodiaz\u00e9pines.<\/p>\n<p data-start=\"5672\" data-end=\"5770\"><strong data-start=\"5672\" data-end=\"5701\">2. Combien contient une bo\u00eete ?<\/strong><br data-start=\"5701\" data-end=\"5704\" \/>Chaque bo\u00eete contient <strong data-start=\"5719\" data-end=\"5741\">10 mg de flubromaz\u00e9pam<\/strong> de qualit\u00e9 laboratoire.<\/p>\n<p data-start=\"5772\" data-end=\"5906\"><strong data-start=\"5772\" data-end=\"5822\">3. Puis-je acheter du Flubromazepam en tant que particulier ?<\/strong><br data-start=\"5822\" data-end=\"5825\" \/>Non, ce produit est uniquement disponible pour <strong data-start=\"5869\" data-end=\"5903\">institutions de recherche reconnues<\/strong>.<\/p>","protected":false},"excerpt":{"rendered":"<p>Description du produit Flubromazepam 10 MG Box est un compos\u00e9 de benzodiaz\u00e9pine de qualit\u00e9 recherche con\u00e7u pour la recherche m\u00e9dico-l\u00e9gale, pharmacologique et analytique. Demi-vie du flubromazepam Il est<\/p>","protected":false},"featured_media":21246,"comment_status":"closed","ping_status":"closed","template":"","meta":[],"product_brand":[82],"product_cat":[555],"product_tag":[139,140,142,141,143,326],"class_list":{"0":"post-24181","1":"product","2":"type-product","3":"status-publish","4":"has-post-thumbnail","6":"product_brand-research-chemical","7":"product_cat-b2b","8":"product_tag-flubromazepam-effects","9":"product_tag-flubromazepam-ervaring","10":"product_tag-flubromazepam-halfwaardetijd","11":"product_tag-flubromazepam-werking","12":"product_tag-how-to-test-flubromazepam-pellets","13":"product_tag-nl","15":"first","16":"instock","17":"taxable","18":"shipping-taxable","19":"purchasable","20":"product-type-variable"},"_links":{"self":[{"href":"https:\/\/researchchemicalhub.com\/fr\/wp-json\/wp\/v2\/product\/24181","targetHints":{"allow":["GET"]}}],"collection":[{"href":"https:\/\/researchchemicalhub.com\/fr\/wp-json\/wp\/v2\/product"}],"about":[{"href":"https:\/\/researchchemicalhub.com\/fr\/wp-json\/wp\/v2\/types\/product"}],"replies":[{"embeddable":true,"href":"https:\/\/researchchemicalhub.com\/fr\/wp-json\/wp\/v2\/comments?post=24181"}],"version-history":[{"count":4,"href":"https:\/\/researchchemicalhub.com\/fr\/wp-json\/wp\/v2\/product\/24181\/revisions"}],"predecessor-version":[{"id":27837,"href":"https:\/\/researchchemicalhub.com\/fr\/wp-json\/wp\/v2\/product\/24181\/revisions\/27837"}],"wp:featuredmedia":[{"embeddable":true,"href":"https:\/\/researchchemicalhub.com\/fr\/wp-json\/wp\/v2\/media\/21246"}],"wp:attachment":[{"href":"https:\/\/researchchemicalhub.com\/fr\/wp-json\/wp\/v2\/media?parent=24181"}],"wp:term":[{"taxonomy":"product_brand","embeddable":true,"href":"https:\/\/researchchemicalhub.com\/fr\/wp-json\/wp\/v2\/product_brand?post=24181"},{"taxonomy":"product_cat","embeddable":true,"href":"https:\/\/researchchemicalhub.com\/fr\/wp-json\/wp\/v2\/product_cat?post=24181"},{"taxonomy":"product_tag","embeddable":true,"href":"https:\/\/researchchemicalhub.com\/fr\/wp-json\/wp\/v2\/product_tag?post=24181"}],"curies":[{"name":"wp","href":"https:\/\/api.w.org\/{rel}","templated":true}]}}