{"id":24045,"date":"2025-10-20T11:40:56","date_gmt":"2025-10-20T11:40:56","guid":{"rendered":"https:\/\/researchchemicalhub.com\/?post_type=product&#038;p=24045"},"modified":"2025-10-29T08:33:46","modified_gmt":"2025-10-29T08:33:46","slug":"granules-damt-25-mg","status":"publish","type":"product","link":"https:\/\/researchchemicalhub.com\/fr\/boutique\/montant-2\/granules-damt-25-mg\/","title":{"rendered":"Granul\u00e9s aMT 25 mg"},"content":{"rendered":"<h3 data-start=\"5705\" data-end=\"5724\"><strong data-start=\"5709\" data-end=\"5724\">Introduction<\/strong><\/h3>\n<p data-start=\"5726\" data-end=\"6029\"><strong data-start=\"5726\" data-end=\"5746\">Granul\u00e9s aMT 25 mg<\/strong> sont <strong data-start=\"5752\" data-end=\"5799\">substances de recherche de qualit\u00e9 laboratoire<\/strong>, d\u00e9velopp\u00e9 pour <strong data-start=\"5817\" data-end=\"5861\">recherche analytique et scientifique<\/strong>.<br data-start=\"5862\" data-end=\"5865\" \/>Chaque pastille contient <strong data-start=\"5883\" data-end=\"5924\">25 milligrammes d&#039;\u03b1-m\u00e9thyltryptamine (aMT)<\/strong> \u2013 un analogue de la tryptamine \u00e9tudi\u00e9 pour ses <strong data-start=\"5984\" data-end=\"6026\">propri\u00e9t\u00e9s chimiques et structurelles<\/strong>. Granul\u00e9s aMT 25 mg<\/p>\n<p data-start=\"6031\" data-end=\"6229\">Produit sous <strong data-start=\"6050\" data-end=\"6091\">Normes BPL (Bonnes Pratiques de Laboratoire)<\/strong>, ces granul\u00e9s offrent <strong data-start=\"6113\" data-end=\"6163\">pr\u00e9cision, stabilit\u00e9 et r\u00e9p\u00e9tabilit\u00e9<\/strong>, id\u00e9al pour <strong data-start=\"6177\" data-end=\"6226\">\u00e9tudes chimiques, analytiques et r\u00e9ceptrices<\/strong>.<\/p>\n<blockquote data-start=\"6231\" data-end=\"6369\">\n<p data-start=\"6233\" data-end=\"6369\">\u26a0\ufe0f <strong data-start=\"6236\" data-end=\"6247\">NB:<\/strong> Ce produit est destin\u00e9 \u00e0 \u00eatre utilis\u00e9 uniquement <strong data-start=\"6288\" data-end=\"6313\">recherche en laboratoire<\/strong>Ne convient pas \u00e0 la consommation humaine ou animale.<\/p>\n<\/blockquote>\n<hr data-start=\"6371\" data-end=\"6374\" \/>\n<h3 data-start=\"6376\" data-end=\"6407\"><strong data-start=\"6380\" data-end=\"6407\">Caract\u00e9ristiques principales<\/strong><\/h3>\n<ul data-start=\"6409\" data-end=\"6891\">\n<li data-start=\"6409\" data-end=\"6486\">\n<p data-start=\"6411\" data-end=\"6486\"><strong data-start=\"6411\" data-end=\"6431\">Dosage exact :<\/strong> Chaque pastille contient <strong data-start=\"6450\" data-end=\"6483\">25 mg d&#039;\u03b1-m\u00e9thyltryptamine (aMT)<\/strong>.<\/p>\n<\/li>\n<li data-start=\"6487\" data-end=\"6577\">\n<p data-start=\"6489\" data-end=\"6577\"><strong data-start=\"6489\" data-end=\"6509\">Haute puret\u00e9 :<\/strong> Qualit\u00e9 analytique \u226599%, test\u00e9e dans des conditions de laboratoire.<\/p>\n<\/li>\n<li data-start=\"6578\" data-end=\"6670\">\n<p data-start=\"6580\" data-end=\"6670\"><strong data-start=\"6580\" data-end=\"6597\">Test\u00e9 par lots :<\/strong> Chaque lot de production est contr\u00f4l\u00e9 pour sa puret\u00e9 et sa stabilit\u00e9.<\/p>\n<\/li>\n<li data-start=\"6671\" data-end=\"6753\">\n<p data-start=\"6673\" data-end=\"6753\"><strong data-start=\"6673\" data-end=\"6697\">Forme de granul\u00e9s stable :<\/strong> Risque de contamination r\u00e9duit et facile \u00e0 manipuler.<\/p>\n<\/li>\n<li data-start=\"6754\" data-end=\"6822\">\n<p data-start=\"6756\" data-end=\"6822\"><strong data-start=\"6756\" data-end=\"6782\">Qualit\u00e9 du laboratoire :<\/strong> Produit selon les directives GLP. Granul\u00e9s aMT 25 mg<\/p>\n<\/li>\n<li data-start=\"6823\" data-end=\"6891\">\n<p data-start=\"6825\" data-end=\"6891\"><strong data-start=\"6825\" data-end=\"6848\">Emballage s\u00fbr :<\/strong> Scell\u00e9, herm\u00e9tique et r\u00e9sistant \u00e0 l&#039;humidit\u00e9.<\/p>\n<\/li>\n<\/ul>\n<hr data-start=\"6893\" data-end=\"6896\" \/>\n<h3 data-start=\"6898\" data-end=\"6915\"><strong data-start=\"6902\" data-end=\"6915\">Avantages<\/strong><\/h3>\n<ol data-start=\"6917\" data-end=\"7330\">\n<li data-start=\"6917\" data-end=\"7013\">\n<p data-start=\"6920\" data-end=\"7013\"><strong data-start=\"6920\" data-end=\"6955\">R\u00e9sultats de recherche constants :<\/strong> Des donn\u00e9es fiables et reproductibles dans chaque exp\u00e9rience.<\/p>\n<\/li>\n<li data-start=\"7014\" data-end=\"7101\">\n<p data-start=\"7017\" data-end=\"7101\"><strong data-start=\"7017\" data-end=\"7042\">Dosage pr\u00e9cis :<\/strong> 25 mg par pastille garantissent des conditions de recherche uniformes.<\/p>\n<\/li>\n<li data-start=\"7102\" data-end=\"7173\">\n<p data-start=\"7105\" data-end=\"7173\"><strong data-start=\"7105\" data-end=\"7127\">Manipulation s\u00fbre :<\/strong> La forme granul\u00e9e r\u00e9duit les risques lors de l&#039;utilisation.<\/p>\n<\/li>\n<li data-start=\"7174\" data-end=\"7249\">\n<p data-start=\"7177\" data-end=\"7249\"><strong data-start=\"7177\" data-end=\"7204\">Stabilit\u00e9 \u00e0 long terme :<\/strong> Reste chimiquement stable lorsqu&#039;il est correctement stock\u00e9.<\/p>\n<\/li>\n<li data-start=\"7250\" data-end=\"7330\">\n<p data-start=\"7253\" data-end=\"7330\"><strong data-start=\"7253\" data-end=\"7281\">Qualit\u00e9 professionnelle :<\/strong> Conforme aux normes internationales de laboratoire.<\/p>\n<\/li>\n<\/ol>\n<hr data-start=\"7332\" data-end=\"7335\" \/>\n<h3 data-start=\"7337\" data-end=\"7376\"><strong data-start=\"7341\" data-end=\"7376\">Utilisation (pour la recherche uniquement)<\/strong><\/h3>\n<ol data-start=\"7378\" data-end=\"7727\">\n<li data-start=\"7378\" data-end=\"7460\">\n<p data-start=\"7381\" data-end=\"7460\"><strong data-start=\"7381\" data-end=\"7411\">Porter des v\u00eatements de protection<\/strong> tels que des gants, une blouse de laboratoire et des lunettes de s\u00e9curit\u00e9.<\/p>\n<\/li>\n<li data-start=\"7461\" data-end=\"7536\">\n<p data-start=\"7464\" data-end=\"7536\"><strong data-start=\"7464\" data-end=\"7502\">Utiliser des instruments calibr\u00e9s<\/strong> pour une mesure et un pesage pr\u00e9cis.<\/p>\n<\/li>\n<li data-start=\"7537\" data-end=\"7609\">\n<p data-start=\"7540\" data-end=\"7609\"><strong data-start=\"7540\" data-end=\"7579\">Travailler dans un environnement contr\u00f4l\u00e9<\/strong> pour \u00e9viter la contamination.<\/p>\n<\/li>\n<li data-start=\"7610\" data-end=\"7668\">\n<p data-start=\"7613\" data-end=\"7668\"><strong data-start=\"7613\" data-end=\"7643\">Conserver les granul\u00e9s non utilis\u00e9s<\/strong> frais, sec et sombre.<\/p>\n<\/li>\n<li data-start=\"7669\" data-end=\"7727\">\n<p data-start=\"7672\" data-end=\"7727\"><strong data-start=\"7672\" data-end=\"7691\">\u00c9liminer les d\u00e9chets<\/strong> conform\u00e9ment aux r\u00e8gles de s\u00e9curit\u00e9.<\/p>\n<\/li>\n<\/ol>\n<blockquote data-start=\"7729\" data-end=\"7806\">\n<p data-start=\"7731\" data-end=\"7806\">\u2697\ufe0f <strong data-start=\"7734\" data-end=\"7806\">R\u00e9serv\u00e9 aux tests en laboratoire \u2013 non destin\u00e9 \u00e0 la consommation humaine.<\/strong><\/p>\n<\/blockquote>\n<hr data-start=\"7808\" data-end=\"7811\" \/>\n<h3 data-start=\"7813\" data-end=\"7838\"><strong data-start=\"7817\" data-end=\"7838\">Instructions de stockage<\/strong><\/h3>\n<ul data-start=\"7840\" data-end=\"8046\">\n<li data-start=\"7840\" data-end=\"7908\">\n<p data-start=\"7842\" data-end=\"7908\">\u00c9conomisez sur <strong data-start=\"7853\" data-end=\"7864\">15\u201325 \u00b0C<\/strong>, sur un <strong data-start=\"7873\" data-end=\"7905\">endroit frais, sec et sombre<\/strong>.<\/p>\n<\/li>\n<li data-start=\"7909\" data-end=\"7952\">\n<p data-start=\"7911\" data-end=\"7952\">Conserver l&#039;emballage <strong data-start=\"7930\" data-end=\"7949\">bien ferm\u00e9<\/strong>.<\/p>\n<\/li>\n<li data-start=\"7953\" data-end=\"8003\">\n<p data-start=\"7955\" data-end=\"8003\">\u00c9viter tout contact avec <strong data-start=\"7975\" data-end=\"8000\">lumi\u00e8re, humidit\u00e9 et chaleur<\/strong>.<\/p>\n<\/li>\n<li data-start=\"8004\" data-end=\"8046\">\n<p data-start=\"8006\" data-end=\"8046\">Tenir hors de port\u00e9e des personnes non autoris\u00e9es.<\/p>\n<\/li>\n<\/ul>\n<hr data-start=\"8048\" data-end=\"8051\" \/>\n<h3 data-start=\"8053\" data-end=\"8088\"><strong data-start=\"8057\" data-end=\"8088\">Foire aux questions (FAQ)<\/strong><\/h3>\n<p data-start=\"8090\" data-end=\"8233\"><strong data-start=\"8090\" data-end=\"8130\">1. \u00c0 quoi sert l&#039;aMT 25 mg ?<\/strong><br data-start=\"8130\" data-end=\"8133\" \/>Pour <strong data-start=\"8138\" data-end=\"8182\">recherche scientifique et analytique<\/strong> aux analogues de la tryptamine et aux interactions des r\u00e9cepteurs.<\/p>\n<p data-start=\"8235\" data-end=\"8404\"><strong data-start=\"8235\" data-end=\"8282\">2. Ce produit est-il propre \u00e0 la consommation ?<\/strong><br data-start=\"8282\" data-end=\"8285\" \/>Non. <strong data-start=\"8290\" data-end=\"8310\">Granul\u00e9s aMT 25 mg<\/strong> sont <strong data-start=\"8316\" data-end=\"8366\">destin\u00e9 uniquement \u00e0 la recherche en laboratoire<\/strong> et non destin\u00e9 \u00e0 la consommation humaine.<\/p>\n<p data-start=\"8406\" data-end=\"8551\"><strong data-start=\"8406\" data-end=\"8447\">3. Comment conserver correctement le produit ?<\/strong><br data-start=\"8447\" data-end=\"8450\" \/>Gardez-le dans un <strong data-start=\"8468\" data-end=\"8514\">environnement frais, sec et sombre (15\u201325 \u00b0C)<\/strong> dans un r\u00e9cipient bien ferm\u00e9.<\/p>\n<hr data-start=\"8553\" data-end=\"8556\" \/>\n<h3 data-start=\"8558\" data-end=\"8575\"><strong data-start=\"8562\" data-end=\"8575\">Conclusion<\/strong><\/h3>\n<p data-start=\"8577\" data-end=\"8809\"><strong data-start=\"8577\" data-end=\"8597\">Granul\u00e9s aMT 25 mg<\/strong> offre <strong data-start=\"8605\" data-end=\"8671\">dosage pr\u00e9cis, haute puret\u00e9 et stabilit\u00e9 chimique<\/strong>, id\u00e9al pour la recherche analytique professionnelle. Parfait pour les laboratoires traitant <strong data-start=\"8771\" data-end=\"8806\">\u00e9tudes li\u00e9es \u00e0 la tryptamine<\/strong>.<\/p>","protected":false},"excerpt":{"rendered":"<h3><span style=\"vertical-align: inherit;\"><span style=\"vertical-align: inherit;\">propri\u00e9t\u00e9s aMT<\/span><\/span><\/h3>\n<p><strong><span style=\"vertical-align: inherit;\"><span style=\"vertical-align: inherit;\">Synonyme:<\/span><\/span><\/strong><span style=\"vertical-align: inherit;\"><span style=\"vertical-align: inherit;\"> alpha-m\u00e9thyltryptamine <\/span><\/span><br \/>\n<strong><span style=\"vertical-align: inherit;\"><span style=\"vertical-align: inherit;\">Num\u00e9ro CAS :<\/span><\/span><\/strong><span style=\"vertical-align: inherit;\"><span style=\"vertical-align: inherit;\"> 299-26-3 <\/span><\/span><br \/>\n<strong><span style=\"vertical-align: inherit;\"><span style=\"vertical-align: inherit;\">Formule:<\/span><\/span><\/strong><span style=\"vertical-align: inherit;\"><span style=\"vertical-align: inherit;\"> C11H14N2 <\/span><\/span><br \/>\n<strong><span style=\"vertical-align: inherit;\"><span style=\"vertical-align: inherit;\">Masse molaire :<\/span><\/span><\/strong><span style=\"vertical-align: inherit;\"><span style=\"vertical-align: inherit;\"> 174,247 g mol\u22121 <\/span><\/span><br \/>\n<strong><span style=\"vertical-align: inherit;\"><span style=\"vertical-align: inherit;\">Puret\u00e9:<\/span><\/span><\/strong><span style=\"vertical-align: inherit;\"><span style=\"vertical-align: inherit;\"> &gt;98%<\/span><\/span><\/p>","protected":false},"featured_media":28479,"comment_status":"closed","ping_status":"closed","template":"","meta":[],"product_brand":[],"product_cat":[404,485,324,381],"product_tag":[1100,326],"class_list":{"0":"post-24045","1":"product","2":"type-product","3":"status-publish","4":"has-post-thumbnail","6":"product_cat-amt","7":"product_cat-amt-pellets","8":"product_cat-pellets-for-pellet","9":"product_cat-tryptamines","10":"product_tag-amt-25mg-pellets","11":"product_tag-nl","13":"first","14":"instock","15":"taxable","16":"shipping-taxable","17":"purchasable","18":"product-type-variable"},"_links":{"self":[{"href":"https:\/\/researchchemicalhub.com\/fr\/wp-json\/wp\/v2\/product\/24045","targetHints":{"allow":["GET"]}}],"collection":[{"href":"https:\/\/researchchemicalhub.com\/fr\/wp-json\/wp\/v2\/product"}],"about":[{"href":"https:\/\/researchchemicalhub.com\/fr\/wp-json\/wp\/v2\/types\/product"}],"replies":[{"embeddable":true,"href":"https:\/\/researchchemicalhub.com\/fr\/wp-json\/wp\/v2\/comments?post=24045"}],"version-history":[{"count":5,"href":"https:\/\/researchchemicalhub.com\/fr\/wp-json\/wp\/v2\/product\/24045\/revisions"}],"predecessor-version":[{"id":27891,"href":"https:\/\/researchchemicalhub.com\/fr\/wp-json\/wp\/v2\/product\/24045\/revisions\/27891"}],"wp:featuredmedia":[{"embeddable":true,"href":"https:\/\/researchchemicalhub.com\/fr\/wp-json\/wp\/v2\/media\/28479"}],"wp:attachment":[{"href":"https:\/\/researchchemicalhub.com\/fr\/wp-json\/wp\/v2\/media?parent=24045"}],"wp:term":[{"taxonomy":"product_brand","embeddable":true,"href":"https:\/\/researchchemicalhub.com\/fr\/wp-json\/wp\/v2\/product_brand?post=24045"},{"taxonomy":"product_cat","embeddable":true,"href":"https:\/\/researchchemicalhub.com\/fr\/wp-json\/wp\/v2\/product_cat?post=24045"},{"taxonomy":"product_tag","embeddable":true,"href":"https:\/\/researchchemicalhub.com\/fr\/wp-json\/wp\/v2\/product_tag?post=24045"}],"curies":[{"name":"wp","href":"https:\/\/api.w.org\/{rel}","templated":true}]}}