{"id":23975,"date":"2025-04-13T17:40:48","date_gmt":"2025-04-13T17:40:48","guid":{"rendered":"https:\/\/researchchemicalhub.com\/?post_type=product&#038;p=23975"},"modified":"2025-10-30T07:44:23","modified_gmt":"2025-10-30T07:44:23","slug":"2-granules-mmc-220-mg","status":"publish","type":"product","link":"https:\/\/researchchemicalhub.com\/fr\/boutique\/2-mmc-2-methylmethcathinone\/2-granules-mmc-220-mg\/","title":{"rendered":"Granul\u00e9s de 2-MMC 220 mg"},"content":{"rendered":"<h3 data-start=\"558\" data-end=\"577\"><strong data-start=\"562\" data-end=\"577\">Introduction<\/strong><\/h3>\n<p data-start=\"579\" data-end=\"915\"><strong data-start=\"579\" data-end=\"602\">Granul\u00e9s de 2-MMC 220 mg<\/strong> sont <strong data-start=\"608\" data-end=\"655\">substances de recherche de qualit\u00e9 laboratoire<\/strong>, con\u00e7u pour <strong data-start=\"672\" data-end=\"728\">recherche scientifique, analytique et m\u00e9dico-l\u00e9gale<\/strong>. Granul\u00e9s de 2 mmc<br data-start=\"729\" data-end=\"732\" \/>Chaque pastille contient <strong data-start=\"750\" data-end=\"772\">220 milligrammes (mg)<\/strong> <strong data-start=\"773\" data-end=\"805\">2-m\u00e9thylm\u00e9thcathinone (2-MMC)<\/strong> \u2013 un compos\u00e9 synth\u00e9tique issu du <strong data-start=\"843\" data-end=\"861\">classe des cathinones<\/strong>, structurellement apparent\u00e9 \u00e0 d\u2019autres \u03b2-c\u00e9to amph\u00e9tamines.<\/p>\n<p data-start=\"917\" data-end=\"1172\">Produit selon <strong data-start=\"938\" data-end=\"972\">Bonnes pratiques de laboratoire (BPL)<\/strong>-normes, ces granul\u00e9s fournissent <strong data-start=\"1001\" data-end=\"1020\">Puret\u00e9 \u226599%<\/strong>, <strong data-start=\"1022\" data-end=\"1047\">stabilit\u00e9 chimique<\/strong> et <strong data-start=\"1051\" data-end=\"1073\">coh\u00e9rence des lots<\/strong>.<br data-start=\"1074\" data-end=\"1077\" \/>Ils sont id\u00e9aux pour <strong data-start=\"1097\" data-end=\"1169\">chimie analytique, analyses structurales et applications m\u00e9dico-l\u00e9gales<\/strong>.<\/p>\n<blockquote data-start=\"1174\" data-end=\"1318\">\n<p data-start=\"1176\" data-end=\"1318\">\u26a0\ufe0f <strong data-start=\"1179\" data-end=\"1190\">NB:<\/strong> Ce produit est <strong data-start=\"1206\" data-end=\"1256\">destin\u00e9 uniquement \u00e0 la recherche en laboratoire<\/strong> et <strong data-start=\"1260\" data-end=\"1317\">ne convient pas \u00e0 la consommation humaine ou animale<\/strong>.<\/p>\n<\/blockquote>\n<hr data-start=\"1320\" data-end=\"1323\" \/>\n<h3 data-start=\"1325\" data-end=\"1356\"><strong data-start=\"1329\" data-end=\"1356\">Caract\u00e9ristiques principales<\/strong><\/h3>\n<ul data-start=\"1358\" data-end=\"1960\">\n<li data-start=\"1358\" data-end=\"1470\">\n<p data-start=\"1360\" data-end=\"1470\"><strong data-start=\"1360\" data-end=\"1392\">Haute puret\u00e9 analytique :<\/strong> Puret\u00e9 \u226599%, test\u00e9e par des m\u00e9thodes chromatographiques et spectroscopiques.<\/p>\n<\/li>\n<li data-start=\"1471\" data-end=\"1573\">\n<p data-start=\"1473\" data-end=\"1573\"><strong data-start=\"1473\" data-end=\"1493\">Dosage exact :<\/strong> Chaque pastille contient <strong data-start=\"1512\" data-end=\"1527\">220 mg de 2-MMC<\/strong>, ce qui garantit des r\u00e9sultats reproductibles.<\/p>\n<\/li>\n<li data-start=\"1574\" data-end=\"1668\">\n<p data-start=\"1576\" data-end=\"1668\"><strong data-start=\"1576\" data-end=\"1597\">Chimiquement stable :<\/strong> Con\u00e7u pour une longue dur\u00e9e de conservation dans des conditions de stockage appropri\u00e9es.<\/p>\n<\/li>\n<li data-start=\"1669\" data-end=\"1775\">\n<p data-start=\"1671\" data-end=\"1775\"><strong data-start=\"1671\" data-end=\"1705\">Production certifi\u00e9e BPL :<\/strong> Fabriqu\u00e9 sous des normes strictes <strong data-start=\"1732\" data-end=\"1760\">Bonnes pratiques de laboratoire<\/strong>-lignes directrices.<\/p>\n<\/li>\n<li data-start=\"1776\" data-end=\"1865\">\n<p data-start=\"1778\" data-end=\"1865\"><strong data-start=\"1778\" data-end=\"1795\">Test\u00e9 par lots :<\/strong> Chaque lot a \u00e9t\u00e9 v\u00e9rifi\u00e9 quant \u00e0 son identit\u00e9, sa structure et sa composition.<\/p>\n<\/li>\n<li data-start=\"1866\" data-end=\"1960\">\n<p data-start=\"1868\" data-end=\"1960\"><strong data-start=\"1868\" data-end=\"1891\">Emballage s\u00fbr :<\/strong> Contenants herm\u00e9tiques et r\u00e9sistants \u00e0 l&#039;humidit\u00e9 pour une protection optimale.<\/p>\n<\/li>\n<\/ul>\n<hr data-start=\"1962\" data-end=\"1965\" \/>\n<h3 data-start=\"1967\" data-end=\"1984\"><strong data-start=\"1971\" data-end=\"1984\">Avantages<\/strong><\/h3>\n<ol data-start=\"1986\" data-end=\"2434\">\n<li data-start=\"1986\" data-end=\"2088\">\n<p data-start=\"1989\" data-end=\"2088\"><strong data-start=\"1989\" data-end=\"2026\">R\u00e9sultats de recherche fiables :<\/strong> Une puret\u00e9 \u00e9lev\u00e9e garantit des donn\u00e9es coh\u00e9rentes et pr\u00e9cises.<\/p>\n<\/li>\n<li data-start=\"2089\" data-end=\"2164\">\n<p data-start=\"2092\" data-end=\"2164\"><strong data-start=\"2092\" data-end=\"2119\">Stabilit\u00e9 \u00e0 long terme :<\/strong> R\u00e9sistant \u00e0 la d\u00e9composition lorsqu&#039;il est stock\u00e9 correctement.<\/p>\n<\/li>\n<li data-start=\"2165\" data-end=\"2255\">\n<p data-start=\"2168\" data-end=\"2255\"><strong data-start=\"2168\" data-end=\"2190\">Manipulation s\u00fbre :<\/strong> La forme des granul\u00e9s minimise le risque de contamination lors de l&#039;utilisation.<\/p>\n<\/li>\n<li data-start=\"2256\" data-end=\"2336\">\n<p data-start=\"2259\" data-end=\"2336\"><strong data-start=\"2259\" data-end=\"2283\">Dosage simple :<\/strong> 220 mg par pastille pour une pr\u00e9cision de mesure maximale.<\/p>\n<\/li>\n<li data-start=\"2337\" data-end=\"2434\">\n<p data-start=\"2340\" data-end=\"2434\"><strong data-start=\"2340\" data-end=\"2368\">Qualit\u00e9 professionnelle :<\/strong> Convient pour <strong data-start=\"2383\" data-end=\"2431\">recherche analytique, chimique et m\u00e9dico-l\u00e9gale<\/strong>.<\/p>\n<\/li>\n<\/ol>\n<hr data-start=\"2436\" data-end=\"2439\" \/>\n<h3 data-start=\"2441\" data-end=\"2480\"><strong data-start=\"2445\" data-end=\"2480\">Utilisation (pour la recherche uniquement)<\/strong><\/h3>\n<ol data-start=\"2482\" data-end=\"2853\">\n<li data-start=\"2482\" data-end=\"2568\">\n<p data-start=\"2485\" data-end=\"2568\"><strong data-start=\"2485\" data-end=\"2515\">Porter des v\u00eatements de protection<\/strong> comme des gants, des lunettes de s\u00e9curit\u00e9 et une blouse de laboratoire.<\/p>\n<\/li>\n<li data-start=\"2569\" data-end=\"2640\">\n<p data-start=\"2572\" data-end=\"2640\"><strong data-start=\"2572\" data-end=\"2614\">Utiliser des instruments de mesure calibr\u00e9s<\/strong> pour des r\u00e9sultats exacts.<\/p>\n<\/li>\n<li data-start=\"2641\" data-end=\"2706\">\n<p data-start=\"2644\" data-end=\"2706\"><strong data-start=\"2644\" data-end=\"2682\">Enregistrer les informations sur le lot et l&#039;\u00e9chantillon<\/strong> pour la tra\u00e7abilit\u00e9.<\/p>\n<\/li>\n<li data-start=\"2707\" data-end=\"2774\">\n<p data-start=\"2710\" data-end=\"2774\"><strong data-start=\"2710\" data-end=\"2728\">Ex\u00e9cuter des tests<\/strong> dans un environnement de laboratoire contr\u00f4l\u00e9.<\/p>\n<\/li>\n<li data-start=\"2775\" data-end=\"2853\">\n<p data-start=\"2778\" data-end=\"2853\"><strong data-start=\"2778\" data-end=\"2804\">\u00c9liminer les d\u00e9chets<\/strong> conform\u00e9ment aux r\u00e9glementations en vigueur en mati\u00e8re de s\u00e9curit\u00e9 et d&#039;environnement.<\/p>\n<\/li>\n<\/ol>\n<blockquote data-start=\"2855\" data-end=\"2972\">\n<p data-start=\"2857\" data-end=\"2972\">\u2697\ufe0f <strong data-start=\"2860\" data-end=\"2972\">R\u00e9serv\u00e9 \u00e0 la recherche scientifique et analytique \u2013 non destin\u00e9 \u00e0 la consommation humaine ou animale.<\/strong><\/p>\n<\/blockquote>\n<hr data-start=\"2974\" data-end=\"2977\" \/>\n<h3 data-start=\"2979\" data-end=\"3004\"><strong data-start=\"2983\" data-end=\"3004\">Instructions de stockage<\/strong><\/h3>\n<ul data-start=\"3006\" data-end=\"3234\">\n<li data-start=\"3006\" data-end=\"3074\">\n<p data-start=\"3008\" data-end=\"3074\">\u00c9conomisez sur <strong data-start=\"3019\" data-end=\"3028\">2\u20138\u00b0C<\/strong>, sur un <strong data-start=\"3037\" data-end=\"3071\">endroit frais, sec et sombre<\/strong>.<\/p>\n<\/li>\n<li data-start=\"3075\" data-end=\"3144\">\n<p data-start=\"3077\" data-end=\"3144\">Gardez le contenant <strong data-start=\"3095\" data-end=\"3114\">bien ferm\u00e9<\/strong> pour \u00e9viter la contamination.<\/p>\n<\/li>\n<li data-start=\"3145\" data-end=\"3191\">\n<p data-start=\"3147\" data-end=\"3191\">Prot\u00e9ger contre <strong data-start=\"3162\" data-end=\"3188\">lumi\u00e8re, chaleur et humidit\u00e9<\/strong>.<\/p>\n<\/li>\n<li data-start=\"3192\" data-end=\"3234\">\n<p data-start=\"3194\" data-end=\"3234\">Tenir hors de port\u00e9e des personnes non autoris\u00e9es.<\/p>\n<\/li>\n<\/ul>\n<hr data-start=\"3236\" data-end=\"3239\" \/>\n<h3 data-start=\"3241\" data-end=\"3276\"><strong data-start=\"3245\" data-end=\"3276\">Foire aux questions (FAQ)<\/strong><\/h3>\n<p data-start=\"3278\" data-end=\"3478\"><strong data-start=\"3278\" data-end=\"3321\">1. \u00c0 quoi sert le 2-MMC 220 mg ?<\/strong><br data-start=\"3321\" data-end=\"3324\" \/>Les granul\u00e9s 2-MMC 220 mg sont utilis\u00e9s pour <strong data-start=\"3365\" data-end=\"3403\">recherche analytique et m\u00e9dico-l\u00e9gale<\/strong>, principalement ax\u00e9 sur <strong data-start=\"3423\" data-end=\"3475\">d\u00e9riv\u00e9s de la cathinone et \u00e9tudes de structure chimique<\/strong>. Granul\u00e9s de 2 mmc<\/p>\n<p data-start=\"3480\" data-end=\"3674\"><strong data-start=\"3480\" data-end=\"3532\">2. Le 2-MMC est-il adapt\u00e9 \u00e0 la consommation humaine ?<\/strong><br data-start=\"3532\" data-end=\"3535\" \/>Non. <strong data-start=\"3540\" data-end=\"3563\">Granul\u00e9s de 2-MMC 220 mg<\/strong> sont <strong data-start=\"3569\" data-end=\"3619\">destin\u00e9 uniquement \u00e0 la recherche en laboratoire<\/strong> et <strong data-start=\"3623\" data-end=\"3671\">non destin\u00e9 \u00e0 la consommation humaine ou animale<\/strong>.<\/p>\n<p data-start=\"3676\" data-end=\"3859\"><strong data-start=\"3676\" data-end=\"3709\">3. Comment dois-je conserver le 2-MMC ?<\/strong><br data-start=\"3709\" data-end=\"3712\" \/>\u00c9conomisez sur <strong data-start=\"3723\" data-end=\"3732\">2\u20138\u00b0C<\/strong>, sur un <strong data-start=\"3741\" data-end=\"3775\">endroit frais, sec et sombre<\/strong>, dans le r\u00e9cipient herm\u00e9tique d&#039;origine pour maintenir la puret\u00e9 et la stabilit\u00e9.<\/p>\n<hr data-start=\"3861\" data-end=\"3864\" \/>\n<h3 data-start=\"3866\" data-end=\"3898\"><strong data-start=\"3870\" data-end=\"3898\">Sp\u00e9cifications techniques<\/strong><\/h3>\n<div class=\"_tableContainer_1rjym_1\">\n<div class=\"group _tableWrapper_1rjym_13 flex w-fit flex-col-reverse\" tabindex=\"-1\">\n<table class=\"w-fit min-w-(--thread-content-width)\" data-start=\"3900\" data-end=\"4436\">\n<thead data-start=\"3900\" data-end=\"3932\">\n<tr data-start=\"3900\" data-end=\"3932\">\n<th data-start=\"3900\" data-end=\"3917\" data-col-size=\"sm\"><strong data-start=\"3902\" data-end=\"3916\">Caract\u00e9ristiques<\/strong><\/th>\n<th data-start=\"3917\" data-end=\"3932\" data-col-size=\"sm\"><strong data-start=\"3919\" data-end=\"3930\">D\u00e9tails<\/strong><\/th>\n<\/tr>\n<\/thead>\n<tbody data-start=\"3967\" data-end=\"4436\">\n<tr data-start=\"3967\" data-end=\"4008\">\n<td data-start=\"3967\" data-end=\"3985\" data-col-size=\"sm\"><strong data-start=\"3969\" data-end=\"3984\">Nom du produit<\/strong><\/td>\n<td data-start=\"3985\" data-end=\"4008\" data-col-size=\"sm\">Granul\u00e9s de 2-MMC 220 mg<\/td>\n<\/tr>\n<tr data-start=\"4009\" data-end=\"4054\">\n<td data-start=\"4009\" data-end=\"4030\" data-col-size=\"sm\"><strong data-start=\"4011\" data-end=\"4029\">Nom chimique<\/strong><\/td>\n<td data-start=\"4030\" data-end=\"4054\" data-col-size=\"sm\">2-m\u00e9thylm\u00e9thcathinone<\/td>\n<\/tr>\n<tr data-start=\"4055\" data-end=\"4091\">\n<td data-start=\"4055\" data-end=\"4079\" data-col-size=\"sm\"><strong data-start=\"4057\" data-end=\"4078\">Formule chimique<\/strong><\/td>\n<td data-start=\"4079\" data-end=\"4091\" data-col-size=\"sm\">C11H15NO<\/td>\n<\/tr>\n<tr data-start=\"4092\" data-end=\"4130\">\n<td data-start=\"4092\" data-end=\"4114\" data-col-size=\"sm\"><strong data-start=\"4094\" data-end=\"4113\">Poids mol\u00e9culaire<\/strong><\/td>\n<td data-start=\"4114\" data-end=\"4130\" data-col-size=\"sm\">177,24 g\/mol<\/td>\n<\/tr>\n<tr data-start=\"4131\" data-end=\"4166\">\n<td data-start=\"4131\" data-end=\"4157\" data-col-size=\"sm\"><strong data-start=\"4133\" data-end=\"4156\">Dosage par pastille<\/strong><\/td>\n<td data-start=\"4157\" data-end=\"4166\" data-col-size=\"sm\">220 mg<\/td>\n<\/tr>\n<tr data-start=\"4167\" data-end=\"4216\">\n<td data-start=\"4167\" data-end=\"4184\" data-col-size=\"sm\"><strong data-start=\"4169\" data-end=\"4183\">Puret\u00e9<\/strong><\/td>\n<td data-start=\"4184\" data-end=\"4216\" data-col-size=\"sm\">\u226599% (qualit\u00e9 analytique)<\/td>\n<\/tr>\n<tr data-start=\"4217\" data-end=\"4272\">\n<td data-start=\"4217\" data-end=\"4240\" data-col-size=\"sm\"><strong data-start=\"4219\" data-end=\"4239\">Classe chimique<\/strong><\/td>\n<td data-start=\"4240\" data-end=\"4272\" data-col-size=\"sm\">Cathinone \/ \u03b2-c\u00e9to amph\u00e9tamine<\/td>\n<\/tr>\n<tr data-start=\"4273\" data-end=\"4333\">\n<td data-start=\"4273\" data-end=\"4290\" data-col-size=\"sm\"><strong data-start=\"4275\" data-end=\"4289\">Application<\/strong><\/td>\n<td data-start=\"4290\" data-end=\"4333\" data-col-size=\"sm\">Recherche scientifique \/ analytique<\/td>\n<\/tr>\n<tr data-start=\"4334\" data-end=\"4381\">\n<td data-start=\"4334\" data-end=\"4356\" data-col-size=\"sm\"><strong data-start=\"4336\" data-end=\"4355\">Conditions de stockage<\/strong><\/td>\n<td data-start=\"4356\" data-end=\"4381\" data-col-size=\"sm\">2\u20138 \u00b0C, sec et sombre<\/td>\n<\/tr>\n<tr data-start=\"4382\" data-end=\"4436\">\n<td data-start=\"4382\" data-end=\"4399\" data-col-size=\"sm\"><strong data-start=\"4384\" data-end=\"4398\">Conditionnement<\/strong><\/td>\n<td data-start=\"4399\" data-end=\"4436\" data-col-size=\"sm\">R\u00e9cipient herm\u00e9tique et scell\u00e9<\/td>\n<\/tr>\n<\/tbody>\n<\/table>\n<\/div>\n<\/div>\n<hr data-start=\"4438\" data-end=\"4441\" \/>\n<h3 data-start=\"4443\" data-end=\"4460\"><strong data-start=\"4447\" data-end=\"4460\">Conclusion<\/strong><\/h3>\n<p data-start=\"4462\" data-end=\"4782\"><strong data-start=\"4462\" data-end=\"4485\">Granul\u00e9s de 2-MMC 220 mg<\/strong> sont <strong data-start=\"4491\" data-end=\"4537\">substances de recherche de la plus haute qualit\u00e9<\/strong>, d\u00e9velopp\u00e9 pour <strong data-start=\"4555\" data-end=\"4607\">recherche analytique et m\u00e9dico-l\u00e9gale professionnelle<\/strong>.<br data-start=\"4608\" data-end=\"4611\" \/>Merci \u00e0 eux <strong data-start=\"4623\" data-end=\"4674\">stabilit\u00e9, puret\u00e9 et dosage pr\u00e9cis<\/strong> Ils sont id\u00e9aux pour les laboratoires traitant <strong data-start=\"4732\" data-end=\"4779\">analyses chimiques des compos\u00e9s de cathinone<\/strong>.<\/p>","protected":false},"excerpt":{"rendered":"<h2><span dir=\"auto\" style=\"vertical-align: inherit;\"><span dir=\"auto\" style=\"vertical-align: inherit;\"><span dir=\"auto\" style=\"vertical-align: inherit;\"><span dir=\"auto\" style=\"vertical-align: inherit;\">Propri\u00e9t\u00e9s du 2-MMC<\/span><\/span><\/span><\/span><\/h2>\n<p><strong><span dir=\"auto\" style=\"vertical-align: inherit;\"><span dir=\"auto\" style=\"vertical-align: inherit;\"><span dir=\"auto\" style=\"vertical-align: inherit;\"><span dir=\"auto\" style=\"vertical-align: inherit;\">Num\u00e9ro CAS<\/span><\/span><\/span><\/span><\/strong><span dir=\"auto\" style=\"vertical-align: inherit;\"><span dir=\"auto\" style=\"vertical-align: inherit;\"><span dir=\"auto\" style=\"vertical-align: inherit;\"><span dir=\"auto\" style=\"vertical-align: inherit;\"> : 1246911-71-6 <\/span><\/span><\/span><\/span><br \/>\n<strong><span dir=\"auto\" style=\"vertical-align: inherit;\"><span dir=\"auto\" style=\"vertical-align: inherit;\"><span dir=\"auto\" style=\"vertical-align: inherit;\"><span dir=\"auto\" style=\"vertical-align: inherit;\">Formule<\/span><\/span><\/span><\/span><\/strong><span dir=\"auto\" style=\"vertical-align: inherit;\"><span dir=\"auto\" style=\"vertical-align: inherit;\"><span dir=\"auto\" style=\"vertical-align: inherit;\"><span dir=\"auto\" style=\"vertical-align: inherit;\"> : C11h15NO \u2022 HCL <\/span><\/span><\/span><\/span><br \/>\n<strong><span dir=\"auto\" style=\"vertical-align: inherit;\"><span dir=\"auto\" style=\"vertical-align: inherit;\"><span dir=\"auto\" style=\"vertical-align: inherit;\"><span dir=\"auto\" style=\"vertical-align: inherit;\">Masse molaire<\/span><\/span><\/span><\/span><\/strong><span dir=\"auto\" style=\"vertical-align: inherit;\"><span dir=\"auto\" style=\"vertical-align: inherit;\"><span dir=\"auto\" style=\"vertical-align: inherit;\"><span dir=\"auto\" style=\"vertical-align: inherit;\"> : 177.247 <\/span><\/span><\/span><\/span><br \/>\n<strong><span dir=\"auto\" style=\"vertical-align: inherit;\"><span dir=\"auto\" style=\"vertical-align: inherit;\"><span dir=\"auto\" style=\"vertical-align: inherit;\"><span dir=\"auto\" style=\"vertical-align: inherit;\">Puret\u00e9<\/span><\/span><\/span><\/span><\/strong><span dir=\"auto\" style=\"vertical-align: inherit;\"><span dir=\"auto\" style=\"vertical-align: inherit;\"><span dir=\"auto\" style=\"vertical-align: inherit;\"><span dir=\"auto\" style=\"vertical-align: inherit;\"> : \u226599%<\/span><\/span><\/span><\/span><\/p>","protected":false},"featured_media":28391,"comment_status":"closed","ping_status":"closed","template":"","meta":[],"product_brand":[82],"product_cat":[372,463,322,79,324],"product_tag":[83,679,652,678,326],"class_list":{"0":"post-23975","1":"product","2":"type-product","3":"status-publish","4":"has-post-thumbnail","6":"product_brand-research-chemical","7":"product_cat-2-mmc-kopen","8":"product_cat-2-mmc-pellets","9":"product_cat-bijna-verboden","10":"product_cat-cathinonen","11":"product_cat-pellets-for-pellet","12":"product_tag-2-mmc-kopen","13":"product_tag-2-mmc-pellets","14":"product_tag-2-mmc-pellets-kopen","15":"product_tag-2mmc-pellets","16":"product_tag-nl","18":"first","19":"instock","20":"taxable","21":"shipping-taxable","22":"purchasable","23":"product-type-variable"},"_links":{"self":[{"href":"https:\/\/researchchemicalhub.com\/fr\/wp-json\/wp\/v2\/product\/23975","targetHints":{"allow":["GET"]}}],"collection":[{"href":"https:\/\/researchchemicalhub.com\/fr\/wp-json\/wp\/v2\/product"}],"about":[{"href":"https:\/\/researchchemicalhub.com\/fr\/wp-json\/wp\/v2\/types\/product"}],"replies":[{"embeddable":true,"href":"https:\/\/researchchemicalhub.com\/fr\/wp-json\/wp\/v2\/comments?post=23975"}],"version-history":[{"count":5,"href":"https:\/\/researchchemicalhub.com\/fr\/wp-json\/wp\/v2\/product\/23975\/revisions"}],"predecessor-version":[{"id":27913,"href":"https:\/\/researchchemicalhub.com\/fr\/wp-json\/wp\/v2\/product\/23975\/revisions\/27913"}],"wp:featuredmedia":[{"embeddable":true,"href":"https:\/\/researchchemicalhub.com\/fr\/wp-json\/wp\/v2\/media\/28391"}],"wp:attachment":[{"href":"https:\/\/researchchemicalhub.com\/fr\/wp-json\/wp\/v2\/media?parent=23975"}],"wp:term":[{"taxonomy":"product_brand","embeddable":true,"href":"https:\/\/researchchemicalhub.com\/fr\/wp-json\/wp\/v2\/product_brand?post=23975"},{"taxonomy":"product_cat","embeddable":true,"href":"https:\/\/researchchemicalhub.com\/fr\/wp-json\/wp\/v2\/product_cat?post=23975"},{"taxonomy":"product_tag","embeddable":true,"href":"https:\/\/researchchemicalhub.com\/fr\/wp-json\/wp\/v2\/product_tag?post=23975"}],"curies":[{"name":"wp","href":"https:\/\/api.w.org\/{rel}","templated":true}]}}