{"id":23940,"date":"2025-04-13T17:40:44","date_gmt":"2025-04-13T17:40:44","guid":{"rendered":"https:\/\/researchchemicalhub.com\/?post_type=product&#038;p=23940"},"modified":"2025-10-30T07:48:59","modified_gmt":"2025-10-30T07:48:59","slug":"mandala-rose","status":"publish","type":"product","link":"https:\/\/researchchemicalhub.com\/fr\/boutique\/5-mai\/mandala-rose\/","title":{"rendered":"Mandala rose"},"content":{"rendered":"<h3 data-start=\"5203\" data-end=\"5222\"><strong data-start=\"5207\" data-end=\"5222\"><span dir=\"auto\" style=\"vertical-align: inherit;\"><span dir=\"auto\" style=\"vertical-align: inherit;\">Introduction<\/span><\/span><\/strong><\/h3>\n<p data-start=\"5224\" data-end=\"5466\"><span dir=\"auto\" style=\"vertical-align: inherit;\"><span dir=\"auto\" style=\"vertical-align: inherit;\">Le <\/span><\/span><strong data-start=\"5227\" data-end=\"5243\"><span dir=\"auto\" style=\"vertical-align: inherit;\"><span dir=\"auto\" style=\"vertical-align: inherit;\">Mandala rose<\/span><\/span><\/strong><span dir=\"auto\" style=\"vertical-align: inherit;\"><span dir=\"auto\" style=\"vertical-align: inherit;\"> est un <\/span><\/span><strong data-start=\"5251\" data-end=\"5314\"><span dir=\"auto\" style=\"vertical-align: inherit;\"><span dir=\"auto\" style=\"vertical-align: inherit;\">Symbole intemporel d&#039;amour, de douceur et d&#039;\u00e9quilibre int\u00e9rieur<\/span><\/span><\/strong><span dir=\"auto\" style=\"vertical-align: inherit;\"><span dir=\"auto\" style=\"vertical-align: inherit;\"> . <\/span><\/span><br data-start=\"5315\" data-end=\"5318\" \/><span dir=\"auto\" style=\"vertical-align: inherit;\"><span dir=\"auto\" style=\"vertical-align: inherit;\">Les mandalas sont des motifs g\u00e9om\u00e9triques qui, dans de nombreuses traditions spirituelles, repr\u00e9sentent <\/span><\/span><strong data-start=\"5398\" data-end=\"5433\"><span dir=\"auto\" style=\"vertical-align: inherit;\"><span dir=\"auto\" style=\"vertical-align: inherit;\">unit\u00e9, harmonie et connexion<\/span><\/span><\/strong><span dir=\"auto\" style=\"vertical-align: inherit;\"><span dir=\"auto\" style=\"vertical-align: inherit;\"> entre le corps, l&#039;esprit et l&#039;\u00e2me.<\/span><\/span><\/p>\n<p data-start=\"5468\" data-end=\"5787\"><span dir=\"auto\" style=\"vertical-align: inherit;\"><span dir=\"auto\" style=\"vertical-align: inherit;\">Le <\/span><\/span><strong data-start=\"5471\" data-end=\"5485\"><span dir=\"auto\" style=\"vertical-align: inherit;\"><span dir=\"auto\" style=\"vertical-align: inherit;\">couleur rose<\/span><\/span><\/strong><span dir=\"auto\" style=\"vertical-align: inherit;\"><span dir=\"auto\" style=\"vertical-align: inherit;\"> symbolise <\/span><\/span><strong data-start=\"5499\" data-end=\"5540\"><span dir=\"auto\" style=\"vertical-align: inherit;\"><span dir=\"auto\" style=\"vertical-align: inherit;\">amour, chaleur et \u00e9nergie f\u00e9minine<\/span><\/span><\/strong><span dir=\"auto\" style=\"vertical-align: inherit;\"><span dir=\"auto\" style=\"vertical-align: inherit;\"> , ce qui rend ce mandala parfait pour les espaces d\u00e9di\u00e9s \u00e0 <\/span><\/span><strong data-start=\"5608\" data-end=\"5639\"><span dir=\"auto\" style=\"vertical-align: inherit;\"><span dir=\"auto\" style=\"vertical-align: inherit;\">gu\u00e9rison, tranquillit\u00e9 et pleine conscience<\/span><\/span><\/strong><span dir=\"auto\" style=\"vertical-align: inherit;\"><span dir=\"auto\" style=\"vertical-align: inherit;\"> . <\/span><\/span><br data-start=\"5640\" data-end=\"5643\" \/><span dir=\"auto\" style=\"vertical-align: inherit;\"><span dir=\"auto\" style=\"vertical-align: inherit;\">Utilis\u00e9e pour la m\u00e9ditation, le yoga ou comme objet d\u00e9coratif, la Mandala Rose apporte paix, beaut\u00e9 et harmonie \u00e0 tout environnement.<\/span><\/span><\/p>\n<hr data-start=\"5789\" data-end=\"5792\" \/>\n<h3 data-start=\"5794\" data-end=\"5825\"><strong data-start=\"5798\" data-end=\"5825\"><span dir=\"auto\" style=\"vertical-align: inherit;\"><span dir=\"auto\" style=\"vertical-align: inherit;\">Caract\u00e9ristiques principales<\/span><\/span><\/strong><\/h3>\n<ul data-start=\"5827\" data-end=\"6331\">\n<li data-start=\"5827\" data-end=\"5924\">\n<p data-start=\"5829\" data-end=\"5924\"><strong data-start=\"5829\" data-end=\"5849\"><span dir=\"auto\" style=\"vertical-align: inherit;\"><span dir=\"auto\" style=\"vertical-align: inherit;\">Symbolisme profond :<\/span><\/span><\/strong><span dir=\"auto\" style=\"vertical-align: inherit;\"><span dir=\"auto\" style=\"vertical-align: inherit;\"> Repr\u00e9sente l&#039;amour inconditionnel, la conscience de soi et la paix int\u00e9rieure.<\/span><\/span><\/p>\n<\/li>\n<li data-start=\"5925\" data-end=\"6008\">\n<p data-start=\"5927\" data-end=\"6008\"><strong data-start=\"5927\" data-end=\"5951\"><span dir=\"auto\" style=\"vertical-align: inherit;\"><span dir=\"auto\" style=\"vertical-align: inherit;\">Design \u00e9l\u00e9gant :<\/span><\/span><\/strong><span dir=\"auto\" style=\"vertical-align: inherit;\"><span dir=\"auto\" style=\"vertical-align: inherit;\"> Des motifs d\u00e9taill\u00e9s qui d\u00e9gagent tranquillit\u00e9 et \u00e9quilibre.<\/span><\/span><\/p>\n<\/li>\n<li data-start=\"6009\" data-end=\"6077\">\n<p data-start=\"6011\" data-end=\"6077\"><strong data-start=\"6011\" data-end=\"6030\"><span dir=\"auto\" style=\"vertical-align: inherit;\"><span dir=\"auto\" style=\"vertical-align: inherit;\">Haute qualit\u00e9:<\/span><\/span><\/strong><span dir=\"auto\" style=\"vertical-align: inherit;\"><span dir=\"auto\" style=\"vertical-align: inherit;\"> Fabriqu\u00e9 \u00e0 partir de mat\u00e9riaux durables et r\u00e9sistants \u00e0 la d\u00e9coloration.<\/span><\/span><\/p>\n<\/li>\n<li data-start=\"6078\" data-end=\"6169\">\n<p data-start=\"6080\" data-end=\"6169\"><strong data-start=\"6080\" data-end=\"6103\"><span dir=\"auto\" style=\"vertical-align: inherit;\"><span dir=\"auto\" style=\"vertical-align: inherit;\">Utilisation polyvalente\u00a0:<\/span><\/span><\/strong><span dir=\"auto\" style=\"vertical-align: inherit;\"><span dir=\"auto\" style=\"vertical-align: inherit;\"> Convient pour <\/span><\/span><strong data-start=\"6118\" data-end=\"6166\"><span dir=\"auto\" style=\"vertical-align: inherit;\"><span dir=\"auto\" style=\"vertical-align: inherit;\">espaces de vie, studios de yoga ou coins de m\u00e9ditation<\/span><\/span><\/strong><span dir=\"auto\" style=\"vertical-align: inherit;\"><span dir=\"auto\" style=\"vertical-align: inherit;\"> .<\/span><\/span><\/p>\n<\/li>\n<li data-start=\"6170\" data-end=\"6254\">\n<p data-start=\"6172\" data-end=\"6254\"><strong data-start=\"6172\" data-end=\"6195\"><span dir=\"auto\" style=\"vertical-align: inherit;\"><span dir=\"auto\" style=\"vertical-align: inherit;\">Production durable :<\/span><\/span><\/strong><span dir=\"auto\" style=\"vertical-align: inherit;\"><span dir=\"auto\" style=\"vertical-align: inherit;\"> Fabriqu\u00e9 \u00e0 partir de mat\u00e9riaux \u00e9cologiques et non toxiques.<\/span><\/span><\/p>\n<\/li>\n<li data-start=\"6255\" data-end=\"6331\">\n<p data-start=\"6257\" data-end=\"6331\"><strong data-start=\"6257\" data-end=\"6285\"><span dir=\"auto\" style=\"vertical-align: inherit;\"><span dir=\"auto\" style=\"vertical-align: inherit;\">Fabriqu\u00e9 \u00e0 la main :<\/span><\/span><\/strong><span dir=\"auto\" style=\"vertical-align: inherit;\"><span dir=\"auto\" style=\"vertical-align: inherit;\"> Con\u00e7u avec soin pour une sym\u00e9trie parfaite.<\/span><\/span><\/p>\n<\/li>\n<\/ul>\n<hr data-start=\"6333\" data-end=\"6336\" \/>\n<h3 data-start=\"6338\" data-end=\"6355\"><strong data-start=\"6342\" data-end=\"6355\"><span dir=\"auto\" style=\"vertical-align: inherit;\"><span dir=\"auto\" style=\"vertical-align: inherit;\">Avantages<\/span><\/span><\/strong><\/h3>\n<ol data-start=\"6357\" data-end=\"6779\">\n<li data-start=\"6357\" data-end=\"6443\">\n<p data-start=\"6360\" data-end=\"6443\"><strong data-start=\"6360\" data-end=\"6390\"><span dir=\"auto\" style=\"vertical-align: inherit;\"><span dir=\"auto\" style=\"vertical-align: inherit;\">Favorise le calme \u00e9motionnel\u00a0:<\/span><\/span><\/strong><span dir=\"auto\" style=\"vertical-align: inherit;\"><span dir=\"auto\" style=\"vertical-align: inherit;\"> La teinte rose apporte harmonie et calme int\u00e9rieur.<\/span><\/span><\/p>\n<\/li>\n<li data-start=\"6444\" data-end=\"6527\">\n<p data-start=\"6447\" data-end=\"6527\"><strong data-start=\"6447\" data-end=\"6475\"><span dir=\"auto\" style=\"vertical-align: inherit;\"><span dir=\"auto\" style=\"vertical-align: inherit;\">Favorise la pleine conscience\u00a0:<\/span><\/span><\/strong><span dir=\"auto\" style=\"vertical-align: inherit;\"><span dir=\"auto\" style=\"vertical-align: inherit;\"> Favorise la concentration pendant la m\u00e9ditation et le yoga.<\/span><\/span><\/p>\n<\/li>\n<li data-start=\"6528\" data-end=\"6614\">\n<p data-start=\"6531\" data-end=\"6614\"><strong data-start=\"6531\" data-end=\"6554\"><span dir=\"auto\" style=\"vertical-align: inherit;\"><span dir=\"auto\" style=\"vertical-align: inherit;\">Beaut\u00e9 visuelle :<\/span><\/span><\/strong><span dir=\"auto\" style=\"vertical-align: inherit;\"><span dir=\"auto\" style=\"vertical-align: inherit;\"> Donne \u00e0 n&#039;importe quelle pi\u00e8ce une apparence \u00e9l\u00e9gante et spirituelle.<\/span><\/span><\/p>\n<\/li>\n<li data-start=\"6615\" data-end=\"6701\">\n<p data-start=\"6618\" data-end=\"6701\"><strong data-start=\"6618\" data-end=\"6643\"><span dir=\"auto\" style=\"vertical-align: inherit;\"><span dir=\"auto\" style=\"vertical-align: inherit;\">Stimule la compassion :<\/span><\/span><\/strong><span dir=\"auto\" style=\"vertical-align: inherit;\"><span dir=\"auto\" style=\"vertical-align: inherit;\"> \u00c9voque l&#039;amour, la bienveillance et le lien social.<\/span><\/span><\/p>\n<\/li>\n<li data-start=\"6702\" data-end=\"6779\">\n<p data-start=\"6705\" data-end=\"6779\"><strong data-start=\"6705\" data-end=\"6736\"><span dir=\"auto\" style=\"vertical-align: inherit;\"><span dir=\"auto\" style=\"vertical-align: inherit;\">Augmente l&#039;\u00e9nergie positive :<\/span><\/span><\/strong><span dir=\"auto\" style=\"vertical-align: inherit;\"><span dir=\"auto\" style=\"vertical-align: inherit;\"> Cr\u00e9e une atmosph\u00e8re sereine et paisible.<\/span><\/span><\/p>\n<\/li>\n<\/ol>\n<hr data-start=\"6781\" data-end=\"6784\" \/>\n<h3 data-start=\"6786\" data-end=\"6801\"><strong data-start=\"6790\" data-end=\"6801\"><span dir=\"auto\" style=\"vertical-align: inherit;\"><span dir=\"auto\" style=\"vertical-align: inherit;\">Usage<\/span><\/span><\/strong><\/h3>\n<ol data-start=\"6803\" data-end=\"7125\">\n<li data-start=\"6803\" data-end=\"6884\">\n<p data-start=\"6806\" data-end=\"6884\"><strong data-start=\"6806\" data-end=\"6825\"><span dir=\"auto\" style=\"vertical-align: inherit;\"><span dir=\"auto\" style=\"vertical-align: inherit;\">Pour la m\u00e9ditation :<\/span><\/span><\/strong><span dir=\"auto\" style=\"vertical-align: inherit;\"><span dir=\"auto\" style=\"vertical-align: inherit;\"> Utilisez le mandala comme point de concentration pour le silence int\u00e9rieur.<\/span><\/span><\/p>\n<\/li>\n<li data-start=\"6885\" data-end=\"6968\">\n<p data-start=\"6888\" data-end=\"6968\"><strong data-start=\"6888\" data-end=\"6907\"><span dir=\"auto\" style=\"vertical-align: inherit;\"><span dir=\"auto\" style=\"vertical-align: inherit;\">Pour la d\u00e9coration :<\/span><\/span><\/strong><span dir=\"auto\" style=\"vertical-align: inherit;\"><span dir=\"auto\" style=\"vertical-align: inherit;\"> Accrochez-le dans une pi\u00e8ce pour y apporter paix et beaut\u00e9.<\/span><\/span><\/p>\n<\/li>\n<li data-start=\"6969\" data-end=\"7043\">\n<p data-start=\"6972\" data-end=\"7043\"><strong data-start=\"6972\" data-end=\"7003\"><span dir=\"auto\" style=\"vertical-align: inherit;\"><span dir=\"auto\" style=\"vertical-align: inherit;\">Pour la pratique spirituelle :<\/span><\/span><\/strong><span dir=\"auto\" style=\"vertical-align: inherit;\"><span dir=\"auto\" style=\"vertical-align: inherit;\"> Utilisez-le dans la pri\u00e8re ou le travail \u00e9nerg\u00e9tique.<\/span><\/span><\/p>\n<\/li>\n<li data-start=\"7044\" data-end=\"7125\">\n<p data-start=\"7047\" data-end=\"7125\"><strong data-start=\"7047\" data-end=\"7061\"><span dir=\"auto\" style=\"vertical-align: inherit;\"><span dir=\"auto\" style=\"vertical-align: inherit;\">Pour le yoga :<\/span><\/span><\/strong><span dir=\"auto\" style=\"vertical-align: inherit;\"><span dir=\"auto\" style=\"vertical-align: inherit;\"> Placez-le dans votre studio pour cr\u00e9er une atmosph\u00e8re inspirante.<\/span><\/span><\/p>\n<\/li>\n<\/ol>\n<blockquote data-start=\"7127\" data-end=\"7221\">\n<p data-start=\"7129\" data-end=\"7221\">\ud83c\udf38 <strong data-start=\"7132\" data-end=\"7140\"><span dir=\"auto\" style=\"vertical-align: inherit;\"><span dir=\"auto\" style=\"vertical-align: inherit;\">Conseil:<\/span><\/span><\/strong><span dir=\"auto\" style=\"vertical-align: inherit;\"><span dir=\"auto\" style=\"vertical-align: inherit;\"> Associez le mandala rose \u00e0 un \u00e9clairage doux ou \u00e0 des bougies parfum\u00e9es pour une tranquillit\u00e9 accrue.<\/span><\/span><\/p>\n<\/blockquote>\n<hr data-start=\"7223\" data-end=\"7226\" \/>\n<h3 data-start=\"7228\" data-end=\"7263\"><strong data-start=\"7232\" data-end=\"7263\"><span dir=\"auto\" style=\"vertical-align: inherit;\"><span dir=\"auto\" style=\"vertical-align: inherit;\">Foire aux questions (FAQ)<\/span><\/span><\/strong><\/h3>\n<p data-start=\"7265\" data-end=\"7409\"><strong data-start=\"7265\" data-end=\"7305\"><span dir=\"auto\" style=\"vertical-align: inherit;\"><span dir=\"auto\" style=\"vertical-align: inherit;\">1. Que symbolise le mandala rose ?<\/span><\/span><\/strong><br data-start=\"7305\" data-end=\"7308\" \/><span dir=\"auto\" style=\"vertical-align: inherit;\"><span dir=\"auto\" style=\"vertical-align: inherit;\"> Le mandala rose repr\u00e9sente <\/span><\/span><strong data-start=\"7335\" data-end=\"7366\"><span dir=\"auto\" style=\"vertical-align: inherit;\"><span dir=\"auto\" style=\"vertical-align: inherit;\">amour, compassion et \u00e9quilibre<\/span><\/span><\/strong><span dir=\"auto\" style=\"vertical-align: inherit;\"><span dir=\"auto\" style=\"vertical-align: inherit;\"> et est reli\u00e9 au <\/span><\/span><strong data-start=\"7392\" data-end=\"7406\"><span dir=\"auto\" style=\"vertical-align: inherit;\"><span dir=\"auto\" style=\"vertical-align: inherit;\">chakra du c\u0153ur<\/span><\/span><\/strong><span dir=\"auto\" style=\"vertical-align: inherit;\"><span dir=\"auto\" style=\"vertical-align: inherit;\"> .<\/span><\/span><\/p>\n<p data-start=\"7411\" data-end=\"7573\"><strong data-start=\"7411\" data-end=\"7457\"><span dir=\"auto\" style=\"vertical-align: inherit;\"><span dir=\"auto\" style=\"vertical-align: inherit;\">2. O\u00f9 puis-je accrocher mon mandala rose ?<\/span><\/span><\/strong><br data-start=\"7457\" data-end=\"7460\" \/><span dir=\"auto\" style=\"vertical-align: inherit;\"><span dir=\"auto\" style=\"vertical-align: inherit;\"> Dans <\/span><\/span><strong data-start=\"7463\" data-end=\"7523\"><span dir=\"auto\" style=\"vertical-align: inherit;\"><span dir=\"auto\" style=\"vertical-align: inherit;\">salons, studios de yoga, coins m\u00e9ditation ou chambres<\/span><\/span><\/strong><span dir=\"auto\" style=\"vertical-align: inherit;\"><span dir=\"auto\" style=\"vertical-align: inherit;\"> \u2014partout o\u00f9 vous souhaitez cr\u00e9er la paix et l&#039;harmonie.<\/span><\/span><\/p>\n<p data-start=\"7575\" data-end=\"7697\"><strong data-start=\"7575\" data-end=\"7612\"><span dir=\"auto\" style=\"vertical-align: inherit;\"><span dir=\"auto\" style=\"vertical-align: inherit;\">3. Comment prendre soin de mon mandala ?<\/span><\/span><\/strong><br data-start=\"7612\" data-end=\"7615\" \/><span dir=\"auto\" style=\"vertical-align: inherit;\"><span dir=\"auto\" style=\"vertical-align: inherit;\"> \u00c9vitez l&#039;exposition directe au soleil et \u00e0 l&#039;humidit\u00e9. Nettoyez d\u00e9licatement avec un chiffon doux et sec.<\/span><\/span><\/p>\n<hr data-start=\"7699\" data-end=\"7702\" \/>\n<h3 data-start=\"7704\" data-end=\"7736\"><strong data-start=\"7708\" data-end=\"7736\"><span dir=\"auto\" style=\"vertical-align: inherit;\"><span dir=\"auto\" style=\"vertical-align: inherit;\">Sp\u00e9cifications techniques<\/span><\/span><\/strong><\/h3>\n<div class=\"_tableContainer_1rjym_1\">\n<div class=\"group _tableWrapper_1rjym_13 flex w-fit flex-col-reverse\" tabindex=\"-1\">\n<table class=\"w-fit min-w-(--thread-content-width)\" data-start=\"7738\" data-end=\"8191\">\n<thead data-start=\"7738\" data-end=\"7772\">\n<tr data-start=\"7738\" data-end=\"7772\">\n<th data-start=\"7738\" data-end=\"7757\" data-col-size=\"sm\"><strong data-start=\"7740\" data-end=\"7756\"><span dir=\"auto\" style=\"vertical-align: inherit;\"><span dir=\"auto\" style=\"vertical-align: inherit;\">Sp\u00e9cification<\/span><\/span><\/strong><\/th>\n<th data-start=\"7757\" data-end=\"7772\" data-col-size=\"md\"><strong data-start=\"7759\" data-end=\"7770\"><span dir=\"auto\" style=\"vertical-align: inherit;\"><span dir=\"auto\" style=\"vertical-align: inherit;\">D\u00e9tails<\/span><\/span><\/strong><\/th>\n<\/tr>\n<\/thead>\n<tbody data-start=\"7809\" data-end=\"8191\">\n<tr data-start=\"7809\" data-end=\"7843\">\n<td data-start=\"7809\" data-end=\"7827\" data-col-size=\"sm\"><strong data-start=\"7811\" data-end=\"7826\"><span dir=\"auto\" style=\"vertical-align: inherit;\"><span dir=\"auto\" style=\"vertical-align: inherit;\">Nom du produit<\/span><\/span><\/strong><\/td>\n<td data-start=\"7827\" data-end=\"7843\" data-col-size=\"md\"><span dir=\"auto\" style=\"vertical-align: inherit;\"><span dir=\"auto\" style=\"vertical-align: inherit;\">Mandala rose<\/span><\/span><\/td>\n<\/tr>\n<tr data-start=\"7844\" data-end=\"7873\">\n<td data-start=\"7844\" data-end=\"7865\" data-col-size=\"sm\"><strong data-start=\"7846\" data-end=\"7864\"><span dir=\"auto\" style=\"vertical-align: inherit;\"><span dir=\"auto\" style=\"vertical-align: inherit;\">Couleur primaire<\/span><\/span><\/strong><\/td>\n<td data-start=\"7865\" data-end=\"7873\" data-col-size=\"md\"><span dir=\"auto\" style=\"vertical-align: inherit;\"><span dir=\"auto\" style=\"vertical-align: inherit;\">Rose<\/span><\/span><\/td>\n<\/tr>\n<tr data-start=\"7874\" data-end=\"7919\">\n<td data-start=\"7874\" data-end=\"7890\" data-col-size=\"sm\"><strong data-start=\"7876\" data-end=\"7889\"><span dir=\"auto\" style=\"vertical-align: inherit;\"><span dir=\"auto\" style=\"vertical-align: inherit;\">Symbolisme<\/span><\/span><\/strong><\/td>\n<td data-start=\"7890\" data-end=\"7919\" data-col-size=\"md\"><span dir=\"auto\" style=\"vertical-align: inherit;\"><span dir=\"auto\" style=\"vertical-align: inherit;\">Amour, compassion, \u00e9quilibre<\/span><\/span><\/td>\n<\/tr>\n<tr data-start=\"7920\" data-end=\"7969\">\n<td data-start=\"7920\" data-end=\"7936\" data-col-size=\"sm\"><strong data-start=\"7922\" data-end=\"7935\"><span dir=\"auto\" style=\"vertical-align: inherit;\"><span dir=\"auto\" style=\"vertical-align: inherit;\">Mat\u00e9riel<\/span><\/span><\/strong><\/td>\n<td data-start=\"7936\" data-end=\"7969\" data-col-size=\"md\"><span dir=\"auto\" style=\"vertical-align: inherit;\"><span dir=\"auto\" style=\"vertical-align: inherit;\">Toile \/ Bois \/ Tissu durable<\/span><\/span><\/td>\n<\/tr>\n<tr data-start=\"7970\" data-end=\"8012\">\n<td data-start=\"7970\" data-end=\"7986\" data-col-size=\"sm\"><strong data-start=\"7972\" data-end=\"7985\"><span dir=\"auto\" style=\"vertical-align: inherit;\"><span dir=\"auto\" style=\"vertical-align: inherit;\">Finition<\/span><\/span><\/strong><\/td>\n<td data-start=\"7986\" data-end=\"8012\" data-col-size=\"md\"><span dir=\"auto\" style=\"vertical-align: inherit;\"><span dir=\"auto\" style=\"vertical-align: inherit;\">Fait main ou imprim\u00e9<\/span><\/span><\/td>\n<\/tr>\n<tr data-start=\"8013\" data-end=\"8064\">\n<td data-start=\"8013\" data-end=\"8024\" data-col-size=\"sm\"><strong data-start=\"8015\" data-end=\"8023\"><span dir=\"auto\" style=\"vertical-align: inherit;\"><span dir=\"auto\" style=\"vertical-align: inherit;\">Formulaire<\/span><\/span><\/strong><\/td>\n<td data-start=\"8024\" data-end=\"8064\" data-col-size=\"md\"><span dir=\"auto\" style=\"vertical-align: inherit;\"><span dir=\"auto\" style=\"vertical-align: inherit;\">Motif circulaire \u00e0 motif g\u00e9om\u00e9trique<\/span><\/span><\/td>\n<\/tr>\n<tr data-start=\"8065\" data-end=\"8125\">\n<td data-start=\"8065\" data-end=\"8079\" data-col-size=\"sm\"><strong data-start=\"8067\" data-end=\"8078\"><span dir=\"auto\" style=\"vertical-align: inherit;\"><span dir=\"auto\" style=\"vertical-align: inherit;\">Usage<\/span><\/span><\/strong><\/td>\n<td data-start=\"8079\" data-end=\"8125\" data-col-size=\"md\"><span dir=\"auto\" style=\"vertical-align: inherit;\"><span dir=\"auto\" style=\"vertical-align: inherit;\">D\u00e9coration \/ M\u00e9ditation \/ Yoga \/ Pleine conscience<\/span><\/span><\/td>\n<\/tr>\n<tr data-start=\"8126\" data-end=\"8191\">\n<td data-start=\"8126\" data-end=\"8142\" data-col-size=\"sm\"><strong data-start=\"8128\" data-end=\"8141\"><span dir=\"auto\" style=\"vertical-align: inherit;\"><span dir=\"auto\" style=\"vertical-align: inherit;\">Entretien<\/span><\/span><\/strong><\/td>\n<td data-start=\"8142\" data-end=\"8191\" data-col-size=\"md\"><span dir=\"auto\" style=\"vertical-align: inherit;\"><span dir=\"auto\" style=\"vertical-align: inherit;\">Nettoyer avec un chiffon doux, tenir \u00e0 l&#039;abri du soleil<\/span><\/span><\/td>\n<\/tr>\n<\/tbody>\n<\/table>\n<\/div>\n<\/div>\n<hr data-start=\"8193\" data-end=\"8196\" \/>\n<h3 data-start=\"8198\" data-end=\"8215\"><strong data-start=\"8202\" data-end=\"8215\"><span dir=\"auto\" style=\"vertical-align: inherit;\"><span dir=\"auto\" style=\"vertical-align: inherit;\">Conclusion<\/span><\/span><\/strong><\/h3>\n<p data-start=\"8217\" data-end=\"8432\"><span dir=\"auto\" style=\"vertical-align: inherit;\"><span dir=\"auto\" style=\"vertical-align: inherit;\">Le <\/span><\/span><strong data-start=\"8220\" data-end=\"8236\"><span dir=\"auto\" style=\"vertical-align: inherit;\"><span dir=\"auto\" style=\"vertical-align: inherit;\">Mandala rose<\/span><\/span><\/strong><span dir=\"auto\" style=\"vertical-align: inherit;\"><span dir=\"auto\" style=\"vertical-align: inherit;\"> est plus qu&#039;une \u0153uvre d&#039;art, c&#039;est une <\/span><\/span><strong data-start=\"8276\" data-end=\"8325\"><span dir=\"auto\" style=\"vertical-align: inherit;\"><span dir=\"auto\" style=\"vertical-align: inherit;\">symbole d&#039;amour, de tranquillit\u00e9 et d&#039;\u00e9quilibre spirituel<\/span><\/span><\/strong><span dir=\"auto\" style=\"vertical-align: inherit;\"><span dir=\"auto\" style=\"vertical-align: inherit;\"> . <\/span><\/span><br data-start=\"8326\" data-end=\"8329\" \/><span dir=\"auto\" style=\"vertical-align: inherit;\"><span dir=\"auto\" style=\"vertical-align: inherit;\">Ses couleurs douces et ses formes harmonieuses apportent <\/span><\/span><strong data-start=\"8379\" data-end=\"8414\"><span dir=\"auto\" style=\"vertical-align: inherit;\"><span dir=\"auto\" style=\"vertical-align: inherit;\">\u00e9nergie positive et s\u00e9r\u00e9nit\u00e9<\/span><\/span><\/strong><span dir=\"auto\" style=\"vertical-align: inherit;\"><span dir=\"auto\" style=\"vertical-align: inherit;\"> dans n&#039;importe quelle pi\u00e8ce.<\/span><\/span><\/p>","protected":false},"excerpt":{"rendered":"<h2><strong><span style=\"vertical-align: inherit;\"><span style=\"vertical-align: inherit;\"><span dir=\"auto\" style=\"vertical-align: inherit;\"><span dir=\"auto\" style=\"vertical-align: inherit;\"><span dir=\"auto\" style=\"vertical-align: inherit;\"><span dir=\"auto\" style=\"vertical-align: inherit;\">Mandala rose 5-MeO-MiPT et 5-MeO-DiPT <\/span><\/span><\/span><\/span><\/span><\/span><\/strong><br \/>\n<em><span style=\"vertical-align: inherit;\"><span style=\"vertical-align: inherit;\"><span dir=\"auto\" style=\"vertical-align: inherit;\"><span dir=\"auto\" style=\"vertical-align: inherit;\"><span dir=\"auto\" style=\"vertical-align: inherit;\"><span dir=\"auto\" style=\"vertical-align: inherit;\">Tr\u00e8s appropri\u00e9 pendant l&#039;\u00e9rotisme !<\/span><\/span><\/span><\/span><\/span><\/span><\/em><\/h2>\n<p><strong><span style=\"vertical-align: inherit;\"><span style=\"vertical-align: inherit;\"><span dir=\"auto\" style=\"vertical-align: inherit;\"><span dir=\"auto\" style=\"vertical-align: inherit;\"><span dir=\"auto\" style=\"vertical-align: inherit;\"><span dir=\"auto\" style=\"vertical-align: inherit;\">Le m\u00e9lange Mandala Rose contient suffisamment de donn\u00e9es pour \u00eatre r\u00e9alis\u00e9 par une seule personne. Commencez toujours vos recherches avec un quart ou un demi-tube et recherchez le dosage le plus adapt\u00e9\u00a0!<\/span><\/span><\/span><\/span><\/span><\/span><\/strong><\/p>\n<p><span style=\"vertical-align: inherit;\"><span style=\"vertical-align: inherit;\"><span dir=\"auto\" style=\"vertical-align: inherit;\"><span dir=\"auto\" style=\"vertical-align: inherit;\"><span dir=\"auto\" style=\"vertical-align: inherit;\"><span dir=\"auto\" style=\"vertical-align: inherit;\">Nous n&#039;ajoutons AUCUN parfum ni ar\u00f4me \u00e0 nos m\u00e9langes Mandala pour \u00e9viter que des tiers (enfants, animaux) ne les confondent avec des biens de consommation !<\/span><\/span><\/span><\/span><\/span><\/span><\/p>","protected":false},"featured_media":28587,"comment_status":"closed","ping_status":"closed","template":"","meta":[],"product_brand":[],"product_cat":[487,436,396,486,398,381],"product_tag":[326,1102],"class_list":{"0":"post-23940","1":"product","2":"type-product","3":"status-publish","4":"has-post-thumbnail","6":"product_cat-5-meo-dipt","7":"product_cat-5-meo-mipt","8":"product_cat-liquid-rcs","9":"product_cat-mandala-mixes","10":"product_cat-verkoop","11":"product_cat-tryptamines","12":"product_tag-nl","13":"product_tag-pink-mandala","15":"first","16":"instock","17":"sale","18":"taxable","19":"shipping-taxable","20":"purchasable","21":"product-type-variable"},"_links":{"self":[{"href":"https:\/\/researchchemicalhub.com\/fr\/wp-json\/wp\/v2\/product\/23940","targetHints":{"allow":["GET"]}}],"collection":[{"href":"https:\/\/researchchemicalhub.com\/fr\/wp-json\/wp\/v2\/product"}],"about":[{"href":"https:\/\/researchchemicalhub.com\/fr\/wp-json\/wp\/v2\/types\/product"}],"replies":[{"embeddable":true,"href":"https:\/\/researchchemicalhub.com\/fr\/wp-json\/wp\/v2\/comments?post=23940"}],"version-history":[{"count":6,"href":"https:\/\/researchchemicalhub.com\/fr\/wp-json\/wp\/v2\/product\/23940\/revisions"}],"predecessor-version":[{"id":28700,"href":"https:\/\/researchchemicalhub.com\/fr\/wp-json\/wp\/v2\/product\/23940\/revisions\/28700"}],"wp:featuredmedia":[{"embeddable":true,"href":"https:\/\/researchchemicalhub.com\/fr\/wp-json\/wp\/v2\/media\/28587"}],"wp:attachment":[{"href":"https:\/\/researchchemicalhub.com\/fr\/wp-json\/wp\/v2\/media?parent=23940"}],"wp:term":[{"taxonomy":"product_brand","embeddable":true,"href":"https:\/\/researchchemicalhub.com\/fr\/wp-json\/wp\/v2\/product_brand?post=23940"},{"taxonomy":"product_cat","embeddable":true,"href":"https:\/\/researchchemicalhub.com\/fr\/wp-json\/wp\/v2\/product_cat?post=23940"},{"taxonomy":"product_tag","embeddable":true,"href":"https:\/\/researchchemicalhub.com\/fr\/wp-json\/wp\/v2\/product_tag?post=23940"}],"curies":[{"name":"wp","href":"https:\/\/api.w.org\/{rel}","templated":true}]}}