{"id":23933,"date":"2025-04-13T17:40:43","date_gmt":"2025-04-13T17:40:43","guid":{"rendered":"https:\/\/researchchemicalhub.com\/?post_type=product&#038;p=23933"},"modified":"2025-10-30T07:53:12","modified_gmt":"2025-10-30T07:53:12","slug":"granules-de-norflurazepam-5-mg","status":"publish","type":"product","link":"https:\/\/researchchemicalhub.com\/fr\/boutique\/benzodiazepines\/granules-de-norflurazepam-5-mg\/","title":{"rendered":"Granul\u00e9s de norfluraz\u00e9pam 5 mg"},"content":{"rendered":"<div class=\"dad65929\">\n<div class=\"_4f9bf79 d7dc56a8 _43c05b5\">\n<div class=\"ds-markdown ds-markdown--block\">\n<h3 data-start=\"6228\" data-end=\"6247\"><strong data-start=\"6232\" data-end=\"6247\">Introduction<\/strong><\/h3>\n<p data-start=\"6249\" data-end=\"6610\"><strong data-start=\"6249\" data-end=\"6278\">Granul\u00e9s de norfluraz\u00e9pam 5 mg<\/strong> sont <strong data-start=\"6284\" data-end=\"6331\">substances de recherche de qualit\u00e9 analytique<\/strong>, sp\u00e9cialement d\u00e9velopp\u00e9 pour <strong data-start=\"6358\" data-end=\"6412\">recherche scientifique, m\u00e9dico-l\u00e9gale et chimique<\/strong>. Granul\u00e9s de norfluraz\u00e9pam 5 mg<br data-start=\"6413\" data-end=\"6416\" \/>\u00c9galement connu sous le nom de <strong data-start=\"6431\" data-end=\"6453\">d\u00e9salkylfluraz\u00e9pam<\/strong>, cette connexion appartient-elle \u00e0 la <strong data-start=\"6486\" data-end=\"6510\">classe des benzodiaz\u00e9pines<\/strong> et est un <strong data-start=\"6521\" data-end=\"6563\">m\u00e9tabolite de diverses benzodiaz\u00e9pines<\/strong>, sous lequel <strong data-start=\"6575\" data-end=\"6589\">Fluraz\u00e9pam<\/strong> et <strong data-start=\"6593\" data-end=\"6607\">Diclaz\u00e9pam<\/strong>.<\/p>\n<p data-start=\"6612\" data-end=\"6857\">Produit sous <strong data-start=\"6631\" data-end=\"6672\">Normes BPL (Bonnes Pratiques de Laboratoire)<\/strong>, ces granul\u00e9s offrent une <strong data-start=\"6698\" data-end=\"6721\">puret\u00e9 de \u226599%<\/strong>, <strong data-start=\"6723\" data-end=\"6748\">stabilit\u00e9 chimique<\/strong> et <strong data-start=\"6752\" data-end=\"6775\">qualit\u00e9 constante<\/strong>.<br data-start=\"6776\" data-end=\"6779\" \/>Id\u00e9al pour <strong data-start=\"6791\" data-end=\"6854\">analyses chromatographiques, spectroscopiques et structurales<\/strong>.<\/p>\n<blockquote data-start=\"6859\" data-end=\"7003\">\n<p data-start=\"6861\" data-end=\"7003\">\u26a0\ufe0f <strong data-start=\"6864\" data-end=\"6875\">NB:<\/strong> Ce produit est <strong data-start=\"6891\" data-end=\"6941\">destin\u00e9 uniquement \u00e0 la recherche en laboratoire<\/strong> et <strong data-start=\"6945\" data-end=\"7002\">ne convient pas \u00e0 la consommation humaine ou animale<\/strong>.<\/p>\n<\/blockquote>\n<hr data-start=\"7005\" data-end=\"7008\" \/>\n<h3 data-start=\"7010\" data-end=\"7041\"><strong data-start=\"7014\" data-end=\"7041\">Caract\u00e9ristiques principales<\/strong><\/h3>\n<ul data-start=\"7043\" data-end=\"7484\">\n<li data-start=\"7043\" data-end=\"7125\">\n<p data-start=\"7045\" data-end=\"7125\"><strong data-start=\"7045\" data-end=\"7077\">Haute puret\u00e9 analytique :<\/strong> \u226599% test\u00e9 par des techniques chromatographiques.<\/p>\n<\/li>\n<li data-start=\"7126\" data-end=\"7191\">\n<p data-start=\"7128\" data-end=\"7191\"><strong data-start=\"7128\" data-end=\"7148\">Dosage exact :<\/strong> Chaque pastille contient <strong data-start=\"7167\" data-end=\"7188\">5 mg de norfluraz\u00e9pam<\/strong>.<\/p>\n<\/li>\n<li data-start=\"7192\" data-end=\"7258\">\n<p data-start=\"7194\" data-end=\"7258\"><strong data-start=\"7194\" data-end=\"7215\">Chimiquement stable :<\/strong> R\u00e9sistant \u00e0 la d\u00e9composition lorsqu&#039;il est stock\u00e9 correctement.<\/p>\n<\/li>\n<li data-start=\"7259\" data-end=\"7328\">\n<p data-start=\"7261\" data-end=\"7328\"><strong data-start=\"7261\" data-end=\"7279\">Production BPL :<\/strong> Fabriqu\u00e9 selon des normes de laboratoire strictes.<\/p>\n<\/li>\n<li data-start=\"7329\" data-end=\"7404\">\n<p data-start=\"7331\" data-end=\"7404\"><strong data-start=\"7331\" data-end=\"7348\">Test\u00e9 par lots :<\/strong> Chaque lot est v\u00e9rifi\u00e9 pour son identit\u00e9 et sa puret\u00e9. Granul\u00e9s de norfluraz\u00e9pam 5 mg<\/p>\n<\/li>\n<li data-start=\"7405\" data-end=\"7484\">\n<p data-start=\"7407\" data-end=\"7484\"><strong data-start=\"7407\" data-end=\"7430\">Emballage s\u00fbr :<\/strong> Herm\u00e9tique et scell\u00e9 pour une dur\u00e9e de conservation optimale.<\/p>\n<\/li>\n<\/ul>\n<hr data-start=\"7486\" data-end=\"7489\" \/>\n<h3 data-start=\"7491\" data-end=\"7508\"><strong data-start=\"7495\" data-end=\"7508\">Avantages<\/strong><\/h3>\n<ol data-start=\"7510\" data-end=\"7970\">\n<li data-start=\"7510\" data-end=\"7601\">\n<p data-start=\"7513\" data-end=\"7601\"><strong data-start=\"7513\" data-end=\"7550\">R\u00e9sultats de recherche fiables :<\/strong> Une puret\u00e9 \u00e9lev\u00e9e garantit des donn\u00e9es reproductibles.<\/p>\n<\/li>\n<li data-start=\"7602\" data-end=\"7690\">\n<p data-start=\"7605\" data-end=\"7690\"><strong data-start=\"7605\" data-end=\"7632\">Stabilit\u00e9 \u00e0 long terme :<\/strong> R\u00e9sistant \u00e0 la lumi\u00e8re, \u00e0 l&#039;humidit\u00e9 et aux variations de temp\u00e9rature.<\/p>\n<\/li>\n<li data-start=\"7691\" data-end=\"7771\">\n<p data-start=\"7694\" data-end=\"7771\"><strong data-start=\"7694\" data-end=\"7722\">Facile \u00e0 manipuler :<\/strong> La forme de granul\u00e9s simplifie le dosage pr\u00e9cis.<\/p>\n<\/li>\n<li data-start=\"7772\" data-end=\"7855\">\n<p data-start=\"7775\" data-end=\"7855\"><strong data-start=\"7775\" data-end=\"7803\">Norme professionnelle :<\/strong> Convient \u00e0 la recherche m\u00e9dico-l\u00e9gale et analytique.<\/p>\n<\/li>\n<li data-start=\"7856\" data-end=\"7970\">\n<p data-start=\"7859\" data-end=\"7970\"><strong data-start=\"7859\" data-end=\"7880\">Largement applicable :<\/strong> Id\u00e9al pour <strong data-start=\"7893\" data-end=\"7967\">analyse des benzodiaz\u00e9pines, \u00e9tude des m\u00e9tabolites et identification chimique<\/strong>.<\/p>\n<\/li>\n<\/ol>\n<hr data-start=\"7972\" data-end=\"7975\" \/>\n<h3 data-start=\"7977\" data-end=\"8016\"><strong data-start=\"7981\" data-end=\"8016\">Utilisation (pour la recherche uniquement)<\/strong><\/h3>\n<ol data-start=\"8018\" data-end=\"8403\">\n<li data-start=\"8018\" data-end=\"8105\">\n<p data-start=\"8021\" data-end=\"8105\"><strong data-start=\"8021\" data-end=\"8052\">Portez des v\u00eatements de protection :<\/strong> Gants, lunettes de s\u00e9curit\u00e9 et blouse de laboratoire obligatoires.<\/p>\n<\/li>\n<li data-start=\"8106\" data-end=\"8177\">\n<p data-start=\"8109\" data-end=\"8177\"><strong data-start=\"8109\" data-end=\"8148\">Utilisation en environnement contr\u00f4l\u00e9 :<\/strong> Travaillez proprement et avec pr\u00e9cision.<\/p>\n<\/li>\n<li data-start=\"8178\" data-end=\"8259\">\n<p data-start=\"8181\" data-end=\"8259\"><strong data-start=\"8181\" data-end=\"8208\">Notez les informations sur le lot\u00a0:<\/strong> Enregistrez la puret\u00e9, la quantit\u00e9 et les conditions.<\/p>\n<\/li>\n<li data-start=\"8260\" data-end=\"8329\">\n<p data-start=\"8263\" data-end=\"8329\"><strong data-start=\"8263\" data-end=\"8300\">Utiliser un \u00e9quipement calibr\u00e9 :<\/strong> Pour des mesures fiables.<\/p>\n<\/li>\n<li data-start=\"8330\" data-end=\"8403\">\n<p data-start=\"8333\" data-end=\"8403\"><strong data-start=\"8333\" data-end=\"8367\">\u00c9liminer les d\u00e9chets en toute s\u00e9curit\u00e9 :<\/strong> Suivez les consignes de s\u00e9curit\u00e9.<\/p>\n<\/li>\n<\/ol>\n<blockquote data-start=\"8405\" data-end=\"8490\">\n<p data-start=\"8407\" data-end=\"8490\">\u2697\ufe0f <strong data-start=\"8410\" data-end=\"8490\">R\u00e9serv\u00e9 aux tests en laboratoire \u2013 non destin\u00e9 \u00e0 la consommation humaine.<\/strong><\/p>\n<\/blockquote>\n<hr data-start=\"8492\" data-end=\"8495\" \/>\n<h3 data-start=\"8497\" data-end=\"8522\"><strong data-start=\"8501\" data-end=\"8522\">Instructions de stockage<\/strong><\/h3>\n<ul data-start=\"8524\" data-end=\"8692\">\n<li data-start=\"8524\" data-end=\"8566\">\n<p data-start=\"8526\" data-end=\"8566\">\u00c9conomisez sur <strong data-start=\"8537\" data-end=\"8546\">2\u20138\u00b0C<\/strong>, sec et sombre.<\/p>\n<\/li>\n<li data-start=\"8567\" data-end=\"8603\">\n<p data-start=\"8569\" data-end=\"8603\">Garder le r\u00e9cipient bien ferm\u00e9.<\/p>\n<\/li>\n<li data-start=\"8604\" data-end=\"8649\">\n<p data-start=\"8606\" data-end=\"8649\">Prot\u00e9ger contre <strong data-start=\"8621\" data-end=\"8646\">lumi\u00e8re, chaleur et humidit\u00e9<\/strong>.<\/p>\n<\/li>\n<li data-start=\"8650\" data-end=\"8692\">\n<p data-start=\"8652\" data-end=\"8692\">Tenir hors de port\u00e9e des personnes non autoris\u00e9es.<\/p>\n<\/li>\n<\/ul>\n<hr data-start=\"8694\" data-end=\"8697\" \/>\n<h3 data-start=\"8699\" data-end=\"8734\"><strong data-start=\"8703\" data-end=\"8734\">Foire aux questions (FAQ)<\/strong><\/h3>\n<p data-start=\"8736\" data-end=\"8910\"><strong data-start=\"8736\" data-end=\"8781\">1. \u00c0 quoi sert le norfluraz\u00e9pam\u00a0?<\/strong><br data-start=\"8781\" data-end=\"8784\" \/>Pour <strong data-start=\"8789\" data-end=\"8827\">recherche analytique et m\u00e9dico-l\u00e9gale<\/strong>, notamment dans le domaine de <strong data-start=\"8856\" data-end=\"8907\">m\u00e9tabolisme et analyse chimique des benzodiaz\u00e9pines<\/strong>.<\/p>\n<p data-start=\"8912\" data-end=\"9129\"><strong data-start=\"8912\" data-end=\"8972\">2. Le norfluraz\u00e9pam est-il adapt\u00e9 \u00e0 la consommation humaine\u00a0?<\/strong><br data-start=\"8972\" data-end=\"8975\" \/>Non. <strong data-start=\"8980\" data-end=\"9009\">Granul\u00e9s de norfluraz\u00e9pam 5 mg<\/strong> sont <strong data-start=\"9015\" data-end=\"9065\">destin\u00e9 uniquement \u00e0 la recherche en laboratoire<\/strong> et <strong data-start=\"9069\" data-end=\"9126\">ne convient pas \u00e0 la consommation humaine ou animale<\/strong>.<\/p>\n<p data-start=\"9131\" data-end=\"9277\"><strong data-start=\"9131\" data-end=\"9176\">3. Comment conserver au mieux le norfluraz\u00e9pam\u00a0?<\/strong><br data-start=\"9176\" data-end=\"9179\" \/>\u00c9conomisez sur un <strong data-start=\"9193\" data-end=\"9235\">endroit frais, sec et sombre (2\u20138\u00b0C)<\/strong>, dans un <strong data-start=\"9244\" data-end=\"9274\">emballage bien scell\u00e9<\/strong>.<\/p>\n<hr data-start=\"9279\" data-end=\"9282\" \/>\n<h3 data-start=\"9284\" data-end=\"9301\"><strong data-start=\"9288\" data-end=\"9301\">Conclusion<\/strong><\/h3>\n<p data-start=\"9303\" data-end=\"9597\"><strong data-start=\"9303\" data-end=\"9332\">Granul\u00e9s de norfluraz\u00e9pam 5 mg<\/strong> offre <strong data-start=\"9340\" data-end=\"9398\">puret\u00e9, stabilit\u00e9 et coh\u00e9rence exceptionnelles<\/strong>, id\u00e9al pour <strong data-start=\"9412\" data-end=\"9464\">recherche analytique et m\u00e9dico-l\u00e9gale professionnelle<\/strong>.<br data-start=\"9465\" data-end=\"9468\" \/>Un choix fiable pour les laboratoires ax\u00e9s sur <strong data-start=\"9527\" data-end=\"9594\">analyse, chromatographie et \u00e9tude structurale des benzodiaz\u00e9pines<\/strong>.<\/p>\n<\/div>\n<\/div>\n<\/div>","protected":false},"excerpt":{"rendered":"<h3><span data-sheets-value=\"{\" data-sheets-userformat=\"{\"><span style=\"vertical-align: inherit;\"><span style=\"vertical-align: inherit;\"><span dir=\"auto\" style=\"vertical-align: inherit;\"><span dir=\"auto\" style=\"vertical-align: inherit;\">Propri\u00e9t\u00e9s du norfluraz\u00e9pam<\/span><\/span><\/span><\/span><\/span><\/h3>\n<p><strong><span style=\"vertical-align: inherit;\"><span style=\"vertical-align: inherit;\"><span dir=\"auto\" style=\"vertical-align: inherit;\"><span dir=\"auto\" style=\"vertical-align: inherit;\">Synonyme:<\/span><\/span><\/span><\/span><\/strong><span style=\"vertical-align: inherit;\"><span style=\"vertical-align: inherit;\"><span dir=\"auto\" style=\"vertical-align: inherit;\"><span dir=\"auto\" style=\"vertical-align: inherit;\"> Norfluraz\u00e9pam <\/span><\/span><\/span><\/span><br \/>\n<strong><span style=\"vertical-align: inherit;\"><span style=\"vertical-align: inherit;\"><span dir=\"auto\" style=\"vertical-align: inherit;\"><span dir=\"auto\" style=\"vertical-align: inherit;\">Num\u00e9ro CAS :<\/span><\/span><\/span><\/span><\/strong><span style=\"vertical-align: inherit;\"><span style=\"vertical-align: inherit;\"><span dir=\"auto\" style=\"vertical-align: inherit;\"><span dir=\"auto\" style=\"vertical-align: inherit;\"> 2886-65-9 <\/span><\/span><\/span><\/span><br \/>\n<strong><span style=\"vertical-align: inherit;\"><span style=\"vertical-align: inherit;\"><span dir=\"auto\" style=\"vertical-align: inherit;\"><span dir=\"auto\" style=\"vertical-align: inherit;\">Formule:<\/span><\/span><\/span><\/span><\/strong><span style=\"vertical-align: inherit;\"><span style=\"vertical-align: inherit;\"><span dir=\"auto\" style=\"vertical-align: inherit;\"><span dir=\"auto\" style=\"vertical-align: inherit;\"> 7-chloro-5-(2-fluoroph\u00e9nyl)-1,3-dihydro-2H-1,4-benzodiaz\u00e9pine-2-one <\/span><\/span><\/span><\/span><br \/>\n<strong><span style=\"vertical-align: inherit;\"><span style=\"vertical-align: inherit;\"><span dir=\"auto\" style=\"vertical-align: inherit;\"><span dir=\"auto\" style=\"vertical-align: inherit;\">Masse molaire :<\/span><\/span><\/span><\/span><\/strong><span style=\"vertical-align: inherit;\"><span style=\"vertical-align: inherit;\"><span dir=\"auto\" style=\"vertical-align: inherit;\"><span dir=\"auto\" style=\"vertical-align: inherit;\"> 299,3 g\/mol <\/span><\/span><\/span><\/span><br \/>\n<strong><span style=\"vertical-align: inherit;\"><span style=\"vertical-align: inherit;\"><span dir=\"auto\" style=\"vertical-align: inherit;\"><span dir=\"auto\" style=\"vertical-align: inherit;\">Puret\u00e9:<\/span><\/span><\/span><\/span><\/strong><span style=\"vertical-align: inherit;\"><span style=\"vertical-align: inherit;\"><span dir=\"auto\" style=\"vertical-align: inherit;\"><span dir=\"auto\" style=\"vertical-align: inherit;\"> &gt;97%<\/span><\/span><\/span><\/span><\/p>","protected":false},"featured_media":28577,"comment_status":"closed","ping_status":"closed","template":"","meta":[],"product_brand":[],"product_cat":[76,388,394,324,398],"product_tag":[326],"class_list":{"0":"post-23933","1":"product","2":"type-product","3":"status-publish","4":"has-post-thumbnail","6":"product_cat-benzodiazepinen","7":"product_cat-norflurazepam","8":"product_cat-norflurazepam-pellets","9":"product_cat-pellets-for-pellet","10":"product_cat-verkoop","11":"product_tag-nl","13":"first","14":"instock","15":"sale","16":"taxable","17":"shipping-taxable","18":"purchasable","19":"product-type-variable"},"_links":{"self":[{"href":"https:\/\/researchchemicalhub.com\/fr\/wp-json\/wp\/v2\/product\/23933","targetHints":{"allow":["GET"]}}],"collection":[{"href":"https:\/\/researchchemicalhub.com\/fr\/wp-json\/wp\/v2\/product"}],"about":[{"href":"https:\/\/researchchemicalhub.com\/fr\/wp-json\/wp\/v2\/types\/product"}],"replies":[{"embeddable":true,"href":"https:\/\/researchchemicalhub.com\/fr\/wp-json\/wp\/v2\/comments?post=23933"}],"version-history":[{"count":5,"href":"https:\/\/researchchemicalhub.com\/fr\/wp-json\/wp\/v2\/product\/23933\/revisions"}],"predecessor-version":[{"id":27920,"href":"https:\/\/researchchemicalhub.com\/fr\/wp-json\/wp\/v2\/product\/23933\/revisions\/27920"}],"wp:featuredmedia":[{"embeddable":true,"href":"https:\/\/researchchemicalhub.com\/fr\/wp-json\/wp\/v2\/media\/28577"}],"wp:attachment":[{"href":"https:\/\/researchchemicalhub.com\/fr\/wp-json\/wp\/v2\/media?parent=23933"}],"wp:term":[{"taxonomy":"product_brand","embeddable":true,"href":"https:\/\/researchchemicalhub.com\/fr\/wp-json\/wp\/v2\/product_brand?post=23933"},{"taxonomy":"product_cat","embeddable":true,"href":"https:\/\/researchchemicalhub.com\/fr\/wp-json\/wp\/v2\/product_cat?post=23933"},{"taxonomy":"product_tag","embeddable":true,"href":"https:\/\/researchchemicalhub.com\/fr\/wp-json\/wp\/v2\/product_tag?post=23933"}],"curies":[{"name":"wp","href":"https:\/\/api.w.org\/{rel}","templated":true}]}}