{"id":23926,"date":"2025-04-13T17:40:43","date_gmt":"2025-04-13T17:40:43","guid":{"rendered":"https:\/\/researchchemicalhub.com\/?post_type=product&#038;p=23926"},"modified":"2025-10-30T07:50:51","modified_gmt":"2025-10-30T07:50:51","slug":"adb-butinaca","status":"publish","type":"product","link":"https:\/\/researchchemicalhub.com\/fr\/boutique\/interdit\/adb-butinaca\/","title":{"rendered":"ADB-B \/ ADB-BUTINACA"},"content":{"rendered":"<h3 data-start=\"6150\" data-end=\"6169\"><strong data-start=\"6154\" data-end=\"6169\">Introduction<\/strong><\/h3>\n<p data-start=\"6171\" data-end=\"6493\"><strong data-start=\"6171\" data-end=\"6180\">ADB-B<\/strong>, \u00e9galement connu sous le nom de <strong data-start=\"6197\" data-end=\"6213\">ADB-BUTINACA<\/strong>, est un <strong data-start=\"6222\" data-end=\"6277\">cannabino\u00efde synth\u00e9tique de qualit\u00e9 analytique<\/strong>, d\u00e9velopp\u00e9 pour <strong data-start=\"6295\" data-end=\"6343\">recherche m\u00e9dico-l\u00e9gale, analytique et chimique<\/strong>. adb butinaca<br data-start=\"6344\" data-end=\"6347\" \/>La connexion appartient \u00e0 la <strong data-start=\"6376\" data-end=\"6410\">famille des indazole-3-carboxamides<\/strong> et est structurellement apparent\u00e9 \u00e0 des substances telles que <strong data-start=\"6455\" data-end=\"6469\">BAD-BINACA<\/strong> et <strong data-start=\"6473\" data-end=\"6490\">MDMB-BUTINACA<\/strong>.<\/p>\n<p data-start=\"6495\" data-end=\"6852\">Cette substance de recherche est largement utilis\u00e9e dans <strong data-start=\"6538\" data-end=\"6592\">\u00e9tudes de liaison aux r\u00e9cepteurs, analyses toxicologiques<\/strong> et <strong data-start=\"6596\" data-end=\"6625\">identification m\u00e9dico-l\u00e9gale<\/strong>.<br data-start=\"6626\" data-end=\"6629\" \/>Produit selon <strong data-start=\"6650\" data-end=\"6691\">Normes BPL (Bonnes Pratiques de Laboratoire)<\/strong>, ADB-BUTINACA garantit une <strong data-start=\"6721\" data-end=\"6744\">puret\u00e9 de \u226599%<\/strong>, <strong data-start=\"6746\" data-end=\"6771\">stabilit\u00e9 chimique<\/strong> et <strong data-start=\"6775\" data-end=\"6797\">coh\u00e9rence des lots<\/strong> \u2013 id\u00e9al pour les environnements de laboratoire contr\u00f4l\u00e9s.<\/p>\n<blockquote data-start=\"6854\" data-end=\"6998\">\n<p data-start=\"6856\" data-end=\"6998\">\u26a0\ufe0f <strong data-start=\"6859\" data-end=\"6870\">NB:<\/strong> Ce produit est <strong data-start=\"6886\" data-end=\"6936\">destin\u00e9 uniquement \u00e0 la recherche en laboratoire<\/strong> et <strong data-start=\"6940\" data-end=\"6997\">ne convient pas \u00e0 la consommation humaine ou animale<\/strong>.<\/p>\n<\/blockquote>\n<hr data-start=\"7000\" data-end=\"7003\" \/>\n<h3 data-start=\"7005\" data-end=\"7036\"><strong data-start=\"7009\" data-end=\"7036\">Caract\u00e9ristiques principales<\/strong><\/h3>\n<ul data-start=\"7038\" data-end=\"7537\">\n<li data-start=\"7038\" data-end=\"7120\">\n<p data-start=\"7040\" data-end=\"7120\"><strong data-start=\"7040\" data-end=\"7072\">Haute puret\u00e9 analytique :<\/strong> \u226599% test\u00e9 par des techniques chromatographiques.<\/p>\n<\/li>\n<li data-start=\"7121\" data-end=\"7215\">\n<p data-start=\"7123\" data-end=\"7215\"><strong data-start=\"7123\" data-end=\"7153\">Cannabino\u00efde synth\u00e9tique :<\/strong> D\u00e9riv\u00e9 de l&#039;indazole-3-carboxamide pour la recherche sur les r\u00e9cepteurs.<\/p>\n<\/li>\n<li data-start=\"7216\" data-end=\"7285\">\n<p data-start=\"7218\" data-end=\"7285\"><strong data-start=\"7218\" data-end=\"7239\">Chimiquement stable :<\/strong> R\u00e9sistant \u00e0 la d\u00e9gradation avec un stockage appropri\u00e9.<\/p>\n<\/li>\n<li data-start=\"7286\" data-end=\"7372\">\n<p data-start=\"7288\" data-end=\"7372\"><strong data-start=\"7288\" data-end=\"7306\">Production BPL :<\/strong> Produit sous des conditions strictes <strong data-start=\"7334\" data-end=\"7362\">Bonnes pratiques de laboratoire<\/strong>-normes.<\/p>\n<\/li>\n<li data-start=\"7373\" data-end=\"7459\">\n<p data-start=\"7375\" data-end=\"7459\"><strong data-start=\"7375\" data-end=\"7392\">Test\u00e9 par lots :<\/strong> Chaque lot est v\u00e9rifi\u00e9 pour son identit\u00e9, sa structure et sa puret\u00e9. adb butinaca<\/p>\n<\/li>\n<li data-start=\"7460\" data-end=\"7537\">\n<p data-start=\"7462\" data-end=\"7537\"><strong data-start=\"7462\" data-end=\"7485\">Emballage s\u00fbr :<\/strong> Herm\u00e9tique et scell\u00e9 pour maintenir la qualit\u00e9.<\/p>\n<\/li>\n<\/ul>\n<hr data-start=\"7539\" data-end=\"7542\" \/>\n<h3 data-start=\"7544\" data-end=\"7561\"><strong data-start=\"7548\" data-end=\"7561\">Avantages<\/strong><\/h3>\n<ol data-start=\"7563\" data-end=\"7988\">\n<li data-start=\"7563\" data-end=\"7650\">\n<p data-start=\"7566\" data-end=\"7650\"><strong data-start=\"7566\" data-end=\"7603\">R\u00e9sultats de recherche fiables :<\/strong> Une puret\u00e9 \u00e9lev\u00e9e garantit des donn\u00e9es coh\u00e9rentes.<\/p>\n<\/li>\n<li data-start=\"7651\" data-end=\"7739\">\n<p data-start=\"7654\" data-end=\"7739\"><strong data-start=\"7654\" data-end=\"7681\">Stabilit\u00e9 \u00e0 long terme :<\/strong> R\u00e9sistant \u00e0 la lumi\u00e8re, \u00e0 l&#039;humidit\u00e9 et aux variations de temp\u00e9rature.<\/p>\n<\/li>\n<li data-start=\"7740\" data-end=\"7808\">\n<p data-start=\"7743\" data-end=\"7808\"><strong data-start=\"7743\" data-end=\"7767\">Formulation de pr\u00e9cision :<\/strong> Facile \u00e0 manipuler et \u00e0 doser.<\/p>\n<\/li>\n<li data-start=\"7809\" data-end=\"7897\">\n<p data-start=\"7812\" data-end=\"7897\"><strong data-start=\"7812\" data-end=\"7840\">Qualit\u00e9 professionnelle :<\/strong> Convient aux applications m\u00e9dico-l\u00e9gales et analytiques.<\/p>\n<\/li>\n<li data-start=\"7898\" data-end=\"7988\">\n<p data-start=\"7901\" data-end=\"7988\"><strong data-start=\"7901\" data-end=\"7935\">Id\u00e9al pour la recherche sur les r\u00e9cepteurs :<\/strong> Parfait pour <strong data-start=\"7949\" data-end=\"7985\">\u00e9tudes de liaison et de structure<\/strong>.<\/p>\n<\/li>\n<\/ol>\n<hr data-start=\"7990\" data-end=\"7993\" \/>\n<h3 data-start=\"7995\" data-end=\"8034\"><strong data-start=\"7999\" data-end=\"8034\">Utilisation (pour la recherche uniquement)<\/strong><\/h3>\n<ol data-start=\"8036\" data-end=\"8458\">\n<li data-start=\"8036\" data-end=\"8128\">\n<p data-start=\"8039\" data-end=\"8128\"><strong data-start=\"8039\" data-end=\"8070\">Portez des v\u00eatements de protection :<\/strong> Des gants, des lunettes de s\u00e9curit\u00e9 et une blouse de laboratoire sont obligatoires.<\/p>\n<\/li>\n<li data-start=\"8129\" data-end=\"8207\">\n<p data-start=\"8132\" data-end=\"8207\"><strong data-start=\"8132\" data-end=\"8156\">Utilisation sous hotte aspirante :<\/strong> \u00c9viter le contact direct ou l\u2019inhalation de la substance.<\/p>\n<\/li>\n<li data-start=\"8208\" data-end=\"8294\">\n<p data-start=\"8211\" data-end=\"8294\"><strong data-start=\"8211\" data-end=\"8231\">Mesurer avec pr\u00e9cision :<\/strong> Utilisez des instruments calibr\u00e9s pour des r\u00e9sultats pr\u00e9cis.<\/p>\n<\/li>\n<li data-start=\"8295\" data-end=\"8365\">\n<p data-start=\"8298\" data-end=\"8365\"><strong data-start=\"8298\" data-end=\"8323\">Notez les d\u00e9tails du lot\u00a0:<\/strong> Enregistrez la puret\u00e9 et le poids de l&#039;\u00e9chantillon.<\/p>\n<\/li>\n<li data-start=\"8366\" data-end=\"8458\">\n<p data-start=\"8369\" data-end=\"8458\"><strong data-start=\"8369\" data-end=\"8403\">\u00c9liminer les d\u00e9chets en toute s\u00e9curit\u00e9 :<\/strong> Suivez les consignes de s\u00e9curit\u00e9 du laboratoire.<\/p>\n<\/li>\n<\/ol>\n<blockquote data-start=\"8460\" data-end=\"8545\">\n<p data-start=\"8462\" data-end=\"8545\">\u2697\ufe0f <strong data-start=\"8465\" data-end=\"8545\">R\u00e9serv\u00e9 aux tests en laboratoire \u2013 non destin\u00e9 \u00e0 la consommation humaine.<\/strong><\/p>\n<\/blockquote>\n<hr data-start=\"8547\" data-end=\"8550\" \/>\n<h3 data-start=\"8552\" data-end=\"8577\"><strong data-start=\"8556\" data-end=\"8577\">Instructions de stockage<\/strong><\/h3>\n<ul data-start=\"8579\" data-end=\"8773\">\n<li data-start=\"8579\" data-end=\"8647\">\n<p data-start=\"8581\" data-end=\"8647\">\u00c9conomisez sur <strong data-start=\"8592\" data-end=\"8601\">2\u20138\u00b0C<\/strong>, sur un <strong data-start=\"8610\" data-end=\"8644\">endroit frais, sec et sombre<\/strong>.<\/p>\n<\/li>\n<li data-start=\"8648\" data-end=\"8684\">\n<p data-start=\"8650\" data-end=\"8684\">Garder le r\u00e9cipient bien ferm\u00e9.<\/p>\n<\/li>\n<li data-start=\"8685\" data-end=\"8730\">\n<p data-start=\"8687\" data-end=\"8730\">Prot\u00e9ger contre <strong data-start=\"8702\" data-end=\"8727\">lumi\u00e8re, humidit\u00e9 et chaleur<\/strong>.<\/p>\n<\/li>\n<li data-start=\"8731\" data-end=\"8773\">\n<p data-start=\"8733\" data-end=\"8773\">Tenir hors de port\u00e9e des personnes non autoris\u00e9es.<\/p>\n<\/li>\n<\/ul>\n<hr data-start=\"8775\" data-end=\"8778\" \/>\n<h3 data-start=\"8780\" data-end=\"8815\"><strong data-start=\"8784\" data-end=\"8815\">Foire aux questions (FAQ)<\/strong><\/h3>\n<p data-start=\"8817\" data-end=\"9007\"><strong data-start=\"8817\" data-end=\"8869\">1. \u00c0 quoi sert l&#039;ADB-B (ADB-BUTINACA) ?<\/strong><br data-start=\"8869\" data-end=\"8872\" \/>ADB-BUTINACA est utilis\u00e9 pour <strong data-start=\"8905\" data-end=\"8943\">recherche m\u00e9dico-l\u00e9gale et analytique<\/strong>, en particulier dans <strong data-start=\"8957\" data-end=\"9004\">\u00e9tudes de liaison aux r\u00e9cepteurs et \u00e9tudes toxicologiques<\/strong>.<\/p>\n<p data-start=\"9009\" data-end=\"9210\"><strong data-start=\"9009\" data-end=\"9068\">2. L\u2019ADB-BUTINACA est-il propre \u00e0 la consommation humaine ?<\/strong><br data-start=\"9068\" data-end=\"9071\" \/>Non. <strong data-start=\"9076\" data-end=\"9092\">ADB-BUTINACA<\/strong> est <strong data-start=\"9096\" data-end=\"9146\">destin\u00e9 uniquement \u00e0 la recherche en laboratoire<\/strong> et <strong data-start=\"9150\" data-end=\"9207\">ne convient pas \u00e0 la consommation humaine ou animale<\/strong>.<\/p>\n<p data-start=\"9212\" data-end=\"9333\"><strong data-start=\"9212\" data-end=\"9256\">3. Comment conserver au mieux ADB-BUTINACA ?<\/strong><br data-start=\"9256\" data-end=\"9259\" \/>\u00c9conomisez sur <strong data-start=\"9270\" data-end=\"9279\">2\u20138\u00b0C<\/strong>, dans un <strong data-start=\"9288\" data-end=\"9330\">environnement sec, sombre et herm\u00e9tique<\/strong>.<\/p>\n<hr data-start=\"9335\" data-end=\"9338\" \/>\n<h3 data-start=\"9340\" data-end=\"9357\"><strong data-start=\"9344\" data-end=\"9357\">Conclusion<\/strong><\/h3>\n<p data-start=\"9359\" data-end=\"9628\"><strong data-start=\"9359\" data-end=\"9383\">ADB-B (ADB-BUTINACA)<\/strong> offres <strong data-start=\"9390\" data-end=\"9452\">excellente puret\u00e9, stabilit\u00e9 et reproductibilit\u00e9<\/strong>, id\u00e9al pour <strong data-start=\"9466\" data-end=\"9504\">recherche m\u00e9dico-l\u00e9gale et analytique<\/strong>.<br data-start=\"9505\" data-end=\"9508\" \/>Un choix fiable pour les laboratoires ax\u00e9s sur <strong data-start=\"9567\" data-end=\"9625\">analyse des cannabino\u00efdes synth\u00e9tiques et recherche sur les r\u00e9cepteurs<\/strong>.<\/p>\n<h1><a style=\"font-size: 16px;\" href=\"https:\/\/researchchemicalhub.com\/fr\/boutique\/iboga-ibogaine\/ecorce-de-racine-diboga\/\"><span dir=\"auto\" style=\"vertical-align: inherit;\"><span dir=\"auto\" style=\"vertical-align: inherit;\">\u00c9corce de racine d&#039;iboga<\/span><\/span><\/a><a style=\"font-size: 16px;\" href=\"https:\/\/researchchemicalhub.com\/fr\/boutique\/iboga-ibogaine\/acheter-de-libogaine-hcl\/\"><span dir=\"auto\" style=\"vertical-align: inherit;\"><span dir=\"auto\" style=\"vertical-align: inherit;\">\u200b acheter de l&#039;iboga\u00efne hcl en ligne<\/span><\/span><\/a><a style=\"font-size: 16px;\" href=\"https:\/\/researchchemicalhub.com\/fr\/boutique\/lysergamides\/1cp-lsd-150-mcg-2\/\"><span dir=\"auto\" style=\"vertical-align: inherit;\"><span dir=\"auto\" style=\"vertical-align: inherit;\">1 cp de LSD <\/span><\/span><\/a><a style=\"font-size: 16px;\" href=\"https:\/\/researchchemicalhub.com\/fr\/boutique\/granules-2\/o-dsmt-50-mg-granules\/\"><span dir=\"auto\" style=\"vertical-align: inherit;\"><span dir=\"auto\" style=\"vertical-align: inherit;\">o-dsmt <\/span><\/span><\/a><a style=\"font-size: 16px;\" href=\"https:\/\/researchchemicalhub.com\/fr\/boutique\/lysergamides\/buvards-1v-lsd-150-mcg\/\"><span dir=\"auto\" style=\"vertical-align: inherit;\"><span dir=\"auto\" style=\"vertical-align: inherit;\">1vlsd<\/span><\/span><\/a><\/h1>","protected":false},"excerpt":{"rendered":"<h3><span dir=\"auto\" style=\"vertical-align: inherit;\"><span dir=\"auto\" style=\"vertical-align: inherit;\">Propri\u00e9t\u00e9s ADB-B \/ ADB-BUTINACA<\/span><\/span><\/h3>\n<p><strong><span dir=\"auto\" style=\"vertical-align: inherit;\"><span dir=\"auto\" style=\"vertical-align: inherit;\">Synonyme:<\/span><\/span><\/strong><span dir=\"auto\" style=\"vertical-align: inherit;\"><span dir=\"auto\" style=\"vertical-align: inherit;\"> ADB-B \/ ADB-BUTINACA <\/span><\/span><br \/>\n<strong><span dir=\"auto\" style=\"vertical-align: inherit;\"><span dir=\"auto\" style=\"vertical-align: inherit;\">Num\u00e9ro CAS :<\/span><\/span><\/strong><span dir=\"auto\" style=\"vertical-align: inherit;\"><span dir=\"auto\" style=\"vertical-align: inherit;\"> 2682867-55-4 <\/span><\/span><br \/>\n<strong><span dir=\"auto\" style=\"vertical-align: inherit;\"><span dir=\"auto\" style=\"vertical-align: inherit;\">Formule:<\/span><\/span><\/strong><span dir=\"auto\" style=\"vertical-align: inherit;\"><span dir=\"auto\" style=\"vertical-align: inherit;\"> C <\/span><\/span><sub><small><span dir=\"auto\" style=\"vertical-align: inherit;\"><span dir=\"auto\" style=\"vertical-align: inherit;\">18<\/span><\/span><\/small><\/sub><span dir=\"auto\" style=\"vertical-align: inherit;\"><span dir=\"auto\" style=\"vertical-align: inherit;\"> H <\/span><\/span><sub><small><span dir=\"auto\" style=\"vertical-align: inherit;\"><span dir=\"auto\" style=\"vertical-align: inherit;\">26<\/span><\/span><\/small><\/sub><span dir=\"auto\" style=\"vertical-align: inherit;\"><span dir=\"auto\" style=\"vertical-align: inherit;\"> N <\/span><\/span><sub><small><span dir=\"auto\" style=\"vertical-align: inherit;\"><span dir=\"auto\" style=\"vertical-align: inherit;\">4<\/span><\/span><\/small><\/sub><span dir=\"auto\" style=\"vertical-align: inherit;\"><span dir=\"auto\" style=\"vertical-align: inherit;\"> O <\/span><\/span><sub><small><span dir=\"auto\" style=\"vertical-align: inherit;\"><span dir=\"auto\" style=\"vertical-align: inherit;\">2<\/span><\/span><\/small><\/sub><br \/>\n<strong><span dir=\"auto\" style=\"vertical-align: inherit;\"><span dir=\"auto\" style=\"vertical-align: inherit;\"> Masse molaire :<\/span><\/span><\/strong><span dir=\"auto\" style=\"vertical-align: inherit;\"><span dir=\"auto\" style=\"vertical-align: inherit;\"> 330.4 <\/span><\/span><br \/>\n<strong><span dir=\"auto\" style=\"vertical-align: inherit;\"><span dir=\"auto\" style=\"vertical-align: inherit;\">Puret\u00e9:<\/span><\/span><\/strong><span dir=\"auto\" style=\"vertical-align: inherit;\"><span dir=\"auto\" style=\"vertical-align: inherit;\"> &gt;98%<\/span><\/span><\/p>","protected":false},"featured_media":28473,"comment_status":"closed","ping_status":"closed","template":"","meta":[],"product_brand":[82],"product_cat":[488],"product_tag":[893,894,895,896],"class_list":{"0":"post-23926","1":"product","2":"type-product","3":"status-publish","4":"has-post-thumbnail","6":"product_brand-research-chemical","7":"product_cat-verboden","8":"product_tag-adb-butinaca","9":"product_tag-adb-butinaca-buy","10":"product_tag-adb-butinaca-psychonaut","11":"product_tag-adb-butinaca-wiki","13":"first","14":"instock","15":"taxable","16":"shipping-taxable","17":"purchasable","18":"product-type-variable"},"_links":{"self":[{"href":"https:\/\/researchchemicalhub.com\/fr\/wp-json\/wp\/v2\/product\/23926","targetHints":{"allow":["GET"]}}],"collection":[{"href":"https:\/\/researchchemicalhub.com\/fr\/wp-json\/wp\/v2\/product"}],"about":[{"href":"https:\/\/researchchemicalhub.com\/fr\/wp-json\/wp\/v2\/types\/product"}],"replies":[{"embeddable":true,"href":"https:\/\/researchchemicalhub.com\/fr\/wp-json\/wp\/v2\/comments?post=23926"}],"version-history":[{"count":6,"href":"https:\/\/researchchemicalhub.com\/fr\/wp-json\/wp\/v2\/product\/23926\/revisions"}],"predecessor-version":[{"id":27919,"href":"https:\/\/researchchemicalhub.com\/fr\/wp-json\/wp\/v2\/product\/23926\/revisions\/27919"}],"wp:featuredmedia":[{"embeddable":true,"href":"https:\/\/researchchemicalhub.com\/fr\/wp-json\/wp\/v2\/media\/28473"}],"wp:attachment":[{"href":"https:\/\/researchchemicalhub.com\/fr\/wp-json\/wp\/v2\/media?parent=23926"}],"wp:term":[{"taxonomy":"product_brand","embeddable":true,"href":"https:\/\/researchchemicalhub.com\/fr\/wp-json\/wp\/v2\/product_brand?post=23926"},{"taxonomy":"product_cat","embeddable":true,"href":"https:\/\/researchchemicalhub.com\/fr\/wp-json\/wp\/v2\/product_cat?post=23926"},{"taxonomy":"product_tag","embeddable":true,"href":"https:\/\/researchchemicalhub.com\/fr\/wp-json\/wp\/v2\/product_tag?post=23926"}],"curies":[{"name":"wp","href":"https:\/\/api.w.org\/{rel}","templated":true}]}}