{"id":23915,"date":"2025-04-13T17:40:40","date_gmt":"2025-04-13T17:40:40","guid":{"rendered":"https:\/\/researchchemicalhub.com\/?post_type=product&#038;p=23915"},"modified":"2025-10-30T07:54:01","modified_gmt":"2025-10-30T07:54:01","slug":"nb-5-meo-dalt-oxalate","status":"publish","type":"product","link":"https:\/\/researchchemicalhub.com\/fr\/boutique\/nb-5-mai-dalt\/nb-5-meo-dalt-oxalate\/","title":{"rendered":"NB-5-MeO-DALT Oxalate"},"content":{"rendered":"<h3 data-start=\"6074\" data-end=\"6093\"><strong data-start=\"6078\" data-end=\"6093\">Introduction<\/strong><\/h3>\n<p data-start=\"6095\" data-end=\"6425\"><strong data-start=\"6095\" data-end=\"6120\">NB-5-MeO-DALT Oxalate<\/strong> est un <strong data-start=\"6128\" data-end=\"6172\">mat\u00e9riel de recherche de qualit\u00e9 analytique<\/strong>, d\u00e9velopp\u00e9 pour <strong data-start=\"6190\" data-end=\"6244\">recherche chimique, scientifique et m\u00e9dico-l\u00e9gale<\/strong>. Oxalate de NB-5-MeO-DALT<br data-start=\"6245\" data-end=\"6248\" \/>C&#039;est le <strong data-start=\"6259\" data-end=\"6274\">sel d&#039;oxalate<\/strong> par <strong data-start=\"6279\" data-end=\"6327\">5-MeO-DALT (N,N-diallyl-5-m\u00e9thoxytryptamine)<\/strong>, une connexion du <strong data-start=\"6351\" data-end=\"6372\">famille des tryptamines<\/strong>, structurellement apparent\u00e9s aux indoleamines naturelles.<\/p>\n<p data-start=\"6427\" data-end=\"6678\">Produit sous <strong data-start=\"6446\" data-end=\"6487\">Normes BPL (Bonnes Pratiques de Laboratoire)<\/strong>, ce tissu offre une <strong data-start=\"6509\" data-end=\"6532\">puret\u00e9 de \u226599%<\/strong>, <strong data-start=\"6534\" data-end=\"6559\">stabilit\u00e9 chimique<\/strong> et <strong data-start=\"6563\" data-end=\"6585\">coh\u00e9rence des lots<\/strong>, ce qui le rend id\u00e9al pour <strong data-start=\"6613\" data-end=\"6675\">recherche chromatographique, spectroscopique et structurale<\/strong>.<\/p>\n<blockquote data-start=\"6680\" data-end=\"6824\">\n<p data-start=\"6682\" data-end=\"6824\">\u26a0\ufe0f <strong data-start=\"6685\" data-end=\"6696\">NB:<\/strong> Ce produit est <strong data-start=\"6712\" data-end=\"6762\">destin\u00e9 uniquement \u00e0 la recherche en laboratoire<\/strong> et <strong data-start=\"6766\" data-end=\"6823\">ne convient pas \u00e0 la consommation humaine ou animale<\/strong>.<\/p>\n<\/blockquote>\n<hr data-start=\"6826\" data-end=\"6829\" \/>\n<h3 data-start=\"6831\" data-end=\"6862\"><strong data-start=\"6835\" data-end=\"6862\">Caract\u00e9ristiques principales<\/strong><\/h3>\n<ul data-start=\"6864\" data-end=\"7356\">\n<li data-start=\"6864\" data-end=\"6931\">\n<p data-start=\"6866\" data-end=\"6931\"><strong data-start=\"6866\" data-end=\"6898\">Haute puret\u00e9 analytique :<\/strong> \u226599% test\u00e9 par HPLC et GC-MS.<\/p>\n<\/li>\n<li data-start=\"6932\" data-end=\"7025\">\n<p data-start=\"6934\" data-end=\"7025\"><strong data-start=\"6934\" data-end=\"6958\">Sel d&#039;oxalate stable :<\/strong> Stabilit\u00e9 accrue et dur\u00e9e de conservation plus longue que la base libre.<\/p>\n<\/li>\n<li data-start=\"7026\" data-end=\"7095\">\n<p data-start=\"7028\" data-end=\"7095\"><strong data-start=\"7028\" data-end=\"7046\">Production BPL :<\/strong> Fabriqu\u00e9 selon des normes de laboratoire strictes.<\/p>\n<\/li>\n<li data-start=\"7096\" data-end=\"7183\">\n<p data-start=\"7098\" data-end=\"7183\"><strong data-start=\"7098\" data-end=\"7127\">Coh\u00e9rence fiable :<\/strong> Chaque lot a \u00e9t\u00e9 v\u00e9rifi\u00e9 pour son identit\u00e9 et sa puret\u00e9. NB-5-MeO-DALT Oxalate<\/p>\n<\/li>\n<li data-start=\"7184\" data-end=\"7276\">\n<p data-start=\"7186\" data-end=\"7276\"><strong data-start=\"7186\" data-end=\"7225\">Applicable \u00e0 la recherche m\u00e9dico-l\u00e9gale :<\/strong> Convient pour <strong data-start=\"7240\" data-end=\"7273\">analyses de tryptamine et d&#039;indole<\/strong>.<\/p>\n<\/li>\n<li data-start=\"7277\" data-end=\"7356\">\n<p data-start=\"7279\" data-end=\"7356\"><strong data-start=\"7279\" data-end=\"7302\">Emballage s\u00fbr :<\/strong> Herm\u00e9tique et scell\u00e9 pour une dur\u00e9e de conservation optimale.<\/p>\n<\/li>\n<\/ul>\n<hr data-start=\"7358\" data-end=\"7361\" \/>\n<h3 data-start=\"7363\" data-end=\"7380\"><strong data-start=\"7367\" data-end=\"7380\">Avantages<\/strong><\/h3>\n<ol data-start=\"7382\" data-end=\"7834\">\n<li data-start=\"7382\" data-end=\"7464\">\n<p data-start=\"7385\" data-end=\"7464\"><strong data-start=\"7385\" data-end=\"7412\">Composition stable :<\/strong> La forme oxalate offre une stabilit\u00e9 \u00e0 long terme.<\/p>\n<\/li>\n<li data-start=\"7465\" data-end=\"7556\">\n<p data-start=\"7468\" data-end=\"7556\"><strong data-start=\"7468\" data-end=\"7505\">R\u00e9sultats de recherche fiables :<\/strong> Une puret\u00e9 \u00e9lev\u00e9e garantit des donn\u00e9es reproductibles.<\/p>\n<\/li>\n<li data-start=\"7557\" data-end=\"7658\">\n<p data-start=\"7560\" data-end=\"7658\"><strong data-start=\"7560\" data-end=\"7588\">Qualit\u00e9 professionnelle :<\/strong> Id\u00e9al pour <strong data-start=\"7601\" data-end=\"7655\">applications chromatographiques et spectroscopiques<\/strong>.<\/p>\n<\/li>\n<li data-start=\"7659\" data-end=\"7752\">\n<p data-start=\"7662\" data-end=\"7752\"><strong data-start=\"7662\" data-end=\"7692\">Facilit\u00e9 d&#039;utilisation m\u00e9dico-l\u00e9gale :<\/strong> Convient pour <strong data-start=\"7707\" data-end=\"7749\">recherche toxicologique et structurelle<\/strong>.<\/p>\n<\/li>\n<li data-start=\"7753\" data-end=\"7834\">\n<p data-start=\"7756\" data-end=\"7834\"><strong data-start=\"7756\" data-end=\"7782\">Facile \u00e0 utiliser :<\/strong> Application s\u00fbre et pr\u00e9cise en laboratoire.<\/p>\n<\/li>\n<\/ol>\n<hr data-start=\"7836\" data-end=\"7839\" \/>\n<h3 data-start=\"7841\" data-end=\"7880\"><strong data-start=\"7845\" data-end=\"7880\">Utilisation (pour la recherche uniquement)<\/strong><\/h3>\n<ol data-start=\"7882\" data-end=\"8301\">\n<li data-start=\"7882\" data-end=\"7969\">\n<p data-start=\"7885\" data-end=\"7969\"><strong data-start=\"7885\" data-end=\"7916\">Portez des v\u00eatements de protection :<\/strong> Gants, lunettes de s\u00e9curit\u00e9 et blouse de laboratoire obligatoires.<\/p>\n<\/li>\n<li data-start=\"7970\" data-end=\"8056\">\n<p data-start=\"7973\" data-end=\"8056\"><strong data-start=\"7973\" data-end=\"8012\">Utilisation en environnement contr\u00f4l\u00e9 :<\/strong> \u00c9viter l&#039;exposition \u00e0 l&#039;air ou \u00e0 l&#039;humidit\u00e9.<\/p>\n<\/li>\n<li data-start=\"8057\" data-end=\"8138\">\n<p data-start=\"8060\" data-end=\"8138\"><strong data-start=\"8060\" data-end=\"8087\">Notez les informations sur le lot\u00a0:<\/strong> Enregistrez la puret\u00e9, la quantit\u00e9 et les conditions.<\/p>\n<\/li>\n<li data-start=\"8139\" data-end=\"8208\">\n<p data-start=\"8142\" data-end=\"8208\"><strong data-start=\"8142\" data-end=\"8179\">Utiliser un \u00e9quipement calibr\u00e9 :<\/strong> Pour des mesures pr\u00e9cises.<\/p>\n<\/li>\n<li data-start=\"8209\" data-end=\"8301\">\n<p data-start=\"8212\" data-end=\"8301\"><strong data-start=\"8212\" data-end=\"8246\">\u00c9liminer les d\u00e9chets en toute s\u00e9curit\u00e9 :<\/strong> Suivez les consignes de s\u00e9curit\u00e9 du laboratoire.<\/p>\n<\/li>\n<\/ol>\n<blockquote data-start=\"8303\" data-end=\"8380\">\n<p data-start=\"8305\" data-end=\"8380\">\u2697\ufe0f <strong data-start=\"8308\" data-end=\"8380\">R\u00e9serv\u00e9 aux tests en laboratoire \u2013 non destin\u00e9 \u00e0 la consommation humaine.<\/strong><\/p>\n<\/blockquote>\n<hr data-start=\"8382\" data-end=\"8385\" \/>\n<h3 data-start=\"8387\" data-end=\"8412\"><strong data-start=\"8391\" data-end=\"8412\">Instructions de stockage<\/strong><\/h3>\n<ul data-start=\"8414\" data-end=\"8582\">\n<li data-start=\"8414\" data-end=\"8456\">\n<p data-start=\"8416\" data-end=\"8456\">\u00c9conomisez sur <strong data-start=\"8427\" data-end=\"8436\">2\u20138\u00b0C<\/strong>, sec et sombre.<\/p>\n<\/li>\n<li data-start=\"8457\" data-end=\"8493\">\n<p data-start=\"8459\" data-end=\"8493\">Garder le r\u00e9cipient bien ferm\u00e9.<\/p>\n<\/li>\n<li data-start=\"8494\" data-end=\"8539\">\n<p data-start=\"8496\" data-end=\"8539\">Prot\u00e9ger contre <strong data-start=\"8511\" data-end=\"8536\">lumi\u00e8re, chaleur et humidit\u00e9<\/strong>.<\/p>\n<\/li>\n<li data-start=\"8540\" data-end=\"8582\">\n<p data-start=\"8542\" data-end=\"8582\">Tenir hors de port\u00e9e des personnes non autoris\u00e9es.<\/p>\n<\/li>\n<\/ul>\n<hr data-start=\"8584\" data-end=\"8587\" \/>\n<h3 data-start=\"8589\" data-end=\"8624\"><strong data-start=\"8593\" data-end=\"8624\">Foire aux questions (FAQ)<\/strong><\/h3>\n<p data-start=\"8626\" data-end=\"8795\"><strong data-start=\"8626\" data-end=\"8679\">1. \u00c0 quoi sert l&#039;oxalate de NB-5-MeO-DALT ?<\/strong><br data-start=\"8679\" data-end=\"8682\" \/>Pour <strong data-start=\"8687\" data-end=\"8735\">recherche analytique, chimique et m\u00e9dico-l\u00e9gale<\/strong>, principalement ax\u00e9 sur <strong data-start=\"8755\" data-end=\"8792\">compos\u00e9s tryptamine et indole<\/strong>.<\/p>\n<p data-start=\"8797\" data-end=\"9005\"><strong data-start=\"8797\" data-end=\"8854\">2. L&#039;oxalate de NB-5-MeO-DALT est-il propre \u00e0 la consommation ?<\/strong><br data-start=\"8854\" data-end=\"8857\" \/>Non. <strong data-start=\"8862\" data-end=\"8887\">NB-5-MeO-DALT Oxalate<\/strong> est <strong data-start=\"8891\" data-end=\"8941\">destin\u00e9 uniquement \u00e0 la recherche en laboratoire<\/strong> et <strong data-start=\"8945\" data-end=\"9002\">ne convient pas \u00e0 la consommation humaine ou animale<\/strong>.<\/p>\n<p data-start=\"9007\" data-end=\"9165\"><strong data-start=\"9007\" data-end=\"9060\">3. Comment conserver l&#039;oxalate de NB-5-MeO-DALT ?<\/strong><br data-start=\"9060\" data-end=\"9063\" \/>\u00c9conomisez sur un <strong data-start=\"9077\" data-end=\"9119\">endroit frais, sec et sombre (2\u20138\u00b0C)<\/strong> dans le <strong data-start=\"9126\" data-end=\"9162\">emballage herm\u00e9tique d&#039;origine<\/strong>.<\/p>\n<hr data-start=\"9167\" data-end=\"9170\" \/>\n<h3 data-start=\"9172\" data-end=\"9189\"><strong data-start=\"9176\" data-end=\"9189\">Conclusion<\/strong><\/h3>\n<p data-start=\"9191\" data-end=\"9456\"><strong data-start=\"9191\" data-end=\"9216\">NB-5-MeO-DALT Oxalate<\/strong> est un <strong data-start=\"9224\" data-end=\"9255\">mat\u00e9riel de recherche de haute qualit\u00e9<\/strong> avec une excellente <strong data-start=\"9272\" data-end=\"9322\">stabilit\u00e9, puret\u00e9 et reproductibilit\u00e9<\/strong>.<br data-start=\"9323\" data-end=\"9326\" \/>C&#039;est le choix id\u00e9al pour les laboratoires se concentrant sur <strong data-start=\"9386\" data-end=\"9453\">analyse de la tryptamine, recherche sur l&#039;indole et applications m\u00e9dico-l\u00e9gales<\/strong>.<\/p>","protected":false},"excerpt":{"rendered":"<h3><span data-sheets-value=\"{\" data-sheets-userformat=\"{\"><span style=\"vertical-align: inherit;\"><span style=\"vertical-align: inherit;\">Propri\u00e9t\u00e9s de l&#039;oxalate NB-5-MeO-DALT<\/span><\/span><\/span><\/h3>\n<p><strong><span style=\"vertical-align: inherit;\"><span style=\"vertical-align: inherit;\">Synonyme : oxalate de tert-butyle 3-(2-(diallylamino)\u00e9thyl)-5-m\u00e9thoxy-1H-indole-1-carboxylate <\/span><\/span><\/strong><br \/>\n<strong><span style=\"vertical-align: inherit;\"><span style=\"vertical-align: inherit;\">Num\u00e9ro CAS :<\/span><\/span><\/strong><span style=\"vertical-align: inherit;\"><span style=\"vertical-align: inherit;\"> aucun <\/span><\/span><br \/>\n<strong><span style=\"vertical-align: inherit;\"><span style=\"vertical-align: inherit;\">Formule:<\/span><\/span><\/strong><span style=\"vertical-align: inherit;\"><span style=\"vertical-align: inherit;\"> XX <\/span><\/span><br \/>\n<strong><span style=\"vertical-align: inherit;\"><span style=\"vertical-align: inherit;\">Masse molaire :<\/span><\/span><\/strong><span style=\"vertical-align: inherit;\"><span style=\"vertical-align: inherit;\"> xx <\/span><\/span><br \/>\n<strong><span style=\"vertical-align: inherit;\"><span style=\"vertical-align: inherit;\">Puret\u00e9:<\/span><\/span><\/strong><span style=\"vertical-align: inherit;\"><span style=\"vertical-align: inherit;\"> 98%&gt;<\/span><\/span><\/p>","protected":false},"featured_media":28567,"comment_status":"closed","ping_status":"closed","template":"","meta":[],"product_brand":[],"product_cat":[489,381],"product_tag":[452,1103],"class_list":{"0":"post-23915","1":"product","2":"type-product","3":"status-publish","4":"has-post-thumbnail","6":"product_cat-nb-5-meo-dalt","7":"product_cat-tryptamines","8":"product_tag-de","9":"product_tag-nb-5-meo-dalt-oxalate-2","11":"first","12":"instock","13":"taxable","14":"shipping-taxable","15":"purchasable","16":"product-type-variable"},"_links":{"self":[{"href":"https:\/\/researchchemicalhub.com\/fr\/wp-json\/wp\/v2\/product\/23915","targetHints":{"allow":["GET"]}}],"collection":[{"href":"https:\/\/researchchemicalhub.com\/fr\/wp-json\/wp\/v2\/product"}],"about":[{"href":"https:\/\/researchchemicalhub.com\/fr\/wp-json\/wp\/v2\/types\/product"}],"replies":[{"embeddable":true,"href":"https:\/\/researchchemicalhub.com\/fr\/wp-json\/wp\/v2\/comments?post=23915"}],"version-history":[{"count":6,"href":"https:\/\/researchchemicalhub.com\/fr\/wp-json\/wp\/v2\/product\/23915\/revisions"}],"predecessor-version":[{"id":27922,"href":"https:\/\/researchchemicalhub.com\/fr\/wp-json\/wp\/v2\/product\/23915\/revisions\/27922"}],"wp:featuredmedia":[{"embeddable":true,"href":"https:\/\/researchchemicalhub.com\/fr\/wp-json\/wp\/v2\/media\/28567"}],"wp:attachment":[{"href":"https:\/\/researchchemicalhub.com\/fr\/wp-json\/wp\/v2\/media?parent=23915"}],"wp:term":[{"taxonomy":"product_brand","embeddable":true,"href":"https:\/\/researchchemicalhub.com\/fr\/wp-json\/wp\/v2\/product_brand?post=23915"},{"taxonomy":"product_cat","embeddable":true,"href":"https:\/\/researchchemicalhub.com\/fr\/wp-json\/wp\/v2\/product_cat?post=23915"},{"taxonomy":"product_tag","embeddable":true,"href":"https:\/\/researchchemicalhub.com\/fr\/wp-json\/wp\/v2\/product_tag?post=23915"}],"curies":[{"name":"wp","href":"https:\/\/api.w.org\/{rel}","templated":true}]}}