{"id":23824,"date":"2025-04-13T17:40:30","date_gmt":"2025-04-13T17:40:30","guid":{"rendered":"https:\/\/researchchemicalhub.com\/?post_type=product&#038;p=23824"},"modified":"2025-10-30T08:12:06","modified_gmt":"2025-10-30T08:12:06","slug":"nep","status":"publish","type":"product","link":"https:\/\/researchchemicalhub.com\/fr\/shop\/bijna-verboden\/nep\/","title":{"rendered":"NEP (N-\u00e9thylpent\u00e9drone)"},"content":{"rendered":"<p data-start=\"4929\" data-end=\"5282\"><strong data-start=\"4929\" data-end=\"4956\">NEP (N-\u00e9thylpent\u00e9drone)<\/strong> est un <strong data-start=\"4964\" data-end=\"4997\">d\u00e9riv\u00e9 synth\u00e9tique de la cathinone<\/strong> qui est souvent utilis\u00e9 comme <strong data-start=\"5026\" data-end=\"5059\">mat\u00e9riel de r\u00e9f\u00e9rence et de recherche<\/strong> dans les laboratoires d&#039;analyse et de criminalistique. Il est structurellement apparent\u00e9 \u00e0 <strong data-start=\"5134\" data-end=\"5148\">pent\u00e9drone<\/strong> et appartient \u00e0 la <strong data-start=\"5167\" data-end=\"5190\">\u03b2-c\u00e9to-amph\u00e9tamines<\/strong>, ce qui le rend pr\u00e9cieux pour la recherche sur <strong data-start=\"5238\" data-end=\"5281\">structure chimique et m\u00e9thodes de d\u00e9tection<\/strong>. Faux<\/p>\n<p data-start=\"5284\" data-end=\"5590\">Ce produit est <strong data-start=\"5299\" data-end=\"5368\">exclusivement destin\u00e9 \u00e0 la recherche scientifique et m\u00e9dico-l\u00e9gale<\/strong> et <strong data-start=\"5372\" data-end=\"5429\">ne convient pas \u00e0 la consommation humaine ou animale<\/strong>Les laboratoires utilisent le NEP pour <strong data-start=\"5462\" data-end=\"5506\">profilage chimique, validation de la d\u00e9tection<\/strong> et <strong data-start=\"5510\" data-end=\"5546\">d\u00e9veloppement de m\u00e9thodes analytiques<\/strong> avec des techniques telles que <strong data-start=\"5568\" data-end=\"5577\">GC-MS<\/strong> et <strong data-start=\"5581\" data-end=\"5589\">HPLC<\/strong>.<\/p>\n<hr data-start=\"5592\" data-end=\"5595\" \/>\n<h3 data-start=\"5597\" data-end=\"5628\"><strong data-start=\"5601\" data-end=\"5628\">Caract\u00e9ristiques principales<\/strong><\/h3>\n<ul data-start=\"5630\" data-end=\"6141\">\n<li data-start=\"5630\" data-end=\"5731\">\n<p data-start=\"5632\" data-end=\"5731\"><strong data-start=\"5632\" data-end=\"5652\">Haute puret\u00e9 :<\/strong> Fabriqu\u00e9 sous un contr\u00f4le de qualit\u00e9 strict pour une fiabilit\u00e9 maximale.<\/p>\n<\/li>\n<li data-start=\"5732\" data-end=\"5826\">\n<p data-start=\"5734\" data-end=\"5826\"><strong data-start=\"5734\" data-end=\"5760\">Composition test\u00e9e :<\/strong> Chaque lot est livr\u00e9 avec un <strong data-start=\"5795\" data-end=\"5823\">certificat d&#039;analyse (COA)<\/strong>.<\/p>\n<\/li>\n<li data-start=\"5827\" data-end=\"5938\">\n<p data-start=\"5829\" data-end=\"5938\"><strong data-start=\"5829\" data-end=\"5852\">Structure stable:<\/strong> Convient pour des r\u00e9sultats de recherche coh\u00e9rents dans diverses applications analytiques.<\/p>\n<\/li>\n<li data-start=\"5939\" data-end=\"6038\">\n<p data-start=\"5941\" data-end=\"6038\"><strong data-start=\"5941\" data-end=\"5972\">Niveau de qualit\u00e9 de la recherche :<\/strong> Convient pour une utilisation dans les \u00e9tudes toxicologiques et m\u00e9dico-l\u00e9gales.<\/p>\n<\/li>\n<li data-start=\"6039\" data-end=\"6141\">\n<p data-start=\"6041\" data-end=\"6141\"><strong data-start=\"6041\" data-end=\"6064\">Emballage s\u00fbr :<\/strong> Les contenants herm\u00e9tiques et r\u00e9sistants aux produits chimiques garantissent la stabilit\u00e9 du produit.<\/p>\n<\/li>\n<\/ul>\n<hr data-start=\"6143\" data-end=\"6146\" \/>\n<h3 data-start=\"6148\" data-end=\"6165\"><strong data-start=\"6152\" data-end=\"6165\">Avantages<\/strong><\/h3>\n<ul data-start=\"6167\" data-end=\"6651\">\n<li data-start=\"6167\" data-end=\"6252\">\n<p data-start=\"6169\" data-end=\"6252\"><strong data-start=\"6169\" data-end=\"6206\">R\u00e9sultats de recherche fiables :<\/strong> Fournit des donn\u00e9es pr\u00e9cises et reproductibles.<\/p>\n<\/li>\n<li data-start=\"6253\" data-end=\"6350\">\n<p data-start=\"6255\" data-end=\"6350\"><strong data-start=\"6255\" data-end=\"6284\">Applications m\u00e9dico-l\u00e9gales :<\/strong> Souvent utilis\u00e9 dans l&#039;identification des analogues de la cathinone.<\/p>\n<\/li>\n<li data-start=\"6351\" data-end=\"6437\">\n<p data-start=\"6353\" data-end=\"6437\"><strong data-start=\"6353\" data-end=\"6377\">Qualit\u00e9 constante :<\/strong> Minimise les variations entre les diff\u00e9rentes exp\u00e9riences.<\/p>\n<\/li>\n<li data-start=\"6438\" data-end=\"6551\">\n<p data-start=\"6440\" data-end=\"6551\"><strong data-start=\"6440\" data-end=\"6464\">Largement analysable :<\/strong> Compatible avec <strong data-start=\"6480\" data-end=\"6518\">chromatographie, spectrom\u00e9trie de masse<\/strong> et <strong data-start=\"6522\" data-end=\"6548\">spectroscopie infrarouge<\/strong>.<\/p>\n<\/li>\n<li data-start=\"6552\" data-end=\"6651\">\n<p data-start=\"6554\" data-end=\"6651\"><strong data-start=\"6554\" data-end=\"6588\">Conforme aux normes de s\u00e9curit\u00e9 :<\/strong> Fabriqu\u00e9 selon les directives internationales des laboratoires.<\/p>\n<\/li>\n<\/ul>\n<hr data-start=\"6653\" data-end=\"6656\" \/>\n<h3 data-start=\"6658\" data-end=\"6719\"><strong data-start=\"6662\" data-end=\"6719\">Instructions d&#039;utilisation (\u00e0 des fins de recherche uniquement)<\/strong><\/h3>\n<ol data-start=\"6721\" data-end=\"7133\">\n<li data-start=\"6721\" data-end=\"6828\">\n<p data-start=\"6724\" data-end=\"6828\"><strong data-start=\"6724\" data-end=\"6742\">Pr\u00e9paration:<\/strong> Utiliser dans un laboratoire accr\u00e9dit\u00e9 et porter un \u00e9quipement de protection appropri\u00e9.<\/p>\n<\/li>\n<li data-start=\"6829\" data-end=\"6919\">\n<p data-start=\"6832\" data-end=\"6919\"><strong data-start=\"6832\" data-end=\"6847\">Application:<\/strong> Appliquer des quantit\u00e9s tra\u00e7ables dans des conditions contr\u00f4l\u00e9es.<\/p>\n<\/li>\n<li data-start=\"6920\" data-end=\"7037\">\n<p data-start=\"6923\" data-end=\"7037\"><strong data-start=\"6923\" data-end=\"6934\">Stockage:<\/strong> \u00c9conomisez sur un <strong data-start=\"6949\" data-end=\"6983\">endroit frais, sec et sombre<\/strong>, bien ferm\u00e9 et \u00e0 l&#039;abri des sources de chaleur.<\/p>\n<\/li>\n<li data-start=\"7038\" data-end=\"7133\">\n<p data-start=\"7041\" data-end=\"7133\"><strong data-start=\"7041\" data-end=\"7052\">\u00c9limination:<\/strong> Traiter les restes selon les <strong data-start=\"7082\" data-end=\"7130\">directives locales pour la gestion des d\u00e9chets chimiques<\/strong>.<\/p>\n<\/li>\n<\/ol>\n<hr data-start=\"7135\" data-end=\"7138\" \/>\n<h3 data-start=\"7140\" data-end=\"7174\"><strong data-start=\"7144\" data-end=\"7174\">S\u00e9curit\u00e9 et conformit\u00e9<\/strong><\/h3>\n<ul data-start=\"7176\" data-end=\"7541\">\n<li data-start=\"7176\" data-end=\"7271\">\n<p data-start=\"7178\" data-end=\"7271\"><strong data-start=\"7178\" data-end=\"7214\">R\u00e9serv\u00e9 \u00e0 un usage en laboratoire\u00a0:<\/strong> Ne convient pas \u00e0 la consommation humaine ou animale.<\/p>\n<\/li>\n<li data-start=\"7272\" data-end=\"7347\">\n<p data-start=\"7274\" data-end=\"7347\"><strong data-start=\"7274\" data-end=\"7299\">Manipuler avec pr\u00e9caution :<\/strong> \u00c9viter le contact avec la peau, les yeux et les voies respiratoires.<\/p>\n<\/li>\n<li data-start=\"7348\" data-end=\"7450\">\n<p data-start=\"7350\" data-end=\"7450\"><strong data-start=\"7350\" data-end=\"7366\">R\u00e8glements:<\/strong> V\u00e9rifiez toujours le <strong data-start=\"7388\" data-end=\"7408\">l\u00e9gislation locale<\/strong> concernant l&#039;utilisation du NEP.<\/p>\n<\/li>\n<li data-start=\"7451\" data-end=\"7541\">\n<p data-start=\"7453\" data-end=\"7541\"><strong data-start=\"7453\" data-end=\"7470\">Documentation:<\/strong> UN <strong data-start=\"7475\" data-end=\"7511\">fiche de donn\u00e9es de s\u00e9curit\u00e9 (FDS)<\/strong> est disponible sur demande.<\/p>\n<\/li>\n<\/ul>\n<hr data-start=\"7543\" data-end=\"7546\" \/>\n<h3 data-start=\"7548\" data-end=\"7583\"><strong data-start=\"7552\" data-end=\"7583\">Foire aux questions (FAQ)<\/strong><\/h3>\n<p data-start=\"7585\" data-end=\"7734\"><strong data-start=\"7585\" data-end=\"7620\">1. \u00c0 quoi sert le NEP ?<\/strong><br data-start=\"7620\" data-end=\"7623\" \/>NEP est uniquement utilis\u00e9 comme <strong data-start=\"7658\" data-end=\"7691\">mat\u00e9riel de r\u00e9f\u00e9rence et de recherche<\/strong> dans les laboratoires d&#039;analyse et de criminalistique.<\/p>\n<p data-start=\"7736\" data-end=\"7907\"><strong data-start=\"7736\" data-end=\"7786\">2. Le NEP est-il propre \u00e0 la consommation humaine ?<\/strong><br data-start=\"7786\" data-end=\"7789\" \/>Non. Ce produit est <strong data-start=\"7809\" data-end=\"7866\">ne convient pas \u00e0 la consommation humaine ou animale<\/strong> et destin\u00e9 uniquement \u00e0 des fins de recherche.<\/p>\n<p data-start=\"7909\" data-end=\"8045\"><strong data-start=\"7909\" data-end=\"7947\">3. Comment le NEP doit-il \u00eatre stock\u00e9 ?<\/strong><br data-start=\"7947\" data-end=\"7950\" \/>Enregistrer dans un <strong data-start=\"7964\" data-end=\"8000\">environnement frais, sec et sombre<\/strong>, de pr\u00e9f\u00e9rence dans un placard de stockage de produits chimiques.<\/p>\n<p><a href=\"https:\/\/researchchemicalhub.com\/fr\/shop\/lysergamides\/1v-lsd-150-mcg-blotters\/\">buvards 1V-LSD 150 MCG <\/a><a href=\"https:\/\/researchchemicalhub.com\/fr\/shop\/cathinonen\/2-cmc-kopen\/\">Granul\u00e9s de 2-CMC 250 mg <\/a><a href=\"https:\/\/researchchemicalhub.com\/fr\/shop\/bijna-verboden\/6-cl-adba\/\">6-CL-ADBA <\/a><a href=\"https:\/\/researchchemicalhub.com\/fr\/shop\/bijna-verboden\/pink-star-pellets-5-mapb-70mg-2-fma-20mg-5-meo-mipt-2mg\/\">Granul\u00e9s Pink Star 5-MAPB 70 mg \/ 2-FMA 20 mg \/ 5-MeO-MiPT 2 mg <\/a><a href=\"https:\/\/researchchemicalhub.com\/fr\/shop\/bijna-verboden\/4f-mph-25-mg-pellets\/\">Granul\u00e9s 4F-MPH 25 MG<\/a><\/p>","protected":false},"excerpt":{"rendered":"<h2>FAUX<b>\u00a0<\/b>propri\u00e9t\u00e9s<\/h2>\n<p><strong>Synonyme: <\/strong>N-\u00e9thylpent\u00e9drone (\u03b1-\u00e9thylaminopentioph\u00e9none, \u03b1-EAPP, \u03b1-\u00e9thylaminoval\u00e9roph\u00e9none, N-\u00e9thylnorpent\u00e9drone)<strong><br \/>\nNum\u00e9ro CAS<\/strong>: 779974-89-9<br \/>\n<strong>Formule<\/strong>: <span title=\"Carbone\">C<\/span><sub>13<\/sub><span title=\"Hydrog\u00e8ne\">H<\/span><sub>19<\/sub><span title=\"Azote\">N<\/span><span title=\"Oxyg\u00e8ne\">O<\/span><br \/>\n<strong>Masse molaire<\/strong>: 205,301 g mol<br \/>\n<strong>Puret\u00e9<\/strong>: \u226598%<\/p>","protected":false},"featured_media":28570,"comment_status":"closed","ping_status":"closed","template":"","meta":[],"product_brand":[],"product_cat":[322,79,334],"product_tag":[604,654,1106,1107,609,597,326],"class_list":{"0":"post-23824","1":"product","2":"type-product","3":"status-publish","4":"has-post-thumbnail","6":"product_cat-bijna-verboden","7":"product_cat-cathinonen","8":"product_cat-nep","9":"product_tag-n-ethyl-pentedrone","10":"product_tag-n-ethylpentedrone","11":"product_tag-nep","12":"product_tag-nep-kopen","13":"product_tag-nep-research-chemical","14":"product_tag-nep-snuiven","15":"product_tag-nl","17":"first","18":"instock","19":"taxable","20":"shipping-taxable","21":"purchasable","22":"product-type-variable"},"_links":{"self":[{"href":"https:\/\/researchchemicalhub.com\/fr\/wp-json\/wp\/v2\/product\/23824","targetHints":{"allow":["GET"]}}],"collection":[{"href":"https:\/\/researchchemicalhub.com\/fr\/wp-json\/wp\/v2\/product"}],"about":[{"href":"https:\/\/researchchemicalhub.com\/fr\/wp-json\/wp\/v2\/types\/product"}],"replies":[{"embeddable":true,"href":"https:\/\/researchchemicalhub.com\/fr\/wp-json\/wp\/v2\/comments?post=23824"}],"version-history":[{"count":5,"href":"https:\/\/researchchemicalhub.com\/fr\/wp-json\/wp\/v2\/product\/23824\/revisions"}],"predecessor-version":[{"id":27947,"href":"https:\/\/researchchemicalhub.com\/fr\/wp-json\/wp\/v2\/product\/23824\/revisions\/27947"}],"wp:featuredmedia":[{"embeddable":true,"href":"https:\/\/researchchemicalhub.com\/fr\/wp-json\/wp\/v2\/media\/28570"}],"wp:attachment":[{"href":"https:\/\/researchchemicalhub.com\/fr\/wp-json\/wp\/v2\/media?parent=23824"}],"wp:term":[{"taxonomy":"product_brand","embeddable":true,"href":"https:\/\/researchchemicalhub.com\/fr\/wp-json\/wp\/v2\/product_brand?post=23824"},{"taxonomy":"product_cat","embeddable":true,"href":"https:\/\/researchchemicalhub.com\/fr\/wp-json\/wp\/v2\/product_cat?post=23824"},{"taxonomy":"product_tag","embeddable":true,"href":"https:\/\/researchchemicalhub.com\/fr\/wp-json\/wp\/v2\/product_tag?post=23824"}],"curies":[{"name":"wp","href":"https:\/\/api.w.org\/{rel}","templated":true}]}}