{"id":23807,"date":"2025-04-13T17:40:27","date_gmt":"2025-04-13T17:40:27","guid":{"rendered":"https:\/\/researchchemicalhub.com\/?post_type=product&#038;p=23807"},"modified":"2025-10-30T08:18:30","modified_gmt":"2025-10-30T08:18:30","slug":"4b-mar","status":"publish","type":"product","link":"https:\/\/researchchemicalhub.com\/fr\/shop\/aminorex\/4b-mar\/","title":{"rendered":"4B-MAR (4-bromo-4-m\u00e9thylaminorex)"},"content":{"rendered":"<p data-start=\"5051\" data-end=\"5284\"><strong data-start=\"5051\" data-end=\"5088\">4B-MAR (4-bromo-4-m\u00e9thylaminorex)<\/strong> est un <strong data-start=\"5096\" data-end=\"5129\">d\u00e9riv\u00e9 synth\u00e9tique d&#039;aminorex<\/strong> de la <strong data-start=\"5137\" data-end=\"5157\">classe des oxazolines<\/strong>. Il est utilis\u00e9 dans <strong data-start=\"5181\" data-end=\"5218\">chimie m\u00e9dico-l\u00e9gale et analytique<\/strong> en raison de sa similitude structurelle avec d\u2019autres analogues d\u2019aminorex. <span class=\"___SBox_epc1q-ko_ ___SText_zko9t-ko_\" data-ui-name=\"Link.Text\">4b mars<\/span><\/p>\n<p data-start=\"5286\" data-end=\"5540\">Ce produit est <strong data-start=\"5301\" data-end=\"5370\">exclusivement destin\u00e9 \u00e0 la recherche scientifique et analytique<\/strong>Les laboratoires l&#039;utilisent pour <strong data-start=\"5401\" data-end=\"5441\">compos\u00e9s d&#039;oxazoline substitu\u00e9s<\/strong> \u00e9tudier, <strong data-start=\"5457\" data-end=\"5492\">d\u00e9velopper des m\u00e9thodes de d\u00e9tection<\/strong> et <strong data-start=\"5496\" data-end=\"5537\">pour analyser les propri\u00e9t\u00e9s spectrales<\/strong>.<\/p>\n<p data-start=\"5542\" data-end=\"5689\">Le produit est <strong data-start=\"5557\" data-end=\"5614\">ne convient pas \u00e0 la consommation humaine ou animale<\/strong> et ne doit \u00eatre manipul\u00e9 que par du personnel de laboratoire qualifi\u00e9.<\/p>\n<hr data-start=\"5691\" data-end=\"5694\" \/>\n<h3 data-start=\"5696\" data-end=\"5727\"><strong data-start=\"5700\" data-end=\"5727\">Caract\u00e9ristiques principales<\/strong><\/h3>\n<ul data-start=\"5729\" data-end=\"6240\">\n<li data-start=\"5729\" data-end=\"5827\">\n<p data-start=\"5731\" data-end=\"5827\"><strong data-start=\"5731\" data-end=\"5751\">Haute puret\u00e9 :<\/strong> Fabriqu\u00e9 pour des r\u00e9sultats de recherche pr\u00e9cis et reproductibles.<\/p>\n<\/li>\n<li data-start=\"5828\" data-end=\"5937\">\n<p data-start=\"5830\" data-end=\"5937\"><strong data-start=\"5830\" data-end=\"5869\">Mat\u00e9riel de r\u00e9f\u00e9rence certifi\u00e9 :<\/strong> Fourni avec <strong data-start=\"5883\" data-end=\"5911\">certificat d&#039;analyse (COA)<\/strong> pour l&#039;assurance qualit\u00e9.<\/p>\n<\/li>\n<li data-start=\"5938\" data-end=\"6035\">\n<p data-start=\"5940\" data-end=\"6035\"><strong data-start=\"5940\" data-end=\"5972\">Compatibilit\u00e9 analytique :<\/strong> Convient pour <strong data-start=\"5987\" data-end=\"5996\">GC-MS<\/strong>, <strong data-start=\"5998\" data-end=\"6007\">LC-MS<\/strong> et <strong data-start=\"6011\" data-end=\"6019\">HPLC<\/strong> candidatures.<\/p>\n<\/li>\n<li data-start=\"6036\" data-end=\"6141\">\n<p data-start=\"6038\" data-end=\"6141\"><strong data-start=\"6038\" data-end=\"6064\">Applicable sur le plan m\u00e9dico-l\u00e9gal :<\/strong> Utilis\u00e9 en toxicologie, identification des compos\u00e9s et r\u00e9f\u00e9rences spectrales.<\/p>\n<\/li>\n<li data-start=\"6142\" data-end=\"6240\">\n<p data-start=\"6144\" data-end=\"6240\"><strong data-start=\"6144\" data-end=\"6171\">Composition stable :<\/strong> Con\u00e7u pour un stockage \u00e0 long terme dans des conditions de laboratoire.<\/p>\n<\/li>\n<\/ul>\n<hr data-start=\"6242\" data-end=\"6245\" \/>\n<h3 data-start=\"6247\" data-end=\"6264\"><strong data-start=\"6251\" data-end=\"6264\">Avantages<\/strong><\/h3>\n<ul data-start=\"6266\" data-end=\"6740\">\n<li data-start=\"6266\" data-end=\"6367\">\n<p data-start=\"6268\" data-end=\"6367\"><strong data-start=\"6268\" data-end=\"6305\">Soutient les enqu\u00eates m\u00e9dico-l\u00e9gales :<\/strong> Aide \u00e0 l\u2019identification et \u00e0 la validation des analogues d\u2019aminorex.<\/p>\n<\/li>\n<li data-start=\"6368\" data-end=\"6448\">\n<p data-start=\"6370\" data-end=\"6448\"><strong data-start=\"6370\" data-end=\"6397\">R\u00e9sultats fiables :<\/strong> Fournit des donn\u00e9es coh\u00e9rentes pour les \u00e9tudes analytiques.<\/p>\n<\/li>\n<li data-start=\"6449\" data-end=\"6541\">\n<p data-start=\"6451\" data-end=\"6541\"><strong data-start=\"6451\" data-end=\"6477\">Demande d&#039;inscription \u00e0 des fins \u00e9ducatives :<\/strong> Convient \u00e0 la recherche acad\u00e9mique sur les structures chimiques.<\/p>\n<\/li>\n<li data-start=\"6542\" data-end=\"6643\">\n<p data-start=\"6544\" data-end=\"6643\"><strong data-start=\"6544\" data-end=\"6574\">Pertinence toxicologique :<\/strong> Soutient les \u00e9tudes sur les m\u00e9thodes de d\u00e9tection dans les \u00e9chantillons biologiques. <span class=\"___SBox_epc1q-ko_ ___SText_zko9t-ko_\" data-ui-name=\"Link.Text\">4b mars<\/span><\/p>\n<\/li>\n<li data-start=\"6644\" data-end=\"6740\">\n<p data-start=\"6646\" data-end=\"6740\"><strong data-start=\"6646\" data-end=\"6686\">Conforme aux normes de laboratoire :<\/strong> Produit selon des directives de recherche strictes.<\/p>\n<\/li>\n<\/ul>\n<hr data-start=\"6742\" data-end=\"6745\" \/>\n<h3 data-start=\"6747\" data-end=\"6808\"><strong data-start=\"6751\" data-end=\"6808\">Instructions d&#039;utilisation (\u00e0 des fins de recherche uniquement)<\/strong><\/h3>\n<ol data-start=\"6810\" data-end=\"7175\">\n<li data-start=\"6810\" data-end=\"6928\">\n<p data-start=\"6813\" data-end=\"6928\"><strong data-start=\"6813\" data-end=\"6831\">Pr\u00e9paration:<\/strong> Utiliser dans des laboratoires agr\u00e9\u00e9s avec un \u00e9quipement de s\u00e9curit\u00e9 appropri\u00e9 (gants, lunettes, blouse).<\/p>\n<\/li>\n<li data-start=\"6929\" data-end=\"7018\">\n<p data-start=\"6932\" data-end=\"7018\"><strong data-start=\"6932\" data-end=\"6947\">Application:<\/strong> Utiliser conform\u00e9ment aux protocoles analytiques ou m\u00e9dico-l\u00e9gaux valid\u00e9s.<\/p>\n<\/li>\n<li data-start=\"7019\" data-end=\"7095\">\n<p data-start=\"7022\" data-end=\"7095\"><strong data-start=\"7022\" data-end=\"7033\">Stockage:<\/strong> Conserver dans un endroit frais, sec et sombre, dans des r\u00e9cipients herm\u00e9tiquement ferm\u00e9s.<\/p>\n<\/li>\n<li data-start=\"7096\" data-end=\"7175\">\n<p data-start=\"7099\" data-end=\"7175\"><strong data-start=\"7099\" data-end=\"7110\">\u00c9limination:<\/strong> \u00c9liminer les r\u00e9sidus conform\u00e9ment aux directives locales relatives aux d\u00e9chets chimiques.<\/p>\n<\/li>\n<\/ol>\n<hr data-start=\"7177\" data-end=\"7180\" \/>\n<h3 data-start=\"7182\" data-end=\"7216\"><strong data-start=\"7186\" data-end=\"7216\">S\u00e9curit\u00e9 et conformit\u00e9<\/strong><\/h3>\n<ul data-start=\"7218\" data-end=\"7645\">\n<li data-start=\"7218\" data-end=\"7313\">\n<p data-start=\"7220\" data-end=\"7313\"><strong data-start=\"7220\" data-end=\"7256\">R\u00e9serv\u00e9 \u00e0 un usage en laboratoire\u00a0:<\/strong> Ne convient pas \u00e0 la consommation humaine ou animale.<\/p>\n<\/li>\n<li data-start=\"7314\" data-end=\"7436\">\n<p data-start=\"7316\" data-end=\"7436\"><strong data-start=\"7316\" data-end=\"7344\">Consid\u00e9rations juridiques :<\/strong> Le statut du 4B-MAR peut varier selon les pays. Veuillez toujours v\u00e9rifier la r\u00e9glementation en vigueur.<\/p>\n<\/li>\n<li data-start=\"7437\" data-end=\"7520\">\n<p data-start=\"7439\" data-end=\"7520\"><strong data-start=\"7439\" data-end=\"7457\">Travail en toute s\u00e9curit\u00e9 :<\/strong> \u00c9viter le contact et utiliser dans un endroit bien a\u00e9r\u00e9.<\/p>\n<\/li>\n<li data-start=\"7521\" data-end=\"7645\">\n<p data-start=\"7523\" data-end=\"7645\"><strong data-start=\"7523\" data-end=\"7540\">Documentation:<\/strong> UN <strong data-start=\"7545\" data-end=\"7581\">fiche de donn\u00e9es de s\u00e9curit\u00e9 (FDS)<\/strong> et <strong data-start=\"7585\" data-end=\"7613\">certificat d&#039;analyse (COA)<\/strong> sont disponibles sur demande.<\/p>\n<\/li>\n<\/ul>\n<hr data-start=\"7647\" data-end=\"7650\" \/>\n<h3 data-start=\"7652\" data-end=\"7687\"><strong data-start=\"7656\" data-end=\"7687\">Foire aux questions (FAQ)<\/strong><\/h3>\n<p data-start=\"7689\" data-end=\"7838\"><strong data-start=\"7689\" data-end=\"7727\">1. \u00c0 quoi sert le 4B-MAR ?<\/strong><br data-start=\"7727\" data-end=\"7730\" \/>4B-MAR est utilis\u00e9 comme <strong data-start=\"7756\" data-end=\"7774\">substance de r\u00e9f\u00e9rence<\/strong> dans les \u00e9tudes analytiques et m\u00e9dico-l\u00e9gales des analogues de l&#039;aminorex.<\/p>\n<p data-start=\"7840\" data-end=\"8016\"><strong data-start=\"7840\" data-end=\"7891\">2. Le 4B-MAR est-il sans danger pour la consommation humaine ?<\/strong><br data-start=\"7891\" data-end=\"7894\" \/>Non. Ce produit est <strong data-start=\"7914\" data-end=\"7952\">destin\u00e9 \u00e0 des fins de recherche uniquement<\/strong> et <strong data-start=\"7956\" data-end=\"8013\">ne convient pas \u00e0 la consommation humaine ou animale<\/strong>.<\/p>\n<p data-start=\"8018\" data-end=\"8163\"><strong data-start=\"8018\" data-end=\"8059\">3. Comment le 4B-MAR doit-il \u00eatre conserv\u00e9 ?<\/strong><br data-start=\"8059\" data-end=\"8062\" \/>\u00c9conomisez sur un <strong data-start=\"8076\" data-end=\"8110\">endroit frais, sec et sombre<\/strong>, correctement ferm\u00e9 et hors de port\u00e9e des personnes non autoris\u00e9es.<\/p>","protected":false},"excerpt":{"rendered":"<h2>4B-MAR \/ <b>4\u2032-bromo-4-m\u00e9thylaminorex <\/b>propri\u00e9t\u00e9s<\/h2>\n<p><strong>Synonyme : 4-m\u00e9thyl-5-(4-bromoph\u00e9nyl)-4,5-dihydro-1,3-oxazol-2-amine<br \/>\nNum\u00e9ro CAS<\/strong>: NVT<br \/>\n<strong>Formule<\/strong>: <span title=\"Carbone\">C<\/span><sub>10<\/sub><span title=\"Hydrog\u00e8ne\">H<\/span><sub>11<\/sub><span title=\"Fluor\">F<\/span><span title=\"Azote\">N<\/span><sub>2<\/sub><span title=\"Oxyg\u00e8ne\">O<\/span><br \/>\n<strong>Masse molaire<\/strong>: <span class=\"nowrap\">195.039<\/span> g mol<br \/>\n<strong>Puret\u00e9<\/strong>: \u226598%<\/p>","protected":false},"featured_media":28426,"comment_status":"closed","ping_status":"closed","template":"","meta":[],"product_brand":[],"product_cat":[552],"product_tag":[1111,648,326],"class_list":{"0":"post-23807","1":"product","2":"type-product","3":"status-publish","4":"has-post-thumbnail","6":"product_cat-aminorex","7":"product_tag-4b-mar-kopen","8":"product_tag-4b-mar","9":"product_tag-nl","11":"first","12":"instock","13":"taxable","14":"shipping-taxable","15":"purchasable","16":"product-type-variable"},"_links":{"self":[{"href":"https:\/\/researchchemicalhub.com\/fr\/wp-json\/wp\/v2\/product\/23807","targetHints":{"allow":["GET"]}}],"collection":[{"href":"https:\/\/researchchemicalhub.com\/fr\/wp-json\/wp\/v2\/product"}],"about":[{"href":"https:\/\/researchchemicalhub.com\/fr\/wp-json\/wp\/v2\/types\/product"}],"replies":[{"embeddable":true,"href":"https:\/\/researchchemicalhub.com\/fr\/wp-json\/wp\/v2\/comments?post=23807"}],"version-history":[{"count":4,"href":"https:\/\/researchchemicalhub.com\/fr\/wp-json\/wp\/v2\/product\/23807\/revisions"}],"predecessor-version":[{"id":27952,"href":"https:\/\/researchchemicalhub.com\/fr\/wp-json\/wp\/v2\/product\/23807\/revisions\/27952"}],"wp:featuredmedia":[{"embeddable":true,"href":"https:\/\/researchchemicalhub.com\/fr\/wp-json\/wp\/v2\/media\/28426"}],"wp:attachment":[{"href":"https:\/\/researchchemicalhub.com\/fr\/wp-json\/wp\/v2\/media?parent=23807"}],"wp:term":[{"taxonomy":"product_brand","embeddable":true,"href":"https:\/\/researchchemicalhub.com\/fr\/wp-json\/wp\/v2\/product_brand?post=23807"},{"taxonomy":"product_cat","embeddable":true,"href":"https:\/\/researchchemicalhub.com\/fr\/wp-json\/wp\/v2\/product_cat?post=23807"},{"taxonomy":"product_tag","embeddable":true,"href":"https:\/\/researchchemicalhub.com\/fr\/wp-json\/wp\/v2\/product_tag?post=23807"}],"curies":[{"name":"wp","href":"https:\/\/api.w.org\/{rel}","templated":true}]}}