{"id":23796,"date":"2025-04-13T17:40:27","date_gmt":"2025-04-13T17:40:27","guid":{"rendered":"https:\/\/researchchemicalhub.com\/?post_type=product&#038;p=23796"},"modified":"2025-10-30T08:16:06","modified_gmt":"2025-10-30T08:16:06","slug":"granules-de-pyrazolam-3-mg","status":"publish","type":"product","link":"https:\/\/researchchemicalhub.com\/fr\/boutique\/benzodiazepines\/granules-de-pyrazolam-3-mg\/","title":{"rendered":"Granul\u00e9s de pyrazolam 3 mg"},"content":{"rendered":"<p data-start=\"4849\" data-end=\"5106\"><strong data-start=\"4849\" data-end=\"4862\">Pyrazolam<\/strong> est un <strong data-start=\"4870\" data-end=\"4897\">d\u00e9riv\u00e9 de benzodiaz\u00e9pine<\/strong> qui est utilis\u00e9 pour <strong data-start=\"4922\" data-end=\"4978\">recherche scientifique, analytique et m\u00e9dico-l\u00e9gale<\/strong>Sous forme de granul\u00e9s, il sert de <strong data-start=\"5012\" data-end=\"5051\">substance de r\u00e9f\u00e9rence mesur\u00e9e avec pr\u00e9cision<\/strong> pour l&#039;\u00e9talonnage en laboratoire et l&#039;identification des compos\u00e9s. pyrazolam<\/p>\n<p data-start=\"5108\" data-end=\"5428\">Le <strong data-start=\"5111\" data-end=\"5137\">Granul\u00e9s de pyrazolam 3 mg<\/strong> sont exclusivement destin\u00e9s \u00e0 <strong data-start=\"5168\" data-end=\"5209\">applications de recherche et d&#039;analyse<\/strong>Ils sont <strong data-start=\"5219\" data-end=\"5276\">ne convient pas \u00e0 la consommation humaine ou animale<\/strong>Les laboratoires utilisent ces pastilles pour \u00e9tudier les analogues des benzodiaz\u00e9pines, d\u00e9velopper des m\u00e9thodes de d\u00e9tection et effectuer des analyses toxicologiques.<\/p>\n<hr data-start=\"5430\" data-end=\"5433\" \/>\n<h3 data-start=\"5435\" data-end=\"5466\"><strong data-start=\"5439\" data-end=\"5466\">Caract\u00e9ristiques principales<\/strong><\/h3>\n<ul data-start=\"5468\" data-end=\"5962\">\n<li data-start=\"5468\" data-end=\"5569\">\n<p data-start=\"5470\" data-end=\"5569\"><strong data-start=\"5470\" data-end=\"5495\">Dosage pr\u00e9cis :<\/strong> Chaque pastille contient 3 mg de pyrazolam pour des r\u00e9sultats de recherche coh\u00e9rents.<\/p>\n<\/li>\n<li data-start=\"5570\" data-end=\"5663\">\n<p data-start=\"5572\" data-end=\"5663\"><strong data-start=\"5572\" data-end=\"5592\">Haute puret\u00e9 :<\/strong> Fabriqu\u00e9 sous un contr\u00f4le de qualit\u00e9 strict pour des donn\u00e9es fiables.<\/p>\n<\/li>\n<li data-start=\"5664\" data-end=\"5763\">\n<p data-start=\"5666\" data-end=\"5763\"><strong data-start=\"5666\" data-end=\"5690\">Norme de r\u00e9f\u00e9rence :<\/strong> Convient aux applications analytiques, toxicologiques et m\u00e9dico-l\u00e9gales.<\/p>\n<\/li>\n<li data-start=\"5764\" data-end=\"5868\">\n<p data-start=\"5766\" data-end=\"5868\"><strong data-start=\"5766\" data-end=\"5790\">Forme de granul\u00e9s stable :<\/strong> Facile \u00e0 stocker, \u00e0 transporter et \u00e0 manipuler sans perte de qualit\u00e9.<\/p>\n<\/li>\n<li data-start=\"5869\" data-end=\"5962\">\n<p data-start=\"5871\" data-end=\"5962\"><strong data-start=\"5871\" data-end=\"5888\">Documentation:<\/strong> Fourni avec un <strong data-start=\"5906\" data-end=\"5934\">certificat d&#039;analyse (COA)<\/strong> et d\u00e9claration de puret\u00e9.<\/p>\n<\/li>\n<\/ul>\n<hr data-start=\"5964\" data-end=\"5967\" \/>\n<h3 data-start=\"5969\" data-end=\"5986\"><strong data-start=\"5973\" data-end=\"5986\">Avantages<\/strong><\/h3>\n<ul data-start=\"5988\" data-end=\"6467\">\n<li data-start=\"5988\" data-end=\"6105\">\n<p data-start=\"5990\" data-end=\"6105\"><strong data-start=\"5990\" data-end=\"6026\">Pr\u00e9cision accrue des analytes\u00a0:<\/strong> Prend en charge l&#039;\u00e9talonnage des \u00e9quipements chromatographiques et spectrom\u00e9triques.<\/p>\n<\/li>\n<li data-start=\"6106\" data-end=\"6203\">\n<p data-start=\"6108\" data-end=\"6203\"><strong data-start=\"6108\" data-end=\"6134\">Applicable sur le plan m\u00e9dico-l\u00e9gal :<\/strong> Utilis\u00e9 dans la d\u00e9tection des benzodiaz\u00e9pines dans les enqu\u00eates m\u00e9dico-l\u00e9gales.<\/p>\n<\/li>\n<li data-start=\"6204\" data-end=\"6292\">\n<p data-start=\"6206\" data-end=\"6292\"><strong data-start=\"6206\" data-end=\"6228\">Valeur \u00e9ducative :<\/strong> Convient aux programmes de formation en chimie et en toxicologie.<\/p>\n<\/li>\n<li data-start=\"6293\" data-end=\"6376\">\n<p data-start=\"6295\" data-end=\"6376\"><strong data-start=\"6295\" data-end=\"6326\">R\u00e9sultats reproductibles :<\/strong> La forme des granul\u00e9s minimise les variations entre les tests.<\/p>\n<\/li>\n<li data-start=\"6377\" data-end=\"6467\">\n<p data-start=\"6379\" data-end=\"6467\"><strong data-start=\"6379\" data-end=\"6410\">Utilisation s\u00e9curitaire en laboratoire :<\/strong> Fabriqu\u00e9 selon les normes de s\u00e9curit\u00e9 internationales.<\/p>\n<\/li>\n<\/ul>\n<hr data-start=\"6469\" data-end=\"6472\" \/>\n<h3 data-start=\"6474\" data-end=\"6535\"><strong data-start=\"6478\" data-end=\"6535\">Instructions d&#039;utilisation (\u00e0 des fins de recherche uniquement)<\/strong><\/h3>\n<ol data-start=\"6537\" data-end=\"6883\">\n<li data-start=\"6537\" data-end=\"6639\">\n<p data-start=\"6540\" data-end=\"6639\"><strong data-start=\"6540\" data-end=\"6558\">Pr\u00e9paration:<\/strong> Utiliser uniquement dans des laboratoires accr\u00e9dit\u00e9s avec un \u00e9quipement de protection appropri\u00e9.<\/p>\n<\/li>\n<li data-start=\"6640\" data-end=\"6732\">\n<p data-start=\"6643\" data-end=\"6732\"><strong data-start=\"6643\" data-end=\"6658\">Application:<\/strong> Utiliser selon des m\u00e9thodes analytiques ou chromatographiques valid\u00e9es.<\/p>\n<\/li>\n<li data-start=\"6733\" data-end=\"6796\">\n<p data-start=\"6736\" data-end=\"6796\"><strong data-start=\"6736\" data-end=\"6747\">Stockage:<\/strong> Conserver dans un endroit frais, sec et sombre, bien ferm\u00e9.<\/p>\n<\/li>\n<li data-start=\"6797\" data-end=\"6883\">\n<p data-start=\"6800\" data-end=\"6883\"><strong data-start=\"6800\" data-end=\"6811\">\u00c9limination:<\/strong> \u00c9liminer les r\u00e9sidus conform\u00e9ment \u00e0 la r\u00e9glementation locale relative aux d\u00e9chets chimiques.<\/p>\n<\/li>\n<\/ol>\n<hr data-start=\"6885\" data-end=\"6888\" \/>\n<h3 data-start=\"6890\" data-end=\"6924\"><strong data-start=\"6894\" data-end=\"6924\">S\u00e9curit\u00e9 et conformit\u00e9<\/strong><\/h3>\n<ul data-start=\"6926\" data-end=\"7348\">\n<li data-start=\"6926\" data-end=\"7022\">\n<p data-start=\"6928\" data-end=\"7022\"><strong data-start=\"6928\" data-end=\"6966\">Pour la recherche en laboratoire uniquement\u00a0:<\/strong> Non destin\u00e9 \u00e0 la consommation humaine ou animale.<\/p>\n<\/li>\n<li data-start=\"7023\" data-end=\"7150\">\n<p data-start=\"7025\" data-end=\"7150\"><strong data-start=\"7025\" data-end=\"7053\">Consid\u00e9rations juridiques :<\/strong> Le statut juridique du pyrazolam varie selon les pays. Veuillez toujours v\u00e9rifier la r\u00e9glementation locale.<\/p>\n<\/li>\n<li data-start=\"7151\" data-end=\"7257\">\n<p data-start=\"7153\" data-end=\"7257\"><strong data-start=\"7153\" data-end=\"7181\">Sant\u00e9 et s\u00e9curit\u00e9 :<\/strong> \u00c9viter l&#039;inhalation et le contact avec la peau. Utiliser sous la surveillance d&#039;un expert.<\/p>\n<\/li>\n<li data-start=\"7258\" data-end=\"7348\">\n<p data-start=\"7260\" data-end=\"7348\"><strong data-start=\"7260\" data-end=\"7277\">Documentation:<\/strong> UN <strong data-start=\"7282\" data-end=\"7318\">fiche de donn\u00e9es de s\u00e9curit\u00e9 (FDS)<\/strong> est disponible sur demande.<\/p>\n<\/li>\n<\/ul>\n<hr data-start=\"7350\" data-end=\"7353\" \/>\n<h3 data-start=\"7355\" data-end=\"7390\"><strong data-start=\"7359\" data-end=\"7390\">Foire aux questions (FAQ)<\/strong><\/h3>\n<p data-start=\"7392\" data-end=\"7554\"><strong data-start=\"7392\" data-end=\"7447\">1. \u00c0 quoi servent les granul\u00e9s de pyrazolam 3 mg\u00a0?<\/strong><br data-start=\"7447\" data-end=\"7450\" \/>Ils sont utilis\u00e9s comme <strong data-start=\"7473\" data-end=\"7496\">norme de r\u00e9f\u00e9rence<\/strong> pour la recherche analytique, m\u00e9dico-l\u00e9gale et toxicologique.<\/p>\n<p data-start=\"7556\" data-end=\"7735\"><strong data-start=\"7556\" data-end=\"7616\">2. Ces granul\u00e9s sont-ils destin\u00e9s \u00e0 la consommation humaine ?<\/strong><br data-start=\"7616\" data-end=\"7619\" \/>Non. Ces granul\u00e9s sont <strong data-start=\"7642\" data-end=\"7684\">pour la recherche en laboratoire uniquement<\/strong> et <strong data-start=\"7688\" data-end=\"7732\">non approuv\u00e9 pour un usage m\u00e9dical<\/strong>.<\/p>\n<p data-start=\"7737\" data-end=\"7893\"><strong data-start=\"7737\" data-end=\"7796\">3. Comment conserver les granul\u00e9s de pyrazolam 3 mg\u00a0?<\/strong><br data-start=\"7796\" data-end=\"7799\" \/>Conserver dans un endroit frais, sec et sombre, dans un r\u00e9cipient herm\u00e9tiquement ferm\u00e9, hors de port\u00e9e des personnes non autoris\u00e9es.<\/p>","protected":false},"excerpt":{"rendered":"<h2><span style=\"vertical-align: inherit;\"><span style=\"vertical-align: inherit;\">Pyrazolam 3 MG pellets properties<\/span><\/span><\/h2>\n<p><strong><span style=\"vertical-align: inherit;\"><span style=\"vertical-align: inherit;\">Synonym<\/span><\/span><\/strong><span style=\"vertical-align: inherit;\"><span style=\"vertical-align: inherit;\"> : <\/span><\/span><i><span style=\"vertical-align: inherit;\"><span style=\"vertical-align: inherit;\">8-bromo-1-methyl-6-(pyridin-2-yl)-4H-[1,2,4]triazolo[4,3-a][1,4]benzodiazepine <\/span><\/span><\/i><br \/>\n<strong><span style=\"vertical-align: inherit;\"><span style=\"vertical-align: inherit;\">CAS Number<\/span><\/span><\/strong><span style=\"vertical-align: inherit;\"><span style=\"vertical-align: inherit;\"> : 39243-02-2 <\/span><\/span><br \/>\n<strong><span style=\"vertical-align: inherit;\"><span style=\"vertical-align: inherit;\">Formula<\/span><\/span><\/strong><span style=\"vertical-align: inherit;\"><span style=\"vertical-align: inherit;\"> : C16H12BrN5 <\/span><\/span><br \/>\n<strong><span style=\"vertical-align: inherit;\"><span style=\"vertical-align: inherit;\">Molar Mass<\/span><\/span><\/strong><span style=\"vertical-align: inherit;\"><span style=\"vertical-align: inherit;\"> : 354.20 <\/span><\/span><br \/>\n<strong><span style=\"vertical-align: inherit;\"><span style=\"vertical-align: inherit;\">Purity<\/span><\/span><\/strong><span style=\"vertical-align: inherit;\"><span style=\"vertical-align: inherit;\"> : \u2265 99%<\/span><\/span><\/p>\n","protected":false},"featured_media":28596,"comment_status":"closed","ping_status":"closed","template":"","meta":[],"product_brand":[82],"product_cat":[76,324,389,395],"product_tag":[326,96,99,98],"class_list":{"0":"post-23796","1":"product","2":"type-product","3":"status-publish","4":"has-post-thumbnail","6":"product_brand-research-chemical","7":"product_cat-benzodiazepinen","8":"product_cat-pellets-for-pellet","9":"product_cat-pyrazolam-kopen","10":"product_cat-pyrazolam-pellets","11":"product_tag-nl","12":"product_tag-pyrazolam","13":"product_tag-pyrazolam-kopen","14":"product_tag-pyrazolam-werking","16":"first","17":"instock","18":"taxable","19":"shipping-taxable","20":"purchasable","21":"product-type-variable"},"_links":{"self":[{"href":"https:\/\/researchchemicalhub.com\/fr\/wp-json\/wp\/v2\/product\/23796","targetHints":{"allow":["GET"]}}],"collection":[{"href":"https:\/\/researchchemicalhub.com\/fr\/wp-json\/wp\/v2\/product"}],"about":[{"href":"https:\/\/researchchemicalhub.com\/fr\/wp-json\/wp\/v2\/types\/product"}],"replies":[{"embeddable":true,"href":"https:\/\/researchchemicalhub.com\/fr\/wp-json\/wp\/v2\/comments?post=23796"}],"version-history":[{"count":5,"href":"https:\/\/researchchemicalhub.com\/fr\/wp-json\/wp\/v2\/product\/23796\/revisions"}],"predecessor-version":[{"id":25518,"href":"https:\/\/researchchemicalhub.com\/fr\/wp-json\/wp\/v2\/product\/23796\/revisions\/25518"}],"wp:featuredmedia":[{"embeddable":true,"href":"https:\/\/researchchemicalhub.com\/fr\/wp-json\/wp\/v2\/media\/28596"}],"wp:attachment":[{"href":"https:\/\/researchchemicalhub.com\/fr\/wp-json\/wp\/v2\/media?parent=23796"}],"wp:term":[{"taxonomy":"product_brand","embeddable":true,"href":"https:\/\/researchchemicalhub.com\/fr\/wp-json\/wp\/v2\/product_brand?post=23796"},{"taxonomy":"product_cat","embeddable":true,"href":"https:\/\/researchchemicalhub.com\/fr\/wp-json\/wp\/v2\/product_cat?post=23796"},{"taxonomy":"product_tag","embeddable":true,"href":"https:\/\/researchchemicalhub.com\/fr\/wp-json\/wp\/v2\/product_tag?post=23796"}],"curies":[{"name":"wp","href":"https:\/\/api.w.org\/{rel}","templated":true}]}}