{"id":23715,"date":"2025-04-13T17:40:18","date_gmt":"2025-04-13T17:40:18","guid":{"rendered":"https:\/\/researchchemicalhub.com\/?post_type=product&#038;p=23715"},"modified":"2025-10-30T08:38:58","modified_gmt":"2025-10-30T08:38:58","slug":"5meomipt","status":"publish","type":"product","link":"https:\/\/researchchemicalhub.com\/fr\/boutique\/5-mai-mipt\/5meomipt\/","title":{"rendered":"5-MeO-MiPT base libre"},"content":{"rendered":"<p data-start=\"4864\" data-end=\"5134\"><strong data-start=\"4864\" data-end=\"4921\"><span dir=\"auto\" style=\"vertical-align: inherit;\"><span dir=\"auto\" style=\"vertical-align: inherit;\">5-MeO-MiPT (5-m\u00e9thoxy-N-m\u00e9thyl-N-isopropyltryptamine)<\/span><\/span><\/strong><span dir=\"auto\" style=\"vertical-align: inherit;\"><span dir=\"auto\" style=\"vertical-align: inherit;\"> est un <\/span><\/span><strong data-start=\"4929\" data-end=\"4954\"><span dir=\"auto\" style=\"vertical-align: inherit;\"><span dir=\"auto\" style=\"vertical-align: inherit;\">compos\u00e9 de tryptamine<\/span><\/span><\/strong><span dir=\"auto\" style=\"vertical-align: inherit;\"><span dir=\"auto\" style=\"vertical-align: inherit;\"> utilis\u00e9 dans <\/span><\/span><strong data-start=\"4984\" data-end=\"5021\"><span dir=\"auto\" style=\"vertical-align: inherit;\"><span dir=\"auto\" style=\"vertical-align: inherit;\">chimie analytique et m\u00e9dico-l\u00e9gale<\/span><\/span><\/strong><span dir=\"auto\" style=\"vertical-align: inherit;\"><span dir=\"auto\" style=\"vertical-align: inherit;\"> pour \u00e9tudier la structure, les propri\u00e9t\u00e9s spectrales et les m\u00e9thodes de d\u00e9tection de compos\u00e9s similaires.<\/span><\/span><\/p>\n<p data-start=\"5136\" data-end=\"5366\"><span dir=\"auto\" style=\"vertical-align: inherit;\"><span dir=\"auto\" style=\"vertical-align: inherit;\">Le <\/span><\/span><strong data-start=\"5139\" data-end=\"5156\"><span dir=\"auto\" style=\"vertical-align: inherit;\"><span dir=\"auto\" style=\"vertical-align: inherit;\">forme de base libre<\/span><\/span><\/strong><span dir=\"auto\" style=\"vertical-align: inherit;\"><span dir=\"auto\" style=\"vertical-align: inherit;\"> ou le 5-MeO-MiPT est particuli\u00e8rement utile pour <\/span><\/span><strong data-start=\"5197\" data-end=\"5243\"><span dir=\"auto\" style=\"vertical-align: inherit;\"><span dir=\"auto\" style=\"vertical-align: inherit;\">\u00e9tudes d&#039;\u00e9talonnage, de validation et de d\u00e9tection<\/span><\/span><\/strong><span dir=\"auto\" style=\"vertical-align: inherit;\"><span dir=\"auto\" style=\"vertical-align: inherit;\"> . <\/span><\/span><br data-start=\"5244\" data-end=\"5247\" \/><span dir=\"auto\" style=\"vertical-align: inherit;\"><span dir=\"auto\" style=\"vertical-align: inherit;\">C&#039;est <\/span><\/span><strong data-start=\"5254\" data-end=\"5304\"><span dir=\"auto\" style=\"vertical-align: inherit;\"><span dir=\"auto\" style=\"vertical-align: inherit;\">destin\u00e9 \u00e0 un usage en laboratoire uniquement<\/span><\/span><\/strong><span dir=\"auto\" style=\"vertical-align: inherit;\"><span dir=\"auto\" style=\"vertical-align: inherit;\"> et <\/span><\/span><strong data-start=\"5308\" data-end=\"5365\"><span dir=\"auto\" style=\"vertical-align: inherit;\"><span dir=\"auto\" style=\"vertical-align: inherit;\">ne convient pas \u00e0 la consommation humaine ou animale<\/span><\/span><\/strong><span dir=\"auto\" style=\"vertical-align: inherit;\"><span dir=\"auto\" style=\"vertical-align: inherit;\"> .<\/span><\/span><\/p>\n<hr data-start=\"5368\" data-end=\"5371\" \/>\n<h3 data-start=\"5373\" data-end=\"5404\"><strong data-start=\"5377\" data-end=\"5404\"><span dir=\"auto\" style=\"vertical-align: inherit;\"><span dir=\"auto\" style=\"vertical-align: inherit;\">Caract\u00e9ristiques principales<\/span><\/span><\/strong><\/h3>\n<ul data-start=\"5406\" data-end=\"5856\">\n<li data-start=\"5406\" data-end=\"5492\">\n<p data-start=\"5408\" data-end=\"5492\"><strong data-start=\"5408\" data-end=\"5428\"><span dir=\"auto\" style=\"vertical-align: inherit;\"><span dir=\"auto\" style=\"vertical-align: inherit;\">Haute puret\u00e9 :<\/span><\/span><\/strong><span dir=\"auto\" style=\"vertical-align: inherit;\"><span dir=\"auto\" style=\"vertical-align: inherit;\"> Produit dans des conditions de laboratoire contr\u00f4l\u00e9es.<\/span><\/span><\/p>\n<\/li>\n<li data-start=\"5493\" data-end=\"5575\">\n<p data-start=\"5495\" data-end=\"5575\"><strong data-start=\"5495\" data-end=\"5513\"><span dir=\"auto\" style=\"vertical-align: inherit;\"><span dir=\"auto\" style=\"vertical-align: inherit;\">Formulaire Freebase :<\/span><\/span><\/strong><span dir=\"auto\" style=\"vertical-align: inherit;\"><span dir=\"auto\" style=\"vertical-align: inherit;\"> Convient \u00e0 l&#039;analyse chimique et \u00e0 l&#039;identification spectrale.<\/span><\/span><\/p>\n<\/li>\n<li data-start=\"5576\" data-end=\"5685\">\n<p data-start=\"5578\" data-end=\"5685\"><strong data-start=\"5578\" data-end=\"5617\"><span dir=\"auto\" style=\"vertical-align: inherit;\"><span dir=\"auto\" style=\"vertical-align: inherit;\">Document de r\u00e9f\u00e9rence certifi\u00e9\u00a0:<\/span><\/span><\/strong><span dir=\"auto\" style=\"vertical-align: inherit;\"><span dir=\"auto\" style=\"vertical-align: inherit;\"> Fourni avec <\/span><\/span><strong data-start=\"5631\" data-end=\"5659\"><span dir=\"auto\" style=\"vertical-align: inherit;\"><span dir=\"auto\" style=\"vertical-align: inherit;\">Certificat d&#039;analyse (COA)<\/span><\/span><\/strong><span dir=\"auto\" style=\"vertical-align: inherit;\"><span dir=\"auto\" style=\"vertical-align: inherit;\"> et les donn\u00e9es de puret\u00e9.<\/span><\/span><\/p>\n<\/li>\n<li data-start=\"5686\" data-end=\"5783\">\n<p data-start=\"5688\" data-end=\"5783\"><strong data-start=\"5688\" data-end=\"5719\"><span dir=\"auto\" style=\"vertical-align: inherit;\"><span dir=\"auto\" style=\"vertical-align: inherit;\">Polyvalence analytique :<\/span><\/span><\/strong><span dir=\"auto\" style=\"vertical-align: inherit;\"><span dir=\"auto\" style=\"vertical-align: inherit;\"> Compatible avec <\/span><\/span><strong data-start=\"5735\" data-end=\"5744\"><span dir=\"auto\" style=\"vertical-align: inherit;\"><span dir=\"auto\" style=\"vertical-align: inherit;\">GC-MS<\/span><\/span><\/strong><span dir=\"auto\" style=\"vertical-align: inherit;\"><span dir=\"auto\" style=\"vertical-align: inherit;\"> , <\/span><\/span><strong data-start=\"5746\" data-end=\"5758\"><span dir=\"auto\" style=\"vertical-align: inherit;\"><span dir=\"auto\" style=\"vertical-align: inherit;\">LC-MS\/MS<\/span><\/span><\/strong><span dir=\"auto\" style=\"vertical-align: inherit;\"><span dir=\"auto\" style=\"vertical-align: inherit;\"> , <\/span><\/span><strong data-start=\"5760\" data-end=\"5768\"><span dir=\"auto\" style=\"vertical-align: inherit;\"><span dir=\"auto\" style=\"vertical-align: inherit;\">HPLC<\/span><\/span><\/strong><span dir=\"auto\" style=\"vertical-align: inherit;\"><span dir=\"auto\" style=\"vertical-align: inherit;\"> , et <\/span><\/span><strong data-start=\"5772\" data-end=\"5780\"><span dir=\"auto\" style=\"vertical-align: inherit;\"><span dir=\"auto\" style=\"vertical-align: inherit;\">FTIR<\/span><\/span><\/strong><span dir=\"auto\" style=\"vertical-align: inherit;\"><span dir=\"auto\" style=\"vertical-align: inherit;\"> .<\/span><\/span><\/p>\n<\/li>\n<li data-start=\"5784\" data-end=\"5856\">\n<p data-start=\"5786\" data-end=\"5856\"><strong data-start=\"5786\" data-end=\"5813\"><span dir=\"auto\" style=\"vertical-align: inherit;\"><span dir=\"auto\" style=\"vertical-align: inherit;\">Composition stable :<\/span><\/span><\/strong><span dir=\"auto\" style=\"vertical-align: inherit;\"><span dir=\"auto\" style=\"vertical-align: inherit;\"> Conserve sa stabilit\u00e9 lorsqu&#039;il est stock\u00e9 correctement.<\/span><\/span><\/p>\n<\/li>\n<\/ul>\n<hr data-start=\"5858\" data-end=\"5861\" \/>\n<h3 data-start=\"5863\" data-end=\"5880\"><strong data-start=\"5867\" data-end=\"5880\"><span dir=\"auto\" style=\"vertical-align: inherit;\"><span dir=\"auto\" style=\"vertical-align: inherit;\">Avantages<\/span><\/span><\/strong><\/h3>\n<ul data-start=\"5882\" data-end=\"6342\">\n<li data-start=\"5882\" data-end=\"5975\">\n<p data-start=\"5884\" data-end=\"5975\"><strong data-start=\"5884\" data-end=\"5921\"><span dir=\"auto\" style=\"vertical-align: inherit;\"><span dir=\"auto\" style=\"vertical-align: inherit;\">Soutient les enqu\u00eates m\u00e9dico-l\u00e9gales\u00a0:<\/span><\/span><\/strong><span dir=\"auto\" style=\"vertical-align: inherit;\"><span dir=\"auto\" style=\"vertical-align: inherit;\"> Contribue \u00e0 l&#039;identification des analogues de la tryptamine.<\/span><\/span><\/p>\n<\/li>\n<li data-start=\"5976\" data-end=\"6071\">\n<p data-start=\"5978\" data-end=\"6071\"><strong data-start=\"5978\" data-end=\"6005\"><span dir=\"auto\" style=\"vertical-align: inherit;\"><span dir=\"auto\" style=\"vertical-align: inherit;\">\u00c9talonnage fiable\u00a0:<\/span><\/span><\/strong><span dir=\"auto\" style=\"vertical-align: inherit;\"><span dir=\"auto\" style=\"vertical-align: inherit;\"> Fournit des donn\u00e9es coh\u00e9rentes pour la validation des m\u00e9thodes analytiques.<\/span><\/span><\/p>\n<\/li>\n<li data-start=\"6072\" data-end=\"6159\">\n<p data-start=\"6074\" data-end=\"6159\"><strong data-start=\"6074\" data-end=\"6096\"><span dir=\"auto\" style=\"vertical-align: inherit;\"><span dir=\"auto\" style=\"vertical-align: inherit;\">Valeur \u00e9ducative :<\/span><\/span><\/strong><span dir=\"auto\" style=\"vertical-align: inherit;\"><span dir=\"auto\" style=\"vertical-align: inherit;\"> Convient aux cours universitaires de chimie analytique.<\/span><\/span><\/p>\n<\/li>\n<li data-start=\"6160\" data-end=\"6265\">\n<p data-start=\"6162\" data-end=\"6265\"><strong data-start=\"6162\" data-end=\"6193\"><span dir=\"auto\" style=\"vertical-align: inherit;\"><span dir=\"auto\" style=\"vertical-align: inherit;\">Pr\u00e9cision scientifique :<\/span><\/span><\/strong><span dir=\"auto\" style=\"vertical-align: inherit;\"><span dir=\"auto\" style=\"vertical-align: inherit;\"> Convient au d\u00e9veloppement m\u00e9thodologique et \u00e0 la recherche comparative.<\/span><\/span><\/p>\n<\/li>\n<li data-start=\"6266\" data-end=\"6342\">\n<p data-start=\"6268\" data-end=\"6342\"><strong data-start=\"6268\" data-end=\"6303\"><span dir=\"auto\" style=\"vertical-align: inherit;\"><span dir=\"auto\" style=\"vertical-align: inherit;\">Conforme aux normes de laboratoire\u00a0:<\/span><\/span><\/strong><span dir=\"auto\" style=\"vertical-align: inherit;\"><span dir=\"auto\" style=\"vertical-align: inherit;\"> Fourni avec une documentation compl\u00e8te.<\/span><\/span><\/p>\n<\/li>\n<\/ul>\n<hr data-start=\"6344\" data-end=\"6347\" \/>\n<h3 data-start=\"6349\" data-end=\"6410\"><strong data-start=\"6353\" data-end=\"6410\"><span dir=\"auto\" style=\"vertical-align: inherit;\"><span dir=\"auto\" style=\"vertical-align: inherit;\">Instructions d&#039;utilisation (\u00e0 des fins de recherche uniquement)<\/span><\/span><\/strong><\/h3>\n<ol data-start=\"6412\" data-end=\"6758\">\n<li data-start=\"6412\" data-end=\"6511\">\n<p data-start=\"6415\" data-end=\"6511\"><strong data-start=\"6415\" data-end=\"6429\"><span dir=\"auto\" style=\"vertical-align: inherit;\"><span dir=\"auto\" style=\"vertical-align: inherit;\">Manutention:<\/span><\/span><\/strong><span dir=\"auto\" style=\"vertical-align: inherit;\"><span dir=\"auto\" style=\"vertical-align: inherit;\"> \u00c0 utiliser uniquement dans des laboratoires agr\u00e9\u00e9s et \u00e9quip\u00e9s de mat\u00e9riel de s\u00e9curit\u00e9 appropri\u00e9.<\/span><\/span><\/p>\n<\/li>\n<li data-start=\"6512\" data-end=\"6605\">\n<p data-start=\"6515\" data-end=\"6605\"><strong data-start=\"6515\" data-end=\"6533\"><span dir=\"auto\" style=\"vertical-align: inherit;\"><span dir=\"auto\" style=\"vertical-align: inherit;\">Pr\u00e9paration:<\/span><\/span><\/strong><span dir=\"auto\" style=\"vertical-align: inherit;\"><span dir=\"auto\" style=\"vertical-align: inherit;\"> Utiliser conform\u00e9ment aux protocoles valid\u00e9s pour les applications analytiques.<\/span><\/span><\/p>\n<\/li>\n<li data-start=\"6606\" data-end=\"6669\">\n<p data-start=\"6609\" data-end=\"6669\"><strong data-start=\"6609\" data-end=\"6620\"><span dir=\"auto\" style=\"vertical-align: inherit;\"><span dir=\"auto\" style=\"vertical-align: inherit;\">Stockage:<\/span><\/span><\/strong><span dir=\"auto\" style=\"vertical-align: inherit;\"><span dir=\"auto\" style=\"vertical-align: inherit;\"> \u00c0 conserver dans un endroit frais, sec et \u00e0 l&#039;abri de la lumi\u00e8re, bien ferm\u00e9.<\/span><\/span><\/p>\n<\/li>\n<li data-start=\"6670\" data-end=\"6758\">\n<p data-start=\"6673\" data-end=\"6758\"><strong data-start=\"6673\" data-end=\"6684\"><span dir=\"auto\" style=\"vertical-align: inherit;\"><span dir=\"auto\" style=\"vertical-align: inherit;\">\u00c9limination:<\/span><\/span><\/strong><span dir=\"auto\" style=\"vertical-align: inherit;\"><span dir=\"auto\" style=\"vertical-align: inherit;\"> \u00c9liminer les r\u00e9sidus conform\u00e9ment aux directives locales en mati\u00e8re de gestion des d\u00e9chets chimiques.<\/span><\/span><\/p>\n<\/li>\n<\/ol>\n<hr data-start=\"6760\" data-end=\"6763\" \/>\n<h3 data-start=\"6765\" data-end=\"6799\"><strong data-start=\"6769\" data-end=\"6799\"><span dir=\"auto\" style=\"vertical-align: inherit;\"><span dir=\"auto\" style=\"vertical-align: inherit;\">S\u00e9curit\u00e9 et conformit\u00e9<\/span><\/span><\/strong><\/h3>\n<ul data-start=\"6801\" data-end=\"7241\">\n<li data-start=\"6801\" data-end=\"6896\">\n<p data-start=\"6803\" data-end=\"6896\"><strong data-start=\"6803\" data-end=\"6839\"><span dir=\"auto\" style=\"vertical-align: inherit;\"><span dir=\"auto\" style=\"vertical-align: inherit;\">R\u00e9serv\u00e9 \u00e0 un usage en laboratoire\u00a0:<\/span><\/span><\/strong><span dir=\"auto\" style=\"vertical-align: inherit;\"><span dir=\"auto\" style=\"vertical-align: inherit;\"> Ne convient pas \u00e0 la consommation humaine ou animale.<\/span><\/span><\/p>\n<\/li>\n<li data-start=\"6897\" data-end=\"7011\">\n<p data-start=\"6899\" data-end=\"7011\"><strong data-start=\"6899\" data-end=\"6927\"><span dir=\"auto\" style=\"vertical-align: inherit;\"><span dir=\"auto\" style=\"vertical-align: inherit;\">Consid\u00e9rations juridiques :<\/span><\/span><\/strong><span dir=\"auto\" style=\"vertical-align: inherit;\"><span dir=\"auto\" style=\"vertical-align: inherit;\"> Veuillez v\u00e9rifier la r\u00e9glementation locale concernant le 5-MeO-MiPT avant d&#039;utiliser ce produit.<\/span><\/span><\/p>\n<\/li>\n<li data-start=\"7012\" data-end=\"7116\">\n<p data-start=\"7014\" data-end=\"7116\"><strong data-start=\"7014\" data-end=\"7042\"><span dir=\"auto\" style=\"vertical-align: inherit;\"><span dir=\"auto\" style=\"vertical-align: inherit;\">Sant\u00e9 et s\u00e9curit\u00e9 :<\/span><\/span><\/strong><span dir=\"auto\" style=\"vertical-align: inherit;\"><span dir=\"auto\" style=\"vertical-align: inherit;\"> \u00c9viter tout contact avec la peau et toute inhalation ; porter un \u00e9quipement de protection appropri\u00e9.<\/span><\/span><\/p>\n<\/li>\n<li data-start=\"7117\" data-end=\"7241\">\n<p data-start=\"7119\" data-end=\"7241\"><strong data-start=\"7119\" data-end=\"7136\"><span dir=\"auto\" style=\"vertical-align: inherit;\"><span dir=\"auto\" style=\"vertical-align: inherit;\">Documentation:<\/span><\/span><\/strong><span dir=\"auto\" style=\"vertical-align: inherit;\"><span dir=\"auto\" style=\"vertical-align: inherit;\"> UN <\/span><\/span><strong data-start=\"7141\" data-end=\"7177\"><span dir=\"auto\" style=\"vertical-align: inherit;\"><span dir=\"auto\" style=\"vertical-align: inherit;\">Fiche de donn\u00e9es de s\u00e9curit\u00e9 (FDS)<\/span><\/span><\/strong><span dir=\"auto\" style=\"vertical-align: inherit;\"><span dir=\"auto\" style=\"vertical-align: inherit;\"> et <\/span><\/span><strong data-start=\"7181\" data-end=\"7209\"><span dir=\"auto\" style=\"vertical-align: inherit;\"><span dir=\"auto\" style=\"vertical-align: inherit;\">Certificat d&#039;analyse (COA)<\/span><\/span><\/strong><span dir=\"auto\" style=\"vertical-align: inherit;\"><span dir=\"auto\" style=\"vertical-align: inherit;\"> sont disponibles sur demande.<\/span><\/span><\/p>\n<\/li>\n<\/ul>\n<hr data-start=\"7243\" data-end=\"7246\" \/>\n<h3 data-start=\"7248\" data-end=\"7283\"><strong data-start=\"7252\" data-end=\"7283\"><span dir=\"auto\" style=\"vertical-align: inherit;\"><span dir=\"auto\" style=\"vertical-align: inherit;\">Foire aux questions (FAQ)<\/span><\/span><\/strong><\/h3>\n<p data-start=\"7285\" data-end=\"7454\"><strong data-start=\"7285\" data-end=\"7336\"><span dir=\"auto\" style=\"vertical-align: inherit;\"><span dir=\"auto\" style=\"vertical-align: inherit;\">1. \u00c0 quoi sert le 5-MeO-MiPT base libre ?<\/span><\/span><\/strong><br data-start=\"7336\" data-end=\"7339\" \/><span dir=\"auto\" style=\"vertical-align: inherit;\"><span dir=\"auto\" style=\"vertical-align: inherit;\"> Il est utilis\u00e9 comme <\/span><\/span><strong data-start=\"7362\" data-end=\"7385\"><span dir=\"auto\" style=\"vertical-align: inherit;\"><span dir=\"auto\" style=\"vertical-align: inherit;\">un document de r\u00e9f\u00e9rence<\/span><\/span><\/strong><span dir=\"auto\" style=\"vertical-align: inherit;\"><span dir=\"auto\" style=\"vertical-align: inherit;\"> dans les tests m\u00e9dico-l\u00e9gaux et analytiques des compos\u00e9s de tryptamine.<\/span><\/span><\/p>\n<p data-start=\"7456\" data-end=\"7648\"><strong data-start=\"7456\" data-end=\"7522\"><span dir=\"auto\" style=\"vertical-align: inherit;\"><span dir=\"auto\" style=\"vertical-align: inherit;\">2. Le 5-MeO-MiPT base libre est-il adapt\u00e9 \u00e0 la consommation humaine ?<\/span><\/span><\/strong><br data-start=\"7522\" data-end=\"7525\" \/><span dir=\"auto\" style=\"vertical-align: inherit;\"><span dir=\"auto\" style=\"vertical-align: inherit;\"> Non. Ce produit est <\/span><\/span><strong data-start=\"7545\" data-end=\"7600\"><span dir=\"auto\" style=\"vertical-align: inherit;\"><span dir=\"auto\" style=\"vertical-align: inherit;\">destin\u00e9 uniquement \u00e0 la recherche scientifique<\/span><\/span><\/strong><span dir=\"auto\" style=\"vertical-align: inherit;\"><span dir=\"auto\" style=\"vertical-align: inherit;\"> et <\/span><\/span><strong data-start=\"7604\" data-end=\"7645\"><span dir=\"auto\" style=\"vertical-align: inherit;\"><span dir=\"auto\" style=\"vertical-align: inherit;\">n&#039;est pas approuv\u00e9 pour un usage m\u00e9dical<\/span><\/span><\/strong><span dir=\"auto\" style=\"vertical-align: inherit;\"><span dir=\"auto\" style=\"vertical-align: inherit;\"> .<\/span><\/span><\/p>\n<p data-start=\"7650\" data-end=\"7788\"><strong data-start=\"7650\" data-end=\"7704\"><span dir=\"auto\" style=\"vertical-align: inherit;\"><span dir=\"auto\" style=\"vertical-align: inherit;\">3. Comment le 5-MeO-MiPT base libre doit-il \u00eatre stock\u00e9 ?<\/span><\/span><\/strong><br data-start=\"7704\" data-end=\"7707\" \/><span dir=\"auto\" style=\"vertical-align: inherit;\"><span dir=\"auto\" style=\"vertical-align: inherit;\"> \u00c0 conserver dans un endroit frais, sec et \u00e0 l&#039;abri de la lumi\u00e8re, bien ferm\u00e9 et hors de port\u00e9e des personnes non autoris\u00e9es.<\/span><\/span><\/p>\n<p><a href=\"https:\/\/researchchemicalhub.com\/fr\/boutique\/lysergamides\/1v-lsd-150-mcg-blotters\/\"><span dir=\"auto\" style=\"vertical-align: inherit;\"><span dir=\"auto\" style=\"vertical-align: inherit;\"><span dir=\"auto\" style=\"vertical-align: inherit;\"><span dir=\"auto\" style=\"vertical-align: inherit;\">buvards 1V-LSD 150 MCG <\/span><\/span><\/span><\/span><\/a><a href=\"https:\/\/researchchemicalhub.com\/fr\/boutique\/phenethylamine\/gelules-2c-ef-2-mg\/\"><span dir=\"auto\" style=\"vertical-align: inherit;\"><span dir=\"auto\" style=\"vertical-align: inherit;\"><span dir=\"auto\" style=\"vertical-align: inherit;\"><span dir=\"auto\" style=\"vertical-align: inherit;\">G\u00e9lules de 2C-EF 2 mg <\/span><\/span><\/span><\/span><\/a><a href=\"https:\/\/researchchemicalhub.com\/fr\/boutique\/presque-interdit\/6-cl-dadba\/\"><span dir=\"auto\" style=\"vertical-align: inherit;\"><span dir=\"auto\" style=\"vertical-align: inherit;\"><span dir=\"auto\" style=\"vertical-align: inherit;\"><span dir=\"auto\" style=\"vertical-align: inherit;\">6-CL-ADBA <\/span><\/span><\/span><\/span><\/a><a href=\"https:\/\/researchchemicalhub.com\/fr\/boutique\/cathinones\/%f0%9f%92%a1-2-mmc-poudre-cristalline-pour-toutes-questions-et-reponses-pour-lachat\/\"><span dir=\"auto\" style=\"vertical-align: inherit;\"><span dir=\"auto\" style=\"vertical-align: inherit;\"><span dir=\"auto\" style=\"vertical-align: inherit;\"><span dir=\"auto\" style=\"vertical-align: inherit;\">Granul\u00e9s de 2-CMC 250 mg <\/span><\/span><\/span><\/span><\/a><a href=\"https:\/\/researchchemicalhub.com\/fr\/boutique\/autre\/meai\/\"><span dir=\"auto\" style=\"vertical-align: inherit;\"><span dir=\"auto\" style=\"vertical-align: inherit;\"><span dir=\"auto\" style=\"vertical-align: inherit;\"><span dir=\"auto\" style=\"vertical-align: inherit;\">MEAI<\/span><\/span><\/span><\/span><\/a><\/p>","protected":false},"excerpt":{"rendered":"<h3><span dir=\"auto\" style=\"vertical-align: inherit;\"><span dir=\"auto\" style=\"vertical-align: inherit;\"><span dir=\"auto\" style=\"vertical-align: inherit;\"><span dir=\"auto\" style=\"vertical-align: inherit;\">5-MeO-MiPT freebase properties<\/span><\/span><\/span><\/span><\/h3>\n<p><strong><span dir=\"auto\" style=\"vertical-align: inherit;\"><span dir=\"auto\" style=\"vertical-align: inherit;\"><span dir=\"auto\" style=\"vertical-align: inherit;\"><span dir=\"auto\" style=\"vertical-align: inherit;\">Synonym:<\/span><\/span><\/span><\/span><\/strong><span dir=\"auto\" style=\"vertical-align: inherit;\"><span dir=\"auto\" style=\"vertical-align: inherit;\"><span dir=\"auto\" style=\"vertical-align: inherit;\"><span dir=\"auto\" style=\"vertical-align: inherit;\"> 5-methoxy-N-isopropyl-N-methyltryptamine freebase <\/span><\/span><\/span><\/span><br \/>\n<strong><span dir=\"auto\" style=\"vertical-align: inherit;\"><span dir=\"auto\" style=\"vertical-align: inherit;\"><span dir=\"auto\" style=\"vertical-align: inherit;\"><span dir=\"auto\" style=\"vertical-align: inherit;\">CAS Number:<\/span><\/span><\/span><\/span><\/strong><span dir=\"auto\" style=\"vertical-align: inherit;\"><span dir=\"auto\" style=\"vertical-align: inherit;\"><span dir=\"auto\" style=\"vertical-align: inherit;\"><span dir=\"auto\" style=\"vertical-align: inherit;\"> 96096-55-8 <\/span><\/span><\/span><\/span><br \/>\n<strong><span dir=\"auto\" style=\"vertical-align: inherit;\"><span dir=\"auto\" style=\"vertical-align: inherit;\"><span dir=\"auto\" style=\"vertical-align: inherit;\"><span dir=\"auto\" style=\"vertical-align: inherit;\">Formula:<\/span><\/span><\/span><\/span><\/strong><span dir=\"auto\" style=\"vertical-align: inherit;\"><span dir=\"auto\" style=\"vertical-align: inherit;\"><span dir=\"auto\" style=\"vertical-align: inherit;\"><span dir=\"auto\" style=\"vertical-align: inherit;\"> 3-[2-(isopropylmethylamino)ethyl]-5-methoxyindole freebase <\/span><\/span><\/span><\/span><br \/>\n<strong><span dir=\"auto\" style=\"vertical-align: inherit;\"><span dir=\"auto\" style=\"vertical-align: inherit;\"><span dir=\"auto\" style=\"vertical-align: inherit;\"><span dir=\"auto\" style=\"vertical-align: inherit;\">Molecular mass:<\/span><\/span><\/span><\/span><\/strong><span dir=\"auto\" style=\"vertical-align: inherit;\"><span dir=\"auto\" style=\"vertical-align: inherit;\"><span dir=\"auto\" style=\"vertical-align: inherit;\"><span dir=\"auto\" style=\"vertical-align: inherit;\"> 282.8 g\/mol <\/span><\/span><\/span><\/span><br \/>\n<strong><span dir=\"auto\" style=\"vertical-align: inherit;\"><span dir=\"auto\" style=\"vertical-align: inherit;\"><span dir=\"auto\" style=\"vertical-align: inherit;\"><span dir=\"auto\" style=\"vertical-align: inherit;\">Purity:<\/span><\/span><\/span><\/span><\/strong><span dir=\"auto\" style=\"vertical-align: inherit;\"><span dir=\"auto\" style=\"vertical-align: inherit;\"><span dir=\"auto\" style=\"vertical-align: inherit;\"><span dir=\"auto\" style=\"vertical-align: inherit;\"> &gt;97%<\/span><\/span><\/span><\/span><\/p>\n","protected":false},"featured_media":28465,"comment_status":"closed","ping_status":"closed","template":"","meta":[],"product_brand":[82],"product_cat":[436,381],"product_tag":[650,1124,643,326],"class_list":{"0":"post-23715","1":"product","2":"type-product","3":"status-publish","4":"has-post-thumbnail","6":"product_brand-research-chemical","7":"product_cat-5-meo-mipt","8":"product_cat-tryptamines","9":"product_tag-5-meo-mipt","10":"product_tag-5-meo-mipt-freebase-2","11":"product_tag-5meomipt","12":"product_tag-nl","14":"first","15":"instock","16":"taxable","17":"shipping-taxable","18":"purchasable","19":"product-type-variable"},"_links":{"self":[{"href":"https:\/\/researchchemicalhub.com\/fr\/wp-json\/wp\/v2\/product\/23715","targetHints":{"allow":["GET"]}}],"collection":[{"href":"https:\/\/researchchemicalhub.com\/fr\/wp-json\/wp\/v2\/product"}],"about":[{"href":"https:\/\/researchchemicalhub.com\/fr\/wp-json\/wp\/v2\/types\/product"}],"replies":[{"embeddable":true,"href":"https:\/\/researchchemicalhub.com\/fr\/wp-json\/wp\/v2\/comments?post=23715"}],"version-history":[{"count":6,"href":"https:\/\/researchchemicalhub.com\/fr\/wp-json\/wp\/v2\/product\/23715\/revisions"}],"predecessor-version":[{"id":28712,"href":"https:\/\/researchchemicalhub.com\/fr\/wp-json\/wp\/v2\/product\/23715\/revisions\/28712"}],"wp:featuredmedia":[{"embeddable":true,"href":"https:\/\/researchchemicalhub.com\/fr\/wp-json\/wp\/v2\/media\/28465"}],"wp:attachment":[{"href":"https:\/\/researchchemicalhub.com\/fr\/wp-json\/wp\/v2\/media?parent=23715"}],"wp:term":[{"taxonomy":"product_brand","embeddable":true,"href":"https:\/\/researchchemicalhub.com\/fr\/wp-json\/wp\/v2\/product_brand?post=23715"},{"taxonomy":"product_cat","embeddable":true,"href":"https:\/\/researchchemicalhub.com\/fr\/wp-json\/wp\/v2\/product_cat?post=23715"},{"taxonomy":"product_tag","embeddable":true,"href":"https:\/\/researchchemicalhub.com\/fr\/wp-json\/wp\/v2\/product_tag?post=23715"}],"curies":[{"name":"wp","href":"https:\/\/api.w.org\/{rel}","templated":true}]}}