{"id":23635,"date":"2025-04-13T17:40:07","date_gmt":"2025-04-13T17:40:07","guid":{"rendered":"https:\/\/researchchemicalhub.com\/?post_type=product&#038;p=23635"},"modified":"2025-10-30T09:10:39","modified_gmt":"2025-10-30T09:10:39","slug":"4f-mph-kopen","status":"publish","type":"product","link":"https:\/\/researchchemicalhub.com\/fr\/shop\/4f-mph\/4f-mph-kopen\/","title":{"rendered":"Granul\u00e9s de 4F-MPH 30 mg (4-fluorom\u00e9thylph\u00e9nidate)"},"content":{"rendered":"<h3 data-start=\"3944\" data-end=\"3963\"><strong data-start=\"3948\" data-end=\"3963\">Introduction<\/strong><\/h3>\n<p data-start=\"3964\" data-end=\"4264\"><strong data-start=\"3964\" data-end=\"4000\">4F-MPH (4-fluorom\u00e9thylph\u00e9nidate)<\/strong> Les granul\u00e9s de 30 MG sont <strong data-start=\"4020\" data-end=\"4066\">compos\u00e9s de recherche de haute puret\u00e9<\/strong>, d\u00e9velopp\u00e9 pour <strong data-start=\"4084\" data-end=\"4137\">recherche neuroscientifique et pharmacologique<\/strong>Cette variante du fluorom\u00e9thylph\u00e9nidate est largement utilis\u00e9e dans les \u00e9tudes sur <strong data-start=\"4212\" data-end=\"4261\">syst\u00e8mes de transport dopaminergique et noradr\u00e9nergique<\/strong>. 4f mph acheter<\/p>\n<p data-start=\"4266\" data-end=\"4517\">Chaque pastille contient <strong data-start=\"4284\" data-end=\"4308\">30 mg de 4F-MPH pur<\/strong>, soigneusement mesur\u00e9 pour garantir des r\u00e9sultats de recherche fiables et reproductibles. Ce produit est destin\u00e9 uniquement \u00e0 <strong data-start=\"4441\" data-end=\"4473\">chercheurs qualifi\u00e9s<\/strong> dans des environnements de laboratoire contr\u00f4l\u00e9s.<\/p>\n<blockquote data-start=\"4519\" data-end=\"4668\">\n<p data-start=\"4521\" data-end=\"4668\">\u26a0\ufe0f <strong data-start=\"4524\" data-end=\"4535\">NB:<\/strong> Les granul\u00e9s 4F-MPH 30 MG sont <strong data-start=\"4562\" data-end=\"4617\">destin\u00e9 uniquement \u00e0 la recherche scientifique<\/strong> et <strong data-start=\"4621\" data-end=\"4665\">impropre \u00e0 la consommation humaine<\/strong>.<\/p>\n<\/blockquote>\n<hr data-start=\"4670\" data-end=\"4673\" \/>\n<h3 data-start=\"4675\" data-end=\"4706\"><strong data-start=\"4679\" data-end=\"4706\">Caract\u00e9ristiques principales<\/strong><\/h3>\n<ul data-start=\"4707\" data-end=\"5183\">\n<li data-start=\"4707\" data-end=\"4802\">\n<p data-start=\"4709\" data-end=\"4802\"><strong data-start=\"4709\" data-end=\"4735\">Haute puret\u00e9 (\u226599%)<\/strong> \u2013 Test\u00e9 en laboratoire pour une qualit\u00e9 et une fiabilit\u00e9 optimales.<\/p>\n<\/li>\n<li data-start=\"4803\" data-end=\"4910\">\n<p data-start=\"4805\" data-end=\"4910\"><strong data-start=\"4805\" data-end=\"4837\">Dosage pr\u00e9cis (30 mg)<\/strong> \u2013 Chaque pastille est mesur\u00e9e de mani\u00e8re coh\u00e9rente pour des r\u00e9sultats reproductibles.<\/p>\n<\/li>\n<li data-start=\"4911\" data-end=\"5000\">\n<p data-start=\"4913\" data-end=\"5000\"><strong data-start=\"4913\" data-end=\"4939\">Stabilit\u00e9 am\u00e9lior\u00e9e<\/strong> \u2013 Sa forme en granul\u00e9s pr\u00e9vient la d\u00e9gradation et prolonge la dur\u00e9e de conservation. Achetez \u00e0 4 pieds par minute.<\/p>\n<\/li>\n<li data-start=\"5001\" data-end=\"5082\">\n<p data-start=\"5003\" data-end=\"5082\"><strong data-start=\"5003\" data-end=\"5037\">Contr\u00f4le de qualit\u00e9 fiable<\/strong> \u2013 Fabriqu\u00e9 selon des normes de type GMP.<\/p>\n<\/li>\n<li data-start=\"5083\" data-end=\"5183\">\n<p data-start=\"5085\" data-end=\"5183\"><strong data-start=\"5085\" data-end=\"5107\">Emballage s\u00fbr<\/strong> \u2013 Emballage herm\u00e9tique et r\u00e9sistant \u00e0 l\u2019humidit\u00e9 pour maintenir l\u2019int\u00e9grit\u00e9 du produit.<\/p>\n<\/li>\n<\/ul>\n<hr data-start=\"5185\" data-end=\"5188\" \/>\n<h3 data-start=\"5190\" data-end=\"5207\"><strong data-start=\"5194\" data-end=\"5207\">Avantages<\/strong><\/h3>\n<ul data-start=\"5208\" data-end=\"5479\">\n<li data-start=\"5208\" data-end=\"5284\">\n<p data-start=\"5210\" data-end=\"5284\">Pr\u00e9voit <strong data-start=\"5221\" data-end=\"5245\">dosage pr\u00e9cis<\/strong> et des r\u00e9sultats de recherche coh\u00e9rents.<\/p>\n<\/li>\n<li data-start=\"5285\" data-end=\"5349\">\n<p data-start=\"5287\" data-end=\"5349\">Convient pour <strong data-start=\"5301\" data-end=\"5346\">recherche neurochimique et pharmacologique<\/strong>.<\/p>\n<\/li>\n<li data-start=\"5350\" data-end=\"5408\">\n<p data-start=\"5352\" data-end=\"5408\"><strong data-start=\"5352\" data-end=\"5376\">Dur\u00e9e de conservation plus longue<\/strong> gr\u00e2ce \u00e0 une formulation stable.<\/p>\n<\/li>\n<li data-start=\"5409\" data-end=\"5479\">\n<p data-start=\"5411\" data-end=\"5479\">Facile \u00e0 <strong data-start=\"5424\" data-end=\"5451\">manipuler et stocker<\/strong> sans perte de qualit\u00e9.<\/p>\n<\/li>\n<\/ul>\n<hr data-start=\"5481\" data-end=\"5484\" \/>\n<h3 data-start=\"5486\" data-end=\"5501\"><strong data-start=\"5490\" data-end=\"5501\">Usage<\/strong><\/h3>\n<ul data-start=\"5502\" data-end=\"5772\">\n<li data-start=\"5502\" data-end=\"5562\">\n<p data-start=\"5504\" data-end=\"5562\">\u00c0 utiliser uniquement pour <strong data-start=\"5529\" data-end=\"5559\">recherche scientifique<\/strong>.<\/p>\n<\/li>\n<li data-start=\"5563\" data-end=\"5637\">\n<p data-start=\"5565\" data-end=\"5637\">Porter des v\u00eatements appropri\u00e9s <strong data-start=\"5581\" data-end=\"5605\">\u00e9quipement de protection<\/strong> (gants, lunettes, blouse de laboratoire).<\/p>\n<\/li>\n<li data-start=\"5638\" data-end=\"5713\">\n<p data-start=\"5640\" data-end=\"5713\">\u00c9conomisez sur un <strong data-start=\"5655\" data-end=\"5678\">endroit frais et sec<\/strong>, \u00e0 l&#039;abri de la lumi\u00e8re et de l&#039;humidit\u00e9.<\/p>\n<\/li>\n<li data-start=\"5714\" data-end=\"5772\">\n<p data-start=\"5716\" data-end=\"5772\">Ne convient pas \u00e0 la consommation humaine ou animale.<\/p>\n<\/li>\n<\/ul>\n<hr data-start=\"5774\" data-end=\"5777\" \/>\n<h3 data-start=\"5779\" data-end=\"5814\"><strong data-start=\"5783\" data-end=\"5814\">Foire aux questions (FAQ)<\/strong><\/h3>\n<p data-start=\"5816\" data-end=\"6007\"><strong data-start=\"5816\" data-end=\"5854\">1. \u00c0 quoi sert le 4F-MPH ?<\/strong><br data-start=\"5854\" data-end=\"5857\" \/>4F-MPH est utilis\u00e9 dans <strong data-start=\"5882\" data-end=\"5927\">recherche pharmacologique et neurochimique<\/strong> aux stimulants et aux syst\u00e8mes de neurotransmetteurs tels que la dopamine et la noradr\u00e9naline.<\/p>\n<p data-start=\"6009\" data-end=\"6184\"><strong data-start=\"6009\" data-end=\"6062\">2. Le 4F-MPH 30 MG est-il sans danger pour l\u2019usage humain ?<\/strong><br data-start=\"6062\" data-end=\"6065\" \/>Non. Ce produit est <strong data-start=\"6085\" data-end=\"6134\">destin\u00e9 \u00e0 des fins de recherche uniquement<\/strong> et non approuv\u00e9 pour la consommation humaine.<\/p>\n<p data-start=\"6186\" data-end=\"6359\"><strong data-start=\"6186\" data-end=\"6230\">3. Comment conserver 4F-MPH 30 MG ?<\/strong><br data-start=\"6230\" data-end=\"6233\" \/>Conserver dans un <strong data-start=\"6248\" data-end=\"6278\">emballage bien scell\u00e9<\/strong> abeille <strong data-start=\"6283\" data-end=\"6313\">temp\u00e9rature ambiante (15\u201325\u00b0C)<\/strong>, \u00e0 l&#039;abri de l&#039;humidit\u00e9 et de la lumi\u00e8re directe du soleil.<\/p>","protected":false},"excerpt":{"rendered":"<p><strong><span dir=\"auto\" style=\"vertical-align: inherit;\"><span dir=\"auto\" style=\"vertical-align: inherit;\">TEMPORAIREMENT EN GRANUL\u00c9S BLEU (seule diff\u00e9rence de couleur).<\/span><\/span><\/strong><\/p>","protected":false},"featured_media":28441,"comment_status":"closed","ping_status":"closed","template":"","meta":[],"product_brand":[82],"product_cat":[444,445,322,333,324],"product_tag":[570,571,326],"class_list":{"0":"post-23635","1":"product","2":"type-product","3":"status-publish","4":"has-post-thumbnail","6":"product_brand-research-chemical","7":"product_cat-4f-mph","8":"product_cat-4f-mph-pellets","9":"product_cat-bijna-verboden","10":"product_cat-gefluoreerden","11":"product_cat-pellets-for-pellet","12":"product_tag-4f-mph-kopen","13":"product_tag-4f-mph","14":"product_tag-nl","16":"first","17":"instock","18":"taxable","19":"shipping-taxable","20":"purchasable","21":"product-type-variable"},"_links":{"self":[{"href":"https:\/\/researchchemicalhub.com\/fr\/wp-json\/wp\/v2\/product\/23635","targetHints":{"allow":["GET"]}}],"collection":[{"href":"https:\/\/researchchemicalhub.com\/fr\/wp-json\/wp\/v2\/product"}],"about":[{"href":"https:\/\/researchchemicalhub.com\/fr\/wp-json\/wp\/v2\/types\/product"}],"replies":[{"embeddable":true,"href":"https:\/\/researchchemicalhub.com\/fr\/wp-json\/wp\/v2\/comments?post=23635"}],"version-history":[{"count":6,"href":"https:\/\/researchchemicalhub.com\/fr\/wp-json\/wp\/v2\/product\/23635\/revisions"}],"predecessor-version":[{"id":27993,"href":"https:\/\/researchchemicalhub.com\/fr\/wp-json\/wp\/v2\/product\/23635\/revisions\/27993"}],"wp:featuredmedia":[{"embeddable":true,"href":"https:\/\/researchchemicalhub.com\/fr\/wp-json\/wp\/v2\/media\/28441"}],"wp:attachment":[{"href":"https:\/\/researchchemicalhub.com\/fr\/wp-json\/wp\/v2\/media?parent=23635"}],"wp:term":[{"taxonomy":"product_brand","embeddable":true,"href":"https:\/\/researchchemicalhub.com\/fr\/wp-json\/wp\/v2\/product_brand?post=23635"},{"taxonomy":"product_cat","embeddable":true,"href":"https:\/\/researchchemicalhub.com\/fr\/wp-json\/wp\/v2\/product_cat?post=23635"},{"taxonomy":"product_tag","embeddable":true,"href":"https:\/\/researchchemicalhub.com\/fr\/wp-json\/wp\/v2\/product_tag?post=23635"}],"curies":[{"name":"wp","href":"https:\/\/api.w.org\/{rel}","templated":true}]}}