{"id":23573,"date":"2025-04-13T17:40:00","date_gmt":"2025-04-13T17:40:00","guid":{"rendered":"https:\/\/researchchemicalhub.com\/?post_type=product&#038;p=23573"},"modified":"2025-10-19T10:58:08","modified_gmt":"2025-10-19T10:58:08","slug":"lsz-l-tartrate-pur","status":"publish","type":"product","link":"https:\/\/researchchemicalhub.com\/fr\/boutique\/lsz\/lsz-l-tartrate-pur\/","title":{"rendered":"LSZ L-tartrate pur"},"content":{"rendered":"<h3><span dir=\"auto\" style=\"vertical-align: inherit;\"><span dir=\"auto\" style=\"vertical-align: inherit;\">LSZ L-Tartrate pur \u2013 Produit chimique de recherche de haute qualit\u00e9 pour applications scientifiques<\/span><\/span><\/h3>\n<p data-start=\"3744\" data-end=\"3935\"><strong data-start=\"3744\" data-end=\"3811\">LSZ L-tartrate (acide lysergique 2,4-dim\u00e9thylaz\u00e9tidide L-tartrate)<\/strong> est un <strong data-start=\"3819\" data-end=\"3861\">compos\u00e9 de recherche de haute puret\u00e9<\/strong>, d\u00e9velopp\u00e9 pour <strong data-start=\"3879\" data-end=\"3932\">recherche neuroscientifique et pharmacologique<\/strong>. <span class=\"___SBox_epc1q-ko_ ___SText_zko9t-ko_\" data-ui-name=\"Link.Text\">lsz<\/span><\/p>\n<p data-start=\"3937\" data-end=\"4264\">Si <strong data-start=\"3941\" data-end=\"4001\">analogue structurel du LSD (di\u00e9thylamide de l&#039;acide lysergique)<\/strong> LSZ contient un <strong data-start=\"4016\" data-end=\"4046\">groupe 2,4-dim\u00e9thylaz\u00e9tidide<\/strong> au lieu d&#039;un groupe di\u00e9thylamide. Cela le rend particuli\u00e8rement pr\u00e9cieux pour <strong data-start=\"4123\" data-end=\"4163\">recherche sur les r\u00e9cepteurs de la s\u00e9rotonine<\/strong>, <strong data-start=\"4165\" data-end=\"4187\">affinit\u00e9 de liaison<\/strong> et <strong data-start=\"4191\" data-end=\"4233\">relations structure-activit\u00e9 (SAR)<\/strong> au sein de la classe des lysergamides.<\/p>\n<p data-start=\"4266\" data-end=\"4451\">Le <strong data-start=\"4269\" data-end=\"4291\">forme de sel de L-tartrate<\/strong> augmente la <strong data-start=\"4304\" data-end=\"4346\">stabilit\u00e9 chimique et solubilit\u00e9<\/strong>, ce qui rend ce produit id\u00e9alement adapt\u00e9 au stockage \u00e0 long terme et aux applications de laboratoire de pr\u00e9cision.<\/p>\n<blockquote data-start=\"4453\" data-end=\"4604\">\n<p data-start=\"4455\" data-end=\"4604\">\u26a0\ufe0f <strong data-start=\"4458\" data-end=\"4469\">NB:<\/strong> Ce produit est <strong data-start=\"4485\" data-end=\"4540\">destin\u00e9 uniquement \u00e0 la recherche scientifique<\/strong> et <strong data-start=\"4544\" data-end=\"4601\">ne convient pas \u00e0 la consommation humaine ou animale<\/strong>.<\/p>\n<\/blockquote>\n<hr data-start=\"4606\" data-end=\"4609\" \/>\n<h3 data-start=\"4611\" data-end=\"4642\"><strong data-start=\"4615\" data-end=\"4642\">Caract\u00e9ristiques principales<\/strong><\/h3>\n<ul data-start=\"4643\" data-end=\"5086\">\n<li data-start=\"4643\" data-end=\"4741\">\n<p data-start=\"4645\" data-end=\"4741\"><strong data-start=\"4645\" data-end=\"4671\">Haute puret\u00e9 (\u226599%)<\/strong> \u2013 Test\u00e9 en laboratoire pour la composition, la stabilit\u00e9 et l\u2019identit\u00e9.<\/p>\n<\/li>\n<li data-start=\"4742\" data-end=\"4829\">\n<p data-start=\"4744\" data-end=\"4829\"><strong data-start=\"4744\" data-end=\"4775\">Forme saline stable de L-tartrate<\/strong> \u2013 Augmente la dur\u00e9e de conservation et simplifie la manipulation.<\/p>\n<\/li>\n<li data-start=\"4830\" data-end=\"4915\">\n<p data-start=\"4832\" data-end=\"4915\"><strong data-start=\"4832\" data-end=\"4871\">Norme de recherche pharmacologique<\/strong> \u2013 Id\u00e9al pour la recherche sur les r\u00e9cepteurs et les SAR.<\/p>\n<\/li>\n<li data-start=\"4916\" data-end=\"4997\">\n<p data-start=\"4918\" data-end=\"4997\"><strong data-start=\"4918\" data-end=\"4957\">Conditions de production similaires aux BPF<\/strong> \u2013 Qualit\u00e9 constante garantie.<\/p>\n<\/li>\n<li data-start=\"4998\" data-end=\"5086\">\n<p data-start=\"5000\" data-end=\"5086\"><strong data-start=\"5000\" data-end=\"5022\">Emballage s\u00fbr<\/strong> \u2013 Emballage herm\u00e9tique et \u00e0 l\u2019abri de la lumi\u00e8re pour une protection maximale.<\/p>\n<\/li>\n<\/ul>\n<hr data-start=\"5088\" data-end=\"5091\" \/>\n<h3 data-start=\"5093\" data-end=\"5110\"><strong data-start=\"5097\" data-end=\"5110\">Avantages<\/strong><\/h3>\n<ul data-start=\"5111\" data-end=\"5378\">\n<li data-start=\"5111\" data-end=\"5182\">\n<p data-start=\"5113\" data-end=\"5182\">Pr\u00e9voit <strong data-start=\"5124\" data-end=\"5179\">r\u00e9sultats de recherche fiables et reproductibles<\/strong>.<\/p>\n<\/li>\n<li data-start=\"5183\" data-end=\"5264\">\n<p data-start=\"5185\" data-end=\"5264\">Soutient <strong data-start=\"5197\" data-end=\"5261\">recherche sur les r\u00e9cepteurs de la s\u00e9rotonine et les analogues du lysergamide<\/strong>.<\/p>\n<\/li>\n<li data-start=\"5265\" data-end=\"5318\">\n<p data-start=\"5267\" data-end=\"5318\"><strong data-start=\"5267\" data-end=\"5293\">Stabilit\u00e9 am\u00e9lior\u00e9e<\/strong> et une longue dur\u00e9e de conservation.<\/p>\n<\/li>\n<li data-start=\"5319\" data-end=\"5378\">\n<p data-start=\"5321\" data-end=\"5378\"><strong data-start=\"5321\" data-end=\"5350\">Excellente solubilit\u00e9<\/strong> pour des \u00e9tudes analytiques.<\/p>\n<\/li>\n<\/ul>\n<hr data-start=\"5380\" data-end=\"5383\" \/>\n<h3 data-start=\"5385\" data-end=\"5400\"><strong data-start=\"5389\" data-end=\"5400\">Usage<\/strong><\/h3>\n<ul data-start=\"5401\" data-end=\"5681\">\n<li data-start=\"5401\" data-end=\"5471\">\n<p data-start=\"5403\" data-end=\"5471\">R\u00e9serv\u00e9 \u00e0 l&#039;usage exclusif de <strong data-start=\"5428\" data-end=\"5468\">personnel de laboratoire qualifi\u00e9<\/strong>.<\/p>\n<\/li>\n<li data-start=\"5472\" data-end=\"5557\">\n<p data-start=\"5474\" data-end=\"5557\">Porter des v\u00eatements appropri\u00e9s <strong data-start=\"5490\" data-end=\"5514\">\u00e9quipement de protection<\/strong> (gants, lunettes de s\u00e9curit\u00e9, masque).<\/p>\n<\/li>\n<li data-start=\"5558\" data-end=\"5622\">\n<p data-start=\"5560\" data-end=\"5622\">\u00c9conomisez sur un <strong data-start=\"5575\" data-end=\"5609\">endroit frais, sec et sombre<\/strong> (15\u201325\u00b0C).<\/p>\n<\/li>\n<li data-start=\"5623\" data-end=\"5681\">\n<p data-start=\"5625\" data-end=\"5681\">Ne convient pas \u00e0 la consommation humaine ou animale.<\/p>\n<\/li>\n<\/ul>\n<hr data-start=\"5683\" data-end=\"5686\" \/>\n<h3 data-start=\"5688\" data-end=\"5723\"><strong data-start=\"5692\" data-end=\"5723\">Foire aux questions (FAQ)<\/strong><\/h3>\n<p data-start=\"5725\" data-end=\"5908\"><strong data-start=\"5725\" data-end=\"5771\">1. \u00c0 quoi sert le L-tartrate de LSZ ?<\/strong><br data-start=\"5771\" data-end=\"5774\" \/>Le L-tartrate de LSZ est utilis\u00e9 pour <strong data-start=\"5809\" data-end=\"5854\">recherche pharmacologique et neurochimique<\/strong> aux r\u00e9cepteurs de la s\u00e9rotonine et aux analogues du lysergamide.<\/p>\n<p data-start=\"5910\" data-end=\"6087\"><strong data-start=\"5910\" data-end=\"5965\">2. Le L-tartrate de LSZ est-il sans danger pour l\u2019homme ?<\/strong><br data-start=\"5965\" data-end=\"5968\" \/>Non. Ce produit est <strong data-start=\"5988\" data-end=\"6037\">destin\u00e9 \u00e0 des fins de recherche uniquement<\/strong> et non approuv\u00e9 pour la consommation humaine.<\/p>\n<p data-start=\"6089\" data-end=\"6249\"><strong data-start=\"6089\" data-end=\"6135\">3. Comment conserver le L-tartrate de LSZ ?<\/strong><br data-start=\"6135\" data-end=\"6138\" \/>Conserver dans un <strong data-start=\"6153\" data-end=\"6183\">emballage bien scell\u00e9<\/strong> sur un <strong data-start=\"6191\" data-end=\"6214\">endroit frais et sec<\/strong>, \u00e0 l&#039;abri de la lumi\u00e8re et de l&#039;humidit\u00e9.<\/p>\n<p><span dir=\"auto\" style=\"vertical-align: inherit;\"><span dir=\"auto\" style=\"vertical-align: inherit;\">. <\/span><\/span><a href=\"https:\/\/researchchemicalhub.com\/fr\/boutique\/iboga-ibogaine\/ecorce-de-racine-diboga\/\"><span dir=\"auto\" style=\"vertical-align: inherit;\"><span dir=\"auto\" style=\"vertical-align: inherit;\">\u00c9corce de racine d&#039;iboga<\/span><\/span><\/a><a href=\"https:\/\/researchchemicalhub.com\/fr\/boutique\/iboga-ibogaine\/acheter-de-libogaine-hcl\/\"><span dir=\"auto\" style=\"vertical-align: inherit;\"><span dir=\"auto\" style=\"vertical-align: inherit;\">\u200b acheter de l&#039;iboga\u00efne hcl en ligne<\/span><\/span><\/a><a href=\"https:\/\/researchchemicalhub.com\/fr\/boutique\/lysergamides\/1cp-lsd-150-mcg-2\/\"><span dir=\"auto\" style=\"vertical-align: inherit;\"><span dir=\"auto\" style=\"vertical-align: inherit;\">1 cp de LSD <\/span><\/span><\/a><a href=\"https:\/\/researchchemicalhub.com\/fr\/boutique\/granules-2\/o-dsmt-50-mg-granules\/\"><span dir=\"auto\" style=\"vertical-align: inherit;\"><span dir=\"auto\" style=\"vertical-align: inherit;\">o-dsmt <\/span><\/span><\/a><a href=\"https:\/\/researchchemicalhub.com\/fr\/boutique\/lysergamides\/buvards-1v-lsd-150-mcg\/\"><span dir=\"auto\" style=\"vertical-align: inherit;\"><span dir=\"auto\" style=\"vertical-align: inherit;\">1vlsd<\/span><\/span><\/a><\/p>","protected":false},"excerpt":{"rendered":"<h3><span style=\"vertical-align: inherit;\"><span style=\"vertical-align: inherit;\"><span dir=\"auto\" style=\"vertical-align: inherit;\"><span dir=\"auto\" style=\"vertical-align: inherit;\">Propri\u00e9t\u00e9s du L-tartrate de LSZ<\/span><\/span><\/span><\/span><\/h3>\n<p><strong><span style=\"vertical-align: inherit;\"><span style=\"vertical-align: inherit;\"><span dir=\"auto\" style=\"vertical-align: inherit;\"><span dir=\"auto\" style=\"vertical-align: inherit;\">Synonyme:<\/span><\/span><\/span><\/span><\/strong><span style=\"vertical-align: inherit;\"><span style=\"vertical-align: inherit;\"><span dir=\"auto\" style=\"vertical-align: inherit;\"><span dir=\"auto\" style=\"vertical-align: inherit;\"> acide lysergique 2,4-dim\u00e9thylaz\u00e9tidide h\u00e9mi-L-tartrate <\/span><\/span><\/span><\/span><br \/>\n<strong><span style=\"vertical-align: inherit;\"><span style=\"vertical-align: inherit;\"><span dir=\"auto\" style=\"vertical-align: inherit;\"><span dir=\"auto\" style=\"vertical-align: inherit;\">Num\u00e9ro CAS :<\/span><\/span><\/span><\/span><\/strong><span style=\"vertical-align: inherit;\"><span style=\"vertical-align: inherit;\"><span dir=\"auto\" style=\"vertical-align: inherit;\"><span dir=\"auto\" style=\"vertical-align: inherit;\"> 470666-32-1 <\/span><\/span><\/span><\/span><br \/>\n<strong><span style=\"vertical-align: inherit;\"><span style=\"vertical-align: inherit;\"><span dir=\"auto\" style=\"vertical-align: inherit;\"><span dir=\"auto\" style=\"vertical-align: inherit;\">Formule:<\/span><\/span><\/span><\/span><\/strong><span style=\"vertical-align: inherit;\"><span style=\"vertical-align: inherit;\"><span dir=\"auto\" style=\"vertical-align: inherit;\"><span dir=\"auto\" style=\"vertical-align: inherit;\"> ((2S,4S)-2,4-dim\u00e9thylaz\u00e9tidin-1-yl+*(8\u03b2)-6-m\u00e9thyl-9,10-did\u00e9shydroergolin-8-yl+m\u00e9thanone <\/span><\/span><\/span><\/span><br \/>\n<strong><span style=\"vertical-align: inherit;\"><span style=\"vertical-align: inherit;\"><span dir=\"auto\" style=\"vertical-align: inherit;\"><span dir=\"auto\" style=\"vertical-align: inherit;\">Masse molaire :<\/span><\/span><\/span><\/span><\/strong><span style=\"vertical-align: inherit;\"><span style=\"vertical-align: inherit;\"><span dir=\"auto\" style=\"vertical-align: inherit;\"><span dir=\"auto\" style=\"vertical-align: inherit;\"> 410,5 g\/mol <\/span><\/span><\/span><\/span><br \/>\n<strong><span style=\"vertical-align: inherit;\"><span style=\"vertical-align: inherit;\"><span dir=\"auto\" style=\"vertical-align: inherit;\"><span dir=\"auto\" style=\"vertical-align: inherit;\">Puret\u00e9:<\/span><\/span><\/span><\/span><\/strong><span style=\"vertical-align: inherit;\"><span style=\"vertical-align: inherit;\"><span dir=\"auto\" style=\"vertical-align: inherit;\"><span dir=\"auto\" style=\"vertical-align: inherit;\"> &gt;97%<\/span><\/span><\/span><\/span><\/p>","protected":false},"featured_media":20489,"comment_status":"closed","ping_status":"closed","template":"","meta":[],"product_brand":[82],"product_cat":[366,358],"product_tag":[775,326],"class_list":{"0":"post-23573","1":"product","2":"type-product","3":"status-publish","4":"has-post-thumbnail","6":"product_brand-research-chemical","7":"product_cat-lsz","8":"product_cat-lysergamides","9":"product_tag-lsz","10":"product_tag-nl","12":"first","13":"instock","14":"taxable","15":"shipping-taxable","16":"purchasable","17":"product-type-variable"},"_links":{"self":[{"href":"https:\/\/researchchemicalhub.com\/fr\/wp-json\/wp\/v2\/product\/23573","targetHints":{"allow":["GET"]}}],"collection":[{"href":"https:\/\/researchchemicalhub.com\/fr\/wp-json\/wp\/v2\/product"}],"about":[{"href":"https:\/\/researchchemicalhub.com\/fr\/wp-json\/wp\/v2\/types\/product"}],"replies":[{"embeddable":true,"href":"https:\/\/researchchemicalhub.com\/fr\/wp-json\/wp\/v2\/comments?post=23573"}],"version-history":[{"count":5,"href":"https:\/\/researchchemicalhub.com\/fr\/wp-json\/wp\/v2\/product\/23573\/revisions"}],"predecessor-version":[{"id":28011,"href":"https:\/\/researchchemicalhub.com\/fr\/wp-json\/wp\/v2\/product\/23573\/revisions\/28011"}],"wp:featuredmedia":[{"embeddable":true,"href":"https:\/\/researchchemicalhub.com\/fr\/wp-json\/wp\/v2\/media\/20489"}],"wp:attachment":[{"href":"https:\/\/researchchemicalhub.com\/fr\/wp-json\/wp\/v2\/media?parent=23573"}],"wp:term":[{"taxonomy":"product_brand","embeddable":true,"href":"https:\/\/researchchemicalhub.com\/fr\/wp-json\/wp\/v2\/product_brand?post=23573"},{"taxonomy":"product_cat","embeddable":true,"href":"https:\/\/researchchemicalhub.com\/fr\/wp-json\/wp\/v2\/product_cat?post=23573"},{"taxonomy":"product_tag","embeddable":true,"href":"https:\/\/researchchemicalhub.com\/fr\/wp-json\/wp\/v2\/product_tag?post=23573"}],"curies":[{"name":"wp","href":"https:\/\/api.w.org\/{rel}","templated":true}]}}