{"id":23542,"date":"2025-04-13T17:39:57","date_gmt":"2025-04-13T17:39:57","guid":{"rendered":"https:\/\/researchchemicalhub.com\/?post_type=product&#038;p=23542"},"modified":"2025-10-19T15:41:30","modified_gmt":"2025-10-19T15:41:30","slug":"4-ho-mipt-fumarate-2","status":"publish","type":"product","link":"https:\/\/researchchemicalhub.com\/fr\/shop\/mipt\/4-ho-mipt-fumarate-2\/","title":{"rendered":"Fumarate de MiPT (N-m\u00e9thyl-N-isopropyltryptamine)"},"content":{"rendered":"<h1><strong><span dir=\"auto\" style=\"vertical-align: inherit;\"><span dir=\"auto\" style=\"vertical-align: inherit;\">Fumarate de MiPT \u2013 N-m\u00e9thyl-N-isopropyltryptamine, substance de recherche dont la puret\u00e9 est v\u00e9rifi\u00e9e par HPLC<\/span><\/span><\/strong><\/h1>\n<p data-start=\"3772\" data-end=\"3958\"><strong data-start=\"3772\" data-end=\"3822\">Fumarate de MiPT (N-m\u00e9thyl-N-isopropyltryptamine)<\/strong> est un <strong data-start=\"3830\" data-end=\"3872\">compos\u00e9 de recherche de haute puret\u00e9<\/strong>, d\u00e9velopp\u00e9 pour <strong data-start=\"3890\" data-end=\"3955\">recherche neuroscientifique, pharmacologique et analytique<\/strong>. Fumarate de 4-ho-mipt<\/p>\n<p data-start=\"3960\" data-end=\"4167\">MiPT appartient \u00e0 la <strong data-start=\"3980\" data-end=\"4000\">classe tryptamine<\/strong>, li\u00e9 \u00e0 <strong data-start=\"4014\" data-end=\"4021\">DMT<\/strong> et <strong data-start=\"4025\" data-end=\"4032\">DE<\/strong>, et est souvent \u00e9tudi\u00e9 en rapport avec <strong data-start=\"4074\" data-end=\"4118\">r\u00e9cepteurs de la s\u00e9rotonine (5-HT2A et 5-HT1A)<\/strong> et <strong data-start=\"4122\" data-end=\"4164\">relations structure-activit\u00e9 (SAR)<\/strong>.<\/p>\n<p data-start=\"4169\" data-end=\"4359\">Le <strong data-start=\"4172\" data-end=\"4192\">forme de sel de fumarate<\/strong> offres <strong data-start=\"4199\" data-end=\"4253\">meilleure stabilit\u00e9, solubilit\u00e9 et facilit\u00e9 d&#039;utilisation<\/strong>, ce qui est essentiel pour des recherches pr\u00e9cises et \u00e0 long terme dans des conditions de laboratoire contr\u00f4l\u00e9es.<\/p>\n<blockquote data-start=\"4361\" data-end=\"4512\">\n<p data-start=\"4363\" data-end=\"4512\">\u26a0\ufe0f <strong data-start=\"4366\" data-end=\"4377\">NB:<\/strong> Ce produit est <strong data-start=\"4393\" data-end=\"4448\">destin\u00e9 uniquement \u00e0 la recherche scientifique<\/strong> et <strong data-start=\"4452\" data-end=\"4509\">ne convient pas \u00e0 la consommation humaine ou animale<\/strong>.<\/p>\n<\/blockquote>\n<hr data-start=\"4514\" data-end=\"4517\" \/>\n<h3 data-start=\"4519\" data-end=\"4550\"><strong data-start=\"4523\" data-end=\"4550\">Caract\u00e9ristiques principales<\/strong><\/h3>\n<ul data-start=\"4551\" data-end=\"4977\">\n<li data-start=\"4551\" data-end=\"4646\">\n<p data-start=\"4553\" data-end=\"4646\"><strong data-start=\"4553\" data-end=\"4579\">Haute puret\u00e9 (\u226599%)<\/strong> \u2013 Test\u00e9 en laboratoire pour l\u2019identit\u00e9 et la composition chimique.<\/p>\n<\/li>\n<li data-start=\"4647\" data-end=\"4726\">\n<p data-start=\"4649\" data-end=\"4726\"><strong data-start=\"4649\" data-end=\"4678\">Forme stable du sel de fumarate<\/strong> \u2013 Augmente la dur\u00e9e de conservation et la stabilit\u00e9 du stockage.<\/p>\n<\/li>\n<li data-start=\"4727\" data-end=\"4814\">\n<p data-start=\"4729\" data-end=\"4814\"><strong data-start=\"4729\" data-end=\"4768\">Norme de recherche pharmacologique<\/strong> \u2013 Convient \u00e0 la recherche sur les r\u00e9cepteurs et les SAR.<\/p>\n<\/li>\n<li data-start=\"4815\" data-end=\"4888\">\n<p data-start=\"4817\" data-end=\"4888\"><strong data-start=\"4817\" data-end=\"4842\">Production de type GMP<\/strong> \u2013 Qualit\u00e9 et fiabilit\u00e9 constantes.<\/p>\n<\/li>\n<li data-start=\"4889\" data-end=\"4977\">\n<p data-start=\"4891\" data-end=\"4977\"><strong data-start=\"4891\" data-end=\"4913\">Emballage s\u00fbr<\/strong> \u2013 Emballage herm\u00e9tique et \u00e0 l\u2019abri de la lumi\u00e8re pour une protection maximale.<\/p>\n<\/li>\n<\/ul>\n<hr data-start=\"4979\" data-end=\"4982\" \/>\n<h3 data-start=\"4984\" data-end=\"5001\"><strong data-start=\"4988\" data-end=\"5001\">Avantages<\/strong><\/h3>\n<ul data-start=\"5002\" data-end=\"5287\">\n<li data-start=\"5002\" data-end=\"5082\">\n<p data-start=\"5004\" data-end=\"5082\">Soutient <strong data-start=\"5016\" data-end=\"5079\">recherche sur les r\u00e9cepteurs de la s\u00e9rotonine et les analogues de la tryptamine<\/strong>.<\/p>\n<\/li>\n<li data-start=\"5083\" data-end=\"5159\">\n<p data-start=\"5085\" data-end=\"5159\"><strong data-start=\"5085\" data-end=\"5130\">Des r\u00e9sultats pr\u00e9cis et reproductibles<\/strong> dans les tests de laboratoire. fumarate de 4-ho-mipt<\/p>\n<\/li>\n<li data-start=\"5160\" data-end=\"5215\">\n<p data-start=\"5162\" data-end=\"5215\"><strong data-start=\"5162\" data-end=\"5188\">Stabilit\u00e9 am\u00e9lior\u00e9e<\/strong> et une dur\u00e9e de conservation plus longue.<\/p>\n<\/li>\n<li data-start=\"5216\" data-end=\"5287\">\n<p data-start=\"5218\" data-end=\"5287\">Id\u00e9al pour <strong data-start=\"5230\" data-end=\"5284\">recherche acad\u00e9mique, pharmacologique et analytique<\/strong>.<\/p>\n<\/li>\n<\/ul>\n<hr data-start=\"5289\" data-end=\"5292\" \/>\n<h3 data-start=\"5294\" data-end=\"5309\"><strong data-start=\"5298\" data-end=\"5309\">Usage<\/strong><\/h3>\n<ul data-start=\"5310\" data-end=\"5581\">\n<li data-start=\"5310\" data-end=\"5380\">\n<p data-start=\"5312\" data-end=\"5380\">R\u00e9serv\u00e9 \u00e0 l&#039;usage exclusif de <strong data-start=\"5337\" data-end=\"5377\">personnel de laboratoire qualifi\u00e9<\/strong>.<\/p>\n<\/li>\n<li data-start=\"5381\" data-end=\"5457\">\n<p data-start=\"5383\" data-end=\"5457\">Utiliser convenablement <strong data-start=\"5401\" data-end=\"5425\">\u00e9quipement de protection<\/strong> (gants, lunettes, blouse de laboratoire).<\/p>\n<\/li>\n<li data-start=\"5458\" data-end=\"5522\">\n<p data-start=\"5460\" data-end=\"5522\">\u00c9conomisez sur un <strong data-start=\"5475\" data-end=\"5509\">endroit frais, sec et sombre<\/strong> (15\u201325\u00b0C).<\/p>\n<\/li>\n<li data-start=\"5523\" data-end=\"5581\">\n<p data-start=\"5525\" data-end=\"5581\">Ne convient pas \u00e0 la consommation humaine ou animale.<\/p>\n<\/li>\n<\/ul>\n<hr data-start=\"5583\" data-end=\"5586\" \/>\n<h3 data-start=\"5588\" data-end=\"5623\"><strong data-start=\"5592\" data-end=\"5623\">Foire aux questions (FAQ)<\/strong><\/h3>\n<p data-start=\"5625\" data-end=\"5811\"><strong data-start=\"5625\" data-end=\"5670\">1. \u00c0 quoi sert le fumarate MiPT\u00a0?<\/strong><br data-start=\"5670\" data-end=\"5673\" \/>Le fumarate MiPT est utilis\u00e9 dans <strong data-start=\"5705\" data-end=\"5758\">recherche neuroscientifique et pharmacologique<\/strong> aux analogues de la tryptamine et aux r\u00e9cepteurs de la s\u00e9rotonine.<\/p>\n<p data-start=\"5813\" data-end=\"5989\"><strong data-start=\"5813\" data-end=\"5867\">2. Le fumarate MiPT est-il sans danger pour l\u2019usage humain\u00a0?<\/strong><br data-start=\"5867\" data-end=\"5870\" \/>Non. Ce produit est <strong data-start=\"5890\" data-end=\"5939\">destin\u00e9 \u00e0 des fins de recherche uniquement<\/strong> et non approuv\u00e9 pour la consommation humaine.<\/p>\n<p data-start=\"5991\" data-end=\"6165\"><strong data-start=\"5991\" data-end=\"6036\">3. Comment conserver le fumarate MiPT ?<\/strong><br data-start=\"6036\" data-end=\"6039\" \/>Conserver dans un <strong data-start=\"6054\" data-end=\"6084\">emballage bien scell\u00e9<\/strong> \u00e0 temp\u00e9rature ambiante (15\u201325\u00b0C), \u00e0 l\u2019abri de l\u2019humidit\u00e9, de la chaleur et de la lumi\u00e8re directe.<\/p>","protected":false},"excerpt":{"rendered":"<h3><span dir=\"auto\" style=\"vertical-align: inherit;\"><span dir=\"auto\" style=\"vertical-align: inherit;\">MiPT fumarate properties<\/span><\/span><\/h3>\n<p><strong><span dir=\"auto\" style=\"vertical-align: inherit;\"><span dir=\"auto\" style=\"vertical-align: inherit;\">Synonym:<\/span><\/span><\/strong><span dir=\"auto\" style=\"vertical-align: inherit;\"><span dir=\"auto\" style=\"vertical-align: inherit;\"> N-methyl-N-isopropyltryptamine fumarate <\/span><\/span><br \/>\n<strong><span dir=\"auto\" style=\"vertical-align: inherit;\"><span dir=\"auto\" style=\"vertical-align: inherit;\">CAS Number:<\/span><\/span><\/strong><span dir=\"auto\" style=\"vertical-align: inherit;\"><span dir=\"auto\" style=\"vertical-align: inherit;\"> 96096-52-5 <\/span><\/span><br \/>\n<strong><span dir=\"auto\" style=\"vertical-align: inherit;\"><span dir=\"auto\" style=\"vertical-align: inherit;\">Formula:<\/span><\/span><\/strong><span dir=\"auto\" style=\"vertical-align: inherit;\"><span dir=\"auto\" style=\"vertical-align: inherit;\"> 3-[2-(methyl(isopropyl)amino)ethyl]-1H-indole fumarate <\/span><\/span><br \/>\n<strong><span dir=\"auto\" style=\"vertical-align: inherit;\"><span dir=\"auto\" style=\"vertical-align: inherit;\">Molar mass:<\/span><\/span><\/strong><span dir=\"auto\" style=\"vertical-align: inherit;\"><span dir=\"auto\" style=\"vertical-align: inherit;\"> 332.4 g\/mol <\/span><\/span><br \/>\n<strong><span dir=\"auto\" style=\"vertical-align: inherit;\"><span dir=\"auto\" style=\"vertical-align: inherit;\">Purity:<\/span><\/span><\/strong><span dir=\"auto\" style=\"vertical-align: inherit;\"><span dir=\"auto\" style=\"vertical-align: inherit;\"> &gt;97%<\/span><\/span><\/p>\n","protected":false},"featured_media":20442,"comment_status":"closed","ping_status":"closed","template":"","meta":[],"product_brand":[],"product_cat":[507,381],"product_tag":[1156,1157,326],"class_list":{"0":"post-23542","1":"product","2":"type-product","3":"status-publish","4":"has-post-thumbnail","6":"product_cat-mipt","7":"product_cat-tryptamines","8":"product_tag-4-ho-mipt-fumarate","9":"product_tag-4-ho-mipt-fumarate-kopen","10":"product_tag-nl","12":"first","13":"instock","14":"taxable","15":"shipping-taxable","16":"purchasable","17":"product-type-variable"},"_links":{"self":[{"href":"https:\/\/researchchemicalhub.com\/fr\/wp-json\/wp\/v2\/product\/23542","targetHints":{"allow":["GET"]}}],"collection":[{"href":"https:\/\/researchchemicalhub.com\/fr\/wp-json\/wp\/v2\/product"}],"about":[{"href":"https:\/\/researchchemicalhub.com\/fr\/wp-json\/wp\/v2\/types\/product"}],"replies":[{"embeddable":true,"href":"https:\/\/researchchemicalhub.com\/fr\/wp-json\/wp\/v2\/comments?post=23542"}],"version-history":[{"count":4,"href":"https:\/\/researchchemicalhub.com\/fr\/wp-json\/wp\/v2\/product\/23542\/revisions"}],"predecessor-version":[{"id":28019,"href":"https:\/\/researchchemicalhub.com\/fr\/wp-json\/wp\/v2\/product\/23542\/revisions\/28019"}],"wp:featuredmedia":[{"embeddable":true,"href":"https:\/\/researchchemicalhub.com\/fr\/wp-json\/wp\/v2\/media\/20442"}],"wp:attachment":[{"href":"https:\/\/researchchemicalhub.com\/fr\/wp-json\/wp\/v2\/media?parent=23542"}],"wp:term":[{"taxonomy":"product_brand","embeddable":true,"href":"https:\/\/researchchemicalhub.com\/fr\/wp-json\/wp\/v2\/product_brand?post=23542"},{"taxonomy":"product_cat","embeddable":true,"href":"https:\/\/researchchemicalhub.com\/fr\/wp-json\/wp\/v2\/product_cat?post=23542"},{"taxonomy":"product_tag","embeddable":true,"href":"https:\/\/researchchemicalhub.com\/fr\/wp-json\/wp\/v2\/product_tag?post=23542"}],"curies":[{"name":"wp","href":"https:\/\/api.w.org\/{rel}","templated":true}]}}