{"id":23521,"date":"2025-04-13T17:39:53","date_gmt":"2025-04-13T17:39:53","guid":{"rendered":"https:\/\/researchchemicalhub.com\/?post_type=product&#038;p=23521"},"modified":"2025-10-19T20:26:41","modified_gmt":"2025-10-19T20:26:41","slug":"fumarate-de-trempage","status":"publish","type":"product","link":"https:\/\/researchchemicalhub.com\/fr\/boutique\/trempettes\/fumarate-de-trempage\/","title":{"rendered":"Fumarate de DiPT (N,N-diisopropyltryptamine)"},"content":{"rendered":"<h1><strong>Fumarate de DiPT \u2013 N,N-diisopropyltryptamine de puret\u00e9 de recherche<\/strong><\/h1>\n<p data-start=\"3972\" data-end=\"4152\"><strong data-start=\"3972\" data-end=\"4017\">Fumarate de DiPT (N,N-diisopropyltryptamine)<\/strong> est un <strong data-start=\"4025\" data-end=\"4067\">compos\u00e9 de recherche de haute puret\u00e9<\/strong>, con\u00e7u pour <strong data-start=\"4084\" data-end=\"4149\">recherche neuroscientifique, pharmacologique et analytique<\/strong>. <span class=\"___SBox_epc1q-ko_ ___SText_zko9t-ko_\" data-ui-name=\"Link.Text\">fumarate de trempage<\/span><\/p>\n<p data-start=\"4154\" data-end=\"4506\">Si <strong data-start=\"4158\" data-end=\"4231\">analogue diisopropyl-substitu\u00e9 du DMT (N,N-dim\u00e9thyltryptamine)<\/strong> Le DiPT appartient-il \u00e0 la <strong data-start=\"4252\" data-end=\"4272\">classe tryptamine<\/strong> et fait l&#039;objet d&#039;une enqu\u00eate pour son <strong data-start=\"4310\" data-end=\"4368\">activit\u00e9 des r\u00e9cepteurs de la s\u00e9rotonine (5-HT2A, 5-HT2C, 5-HT1A)<\/strong>Cela en fait une connexion importante pour <strong data-start=\"4418\" data-end=\"4459\">relation structure-activit\u00e9 (SAR)<\/strong>-faire des recherches <strong data-start=\"4473\" data-end=\"4503\">\u00e9tudes d&#039;affinit\u00e9 de liaison<\/strong>.<\/p>\n<p data-start=\"4508\" data-end=\"4687\">Le <strong data-start=\"4511\" data-end=\"4531\">forme de sel de fumarate<\/strong> pr\u00e9voit <strong data-start=\"4543\" data-end=\"4606\">meilleure stabilit\u00e9 chimique, solubilit\u00e9 et dur\u00e9e de conservation<\/strong>, ce qui est essentiel pour des tests de laboratoire pr\u00e9cis et un stockage \u00e0 long terme.<\/p>\n<blockquote data-start=\"4689\" data-end=\"4840\">\n<p data-start=\"4691\" data-end=\"4840\">\u26a0\ufe0f <strong data-start=\"4694\" data-end=\"4705\">NB:<\/strong> Ce produit est <strong data-start=\"4721\" data-end=\"4776\">destin\u00e9 uniquement \u00e0 la recherche scientifique<\/strong> et <strong data-start=\"4780\" data-end=\"4837\">ne convient pas \u00e0 la consommation humaine ou animale<\/strong>.<\/p>\n<\/blockquote>\n<hr data-start=\"4842\" data-end=\"4845\" \/>\n<h3 data-start=\"4847\" data-end=\"4878\"><strong data-start=\"4851\" data-end=\"4878\">Caract\u00e9ristiques principales<\/strong><\/h3>\n<ul data-start=\"4879\" data-end=\"5290\">\n<li data-start=\"4879\" data-end=\"4954\">\n<p data-start=\"4881\" data-end=\"4954\"><strong data-start=\"4881\" data-end=\"4907\">Haute puret\u00e9 (\u226599%)<\/strong> \u2013 V\u00e9rifi\u00e9 par analyse HPLC, RMN et MS.<\/p>\n<\/li>\n<li data-start=\"4955\" data-end=\"5028\">\n<p data-start=\"4957\" data-end=\"5028\"><strong data-start=\"4957\" data-end=\"4986\">Forme stable du sel de fumarate<\/strong> \u2013 Augmente la dur\u00e9e de conservation et la stabilit\u00e9.<\/p>\n<\/li>\n<li data-start=\"5029\" data-end=\"5116\">\n<p data-start=\"5031\" data-end=\"5116\"><strong data-start=\"5031\" data-end=\"5070\">Norme de recherche pharmacologique<\/strong> \u2013 Convient \u00e0 la recherche sur les r\u00e9cepteurs et les SAR.<\/p>\n<\/li>\n<li data-start=\"5117\" data-end=\"5194\">\n<p data-start=\"5119\" data-end=\"5194\"><strong data-start=\"5119\" data-end=\"5144\">Production de type GMP<\/strong> \u2013 Qualit\u00e9 et reproductibilit\u00e9 constantes.<\/p>\n<\/li>\n<li data-start=\"5195\" data-end=\"5290\">\n<p data-start=\"5197\" data-end=\"5290\"><strong data-start=\"5197\" data-end=\"5219\">Emballage s\u00fbr<\/strong> \u2013 Emball\u00e9 herm\u00e9tiquement et \u00e0 l\u2019abri de la lumi\u00e8re pour prot\u00e9ger contre la d\u00e9gradation.<\/p>\n<\/li>\n<\/ul>\n<hr data-start=\"5292\" data-end=\"5295\" \/>\n<h3 data-start=\"5297\" data-end=\"5314\"><strong data-start=\"5301\" data-end=\"5314\">Avantages<\/strong><\/h3>\n<ul data-start=\"5315\" data-end=\"5612\">\n<li data-start=\"5315\" data-end=\"5395\">\n<p data-start=\"5317\" data-end=\"5395\">Soutient <strong data-start=\"5329\" data-end=\"5392\">recherche sur les r\u00e9cepteurs de la s\u00e9rotonine et les analogues de la tryptamine<\/strong>.<\/p>\n<\/li>\n<li data-start=\"5396\" data-end=\"5456\">\n<p data-start=\"5398\" data-end=\"5456\"><strong data-start=\"5398\" data-end=\"5453\">Des r\u00e9sultats de recherche pr\u00e9cis et reproductibles<\/strong>.<\/p>\n<\/li>\n<li data-start=\"5457\" data-end=\"5538\">\n<p data-start=\"5459\" data-end=\"5538\"><strong data-start=\"5459\" data-end=\"5502\">Stabilit\u00e9 et solubilit\u00e9 am\u00e9lior\u00e9es<\/strong> par rapport \u00e0 la forme de base libre.<\/p>\n<\/li>\n<li data-start=\"5539\" data-end=\"5612\">\n<p data-start=\"5541\" data-end=\"5612\">Convient pour <strong data-start=\"5555\" data-end=\"5609\">recherche acad\u00e9mique, pharmacologique et analytique<\/strong>.<\/p>\n<\/li>\n<\/ul>\n<hr data-start=\"5614\" data-end=\"5617\" \/>\n<h3 data-start=\"5619\" data-end=\"5634\"><strong data-start=\"5623\" data-end=\"5634\">Usage<\/strong><\/h3>\n<ul data-start=\"5635\" data-end=\"5906\">\n<li data-start=\"5635\" data-end=\"5705\">\n<p data-start=\"5637\" data-end=\"5705\">R\u00e9serv\u00e9 \u00e0 l&#039;usage exclusif de <strong data-start=\"5662\" data-end=\"5702\">personnel de laboratoire qualifi\u00e9<\/strong>.<\/p>\n<\/li>\n<li data-start=\"5706\" data-end=\"5782\">\n<p data-start=\"5708\" data-end=\"5782\">Utiliser convenablement <strong data-start=\"5726\" data-end=\"5750\">\u00e9quipement de protection<\/strong> (gants, lunettes, blouse de laboratoire).<\/p>\n<\/li>\n<li data-start=\"5783\" data-end=\"5847\">\n<p data-start=\"5785\" data-end=\"5847\">\u00c9conomisez sur un <strong data-start=\"5800\" data-end=\"5834\">endroit frais, sec et sombre<\/strong> (15\u201325\u00b0C).<\/p>\n<\/li>\n<li data-start=\"5848\" data-end=\"5906\">\n<p data-start=\"5850\" data-end=\"5906\">Ne convient pas \u00e0 la consommation humaine ou animale.<\/p>\n<\/li>\n<\/ul>\n<hr data-start=\"5908\" data-end=\"5911\" \/>\n<h3 data-start=\"5913\" data-end=\"5948\"><strong data-start=\"5917\" data-end=\"5948\">Foire aux questions (FAQ)<\/strong><\/h3>\n<p data-start=\"5950\" data-end=\"6142\"><strong data-start=\"5950\" data-end=\"5995\">1. \u00c0 quoi sert le fumarate de DiPT ?<\/strong><br data-start=\"5995\" data-end=\"5998\" \/>Le fumarate de DiPT est utilis\u00e9 pour <strong data-start=\"6032\" data-end=\"6077\">recherche pharmacologique et neurochimique<\/strong> aux r\u00e9cepteurs de la s\u00e9rotonine et aux analogues structurels de la tryptamine.<\/p>\n<p data-start=\"6144\" data-end=\"6320\"><strong data-start=\"6144\" data-end=\"6198\">2. Le fumarate de DiPT est-il sans danger pour l\u2019usage humain\u00a0?<\/strong><br data-start=\"6198\" data-end=\"6201\" \/>Non. Ce produit est <strong data-start=\"6221\" data-end=\"6270\">destin\u00e9 \u00e0 des fins de recherche uniquement<\/strong> et non approuv\u00e9 pour la consommation humaine.<\/p>\n<p data-start=\"6322\" data-end=\"6489\"><strong data-start=\"6322\" data-end=\"6367\">3. Comment conserver le fumarate de DiPT ?<\/strong><br data-start=\"6367\" data-end=\"6370\" \/>Conserver dans un <strong data-start=\"6385\" data-end=\"6415\">emballage bien scell\u00e9<\/strong> \u00e0 temp\u00e9rature ambiante (15\u201325\u00b0C), \u00e0 l\u2019abri de l\u2019humidit\u00e9, de la chaleur et de la lumi\u00e8re.<\/p>","protected":false},"excerpt":{"rendered":"<h3><span data-sheets-value=\"{\" data-sheets-userformat=\"{\"><span style=\"vertical-align: inherit;\"><span style=\"vertical-align: inherit;\">DiPT fumarate properties<\/span><\/span><\/span><\/h3>\n<p><strong><span style=\"vertical-align: inherit;\"><span style=\"vertical-align: inherit;\">Synonym:<\/span><\/span><\/strong><span style=\"vertical-align: inherit;\"><span style=\"vertical-align: inherit;\"> N,N-diisopropyltryptamine fumarate <\/span><\/span><br \/>\n<strong><span style=\"vertical-align: inherit;\"><span style=\"vertical-align: inherit;\">CAS Number:<\/span><\/span><\/strong><span style=\"vertical-align: inherit;\"><span style=\"vertical-align: inherit;\"> 14780-24-6 <\/span><\/span><br \/>\n<strong><span style=\"vertical-align: inherit;\"><span style=\"vertical-align: inherit;\">Formula:<\/span><\/span><\/strong><span style=\"vertical-align: inherit;\"><span style=\"vertical-align: inherit;\"> 3-[2-(diisopropylamino)ethyl]-1H-indole fumarate <\/span><\/span><br \/>\n<strong><span style=\"vertical-align: inherit;\"><span style=\"vertical-align: inherit;\">Molar Mass:<\/span><\/span><\/strong><span style=\"vertical-align: inherit;\"><span style=\"vertical-align: inherit;\"> 360.5 g\/mol <\/span><\/span><br \/>\n<strong><span style=\"vertical-align: inherit;\"><span style=\"vertical-align: inherit;\">Purity:<\/span><\/span><\/strong><span style=\"vertical-align: inherit;\"><span style=\"vertical-align: inherit;\"> &gt;97%<\/span><\/span><\/p>\n","protected":false},"featured_media":20404,"comment_status":"closed","ping_status":"closed","template":"","meta":[],"product_brand":[],"product_cat":[510,381],"product_tag":[1171,1172,326],"class_list":{"0":"post-23521","1":"product","2":"type-product","3":"status-publish","4":"has-post-thumbnail","6":"product_cat-dipt","7":"product_cat-tryptamines","8":"product_tag-dipt-fumarate","9":"product_tag-dipt-fumarate-kopen","10":"product_tag-nl","12":"first","13":"instock","14":"taxable","15":"shipping-taxable","16":"purchasable","17":"product-type-variable"},"_links":{"self":[{"href":"https:\/\/researchchemicalhub.com\/fr\/wp-json\/wp\/v2\/product\/23521","targetHints":{"allow":["GET"]}}],"collection":[{"href":"https:\/\/researchchemicalhub.com\/fr\/wp-json\/wp\/v2\/product"}],"about":[{"href":"https:\/\/researchchemicalhub.com\/fr\/wp-json\/wp\/v2\/types\/product"}],"replies":[{"embeddable":true,"href":"https:\/\/researchchemicalhub.com\/fr\/wp-json\/wp\/v2\/comments?post=23521"}],"version-history":[{"count":4,"href":"https:\/\/researchchemicalhub.com\/fr\/wp-json\/wp\/v2\/product\/23521\/revisions"}],"predecessor-version":[{"id":28031,"href":"https:\/\/researchchemicalhub.com\/fr\/wp-json\/wp\/v2\/product\/23521\/revisions\/28031"}],"wp:featuredmedia":[{"embeddable":true,"href":"https:\/\/researchchemicalhub.com\/fr\/wp-json\/wp\/v2\/media\/20404"}],"wp:attachment":[{"href":"https:\/\/researchchemicalhub.com\/fr\/wp-json\/wp\/v2\/media?parent=23521"}],"wp:term":[{"taxonomy":"product_brand","embeddable":true,"href":"https:\/\/researchchemicalhub.com\/fr\/wp-json\/wp\/v2\/product_brand?post=23521"},{"taxonomy":"product_cat","embeddable":true,"href":"https:\/\/researchchemicalhub.com\/fr\/wp-json\/wp\/v2\/product_cat?post=23521"},{"taxonomy":"product_tag","embeddable":true,"href":"https:\/\/researchchemicalhub.com\/fr\/wp-json\/wp\/v2\/product_tag?post=23521"}],"curies":[{"name":"wp","href":"https:\/\/api.w.org\/{rel}","templated":true}]}}