{"id":23486,"date":"2025-04-13T17:39:50","date_gmt":"2025-04-13T17:39:50","guid":{"rendered":"https:\/\/researchchemicalhub.com\/?post_type=product&#038;p=23486"},"modified":"2025-10-30T09:26:23","modified_gmt":"2025-10-30T09:26:23","slug":"chlorhydrate-de-dipt-5-meo","status":"publish","type":"product","link":"https:\/\/researchchemicalhub.com\/fr\/boutique\/5-mai\/chlorhydrate-de-dipt-5-meo\/","title":{"rendered":"chlorhydrate de 5-MeO-DiPT"},"content":{"rendered":"<h3><strong><span dir=\"auto\" style=\"vertical-align: inherit;\"><span dir=\"auto\" style=\"vertical-align: inherit;\"><span dir=\"auto\" style=\"vertical-align: inherit;\"><span dir=\"auto\" style=\"vertical-align: inherit;\">Chlorhydrate de 5-MeO-DiPT \u2013 Description du produit, utilisations, avantages et inconv\u00e9nients, et FAQ<\/span><\/span><\/span><\/span><\/strong><\/h3>\n<p data-start=\"4102\" data-end=\"4308\"><strong data-start=\"4102\" data-end=\"4172\"><span dir=\"auto\" style=\"vertical-align: inherit;\"><span dir=\"auto\" style=\"vertical-align: inherit;\">Chlorhydrate de 5-MeO-DiPT (5-m\u00e9thoxy-N,N-diisopropyltryptamine HCl)<\/span><\/span><\/strong><span dir=\"auto\" style=\"vertical-align: inherit;\"><span dir=\"auto\" style=\"vertical-align: inherit;\"> est un <\/span><\/span><strong data-start=\"4180\" data-end=\"4222\"><span dir=\"auto\" style=\"vertical-align: inherit;\"><span dir=\"auto\" style=\"vertical-align: inherit;\">compos\u00e9 de recherche de haute puret\u00e9<\/span><\/span><\/strong><span dir=\"auto\" style=\"vertical-align: inherit;\"><span dir=\"auto\" style=\"vertical-align: inherit;\"> d\u00e9velopp\u00e9 pour <\/span><\/span><strong data-start=\"4240\" data-end=\"4305\"><span dir=\"auto\" style=\"vertical-align: inherit;\"><span dir=\"auto\" style=\"vertical-align: inherit;\">neurosciences, pharmacologie et recherche analytique<\/span><\/span><\/strong><span dir=\"auto\" style=\"vertical-align: inherit;\"><span dir=\"auto\" style=\"vertical-align: inherit;\"> . Chlorhydrate de 5-m\u00e9o-dipt<\/span><\/span><\/p>\n<p data-start=\"4310\" data-end=\"4530\"><span dir=\"auto\" style=\"vertical-align: inherit;\"><span dir=\"auto\" style=\"vertical-align: inherit;\">Cendre <\/span><\/span><strong data-start=\"4314\" data-end=\"4359\"><span dir=\"auto\" style=\"vertical-align: inherit;\"><span dir=\"auto\" style=\"vertical-align: inherit;\">a methoxy-substituted analog of DiPT<\/span><\/span><\/strong><span dir=\"auto\" style=\"vertical-align: inherit;\"><span dir=\"auto\" style=\"vertical-align: inherit;\"> , 5-MeO-DiPT is widely used in research on <\/span><\/span><strong data-start=\"4410\" data-end=\"4454\"><span dir=\"auto\" style=\"vertical-align: inherit;\"><span dir=\"auto\" style=\"vertical-align: inherit;\">serotonin receptors (5-HT1A and 5-HT2A)<\/span><\/span><\/strong><span dir=\"auto\" style=\"vertical-align: inherit;\"><span dir=\"auto\" style=\"vertical-align: inherit;\"> et <\/span><\/span><strong data-start=\"4458\" data-end=\"4500\"><span dir=\"auto\" style=\"vertical-align: inherit;\"><span dir=\"auto\" style=\"vertical-align: inherit;\">relations structure-activit\u00e9 (SAR)<\/span><\/span><\/strong><span dir=\"auto\" style=\"vertical-align: inherit;\"><span dir=\"auto\" style=\"vertical-align: inherit;\"> au sein de la classe des tryptamines.<\/span><\/span><\/p>\n<p data-start=\"4532\" data-end=\"4730\"><span dir=\"auto\" style=\"vertical-align: inherit;\"><span dir=\"auto\" style=\"vertical-align: inherit;\">Le <\/span><\/span><strong data-start=\"4535\" data-end=\"4562\"><span dir=\"auto\" style=\"vertical-align: inherit;\"><span dir=\"auto\" style=\"vertical-align: inherit;\">hydrochloride (HCl) form<\/span><\/span><\/strong><span dir=\"auto\" style=\"vertical-align: inherit;\"><span dir=\"auto\" style=\"vertical-align: inherit;\"> fournit <\/span><\/span><strong data-start=\"4574\" data-end=\"4644\"><span dir=\"auto\" style=\"vertical-align: inherit;\"><span dir=\"auto\" style=\"vertical-align: inherit;\">improved chemical stability, solubility and processability<\/span><\/span><\/strong><span dir=\"auto\" style=\"vertical-align: inherit;\"><span dir=\"auto\" style=\"vertical-align: inherit;\"> , making it ideal for long-term storage and accurate laboratory testing.<\/span><\/span><\/p>\n<blockquote data-start=\"4732\" data-end=\"4883\">\n<p data-start=\"4734\" data-end=\"4883\">\u26a0\ufe0f <strong data-start=\"4737\" data-end=\"4748\"><span dir=\"auto\" style=\"vertical-align: inherit;\"><span dir=\"auto\" style=\"vertical-align: inherit;\">Veuillez noter:<\/span><\/span><\/strong><span dir=\"auto\" style=\"vertical-align: inherit;\"><span dir=\"auto\" style=\"vertical-align: inherit;\"> Ce produit est <\/span><\/span><strong data-start=\"4764\" data-end=\"4819\"><span dir=\"auto\" style=\"vertical-align: inherit;\"><span dir=\"auto\" style=\"vertical-align: inherit;\">destin\u00e9 uniquement \u00e0 la recherche scientifique<\/span><\/span><\/strong><span dir=\"auto\" style=\"vertical-align: inherit;\"><span dir=\"auto\" style=\"vertical-align: inherit;\"> et <\/span><\/span><strong data-start=\"4823\" data-end=\"4880\"><span dir=\"auto\" style=\"vertical-align: inherit;\"><span dir=\"auto\" style=\"vertical-align: inherit;\">ne convient pas \u00e0 la consommation humaine ou animale<\/span><\/span><\/strong><span dir=\"auto\" style=\"vertical-align: inherit;\"><span dir=\"auto\" style=\"vertical-align: inherit;\"> .<\/span><\/span><\/p>\n<\/blockquote>\n<hr data-start=\"4885\" data-end=\"4888\" \/>\n<h3 data-start=\"4890\" data-end=\"4921\"><strong data-start=\"4894\" data-end=\"4921\"><span dir=\"auto\" style=\"vertical-align: inherit;\"><span dir=\"auto\" style=\"vertical-align: inherit;\">Caract\u00e9ristiques principales<\/span><\/span><\/strong><\/h3>\n<ul data-start=\"4922\" data-end=\"5332\">\n<li data-start=\"4922\" data-end=\"5007\">\n<p data-start=\"4924\" data-end=\"5007\"><strong data-start=\"4924\" data-end=\"4950\"><span dir=\"auto\" style=\"vertical-align: inherit;\"><span dir=\"auto\" style=\"vertical-align: inherit;\">Haute puret\u00e9 (\u226599%)<\/span><\/span><\/strong><span dir=\"auto\" style=\"vertical-align: inherit;\"><span dir=\"auto\" style=\"vertical-align: inherit;\"> \u2013 Test\u00e9 en laboratoire pour v\u00e9rifier son identit\u00e9 et sa composition.<\/span><\/span><\/p>\n<\/li>\n<li data-start=\"5008\" data-end=\"5084\">\n<p data-start=\"5010\" data-end=\"5084\"><strong data-start=\"5010\" data-end=\"5040\"><span dir=\"auto\" style=\"vertical-align: inherit;\"><span dir=\"auto\" style=\"vertical-align: inherit;\">Stable Hydrochloride form<\/span><\/span><\/strong><span dir=\"auto\" style=\"vertical-align: inherit;\"><span dir=\"auto\" style=\"vertical-align: inherit;\"> \u2013 Increases shelf life and solubility.<\/span><\/span><\/p>\n<\/li>\n<li data-start=\"5085\" data-end=\"5172\">\n<p data-start=\"5087\" data-end=\"5172\"><strong data-start=\"5087\" data-end=\"5126\"><span dir=\"auto\" style=\"vertical-align: inherit;\"><span dir=\"auto\" style=\"vertical-align: inherit;\">Norme de recherche pharmacologique<\/span><\/span><\/strong><span dir=\"auto\" style=\"vertical-align: inherit;\"><span dir=\"auto\" style=\"vertical-align: inherit;\"> \u2013 Convient \u00e0 la recherche sur les r\u00e9cepteurs et les SAR.<\/span><\/span><\/p>\n<\/li>\n<li data-start=\"5173\" data-end=\"5243\">\n<p data-start=\"5175\" data-end=\"5243\"><strong data-start=\"5175\" data-end=\"5200\"><span dir=\"auto\" style=\"vertical-align: inherit;\"><span dir=\"auto\" style=\"vertical-align: inherit;\">Qualit\u00e9 constante<\/span><\/span><\/strong><span dir=\"auto\" style=\"vertical-align: inherit;\"><span dir=\"auto\" style=\"vertical-align: inherit;\"> \u2013 Fabriqu\u00e9 selon des normes similaires aux BPF.<\/span><\/span><\/p>\n<\/li>\n<li data-start=\"5244\" data-end=\"5332\">\n<p data-start=\"5246\" data-end=\"5332\"><strong data-start=\"5246\" data-end=\"5268\"><span dir=\"auto\" style=\"vertical-align: inherit;\"><span dir=\"auto\" style=\"vertical-align: inherit;\">Emballage s\u00fbr<\/span><\/span><\/strong><span dir=\"auto\" style=\"vertical-align: inherit;\"><span dir=\"auto\" style=\"vertical-align: inherit;\"> \u2013 Airtight and light-tight packaging for optimal protection. 5-meo-dipt hydrochloride<\/span><\/span><\/p>\n<\/li>\n<\/ul>\n<hr data-start=\"5334\" data-end=\"5337\" \/>\n<h3 data-start=\"5339\" data-end=\"5356\"><strong data-start=\"5343\" data-end=\"5356\"><span dir=\"auto\" style=\"vertical-align: inherit;\"><span dir=\"auto\" style=\"vertical-align: inherit;\">Avantages<\/span><\/span><\/strong><\/h3>\n<ul data-start=\"5357\" data-end=\"5637\">\n<li data-start=\"5357\" data-end=\"5437\">\n<p data-start=\"5359\" data-end=\"5437\"><span dir=\"auto\" style=\"vertical-align: inherit;\"><span dir=\"auto\" style=\"vertical-align: inherit;\">Soutient <\/span><\/span><strong data-start=\"5371\" data-end=\"5434\"><span dir=\"auto\" style=\"vertical-align: inherit;\"><span dir=\"auto\" style=\"vertical-align: inherit;\">recherches sur les r\u00e9cepteurs de la s\u00e9rotonine et les analogues de la tryptamine<\/span><\/span><\/strong><span dir=\"auto\" style=\"vertical-align: inherit;\"><span dir=\"auto\" style=\"vertical-align: inherit;\"> .<\/span><\/span><\/p>\n<\/li>\n<li data-start=\"5438\" data-end=\"5498\">\n<p data-start=\"5440\" data-end=\"5498\"><strong data-start=\"5440\" data-end=\"5495\"><span dir=\"auto\" style=\"vertical-align: inherit;\"><span dir=\"auto\" style=\"vertical-align: inherit;\">Des r\u00e9sultats de recherche pr\u00e9cis et reproductibles<\/span><\/span><\/strong><span dir=\"auto\" style=\"vertical-align: inherit;\"><span dir=\"auto\" style=\"vertical-align: inherit;\"> .<\/span><\/span><\/p>\n<\/li>\n<li data-start=\"5499\" data-end=\"5565\">\n<p data-start=\"5501\" data-end=\"5565\"><strong data-start=\"5501\" data-end=\"5540\"><span dir=\"auto\" style=\"vertical-align: inherit;\"><span dir=\"auto\" style=\"vertical-align: inherit;\">meilleure stabilit\u00e9 et solubilit\u00e9<\/span><\/span><\/strong><span dir=\"auto\" style=\"vertical-align: inherit;\"><span dir=\"auto\" style=\"vertical-align: inherit;\"> que la forme de base libre.<\/span><\/span><\/p>\n<\/li>\n<li data-start=\"5566\" data-end=\"5637\">\n<p data-start=\"5568\" data-end=\"5637\"><span dir=\"auto\" style=\"vertical-align: inherit;\"><span dir=\"auto\" style=\"vertical-align: inherit;\">Id\u00e9al pour <\/span><\/span><strong data-start=\"5580\" data-end=\"5634\"><span dir=\"auto\" style=\"vertical-align: inherit;\"><span dir=\"auto\" style=\"vertical-align: inherit;\">recherche acad\u00e9mique, analytique et pharmacologique<\/span><\/span><\/strong><span dir=\"auto\" style=\"vertical-align: inherit;\"><span dir=\"auto\" style=\"vertical-align: inherit;\"> .<\/span><\/span><\/p>\n<\/li>\n<\/ul>\n<hr data-start=\"5639\" data-end=\"5642\" \/>\n<h3 data-start=\"5644\" data-end=\"5659\"><strong data-start=\"5648\" data-end=\"5659\"><span dir=\"auto\" style=\"vertical-align: inherit;\"><span dir=\"auto\" style=\"vertical-align: inherit;\">Usage<\/span><\/span><\/strong><\/h3>\n<ul data-start=\"5660\" data-end=\"5931\">\n<li data-start=\"5660\" data-end=\"5730\">\n<p data-start=\"5662\" data-end=\"5730\"><span dir=\"auto\" style=\"vertical-align: inherit;\"><span dir=\"auto\" style=\"vertical-align: inherit;\">\u00c0 utiliser par <\/span><\/span><strong data-start=\"5687\" data-end=\"5727\"><span dir=\"auto\" style=\"vertical-align: inherit;\"><span dir=\"auto\" style=\"vertical-align: inherit;\">personnel de laboratoire qualifi\u00e9<\/span><\/span><\/strong><span dir=\"auto\" style=\"vertical-align: inherit;\"><span dir=\"auto\" style=\"vertical-align: inherit;\"> seulement .<\/span><\/span><\/p>\n<\/li>\n<li data-start=\"5731\" data-end=\"5807\">\n<p data-start=\"5733\" data-end=\"5807\"><span dir=\"auto\" style=\"vertical-align: inherit;\"><span dir=\"auto\" style=\"vertical-align: inherit;\">Portez une tenue appropri\u00e9e <\/span><\/span><strong data-start=\"5751\" data-end=\"5775\"><span dir=\"auto\" style=\"vertical-align: inherit;\"><span dir=\"auto\" style=\"vertical-align: inherit;\">\u00e9quipement de protection<\/span><\/span><\/strong><span dir=\"auto\" style=\"vertical-align: inherit;\"><span dir=\"auto\" style=\"vertical-align: inherit;\"> (gants, lunettes de protection, blouse de laboratoire).<\/span><\/span><\/p>\n<\/li>\n<li data-start=\"5808\" data-end=\"5872\">\n<p data-start=\"5810\" data-end=\"5872\"><span dir=\"auto\" style=\"vertical-align: inherit;\"><span dir=\"auto\" style=\"vertical-align: inherit;\">Conserver dans un <\/span><\/span><strong data-start=\"5825\" data-end=\"5859\"><span dir=\"auto\" style=\"vertical-align: inherit;\"><span dir=\"auto\" style=\"vertical-align: inherit;\">endroit frais, sec et sombre<\/span><\/span><\/strong><span dir=\"auto\" style=\"vertical-align: inherit;\"><span dir=\"auto\" style=\"vertical-align: inherit;\"> (15\u201325\u00b0C).<\/span><\/span><\/p>\n<\/li>\n<li data-start=\"5873\" data-end=\"5931\">\n<p data-start=\"5875\" data-end=\"5931\"><span dir=\"auto\" style=\"vertical-align: inherit;\"><span dir=\"auto\" style=\"vertical-align: inherit;\">Ne convient pas \u00e0 la consommation humaine ou animale.<\/span><\/span><\/p>\n<\/li>\n<\/ul>\n<hr data-start=\"5933\" data-end=\"5936\" \/>\n<h3 data-start=\"5938\" data-end=\"5973\"><strong data-start=\"5942\" data-end=\"5973\"><span dir=\"auto\" style=\"vertical-align: inherit;\"><span dir=\"auto\" style=\"vertical-align: inherit;\">Foire aux questions (FAQ)<\/span><\/span><\/strong><\/h3>\n<p data-start=\"5975\" data-end=\"6177\"><strong data-start=\"5975\" data-end=\"6031\"><span dir=\"auto\" style=\"vertical-align: inherit;\"><span dir=\"auto\" style=\"vertical-align: inherit;\">1. What is 5-MeO-DiPT Hydrochloride used for?<\/span><\/span><\/strong><br data-start=\"6031\" data-end=\"6034\" \/><span dir=\"auto\" style=\"vertical-align: inherit;\"><span dir=\"auto\" style=\"vertical-align: inherit;\"> 5-MeO-DiPT Hydrochloride is used for <\/span><\/span><strong data-start=\"6079\" data-end=\"6124\"><span dir=\"auto\" style=\"vertical-align: inherit;\"><span dir=\"auto\" style=\"vertical-align: inherit;\">recherche pharmacologique et neurochimique<\/span><\/span><\/strong><span dir=\"auto\" style=\"vertical-align: inherit;\"><span dir=\"auto\" style=\"vertical-align: inherit;\"> sur les r\u00e9cepteurs de la s\u00e9rotonine et les analogues de la tryptamine.<\/span><\/span><\/p>\n<p data-start=\"6179\" data-end=\"6366\"><strong data-start=\"6179\" data-end=\"6244\"><span dir=\"auto\" style=\"vertical-align: inherit;\"><span dir=\"auto\" style=\"vertical-align: inherit;\">2. Is 5-MeO-DiPT Hydrochloride safe for human use?<\/span><\/span><\/strong><br data-start=\"6244\" data-end=\"6247\" \/><span dir=\"auto\" style=\"vertical-align: inherit;\"><span dir=\"auto\" style=\"vertical-align: inherit;\"> Non. Ce produit est <\/span><\/span><strong data-start=\"6267\" data-end=\"6316\"><span dir=\"auto\" style=\"vertical-align: inherit;\"><span dir=\"auto\" style=\"vertical-align: inherit;\">destin\u00e9 \u00e0 des fins de recherche uniquement<\/span><\/span><\/strong><span dir=\"auto\" style=\"vertical-align: inherit;\"><span dir=\"auto\" style=\"vertical-align: inherit;\"> et n&#039;est pas destin\u00e9 \u00e0 la consommation humaine.<\/span><\/span><\/p>\n<p data-start=\"6368\" data-end=\"6538\"><strong data-start=\"6368\" data-end=\"6424\"><span dir=\"auto\" style=\"vertical-align: inherit;\"><span dir=\"auto\" style=\"vertical-align: inherit;\">3. How should 5-MeO-DiPT Hydrochloride be stored?<\/span><\/span><\/strong><br data-start=\"6424\" data-end=\"6427\" \/><span dir=\"auto\" style=\"vertical-align: inherit;\"><span dir=\"auto\" style=\"vertical-align: inherit;\"> Conserver dans un <\/span><\/span><strong data-start=\"6442\" data-end=\"6472\"><span dir=\"auto\" style=\"vertical-align: inherit;\"><span dir=\"auto\" style=\"vertical-align: inherit;\">r\u00e9cipient herm\u00e9tiquement ferm\u00e9<\/span><\/span><\/strong><span dir=\"auto\" style=\"vertical-align: inherit;\"><span dir=\"auto\" style=\"vertical-align: inherit;\"> \u00e0 temp\u00e9rature ambiante (15\u201325\u00b0C), \u00e0 l\u2019abri de l\u2019humidit\u00e9 et de la lumi\u00e8re.<\/span><\/span><\/p>","protected":false},"excerpt":{"rendered":"<h3><span data-sheets-value=\"{\" data-sheets-userformat=\"{\"><span style=\"vertical-align: inherit;\"><span style=\"vertical-align: inherit;\"><span dir=\"auto\" style=\"vertical-align: inherit;\"><span dir=\"auto\" style=\"vertical-align: inherit;\"><span dir=\"auto\" style=\"vertical-align: inherit;\"><span dir=\"auto\" style=\"vertical-align: inherit;\">5-MeO-DiPT hydrochloride properties<\/span><\/span><\/span><\/span><\/span><\/span><\/span><\/h3>\n<p><strong><span style=\"vertical-align: inherit;\"><span style=\"vertical-align: inherit;\"><span dir=\"auto\" style=\"vertical-align: inherit;\"><span dir=\"auto\" style=\"vertical-align: inherit;\"><span dir=\"auto\" style=\"vertical-align: inherit;\"><span dir=\"auto\" style=\"vertical-align: inherit;\">Synonym:<\/span><\/span><\/span><\/span><\/span><\/span><\/strong><span style=\"vertical-align: inherit;\"><span style=\"vertical-align: inherit;\"><span dir=\"auto\" style=\"vertical-align: inherit;\"><span dir=\"auto\" style=\"vertical-align: inherit;\"><span dir=\"auto\" style=\"vertical-align: inherit;\"><span dir=\"auto\" style=\"vertical-align: inherit;\"> 5-methoxy-N,N-diisopropyltryptamine hydrochloride <\/span><\/span><\/span><\/span><\/span><\/span><br \/>\n<strong><span style=\"vertical-align: inherit;\"><span style=\"vertical-align: inherit;\"><span dir=\"auto\" style=\"vertical-align: inherit;\"><span dir=\"auto\" style=\"vertical-align: inherit;\"><span dir=\"auto\" style=\"vertical-align: inherit;\"><span dir=\"auto\" style=\"vertical-align: inherit;\">CAS Number:<\/span><\/span><\/span><\/span><\/span><\/span><\/strong><span style=\"vertical-align: inherit;\"><span style=\"vertical-align: inherit;\"><span dir=\"auto\" style=\"vertical-align: inherit;\"><span dir=\"auto\" style=\"vertical-align: inherit;\"><span dir=\"auto\" style=\"vertical-align: inherit;\"><span dir=\"auto\" style=\"vertical-align: inherit;\"> n\/a <\/span><\/span><\/span><\/span><\/span><\/span><br \/>\n<strong><span style=\"vertical-align: inherit;\"><span style=\"vertical-align: inherit;\"><span dir=\"auto\" style=\"vertical-align: inherit;\"><span dir=\"auto\" style=\"vertical-align: inherit;\"><span dir=\"auto\" style=\"vertical-align: inherit;\"><span dir=\"auto\" style=\"vertical-align: inherit;\">Formula:<\/span><\/span><\/span><\/span><\/span><\/span><\/strong><span style=\"vertical-align: inherit;\"><span style=\"vertical-align: inherit;\"><span dir=\"auto\" style=\"vertical-align: inherit;\"><span dir=\"auto\" style=\"vertical-align: inherit;\"><span dir=\"auto\" style=\"vertical-align: inherit;\"><span dir=\"auto\" style=\"vertical-align: inherit;\"> 3-[2-(diisopropyl)ethyl]-5-methoxyindole hydrochloride <\/span><\/span><\/span><\/span><\/span><\/span><br \/>\n<strong><span style=\"vertical-align: inherit;\"><span style=\"vertical-align: inherit;\"><span dir=\"auto\" style=\"vertical-align: inherit;\"><span dir=\"auto\" style=\"vertical-align: inherit;\"><span dir=\"auto\" style=\"vertical-align: inherit;\"><span dir=\"auto\" style=\"vertical-align: inherit;\">Molar mass:<\/span><\/span><\/span><\/span><\/span><\/span><\/strong><span style=\"vertical-align: inherit;\"><span style=\"vertical-align: inherit;\"><span dir=\"auto\" style=\"vertical-align: inherit;\"><span dir=\"auto\" style=\"vertical-align: inherit;\"><span dir=\"auto\" style=\"vertical-align: inherit;\"><span dir=\"auto\" style=\"vertical-align: inherit;\"> 310.9 g\/mol <\/span><\/span><\/span><\/span><\/span><\/span><br \/>\n<strong><span style=\"vertical-align: inherit;\"><span style=\"vertical-align: inherit;\"><span dir=\"auto\" style=\"vertical-align: inherit;\"><span dir=\"auto\" style=\"vertical-align: inherit;\"><span dir=\"auto\" style=\"vertical-align: inherit;\"><span dir=\"auto\" style=\"vertical-align: inherit;\">Purity:<\/span><\/span><\/span><\/span><\/span><\/span><\/strong><span style=\"vertical-align: inherit;\"><span style=\"vertical-align: inherit;\"><span dir=\"auto\" style=\"vertical-align: inherit;\"><span dir=\"auto\" style=\"vertical-align: inherit;\"><span dir=\"auto\" style=\"vertical-align: inherit;\"><span dir=\"auto\" style=\"vertical-align: inherit;\"> &gt;97%<\/span><\/span><\/span><\/span><\/span><\/span><\/p>\n","protected":false},"featured_media":28460,"comment_status":"closed","ping_status":"closed","template":"","meta":[],"product_brand":[],"product_cat":[487,381],"product_tag":[1173,326],"class_list":{"0":"post-23486","1":"product","2":"type-product","3":"status-publish","4":"has-post-thumbnail","6":"product_cat-5-meo-dipt","7":"product_cat-tryptamines","8":"product_tag-5-meo-dipt-hydrochloride","9":"product_tag-nl","11":"first","12":"instock","13":"taxable","14":"shipping-taxable","15":"purchasable","16":"product-type-variable"},"_links":{"self":[{"href":"https:\/\/researchchemicalhub.com\/fr\/wp-json\/wp\/v2\/product\/23486","targetHints":{"allow":["GET"]}}],"collection":[{"href":"https:\/\/researchchemicalhub.com\/fr\/wp-json\/wp\/v2\/product"}],"about":[{"href":"https:\/\/researchchemicalhub.com\/fr\/wp-json\/wp\/v2\/types\/product"}],"replies":[{"embeddable":true,"href":"https:\/\/researchchemicalhub.com\/fr\/wp-json\/wp\/v2\/comments?post=23486"}],"version-history":[{"count":6,"href":"https:\/\/researchchemicalhub.com\/fr\/wp-json\/wp\/v2\/product\/23486\/revisions"}],"predecessor-version":[{"id":28731,"href":"https:\/\/researchchemicalhub.com\/fr\/wp-json\/wp\/v2\/product\/23486\/revisions\/28731"}],"wp:featuredmedia":[{"embeddable":true,"href":"https:\/\/researchchemicalhub.com\/fr\/wp-json\/wp\/v2\/media\/28460"}],"wp:attachment":[{"href":"https:\/\/researchchemicalhub.com\/fr\/wp-json\/wp\/v2\/media?parent=23486"}],"wp:term":[{"taxonomy":"product_brand","embeddable":true,"href":"https:\/\/researchchemicalhub.com\/fr\/wp-json\/wp\/v2\/product_brand?post=23486"},{"taxonomy":"product_cat","embeddable":true,"href":"https:\/\/researchchemicalhub.com\/fr\/wp-json\/wp\/v2\/product_cat?post=23486"},{"taxonomy":"product_tag","embeddable":true,"href":"https:\/\/researchchemicalhub.com\/fr\/wp-json\/wp\/v2\/product_tag?post=23486"}],"curies":[{"name":"wp","href":"https:\/\/api.w.org\/{rel}","templated":true}]}}