{"id":23471,"date":"2025-04-13T17:39:49","date_gmt":"2025-04-13T17:39:49","guid":{"rendered":"https:\/\/researchchemicalhub.com\/?post_type=product&#038;p=23471"},"modified":"2025-10-19T20:39:55","modified_gmt":"2025-10-19T20:39:55","slug":"4-ho-mipt-fumarate","status":"publish","type":"product","link":"https:\/\/researchchemicalhub.com\/fr\/shop\/4-ho-mipt\/4-ho-mipt-fumarate\/","title":{"rendered":"Fumarate de 4-HO-MiPT"},"content":{"rendered":"<h3><strong><span dir=\"auto\" style=\"vertical-align: inherit;\"><span dir=\"auto\" style=\"vertical-align: inherit;\">Fumarate de 4-HO-MiPT \u2013 Description du produit, utilisations, avantages et inconv\u00e9nients, et FAQ<\/span><\/span><\/strong><\/h3>\n<p data-start=\"4058\" data-end=\"4259\"><strong data-start=\"4058\" data-end=\"4123\">Fumarate de 4-HO-MiPT (4-hydroxy-N-m\u00e9thyl-N-isopropyltryptamine)<\/strong> est un <strong data-start=\"4131\" data-end=\"4173\">compos\u00e9 de recherche de haute puret\u00e9<\/strong>, d\u00e9velopp\u00e9 pour <strong data-start=\"4191\" data-end=\"4256\">recherche neuroscientifique, pharmacologique et analytique<\/strong>. Fumarate de 4-HO-MiPT<\/p>\n<p data-start=\"4261\" data-end=\"4597\">En tant que membre de la <strong data-start=\"4276\" data-end=\"4312\">Classe des 4-hydroxytryptamines (4-HO)<\/strong> est-il structurellement li\u00e9 \u00e0 <strong data-start=\"4344\" data-end=\"4368\">psilocine (4-HO-DMT)<\/strong> et d&#039;autres tryptamines naturelles. <strong data-start=\"4407\" data-end=\"4440\">groupe hydroxyle en position 4<\/strong> influence la <strong data-start=\"4455\" data-end=\"4504\">liaison aux r\u00e9cepteurs de la s\u00e9rotonine (5-HT1A et 5-HT2A)<\/strong>, ce qui rend le 4-HO-MiPT pr\u00e9cieux pour <strong data-start=\"4543\" data-end=\"4584\">relation structure-activit\u00e9 (SAR)<\/strong>-recherche.<\/p>\n<p data-start=\"4599\" data-end=\"4793\">Le <strong data-start=\"4602\" data-end=\"4622\">forme de sel de fumarate<\/strong> pr\u00e9voit <strong data-start=\"4634\" data-end=\"4702\">excellente stabilit\u00e9 chimique, solubilit\u00e9 et dur\u00e9e de conservation<\/strong>, ce qui le rend id\u00e9al pour le stockage \u00e0 long terme et les applications de laboratoire contr\u00f4l\u00e9es.<\/p>\n<blockquote data-start=\"4795\" data-end=\"4946\">\n<p data-start=\"4797\" data-end=\"4946\">\u26a0\ufe0f <strong data-start=\"4800\" data-end=\"4811\">NB:<\/strong> Ce produit est <strong data-start=\"4827\" data-end=\"4882\">destin\u00e9 uniquement \u00e0 la recherche scientifique<\/strong> et <strong data-start=\"4886\" data-end=\"4943\">ne convient pas \u00e0 la consommation humaine ou animale<\/strong>.<\/p>\n<\/blockquote>\n<hr data-start=\"4948\" data-end=\"4951\" \/>\n<h3 data-start=\"4953\" data-end=\"4984\"><strong data-start=\"4957\" data-end=\"4984\">Caract\u00e9ristiques principales<\/strong><\/h3>\n<ul data-start=\"4985\" data-end=\"5377\">\n<li data-start=\"4985\" data-end=\"5055\">\n<p data-start=\"4987\" data-end=\"5055\"><strong data-start=\"4987\" data-end=\"5013\">Haute puret\u00e9 (\u226599%)<\/strong> \u2013 Confirm\u00e9 par analyse HPLC et GC-MS.<\/p>\n<\/li>\n<li data-start=\"5056\" data-end=\"5130\">\n<p data-start=\"5058\" data-end=\"5130\"><strong data-start=\"5058\" data-end=\"5087\">Forme stable du sel de fumarate<\/strong> \u2013 Augmente la stabilit\u00e9 et la facilit\u00e9 d\u2019utilisation.<\/p>\n<\/li>\n<li data-start=\"5131\" data-end=\"5218\">\n<p data-start=\"5133\" data-end=\"5218\"><strong data-start=\"5133\" data-end=\"5172\">Norme de recherche pharmacologique<\/strong> \u2013 Convient \u00e0 la recherche sur les r\u00e9cepteurs et les SAR.<\/p>\n<\/li>\n<li data-start=\"5219\" data-end=\"5288\">\n<p data-start=\"5221\" data-end=\"5288\"><strong data-start=\"5221\" data-end=\"5246\">Production de type GMP<\/strong> \u2013 Assure la coh\u00e9rence et la qualit\u00e9.<\/p>\n<\/li>\n<li data-start=\"5289\" data-end=\"5377\">\n<p data-start=\"5291\" data-end=\"5377\"><strong data-start=\"5291\" data-end=\"5313\">Emballage s\u00fbr<\/strong> \u2013 Emballage herm\u00e9tique et \u00e9tanche \u00e0 la lumi\u00e8re pour une protection maximale. Fumarate de 4-HO-MiPT<\/p>\n<\/li>\n<\/ul>\n<hr data-start=\"5379\" data-end=\"5382\" \/>\n<h3 data-start=\"5384\" data-end=\"5401\"><strong data-start=\"5388\" data-end=\"5401\">Avantages<\/strong><\/h3>\n<ul data-start=\"5402\" data-end=\"5699\">\n<li data-start=\"5402\" data-end=\"5482\">\n<p data-start=\"5404\" data-end=\"5482\">Soutient <strong data-start=\"5416\" data-end=\"5479\">recherche sur les r\u00e9cepteurs de la s\u00e9rotonine et les analogues de la tryptamine<\/strong>.<\/p>\n<\/li>\n<li data-start=\"5483\" data-end=\"5560\">\n<p data-start=\"5485\" data-end=\"5560\"><strong data-start=\"5485\" data-end=\"5530\">Des r\u00e9sultats pr\u00e9cis et reproductibles<\/strong> dans une recherche contr\u00f4l\u00e9e.<\/p>\n<\/li>\n<li data-start=\"5561\" data-end=\"5627\">\n<p data-start=\"5563\" data-end=\"5627\"><strong data-start=\"5563\" data-end=\"5589\">Stabilit\u00e9 am\u00e9lior\u00e9e<\/strong> par rapport \u00e0 la forme de base libre.<\/p>\n<\/li>\n<li data-start=\"5628\" data-end=\"5699\">\n<p data-start=\"5630\" data-end=\"5699\">Id\u00e9al pour <strong data-start=\"5642\" data-end=\"5696\">recherche acad\u00e9mique, pharmacologique et analytique<\/strong>.<\/p>\n<\/li>\n<\/ul>\n<hr data-start=\"5701\" data-end=\"5704\" \/>\n<h3 data-start=\"5706\" data-end=\"5721\"><strong data-start=\"5710\" data-end=\"5721\">Usage<\/strong><\/h3>\n<ul data-start=\"5722\" data-end=\"5993\">\n<li data-start=\"5722\" data-end=\"5792\">\n<p data-start=\"5724\" data-end=\"5792\">R\u00e9serv\u00e9 \u00e0 l&#039;usage exclusif de <strong data-start=\"5749\" data-end=\"5789\">personnel de laboratoire qualifi\u00e9<\/strong>.<\/p>\n<\/li>\n<li data-start=\"5793\" data-end=\"5869\">\n<p data-start=\"5795\" data-end=\"5869\">Utiliser convenablement <strong data-start=\"5813\" data-end=\"5837\">\u00e9quipement de protection<\/strong> (gants, lunettes, blouse de laboratoire).<\/p>\n<\/li>\n<li data-start=\"5870\" data-end=\"5934\">\n<p data-start=\"5872\" data-end=\"5934\">\u00c9conomisez sur un <strong data-start=\"5887\" data-end=\"5921\">endroit frais, sec et sombre<\/strong> (15\u201325\u00b0C).<\/p>\n<\/li>\n<li data-start=\"5935\" data-end=\"5993\">\n<p data-start=\"5937\" data-end=\"5993\">Ne convient pas \u00e0 la consommation humaine ou animale.<\/p>\n<\/li>\n<\/ul>\n<hr data-start=\"5995\" data-end=\"5998\" \/>\n<h3 data-start=\"6000\" data-end=\"6035\"><strong data-start=\"6004\" data-end=\"6035\">Foire aux questions (FAQ)<\/strong><\/h3>\n<p data-start=\"6037\" data-end=\"6225\"><strong data-start=\"6037\" data-end=\"6087\">1. \u00c0 quoi sert le fumarate de 4-HO-MiPT ?<\/strong><br data-start=\"6087\" data-end=\"6090\" \/>Le fumarate de 4-HO-MiPT est utilis\u00e9 dans <strong data-start=\"6127\" data-end=\"6172\">recherche pharmacologique et neurochimique<\/strong> aux r\u00e9cepteurs de la s\u00e9rotonine et aux analogues de la tryptamine.<\/p>\n<p data-start=\"6227\" data-end=\"6408\"><strong data-start=\"6227\" data-end=\"6286\">2. Le fumarate de 4-HO-MiPT est-il sans danger pour l\u2019usage humain\u00a0?<\/strong><br data-start=\"6286\" data-end=\"6289\" \/>Non. Ce produit est <strong data-start=\"6309\" data-end=\"6358\">destin\u00e9 \u00e0 des fins de recherche uniquement<\/strong> et non approuv\u00e9 pour la consommation humaine.<\/p>\n<p data-start=\"6410\" data-end=\"6582\"><strong data-start=\"6410\" data-end=\"6460\">3. Comment le fumarate de 4-HO-MiPT doit-il \u00eatre conserv\u00e9 ?<\/strong><br data-start=\"6460\" data-end=\"6463\" \/>Conserver dans un <strong data-start=\"6478\" data-end=\"6508\">emballage bien scell\u00e9<\/strong> \u00e0 temp\u00e9rature ambiante (15\u201325\u00b0C), \u00e0 l\u2019abri de l\u2019humidit\u00e9, de la chaleur et de la lumi\u00e8re.<\/p>","protected":false},"excerpt":{"rendered":"<h3><span data-sheets-value=\"{\" data-sheets-userformat=\"{\"><span style=\"vertical-align: inherit;\"><span style=\"vertical-align: inherit;\"><span dir=\"auto\" style=\"vertical-align: inherit;\"><span dir=\"auto\" style=\"vertical-align: inherit;\">4-HO-MiPT fumarate properties<\/span><\/span><\/span><\/span><\/span><\/h3>\n<p><strong><span style=\"vertical-align: inherit;\"><span style=\"vertical-align: inherit;\"><span dir=\"auto\" style=\"vertical-align: inherit;\"><span dir=\"auto\" style=\"vertical-align: inherit;\">Synonym:<\/span><\/span><\/span><\/span><\/strong><span style=\"vertical-align: inherit;\"><span style=\"vertical-align: inherit;\"><span dir=\"auto\" style=\"vertical-align: inherit;\"><span dir=\"auto\" style=\"vertical-align: inherit;\"> 4-hydroxy-N-methyl-N-isopropyltryptamine fumarate <\/span><\/span><\/span><\/span><br \/>\n<strong><span style=\"vertical-align: inherit;\"><span style=\"vertical-align: inherit;\"><span dir=\"auto\" style=\"vertical-align: inherit;\"><span dir=\"auto\" style=\"vertical-align: inherit;\">CAS Number:<\/span><\/span><\/span><\/span><\/strong><span style=\"vertical-align: inherit;\"><span style=\"vertical-align: inherit;\"><span dir=\"auto\" style=\"vertical-align: inherit;\"><span dir=\"auto\" style=\"vertical-align: inherit;\"> 77872-43-6 <\/span><\/span><\/span><\/span><br \/>\n<strong><span style=\"vertical-align: inherit;\"><span style=\"vertical-align: inherit;\"><span dir=\"auto\" style=\"vertical-align: inherit;\"><span dir=\"auto\" style=\"vertical-align: inherit;\">Formula:<\/span><\/span><\/span><\/span><\/strong><span style=\"vertical-align: inherit;\"><span style=\"vertical-align: inherit;\"><span dir=\"auto\" style=\"vertical-align: inherit;\"><span dir=\"auto\" style=\"vertical-align: inherit;\"> 3-[2-(isopropyl(methyl)amino)ethyl]-1H-indole-4-ol fumarate <\/span><\/span><\/span><\/span><br \/>\n<strong><span style=\"vertical-align: inherit;\"><span style=\"vertical-align: inherit;\"><span dir=\"auto\" style=\"vertical-align: inherit;\"><span dir=\"auto\" style=\"vertical-align: inherit;\">Molar Mass:<\/span><\/span><\/span><\/span><\/strong><span style=\"vertical-align: inherit;\"><span style=\"vertical-align: inherit;\"><span dir=\"auto\" style=\"vertical-align: inherit;\"><span dir=\"auto\" style=\"vertical-align: inherit;\"> 348.4 g\/mol <\/span><\/span><\/span><\/span><br \/>\n<strong><span style=\"vertical-align: inherit;\"><span style=\"vertical-align: inherit;\"><span dir=\"auto\" style=\"vertical-align: inherit;\"><span dir=\"auto\" style=\"vertical-align: inherit;\">Purity:<\/span><\/span><\/span><\/span><\/strong><span style=\"vertical-align: inherit;\"><span style=\"vertical-align: inherit;\"><span dir=\"auto\" style=\"vertical-align: inherit;\"><span dir=\"auto\" style=\"vertical-align: inherit;\"> &gt;97%<\/span><\/span><\/span><\/span><\/p>\n","protected":false},"featured_media":20353,"comment_status":"closed","ping_status":"closed","template":"","meta":[],"product_brand":[],"product_cat":[505,381],"product_tag":[1156,1157,326],"class_list":{"0":"post-23471","1":"product","2":"type-product","3":"status-publish","4":"has-post-thumbnail","6":"product_cat-4-ho-mipt","7":"product_cat-tryptamines","8":"product_tag-4-ho-mipt-fumarate","9":"product_tag-4-ho-mipt-fumarate-kopen","10":"product_tag-nl","12":"first","13":"instock","14":"taxable","15":"shipping-taxable","16":"purchasable","17":"product-type-variable"},"_links":{"self":[{"href":"https:\/\/researchchemicalhub.com\/fr\/wp-json\/wp\/v2\/product\/23471","targetHints":{"allow":["GET"]}}],"collection":[{"href":"https:\/\/researchchemicalhub.com\/fr\/wp-json\/wp\/v2\/product"}],"about":[{"href":"https:\/\/researchchemicalhub.com\/fr\/wp-json\/wp\/v2\/types\/product"}],"replies":[{"embeddable":true,"href":"https:\/\/researchchemicalhub.com\/fr\/wp-json\/wp\/v2\/comments?post=23471"}],"version-history":[{"count":4,"href":"https:\/\/researchchemicalhub.com\/fr\/wp-json\/wp\/v2\/product\/23471\/revisions"}],"predecessor-version":[{"id":28036,"href":"https:\/\/researchchemicalhub.com\/fr\/wp-json\/wp\/v2\/product\/23471\/revisions\/28036"}],"wp:featuredmedia":[{"embeddable":true,"href":"https:\/\/researchchemicalhub.com\/fr\/wp-json\/wp\/v2\/media\/20353"}],"wp:attachment":[{"href":"https:\/\/researchchemicalhub.com\/fr\/wp-json\/wp\/v2\/media?parent=23471"}],"wp:term":[{"taxonomy":"product_brand","embeddable":true,"href":"https:\/\/researchchemicalhub.com\/fr\/wp-json\/wp\/v2\/product_brand?post=23471"},{"taxonomy":"product_cat","embeddable":true,"href":"https:\/\/researchchemicalhub.com\/fr\/wp-json\/wp\/v2\/product_cat?post=23471"},{"taxonomy":"product_tag","embeddable":true,"href":"https:\/\/researchchemicalhub.com\/fr\/wp-json\/wp\/v2\/product_tag?post=23471"}],"curies":[{"name":"wp","href":"https:\/\/api.w.org\/{rel}","templated":true}]}}