{"id":23304,"date":"2025-04-13T17:39:31","date_gmt":"2025-04-13T17:39:31","guid":{"rendered":"https:\/\/researchchemicalhub.com\/?post_type=product&#038;p=23304"},"modified":"2025-10-30T10:18:10","modified_gmt":"2025-10-30T10:18:10","slug":"etizolam-kopen","status":"publish","type":"product","link":"https:\/\/researchchemicalhub.com\/fr\/shop\/verboden\/etizolam-kopen\/","title":{"rendered":"buvards d&#039;\u00e9tizolam 1 mg"},"content":{"rendered":"<h1><span dir=\"auto\" style=\"vertical-align: inherit;\"><span dir=\"auto\" style=\"vertical-align: inherit;\">Buvards d&#039;\u00e9tizolam 1 mg \u2013 Mat\u00e9riel de recherche professionnel pour applications scientifiques<\/span><\/span><\/h1>\n<p data-start=\"3736\" data-end=\"3880\"><strong data-start=\"3736\" data-end=\"3761\">buvards d&#039;\u00e9tizolam 1 mg<\/strong> contenir <strong data-start=\"3771\" data-end=\"3807\">1 milligramme d&#039;\u00e9tizolam par buvard<\/strong>, pr\u00e9cis\u00e9ment dos\u00e9 pour <strong data-start=\"3835\" data-end=\"3877\">recherche pharmacologique et analytique<\/strong>. acheter de l&#039;\u00e9tizolam<\/p>\n<p data-start=\"3882\" data-end=\"4147\">L&#039;\u00e9tizolam est un <strong data-start=\"3898\" data-end=\"3928\">compos\u00e9 de thi\u00e9nodiaz\u00e9pine<\/strong>, structurellement apparent\u00e9 aux benzodiaz\u00e9pines, et est \u00e9tudi\u00e9 pour ses effets sur <strong data-start=\"4015\" data-end=\"4036\">r\u00e9cepteurs GABA-A<\/strong>Il est souvent utilis\u00e9 dans <strong data-start=\"4065\" data-end=\"4098\">recherche neuropharmacologique<\/strong> aux propri\u00e9t\u00e9s anxiolytiques et s\u00e9datives.<\/p>\n<p data-start=\"4149\" data-end=\"4377\">Chaque buvard est fabriqu\u00e9 sous <strong data-start=\"4186\" data-end=\"4224\">conditions de laboratoire strictes<\/strong>, de <strong data-start=\"4230\" data-end=\"4265\">\u00e9tizolam de haute puret\u00e9 (\u226599%)<\/strong> sur <strong data-start=\"4269\" data-end=\"4297\">article digne de recherche<\/strong>, ce qui assure <strong data-start=\"4314\" data-end=\"4374\">absorption uniforme et performances analytiques constantes<\/strong>.<\/p>\n<blockquote data-start=\"4379\" data-end=\"4534\">\n<p data-start=\"4381\" data-end=\"4534\">\u26a0\ufe0f <strong data-start=\"4384\" data-end=\"4395\">NB:<\/strong> Ces buvards sont <strong data-start=\"4415\" data-end=\"4470\">destin\u00e9 uniquement \u00e0 la recherche scientifique<\/strong> et <strong data-start=\"4474\" data-end=\"4531\">ne convient pas \u00e0 la consommation humaine ou animale<\/strong>.<\/p>\n<\/blockquote>\n<hr data-start=\"4536\" data-end=\"4539\" \/>\n<h3 data-start=\"4541\" data-end=\"4572\"><strong data-start=\"4545\" data-end=\"4572\">Caract\u00e9ristiques principales<\/strong><\/h3>\n<ul data-start=\"4573\" data-end=\"5008\">\n<li data-start=\"4573\" data-end=\"4662\">\n<p data-start=\"4575\" data-end=\"4662\"><strong data-start=\"4575\" data-end=\"4617\">Dosage pr\u00e9cis (1 mg par buvard)<\/strong> \u2013 Pour des r\u00e9sultats analytiques fiables.<\/p>\n<\/li>\n<li data-start=\"4663\" data-end=\"4737\">\n<p data-start=\"4665\" data-end=\"4737\"><strong data-start=\"4665\" data-end=\"4691\">Haute puret\u00e9 (\u226599%)<\/strong> \u2013 V\u00e9rifi\u00e9 par analyse HPLC et GC-MS.<\/p>\n<\/li>\n<li data-start=\"4738\" data-end=\"4820\">\n<p data-start=\"4740\" data-end=\"4820\"><strong data-start=\"4740\" data-end=\"4762\">Distribution uniforme<\/strong> \u2013 Rev\u00eatement uniforme pour des r\u00e9sultats de test coh\u00e9rents.<\/p>\n<\/li>\n<li data-start=\"4821\" data-end=\"4918\">\n<p data-start=\"4823\" data-end=\"4918\"><strong data-start=\"4823\" data-end=\"4862\">Norme de recherche pharmacologique<\/strong> \u2013 Convient \u00e0 la recherche sur les r\u00e9cepteurs et \u00e0 la recherche bioanalytique.<\/p>\n<\/li>\n<li data-start=\"4919\" data-end=\"5008\">\n<p data-start=\"4921\" data-end=\"5008\"><strong data-start=\"4921\" data-end=\"4943\">Emballage s\u00fbr<\/strong> \u2013 \u00c0 conserver \u00e0 l&#039;abri de la lumi\u00e8re et de l&#039;humidit\u00e9 pour une longue dur\u00e9e de conservation. Acheter de l&#039;\u00e9tizolam<\/p>\n<\/li>\n<\/ul>\n<hr data-start=\"5010\" data-end=\"5013\" \/>\n<h3 data-start=\"5015\" data-end=\"5032\"><strong data-start=\"5019\" data-end=\"5032\">Avantages<\/strong><\/h3>\n<ul data-start=\"5033\" data-end=\"5328\">\n<li data-start=\"5033\" data-end=\"5120\">\n<p data-start=\"5035\" data-end=\"5120\">Soutient <strong data-start=\"5047\" data-end=\"5117\">recherche sur les r\u00e9cepteurs GABA-A et les processus neuropharmacologiques<\/strong>.<\/p>\n<\/li>\n<li data-start=\"5121\" data-end=\"5181\">\n<p data-start=\"5123\" data-end=\"5181\"><strong data-start=\"5123\" data-end=\"5178\">Des r\u00e9sultats de recherche pr\u00e9cis et reproductibles<\/strong>.<\/p>\n<\/li>\n<li data-start=\"5182\" data-end=\"5254\">\n<p data-start=\"5184\" data-end=\"5254\"><strong data-start=\"5184\" data-end=\"5226\">Facile \u00e0 manipuler et \u00e0 ranger<\/strong> pour une utilisation en laboratoire.<\/p>\n<\/li>\n<li data-start=\"5255\" data-end=\"5328\">\n<p data-start=\"5257\" data-end=\"5328\">Convient pour <strong data-start=\"5271\" data-end=\"5325\">recherche acad\u00e9mique, pharmacologique et analytique<\/strong>.<\/p>\n<\/li>\n<\/ul>\n<hr data-start=\"5330\" data-end=\"5333\" \/>\n<h3 data-start=\"5335\" data-end=\"5350\"><strong data-start=\"5339\" data-end=\"5350\">Usage<\/strong><\/h3>\n<ul data-start=\"5351\" data-end=\"5622\">\n<li data-start=\"5351\" data-end=\"5421\">\n<p data-start=\"5353\" data-end=\"5421\">R\u00e9serv\u00e9 \u00e0 l&#039;usage exclusif de <strong data-start=\"5378\" data-end=\"5418\">personnel de laboratoire qualifi\u00e9<\/strong>.<\/p>\n<\/li>\n<li data-start=\"5422\" data-end=\"5498\">\n<p data-start=\"5424\" data-end=\"5498\">Utiliser convenablement <strong data-start=\"5442\" data-end=\"5466\">\u00e9quipement de protection<\/strong> (gants, lunettes, blouse de laboratoire).<\/p>\n<\/li>\n<li data-start=\"5499\" data-end=\"5563\">\n<p data-start=\"5501\" data-end=\"5563\">\u00c9conomisez sur un <strong data-start=\"5516\" data-end=\"5550\">endroit frais, sec et sombre<\/strong> (15\u201325\u00b0C).<\/p>\n<\/li>\n<li data-start=\"5564\" data-end=\"5622\">\n<p data-start=\"5566\" data-end=\"5622\">Ne convient pas \u00e0 la consommation humaine ou animale.<\/p>\n<\/li>\n<\/ul>\n<hr data-start=\"5624\" data-end=\"5627\" \/>\n<h3 data-start=\"5629\" data-end=\"5664\"><strong data-start=\"5633\" data-end=\"5664\">Foire aux questions (FAQ)<\/strong><\/h3>\n<p data-start=\"5666\" data-end=\"5841\"><strong data-start=\"5666\" data-end=\"5720\">1. \u00c0 quoi servent les buvards d&#039;Etizolam 1 mg ?<\/strong><br data-start=\"5720\" data-end=\"5723\" \/>Les buvards d&#039;\u00e9tizolam 1 mg sont utilis\u00e9s dans <strong data-start=\"5764\" data-end=\"5806\">recherche analytique et pharmacologique<\/strong> aux interactions avec les r\u00e9cepteurs GABA-A.<\/p>\n<p data-start=\"5843\" data-end=\"6029\"><strong data-start=\"5843\" data-end=\"5903\">2. Les buvards d\u2019\u00e9tizolam sont-ils sans danger pour l\u2019usage humain\u00a0?<\/strong><br data-start=\"5903\" data-end=\"5906\" \/>Non. Ces buvards sont <strong data-start=\"5930\" data-end=\"5979\">destin\u00e9 \u00e0 des fins de recherche uniquement<\/strong> et non approuv\u00e9 pour la consommation humaine.<\/p>\n<p data-start=\"6031\" data-end=\"6169\"><strong data-start=\"6031\" data-end=\"6082\">3. Comment conserver les buvards d&#039;\u00e9tizolam ?<\/strong><br data-start=\"6082\" data-end=\"6085\" \/>Conserver dans un <strong data-start=\"6100\" data-end=\"6135\">emballage sans lumi\u00e8re ni humidit\u00e9<\/strong> \u00e0 temp\u00e9rature ambiante (15\u201325\u00b0C).<\/p>","protected":false},"excerpt":{"rendered":"<h2><strong><span dir=\"auto\" style=\"vertical-align: inherit;\"><span dir=\"auto\" style=\"vertical-align: inherit;\">Etizolam 1mg Blotters<\/span><\/span><\/strong><\/h2>\n<p><span dir=\"auto\" style=\"vertical-align: inherit;\"><span dir=\"auto\" style=\"vertical-align: inherit;\">CAS Number: 40054-69-1 <\/span><\/span><br \/>\n<span dir=\"auto\" style=\"vertical-align: inherit;\"><span dir=\"auto\" style=\"vertical-align: inherit;\">Formula: 4-(2-chlorophenyl)-2-ethyl-9-methyl-6H-thieno[3,2-f][1,2,4]triazolo[4,3-a][1,4]diazepine <\/span><\/span><br \/>\n<span dir=\"auto\" style=\"vertical-align: inherit;\"><span dir=\"auto\" style=\"vertical-align: inherit;\">Molecular mass: 342.8 g\/mol <\/span><\/span><br \/>\n<span dir=\"auto\" style=\"vertical-align: inherit;\"><span dir=\"auto\" style=\"vertical-align: inherit;\">Purity: \u2265 99%<\/span><\/span><\/p>\n","protected":false},"featured_media":28518,"comment_status":"closed","ping_status":"closed","template":"","meta":[],"product_brand":[82],"product_cat":[488],"product_tag":[917,922,1130,326],"class_list":{"0":"post-23304","1":"product","2":"type-product","3":"status-publish","4":"has-post-thumbnail","6":"product_brand-research-chemical","7":"product_cat-verboden","8":"product_tag-etizolam","9":"product_tag-etizolam-blotters","10":"product_tag-etizolam-kopen","11":"product_tag-nl","13":"first","14":"instock","15":"taxable","16":"shipping-taxable","17":"purchasable","18":"product-type-simple"},"_links":{"self":[{"href":"https:\/\/researchchemicalhub.com\/fr\/wp-json\/wp\/v2\/product\/23304","targetHints":{"allow":["GET"]}}],"collection":[{"href":"https:\/\/researchchemicalhub.com\/fr\/wp-json\/wp\/v2\/product"}],"about":[{"href":"https:\/\/researchchemicalhub.com\/fr\/wp-json\/wp\/v2\/types\/product"}],"replies":[{"embeddable":true,"href":"https:\/\/researchchemicalhub.com\/fr\/wp-json\/wp\/v2\/comments?post=23304"}],"version-history":[{"count":6,"href":"https:\/\/researchchemicalhub.com\/fr\/wp-json\/wp\/v2\/product\/23304\/revisions"}],"predecessor-version":[{"id":28043,"href":"https:\/\/researchchemicalhub.com\/fr\/wp-json\/wp\/v2\/product\/23304\/revisions\/28043"}],"wp:featuredmedia":[{"embeddable":true,"href":"https:\/\/researchchemicalhub.com\/fr\/wp-json\/wp\/v2\/media\/28518"}],"wp:attachment":[{"href":"https:\/\/researchchemicalhub.com\/fr\/wp-json\/wp\/v2\/media?parent=23304"}],"wp:term":[{"taxonomy":"product_brand","embeddable":true,"href":"https:\/\/researchchemicalhub.com\/fr\/wp-json\/wp\/v2\/product_brand?post=23304"},{"taxonomy":"product_cat","embeddable":true,"href":"https:\/\/researchchemicalhub.com\/fr\/wp-json\/wp\/v2\/product_cat?post=23304"},{"taxonomy":"product_tag","embeddable":true,"href":"https:\/\/researchchemicalhub.com\/fr\/wp-json\/wp\/v2\/product_tag?post=23304"}],"curies":[{"name":"wp","href":"https:\/\/api.w.org\/{rel}","templated":true}]}}