{"id":23186,"date":"2025-04-13T17:39:18","date_gmt":"2025-04-13T17:39:18","guid":{"rendered":"https:\/\/researchchemicalhub.com\/?post_type=product&#038;p=23186"},"modified":"2025-10-30T12:09:12","modified_gmt":"2025-10-30T12:09:12","slug":"acheter-3-mm","status":"publish","type":"product","link":"https:\/\/researchchemicalhub.com\/fr\/boutique\/3-mm\/acheter-3-mm\/","title":{"rendered":"3-MMA (m\u00e9taph\u00e9drine)"},"content":{"rendered":"<h1><strong><span dir=\"auto\" style=\"vertical-align: inherit;\"><span dir=\"auto\" style=\"vertical-align: inherit;\">Acheter 3mma (3-m\u00e9thylm\u00e9thamph\u00e9tamine)\u00a0<\/span><\/span><\/strong><\/h1>\n<p data-start=\"735\" data-end=\"1150\"><strong data-start=\"735\" data-end=\"744\">3-MMA<\/strong>, en entier <strong data-start=\"753\" data-end=\"779\">3-m\u00e9thylm\u00e9thamph\u00e9tamine<\/strong> (\u00e9galement connu sous le nom de <strong data-start=\"796\" data-end=\"812\">M\u00e9taph\u00e9drine<\/strong>), est un <strong data-start=\"822\" data-end=\"862\">compos\u00e9 stimulant synth\u00e9tique<\/strong> de la <strong data-start=\"870\" data-end=\"906\">classe d&#039;amph\u00e9tamines substitu\u00e9es<\/strong>. <span class=\"___SBox_epc1q-ko_ ___SText_zko9t-ko_\" data-ui-name=\"Link.Text\">Achetez 3 MM<\/span><br data-start=\"907\" data-end=\"910\" \/>Il est chimiquement li\u00e9 \u00e0 <strong data-start=\"938\" data-end=\"956\">m\u00e9thamph\u00e9tamine<\/strong>, mais diff\u00e8re par la <strong data-start=\"981\" data-end=\"1012\">groupe m\u00e9thyle en position 3<\/strong> du cycle aromatique. Ce petit changement structurel affecte la <strong data-start=\"1088\" data-end=\"1107\">liaison au r\u00e9cepteur<\/strong>, <strong data-start=\"1109\" data-end=\"1124\">m\u00e9tabolisme<\/strong> et <strong data-start=\"1128\" data-end=\"1147\">efficacit\u00e9<\/strong>.<\/p>\n<p data-start=\"1152\" data-end=\"1521\">Bien que le 3-MMA ait \u00e9t\u00e9 trouv\u00e9 dans <strong data-start=\"1184\" data-end=\"1223\">analyses toxicologiques m\u00e9dico-l\u00e9gales<\/strong> et <strong data-start=\"1227\" data-end=\"1280\">recherche sur les nouvelles substances psychoactives (NPS)<\/strong>, l&#039;a <strong data-start=\"1292\" data-end=\"1338\">aucune application m\u00e9dicale ou th\u00e9rapeutique<\/strong>.<br data-start=\"1339\" data-end=\"1342\" \/>Elle n&#039;est \u00e9tudi\u00e9e que dans <strong data-start=\"1378\" data-end=\"1434\">contextes acad\u00e9miques, m\u00e9dico-l\u00e9gaux et toxicologiques<\/strong> \u00e0 <strong data-start=\"1438\" data-end=\"1480\">relations structure-activit\u00e9 (SAR)<\/strong> dans les analogues de l&#039;amph\u00e9tamine.<\/p>\n<hr data-start=\"1523\" data-end=\"1526\" \/>\n<h2 data-start=\"1528\" data-end=\"1575\"><strong data-start=\"1531\" data-end=\"1575\">Contexte chimique et pharmacologique<\/strong><\/h2>\n<p data-start=\"1577\" data-end=\"1814\">Le 3-MMA appartient \u00e0 la <strong data-start=\"1598\" data-end=\"1637\">famille des ph\u00e9n\u00e9thylamines et des amph\u00e9tamines<\/strong>, un groupe de compos\u00e9s qui agissent comme <strong data-start=\"1670\" data-end=\"1702\">sympathomim\u00e9tiques indirects<\/strong> travail \u2014 ils augmentent l&#039;activit\u00e9 de <strong data-start=\"1742\" data-end=\"1754\">dopamine<\/strong>, <strong data-start=\"1756\" data-end=\"1773\">noradr\u00e9naline<\/strong> et <strong data-start=\"1777\" data-end=\"1791\">s\u00e9rotonine<\/strong> dans le syst\u00e8me nerveux.<\/p>\n<p data-start=\"1816\" data-end=\"1841\"><strong data-start=\"1816\" data-end=\"1841\">Informations chimiques :<\/strong><\/p>\n<ul data-start=\"1842\" data-end=\"2258\">\n<li data-start=\"1842\" data-end=\"1888\">\n<p data-start=\"1844\" data-end=\"1888\"><strong data-start=\"1844\" data-end=\"1863\">Nom et pr\u00e9nom:<\/strong> 3-m\u00e9thylm\u00e9thamph\u00e9tamine<\/p>\n<\/li>\n<li data-start=\"1889\" data-end=\"1957\">\n<p data-start=\"1891\" data-end=\"1957\"><strong data-start=\"1891\" data-end=\"1906\">Synonymes:<\/strong> M\u00e9taph\u00e9drine, 3-m\u00e9thyl-N,\u03b1-dim\u00e9thylph\u00e9n\u00e9thylamine<\/p>\n<\/li>\n<li data-start=\"1958\" data-end=\"2016\">\n<p data-start=\"1960\" data-end=\"2016\"><strong data-start=\"1960\" data-end=\"1975\">Nom IUPAC :<\/strong> N,\u03b1-dim\u00e9thyl-3-m\u00e9thylbenz\u00e8nethanamine<\/p>\n<\/li>\n<li data-start=\"2017\" data-end=\"2049\">\n<p data-start=\"2019\" data-end=\"2049\"><strong data-start=\"2019\" data-end=\"2039\">Formule mol\u00e9culaire :<\/strong> C11H17N<\/p>\n<\/li>\n<li data-start=\"2050\" data-end=\"2086\">\n<p data-start=\"2052\" data-end=\"2086\"><strong data-start=\"2052\" data-end=\"2070\">Masse mol\u00e9culaire :<\/strong> \u00b1163,26 g\/mol<\/p>\n<\/li>\n<li data-start=\"2087\" data-end=\"2140\">\n<p data-start=\"2089\" data-end=\"2140\"><strong data-start=\"2089\" data-end=\"2110\">Classe chimique :<\/strong> Amph\u00e9tamines substitu\u00e9es<\/p>\n<\/li>\n<li data-start=\"2141\" data-end=\"2258\">\n<p data-start=\"2143\" data-end=\"2258\"><strong data-start=\"2143\" data-end=\"2171\">Action pharmacologique :<\/strong> Lib\u00e9rateur indirect de monoamines ; agit sur les transporteurs de dopamine et de noradr\u00e9naline<\/p>\n<\/li>\n<\/ul>\n<p data-start=\"2260\" data-end=\"2479\">Le <strong data-start=\"2263\" data-end=\"2315\">substitution m\u00e9thylique en position m\u00e9ta (position 3)<\/strong> distingue le 3-MMA du <strong data-start=\"2339\" data-end=\"2357\">m\u00e9thamph\u00e9tamine<\/strong>, <strong data-start=\"2359\" data-end=\"2373\">amph\u00e9tamine<\/strong> et <strong data-start=\"2377\" data-end=\"2386\">4-MMA<\/strong>, ce qui affecte la <strong data-start=\"2412\" data-end=\"2444\">s\u00e9lectivit\u00e9 neurochimique<\/strong> et <strong data-start=\"2448\" data-end=\"2478\">propri\u00e9t\u00e9s stimulantes<\/strong>. <span class=\"___SBox_epc1q-ko_ ___SText_zko9t-ko_\" data-ui-name=\"Link.Text\">Achetez 3 MM<\/span><\/p>\n<hr data-start=\"2481\" data-end=\"2484\" \/>\n<h2 data-start=\"2486\" data-end=\"2553\"><strong data-start=\"2489\" data-end=\"2553\">Principales caract\u00e9ristiques du 3-MMA (pour les contextes de recherche)<\/strong><\/h2>\n<ul data-start=\"2555\" data-end=\"3012\">\n<li data-start=\"2555\" data-end=\"2633\">\n<p data-start=\"2557\" data-end=\"2633\"><strong data-start=\"2557\" data-end=\"2582\">Analogie structurelle :<\/strong> \u00c9troitement li\u00e9 \u00e0 la m\u00e9thamph\u00e9tamine, au 4-MMA et au 2-MMA.<\/p>\n<\/li>\n<li data-start=\"2634\" data-end=\"2745\">\n<p data-start=\"2636\" data-end=\"2745\"><strong data-start=\"2636\" data-end=\"2663\">Pertinence m\u00e9dico-l\u00e9gale :<\/strong> Identifi\u00e9 dans des \u00e9chantillons lors de recherches NPS et d&#039;analyses des forces de l&#039;ordre.<\/p>\n<\/li>\n<li data-start=\"2746\" data-end=\"2869\">\n<p data-start=\"2748\" data-end=\"2869\"><strong data-start=\"2748\" data-end=\"2771\">Importance analytique :<\/strong> Utilis\u00e9 comme <strong data-start=\"2791\" data-end=\"2814\">norme de r\u00e9f\u00e9rence<\/strong> en validation chromatographique et spectrom\u00e9trique.<\/p>\n<\/li>\n<li data-start=\"2870\" data-end=\"3012\">\n<p data-start=\"2872\" data-end=\"3012\"><strong data-start=\"2872\" data-end=\"2899\">Valeur pharmacologique :<\/strong> Aide les scientifiques \u00e0 comprendre comment de petites variations structurelles affectent <strong data-start=\"2970\" data-end=\"2997\">activit\u00e9 monoaminergique<\/strong> influencer.<\/p>\n<\/li>\n<\/ul>\n<hr data-start=\"3014\" data-end=\"3017\" \/>\n<h2 data-start=\"3019\" data-end=\"3046\"><strong data-start=\"3022\" data-end=\"3046\">Objectifs de recherche<\/strong><\/h2>\n<p data-start=\"3048\" data-end=\"3212\">Le 3-MMA est principalement \u00e9tudi\u00e9 chez <strong data-start=\"3087\" data-end=\"3132\">laboratoires m\u00e9dico-l\u00e9gaux et toxicologiques<\/strong> dans des conditions contr\u00f4l\u00e9es. Les principaux domaines d&#039;application sont\u00a0:<\/p>\n<ol data-start=\"3214\" data-end=\"3961\">\n<li data-start=\"3214\" data-end=\"3444\">\n<p data-start=\"3217\" data-end=\"3242\"><strong data-start=\"3217\" data-end=\"3240\">Chimie analytique :<\/strong><\/p>\n<ul data-start=\"3246\" data-end=\"3444\">\n<li data-start=\"3246\" data-end=\"3373\">\n<p data-start=\"3248\" data-end=\"3373\">D\u00e9veloppement et validation de <strong data-start=\"3278\" data-end=\"3287\">LC-MS<\/strong>, <strong data-start=\"3289\" data-end=\"3298\">GC-MS<\/strong> et <strong data-start=\"3302\" data-end=\"3310\">FTIR<\/strong>-m\u00e9thodes d&#039;identification des amph\u00e9tamines substitu\u00e9es.<\/p>\n<\/li>\n<li data-start=\"3377\" data-end=\"3444\">\n<p data-start=\"3379\" data-end=\"3444\">Distinguer les isom\u00e8res structuraux (tels que le 3-MMA et le 4-MMA).<\/p>\n<\/li>\n<\/ul>\n<\/li>\n<li data-start=\"3446\" data-end=\"3654\">\n<p data-start=\"3449\" data-end=\"3479\"><strong data-start=\"3449\" data-end=\"3477\">Toxicologie m\u00e9dico-l\u00e9gale :<\/strong><\/p>\n<ul data-start=\"3483\" data-end=\"3654\">\n<li data-start=\"3483\" data-end=\"3568\">\n<p data-start=\"3485\" data-end=\"3568\">D\u00e9tection et quantification du 3-MMA dans des \u00e9chantillons biologiques ou saisis.<\/p>\n<\/li>\n<li data-start=\"3572\" data-end=\"3654\">\n<p data-start=\"3574\" data-end=\"3654\">Une partie de <strong data-start=\"3588\" data-end=\"3651\">syst\u00e8mes de surveillance des nouvelles substances psychoactives (NPS)<\/strong>.<\/p>\n<\/li>\n<\/ul>\n<\/li>\n<li data-start=\"3656\" data-end=\"3797\">\n<p data-start=\"3659\" data-end=\"3690\"><strong data-start=\"3659\" data-end=\"3688\">Recherche pharmacologique :<\/strong><\/p>\n<ul data-start=\"3694\" data-end=\"3797\">\n<li data-start=\"3694\" data-end=\"3797\">\n<p data-start=\"3696\" data-end=\"3797\">\u00c9tude de <strong data-start=\"3707\" data-end=\"3738\">inhibition du transporteur de monoamine<\/strong> et <strong data-start=\"3742\" data-end=\"3768\">activit\u00e9 lib\u00e9ratrice<\/strong> de stimulants.<\/p>\n<\/li>\n<\/ul>\n<\/li>\n<li data-start=\"3799\" data-end=\"3961\">\n<p data-start=\"3802\" data-end=\"3834\"><strong data-start=\"3802\" data-end=\"3832\">Recherche en sant\u00e9 publique :<\/strong><\/p>\n<ul data-start=\"3838\" data-end=\"3961\">\n<li data-start=\"3838\" data-end=\"3961\">\n<p data-start=\"3840\" data-end=\"3961\">Suivi des tendances en mati\u00e8re de <strong data-start=\"3865\" data-end=\"3903\">stimulants synth\u00e9tiques<\/strong> \u00e0 l\u2019appui des avertissements de sant\u00e9 publique.<\/p>\n<\/li>\n<\/ul>\n<\/li>\n<\/ol>\n<hr data-start=\"3963\" data-end=\"3966\" \/>\n<h2 data-start=\"3968\" data-end=\"4012\"><strong data-start=\"3971\" data-end=\"4012\">Consid\u00e9rations de s\u00e9curit\u00e9 et juridiques<\/strong><\/h2>\n<h3 data-start=\"4014\" data-end=\"4032\"><strong data-start=\"4018\" data-end=\"4032\">S\u00e9curit\u00e9<\/strong><\/h3>\n<p data-start=\"4034\" data-end=\"4256\">Le 3-MMA ne peut \u00eatre utilis\u00e9 que par <strong data-start=\"4079\" data-end=\"4111\">chercheurs qualifi\u00e9s<\/strong> dans <strong data-start=\"4115\" data-end=\"4139\">laboratoires agr\u00e9\u00e9s<\/strong>.<br data-start=\"4140\" data-end=\"4143\" \/>\u00c0 cause de la <strong data-start=\"4154\" data-end=\"4171\">potentiel \u00e9lev\u00e9<\/strong> et <strong data-start=\"4175\" data-end=\"4211\">donn\u00e9es toxicologiques limit\u00e9es<\/strong> des mesures de s\u00e9curit\u00e9 strictes sont requises.<\/p>\n<p data-start=\"4258\" data-end=\"4296\"><strong data-start=\"4258\" data-end=\"4296\">S\u00e9curit\u00e9 recommand\u00e9e en laboratoire :<\/strong><\/p>\n<ul data-start=\"4297\" data-end=\"4600\">\n<li data-start=\"4297\" data-end=\"4395\">\n<p data-start=\"4299\" data-end=\"4395\">Toujours utiliser <strong data-start=\"4314\" data-end=\"4357\">\u00e9quipement de protection individuelle (EPI)<\/strong> comme des gants, des lunettes et une blouse de laboratoire.<\/p>\n<\/li>\n<li data-start=\"4396\" data-end=\"4455\">\n<p data-start=\"4398\" data-end=\"4455\">Travailler sous un <strong data-start=\"4413\" data-end=\"4426\">hotte aspirante<\/strong> pour \u00e9viter l&#039;inhalation.<\/p>\n<\/li>\n<li data-start=\"4456\" data-end=\"4517\">\n<p data-start=\"4458\" data-end=\"4517\">Enregistrer dans <strong data-start=\"4468\" data-end=\"4514\">contenants ferm\u00e9s et clairement \u00e9tiquet\u00e9s<\/strong>.<\/p>\n<\/li>\n<li data-start=\"4518\" data-end=\"4600\">\n<p data-start=\"4520\" data-end=\"4600\">\u00c9liminer les d\u00e9chets conform\u00e9ment \u00e0 la <strong data-start=\"4545\" data-end=\"4597\">r\u00e9glementations relatives aux mati\u00e8res chimiques dangereuses<\/strong>.<\/p>\n<\/li>\n<\/ul>\n<h3 data-start=\"4602\" data-end=\"4627\"><strong data-start=\"4606\" data-end=\"4627\">Statut juridique<\/strong><\/h3>\n<p data-start=\"4629\" data-end=\"4722\">Depuis <strong data-start=\"4635\" data-end=\"4643\">2025<\/strong> est <strong data-start=\"4647\" data-end=\"4671\">3-MMA (m\u00e9taph\u00e9drine)<\/strong> dans la plupart des pays <strong data-start=\"4692\" data-end=\"4719\">r\u00e9glement\u00e9 ou interdit<\/strong>:<\/p>\n<ul data-start=\"4723\" data-end=\"4996\">\n<li data-start=\"4723\" data-end=\"4797\">\n<p data-start=\"4725\" data-end=\"4797\"><strong data-start=\"4725\" data-end=\"4749\">Royaume-Uni:<\/strong> V\u00e9rifi\u00e9 sous le <em data-start=\"4773\" data-end=\"4794\">Loi sur l&#039;abus de drogues<\/em>.<\/p>\n<\/li>\n<li data-start=\"4798\" data-end=\"4882\">\n<p data-start=\"4800\" data-end=\"4882\"><strong data-start=\"4800\" data-end=\"4818\">Union europ\u00e9enne:<\/strong> Tombe sous le <strong data-start=\"4833\" data-end=\"4879\">R\u00e9glementation NPS pour les substances psychoactives<\/strong>.<\/p>\n<\/li>\n<li data-start=\"4883\" data-end=\"4996\">\n<p data-start=\"4885\" data-end=\"4996\"><strong data-start=\"4885\" data-end=\"4906\">\u00c9tats-Unis:<\/strong> Consid\u00e9r\u00e9 comme un <strong data-start=\"4931\" data-end=\"4961\">analogue de la m\u00e9thamph\u00e9tamine<\/strong> sous le <em data-start=\"4971\" data-end=\"4993\">Loi f\u00e9d\u00e9rale sur l&#039;analogue<\/em>.<\/p>\n<\/li>\n<\/ul>\n<p data-start=\"4998\" data-end=\"5105\">Seulement <strong data-start=\"5005\" data-end=\"5029\">laboratoires agr\u00e9\u00e9s<\/strong> avec une autorisation officielle, ils peuvent poss\u00e9der ou utiliser du 3-MMA \u00e0 des fins de recherche.<\/p>\n<hr data-start=\"5107\" data-end=\"5110\" \/>\n<h2 data-start=\"5112\" data-end=\"5156\"><strong data-start=\"5115\" data-end=\"5156\">Identification et d\u00e9tection analytiques<\/strong><\/h2>\n<p data-start=\"5158\" data-end=\"5277\">En chimie m\u00e9dico-l\u00e9gale et analytique, le 3-MMA est identifi\u00e9 \u00e0 l&#039;aide de diverses techniques instrumentales :<\/p>\n<ul data-start=\"5279\" data-end=\"5492\">\n<li data-start=\"5279\" data-end=\"5331\">\n<p data-start=\"5281\" data-end=\"5331\"><strong data-start=\"5281\" data-end=\"5329\">Chromatographie en phase gazeuse-spectrom\u00e9trie de masse (GC-MS)<\/strong><\/p>\n<\/li>\n<li data-start=\"5332\" data-end=\"5390\">\n<p data-start=\"5334\" data-end=\"5390\"><strong data-start=\"5334\" data-end=\"5388\">Chromatographie liquide-spectrom\u00e9trie de masse (LC-MS)<\/strong><\/p>\n<\/li>\n<li data-start=\"5391\" data-end=\"5446\">\n<p data-start=\"5393\" data-end=\"5446\"><strong data-start=\"5393\" data-end=\"5444\">Spectroscopie infrarouge \u00e0 transform\u00e9e de Fourier (FTIR)<\/strong><\/p>\n<\/li>\n<li data-start=\"5447\" data-end=\"5492\">\n<p data-start=\"5449\" data-end=\"5492\"><strong data-start=\"5449\" data-end=\"5490\">Spectroscopie de r\u00e9sonance magn\u00e9tique nucl\u00e9aire (RMN)<\/strong><\/p>\n<\/li>\n<\/ul>\n<p data-start=\"5494\" data-end=\"5632\">Ces m\u00e9thodes font <strong data-start=\"5514\" data-end=\"5576\">identification, diff\u00e9renciation et quantification pr\u00e9cises<\/strong> probablement \u00e0 partir du 3-MMA et d&#039;analogues d&#039;amph\u00e9tamines apparent\u00e9s.<\/p>\n<hr data-start=\"5634\" data-end=\"5637\" \/>\n<h2 data-start=\"5639\" data-end=\"5673\"><strong data-start=\"5642\" data-end=\"5673\">Foire aux questions (FAQ)<\/strong><\/h2>\n<h3 data-start=\"5675\" data-end=\"5718\"><strong data-start=\"5679\" data-end=\"5718\">1. \u00c0 quoi sert le 3-MMA ?<\/strong><\/h3>\n<p data-start=\"5719\" data-end=\"5870\">Le 3-MMA est utilis\u00e9 exclusivement dans <strong data-start=\"5755\" data-end=\"5797\">recherche m\u00e9dico-l\u00e9gale et pharmacologique<\/strong> \u00e9tudier les analogues de l\u2019amph\u00e9tamine et d\u00e9velopper des m\u00e9thodes de d\u00e9tection.<\/p>\n<h3 data-start=\"5872\" data-end=\"5899\"><strong data-start=\"5876\" data-end=\"5899\">2. Le 3-MMA est-il l\u00e9gal ?<\/strong><\/h3>\n<p data-start=\"5900\" data-end=\"6015\">Dans la plupart des pays, le 3-MMA est <strong data-start=\"5929\" data-end=\"5956\">interdit ou r\u00e9glement\u00e9<\/strong> en vertu de la l\u00e9gislation sur les substances psychoactives ou analogues.<\/p>\n<h3 data-start=\"6017\" data-end=\"6068\"><strong data-start=\"6021\" data-end=\"6068\">3. Comment le 3-MMA doit-il \u00eatre manipul\u00e9 en toute s\u00e9curit\u00e9 ?<\/strong><\/h3>\n<p data-start=\"6069\" data-end=\"6201\">Seulement par <strong data-start=\"6081\" data-end=\"6111\">chercheurs professionnels<\/strong> avec la droite <strong data-start=\"6126\" data-end=\"6152\">mesures de s\u00e9curit\u00e9<\/strong> et dans <strong data-start=\"6159\" data-end=\"6200\">environnements de laboratoire contr\u00f4l\u00e9s<\/strong>.<\/p>","protected":false},"excerpt":{"rendered":"<h3><span style=\"vertical-align: inherit;\"><span style=\"vertical-align: inherit;\"><span dir=\"auto\" style=\"vertical-align: inherit;\"><span dir=\"auto\" style=\"vertical-align: inherit;\">Propri\u00e9t\u00e9s du 3-MMA<\/span><\/span><\/span><\/span><\/h3>\n<p><strong><span style=\"vertical-align: inherit;\"><span style=\"vertical-align: inherit;\"><span dir=\"auto\" style=\"vertical-align: inherit;\"><span dir=\"auto\" style=\"vertical-align: inherit;\">Synonyme<\/span><\/span><\/span><\/span><\/strong><span style=\"vertical-align: inherit;\"><span style=\"vertical-align: inherit;\"><span dir=\"auto\" style=\"vertical-align: inherit;\"><span dir=\"auto\" style=\"vertical-align: inherit;\"> : 3-m\u00e9thylm\u00e9thamph\u00e9tamine <\/span><\/span><\/span><\/span><br \/>\n<strong><span style=\"vertical-align: inherit;\"><span style=\"vertical-align: inherit;\"><span dir=\"auto\" style=\"vertical-align: inherit;\"><span dir=\"auto\" style=\"vertical-align: inherit;\">CAS <\/span><\/span><\/span><\/span><\/strong> <strong><span style=\"vertical-align: inherit;\"><span style=\"vertical-align: inherit;\"><span dir=\"auto\" style=\"vertical-align: inherit;\"><span dir=\"auto\" style=\"vertical-align: inherit;\">Nombre<\/span><\/span><\/span><\/span><\/strong><span style=\"vertical-align: inherit;\"><span style=\"vertical-align: inherit;\"><span dir=\"auto\" style=\"vertical-align: inherit;\"><span dir=\"auto\" style=\"vertical-align: inherit;\"> : 2089255-96-7 <\/span><\/span><\/span><\/span><br \/>\n<strong><span style=\"vertical-align: inherit;\"><span style=\"vertical-align: inherit;\"><span dir=\"auto\" style=\"vertical-align: inherit;\"><span dir=\"auto\" style=\"vertical-align: inherit;\">Formule<\/span><\/span><\/span><\/span><\/strong><span style=\"vertical-align: inherit;\"><span style=\"vertical-align: inherit;\"><span dir=\"auto\" style=\"vertical-align: inherit;\"><span dir=\"auto\" style=\"vertical-align: inherit;\"> : <\/span><\/span><\/span><\/span><span title=\"Carbone\"><span style=\"vertical-align: inherit;\"><span style=\"vertical-align: inherit;\"><span dir=\"auto\" style=\"vertical-align: inherit;\"><span dir=\"auto\" style=\"vertical-align: inherit;\">C <\/span><\/span><\/span><\/span><\/span><sub><span style=\"vertical-align: inherit;\"><span style=\"vertical-align: inherit;\"><span dir=\"auto\" style=\"vertical-align: inherit;\"><span dir=\"auto\" style=\"vertical-align: inherit;\">11 <\/span><\/span><\/span><\/span><\/sub><span title=\"Hydrog\u00e8ne\"><span style=\"vertical-align: inherit;\"><span style=\"vertical-align: inherit;\"><span dir=\"auto\" style=\"vertical-align: inherit;\"><span dir=\"auto\" style=\"vertical-align: inherit;\">H <\/span><\/span><\/span><\/span><\/span><sub><span style=\"vertical-align: inherit;\"><span style=\"vertical-align: inherit;\"><span dir=\"auto\" style=\"vertical-align: inherit;\"><span dir=\"auto\" style=\"vertical-align: inherit;\">17 <\/span><\/span><\/span><\/span><\/sub><span title=\"Azote\"><span style=\"vertical-align: inherit;\"><span style=\"vertical-align: inherit;\"><span dir=\"auto\" style=\"vertical-align: inherit;\"><span dir=\"auto\" style=\"vertical-align: inherit;\">N <\/span><\/span><\/span><\/span><\/span><br \/>\n<strong><span style=\"vertical-align: inherit;\"><span style=\"vertical-align: inherit;\"><span dir=\"auto\" style=\"vertical-align: inherit;\"><span dir=\"auto\" style=\"vertical-align: inherit;\">Masse molaire<\/span><\/span><\/span><\/span><\/strong><span style=\"vertical-align: inherit;\"><span style=\"vertical-align: inherit;\"><span dir=\"auto\" style=\"vertical-align: inherit;\"><span dir=\"auto\" style=\"vertical-align: inherit;\"> : 163,264 g\/mol <\/span><\/span><\/span><\/span><br \/>\n<strong><span style=\"vertical-align: inherit;\"><span style=\"vertical-align: inherit;\"><span dir=\"auto\" style=\"vertical-align: inherit;\"><span dir=\"auto\" style=\"vertical-align: inherit;\">Puret\u00e9<\/span><\/span><\/span><\/span><\/strong><span style=\"vertical-align: inherit;\"><span style=\"vertical-align: inherit;\"><span dir=\"auto\" style=\"vertical-align: inherit;\"><span dir=\"auto\" style=\"vertical-align: inherit;\"> : &gt;98%<\/span><\/span><\/span><\/span><\/p>","protected":false},"featured_media":28417,"comment_status":"closed","ping_status":"closed","template":"","meta":[],"product_brand":[82],"product_cat":[519,322,333],"product_tag":[1193,616,593,326],"class_list":{"0":"post-23186","1":"product","2":"type-product","3":"status-publish","4":"has-post-thumbnail","6":"product_brand-research-chemical","7":"product_cat-3-mma","8":"product_cat-bijna-verboden","9":"product_cat-gefluoreerden","10":"product_tag-3-mma","11":"product_tag-3-mma-kopen","12":"product_tag-3mma-kopen","13":"product_tag-nl","15":"first","16":"instock","17":"taxable","18":"shipping-taxable","19":"purchasable","20":"product-type-variable"},"_links":{"self":[{"href":"https:\/\/researchchemicalhub.com\/fr\/wp-json\/wp\/v2\/product\/23186","targetHints":{"allow":["GET"]}}],"collection":[{"href":"https:\/\/researchchemicalhub.com\/fr\/wp-json\/wp\/v2\/product"}],"about":[{"href":"https:\/\/researchchemicalhub.com\/fr\/wp-json\/wp\/v2\/types\/product"}],"replies":[{"embeddable":true,"href":"https:\/\/researchchemicalhub.com\/fr\/wp-json\/wp\/v2\/comments?post=23186"}],"version-history":[{"count":5,"href":"https:\/\/researchchemicalhub.com\/fr\/wp-json\/wp\/v2\/product\/23186\/revisions"}],"predecessor-version":[{"id":28058,"href":"https:\/\/researchchemicalhub.com\/fr\/wp-json\/wp\/v2\/product\/23186\/revisions\/28058"}],"wp:featuredmedia":[{"embeddable":true,"href":"https:\/\/researchchemicalhub.com\/fr\/wp-json\/wp\/v2\/media\/28417"}],"wp:attachment":[{"href":"https:\/\/researchchemicalhub.com\/fr\/wp-json\/wp\/v2\/media?parent=23186"}],"wp:term":[{"taxonomy":"product_brand","embeddable":true,"href":"https:\/\/researchchemicalhub.com\/fr\/wp-json\/wp\/v2\/product_brand?post=23186"},{"taxonomy":"product_cat","embeddable":true,"href":"https:\/\/researchchemicalhub.com\/fr\/wp-json\/wp\/v2\/product_cat?post=23186"},{"taxonomy":"product_tag","embeddable":true,"href":"https:\/\/researchchemicalhub.com\/fr\/wp-json\/wp\/v2\/product_tag?post=23186"}],"curies":[{"name":"wp","href":"https:\/\/api.w.org\/{rel}","templated":true}]}}