{"id":27218,"date":"2025-08-14T11:23:19","date_gmt":"2025-08-14T11:23:19","guid":{"rendered":"https:\/\/researchchemicalhub.com\/?page_id=27218"},"modified":"2025-10-11T18:07:48","modified_gmt":"2025-10-11T18:07:48","slug":"privacybeleid","status":"publish","type":"page","link":"https:\/\/researchchemicalhub.com\/fr\/privacybeleid\/","title":{"rendered":"politique de confidentialit\u00e9"},"content":{"rendered":"<p>Ceci est la d\u00e9claration de confidentialit\u00e9 de researchchemicalhub.com, qui peut \u00eatre trouv\u00e9e \u00e0 l&#039;adresse&nbsp;<a href=\"http:\/\/researchchemicalhub.com\/fr\/\">researchchemicalhub.com<\/a><\/p>\n\n\n\n<h3 class=\"wp-block-heading\">Applicabilit\u00e9<\/h3>\n\n\n\n<p>Cette d\u00e9claration de confidentialit\u00e9 s&#039;applique \u00e0 toutes les informations sensibles ou donn\u00e9es personnelles que vous nous fournissez, par exemple via un formulaire d&#039;inscription, un formulaire de contact ou une commande. Nous accordons une grande importance \u00e0 la confidentialit\u00e9 de nos clients et traitons donc et prot\u00e9geons leurs donn\u00e9es personnelles avec le plus grand soin. Notre traitement des donn\u00e9es est effectu\u00e9 conform\u00e9ment aux conditions d\u00e9finies dans le R\u00e8glement g\u00e9n\u00e9ral sur la protection des donn\u00e9es (RGPD). researchchemicalhub.com est le responsable du traitement de vos donn\u00e9es personnelles au sens du RGPD. Cela signifie que nous d\u00e9terminons quelles donn\u00e9es personnelles sont trait\u00e9es, \u00e0 quelles fins et de quelle mani\u00e8re. Nous veillons \u00e0 ce que vos donn\u00e9es personnelles soient trait\u00e9es correctement et avec soin, conform\u00e9ment au RGPD. Dans cette d\u00e9claration de confidentialit\u00e9, nous expliquons quelles donn\u00e9es nous traitons et \u00e0 quelles fins elles sont utilis\u00e9es.<\/p>\n\n\n\n<h3 class=\"wp-block-heading\">Aper\u00e7u des donn\u00e9es personnelles<\/h3>\n\n\n\n<p>Vous trouverez ci-dessous un aper\u00e7u des donn\u00e9es personnelles que nous traitons :<\/p>\n\n\n\n<ul class=\"wp-block-list\">\n<li>Pr\u00e9nom et nom<\/li>\n\n\n\n<li>D\u00e9tails de l&#039;adresse<\/li>\n\n\n\n<li>Num\u00e9ro de t\u00e9l\u00e9phone<\/li>\n\n\n\n<li>Adresse email<\/li>\n\n\n\n<li>Adresse IP d&#039;un visiteur du site Web<\/li>\n<\/ul>\n\n\n\n<h3 class=\"wp-block-heading\">Finalit\u00e9 et fondement du traitement des donn\u00e9es<\/h3>\n\n\n\n<p>En acceptant cette d\u00e9claration de confidentialit\u00e9, vous consentez explicitement, conform\u00e9ment \u00e0 l&#039;article 6, paragraphe 1, alin\u00e9a a, du RGPD, au traitement de vos donn\u00e9es personnelles aux fins indiqu\u00e9es ci-dessous. Vous pouvez retirer ce consentement \u00e0 tout moment. Cependant, si vous ne nous fournissez pas certaines donn\u00e9es ou ne nous autorisez pas \u00e0 les traiter, nous pourrions ne pas \u00eatre en mesure de vous fournir un service optimal.<\/p>\n\n\n\n<p>Si vous ne nous avez pas donn\u00e9 votre consentement explicite au traitement de vos donn\u00e9es personnelles, ou si vous avez retir\u00e9 ce consentement, le traitement de vos donn\u00e9es personnelles peut \u00eatre fond\u00e9 sur l&#039;article 6, paragraphe 1, alin\u00e9as b, c et\/ou f, du RGPD. Dans ce cas, le traitement de vos donn\u00e9es personnelles peut avoir lieu sans votre consentement, \u00e0 condition que cela soit n\u00e9cessaire \u00e0 l&#039;ex\u00e9cution d&#039;un contrat auquel vous \u00eates partie ou \u00e0 la protection des int\u00e9r\u00eats l\u00e9gitimes de researchchemicalhub.com. De plus, nous pouvons \u00eatre l\u00e9galement tenus de traiter vos donn\u00e9es personnelles.<\/p>\n\n\n\n<p>Nous traitons vos donn\u00e9es personnelles aux fins suivantes :<\/p>\n\n\n\n<ul class=\"wp-block-list\">\n<li>Fournir nos services (par exemple, livrer des marchandises)<\/li>\n\n\n\n<li>Traitement de votre paiement<\/li>\n\n\n\n<li>Envoi de notre newsletter<\/li>\n\n\n\n<li>Vous informer des changements dans nos services et produits<\/li>\n\n\n\n<li>Vous offrir la possibilit\u00e9 de cr\u00e9er un compte<\/li>\n<\/ul>\n\n\n\n<p>Nous ne conservons pas vos donn\u00e9es personnelles plus longtemps que strictement n\u00e9cessaire pour atteindre les finalit\u00e9s pour lesquelles elles ont \u00e9t\u00e9 collect\u00e9es.<\/p>\n\n\n\n<h3 class=\"wp-block-heading\">Divulgation \u00e0 des tiers<\/h3>\n\n\n\n<p>Nous pouvons partager vos donn\u00e9es personnelles avec des tiers si cela est compatible avec les finalit\u00e9s susmentionn\u00e9es. Leur divulgation \u00e0 des tiers peut \u00eatre n\u00e9cessaire \u00e0 l&#039;ex\u00e9cution du contrat que nous concluons avec vous, \u00e0 la poursuite de nos int\u00e9r\u00eats l\u00e9gitimes ou au respect d&#039;une obligation l\u00e9gale. Nous avons conclu des accords de traitement de donn\u00e9es avec des entreprises qui traitent vos donn\u00e9es pour notre compte afin de garantir le m\u00eame niveau de s\u00e9curit\u00e9 et de confidentialit\u00e9. Nous restons responsables de ces op\u00e9rations de traitement. En dehors des situations mentionn\u00e9es ci-dessus, nous ne communiquerons vos donn\u00e9es personnelles \u00e0 des tiers qu&#039;avec votre consentement expr\u00e8s.<\/p>\n\n\n\n<h3 class=\"wp-block-heading\">Fins commerciales<\/h3>\n\n\n\n<p>Nous pouvons utiliser vos donn\u00e9es personnelles \u00e0 des fins commerciales, par exemple pour vous informer de nos services, de nos produits ou des modifications l\u00e9gislatives susceptibles d&#039;avoir un impact sur notre offre. Dans ce cas, vous serez contact\u00e9 uniquement \u00e0 l&#039;adresse e-mail que vous avez enregistr\u00e9e. Si vous ne souhaitez plus recevoir d&#039;informations sur nos produits ou services, vous pouvez facilement l&#039;indiquer en cliquant sur \u00ab\u00a0Se d\u00e9sabonner\u00a0\u00bb dans l&#039;e-mail que vous recevrez. \u00c0 des fins d&#039;\u00e9tudes de march\u00e9, vos donn\u00e9es personnelles peuvent \u00eatre anonymis\u00e9es afin qu&#039;il ne soit plus possible de vous identifier.<\/p>\n\n\n\n<p>Vos donn\u00e9es ne seront pas vendues ou partag\u00e9es avec des tiers \u00e0 des fins commerciales, sauf si vous avez donn\u00e9 votre autorisation explicite \u00e0 cet effet.<\/p>\n\n\n\n<h3 class=\"wp-block-heading\">Cookies<\/h3>\n\n\n\n<p>Un cookie est un petit fichier texte enregistr\u00e9 sur votre ordinateur, tablette ou smartphone lors de votre premi\u00e8re visite sur notre site web. Vous pouvez d\u00e9sactiver ces cookies en configurant votre navigateur internet pour qu&#039;il ne les enregistre plus. Vous pouvez \u00e9galement supprimer toutes les informations pr\u00e9c\u00e9demment enregistr\u00e9es via les param\u00e8tres de votre navigateur.<\/p>\n\n\n\n<p>Nous utilisons les cookies suivants:<\/p>\n\n\n\n<ul class=\"wp-block-list\">\n<li><strong>Cookies fonctionnels :<\/strong>&nbsp;Ces cookies sont n\u00e9cessaires au fonctionnement technique du site web et \u00e0 votre confort d&#039;utilisation. Ils assurent son bon fonctionnement et m\u00e9morisent, par exemple, vos pr\u00e9f\u00e9rences. Ces cookies nous permettent d&#039;optimiser notre site web. Il s&#039;agit de cookies analytiques qui ne portent pas atteinte \u00e0 votre vie priv\u00e9e et pour lesquels votre consentement pr\u00e9alable n&#039;est pas requis.<\/li>\n\n\n\n<li><strong>Google Analytics :<\/strong>&nbsp;Ce site web utilise des cookies de la soci\u00e9t\u00e9 am\u00e9ricaine Google dans le cadre de son service \u00ab\u00a0Analytics\u00a0\u00bb. researchchemicalhub.com utilise ce service pour obtenir des rapports sur l&#039;utilisation du site web et en mesurer la qualit\u00e9 et l&#039;efficacit\u00e9. Nous utilisons Google Analytics conform\u00e9ment aux directives de l&#039;Autorit\u00e9 n\u00e9erlandaise de protection des donn\u00e9es (Autoriteit Persoonsgegevens). Votre consentement pr\u00e9alable n&#039;est donc pas requis pour utiliser Google Analytics.<\/li>\n<\/ul>\n\n\n\n<h3 class=\"wp-block-heading\">Acc\u00e8s, rectification ou suppression<\/h3>\n\n\n\n<p>Vous disposez d&#039;un droit d&#039;acc\u00e8s, de rectification et de suppression de vos donn\u00e9es personnelles. Vous avez \u00e9galement le droit de retirer votre consentement au traitement de vos donn\u00e9es personnelles ou de vous y opposer. Vous disposez \u00e9galement d&#039;un droit \u00e0 la portabilit\u00e9 des donn\u00e9es si nous d\u00e9tenons des donn\u00e9es personnelles num\u00e9riques que nous traitons avec votre consentement ou en ex\u00e9cution d&#039;un accord conclu avec vous.<\/p>\n\n\n\n<p>Cela signifie que vous pouvez nous demander d&#039;envoyer les donn\u00e9es personnelles num\u00e9riques que nous stockons \u00e0 votre sujet dans un fichier informatique lisible \u00e0 vous ou \u00e0 une autre organisation d\u00e9sign\u00e9e par vous.<\/p>\n\n\n\n<p>Vous pouvez envoyer une demande d&#039;acc\u00e8s, de rectification, de suppression, de transfert de vos donn\u00e9es personnelles ou une demande de retrait de votre consentement ou d&#039;opposition au traitement de vos donn\u00e9es personnelles \u00e0 info@researchchemicalhub.com<\/p>\n\n\n\n<p><\/p>","protected":false},"excerpt":{"rendered":"<p>Ceci est la d\u00e9claration de confidentialit\u00e9 de researchchemicalhub.com, qui peut \u00eatre trouv\u00e9e sur researchchemicalhub.com Applicabilit\u00e9 Cette d\u00e9claration de confidentialit\u00e9 s&#039;applique \u00e0 toutes les informations sensibles ou<\/p>","protected":false},"author":1,"featured_media":0,"parent":0,"menu_order":0,"comment_status":"closed","ping_status":"closed","template":"","meta":{"footnotes":""},"class_list":["post-27218","page","type-page","status-publish","hentry"],"_links":{"self":[{"href":"https:\/\/researchchemicalhub.com\/fr\/wp-json\/wp\/v2\/pages\/27218","targetHints":{"allow":["GET"]}}],"collection":[{"href":"https:\/\/researchchemicalhub.com\/fr\/wp-json\/wp\/v2\/pages"}],"about":[{"href":"https:\/\/researchchemicalhub.com\/fr\/wp-json\/wp\/v2\/types\/page"}],"author":[{"embeddable":true,"href":"https:\/\/researchchemicalhub.com\/fr\/wp-json\/wp\/v2\/users\/1"}],"replies":[{"embeddable":true,"href":"https:\/\/researchchemicalhub.com\/fr\/wp-json\/wp\/v2\/comments?post=27218"}],"version-history":[{"count":2,"href":"https:\/\/researchchemicalhub.com\/fr\/wp-json\/wp\/v2\/pages\/27218\/revisions"}],"predecessor-version":[{"id":27729,"href":"https:\/\/researchchemicalhub.com\/fr\/wp-json\/wp\/v2\/pages\/27218\/revisions\/27729"}],"wp:attachment":[{"href":"https:\/\/researchchemicalhub.com\/fr\/wp-json\/wp\/v2\/media?parent=27218"}],"curies":[{"name":"wp","href":"https:\/\/api.w.org\/{rel}","templated":true}]}}