{"id":26126,"date":"2025-10-20T01:31:17","date_gmt":"2025-10-20T01:31:17","guid":{"rendered":"https:\/\/researchchemicalhub.com\/?post_type=product&#038;p=26126"},"modified":"2025-10-21T05:53:39","modified_gmt":"2025-10-21T05:53:39","slug":"iboga-kopen","status":"publish","type":"product","link":"https:\/\/researchchemicalhub.com\/fi\/shop\/iboga-ibogaine\/iboga-kopen\/","title":{"rendered":"Osta Iboga TA:ta"},"content":{"rendered":"<h2>Osta Iboga TA:ta<\/h2>\n<p>iboga\u200b, Osta Iboga TA:ta, TA tarkoittaa &quot;kokonaisalkaloidi&quot;. Iboga TA on uute, joka sis\u00e4lt\u00e4\u00e4 kaikki iboga-juuren kuoressa esiintyv\u00e4t alkaloidit. Alkaloidit voidaan uuttaa juuren kuoresta suhteellisen helposti happo-em\u00e4suutolla. osta ibogaa verkossa<\/p>\n<p>Tieteellinen tutkimus osoittaa vieroitusoireiden dramaattisen v\u00e4henemisen ibogajuuren kuoren tai sen HCL- ja TA-uutteiden ottamisen j\u00e4lkeen, jopa siin\u00e4 m\u00e4\u00e4rin, ett\u00e4 oireet hajoavat l\u00e4hes kokonaan. Tutkimukset osoittavat, ett\u00e4 90%-hoidoista on onnistuneita, ja jopa kuukausia hoidon j\u00e4lkeen potilailla ei ole halua uusiutua. Riippuvuudesta irrottautumisen lis\u00e4ksi se antaa potilaille selkeytt\u00e4 ja oivalluksia omaan el\u00e4m\u00e4\u00e4ns\u00e4.<\/p>\n<p>Suoritamme iboga-jauheen toimituksen ja pakkauksen ammattitaidolla varmistaaksemme 100%:n onnistuneen toimituksen. Tarjoamme asiantuntevaa palvelua m\u00e4\u00e4r\u00e4np\u00e4\u00e4h\u00e4mme ja voimme antaa hakemistoja k\u00e4yt\u00f6st\u00e4, annostuksesta ja muista t\u00e4rkeist\u00e4 tilastoista puhelimitse ja tiedustelujen perusteella. <a href=\"https:\/\/researchchemicalhub.com\/fi\/shop\/okategoriserad\/4mmc-kopen\/\">osta 4mmc<\/a><a href=\"https:\/\/researchchemicalhub.com\/fi\/shop\/iboga-ibogaine\/iboga-root-bark\/\">iboga-juuren kuori<\/a><a href=\"https:\/\/researchchemicalhub.com\/fi\/shop\/iboga-ibogaine\/buy-ibogaine-hcl-online\/\">osta ibogaiinihydrokloridia netist\u00e4<\/a><a href=\"https:\/\/researchchemicalhub.com\/fi\/shop\/lysergamides\/1cp-lsd\/\">1 kpl lsd<\/a><a href=\"https:\/\/researchchemicalhub.com\/fi\/shop\/pellets-for-pellet\/o-dsmt-50mg-pellets\/\">o-dsmt<\/a><\/p>","protected":false},"excerpt":{"rendered":"<p>Osta Iboga TA osta iboga, Osta Iboga TA, TA tarkoittaa &quot;kokoalkaloidia&quot;. Iboga TA on uute, joka sis\u00e4lt\u00e4\u00e4 kaikki<\/p>","protected":false},"featured_media":26147,"comment_status":"closed","ping_status":"closed","template":"","meta":[],"product_brand":[],"product_cat":[908],"product_tag":[1091,1090],"class_list":{"0":"post-26126","1":"product","2":"type-product","3":"status-publish","4":"has-post-thumbnail","6":"product_cat-iboga-ibogaine","7":"product_tag-iboga","8":"product_tag-iboga-kopen","10":"first","11":"instock","12":"taxable","13":"shipping-taxable","14":"purchasable","15":"product-type-variable"},"_links":{"self":[{"href":"https:\/\/researchchemicalhub.com\/fi\/wp-json\/wp\/v2\/product\/26126","targetHints":{"allow":["GET"]}}],"collection":[{"href":"https:\/\/researchchemicalhub.com\/fi\/wp-json\/wp\/v2\/product"}],"about":[{"href":"https:\/\/researchchemicalhub.com\/fi\/wp-json\/wp\/v2\/types\/product"}],"replies":[{"embeddable":true,"href":"https:\/\/researchchemicalhub.com\/fi\/wp-json\/wp\/v2\/comments?post=26126"}],"version-history":[{"count":3,"href":"https:\/\/researchchemicalhub.com\/fi\/wp-json\/wp\/v2\/product\/26126\/revisions"}],"predecessor-version":[{"id":27690,"href":"https:\/\/researchchemicalhub.com\/fi\/wp-json\/wp\/v2\/product\/26126\/revisions\/27690"}],"wp:featuredmedia":[{"embeddable":true,"href":"https:\/\/researchchemicalhub.com\/fi\/wp-json\/wp\/v2\/media\/26147"}],"wp:attachment":[{"href":"https:\/\/researchchemicalhub.com\/fi\/wp-json\/wp\/v2\/media?parent=26126"}],"wp:term":[{"taxonomy":"product_brand","embeddable":true,"href":"https:\/\/researchchemicalhub.com\/fi\/wp-json\/wp\/v2\/product_brand?post=26126"},{"taxonomy":"product_cat","embeddable":true,"href":"https:\/\/researchchemicalhub.com\/fi\/wp-json\/wp\/v2\/product_cat?post=26126"},{"taxonomy":"product_tag","embeddable":true,"href":"https:\/\/researchchemicalhub.com\/fi\/wp-json\/wp\/v2\/product_tag?post=26126"}],"curies":[{"name":"wp","href":"https:\/\/api.w.org\/{rel}","templated":true}]}}