{"id":24961,"date":"2025-10-20T17:43:53","date_gmt":"2025-10-20T17:43:53","guid":{"rendered":"https:\/\/researchchemicalhub.com\/?post_type=product&#038;p=24961"},"modified":"2025-10-28T22:38:22","modified_gmt":"2025-10-28T22:38:22","slug":"o-dsmt-50-mg-pelletteja","status":"publish","type":"product","link":"https:\/\/researchchemicalhub.com\/fi\/kauppa\/o-dsmt\/o-dsmt-50-mg-pelletteja\/","title":{"rendered":"O-DSMT 50 mg -pelletit"},"content":{"rendered":"<h1 data-start=\"399\" data-end=\"488\"><strong data-start=\"401\" data-end=\"488\">O-DSMT (O-desmetyylitramadoli) \u2013 Tieteelliset tiedot ja analyyttinen yleiskatsaus<\/strong><\/h1>\n<p data-start=\"490\" data-end=\"739\"><strong data-start=\"490\" data-end=\"512\">Metakuvaus:<\/strong><br data-start=\"512\" data-end=\"515\" \/>O-DSMT (O-desmetyylitramadoli) on tutkimusl\u00e4\u00e4ke ja tramadolin farmakologisesti aktiivinen metaboliitti. Lue lis\u00e4\u00e4 O-DSMT:n kemiallisesta rakenteesta, vaikutusmekanismista, tieteellisest\u00e4 merkityksest\u00e4 ja turvallisuusn\u00e4k\u00f6kohdista.<\/p>\n<hr data-start=\"741\" data-end=\"744\" \/>\n<h2 data-start=\"746\" data-end=\"762\"><strong data-start=\"749\" data-end=\"762\">Johdanto<\/strong><\/h2>\n<p data-start=\"764\" data-end=\"1036\"><strong data-start=\"764\" data-end=\"796\">O-desmetyylitramadoli (O-DSMT)<\/strong> on <strong data-start=\"804\" data-end=\"831\">synteettinen yhdiste<\/strong> joka kuuluu ryhm\u00e4\u00e4n <strong data-start=\"861\" data-end=\"883\">opioidikipul\u00e4\u00e4kkeet<\/strong>Se on <strong data-start=\"895\" data-end=\"930\">tramadolin aktiivinen metaboliitti<\/strong>, kipul\u00e4\u00e4ke, jota k\u00e4ytet\u00e4\u00e4n maailmanlaajuisesti kohtalaisen tai vaikean kivun hoitoon.<\/p>\n<p data-start=\"1038\" data-end=\"1395\">O-DSMT:t\u00e4 muodostuu elimist\u00f6ss\u00e4, kun tramadoli metaboloituu maksassa CYP2D6-entsyymin kautta. T\u00e4m\u00e4 metaboliitti on <strong data-start=\"1154\" data-end=\"1221\">vastuussa suuresta osasta kipua lievitt\u00e4v\u00e4\u00e4 vaikutusta<\/strong> tramadolin. Tutkimuksen yhteydess\u00e4 O-DSMT:t\u00e4 tutkitaan <strong data-start=\"1287\" data-end=\"1348\">farmakologinen vaikutus, reseptoriaktiivisuus ja turvallisuus<\/strong> ymm\u00e4rt\u00e4\u00e4 paremmin opioidiyhdisteit\u00e4.<\/p>\n<p data-start=\"1397\" data-end=\"1601\">O-DSMT mainitaan joskus tieteellisess\u00e4 kirjallisuudessa <strong data-start=\"1460\" data-end=\"1498\">uudet psykoaktiiviset aineet (NPS)<\/strong> ja <strong data-start=\"1502\" data-end=\"1529\">oikeustoksikologia<\/strong>, mutta se on <strong data-start=\"1543\" data-end=\"1600\">ei hyv\u00e4ksytty ihmisk\u00e4ytt\u00f6\u00f6n tai ravinnoksi<\/strong>.<\/p>\n<hr data-start=\"1603\" data-end=\"1606\" \/>\n<h2 data-start=\"1608\" data-end=\"1653\"><strong data-start=\"1611\" data-end=\"1653\">T\u00e4rkeimm\u00e4t ominaisuudet<\/strong><\/h2>\n<div class=\"_tableContainer_1rjym_1\">\n<div class=\"group _tableWrapper_1rjym_13 flex w-fit flex-col-reverse\" tabindex=\"-1\">\n<table class=\"w-fit min-w-(--thread-content-width)\" data-start=\"1655\" data-end=\"2176\">\n<thead data-start=\"1655\" data-end=\"1692\">\n<tr data-start=\"1655\" data-end=\"1692\">\n<th data-start=\"1655\" data-end=\"1672\" data-col-size=\"sm\"><strong data-start=\"1657\" data-end=\"1671\">Ominaisuus<\/strong><\/th>\n<th data-start=\"1672\" data-end=\"1692\" data-col-size=\"md\"><strong data-start=\"1674\" data-end=\"1690\">Kuvaus<\/strong><\/th>\n<\/tr>\n<\/thead>\n<tbody data-start=\"1732\" data-end=\"2176\">\n<tr data-start=\"1732\" data-end=\"1776\">\n<td data-start=\"1732\" data-end=\"1753\" data-col-size=\"sm\"><strong data-start=\"1734\" data-end=\"1752\">Koko nimi<\/strong><\/td>\n<td data-start=\"1753\" data-end=\"1776\" data-col-size=\"md\">O-desmetyylitramadoli<\/td>\n<\/tr>\n<tr data-start=\"1777\" data-end=\"1814\">\n<td data-start=\"1777\" data-end=\"1801\" data-col-size=\"sm\"><strong data-start=\"1779\" data-end=\"1800\">Kemiallinen kaava<\/strong><\/td>\n<td data-start=\"1801\" data-end=\"1814\" data-col-size=\"md\">C\u2081\u2085H\u2082\u2083NO\u2082<\/td>\n<\/tr>\n<tr data-start=\"1815\" data-end=\"1851\">\n<td data-start=\"1815\" data-end=\"1835\" data-col-size=\"sm\"><strong data-start=\"1817\" data-end=\"1834\">Moolimassa<\/strong><\/td>\n<td data-col-size=\"md\" data-start=\"1835\" data-end=\"1851\">249,35 g\/mol<\/td>\n<\/tr>\n<tr data-start=\"1852\" data-end=\"1919\">\n<td data-start=\"1852\" data-end=\"1875\" data-col-size=\"sm\"><strong data-start=\"1854\" data-end=\"1874\">Kemiallinen luokka<\/strong><\/td>\n<td data-start=\"1875\" data-end=\"1919\" data-col-size=\"md\">Synteettinen opioidi; tramadolin metaboliitti<\/td>\n<\/tr>\n<tr data-start=\"1920\" data-end=\"1979\">\n<td data-start=\"1920\" data-end=\"1950\" data-col-size=\"sm\"><strong data-start=\"1922\" data-end=\"1949\">Farmakologinen vaikutus<\/strong><\/td>\n<td data-col-size=\"md\" data-start=\"1950\" data-end=\"1979\">\u03bc-opioidireseptorin agonisti<\/td>\n<\/tr>\n<tr data-start=\"1980\" data-end=\"2042\">\n<td data-start=\"1980\" data-end=\"1997\" data-col-size=\"sm\"><strong data-start=\"1982\" data-end=\"1996\">Hakemus<\/strong><\/td>\n<td data-col-size=\"md\" data-start=\"1997\" data-end=\"2042\">Farmakologinen ja toksikologinen tutkimus<\/td>\n<\/tr>\n<tr data-start=\"2043\" data-end=\"2097\">\n<td data-start=\"2043\" data-end=\"2054\" data-col-size=\"sm\"><strong data-start=\"2045\" data-end=\"2053\">Lomake<\/strong><\/td>\n<td data-col-size=\"md\" data-start=\"2054\" data-end=\"2097\">Vertailuaine laboratorioanalyysi\u00e4 varten<\/td>\n<\/tr>\n<tr data-start=\"2098\" data-end=\"2176\">\n<td data-start=\"2098\" data-end=\"2122\" data-col-size=\"sm\"><strong data-start=\"2100\" data-end=\"2121\">Oikeudellinen asema<\/strong><\/td>\n<td data-col-size=\"md\" data-start=\"2122\" data-end=\"2176\">S\u00e4\u00e4nnelty opioidilakien nojalla monissa maissa<\/td>\n<\/tr>\n<\/tbody>\n<\/table>\n<\/div>\n<\/div>\n<hr data-start=\"2178\" data-end=\"2181\" \/>\n<h2 data-start=\"2183\" data-end=\"2238\"><strong data-start=\"2186\" data-end=\"2238\">Tieteellinen merkitys ja tutkimusarvo<\/strong><\/h2>\n<ul data-start=\"2240\" data-end=\"3199\">\n<li data-start=\"2240\" data-end=\"2514\">\n<p data-start=\"2242\" data-end=\"2514\"><strong data-start=\"2242\" data-end=\"2270\">Farmakologinen tutkimus<\/strong><br data-start=\"2270\" data-end=\"2273\" \/>O-DSMT:t\u00e4 k\u00e4ytet\u00e4\u00e4n <strong data-start=\"2303\" data-end=\"2335\">kivunlievityksen mekanismit<\/strong> Ymm\u00e4rt\u00e4\u00e4 ja verrata sit\u00e4 paremmin muihin opioidiagonisteihin. T\u00e4m\u00e4 auttaa tutkijoita saamaan tietoa reseptorien selektiivisyydest\u00e4, metaboliareiteist\u00e4 ja rakenteellisista vaihteluista.<\/p>\n<\/li>\n<li data-start=\"2516\" data-end=\"2769\">\n<p data-start=\"2518\" data-end=\"2769\"><strong data-start=\"2518\" data-end=\"2544\">Toksikologinen analyysi<\/strong><br data-start=\"2544\" data-end=\"2547\" \/>Oikeusl\u00e4\u00e4ketieteellisiss\u00e4 ja kliinisiss\u00e4 toksikologian laboratorioissa O-DSMT:t\u00e4 k\u00e4ytet\u00e4\u00e4n <strong data-start=\"2629\" data-end=\"2663\">vertailu- tai kalibrointiaine<\/strong> analysoida biologisia n\u00e4ytteit\u00e4 (kuten verta tai virtsaa) tramadolin metaboliittien esiintymisen varalta.<\/p>\n<\/li>\n<li data-start=\"2771\" data-end=\"2970\">\n<p data-start=\"2773\" data-end=\"2970\"><strong data-start=\"2773\" data-end=\"2804\">Analyyttinen karakterisointi<\/strong><br data-start=\"2804\" data-end=\"2807\" \/>Materiaalia tutkitaan tekniikoilla, kuten <strong data-start=\"2866\" data-end=\"2892\">LC-MS\/MS, GC-MS ja NMR<\/strong> mahdollistamaan tunnistamisen ja kvantifioinnin tutkimusn\u00e4ytteiss\u00e4.<\/p>\n<\/li>\n<li data-start=\"2972\" data-end=\"3199\">\n<p data-start=\"2974\" data-end=\"3199\"><strong data-start=\"2974\" data-end=\"3013\">S\u00e4\u00e4ntely- ja turvallisuustutkimukset<\/strong><br data-start=\"3013\" data-end=\"3016\" \/>O-DSMT auttaa kehitt\u00e4m\u00e4\u00e4n havaitsemisprotokollia <strong data-start=\"3080\" data-end=\"3118\">uudet psykoaktiiviset aineet (NPS)<\/strong> ja kansanterveydellisten riskien ja v\u00e4\u00e4rink\u00e4yt\u00f6sten mahdollisuuksien arvioinnissa.<\/p>\n<\/li>\n<\/ul>\n<hr data-start=\"3201\" data-end=\"3204\" \/>\n<h2 data-start=\"3206\" data-end=\"3264\"><strong data-start=\"3209\" data-end=\"3264\">Laboratoriok\u00e4ytt\u00f6\u00f6n (vain tutkimusk\u00e4ytt\u00f6\u00f6n)<\/strong><\/h2>\n<blockquote data-start=\"3266\" data-end=\"3480\">\n<p data-start=\"3268\" data-end=\"3480\">\u26a0\ufe0f <strong data-start=\"3271\" data-end=\"3286\">T\u00e4rke\u00e4\u00e4:<\/strong><br data-start=\"3286\" data-end=\"3289\" \/>O-DSMT on <strong data-start=\"3301\" data-end=\"3356\">tarkoitettu yksinomaan tieteelliseen tutkimukseen<\/strong> valtuutetuissa laboratorioissa.<br data-start=\"3387\" data-end=\"3390\" \/>Se on <strong data-start=\"3399\" data-end=\"3480\">ei tarkoitettu ihmisravinnoksi, itsehoitoon tai viihdek\u00e4ytt\u00f6\u00f6n.<\/strong><\/p>\n<\/blockquote>\n<ol data-start=\"3482\" data-end=\"4188\">\n<li data-start=\"3482\" data-end=\"3702\">\n<p data-start=\"3485\" data-end=\"3512\"><strong data-start=\"3485\" data-end=\"3510\">S\u00e4ilytys ja stabiilius<\/strong><\/p>\n<ul data-start=\"3516\" data-end=\"3702\">\n<li data-start=\"3516\" data-end=\"3577\">\n<p data-start=\"3518\" data-end=\"3577\">S\u00e4ilyt\u00e4 suljetussa astiassa, kuivassa ja viile\u00e4ss\u00e4 (2\u20138 \u00b0C).<\/p>\n<\/li>\n<li data-start=\"3581\" data-end=\"3624\">\n<p data-start=\"3583\" data-end=\"3624\">Suojaa valolta, kosteudelta ja ilmalta.<\/p>\n<\/li>\n<li data-start=\"3628\" data-end=\"3702\">\n<p data-start=\"3630\" data-end=\"3702\">K\u00e4yt\u00e4 vain laitoksissa, joilla on voimassa oleva tutkimuslupa.<\/p>\n<\/li>\n<\/ul>\n<\/li>\n<li data-start=\"3704\" data-end=\"3931\">\n<p data-start=\"3707\" data-end=\"3735\"><strong data-start=\"3707\" data-end=\"3733\">Analyyttinen sovellus<\/strong><\/p>\n<ul data-start=\"3739\" data-end=\"3931\">\n<li data-start=\"3739\" data-end=\"3839\">\n<p data-start=\"3741\" data-end=\"3839\">K\u00e4ytet\u00e4\u00e4n standardina LC-MS- ja GC-MS-analyyseiss\u00e4 tramadolin metaboliittien tunnistamiseen.<\/p>\n<\/li>\n<li data-start=\"3843\" data-end=\"3931\">\n<p data-start=\"3845\" data-end=\"3931\">Soveltuu metodologiseen validointiin toksikologisissa tai farmaseuttisissa tutkimuksissa.<\/p>\n<\/li>\n<\/ul>\n<\/li>\n<li data-start=\"3933\" data-end=\"4188\">\n<p data-start=\"3936\" data-end=\"3972\"><strong data-start=\"3936\" data-end=\"3970\">Turvallisuus laboratoriossa<\/strong><\/p>\n<ul data-start=\"3976\" data-end=\"4188\">\n<li data-start=\"3976\" data-end=\"4042\">\n<p data-start=\"3978\" data-end=\"4042\">K\u00e4yt\u00e4 aina k\u00e4sineit\u00e4, suojalaseja ja laboratoriotakkia.<\/p>\n<\/li>\n<li data-start=\"4046\" data-end=\"4097\">\n<p data-start=\"4048\" data-end=\"4097\">V\u00e4lt\u00e4 kosketusta ihon, silmien tai limakalvojen kanssa.<\/p>\n<\/li>\n<li data-start=\"4101\" data-end=\"4188\">\n<p data-start=\"4103\" data-end=\"4188\">H\u00e4vit\u00e4 j\u00e4te kemikaaliturvallisuusm\u00e4\u00e4r\u00e4ysten ja kansallisten m\u00e4\u00e4r\u00e4ysten mukaisesti.<\/p>\n<\/li>\n<\/ul>\n<\/li>\n<\/ol>\n<hr data-start=\"4190\" data-end=\"4193\" \/>\n<h2 data-start=\"4195\" data-end=\"4223\"><strong data-start=\"4198\" data-end=\"4223\">Lakitiedot<\/strong><\/h2>\n<p data-start=\"4225\" data-end=\"4501\">O-DSMT kuuluu <strong data-start=\"4270\" data-end=\"4298\">Oopiumilaki<\/strong> tai vastaavia j\u00e4rjestelyj\u00e4 opioidien osalta.<br data-start=\"4348\" data-end=\"4351\" \/>Tutkijoiden ja laboratorioiden on <strong data-start=\"4386\" data-end=\"4414\">ennakkosuostumus<\/strong> hankkia O-DSMT:n varastointia, kuljetusta tai k\u00e4ytt\u00f6\u00e4 varten tutkimuskontekstissa.<\/p>\n<p data-start=\"4503\" data-end=\"4674\">Kangas voi <strong data-start=\"4515\" data-end=\"4551\">ei saa myyd\u00e4 eik\u00e4 k\u00e4ytt\u00e4\u00e4<\/strong> akkreditoitujen tutkimuslaitosten ulkopuolella. Luvaton hallussapito tai k\u00e4ytt\u00f6 voi johtaa <strong data-start=\"4642\" data-end=\"4673\">rikossyyte<\/strong>.<\/p>\n<hr data-start=\"4676\" data-end=\"4679\" \/>\n<h2 data-start=\"4681\" data-end=\"4713\"><strong data-start=\"4684\" data-end=\"4713\">Usein kysytyt kysymykset (UKK)<\/strong><\/h2>\n<p data-start=\"4715\" data-end=\"4934\"><strong data-start=\"4715\" data-end=\"4745\">1\ufe0f\u20e3 Mit\u00e4 O-DSMT tarkalleen ottaen on?<\/strong><br data-start=\"4745\" data-end=\"4748\" \/>O-DSMT on <strong data-start=\"4761\" data-end=\"4796\">tramadolin aktiivinen metaboliitti<\/strong>, muodostuu kehossa tramadolin ottamisen j\u00e4lkeen. Tutkimusymp\u00e4rist\u00f6iss\u00e4 sit\u00e4 k\u00e4ytet\u00e4\u00e4n opioidien farmakologian tutkimiseen.<\/p>\n<p data-start=\"4936\" data-end=\"5163\"><strong data-start=\"4936\" data-end=\"4961\">2\ufe0f\u20e3 Onko O-DSMT laillista?<\/strong><br data-start=\"4961\" data-end=\"4964\" \/>Oikeudellinen asema vaihtelee maittain. Useimmissa Euroopan maissa O-DSMT kuuluu opioidilains\u00e4\u00e4d\u00e4nn\u00f6n piiriin, mik\u00e4 tarkoittaa, ett\u00e4 sit\u00e4 saa k\u00e4ytt\u00e4\u00e4 vain tieteellisiin tai rikosteknisiin tarkoituksiin.<\/p>\n<p data-start=\"5165\" data-end=\"5433\"><strong data-start=\"5165\" data-end=\"5246\">3\ufe0f\u20e3 Voiko O-DSMT:t\u00e4 k\u00e4ytt\u00e4\u00e4 henkil\u00f6kohtaiseen k\u00e4ytt\u00f6\u00f6n tai mikroannosteluun?<\/strong><br data-start=\"5246\" data-end=\"5249\" \/>Ei. O-DSMT on <strong data-start=\"5264\" data-end=\"5311\">ei hyv\u00e4ksytty ihmisravinnoksi<\/strong> ja sit\u00e4 saa k\u00e4ytt\u00e4\u00e4 vain valvotussa laboratorioymp\u00e4rist\u00f6ss\u00e4. Luvaton k\u00e4ytt\u00f6 on vaarallista ja laitonta.<\/p>\n<hr data-start=\"5435\" data-end=\"5438\" \/>\n<h2 data-start=\"5440\" data-end=\"5480\"><strong data-start=\"5443\" data-end=\"5480\">Viitteet ja lis\u00e4tietoja<\/strong><\/h2>\n<ul data-start=\"5482\" data-end=\"5840\">\n<li data-start=\"5482\" data-end=\"5639\">\n<p data-start=\"5484\" data-end=\"5639\">Euroopan huumausaineiden ja niiden v\u00e4\u00e4rink\u00e4yt\u00f6n seurantakeskus (EMCDDA): <em data-start=\"5550\" data-end=\"5637\">Raportti uusista psykoaktiivisista aineista (NPS) \u2013 opioidit ja tramadolijohdannaiset.<\/em><\/p>\n<\/li>\n<li data-start=\"5640\" data-end=\"5737\">\n<p data-start=\"5642\" data-end=\"5737\">Yhdysvaltain kansallinen huumeiden v\u00e4\u00e4rink\u00e4ytt\u00f6instituutti (NIDA): <em data-start=\"5683\" data-end=\"5735\">Synteettiset opioidit ja uudet analogiyhdisteet.<\/em><\/p>\n<\/li>\n<li data-start=\"5738\" data-end=\"5840\">\n<p data-start=\"5740\" data-end=\"5840\">Oikeustoksikologian lehdet: <em data-start=\"5770\" data-end=\"5838\">O-desmetyylitramadolin analyyttinen tunnistaminen ja farmakologia.<\/em><\/p>\n<\/li>\n<\/ul>\n<p><a href=\"https:\/\/researchchemicalhub.com\/fi\/kauppa\/iboga-ibogaiini\/osta-ibogaiinihydrokloridia-netista\/\"><span dir=\"auto\" style=\"vertical-align: inherit;\"><span dir=\"auto\" style=\"vertical-align: inherit;\">Osta ibogaiinihydrokloridia <\/span><\/span><\/a><a href=\"https:\/\/researchchemicalhub.com\/fi\/kauppa\/iboga-ibogaiini\/iboga-juuren-kuori\/\"><span dir=\"auto\" style=\"vertical-align: inherit;\"><span dir=\"auto\" style=\"vertical-align: inherit;\">Ibogan juuren kuori <\/span><\/span><\/a><a href=\"https:\/\/researchchemicalhub.com\/fi\/kauppa\/lysergamidit\/1-kpl-lsd\/\"><span dir=\"auto\" style=\"vertical-align: inherit;\"><span dir=\"auto\" style=\"vertical-align: inherit;\">1cP-LSD 150 MCG taidepaperia <\/span><\/span><\/a><a href=\"https:\/\/researchchemicalhub.com\/fi\/kauppa\/lysergamidit\/1v-lsd-150-mcg-blotters\/\"><span dir=\"auto\" style=\"vertical-align: inherit;\"><span dir=\"auto\" style=\"vertical-align: inherit;\">1V-LSD 150 MCG -n\u00e4ytteenotot <\/span><\/span><\/a><a href=\"https:\/\/researchchemicalhub.com\/fi\/kauppa\/2-cmc-pellettia\/osta-2-cmcta\/osta-2-cmcta\/\"><span dir=\"auto\" style=\"vertical-align: inherit;\"><span dir=\"auto\" style=\"vertical-align: inherit;\">2-CMC 250 mg -pelletti\u00e4<\/span><\/span><\/a><\/p>","protected":false},"excerpt":{"rendered":"<h3><span dir=\"auto\" style=\"vertical-align: inherit;\"><span dir=\"auto\" style=\"vertical-align: inherit;\">O-DSMT-ominaisuudet<\/span><\/span><\/h3>\n<p><strong><span dir=\"auto\" style=\"vertical-align: inherit;\"><span dir=\"auto\" style=\"vertical-align: inherit;\">Synonyymi: <\/span><\/span><\/strong> <i><span dir=\"auto\" style=\"vertical-align: inherit;\"><span dir=\"auto\" style=\"vertical-align: inherit;\">O-desmetyylitramadoli, 3-(2-((dimetyyliamino)metyyli)-1-hydroksisykloheksyyli)fenoli <\/span><\/span><\/i><br \/>\n<strong><span dir=\"auto\" style=\"vertical-align: inherit;\"><span dir=\"auto\" style=\"vertical-align: inherit;\">CAS-numero:<\/span><\/span><\/strong><span dir=\"auto\" style=\"vertical-align: inherit;\"><span dir=\"auto\" style=\"vertical-align: inherit;\"> 80456-81-1 <\/span><\/span><br \/>\n<strong><span dir=\"auto\" style=\"vertical-align: inherit;\"><span dir=\"auto\" style=\"vertical-align: inherit;\">Kaava: <\/span><\/span><\/strong> <span title=\"Hiili\"><span dir=\"auto\" style=\"vertical-align: inherit;\"><span dir=\"auto\" style=\"vertical-align: inherit;\">C <\/span><\/span><\/span><sub><span dir=\"auto\" style=\"vertical-align: inherit;\"><span dir=\"auto\" style=\"vertical-align: inherit;\">15 <\/span><\/span><\/sub><span title=\"Vety\"><span dir=\"auto\" style=\"vertical-align: inherit;\"><span dir=\"auto\" style=\"vertical-align: inherit;\">H <\/span><\/span><\/span><sub><span dir=\"auto\" style=\"vertical-align: inherit;\"><span dir=\"auto\" style=\"vertical-align: inherit;\">23 <\/span><\/span><\/sub><span title=\"Typpi\"><span dir=\"auto\" style=\"vertical-align: inherit;\"><span dir=\"auto\" style=\"vertical-align: inherit;\">N <\/span><\/span><\/span><span title=\"Happi\"><span dir=\"auto\" style=\"vertical-align: inherit;\"><span dir=\"auto\" style=\"vertical-align: inherit;\">O <\/span><\/span><\/span><sub><span dir=\"auto\" style=\"vertical-align: inherit;\"><span dir=\"auto\" style=\"vertical-align: inherit;\">2 <\/span><\/span><\/sub><br \/>\n<strong><span dir=\"auto\" style=\"vertical-align: inherit;\"><span dir=\"auto\" style=\"vertical-align: inherit;\">Moolimassa:<\/span><\/span><\/strong><span dir=\"auto\" style=\"vertical-align: inherit;\"><span dir=\"auto\" style=\"vertical-align: inherit;\"> 249,354 g\/mol <\/span><\/span><br \/>\n<strong><span dir=\"auto\" style=\"vertical-align: inherit;\"><span dir=\"auto\" style=\"vertical-align: inherit;\">Puhtaus:<\/span><\/span><\/strong><span dir=\"auto\" style=\"vertical-align: inherit;\"><span dir=\"auto\" style=\"vertical-align: inherit;\"> \u00a0&gt;97%<\/span><\/span><\/p>","protected":false},"featured_media":28581,"comment_status":"closed","ping_status":"closed","template":"","meta":[],"product_brand":[82],"product_cat":[337,420,336,324],"product_tag":[326,727,725,728,726,729,730],"class_list":{"0":"post-24961","1":"product","2":"type-product","3":"status-publish","4":"has-post-thumbnail","6":"product_brand-research-chemical","7":"product_cat-o-dsmt","8":"product_cat-o-dsmt-pellets","9":"product_cat-overig","10":"product_cat-pellets-for-pellet","11":"product_tag-nl","12":"product_tag-o-dsmt-ervaringen","13":"product_tag-o-dsmt","14":"product_tag-o-dsmt-bestellen","15":"product_tag-o-dsmt-kopen","16":"product_tag-o-dsmt-psychonaut","17":"product_tag-what-is-o-dsmt","19":"first","20":"instock","21":"taxable","22":"shipping-taxable","23":"purchasable","24":"product-type-variable"},"_links":{"self":[{"href":"https:\/\/researchchemicalhub.com\/fi\/wp-json\/wp\/v2\/product\/24961","targetHints":{"allow":["GET"]}}],"collection":[{"href":"https:\/\/researchchemicalhub.com\/fi\/wp-json\/wp\/v2\/product"}],"about":[{"href":"https:\/\/researchchemicalhub.com\/fi\/wp-json\/wp\/v2\/types\/product"}],"replies":[{"embeddable":true,"href":"https:\/\/researchchemicalhub.com\/fi\/wp-json\/wp\/v2\/comments?post=24961"}],"version-history":[{"count":7,"href":"https:\/\/researchchemicalhub.com\/fi\/wp-json\/wp\/v2\/product\/24961\/revisions"}],"predecessor-version":[{"id":27709,"href":"https:\/\/researchchemicalhub.com\/fi\/wp-json\/wp\/v2\/product\/24961\/revisions\/27709"}],"wp:featuredmedia":[{"embeddable":true,"href":"https:\/\/researchchemicalhub.com\/fi\/wp-json\/wp\/v2\/media\/28581"}],"wp:attachment":[{"href":"https:\/\/researchchemicalhub.com\/fi\/wp-json\/wp\/v2\/media?parent=24961"}],"wp:term":[{"taxonomy":"product_brand","embeddable":true,"href":"https:\/\/researchchemicalhub.com\/fi\/wp-json\/wp\/v2\/product_brand?post=24961"},{"taxonomy":"product_cat","embeddable":true,"href":"https:\/\/researchchemicalhub.com\/fi\/wp-json\/wp\/v2\/product_cat?post=24961"},{"taxonomy":"product_tag","embeddable":true,"href":"https:\/\/researchchemicalhub.com\/fi\/wp-json\/wp\/v2\/product_tag?post=24961"}],"curies":[{"name":"wp","href":"https:\/\/api.w.org\/{rel}","templated":true}]}}