{"id":24948,"date":"2025-10-20T17:43:52","date_gmt":"2025-10-20T17:43:52","guid":{"rendered":"https:\/\/researchchemicalhub.com\/?post_type=product&#038;p=24948"},"modified":"2025-10-28T22:42:39","modified_gmt":"2025-10-28T22:42:39","slug":"6-cl-adbaa","status":"publish","type":"product","link":"https:\/\/researchchemicalhub.com\/fi\/kauppa\/6-cl-adbaa\/6-cl-adbaa\/","title":{"rendered":"6-CL-ADBA"},"content":{"rendered":"<h3 data-start=\"4116\" data-end=\"4135\"><strong data-start=\"4120\" data-end=\"4135\"><span dir=\"auto\" style=\"vertical-align: inherit;\"><span dir=\"auto\" style=\"vertical-align: inherit;\">Johdanto<\/span><\/span><\/strong><\/h3>\n<p data-start=\"4136\" data-end=\"4427\"><span dir=\"auto\" style=\"vertical-align: inherit;\"><span dir=\"auto\" style=\"vertical-align: inherit;\">Meid\u00e4n <\/span><\/span><strong data-start=\"4141\" data-end=\"4177\"><span dir=\"auto\" style=\"vertical-align: inherit;\"><span dir=\"auto\" style=\"vertical-align: inherit;\">analyyttinen tutkimusyhdiste<\/span><\/span><\/strong><span dir=\"auto\" style=\"vertical-align: inherit;\"><span dir=\"auto\" style=\"vertical-align: inherit;\"> on suunniteltu k\u00e4ytett\u00e4v\u00e4ksi <\/span><\/span><strong data-start=\"4208\" data-end=\"4261\"><span dir=\"auto\" style=\"vertical-align: inherit;\"><span dir=\"auto\" style=\"vertical-align: inherit;\">laboratorio-, oikeusl\u00e4\u00e4ketieteellinen ja analyyttinen tutkimus<\/span><\/span><\/strong><span dir=\"auto\" style=\"vertical-align: inherit;\"><span dir=\"auto\" style=\"vertical-align: inherit;\"> Jokainen er\u00e4 valmistetaan <\/span><\/span><strong data-start=\"4298\" data-end=\"4326\"><span dir=\"auto\" style=\"vertical-align: inherit;\"><span dir=\"auto\" style=\"vertical-align: inherit;\">tiukat laatustandardit<\/span><\/span><\/strong><span dir=\"auto\" style=\"vertical-align: inherit;\"><span dir=\"auto\" style=\"vertical-align: inherit;\"> ett\u00e4 <\/span><span dir=\"auto\" style=\"vertical-align: inherit;\">varmistaa <\/span><\/span><strong data-start=\"4330\" data-end=\"4375\"><span dir=\"auto\" style=\"vertical-align: inherit;\"><span dir=\"auto\" style=\"vertical-align: inherit;\">puhtaus, stabiilius ja tarkkuus tieteellisiss\u00e4 sovelluksissa.<\/span><\/span><\/strong><\/p>\n<p data-start=\"4429\" data-end=\"4601\"><span dir=\"auto\" style=\"vertical-align: inherit;\"><span dir=\"auto\" style=\"vertical-align: inherit;\">T\u00e4m\u00e4 tuote on ihanteellinen tutkijoille ja laboratorioalan ammattilaisille, jotka etsiv\u00e4t luotettavia materiaaleja <\/span><\/span><strong data-start=\"4539\" data-end=\"4598\"><span dir=\"auto\" style=\"vertical-align: inherit;\"><span dir=\"auto\" style=\"vertical-align: inherit;\">kalibrointi, vertailutestaus ja edistynyt analyysi<\/span><\/span><\/strong><span dir=\"auto\" style=\"vertical-align: inherit;\"><span dir=\"auto\" style=\"vertical-align: inherit;\"> .<\/span><\/span><\/p>\n<blockquote data-start=\"4602\" data-end=\"4712\">\n<p data-start=\"4604\" data-end=\"4712\">\u26a0\ufe0f <strong data-start=\"4607\" data-end=\"4712\"><span dir=\"auto\" style=\"vertical-align: inherit;\"><span dir=\"auto\" style=\"vertical-align: inherit;\">Vain tutkimusk\u00e4ytt\u00f6\u00f6n. Ei sovellu ihmisten tai el\u00e4inten ravinnoksi.<\/span><\/span><\/strong><\/p>\n<\/blockquote>\n<hr data-start=\"4714\" data-end=\"4717\" \/>\n<h3 data-start=\"4719\" data-end=\"4750\"><strong data-start=\"4723\" data-end=\"4750\"><span dir=\"auto\" style=\"vertical-align: inherit;\"><span dir=\"auto\" style=\"vertical-align: inherit;\">T\u00e4rkeimm\u00e4t ominaisuudet<\/span><\/span><\/strong><\/h3>\n<ul data-start=\"4751\" data-end=\"5196\">\n<li data-start=\"4751\" data-end=\"4821\">\n<p data-start=\"4753\" data-end=\"4821\"><strong data-start=\"4753\" data-end=\"4779\"><span dir=\"auto\" style=\"vertical-align: inherit;\"><span dir=\"auto\" style=\"vertical-align: inherit;\">Korkea puhtausaste (\u226599%)<\/span><\/span><\/strong><span dir=\"auto\" style=\"vertical-align: inherit;\"><span dir=\"auto\" style=\"vertical-align: inherit;\"> \u2013 Riippumattomasti testattu ja varmistettu.<\/span><\/span><\/p>\n<\/li>\n<li data-start=\"4822\" data-end=\"4914\">\n<p data-start=\"4824\" data-end=\"4914\"><strong data-start=\"4824\" data-end=\"4851\"><span dir=\"auto\" style=\"vertical-align: inherit;\"><span dir=\"auto\" style=\"vertical-align: inherit;\">Yhdenmukainen koostumus<\/span><\/span><\/strong><span dir=\"auto\" style=\"vertical-align: inherit;\"><span dir=\"auto\" style=\"vertical-align: inherit;\"> \u2013 Toistettavien tulosten saamiseksi useissa kokeissa.<\/span><\/span><\/p>\n<\/li>\n<li data-start=\"4915\" data-end=\"5004\">\n<p data-start=\"4917\" data-end=\"5004\"><strong data-start=\"4917\" data-end=\"4938\"><span dir=\"auto\" style=\"vertical-align: inherit;\"><span dir=\"auto\" style=\"vertical-align: inherit;\">Tarkkuusvalmistus<\/span><\/span><\/strong><span dir=\"auto\" style=\"vertical-align: inherit;\"><span dir=\"auto\" style=\"vertical-align: inherit;\"> \u2013 Valmistettu valvotuissa laboratorio-olosuhteissa.<\/span><\/span><\/p>\n<\/li>\n<li data-start=\"5005\" data-end=\"5098\">\n<p data-start=\"5007\" data-end=\"5098\"><strong data-start=\"5007\" data-end=\"5029\"><span dir=\"auto\" style=\"vertical-align: inherit;\"><span dir=\"auto\" style=\"vertical-align: inherit;\">Turvallinen pakkaus<\/span><\/span><\/strong><span dir=\"auto\" style=\"vertical-align: inherit;\"><span dir=\"auto\" style=\"vertical-align: inherit;\"> \u2013 Ilmatiiviit ja valonkest\u00e4v\u00e4t materiaalit s\u00e4ilytt\u00e4v\u00e4t laadun.<\/span><\/span><\/p>\n<\/li>\n<li data-start=\"5099\" data-end=\"5196\">\n<p data-start=\"5101\" data-end=\"5196\"><strong data-start=\"5101\" data-end=\"5133\"><span dir=\"auto\" style=\"vertical-align: inherit;\"><span dir=\"auto\" style=\"vertical-align: inherit;\">Vain ammattik\u00e4ytt\u00f6\u00f6n<\/span><\/span><\/strong><span dir=\"auto\" style=\"vertical-align: inherit;\"><span dir=\"auto\" style=\"vertical-align: inherit;\"> \u2013 Tarkoitettu ainoastaan analyyttiseen tai rikostekniseen tutkimukseen.<\/span><\/span><\/p>\n<\/li>\n<\/ul>\n<hr data-start=\"5198\" data-end=\"5201\" \/>\n<h3 data-start=\"5203\" data-end=\"5220\"><strong data-start=\"5207\" data-end=\"5220\"><span dir=\"auto\" style=\"vertical-align: inherit;\"><span dir=\"auto\" style=\"vertical-align: inherit;\">Edut<\/span><\/span><\/strong><\/h3>\n<ul data-start=\"5221\" data-end=\"5724\">\n<li data-start=\"5221\" data-end=\"5311\">\n<p data-start=\"5223\" data-end=\"5311\"><strong data-start=\"5223\" data-end=\"5259\"><span dir=\"auto\" style=\"vertical-align: inherit;\"><span dir=\"auto\" style=\"vertical-align: inherit;\">Luotettavat tutkimustulokset<\/span><\/span><\/strong><span dir=\"auto\" style=\"vertical-align: inherit;\"><span dir=\"auto\" style=\"vertical-align: inherit;\"> \u2013 Varmistaa toistettavan ja tarkan datan.<\/span><\/span><\/p>\n<\/li>\n<li data-start=\"5312\" data-end=\"5403\">\n<p data-start=\"5314\" data-end=\"5403\"><strong data-start=\"5314\" data-end=\"5344\"><span dir=\"auto\" style=\"vertical-align: inherit;\"><span dir=\"auto\" style=\"vertical-align: inherit;\">Tiukka laadunvalvonta<\/span><\/span><\/strong><span dir=\"auto\" style=\"vertical-align: inherit;\"><span dir=\"auto\" style=\"vertical-align: inherit;\"> \u2013 Jokainen er\u00e4 testataan maksimaalisen luotettavuuden varmistamiseksi.<\/span><\/span><\/p>\n<\/li>\n<li data-start=\"5404\" data-end=\"5527\">\n<p data-start=\"5406\" data-end=\"5527\"><strong data-start=\"5406\" data-end=\"5455\"><span dir=\"auto\" style=\"vertical-align: inherit;\"><span dir=\"auto\" style=\"vertical-align: inherit;\">Optimoitu analyyttisiin sovelluksiin<\/span><\/span><\/strong><span dir=\"auto\" style=\"vertical-align: inherit;\"><span dir=\"auto\" style=\"vertical-align: inherit;\"> \u2013 Sopii kromatografiaan, spektrometriaan ja rikosteknisiin tutkimuksiin<\/span><\/span><\/p>\n<\/li>\n<li data-start=\"5528\" data-end=\"5621\">\n<p data-start=\"5530\" data-end=\"5621\"><strong data-start=\"5530\" data-end=\"5556\"><span dir=\"auto\" style=\"vertical-align: inherit;\"><span dir=\"auto\" style=\"vertical-align: inherit;\">Vakaa koostumus<\/span><\/span><\/strong><span dir=\"auto\" style=\"vertical-align: inherit;\"><span dir=\"auto\" style=\"vertical-align: inherit;\"> \u2013 Suunniteltu s\u00e4ilytt\u00e4m\u00e4\u00e4n laatunsa oikein s\u00e4ilytettyn\u00e4.<\/span><\/span><\/p>\n<\/li>\n<li data-start=\"5622\" data-end=\"5724\">\n<p data-start=\"5624\" data-end=\"5724\"><strong data-start=\"5624\" data-end=\"5661\"><span dir=\"auto\" style=\"vertical-align: inherit;\"><span dir=\"auto\" style=\"vertical-align: inherit;\">Eettisesti ja laillisesti tuotettu<\/span><\/span><\/strong><span dir=\"auto\" style=\"vertical-align: inherit;\"><span dir=\"auto\" style=\"vertical-align: inherit;\"> \u2013 Kansainv\u00e4listen tutkimusohjeiden mukaisesti.<\/span><\/span><\/p>\n<\/li>\n<\/ul>\n<hr data-start=\"5726\" data-end=\"5729\" \/>\n<h3 data-start=\"5731\" data-end=\"5746\"><strong data-start=\"5735\" data-end=\"5746\"><span dir=\"auto\" style=\"vertical-align: inherit;\"><span dir=\"auto\" style=\"vertical-align: inherit;\">K\u00e4ytt\u00f6<\/span><\/span><\/strong><\/h3>\n<ol data-start=\"5747\" data-end=\"6175\">\n<li data-start=\"5747\" data-end=\"5831\">\n<p data-start=\"5750\" data-end=\"5831\"><strong data-start=\"5750\" data-end=\"5783\"><span dir=\"auto\" style=\"vertical-align: inherit;\"><span dir=\"auto\" style=\"vertical-align: inherit;\">Vain tutkimusk\u00e4ytt\u00f6\u00f6n<\/span><\/span><\/strong><span dir=\"auto\" style=\"vertical-align: inherit;\"><span dir=\"auto\" style=\"vertical-align: inherit;\"> \u2013 K\u00e4yt\u00e4 ainoastaan akkreditoiduissa laboratorioissa.<\/span><\/span><\/p>\n<\/li>\n<li data-start=\"5832\" data-end=\"5917\">\n<p data-start=\"5835\" data-end=\"5917\"><strong data-start=\"5835\" data-end=\"5859\"><span dir=\"auto\" style=\"vertical-align: inherit;\"><span dir=\"auto\" style=\"vertical-align: inherit;\">S\u00e4ilytysolosuhteet<\/span><\/span><\/strong><span dir=\"auto\" style=\"vertical-align: inherit;\"><span dir=\"auto\" style=\"vertical-align: inherit;\"> \u2013 S\u00e4ilyt\u00e4 viile\u00e4ss\u00e4, kuivassa ja pime\u00e4ss\u00e4 paikassa; v\u00e4lt\u00e4 l\u00e4mp\u00f6\u00e4 ja kosteutta.<\/span><\/span><\/p>\n<\/li>\n<li data-start=\"5918\" data-end=\"6005\">\n<p data-start=\"5921\" data-end=\"6005\"><strong data-start=\"5921\" data-end=\"5938\"><span dir=\"auto\" style=\"vertical-align: inherit;\"><span dir=\"auto\" style=\"vertical-align: inherit;\">Ty\u00f6skentele turvallisesti<\/span><\/span><\/strong><span dir=\"auto\" style=\"vertical-align: inherit;\"><span dir=\"auto\" style=\"vertical-align: inherit;\"> \u2013 K\u00e4yt\u00e4 aina k\u00e4sineit\u00e4, suojalaseja ja laboratoriotakkia.<\/span><\/span><\/p>\n<\/li>\n<li data-start=\"6006\" data-end=\"6087\">\n<p data-start=\"6009\" data-end=\"6087\"><strong data-start=\"6009\" data-end=\"6021\"><span dir=\"auto\" style=\"vertical-align: inherit;\"><span dir=\"auto\" style=\"vertical-align: inherit;\">Mittaukset<\/span><\/span><\/strong><span dir=\"auto\" style=\"vertical-align: inherit;\"><span dir=\"auto\" style=\"vertical-align: inherit;\"> \u2013 K\u00e4yt\u00e4 kalibroituja laitteita tarkkaan analyysiin.<\/span><\/span><\/p>\n<\/li>\n<li data-start=\"6088\" data-end=\"6175\">\n<p data-start=\"6091\" data-end=\"6175\"><strong data-start=\"6091\" data-end=\"6118\"><span dir=\"auto\" style=\"vertical-align: inherit;\"><span dir=\"auto\" style=\"vertical-align: inherit;\">Turvallisuusvaroitus<\/span><\/span><\/strong><span dir=\"auto\" style=\"vertical-align: inherit;\"><span dir=\"auto\" style=\"vertical-align: inherit;\"> \u2013 Ei tarkoitettu ihmisten tai el\u00e4inten ravinnoksi.<\/span><\/span><\/p>\n<\/li>\n<\/ol>\n<hr data-start=\"6177\" data-end=\"6180\" \/>\n<h3 data-start=\"6182\" data-end=\"6209\"><strong data-start=\"6186\" data-end=\"6209\"><span dir=\"auto\" style=\"vertical-align: inherit;\"><span dir=\"auto\" style=\"vertical-align: inherit;\">Usein kysytyt kysymykset<\/span><\/span><\/strong><\/h3>\n<p data-start=\"6211\" data-end=\"6387\"><strong data-start=\"6211\" data-end=\"6258\"><span dir=\"auto\" style=\"vertical-align: inherit;\"><span dir=\"auto\" style=\"vertical-align: inherit;\">1. Mihin t\u00e4t\u00e4 yhdistett\u00e4 k\u00e4ytet\u00e4\u00e4n?<\/span><\/span><\/strong><br data-start=\"6258\" data-end=\"6261\" \/><span dir=\"auto\" style=\"vertical-align: inherit;\"><span dir=\"auto\" style=\"vertical-align: inherit;\"> T\u00e4m\u00e4 yhdiste on tarkoitettu <\/span><\/span><strong data-start=\"6293\" data-end=\"6340\"><span dir=\"auto\" style=\"vertical-align: inherit;\"><span dir=\"auto\" style=\"vertical-align: inherit;\">laboratorio- ja tieteellinen tutkimus<\/span><\/span><\/strong><span dir=\"auto\" style=\"vertical-align: inherit;\"><span dir=\"auto\" style=\"vertical-align: inherit;\"> , kuten analyyttiset testit ja kalibrointitutkimukset.<\/span><\/span><\/p>\n<p data-start=\"6389\" data-end=\"6577\"><strong data-start=\"6389\" data-end=\"6449\"><span dir=\"auto\" style=\"vertical-align: inherit;\"><span dir=\"auto\" style=\"vertical-align: inherit;\">2. Voinko k\u00e4ytt\u00e4\u00e4 t\u00e4t\u00e4 tuotetta laboratorion ulkopuolella?<\/span><\/span><\/strong><br data-start=\"6449\" data-end=\"6452\" \/><span dir=\"auto\" style=\"vertical-align: inherit;\"><span dir=\"auto\" style=\"vertical-align: inherit;\"> Ei. T\u00e4m\u00e4 tuote on <\/span><\/span><strong data-start=\"6472\" data-end=\"6534\"><span dir=\"auto\" style=\"vertical-align: inherit;\"><span dir=\"auto\" style=\"vertical-align: inherit;\">tarkoitettu vain ammattimaiseen laboratoriok\u00e4ytt\u00f6\u00f6n<\/span><\/span><\/strong><span dir=\"auto\" style=\"vertical-align: inherit;\"><span dir=\"auto\" style=\"vertical-align: inherit;\"> eik\u00e4 sovellu henkil\u00f6kohtaiseen k\u00e4ytt\u00f6\u00f6n.<\/span><\/span><\/p>\n<p data-start=\"6579\" data-end=\"6726\"><strong data-start=\"6579\" data-end=\"6620\"><span dir=\"auto\" style=\"vertical-align: inherit;\"><span dir=\"auto\" style=\"vertical-align: inherit;\">3. Miten minun tulisi s\u00e4ilytt\u00e4\u00e4 t\u00e4t\u00e4 materiaalia?<\/span><\/span><\/strong><br data-start=\"6620\" data-end=\"6623\" \/><span dir=\"auto\" style=\"vertical-align: inherit;\"><span dir=\"auto\" style=\"vertical-align: inherit;\"> S\u00e4ilyt\u00e4 sit\u00e4 <\/span><\/span><strong data-start=\"6641\" data-end=\"6677\"><span dir=\"auto\" style=\"vertical-align: inherit;\"><span dir=\"auto\" style=\"vertical-align: inherit;\">viile\u00e4, kuiva, pime\u00e4 paikka<\/span><\/span><\/strong><span dir=\"auto\" style=\"vertical-align: inherit;\"><span dir=\"auto\" style=\"vertical-align: inherit;\"> , tiiviisti suljettuna kosteudelta ja valolta suojattuna. <\/span><\/span><a href=\"https:\/\/researchchemicalhub.com\/fi\/kauppa\/kategorisoitu\/osta-4mmc\/\"><span dir=\"auto\" style=\"vertical-align: inherit;\"><span dir=\"auto\" style=\"vertical-align: inherit;\">Osta 4mmc, osta <\/span><\/span><\/a><a href=\"https:\/\/researchchemicalhub.com\/fi\/kauppa\/kategorisoitu\/bentsokaiinijauhe\/\"><span dir=\"auto\" style=\"vertical-align: inherit;\"><span dir=\"auto\" style=\"vertical-align: inherit;\">bentsokaiinijauhe, <\/span><\/span><\/a><a href=\"https:\/\/researchchemicalhub.com\/fi\/kauppa\/kategorisoitu\/osta-fentanyylia\/\"><span dir=\"auto\" style=\"vertical-align: inherit;\"><span dir=\"auto\" style=\"vertical-align: inherit;\">osta fentanyyli\u00e4, <\/span><\/span><\/a><a href=\"https:\/\/researchchemicalhub.com\/fi\/kauppa\/iboga-ibogaiini\/osta-ibogaa\/\"><span dir=\"auto\" style=\"vertical-align: inherit;\"><span dir=\"auto\" style=\"vertical-align: inherit;\">osta ibogaa, <\/span><\/span><\/a><a href=\"https:\/\/researchchemicalhub.com\/fi\/kauppa\/iboga-ibogaiini\/osta-ibogaiinihydrokloridia-netista\/\"><span dir=\"auto\" style=\"vertical-align: inherit;\"><span dir=\"auto\" style=\"vertical-align: inherit;\">osta ibogaiinihydrokloridia netist\u00e4<\/span><\/span><\/a><\/p>\n<hr data-start=\"6728\" data-end=\"6731\" \/>\n<h3 data-start=\"6733\" data-end=\"6751\"><strong data-start=\"6737\" data-end=\"6751\"><span dir=\"auto\" style=\"vertical-align: inherit;\"><span dir=\"auto\" style=\"vertical-align: inherit;\">Vastuuvapauslauseke<\/span><\/span><\/strong><\/h3>\n<p data-start=\"6752\" data-end=\"6978\"><span dir=\"auto\" style=\"vertical-align: inherit;\"><span dir=\"auto\" style=\"vertical-align: inherit;\">T\u00e4m\u00e4 tuote on <\/span><\/span><strong data-start=\"6767\" data-end=\"6833\"><span dir=\"auto\" style=\"vertical-align: inherit;\"><span dir=\"auto\" style=\"vertical-align: inherit;\">tarkoitettu vain tutkimus- ja analyysitarkoituksiin<\/span><\/span><\/strong><span dir=\"auto\" style=\"vertical-align: inherit;\"><span dir=\"auto\" style=\"vertical-align: inherit;\"> . <\/span><\/span><strong data-start=\"6835\" data-end=\"6893\"><span dir=\"auto\" style=\"vertical-align: inherit;\"><span dir=\"auto\" style=\"vertical-align: inherit;\">Ei sovellu ihmisten tai el\u00e4inten ravinnoksi.<\/span><\/span><\/strong><br data-start=\"6893\" data-end=\"6896\" \/><span dir=\"auto\" style=\"vertical-align: inherit;\"><span dir=\"auto\" style=\"vertical-align: inherit;\"> Ostamalla t\u00e4m\u00e4n tuotteen sitoudut noudattamaan kaikkia sovellettavia lakeja ja m\u00e4\u00e4r\u00e4yksi\u00e4.<\/span><\/span><\/p>\n<h3><a style=\"font-size: 16px;\" href=\"https:\/\/researchchemicalhub.com\/fi\/kauppa\/iboga-ibogaiini\/osta-ibogaiinihydrokloridia-netista\/\"><span dir=\"auto\" style=\"vertical-align: inherit;\"><span dir=\"auto\" style=\"vertical-align: inherit;\"><span dir=\"auto\" style=\"vertical-align: inherit;\"><span dir=\"auto\" style=\"vertical-align: inherit;\">Osta ibogaiinihydrokloridia <\/span><\/span><\/span><\/span><\/a><a style=\"font-size: 16px;\" href=\"https:\/\/researchchemicalhub.com\/fi\/kauppa\/iboga-ibogaiini\/iboga-juuren-kuori\/\"><span dir=\"auto\" style=\"vertical-align: inherit;\"><span dir=\"auto\" style=\"vertical-align: inherit;\"><span dir=\"auto\" style=\"vertical-align: inherit;\"><span dir=\"auto\" style=\"vertical-align: inherit;\">Ibogan juuren kuori <\/span><\/span><\/span><\/span><\/a><a style=\"font-size: 16px;\" href=\"https:\/\/researchchemicalhub.com\/fi\/kauppa\/lysergamidit\/1-kpl-lsd\/\"><span dir=\"auto\" style=\"vertical-align: inherit;\"><span dir=\"auto\" style=\"vertical-align: inherit;\"><span dir=\"auto\" style=\"vertical-align: inherit;\"><span dir=\"auto\" style=\"vertical-align: inherit;\">1cP-LSD 150 MCG taidepaperia <\/span><\/span><\/span><\/span><\/a><a style=\"font-size: 16px;\" href=\"https:\/\/researchchemicalhub.com\/fi\/kauppa\/pellets\/o-dsmt-50-mg-pelletteja\/\"><span dir=\"auto\" style=\"vertical-align: inherit;\"><span dir=\"auto\" style=\"vertical-align: inherit;\"><span dir=\"auto\" style=\"vertical-align: inherit;\"><span dir=\"auto\" style=\"vertical-align: inherit;\">O-DSMT 50 mg -pelletit <\/span><\/span><\/span><\/span><\/a><a style=\"font-size: 16px;\" href=\"https:\/\/researchchemicalhub.com\/fi\/kauppa\/lysergamidit\/1v-lsd-150-mcg-blotters\/\"><span dir=\"auto\" style=\"vertical-align: inherit;\"><span dir=\"auto\" style=\"vertical-align: inherit;\"><span dir=\"auto\" style=\"vertical-align: inherit;\"><span dir=\"auto\" style=\"vertical-align: inherit;\">1V-LSD 150 MCG -n\u00e4ytteenotot<\/span><\/span><\/span><\/span><\/a><\/h3>","protected":false},"excerpt":{"rendered":"<h2><span dir=\"auto\" style=\"vertical-align: inherit;\"><span dir=\"auto\" style=\"vertical-align: inherit;\"><span dir=\"auto\" style=\"vertical-align: inherit;\"><span dir=\"auto\" style=\"vertical-align: inherit;\">6-CL-ADBA-ominaisuudet<\/span><\/span><\/span><\/span><\/h2>\n<p><strong><span dir=\"auto\" style=\"vertical-align: inherit;\"><span dir=\"auto\" style=\"vertical-align: inherit;\"><span dir=\"auto\" style=\"vertical-align: inherit;\"><span dir=\"auto\" style=\"vertical-align: inherit;\">Synonyymi:<\/span><\/span><\/span><\/span><\/strong><span dir=\"auto\" style=\"vertical-align: inherit;\"><span dir=\"auto\" style=\"vertical-align: inherit;\"><span dir=\"auto\" style=\"vertical-align: inherit;\"><span dir=\"auto\" style=\"vertical-align: inherit;\"> 6-CL-ADBA <\/span><\/span><\/span><\/span><strong><br \/>\n<span dir=\"auto\" style=\"vertical-align: inherit;\"><span dir=\"auto\" style=\"vertical-align: inherit;\"><span dir=\"auto\" style=\"vertical-align: inherit;\"><span dir=\"auto\" style=\"vertical-align: inherit;\">CAS-numero<\/span><\/span><\/span><\/span><\/strong><span dir=\"auto\" style=\"vertical-align: inherit;\"><span dir=\"auto\" style=\"vertical-align: inherit;\"><span dir=\"auto\" style=\"vertical-align: inherit;\"><span dir=\"auto\" style=\"vertical-align: inherit;\"> Ei tiedossa <\/span><\/span><\/span><\/span><br \/>\n<strong><span dir=\"auto\" style=\"vertical-align: inherit;\"><span dir=\"auto\" style=\"vertical-align: inherit;\"><span dir=\"auto\" style=\"vertical-align: inherit;\"><span dir=\"auto\" style=\"vertical-align: inherit;\">Kaava<\/span><\/span><\/span><\/span><\/strong><span dir=\"auto\" style=\"vertical-align: inherit;\"><span dir=\"auto\" style=\"vertical-align: inherit;\"><span dir=\"auto\" style=\"vertical-align: inherit;\"><span dir=\"auto\" style=\"vertical-align: inherit;\"> Ei tiedossa <\/span><\/span><\/span><\/span><br \/>\n<strong><span dir=\"auto\" style=\"vertical-align: inherit;\"><span dir=\"auto\" style=\"vertical-align: inherit;\"><span dir=\"auto\" style=\"vertical-align: inherit;\"><span dir=\"auto\" style=\"vertical-align: inherit;\">Moolimassa<\/span><\/span><\/span><\/span><\/strong><span dir=\"auto\" style=\"vertical-align: inherit;\"><span dir=\"auto\" style=\"vertical-align: inherit;\"><span dir=\"auto\" style=\"vertical-align: inherit;\"><span dir=\"auto\" style=\"vertical-align: inherit;\"> n\/ag\u00b7mol <\/span><\/span><\/span><\/span><br \/>\n<strong><span dir=\"auto\" style=\"vertical-align: inherit;\"><span dir=\"auto\" style=\"vertical-align: inherit;\"><span dir=\"auto\" style=\"vertical-align: inherit;\"><span dir=\"auto\" style=\"vertical-align: inherit;\">Puhtaus<\/span><\/span><\/span><\/span><\/strong><span dir=\"auto\" style=\"vertical-align: inherit;\"><span dir=\"auto\" style=\"vertical-align: inherit;\"><span dir=\"auto\" style=\"vertical-align: inherit;\"><span dir=\"auto\" style=\"vertical-align: inherit;\"> : \u226598%<\/span><\/span><\/span><\/span><\/p>","protected":false},"featured_media":28470,"comment_status":"closed","ping_status":"closed","template":"","meta":[],"product_brand":[],"product_cat":[368,322],"product_tag":[610,594,326],"class_list":{"0":"post-24948","1":"product","2":"type-product","3":"status-publish","4":"has-post-thumbnail","6":"product_cat-6-cl-adba","7":"product_cat-bijna-verboden","8":"product_tag-6-cl-adb-a","9":"product_tag-6-cl-adba","10":"product_tag-nl","12":"first","13":"instock","14":"taxable","15":"shipping-taxable","16":"purchasable","17":"product-type-variable"},"_links":{"self":[{"href":"https:\/\/researchchemicalhub.com\/fi\/wp-json\/wp\/v2\/product\/24948","targetHints":{"allow":["GET"]}}],"collection":[{"href":"https:\/\/researchchemicalhub.com\/fi\/wp-json\/wp\/v2\/product"}],"about":[{"href":"https:\/\/researchchemicalhub.com\/fi\/wp-json\/wp\/v2\/types\/product"}],"replies":[{"embeddable":true,"href":"https:\/\/researchchemicalhub.com\/fi\/wp-json\/wp\/v2\/comments?post=24948"}],"version-history":[{"count":6,"href":"https:\/\/researchchemicalhub.com\/fi\/wp-json\/wp\/v2\/product\/24948\/revisions"}],"predecessor-version":[{"id":28631,"href":"https:\/\/researchchemicalhub.com\/fi\/wp-json\/wp\/v2\/product\/24948\/revisions\/28631"}],"wp:featuredmedia":[{"embeddable":true,"href":"https:\/\/researchchemicalhub.com\/fi\/wp-json\/wp\/v2\/media\/28470"}],"wp:attachment":[{"href":"https:\/\/researchchemicalhub.com\/fi\/wp-json\/wp\/v2\/media?parent=24948"}],"wp:term":[{"taxonomy":"product_brand","embeddable":true,"href":"https:\/\/researchchemicalhub.com\/fi\/wp-json\/wp\/v2\/product_brand?post=24948"},{"taxonomy":"product_cat","embeddable":true,"href":"https:\/\/researchchemicalhub.com\/fi\/wp-json\/wp\/v2\/product_cat?post=24948"},{"taxonomy":"product_tag","embeddable":true,"href":"https:\/\/researchchemicalhub.com\/fi\/wp-json\/wp\/v2\/product_tag?post=24948"}],"curies":[{"name":"wp","href":"https:\/\/api.w.org\/{rel}","templated":true}]}}