{"id":24941,"date":"2025-10-20T17:43:52","date_gmt":"2025-10-20T17:43:52","guid":{"rendered":"https:\/\/researchchemicalhub.com\/?post_type=product&#038;p=24941"},"modified":"2025-10-28T22:41:42","modified_gmt":"2025-10-28T22:41:42","slug":"osta-2-cmcta","status":"publish","type":"product","link":"https:\/\/researchchemicalhub.com\/fi\/kauppa\/2-cmc-pellettia\/osta-2-cmcta\/osta-2-cmcta\/","title":{"rendered":"2-CMC 250 mg -pelletti\u00e4"},"content":{"rendered":"<h3 data-start=\"4095\" data-end=\"4114\"><strong data-start=\"4099\" data-end=\"4114\"><span dir=\"auto\" style=\"vertical-align: inherit;\"><span dir=\"auto\" style=\"vertical-align: inherit;\">Johdanto<\/span><\/span><\/strong><\/h3>\n<p data-start=\"4115\" data-end=\"4430\"><span dir=\"auto\" style=\"vertical-align: inherit;\"><span dir=\"auto\" style=\"vertical-align: inherit;\">Osta 2 cmc. Meid\u00e4n <\/span><\/span><strong data-start=\"4120\" data-end=\"4148\"><span dir=\"auto\" style=\"vertical-align: inherit;\"><span dir=\"auto\" style=\"vertical-align: inherit;\">250 mg tutkimuspellettej\u00e4<\/span><\/span><\/strong><span dir=\"auto\" style=\"vertical-align: inherit;\"><span dir=\"auto\" style=\"vertical-align: inherit;\"> valmistetaan \u00e4\u00e4rimm\u00e4isen tarkasti <\/span><\/span><strong data-start=\"4193\" data-end=\"4246\"><span dir=\"auto\" style=\"vertical-align: inherit;\"><span dir=\"auto\" style=\"vertical-align: inherit;\">laboratorio-, oikeusl\u00e4\u00e4ketieteellinen ja analyyttinen tutkimus<\/span><\/span><\/strong><span dir=\"auto\" style=\"vertical-align: inherit;\"><span dir=\"auto\" style=\"vertical-align: inherit;\"> Tiukan laadunvalvonnan ansiosta n\u00e4m\u00e4 pelletit tarjoavat <\/span><\/span><strong data-start=\"4303\" data-end=\"4374\"><span dir=\"auto\" style=\"vertical-align: inherit;\"><span dir=\"auto\" style=\"vertical-align: inherit;\">luotettava annostelu, korkea puhtaus ja toistettavat tulokset<\/span><\/span><\/strong><span dir=\"auto\" style=\"vertical-align: inherit;\"><span dir=\"auto\" style=\"vertical-align: inherit;\"> \u2013 v\u00e4ltt\u00e4m\u00e4t\u00f6n ammattimaiseen tutkimusk\u00e4ytt\u00f6\u00f6n.<\/span><\/span><\/p>\n<p data-start=\"4432\" data-end=\"4577\"><span dir=\"auto\" style=\"vertical-align: inherit;\"><span dir=\"auto\" style=\"vertical-align: inherit;\">Jokainen pelletti sis\u00e4lt\u00e4\u00e4 <\/span><\/span><strong data-start=\"4450\" data-end=\"4506\"><span dir=\"auto\" style=\"vertical-align: inherit;\"><span dir=\"auto\" style=\"vertical-align: inherit;\">250 mg laboratoriolaatuista tutkimusmateriaalia<\/span><\/span><\/strong><span dir=\"auto\" style=\"vertical-align: inherit;\"><span dir=\"auto\" style=\"vertical-align: inherit;\"> , t\u00e4ydellinen kemialliseen analyysiin, kalibrointiin tai kontrolloituun testaukseen.<\/span><\/span><\/p>\n<blockquote data-start=\"4578\" data-end=\"4678\">\n<p data-start=\"4580\" data-end=\"4678\">\u26a0\ufe0f <strong data-start=\"4583\" data-end=\"4678\"><span dir=\"auto\" style=\"vertical-align: inherit;\"><span dir=\"auto\" style=\"vertical-align: inherit;\">Vain laboratoriok\u00e4ytt\u00f6\u00f6n. Ei tarkoitettu ihmisten tai el\u00e4inten ravinnoksi.<\/span><\/span><\/strong><\/p>\n<\/blockquote>\n<hr data-start=\"4680\" data-end=\"4683\" \/>\n<h3 data-start=\"4685\" data-end=\"4716\"><strong data-start=\"4689\" data-end=\"4716\"><span dir=\"auto\" style=\"vertical-align: inherit;\"><span dir=\"auto\" style=\"vertical-align: inherit;\">T\u00e4rkeimm\u00e4t ominaisuudet<\/span><\/span><\/strong><\/h3>\n<ul data-start=\"4717\" data-end=\"5193\">\n<li data-start=\"4717\" data-end=\"4787\">\n<p data-start=\"4719\" data-end=\"4787\"><strong data-start=\"4719\" data-end=\"4745\"><span dir=\"auto\" style=\"vertical-align: inherit;\"><span dir=\"auto\" style=\"vertical-align: inherit;\">Korkea puhtausaste (\u226599%)<\/span><\/span><\/strong><span dir=\"auto\" style=\"vertical-align: inherit;\"><span dir=\"auto\" style=\"vertical-align: inherit;\"> \u2013 Riippumattomasti testattu ja varmistettu.<\/span><\/span><\/p>\n<\/li>\n<li data-start=\"4788\" data-end=\"4871\">\n<p data-start=\"4790\" data-end=\"4871\"><strong data-start=\"4790\" data-end=\"4822\"><span dir=\"auto\" style=\"vertical-align: inherit;\"><span dir=\"auto\" style=\"vertical-align: inherit;\">Tarkka 250 mg:n annos<\/span><\/span><\/strong><span dir=\"auto\" style=\"vertical-align: inherit;\"><span dir=\"auto\" style=\"vertical-align: inherit;\"> \u2013 Varmistaa johdonmukaiset tutkimustulokset.<\/span><\/span><\/p>\n<\/li>\n<li data-start=\"4872\" data-end=\"4953\">\n<p data-start=\"4874\" data-end=\"4953\"><strong data-start=\"4874\" data-end=\"4900\"><span dir=\"auto\" style=\"vertical-align: inherit;\"><span dir=\"auto\" style=\"vertical-align: inherit;\">Vakaa koostumus<\/span><\/span><\/strong><span dir=\"auto\" style=\"vertical-align: inherit;\"><span dir=\"auto\" style=\"vertical-align: inherit;\"> \u2013 Suunniteltu pitk\u00e4aikaiseen kemialliseen stabiilisuuteen.<\/span><\/span><\/p>\n<\/li>\n<li data-start=\"4954\" data-end=\"5039\">\n<p data-start=\"4956\" data-end=\"5039\"><strong data-start=\"4956\" data-end=\"4979\"><span dir=\"auto\" style=\"vertical-align: inherit;\"><span dir=\"auto\" style=\"vertical-align: inherit;\">Laadukas tuotanto<\/span><\/span><\/strong><span dir=\"auto\" style=\"vertical-align: inherit;\"><span dir=\"auto\" style=\"vertical-align: inherit;\"> \u2013 Valmistettu valvotuissa, hygieenisiss\u00e4 ymp\u00e4rist\u00f6iss\u00e4.<\/span><\/span><\/p>\n<\/li>\n<li data-start=\"5040\" data-end=\"5108\">\n<p data-start=\"5042\" data-end=\"5108\"><strong data-start=\"5042\" data-end=\"5072\"><span dir=\"auto\" style=\"vertical-align: inherit;\"><span dir=\"auto\" style=\"vertical-align: inherit;\">Kosteudenkest\u00e4v\u00e4 pakkaus<\/span><\/span><\/strong><span dir=\"auto\" style=\"vertical-align: inherit;\"><span dir=\"auto\" style=\"vertical-align: inherit;\"> \u2013 Suojaa ilmalta ja kosteudelta.<\/span><\/span><\/p>\n<\/li>\n<li data-start=\"5109\" data-end=\"5193\">\n<p data-start=\"5111\" data-end=\"5193\"><strong data-start=\"5111\" data-end=\"5136\"><span dir=\"auto\" style=\"vertical-align: inherit;\"><span dir=\"auto\" style=\"vertical-align: inherit;\">Vain tutkimusk\u00e4ytt\u00f6\u00f6n<\/span><\/span><\/strong><span dir=\"auto\" style=\"vertical-align: inherit;\"><span dir=\"auto\" style=\"vertical-align: inherit;\"> \u2013 Tarkoitettu ainoastaan tieteellisiin tarkoituksiin.<\/span><\/span><\/p>\n<\/li>\n<\/ul>\n<hr data-start=\"5195\" data-end=\"5198\" \/>\n<h3 data-start=\"5200\" data-end=\"5217\"><strong data-start=\"5204\" data-end=\"5217\"><span dir=\"auto\" style=\"vertical-align: inherit;\"><span dir=\"auto\" style=\"vertical-align: inherit;\">Edut<\/span><\/span><\/strong><\/h3>\n<ul data-start=\"5218\" data-end=\"5631\">\n<li data-start=\"5218\" data-end=\"5308\">\n<p data-start=\"5220\" data-end=\"5308\"><strong data-start=\"5220\" data-end=\"5256\"><span dir=\"auto\" style=\"vertical-align: inherit;\"><span dir=\"auto\" style=\"vertical-align: inherit;\">Luotettavat tutkimustulokset<\/span><\/span><\/strong><span dir=\"auto\" style=\"vertical-align: inherit;\"><span dir=\"auto\" style=\"vertical-align: inherit;\"> \u2013 Varmistaa toistettavan ja tarkan datan.<\/span><\/span><\/p>\n<\/li>\n<li data-start=\"5309\" data-end=\"5378\">\n<p data-start=\"5311\" data-end=\"5378\"><strong data-start=\"5311\" data-end=\"5336\"><span dir=\"auto\" style=\"vertical-align: inherit;\"><span dir=\"auto\" style=\"vertical-align: inherit;\">Tasainen laatu<\/span><\/span><\/strong><span dir=\"auto\" style=\"vertical-align: inherit;\"><span dir=\"auto\" style=\"vertical-align: inherit;\"> \u2013 Jokainen pelletti on koostumukseltaan identtinen.<\/span><\/span><\/p>\n<\/li>\n<li data-start=\"5379\" data-end=\"5467\">\n<p data-start=\"5381\" data-end=\"5467\"><strong data-start=\"5381\" data-end=\"5404\"><span dir=\"auto\" style=\"vertical-align: inherit;\"><span dir=\"auto\" style=\"vertical-align: inherit;\">Helppok\u00e4ytt\u00f6inen<\/span><\/span><\/strong><span dir=\"auto\" style=\"vertical-align: inherit;\"><span dir=\"auto\" style=\"vertical-align: inherit;\"> \u2013 Kiinte\u00e4 muoto v\u00e4hent\u00e4\u00e4 roiskeiden tai kontaminaation riski\u00e4.<\/span><\/span><\/p>\n<\/li>\n<li data-start=\"5468\" data-end=\"5543\">\n<p data-start=\"5470\" data-end=\"5543\"><strong data-start=\"5470\" data-end=\"5497\"><span dir=\"auto\" style=\"vertical-align: inherit;\"><span dir=\"auto\" style=\"vertical-align: inherit;\">Tieteellisesti testattu<\/span><\/span><\/strong><span dir=\"auto\" style=\"vertical-align: inherit;\"><span dir=\"auto\" style=\"vertical-align: inherit;\"> \u2013 T\u00e4ytt\u00e4\u00e4 analyyttiset laatustandardit.<\/span><\/span><\/p>\n<\/li>\n<li data-start=\"5544\" data-end=\"5631\">\n<p data-start=\"5546\" data-end=\"5631\"><strong data-start=\"5546\" data-end=\"5583\"><span dir=\"auto\" style=\"vertical-align: inherit;\"><span dir=\"auto\" style=\"vertical-align: inherit;\">Eettisesti ja laillisesti tuotettu<\/span><\/span><\/strong><span dir=\"auto\" style=\"vertical-align: inherit;\"><span dir=\"auto\" style=\"vertical-align: inherit;\"> \u2013 Tutkimusm\u00e4\u00e4r\u00e4ysten mukaisesti.<\/span><\/span><\/p>\n<\/li>\n<\/ul>\n<hr data-start=\"5633\" data-end=\"5636\" \/>\n<h3 data-start=\"5638\" data-end=\"5653\"><strong data-start=\"5642\" data-end=\"5653\"><span dir=\"auto\" style=\"vertical-align: inherit;\"><span dir=\"auto\" style=\"vertical-align: inherit;\">K\u00e4ytt\u00f6<\/span><\/span><\/strong><\/h3>\n<ol data-start=\"5654\" data-end=\"6023\">\n<li data-start=\"5654\" data-end=\"5749\">\n<p data-start=\"5657\" data-end=\"5749\"><strong data-start=\"5657\" data-end=\"5692\"><span dir=\"auto\" style=\"vertical-align: inherit;\"><span dir=\"auto\" style=\"vertical-align: inherit;\">Vain laboratoriok\u00e4ytt\u00f6\u00f6n<\/span><\/span><\/strong><span dir=\"auto\" style=\"vertical-align: inherit;\"><span dir=\"auto\" style=\"vertical-align: inherit;\"> \u2013 K\u00e4yt\u00e4 vain hyv\u00e4ksytyiss\u00e4 tutkimusymp\u00e4rist\u00f6iss\u00e4.<\/span><\/span><\/p>\n<\/li>\n<li data-start=\"5750\" data-end=\"5797\">\n<p data-start=\"5753\" data-end=\"5797\"><strong data-start=\"5753\" data-end=\"5763\"><span dir=\"auto\" style=\"vertical-align: inherit;\"><span dir=\"auto\" style=\"vertical-align: inherit;\">S\u00e4ilytys<\/span><\/span><\/strong><span dir=\"auto\" style=\"vertical-align: inherit;\"><span dir=\"auto\" style=\"vertical-align: inherit;\"> \u2013 S\u00e4ilyt\u00e4 viile\u00e4ss\u00e4, kuivassa ja pime\u00e4ss\u00e4 paikassa.<\/span><\/span><\/p>\n<\/li>\n<li data-start=\"5798\" data-end=\"5867\">\n<p data-start=\"5801\" data-end=\"5867\"><strong data-start=\"5801\" data-end=\"5818\"><span dir=\"auto\" style=\"vertical-align: inherit;\"><span dir=\"auto\" style=\"vertical-align: inherit;\">Turvallinen ty\u00f6skentely<\/span><\/span><\/strong><span dir=\"auto\" style=\"vertical-align: inherit;\"><span dir=\"auto\" style=\"vertical-align: inherit;\"> \u2013 K\u00e4yt\u00e4 aina asianmukaisia suojavarusteita.<\/span><\/span><\/p>\n<\/li>\n<li data-start=\"5868\" data-end=\"5935\">\n<p data-start=\"5871\" data-end=\"5935\"><strong data-start=\"5871\" data-end=\"5883\"><span dir=\"auto\" style=\"vertical-align: inherit;\"><span dir=\"auto\" style=\"vertical-align: inherit;\">Mittaukset<\/span><\/span><\/strong><span dir=\"auto\" style=\"vertical-align: inherit;\"><span dir=\"auto\" style=\"vertical-align: inherit;\"> \u2013 K\u00e4yt\u00e4 kalibroituja analyysilaitteita.<\/span><\/span><\/p>\n<\/li>\n<li data-start=\"5936\" data-end=\"6023\">\n<p data-start=\"5939\" data-end=\"6023\"><strong data-start=\"5939\" data-end=\"5966\"><span dir=\"auto\" style=\"vertical-align: inherit;\"><span dir=\"auto\" style=\"vertical-align: inherit;\">Turvallisuusvaroitus<\/span><\/span><\/strong><span dir=\"auto\" style=\"vertical-align: inherit;\"><span dir=\"auto\" style=\"vertical-align: inherit;\"> \u2013 Ei sovellu ihmisten tai el\u00e4inten ravinnoksi. <\/span><\/span><a href=\"https:\/\/researchchemicalhub.com\/fi\/kauppa\/kategorisoitu\/osta-4mmc\/\"><span dir=\"auto\" style=\"vertical-align: inherit;\"><span dir=\"auto\" style=\"vertical-align: inherit;\">Osta 4mmc, osta <\/span><\/span><\/a><a href=\"https:\/\/researchchemicalhub.com\/fi\/kauppa\/kategorisoitu\/bentsokaiinijauhe\/\"><span dir=\"auto\" style=\"vertical-align: inherit;\"><span dir=\"auto\" style=\"vertical-align: inherit;\">bentsokaiinijauhe <\/span><\/span><\/a><a href=\"https:\/\/researchchemicalhub.com\/fi\/kauppa\/kategorisoitu\/osta-fentanyylia\/\"><span dir=\"auto\" style=\"vertical-align: inherit;\"><span dir=\"auto\" style=\"vertical-align: inherit;\">, osta fentanyyli\u00e4, osta <\/span><\/span><\/a><a href=\"https:\/\/researchchemicalhub.com\/fi\/kauppa\/kategorisoitu\/osta-fentanyylia\/\"><span dir=\"auto\" style=\"vertical-align: inherit;\"><span dir=\"auto\" style=\"vertical-align: inherit;\">fentanyylitabletti, <\/span><\/span><\/a><a href=\"https:\/\/researchchemicalhub.com\/fi\/kauppa\/iboga-ibogaiini\/osta-ibogaa\/\"><span dir=\"auto\" style=\"vertical-align: inherit;\"><span dir=\"auto\" style=\"vertical-align: inherit;\">osta ibogaa, <\/span><\/span><\/a><a href=\"https:\/\/researchchemicalhub.com\/fi\/kauppa\/iboga-ibogaiini\/osta-ibogaiinihydrokloridia-netista\/\"><span dir=\"auto\" style=\"vertical-align: inherit;\"><span dir=\"auto\" style=\"vertical-align: inherit;\">osta ibogaiinihydrokloridia netist\u00e4<\/span><\/span><\/a><\/p>\n<\/li>\n<\/ol>\n<hr data-start=\"6025\" data-end=\"6028\" \/>\n<h3 data-start=\"6030\" data-end=\"6057\"><strong data-start=\"6034\" data-end=\"6057\"><span dir=\"auto\" style=\"vertical-align: inherit;\"><span dir=\"auto\" style=\"vertical-align: inherit;\">Usein kysytyt kysymykset<\/span><\/span><\/strong><\/h3>\n<p data-start=\"6059\" data-end=\"6214\"><strong data-start=\"6059\" data-end=\"6104\"><span dir=\"auto\" style=\"vertical-align: inherit;\"><span dir=\"auto\" style=\"vertical-align: inherit;\">1. Mihin n\u00e4it\u00e4 pellettej\u00e4 k\u00e4ytet\u00e4\u00e4n?<\/span><\/span><\/strong><br data-start=\"6104\" data-end=\"6107\" \/><span dir=\"auto\" style=\"vertical-align: inherit;\"><span dir=\"auto\" style=\"vertical-align: inherit;\"> Ne on tarkoitettu <\/span><\/span><strong data-start=\"6128\" data-end=\"6172\"><span dir=\"auto\" style=\"vertical-align: inherit;\"><span dir=\"auto\" style=\"vertical-align: inherit;\">analyyttinen ja tieteellinen tutkimus<\/span><\/span><\/strong><span dir=\"auto\" style=\"vertical-align: inherit;\"><span dir=\"auto\" style=\"vertical-align: inherit;\"> , kuten kemialliset analyysit ja kalibroinnit.<\/span><\/span><\/p>\n<p data-start=\"6216\" data-end=\"6404\"><strong data-start=\"6216\" data-end=\"6283\"><span dir=\"auto\" style=\"vertical-align: inherit;\"><span dir=\"auto\" style=\"vertical-align: inherit;\">2. Voidaanko n\u00e4it\u00e4 pellettej\u00e4 k\u00e4ytt\u00e4\u00e4 laboratorion ulkopuolella?<\/span><\/span><\/strong><br data-start=\"6283\" data-end=\"6286\" \/><span dir=\"auto\" style=\"vertical-align: inherit;\"><span dir=\"auto\" style=\"vertical-align: inherit;\"> Ei. N\u00e4m\u00e4 tuotteet ovat <\/span><\/span><strong data-start=\"6311\" data-end=\"6370\"><span dir=\"auto\" style=\"vertical-align: inherit;\"><span dir=\"auto\" style=\"vertical-align: inherit;\">tarkoitettu yksinomaan akkreditoiduille tutkimuslaitoksille<\/span><\/span><\/strong><span dir=\"auto\" style=\"vertical-align: inherit;\"><span dir=\"auto\" style=\"vertical-align: inherit;\"> eik\u00e4 henkil\u00f6kohtaiseen k\u00e4ytt\u00f6\u00f6n.<\/span><\/span><\/p>\n<p data-start=\"6406\" data-end=\"6548\"><strong data-start=\"6406\" data-end=\"6444\"><span dir=\"auto\" style=\"vertical-align: inherit;\"><span dir=\"auto\" style=\"vertical-align: inherit;\">3. Miten pelletit tulisi s\u00e4ilytt\u00e4\u00e4?<\/span><\/span><\/strong><br data-start=\"6444\" data-end=\"6447\" \/><span dir=\"auto\" style=\"vertical-align: inherit;\"><span dir=\"auto\" style=\"vertical-align: inherit;\"> S\u00e4ilyt\u00e4 ne alkuper\u00e4ispakkauksessaan <\/span><\/span><strong data-start=\"6474\" data-end=\"6504\"><span dir=\"auto\" style=\"vertical-align: inherit;\"><span dir=\"auto\" style=\"vertical-align: inherit;\">kosteutta kest\u00e4v\u00e4 pakkaus<\/span><\/span><\/strong><span dir=\"auto\" style=\"vertical-align: inherit;\"><span dir=\"auto\" style=\"vertical-align: inherit;\"> a:ssa <\/span><\/span><strong data-start=\"6513\" data-end=\"6547\"><span dir=\"auto\" style=\"vertical-align: inherit;\"><span dir=\"auto\" style=\"vertical-align: inherit;\">viile\u00e4ss\u00e4, kuivassa ja pime\u00e4ss\u00e4 paikassa<\/span><\/span><\/strong><span dir=\"auto\" style=\"vertical-align: inherit;\"><span dir=\"auto\" style=\"vertical-align: inherit;\"> .<\/span><\/span><\/p>\n<hr data-start=\"6550\" data-end=\"6553\" \/>\n<h3 data-start=\"6555\" data-end=\"6573\"><strong data-start=\"6559\" data-end=\"6573\"><span dir=\"auto\" style=\"vertical-align: inherit;\"><span dir=\"auto\" style=\"vertical-align: inherit;\">Vastuuvapauslauseke<\/span><\/span><\/strong><\/h3>\n<p data-start=\"6574\" data-end=\"6806\"><span dir=\"auto\" style=\"vertical-align: inherit;\"><span dir=\"auto\" style=\"vertical-align: inherit;\">T\u00e4m\u00e4 tuote on <\/span><\/span><strong data-start=\"6589\" data-end=\"6638\"><span dir=\"auto\" style=\"vertical-align: inherit;\"><span dir=\"auto\" style=\"vertical-align: inherit;\">tarkoitettu vain tutkimustarkoituksiin<\/span><\/span><\/strong><span dir=\"auto\" style=\"vertical-align: inherit;\"><span dir=\"auto\" style=\"vertical-align: inherit;\"> . <\/span><\/span><strong data-start=\"6640\" data-end=\"6698\"><span dir=\"auto\" style=\"vertical-align: inherit;\"><span dir=\"auto\" style=\"vertical-align: inherit;\">Ei sovellu ihmisten tai el\u00e4inten ravinnoksi.<\/span><\/span><\/strong><br data-start=\"6698\" data-end=\"6701\" \/><span dir=\"auto\" style=\"vertical-align: inherit;\"><span dir=\"auto\" style=\"vertical-align: inherit;\"> Ostamalla t\u00e4m\u00e4n tuotteen vakuutat olevasi <\/span><\/span><strong data-start=\"6736\" data-end=\"6766\"><span dir=\"auto\" style=\"vertical-align: inherit;\"><span dir=\"auto\" style=\"vertical-align: inherit;\">laillistettu tutkija<\/span><\/span><\/strong><span dir=\"auto\" style=\"vertical-align: inherit;\"><span dir=\"auto\" style=\"vertical-align: inherit;\"> ja ett\u00e4 noudatat kaikkia sovellettavia lakeja.<\/span><\/span><\/p>\n<ul>\n<li>\n<p class=\"ds-markdown-paragraph\"><span dir=\"auto\" style=\"vertical-align: inherit;\"><span dir=\"auto\" style=\"vertical-align: inherit;\">Tutkimusneuvonta mahdollista, <\/span><\/span><a href=\"https:\/\/researchchemicalhub.com\/fi\/kauppa\/iboga-ibogaiini\/osta-ibogaiinihydrokloridia-netista\/\"><span dir=\"auto\" style=\"vertical-align: inherit;\"><span dir=\"auto\" style=\"vertical-align: inherit;\">Osta ibogaiinihydrokloridia <\/span><\/span><\/a><a href=\"https:\/\/researchchemicalhub.com\/fi\/kauppa\/iboga-ibogaiini\/iboga-juuren-kuori\/\"><span dir=\"auto\" style=\"vertical-align: inherit;\"><span dir=\"auto\" style=\"vertical-align: inherit;\">Ibogan juuren kuori <\/span><\/span><\/a><a href=\"https:\/\/researchchemicalhub.com\/fi\/kauppa\/lysergamidit\/1-kpl-lsd\/\"><span dir=\"auto\" style=\"vertical-align: inherit;\"><span dir=\"auto\" style=\"vertical-align: inherit;\">1cP-LSD 150 MCG taidepaperia <\/span><\/span><\/a><a href=\"https:\/\/researchchemicalhub.com\/fi\/kauppa\/pellets\/o-dsmt-50-mg-pelletteja\/\"><span dir=\"auto\" style=\"vertical-align: inherit;\"><span dir=\"auto\" style=\"vertical-align: inherit;\">O-DSMT 50 mg -pelletit <\/span><\/span><\/a><a href=\"https:\/\/researchchemicalhub.com\/fi\/kauppa\/lysergamidit\/1v-lsd-150-mcg-blotters\/\"><span dir=\"auto\" style=\"vertical-align: inherit;\"><span dir=\"auto\" style=\"vertical-align: inherit;\">1V-LSD 150 MCG -n\u00e4ytteenotot<\/span><\/span><\/a><\/p>\n<\/li>\n<\/ul>","protected":false},"excerpt":{"rendered":"<h2><span dir=\"auto\" style=\"vertical-align: inherit;\"><span dir=\"auto\" style=\"vertical-align: inherit;\">2-CMC-ominaisuudet<\/span><\/span><\/h2>\n<p><strong><span dir=\"auto\" style=\"vertical-align: inherit;\"><span dir=\"auto\" style=\"vertical-align: inherit;\">CAS-numero<\/span><\/span><\/strong><span dir=\"auto\" style=\"vertical-align: inherit;\"><span dir=\"auto\" style=\"vertical-align: inherit;\"> : 1246911-71-6 <\/span><\/span><br \/>\n<strong><span dir=\"auto\" style=\"vertical-align: inherit;\"><span dir=\"auto\" style=\"vertical-align: inherit;\">Kaava<\/span><\/span><\/strong><span dir=\"auto\" style=\"vertical-align: inherit;\"><span dir=\"auto\" style=\"vertical-align: inherit;\"> C11h15NO \u2022 HCl <\/span><\/span><br \/>\n<strong><span dir=\"auto\" style=\"vertical-align: inherit;\"><span dir=\"auto\" style=\"vertical-align: inherit;\">Moolimassa<\/span><\/span><\/strong><span dir=\"auto\" style=\"vertical-align: inherit;\"><span dir=\"auto\" style=\"vertical-align: inherit;\"> : 177.247 <\/span><\/span><br \/>\n<strong><span dir=\"auto\" style=\"vertical-align: inherit;\"><span dir=\"auto\" style=\"vertical-align: inherit;\">Puhtaus<\/span><\/span><\/strong><span dir=\"auto\" style=\"vertical-align: inherit;\"><span dir=\"auto\" style=\"vertical-align: inherit;\"> : \u226599%<\/span><\/span><\/p>","protected":false},"featured_media":28377,"comment_status":"closed","ping_status":"closed","template":"","meta":[],"product_brand":[],"product_cat":[371,421,322,79,324],"product_tag":[561,562,326],"class_list":{"0":"post-24941","1":"product","2":"type-product","3":"status-publish","4":"has-post-thumbnail","6":"product_cat-2-cmc-kopen","7":"product_cat-2-cmc-pellets","8":"product_cat-bijna-verboden","9":"product_cat-cathinonen","10":"product_cat-pellets-for-pellet","11":"product_tag-2-cmc-kopen","12":"product_tag-2-cmc-pellets-kopen","13":"product_tag-nl","15":"first","16":"instock","17":"taxable","18":"shipping-taxable","19":"purchasable","20":"product-type-variable"},"_links":{"self":[{"href":"https:\/\/researchchemicalhub.com\/fi\/wp-json\/wp\/v2\/product\/24941","targetHints":{"allow":["GET"]}}],"collection":[{"href":"https:\/\/researchchemicalhub.com\/fi\/wp-json\/wp\/v2\/product"}],"about":[{"href":"https:\/\/researchchemicalhub.com\/fi\/wp-json\/wp\/v2\/types\/product"}],"replies":[{"embeddable":true,"href":"https:\/\/researchchemicalhub.com\/fi\/wp-json\/wp\/v2\/comments?post=24941"}],"version-history":[{"count":8,"href":"https:\/\/researchchemicalhub.com\/fi\/wp-json\/wp\/v2\/product\/24941\/revisions"}],"predecessor-version":[{"id":28630,"href":"https:\/\/researchchemicalhub.com\/fi\/wp-json\/wp\/v2\/product\/24941\/revisions\/28630"}],"wp:featuredmedia":[{"embeddable":true,"href":"https:\/\/researchchemicalhub.com\/fi\/wp-json\/wp\/v2\/media\/28377"}],"wp:attachment":[{"href":"https:\/\/researchchemicalhub.com\/fi\/wp-json\/wp\/v2\/media?parent=24941"}],"wp:term":[{"taxonomy":"product_brand","embeddable":true,"href":"https:\/\/researchchemicalhub.com\/fi\/wp-json\/wp\/v2\/product_brand?post=24941"},{"taxonomy":"product_cat","embeddable":true,"href":"https:\/\/researchchemicalhub.com\/fi\/wp-json\/wp\/v2\/product_cat?post=24941"},{"taxonomy":"product_tag","embeddable":true,"href":"https:\/\/researchchemicalhub.com\/fi\/wp-json\/wp\/v2\/product_tag?post=24941"}],"curies":[{"name":"wp","href":"https:\/\/api.w.org\/{rel}","templated":true}]}}