{"id":24939,"date":"2025-10-20T17:43:52","date_gmt":"2025-10-20T17:43:52","guid":{"rendered":"https:\/\/researchchemicalhub.com\/?post_type=product&#038;p=24939"},"modified":"2025-10-28T22:40:20","modified_gmt":"2025-10-28T22:40:20","slug":"2c-ef-2-mg-kapselia","status":"publish","type":"product","link":"https:\/\/researchchemicalhub.com\/fi\/kauppa\/2c-ef\/2c-ef-2-mg-kapselia\/","title":{"rendered":"2C-EF 2 mg kapselit"},"content":{"rendered":"<h3 data-start=\"4023\" data-end=\"4042\"><strong data-start=\"4027\" data-end=\"4042\"><span dir=\"auto\" style=\"vertical-align: inherit;\"><span dir=\"auto\" style=\"vertical-align: inherit;\">Johdanto<\/span><\/span><\/strong><\/h3>\n<p data-start=\"4043\" data-end=\"4373\"><span dir=\"auto\" style=\"vertical-align: inherit;\"><span dir=\"auto\" style=\"vertical-align: inherit;\">Meid\u00e4n <\/span><\/span><strong data-start=\"4048\" data-end=\"4075\"><span dir=\"auto\" style=\"vertical-align: inherit;\"><span dir=\"auto\" style=\"vertical-align: inherit;\">2 mg tutkimuskapselit<\/span><\/span><\/strong><span dir=\"auto\" style=\"vertical-align: inherit;\"><span dir=\"auto\" style=\"vertical-align: inherit;\"> on kehitetty \u00e4\u00e4rimm\u00e4isen tarkasti ja puhtaasti k\u00e4ytett\u00e4v\u00e4ksi <\/span><\/span><strong data-start=\"4144\" data-end=\"4206\"><span dir=\"auto\" style=\"vertical-align: inherit;\"><span dir=\"auto\" style=\"vertical-align: inherit;\">tieteelliset, analyyttiset ja laboratoriosovellukset<\/span><\/span><\/strong><span dir=\"auto\" style=\"vertical-align: inherit;\"><span dir=\"auto\" style=\"vertical-align: inherit;\"> . <\/span><\/span><br data-start=\"4207\" data-end=\"4210\" \/><span dir=\"auto\" style=\"vertical-align: inherit;\"><span dir=\"auto\" style=\"vertical-align: inherit;\">Jokainen kapseli sis\u00e4lt\u00e4\u00e4 <\/span><\/span><strong data-start=\"4233\" data-end=\"4258\"><span dir=\"auto\" style=\"vertical-align: inherit;\"><span dir=\"auto\" style=\"vertical-align: inherit;\">tarkka 2 mg:n annos<\/span><\/span><\/strong><span dir=\"auto\" style=\"vertical-align: inherit;\"><span dir=\"auto\" style=\"vertical-align: inherit;\"> kontrolloidusta, korkealaatuisesta yhdisteest\u00e4, t\u00e4ydellinen <\/span><\/span><strong data-start=\"4321\" data-end=\"4370\"><span dir=\"auto\" style=\"vertical-align: inherit;\"><span dir=\"auto\" style=\"vertical-align: inherit;\">rikostekninen, analyyttinen tai kasvatustieteellinen tutkimus<\/span><\/span><\/strong><span dir=\"auto\" style=\"vertical-align: inherit;\"><span dir=\"auto\" style=\"vertical-align: inherit;\"> .<\/span><\/span><\/p>\n<blockquote data-start=\"4374\" data-end=\"4473\">\n<p data-start=\"4376\" data-end=\"4473\">\u26a0\ufe0f <strong data-start=\"4379\" data-end=\"4473\"><span dir=\"auto\" style=\"vertical-align: inherit;\"><span dir=\"auto\" style=\"vertical-align: inherit;\">Vain tutkimusk\u00e4ytt\u00f6\u00f6n. Ei sovellu ihmisten tai el\u00e4inten ravinnoksi.<\/span><\/span><\/strong><\/p>\n<\/blockquote>\n<hr data-start=\"4475\" data-end=\"4478\" \/>\n<h3 data-start=\"4480\" data-end=\"4511\"><strong data-start=\"4484\" data-end=\"4511\"><span dir=\"auto\" style=\"vertical-align: inherit;\"><span dir=\"auto\" style=\"vertical-align: inherit;\">T\u00e4rkeimm\u00e4t ominaisuudet<\/span><\/span><\/strong><\/h3>\n<ul data-start=\"4512\" data-end=\"5049\">\n<li data-start=\"4512\" data-end=\"4594\">\n<p data-start=\"4514\" data-end=\"4594\"><strong data-start=\"4514\" data-end=\"4540\"><span dir=\"auto\" style=\"vertical-align: inherit;\"><span dir=\"auto\" style=\"vertical-align: inherit;\">Korkea puhtausaste (\u226599%)<\/span><\/span><\/strong><span dir=\"auto\" style=\"vertical-align: inherit;\"><span dir=\"auto\" style=\"vertical-align: inherit;\"> \u2013 Laboratoriossa testattu maksimaalisen luotettavuuden takaamiseksi.<\/span><\/span><\/p>\n<\/li>\n<li data-start=\"4595\" data-end=\"4680\">\n<p data-start=\"4597\" data-end=\"4680\"><strong data-start=\"4597\" data-end=\"4637\"><span dir=\"auto\" style=\"vertical-align: inherit;\"><span dir=\"auto\" style=\"vertical-align: inherit;\">Tarkka annostus tai 2 mg kapselia kohden<\/span><\/span><\/strong><span dir=\"auto\" style=\"vertical-align: inherit;\"><span dir=\"auto\" style=\"vertical-align: inherit;\"> \u2013 Johdonmukaisten tutkimustulosten saavuttamiseksi.<\/span><\/span><\/p>\n<\/li>\n<li data-start=\"4681\" data-end=\"4766\">\n<p data-start=\"4683\" data-end=\"4766\"><strong data-start=\"4683\" data-end=\"4712\"><span dir=\"auto\" style=\"vertical-align: inherit;\"><span dir=\"auto\" style=\"vertical-align: inherit;\">L\u00e4\u00e4kepakkaukset<\/span><\/span><\/strong><span dir=\"auto\" style=\"vertical-align: inherit;\"><span dir=\"auto\" style=\"vertical-align: inherit;\"> \u2013 Valmistettu valvotuissa olosuhteissa.<\/span><\/span><\/p>\n<\/li>\n<li data-start=\"4767\" data-end=\"4859\">\n<p data-start=\"4769\" data-end=\"4859\"><strong data-start=\"4769\" data-end=\"4792\"><span dir=\"auto\" style=\"vertical-align: inherit;\"><span dir=\"auto\" style=\"vertical-align: inherit;\">Vakaa ja kest\u00e4v\u00e4<\/span><\/span><\/strong><span dir=\"auto\" style=\"vertical-align: inherit;\"><span dir=\"auto\" style=\"vertical-align: inherit;\"> \u2013 Suunniteltu s\u00e4ilytt\u00e4m\u00e4\u00e4n eheytens\u00e4 oikein s\u00e4ilytettyn\u00e4.<\/span><\/span><\/p>\n<\/li>\n<li data-start=\"4860\" data-end=\"4947\">\n<p data-start=\"4862\" data-end=\"4947\"><strong data-start=\"4862\" data-end=\"4884\"><span dir=\"auto\" style=\"vertical-align: inherit;\"><span dir=\"auto\" style=\"vertical-align: inherit;\">Turvallinen pakkaus<\/span><\/span><\/strong><span dir=\"auto\" style=\"vertical-align: inherit;\"><span dir=\"auto\" style=\"vertical-align: inherit;\"> \u2013 Kosteudenkest\u00e4v\u00e4 ja ilmatiivis pitk\u00e4n s\u00e4ilyvyyden takaamiseksi.<\/span><\/span><\/p>\n<\/li>\n<li data-start=\"4948\" data-end=\"5049\">\n<p data-start=\"4950\" data-end=\"5049\"><strong data-start=\"4950\" data-end=\"4975\"><span dir=\"auto\" style=\"vertical-align: inherit;\"><span dir=\"auto\" style=\"vertical-align: inherit;\">Vain tutkimusk\u00e4ytt\u00f6\u00f6n<\/span><\/span><\/strong><span dir=\"auto\" style=\"vertical-align: inherit;\"><span dir=\"auto\" style=\"vertical-align: inherit;\"> \u2013 Tarkoitettu ainoastaan tieteellisiin tai analyyttisiin sovelluksiin.<\/span><\/span><\/p>\n<\/li>\n<\/ul>\n<hr data-start=\"5051\" data-end=\"5054\" \/>\n<h3 data-start=\"5056\" data-end=\"5073\"><strong data-start=\"5060\" data-end=\"5073\"><span dir=\"auto\" style=\"vertical-align: inherit;\"><span dir=\"auto\" style=\"vertical-align: inherit;\">Edut<\/span><\/span><\/strong><\/h3>\n<ul data-start=\"5074\" data-end=\"5511\">\n<li data-start=\"5074\" data-end=\"5168\">\n<p data-start=\"5076\" data-end=\"5168\"><strong data-start=\"5076\" data-end=\"5114\"><span dir=\"auto\" style=\"vertical-align: inherit;\"><span dir=\"auto\" style=\"vertical-align: inherit;\">Luotettava analyyttinen suorituskyky<\/span><\/span><\/strong><span dir=\"auto\" style=\"vertical-align: inherit;\"><span dir=\"auto\" style=\"vertical-align: inherit;\"> \u2013 Ihanteellinen tarkkuustestaukseen ja kemialliseen tutkimukseen.<\/span><\/span><\/p>\n<\/li>\n<li data-start=\"5169\" data-end=\"5259\">\n<p data-start=\"5171\" data-end=\"5259\"><strong data-start=\"5171\" data-end=\"5200\"><span dir=\"auto\" style=\"vertical-align: inherit;\"><span dir=\"auto\" style=\"vertical-align: inherit;\">Yhdenmukainen koostumus<\/span><\/span><\/strong><span dir=\"auto\" style=\"vertical-align: inherit;\"><span dir=\"auto\" style=\"vertical-align: inherit;\"> \u2013 Varmistaa kokeiden toistettavat tulokset.<\/span><\/span><\/p>\n<\/li>\n<li data-start=\"5260\" data-end=\"5353\">\n<p data-start=\"5262\" data-end=\"5353\"><strong data-start=\"5262\" data-end=\"5307\"><span dir=\"auto\" style=\"vertical-align: inherit;\"><span dir=\"auto\" style=\"vertical-align: inherit;\">Tieteellisesti varmistettu puhtaus<\/span><\/span><\/strong><span dir=\"auto\" style=\"vertical-align: inherit;\"><span dir=\"auto\" style=\"vertical-align: inherit;\"> \u2013 T\u00e4ytt\u00e4\u00e4 laboratorioiden laatustandardit.<\/span><\/span><\/p>\n<\/li>\n<li data-start=\"5354\" data-end=\"5427\">\n<p data-start=\"5356\" data-end=\"5427\"><strong data-start=\"5356\" data-end=\"5382\"><span dir=\"auto\" style=\"vertical-align: inherit;\"><span dir=\"auto\" style=\"vertical-align: inherit;\">Helppok\u00e4ytt\u00f6inen<\/span><\/span><\/strong><span dir=\"auto\" style=\"vertical-align: inherit;\"><span dir=\"auto\" style=\"vertical-align: inherit;\"> \u2013 K\u00e4tev\u00e4 kapselimuoto est\u00e4\u00e4 kontaminaation.<\/span><\/span><\/p>\n<\/li>\n<li data-start=\"5428\" data-end=\"5511\">\n<p data-start=\"5430\" data-end=\"5511\"><strong data-start=\"5430\" data-end=\"5465\"><span dir=\"auto\" style=\"vertical-align: inherit;\"><span dir=\"auto\" style=\"vertical-align: inherit;\">Vaatimustenmukainen ja eettisesti tuotettu<\/span><\/span><\/strong><span dir=\"auto\" style=\"vertical-align: inherit;\"><span dir=\"auto\" style=\"vertical-align: inherit;\"> \u2013 Valmistettu lakis\u00e4\u00e4teisten ohjeiden mukaisesti.<\/span><\/span><\/p>\n<\/li>\n<\/ul>\n<hr data-start=\"5513\" data-end=\"5516\" \/>\n<h3 data-start=\"5518\" data-end=\"5533\"><strong data-start=\"5522\" data-end=\"5533\"><span dir=\"auto\" style=\"vertical-align: inherit;\"><span dir=\"auto\" style=\"vertical-align: inherit;\">K\u00e4ytt\u00f6<\/span><\/span><\/strong><\/h3>\n<ol data-start=\"5534\" data-end=\"5843\">\n<li data-start=\"5534\" data-end=\"5629\">\n<p data-start=\"5537\" data-end=\"5629\"><strong data-start=\"5537\" data-end=\"5562\"><span dir=\"auto\" style=\"vertical-align: inherit;\"><span dir=\"auto\" style=\"vertical-align: inherit;\">Vain tutkimusk\u00e4ytt\u00f6\u00f6n<\/span><\/span><\/strong><span dir=\"auto\" style=\"vertical-align: inherit;\"><span dir=\"auto\" style=\"vertical-align: inherit;\"> \u2013 K\u00e4yt\u00e4 ainoastaan ammattimaisessa laboratorioymp\u00e4rist\u00f6ss\u00e4.<\/span><\/span><\/p>\n<\/li>\n<li data-start=\"5630\" data-end=\"5688\">\n<p data-start=\"5633\" data-end=\"5688\"><strong data-start=\"5633\" data-end=\"5654\"><span dir=\"auto\" style=\"vertical-align: inherit;\"><span dir=\"auto\" style=\"vertical-align: inherit;\">S\u00e4ilytysohjeet<\/span><\/span><\/strong><span dir=\"auto\" style=\"vertical-align: inherit;\"><span dir=\"auto\" style=\"vertical-align: inherit;\"> \u2013 S\u00e4ilyt\u00e4 viile\u00e4ss\u00e4, kuivassa ja pime\u00e4ss\u00e4 paikassa.<\/span><\/span><\/p>\n<\/li>\n<li data-start=\"5689\" data-end=\"5755\">\n<p data-start=\"5692\" data-end=\"5755\"><strong data-start=\"5692\" data-end=\"5704\"><span dir=\"auto\" style=\"vertical-align: inherit;\"><span dir=\"auto\" style=\"vertical-align: inherit;\">Mittaukset<\/span><\/span><\/strong><span dir=\"auto\" style=\"vertical-align: inherit;\"><span dir=\"auto\" style=\"vertical-align: inherit;\"> \u2013 K\u00e4yt\u00e4 analyysiss\u00e4 kalibroituja laitteita.<\/span><\/span><\/p>\n<\/li>\n<li data-start=\"5756\" data-end=\"5843\">\n<p data-start=\"5759\" data-end=\"5843\"><strong data-start=\"5759\" data-end=\"5786\"><span dir=\"auto\" style=\"vertical-align: inherit;\"><span dir=\"auto\" style=\"vertical-align: inherit;\">Turvallisuusvaroitus<\/span><\/span><\/strong><span dir=\"auto\" style=\"vertical-align: inherit;\"><span dir=\"auto\" style=\"vertical-align: inherit;\"> \u2013 Ei tarkoitettu ihmisten tai el\u00e4inten ravinnoksi.<\/span><\/span><\/p>\n<\/li>\n<\/ol>\n<hr data-start=\"5845\" data-end=\"5848\" \/>\n<h3 data-start=\"5850\" data-end=\"5877\"><strong data-start=\"5854\" data-end=\"5877\"><span dir=\"auto\" style=\"vertical-align: inherit;\"><span dir=\"auto\" style=\"vertical-align: inherit;\">Usein kysytyt kysymykset<\/span><\/span><\/strong><\/h3>\n<p data-start=\"5879\" data-end=\"6042\"><strong data-start=\"5879\" data-end=\"5925\"><span dir=\"auto\" style=\"vertical-align: inherit;\"><span dir=\"auto\" style=\"vertical-align: inherit;\">1. Mihin n\u00e4it\u00e4 kapseleita k\u00e4ytet\u00e4\u00e4n?<\/span><\/span><\/strong><br data-start=\"5925\" data-end=\"5928\" \/><span dir=\"auto\" style=\"vertical-align: inherit;\"><span dir=\"auto\" style=\"vertical-align: inherit;\"> Ne on tarkoitettu <\/span><\/span><strong data-start=\"5949\" data-end=\"5993\"><span dir=\"auto\" style=\"vertical-align: inherit;\"><span dir=\"auto\" style=\"vertical-align: inherit;\">analyyttinen ja tieteellinen tutkimus<\/span><\/span><\/strong><span dir=\"auto\" style=\"vertical-align: inherit;\"><span dir=\"auto\" style=\"vertical-align: inherit;\"> , kuten kemiallisia analyysej\u00e4 tai kasvatustieteellisi\u00e4 tutkimuksia.<\/span><\/span><\/p>\n<p data-start=\"6044\" data-end=\"6221\"><strong data-start=\"6044\" data-end=\"6102\"><span dir=\"auto\" style=\"vertical-align: inherit;\"><span dir=\"auto\" style=\"vertical-align: inherit;\">2. Ovatko n\u00e4m\u00e4 kapselit turvallisia henkil\u00f6kohtaiseen k\u00e4ytt\u00f6\u00f6n?<\/span><\/span><\/strong><br data-start=\"6102\" data-end=\"6105\" \/><span dir=\"auto\" style=\"vertical-align: inherit;\"><span dir=\"auto\" style=\"vertical-align: inherit;\"> Ei. N\u00e4m\u00e4 tuotteet ovat <\/span><\/span><strong data-start=\"6130\" data-end=\"6187\"><span dir=\"auto\" style=\"vertical-align: inherit;\"><span dir=\"auto\" style=\"vertical-align: inherit;\">tarkoitettu yksinomaan sertifioituihin laboratoriotesteihin<\/span><\/span><\/strong><span dir=\"auto\" style=\"vertical-align: inherit;\"><span dir=\"auto\" style=\"vertical-align: inherit;\"> Henkil\u00f6kohtainen k\u00e4ytt\u00f6 on kielletty.<\/span><\/span><\/p>\n<p data-start=\"6223\" data-end=\"6358\"><strong data-start=\"6223\" data-end=\"6262\"><span dir=\"auto\" style=\"vertical-align: inherit;\"><span dir=\"auto\" style=\"vertical-align: inherit;\">3. Miten kapseleita tulisi s\u00e4ilytt\u00e4\u00e4?<\/span><\/span><\/strong><br data-start=\"6262\" data-end=\"6265\" \/><span dir=\"auto\" style=\"vertical-align: inherit;\"><span dir=\"auto\" style=\"vertical-align: inherit;\"> S\u00e4ilyt\u00e4 niit\u00e4 <\/span><\/span><strong data-start=\"6282\" data-end=\"6318\"><span dir=\"auto\" style=\"vertical-align: inherit;\"><span dir=\"auto\" style=\"vertical-align: inherit;\">viile\u00e4ss\u00e4, kuivassa ja pime\u00e4ss\u00e4 paikassa<\/span><\/span><\/strong><span dir=\"auto\" style=\"vertical-align: inherit;\"><span dir=\"auto\" style=\"vertical-align: inherit;\"> ja pid\u00e4 pakkaus tiiviisti suljettuna.<\/span><\/span><\/p>\n<hr data-start=\"6360\" data-end=\"6363\" \/>\n<h3 data-start=\"6365\" data-end=\"6383\"><strong data-start=\"6369\" data-end=\"6383\"><span dir=\"auto\" style=\"vertical-align: inherit;\"><span dir=\"auto\" style=\"vertical-align: inherit;\">Vastuuvapauslauseke<\/span><\/span><\/strong><\/h3>\n<p data-start=\"6384\" data-end=\"6628\"><span dir=\"auto\" style=\"vertical-align: inherit;\"><span dir=\"auto\" style=\"vertical-align: inherit;\">T\u00e4m\u00e4 tuote on <\/span><\/span><strong data-start=\"6399\" data-end=\"6448\"><span dir=\"auto\" style=\"vertical-align: inherit;\"><span dir=\"auto\" style=\"vertical-align: inherit;\">tarkoitettu vain tutkimusk\u00e4ytt\u00f6\u00f6n<\/span><\/span><\/strong><span dir=\"auto\" style=\"vertical-align: inherit;\"><span dir=\"auto\" style=\"vertical-align: inherit;\"> . <\/span><\/span><strong data-start=\"6450\" data-end=\"6507\"><span dir=\"auto\" style=\"vertical-align: inherit;\"><span dir=\"auto\" style=\"vertical-align: inherit;\">Ei tarkoitettu ihmisten tai el\u00e4inten ravinnoksi.<\/span><\/span><\/strong><br data-start=\"6507\" data-end=\"6510\" \/><span dir=\"auto\" style=\"vertical-align: inherit;\"><span dir=\"auto\" style=\"vertical-align: inherit;\"> Ostamalla t\u00e4m\u00e4n tuotteen vahvistat, ett\u00e4 olet <\/span><\/span><strong data-start=\"6545\" data-end=\"6575\"><span dir=\"auto\" style=\"vertical-align: inherit;\"><span dir=\"auto\" style=\"vertical-align: inherit;\">laillistettu tutkija<\/span><\/span><\/strong><span dir=\"auto\" style=\"vertical-align: inherit;\"><span dir=\"auto\" style=\"vertical-align: inherit;\"> ja noudatettava sovellettavia lakeja ja m\u00e4\u00e4r\u00e4yksi\u00e4.<\/span><\/span><\/p>\n<p><a href=\"https:\/\/researchchemicalhub.com\/fi\/kauppa\/iboga-ibogaiini\/osta-ibogaiinihydrokloridia-netista\/\"><span dir=\"auto\" style=\"vertical-align: inherit;\"><span dir=\"auto\" style=\"vertical-align: inherit;\">Osta ibogaiinihydrokloridia <\/span><\/span><\/a><a href=\"https:\/\/researchchemicalhub.com\/fi\/kauppa\/iboga-ibogaiini\/iboga-juuren-kuori\/\"><span dir=\"auto\" style=\"vertical-align: inherit;\"><span dir=\"auto\" style=\"vertical-align: inherit;\">Ibogan juuren kuori <\/span><\/span><\/a><a href=\"https:\/\/researchchemicalhub.com\/fi\/kauppa\/lysergamidit\/1-kpl-lsd\/\"><span dir=\"auto\" style=\"vertical-align: inherit;\"><span dir=\"auto\" style=\"vertical-align: inherit;\">1cP-LSD 150 MCG taidepaperia <\/span><\/span><\/a><a href=\"https:\/\/researchchemicalhub.com\/fi\/kauppa\/pellets\/o-dsmt-50-mg-pelletteja\/\"><span dir=\"auto\" style=\"vertical-align: inherit;\"><span dir=\"auto\" style=\"vertical-align: inherit;\">O-DSMT 50 mg -pelletit <\/span><\/span><\/a><a href=\"https:\/\/researchchemicalhub.com\/fi\/kauppa\/lysergamidit\/1v-lsd-150-mcg-blotters\/\"><span dir=\"auto\" style=\"vertical-align: inherit;\"><span dir=\"auto\" style=\"vertical-align: inherit;\">1V-LSD 150 MCG -n\u00e4ytteenotot<\/span><\/span><\/a><\/p>","protected":false},"excerpt":{"rendered":"<h2><span dir=\"auto\" style=\"vertical-align: inherit;\"><span dir=\"auto\" style=\"vertical-align: inherit;\">2C-EF properties<\/span><\/span><\/h2>\n<p><strong><span dir=\"auto\" style=\"vertical-align: inherit;\"><span dir=\"auto\" style=\"vertical-align: inherit;\">Synonyms<\/span><\/span><\/strong><span dir=\"auto\" style=\"vertical-align: inherit;\"><span dir=\"auto\" style=\"vertical-align: inherit;\"> : 2-[4-(2-Fluoroethyl)-2,5-dimethoxyphenyl]ethan-1-amine <\/span><\/span><br \/>\n<strong><span dir=\"auto\" style=\"vertical-align: inherit;\"><span dir=\"auto\" style=\"vertical-align: inherit;\">CAS Number<\/span><\/span><\/strong><span dir=\"auto\" style=\"vertical-align: inherit;\"><span dir=\"auto\" style=\"vertical-align: inherit;\"> : 1222814-77-8 <\/span><\/span><br \/>\n<strong><span dir=\"auto\" style=\"vertical-align: inherit;\"><span dir=\"auto\" style=\"vertical-align: inherit;\">Formula<\/span><\/span><\/strong><span dir=\"auto\" style=\"vertical-align: inherit;\"><span dir=\"auto\" style=\"vertical-align: inherit;\"> : <\/span><\/span><span title=\"Carbon\"><span dir=\"auto\" style=\"vertical-align: inherit;\"><span dir=\"auto\" style=\"vertical-align: inherit;\">C <\/span><\/span><\/span><sub><span dir=\"auto\" style=\"vertical-align: inherit;\"><span dir=\"auto\" style=\"vertical-align: inherit;\">12 <\/span><\/span><\/sub><span title=\"Hydrogen\"><span dir=\"auto\" style=\"vertical-align: inherit;\"><span dir=\"auto\" style=\"vertical-align: inherit;\">H <\/span><\/span><\/span><sub><span dir=\"auto\" style=\"vertical-align: inherit;\"><span dir=\"auto\" style=\"vertical-align: inherit;\">18 <\/span><\/span><\/sub><span title=\"Fluorine\"><span dir=\"auto\" style=\"vertical-align: inherit;\"><span dir=\"auto\" style=\"vertical-align: inherit;\">F <\/span><\/span><\/span><span title=\"Nitrogen\"><span dir=\"auto\" style=\"vertical-align: inherit;\"><span dir=\"auto\" style=\"vertical-align: inherit;\">N <\/span><\/span><\/span><span title=\"Oxygen\"><span dir=\"auto\" style=\"vertical-align: inherit;\"><span dir=\"auto\" style=\"vertical-align: inherit;\">O <\/span><\/span><\/span><sub><span dir=\"auto\" style=\"vertical-align: inherit;\"><span dir=\"auto\" style=\"vertical-align: inherit;\">2 <\/span><\/span><\/sub><br \/>\n<strong><span dir=\"auto\" style=\"vertical-align: inherit;\"><span dir=\"auto\" style=\"vertical-align: inherit;\">Molar mass<\/span><\/span><\/strong><span dir=\"auto\" style=\"vertical-align: inherit;\"><span dir=\"auto\" style=\"vertical-align: inherit;\"> : 227.279 g\/mol <\/span><\/span><br \/>\n<strong><span dir=\"auto\" style=\"vertical-align: inherit;\"><span dir=\"auto\" style=\"vertical-align: inherit;\">Purity<\/span><\/span><\/strong><span dir=\"auto\" style=\"vertical-align: inherit;\"><span dir=\"auto\" style=\"vertical-align: inherit;\"> : \u226599%<\/span><\/span><\/p>\n","protected":false},"featured_media":28375,"comment_status":"closed","ping_status":"closed","template":"","meta":[],"product_brand":[],"product_cat":[401,322,80,398],"product_tag":[253,326],"class_list":{"0":"post-24939","1":"product","2":"type-product","3":"status-publish","4":"has-post-thumbnail","6":"product_cat-2c-ef","7":"product_cat-bijna-verboden","8":"product_cat-fenethylamine","9":"product_cat-verkoop","10":"product_tag-2c-ef","11":"product_tag-nl","13":"first","14":"instock","15":"sale","16":"taxable","17":"shipping-taxable","18":"purchasable","19":"product-type-variable"},"_links":{"self":[{"href":"https:\/\/researchchemicalhub.com\/fi\/wp-json\/wp\/v2\/product\/24939","targetHints":{"allow":["GET"]}}],"collection":[{"href":"https:\/\/researchchemicalhub.com\/fi\/wp-json\/wp\/v2\/product"}],"about":[{"href":"https:\/\/researchchemicalhub.com\/fi\/wp-json\/wp\/v2\/types\/product"}],"replies":[{"embeddable":true,"href":"https:\/\/researchchemicalhub.com\/fi\/wp-json\/wp\/v2\/comments?post=24939"}],"version-history":[{"count":6,"href":"https:\/\/researchchemicalhub.com\/fi\/wp-json\/wp\/v2\/product\/24939\/revisions"}],"predecessor-version":[{"id":28629,"href":"https:\/\/researchchemicalhub.com\/fi\/wp-json\/wp\/v2\/product\/24939\/revisions\/28629"}],"wp:featuredmedia":[{"embeddable":true,"href":"https:\/\/researchchemicalhub.com\/fi\/wp-json\/wp\/v2\/media\/28375"}],"wp:attachment":[{"href":"https:\/\/researchchemicalhub.com\/fi\/wp-json\/wp\/v2\/media?parent=24939"}],"wp:term":[{"taxonomy":"product_brand","embeddable":true,"href":"https:\/\/researchchemicalhub.com\/fi\/wp-json\/wp\/v2\/product_brand?post=24939"},{"taxonomy":"product_cat","embeddable":true,"href":"https:\/\/researchchemicalhub.com\/fi\/wp-json\/wp\/v2\/product_cat?post=24939"},{"taxonomy":"product_tag","embeddable":true,"href":"https:\/\/researchchemicalhub.com\/fi\/wp-json\/wp\/v2\/product_tag?post=24939"}],"curies":[{"name":"wp","href":"https:\/\/api.w.org\/{rel}","templated":true}]}}