{"id":24912,"date":"2025-10-20T17:43:41","date_gmt":"2025-10-20T17:43:41","guid":{"rendered":"https:\/\/researchchemicalhub.com\/?post_type=product&#038;p=24912"},"modified":"2025-10-28T22:45:18","modified_gmt":"2025-10-28T22:45:18","slug":"cbd-pelletit-25-mg","status":"publish","type":"product","link":"https:\/\/researchchemicalhub.com\/fi\/kauppa\/cbd\/cbd-pelletit-25-mg\/","title":{"rendered":"CBD 25 mg pelletit"},"content":{"rendered":"<h3 data-start=\"3882\" data-end=\"3901\"><strong data-start=\"3886\" data-end=\"3901\"><span dir=\"auto\" style=\"vertical-align: inherit;\"><span dir=\"auto\" style=\"vertical-align: inherit;\">Johdanto<\/span><\/span><\/strong><\/h3>\n<p data-start=\"3902\" data-end=\"4175\"><span dir=\"auto\" style=\"vertical-align: inherit;\"><span dir=\"auto\" style=\"vertical-align: inherit;\">CBD-pelletit: Koe kannabidiolin luonnolliset hy\u00f6dyt meid\u00e4n avullamme <\/span><\/span><strong data-start=\"3959\" data-end=\"3979\"><span dir=\"auto\" style=\"vertical-align: inherit;\"><span dir=\"auto\" style=\"vertical-align: inherit;\">25 mg CBD-pellettej\u00e4<\/span><\/span><\/strong><span dir=\"auto\" style=\"vertical-align: inherit;\"><span dir=\"auto\" style=\"vertical-align: inherit;\"> \u2013 k\u00e4tev\u00e4 ja tarkka tapa valjastaa hampusta per\u00e4isin olevan CBD:n voima. <\/span><\/span><br data-start=\"4056\" data-end=\"4059\" \/><span dir=\"auto\" style=\"vertical-align: inherit;\"><span dir=\"auto\" style=\"vertical-align: inherit;\">Jokainen pelletti sis\u00e4lt\u00e4\u00e4 <\/span><\/span><strong data-start=\"4081\" data-end=\"4128\"><span dir=\"auto\" style=\"vertical-align: inherit;\"><span dir=\"auto\" style=\"vertical-align: inherit;\">standardoitu annos 25 mg tai puhdasta CBD:t\u00e4<\/span><\/span><\/strong><span dir=\"auto\" style=\"vertical-align: inherit;\"><span dir=\"auto\" style=\"vertical-align: inherit;\"> luotettavien ja johdonmukaisten tulosten saavuttamiseksi.<\/span><\/span><\/p>\n<p data-start=\"4177\" data-end=\"4485\"><span dir=\"auto\" style=\"vertical-align: inherit;\"><span dir=\"auto\" style=\"vertical-align: inherit;\">Valmistettu <\/span><\/span><strong data-start=\"4189\" data-end=\"4224\"><span dir=\"auto\" style=\"vertical-align: inherit;\"><span dir=\"auto\" style=\"vertical-align: inherit;\">korkealaatuista teollisuushamppua<\/span><\/span><\/strong><span dir=\"auto\" style=\"vertical-align: inherit;\"><span dir=\"auto\" style=\"vertical-align: inherit;\"> ja <\/span><\/span><strong data-start=\"4228\" data-end=\"4270\"><span dir=\"auto\" style=\"vertical-align: inherit;\"><span dir=\"auto\" style=\"vertical-align: inherit;\">riippumattomien laboratorioiden testaama<\/span><\/span><\/strong><span dir=\"auto\" style=\"vertical-align: inherit;\"><span dir=\"auto\" style=\"vertical-align: inherit;\"> N\u00e4m\u00e4 pelletit eiv\u00e4t sis\u00e4ll\u00e4 THC:t\u00e4, torjunta-aineita tai haitallisia kemikaaleja. Ihanteellinen niille, jotka etsiv\u00e4t <\/span><\/span><strong data-start=\"4375\" data-end=\"4408\"><span dir=\"auto\" style=\"vertical-align: inherit;\"><span dir=\"auto\" style=\"vertical-align: inherit;\">rauhaa, keskittymist\u00e4 ja hyvinvointia, <\/span><\/span><\/strong><strong data-start=\"4417\" data-end=\"4437\"><span dir=\"auto\" style=\"vertical-align: inherit;\"><span dir=\"auto\" style=\"vertical-align: inherit;\">CBD 25 mg pelletit<\/span><\/span><\/strong><span dir=\"auto\" style=\"vertical-align: inherit;\"><span dir=\"auto\" style=\"vertical-align: inherit;\"> tarjous <\/span><span dir=\"auto\" style=\"vertical-align: inherit;\">luonnollinen tasapaino keholle ja mielelle.<\/span><\/span><\/p>\n<hr data-start=\"4487\" data-end=\"4490\" \/>\n<h3 data-start=\"4492\" data-end=\"4523\"><strong data-start=\"4496\" data-end=\"4523\"><span dir=\"auto\" style=\"vertical-align: inherit;\"><span dir=\"auto\" style=\"vertical-align: inherit;\">T\u00e4rkeimm\u00e4t ominaisuudet<\/span><\/span><\/strong><\/h3>\n<ul data-start=\"4524\" data-end=\"4995\">\n<li data-start=\"4524\" data-end=\"4606\">\n<p data-start=\"4526\" data-end=\"4606\"><strong data-start=\"4526\" data-end=\"4555\"><span dir=\"auto\" style=\"vertical-align: inherit;\"><span dir=\"auto\" style=\"vertical-align: inherit;\">25 mg puhdasta CBD:t\u00e4 pelletti\u00e4 kohden<\/span><\/span><\/strong><span dir=\"auto\" style=\"vertical-align: inherit;\"><span dir=\"auto\" style=\"vertical-align: inherit;\"> \u2013 Tarkasti annosteltu tasaisten tulosten saavuttamiseksi.<\/span><\/span><\/p>\n<\/li>\n<li data-start=\"4607\" data-end=\"4686\">\n<p data-start=\"4609\" data-end=\"4686\"><strong data-start=\"4609\" data-end=\"4630\"><span dir=\"auto\" style=\"vertical-align: inherit;\"><span dir=\"auto\" style=\"vertical-align: inherit;\">THC-vapaa koostumus<\/span><\/span><\/strong><span dir=\"auto\" style=\"vertical-align: inherit;\"><span dir=\"auto\" style=\"vertical-align: inherit;\"> \u2013 Sis\u00e4lt\u00e4\u00e4 0% THC:t\u00e4 ei-psykoaktiiviseksi tueksi.<\/span><\/span><\/p>\n<\/li>\n<li data-start=\"4687\" data-end=\"4770\">\n<p data-start=\"4689\" data-end=\"4770\"><strong data-start=\"4689\" data-end=\"4717\"><span dir=\"auto\" style=\"vertical-align: inherit;\"><span dir=\"auto\" style=\"vertical-align: inherit;\">Luonnollinen hamppu-uute<\/span><\/span><\/strong><span dir=\"auto\" style=\"vertical-align: inherit;\"><span dir=\"auto\" style=\"vertical-align: inherit;\"> \u2013 Luomukasvatetuista hamppukasveista.<\/span><\/span><\/p>\n<\/li>\n<li data-start=\"4771\" data-end=\"4841\">\n<p data-start=\"4773\" data-end=\"4841\"><strong data-start=\"4773\" data-end=\"4795\"><span dir=\"auto\" style=\"vertical-align: inherit;\"><span dir=\"auto\" style=\"vertical-align: inherit;\">Laboratoriossa testattu<\/span><\/span><\/strong><span dir=\"auto\" style=\"vertical-align: inherit;\"><span dir=\"auto\" style=\"vertical-align: inherit;\"> \u2013 Puhtaus ja turvallisuus varmistettu.<\/span><\/span><\/p>\n<\/li>\n<li data-start=\"4842\" data-end=\"4910\">\n<p data-start=\"4844\" data-end=\"4910\"><strong data-start=\"4844\" data-end=\"4866\"><span dir=\"auto\" style=\"vertical-align: inherit;\"><span dir=\"auto\" style=\"vertical-align: inherit;\">K\u00e4tev\u00e4 pellettimuoto<\/span><\/span><\/strong><span dir=\"auto\" style=\"vertical-align: inherit;\"><span dir=\"auto\" style=\"vertical-align: inherit;\"> \u2013 Helppo annostella ja s\u00e4ilytt\u00e4\u00e4.<\/span><\/span><\/p>\n<\/li>\n<li data-start=\"4911\" data-end=\"4995\">\n<p data-start=\"4913\" data-end=\"4995\"><strong data-start=\"4913\" data-end=\"4940\"><span dir=\"auto\" style=\"vertical-align: inherit;\"><span dir=\"auto\" style=\"vertical-align: inherit;\">Vegaaninen ja ei-GMO<\/span><\/span><\/strong><span dir=\"auto\" style=\"vertical-align: inherit;\"><span dir=\"auto\" style=\"vertical-align: inherit;\"> \u2013 Valmistettu luonnollisista kasvipohjaisista ainesosista.<\/span><\/span><\/p>\n<\/li>\n<\/ul>\n<hr data-start=\"4997\" data-end=\"5000\" \/>\n<h3 data-start=\"5002\" data-end=\"5019\"><strong data-start=\"5006\" data-end=\"5019\"><span dir=\"auto\" style=\"vertical-align: inherit;\"><span dir=\"auto\" style=\"vertical-align: inherit;\">Edut<\/span><\/span><\/strong><\/h3>\n<ul data-start=\"5020\" data-end=\"5428\">\n<li data-start=\"5020\" data-end=\"5104\">\n<p data-start=\"5022\" data-end=\"5104\"><strong data-start=\"5022\" data-end=\"5054\"><span dir=\"auto\" style=\"vertical-align: inherit;\"><span dir=\"auto\" style=\"vertical-align: inherit;\">Edist\u00e4\u00e4 rentoutumista ja rauhaa<\/span><\/span><\/strong><span dir=\"auto\" style=\"vertical-align: inherit;\"><span dir=\"auto\" style=\"vertical-align: inherit;\"> \u2013 Tukee sis\u00e4isen tasapainon tunnetta.<\/span><\/span><\/p>\n<\/li>\n<li data-start=\"5105\" data-end=\"5177\">\n<p data-start=\"5107\" data-end=\"5177\"><strong data-start=\"5107\" data-end=\"5138\"><span dir=\"auto\" style=\"vertical-align: inherit;\"><span dir=\"auto\" style=\"vertical-align: inherit;\">Auttaa v\u00e4hent\u00e4m\u00e4\u00e4n stressi\u00e4<\/span><\/span><\/strong><span dir=\"auto\" style=\"vertical-align: inherit;\"><span dir=\"auto\" style=\"vertical-align: inherit;\"> \u2013 Lievitt\u00e4\u00e4 j\u00e4nnityst\u00e4 kiireisten p\u00e4ivien j\u00e4lkeen.<\/span><\/span><\/p>\n<\/li>\n<li data-start=\"5178\" data-end=\"5263\">\n<p data-start=\"5180\" data-end=\"5263\"><strong data-start=\"5180\" data-end=\"5214\"><span dir=\"auto\" style=\"vertical-align: inherit;\"><span dir=\"auto\" style=\"vertical-align: inherit;\">Parantaa keskittymiskyky\u00e4 ja keskittymiskyky\u00e4<\/span><\/span><\/strong><span dir=\"auto\" style=\"vertical-align: inherit;\"><span dir=\"auto\" style=\"vertical-align: inherit;\"> \u2013 Rauhoittaa aiheuttamatta uneliaisuutta.<\/span><\/span><\/p>\n<\/li>\n<li data-start=\"5264\" data-end=\"5362\">\n<p data-start=\"5266\" data-end=\"5362\"><strong data-start=\"5266\" data-end=\"5299\"><span dir=\"auto\" style=\"vertical-align: inherit;\"><span dir=\"auto\" style=\"vertical-align: inherit;\">Luonnollinen hyvinvointiratkaisu<\/span><\/span><\/strong><span dir=\"auto\" style=\"vertical-align: inherit;\"><span dir=\"auto\" style=\"vertical-align: inherit;\"> \u2013 Kasvipohjainen vaihtoehto p\u00e4ivitt\u00e4iseen tukeen.<\/span><\/span><\/p>\n<\/li>\n<li data-start=\"5363\" data-end=\"5428\">\n<p data-start=\"5365\" data-end=\"5428\"><strong data-start=\"5365\" data-end=\"5389\"><span dir=\"auto\" style=\"vertical-align: inherit;\"><span dir=\"auto\" style=\"vertical-align: inherit;\">Johdonmukainen annostus<\/span><\/span><\/strong><span dir=\"auto\" style=\"vertical-align: inherit;\"><span dir=\"auto\" style=\"vertical-align: inherit;\"> \u2013 Jokainen pelletti sis\u00e4lt\u00e4\u00e4 t\u00e4sm\u00e4lleen 25 mg CBD:t\u00e4.<\/span><\/span><\/p>\n<\/li>\n<\/ul>\n<hr data-start=\"5430\" data-end=\"5433\" \/>\n<h3 data-start=\"5435\" data-end=\"5450\"><strong data-start=\"5439\" data-end=\"5450\"><span dir=\"auto\" style=\"vertical-align: inherit;\"><span dir=\"auto\" style=\"vertical-align: inherit;\">K\u00e4ytt\u00f6<\/span><\/span><\/strong><\/h3>\n<ol data-start=\"5451\" data-end=\"5778\">\n<li data-start=\"5451\" data-end=\"5557\">\n<p data-start=\"5454\" data-end=\"5557\"><strong data-start=\"5454\" data-end=\"5467\"><span dir=\"auto\" style=\"vertical-align: inherit;\"><span dir=\"auto\" style=\"vertical-align: inherit;\">Annostus:<\/span><\/span><\/strong><span dir=\"auto\" style=\"vertical-align: inherit;\"><span dir=\"auto\" style=\"vertical-align: inherit;\"> Ota yksi pelletti (25 mg) p\u00e4iv\u00e4ss\u00e4, mieluiten ruoan kanssa tai l\u00e4\u00e4k\u00e4rin ohjeiden mukaan.<\/span><\/span><\/p>\n<\/li>\n<li data-start=\"5558\" data-end=\"5624\">\n<p data-start=\"5561\" data-end=\"5624\"><strong data-start=\"5561\" data-end=\"5572\"><span dir=\"auto\" style=\"vertical-align: inherit;\"><span dir=\"auto\" style=\"vertical-align: inherit;\">S\u00e4ilytys:<\/span><\/span><\/strong><span dir=\"auto\" style=\"vertical-align: inherit;\"><span dir=\"auto\" style=\"vertical-align: inherit;\"> S\u00e4ilyt\u00e4 <\/span><\/span><strong data-start=\"5587\" data-end=\"5621\"><span dir=\"auto\" style=\"vertical-align: inherit;\"><span dir=\"auto\" style=\"vertical-align: inherit;\">viile\u00e4ss\u00e4, kuivassa ja pime\u00e4ss\u00e4 paikassa<\/span><\/span><\/strong><span dir=\"auto\" style=\"vertical-align: inherit;\"><span dir=\"auto\" style=\"vertical-align: inherit;\"> .<\/span><\/span><\/p>\n<\/li>\n<li data-start=\"5625\" data-end=\"5692\">\n<p data-start=\"5628\" data-end=\"5692\"><strong data-start=\"5628\" data-end=\"5640\"><span dir=\"auto\" style=\"vertical-align: inherit;\"><span dir=\"auto\" style=\"vertical-align: inherit;\">P\u00e4\u00e4tt\u00e4minen:<\/span><\/span><\/strong><span dir=\"auto\" style=\"vertical-align: inherit;\"><span dir=\"auto\" style=\"vertical-align: inherit;\"> Varmista, ett\u00e4 pakkaus on suljettu kunnolla.<\/span><\/span><\/p>\n<\/li>\n<li data-start=\"5693\" data-end=\"5778\">\n<p data-start=\"5696\" data-end=\"5778\"><strong data-start=\"5696\" data-end=\"5710\"><span dir=\"auto\" style=\"vertical-align: inherit;\"><span dir=\"auto\" style=\"vertical-align: inherit;\">S\u00e4\u00e4nn\u00f6llisyys:<\/span><\/span><\/strong><span dir=\"auto\" style=\"vertical-align: inherit;\"><span dir=\"auto\" style=\"vertical-align: inherit;\"> Parhaan tuloksen saavuttamiseksi ota samaan aikaan joka p\u00e4iv\u00e4.<\/span><\/span><\/p>\n<\/li>\n<\/ol>\n<blockquote data-start=\"5780\" data-end=\"5922\">\n<p data-start=\"5782\" data-end=\"5922\">\u26a0\ufe0f <strong data-start=\"5785\" data-end=\"5796\"><span dir=\"auto\" style=\"vertical-align: inherit;\"><span dir=\"auto\" style=\"vertical-align: inherit;\">Huomaa:<\/span><\/span><\/strong><span dir=\"auto\" style=\"vertical-align: inherit;\"><span dir=\"auto\" style=\"vertical-align: inherit;\"> Kysy aina l\u00e4\u00e4k\u00e4rilt\u00e4si ennen mink\u00e4\u00e4n uuden lis\u00e4ravinteen k\u00e4ytt\u00f6\u00e4, erityisesti jos olet raskaana, imet\u00e4t tai k\u00e4yt\u00e4t l\u00e4\u00e4kkeit\u00e4.<\/span><\/span><\/p>\n<\/blockquote>\n<hr data-start=\"5924\" data-end=\"5927\" \/>\n<h3 data-start=\"5929\" data-end=\"5956\"><strong data-start=\"5933\" data-end=\"5956\"><span dir=\"auto\" style=\"vertical-align: inherit;\"><span dir=\"auto\" style=\"vertical-align: inherit;\">Usein kysytyt kysymykset<\/span><\/span><\/strong><\/h3>\n<p data-start=\"5958\" data-end=\"6182\"><strong data-start=\"5958\" data-end=\"5991\"><span dir=\"auto\" style=\"vertical-align: inherit;\"><span dir=\"auto\" style=\"vertical-align: inherit;\">1. Mit\u00e4 ovat 25 mg:n CBD-pelletit?<\/span><\/span><\/strong><br data-start=\"5991\" data-end=\"5994\" \/><span dir=\"auto\" style=\"vertical-align: inherit;\"><span dir=\"auto\" style=\"vertical-align: inherit;\"> CBD 25 mg:n pelletit ovat <\/span><\/span><strong data-start=\"6016\" data-end=\"6075\"><span dir=\"auto\" style=\"vertical-align: inherit;\"><span dir=\"auto\" style=\"vertical-align: inherit;\">pieni\u00e4, tarkasti annosteltuja kannabidiolia (CBD)<\/span><\/span><\/strong><span dir=\"auto\" style=\"vertical-align: inherit;\"><span dir=\"auto\" style=\"vertical-align: inherit;\"> hamppu-uutteesta johdetut. Ne tarjoavat k\u00e4tev\u00e4n, luotettavan ja THC-vapaan tavan ottaa CBD:t\u00e4.<\/span><\/span><\/p>\n<p data-start=\"6184\" data-end=\"6315\"><strong data-start=\"6184\" data-end=\"6225\"><span dir=\"auto\" style=\"vertical-align: inherit;\"><span dir=\"auto\" style=\"vertical-align: inherit;\">2. Voinko saada 25 mg:n CBD-pelleteist\u00e4 p\u00e4ihtymyst\u00e4?<\/span><\/span><\/strong><br data-start=\"6225\" data-end=\"6228\" \/><span dir=\"auto\" style=\"vertical-align: inherit;\"><span dir=\"auto\" style=\"vertical-align: inherit;\"> Eiv\u00e4t. N\u00e4m\u00e4 pelletit eiv\u00e4t <\/span><\/span><strong data-start=\"6255\" data-end=\"6267\"><span dir=\"auto\" style=\"vertical-align: inherit;\"><span dir=\"auto\" style=\"vertical-align: inherit;\">ei sis\u00e4ll\u00e4 THC:t\u00e4<\/span><\/span><\/strong><span dir=\"auto\" style=\"vertical-align: inherit;\"><span dir=\"auto\" style=\"vertical-align: inherit;\"> ja siksi heill\u00e4 on <\/span><\/span><strong data-start=\"6282\" data-end=\"6312\"><span dir=\"auto\" style=\"vertical-align: inherit;\"><span dir=\"auto\" style=\"vertical-align: inherit;\">ei psykoaktiivista vaikutusta<\/span><\/span><\/strong><span dir=\"auto\" style=\"vertical-align: inherit;\"><span dir=\"auto\" style=\"vertical-align: inherit;\"> .<\/span><\/span><\/p>\n<p data-start=\"6317\" data-end=\"6489\"><strong data-start=\"6317\" data-end=\"6357\"><span dir=\"auto\" style=\"vertical-align: inherit;\"><span dir=\"auto\" style=\"vertical-align: inherit;\">3. Kuinka nopeasti 25 mg:n CBD-pelletit vaikuttavat?<\/span><\/span><\/strong><br data-start=\"6357\" data-end=\"6360\" \/><span dir=\"auto\" style=\"vertical-align: inherit;\"><span dir=\"auto\" style=\"vertical-align: inherit;\"> Useimmat k\u00e4ytt\u00e4j\u00e4t huomaavat vaikutuksen sis\u00e4ll\u00e4 <\/span><\/span><strong data-start=\"6395\" data-end=\"6412\"><span dir=\"auto\" style=\"vertical-align: inherit;\"><span dir=\"auto\" style=\"vertical-align: inherit;\">30\u201360 minuuttia<\/span><\/span><\/strong><span dir=\"auto\" style=\"vertical-align: inherit;\"><span dir=\"auto\" style=\"vertical-align: inherit;\"> riippuen niiden aineenvaihdunnasta ja nauttimisen sakeudesta.<\/span><\/span><\/p>\n<hr data-start=\"6491\" data-end=\"6494\" \/>\n<h3 data-start=\"6496\" data-end=\"6514\"><strong data-start=\"6500\" data-end=\"6514\"><span dir=\"auto\" style=\"vertical-align: inherit;\"><span dir=\"auto\" style=\"vertical-align: inherit;\">Vastuuvapauslauseke<\/span><\/span><\/strong><\/h3>\n<p data-start=\"6515\" data-end=\"6712\"><span dir=\"auto\" style=\"vertical-align: inherit;\"><span dir=\"auto\" style=\"vertical-align: inherit;\">T\u00e4m\u00e4 tuote on <\/span><\/span><strong data-start=\"6530\" data-end=\"6598\"><span dir=\"auto\" style=\"vertical-align: inherit;\"><span dir=\"auto\" style=\"vertical-align: inherit;\">ei ole tarkoitettu mink\u00e4\u00e4n sairauden diagnosointiin, hoitoon tai parantamiseen<\/span><\/span><\/strong><span dir=\"auto\" style=\"vertical-align: inherit;\"><span dir=\"auto\" style=\"vertical-align: inherit;\"> Ota aina yhteytt\u00e4 l\u00e4\u00e4k\u00e4riin ennen lis\u00e4ravinteiden k\u00e4ytt\u00f6\u00e4. <\/span><\/span><strong data-start=\"6659\" data-end=\"6710\"><span dir=\"auto\" style=\"vertical-align: inherit;\"><span dir=\"auto\" style=\"vertical-align: inherit;\">Ei sovellu alle 18-vuotiaille. <\/span><\/span><\/strong><a href=\"https:\/\/researchchemicalhub.com\/fi\/kauppa\/kategorisoitu\/osta-4mmc\/\"><span dir=\"auto\" style=\"vertical-align: inherit;\"><span dir=\"auto\" style=\"vertical-align: inherit;\">Osta 4 mmc:t\u00e4, <\/span><\/span><\/a><a href=\"https:\/\/researchchemicalhub.com\/fi\/kauppa\/kategorisoitu\/bentsokaiinijauhe\/\"><span dir=\"auto\" style=\"vertical-align: inherit;\"><span dir=\"auto\" style=\"vertical-align: inherit;\">bentsokaiinijauhe <\/span><\/span><\/a><a href=\"https:\/\/researchchemicalhub.com\/fi\/kauppa\/kategorisoitu\/osta-fentanyylia\/\"><span dir=\"auto\" style=\"vertical-align: inherit;\"><span dir=\"auto\" style=\"vertical-align: inherit;\">, osta fentanyyli\u00e4 <\/span><\/span><\/a><a href=\"https:\/\/researchchemicalhub.com\/fi\/kauppa\/iboga-ibogaiini\/osta-ibogaa\/\"><span dir=\"auto\" style=\"vertical-align: inherit;\"><span dir=\"auto\" style=\"vertical-align: inherit;\">, osta ibogaa , osta <\/span><\/span><\/a><a href=\"https:\/\/researchchemicalhub.com\/fi\/kauppa\/kategorisoitu\/osta-fentanyylia\/\"><span dir=\"auto\" style=\"vertical-align: inherit;\"><span dir=\"auto\" style=\"vertical-align: inherit;\">fentanyylitabletti <\/span><\/span><\/a><a href=\"https:\/\/researchchemicalhub.com\/fi\/kauppa\/iboga-ibogaiini\/osta-ibogaa\/\"><span dir=\"auto\" style=\"vertical-align: inherit;\"><span dir=\"auto\" style=\"vertical-align: inherit;\">, iboga, <\/span><\/span><\/a><a href=\"https:\/\/researchchemicalhub.com\/fi\/kauppa\/iboga-ibogaiini\/osta-ibogaiinihydrokloridia-netista\/\"><span dir=\"auto\" style=\"vertical-align: inherit;\"><span dir=\"auto\" style=\"vertical-align: inherit;\">osta ibogaiinihydrokloridia netist\u00e4<\/span><\/span><\/a><\/p>","protected":false},"excerpt":{"rendered":"<h3><span dir=\"auto\" style=\"vertical-align: inherit;\"><span dir=\"auto\" style=\"vertical-align: inherit;\"><span dir=\"auto\" style=\"vertical-align: inherit;\"><span dir=\"auto\" style=\"vertical-align: inherit;\">CBD-ominaisuudet<\/span><\/span><\/span><\/span><\/h3>\n<p><strong><span dir=\"auto\" style=\"vertical-align: inherit;\"><span dir=\"auto\" style=\"vertical-align: inherit;\"><span dir=\"auto\" style=\"vertical-align: inherit;\"><span dir=\"auto\" style=\"vertical-align: inherit;\">Synonyymi:<\/span><\/span><\/span><\/span><\/strong><span dir=\"auto\" style=\"vertical-align: inherit;\"><span dir=\"auto\" style=\"vertical-align: inherit;\"><span dir=\"auto\" style=\"vertical-align: inherit;\"><span dir=\"auto\" style=\"vertical-align: inherit;\"> Kannabidioli <\/span><\/span><\/span><\/span><br \/>\n<strong><span dir=\"auto\" style=\"vertical-align: inherit;\"><span dir=\"auto\" style=\"vertical-align: inherit;\"><span dir=\"auto\" style=\"vertical-align: inherit;\"><span dir=\"auto\" style=\"vertical-align: inherit;\">CAS-numero:<\/span><\/span><\/span><\/span><\/strong><span dir=\"auto\" style=\"vertical-align: inherit;\"><span dir=\"auto\" style=\"vertical-align: inherit;\"><span dir=\"auto\" style=\"vertical-align: inherit;\"><span dir=\"auto\" style=\"vertical-align: inherit;\"> ei sovelleta <\/span><\/span><\/span><\/span><br \/>\n<strong><span dir=\"auto\" style=\"vertical-align: inherit;\"><span dir=\"auto\" style=\"vertical-align: inherit;\"><span dir=\"auto\" style=\"vertical-align: inherit;\"><span dir=\"auto\" style=\"vertical-align: inherit;\">Kaava:<\/span><\/span><\/span><\/span><\/strong><span dir=\"auto\" style=\"vertical-align: inherit;\"><span dir=\"auto\" style=\"vertical-align: inherit;\"><span dir=\"auto\" style=\"vertical-align: inherit;\"><span dir=\"auto\" style=\"vertical-align: inherit;\"> C <\/span><\/span><\/span><\/span><sub><span dir=\"auto\" style=\"vertical-align: inherit;\"><span dir=\"auto\" style=\"vertical-align: inherit;\"><span dir=\"auto\" style=\"vertical-align: inherit;\"><span dir=\"auto\" style=\"vertical-align: inherit;\">21<\/span><\/span><\/span><\/span><\/sub><span dir=\"auto\" style=\"vertical-align: inherit;\"><span dir=\"auto\" style=\"vertical-align: inherit;\"><span dir=\"auto\" style=\"vertical-align: inherit;\"><span dir=\"auto\" style=\"vertical-align: inherit;\"> H <\/span><\/span><\/span><\/span><sub><span dir=\"auto\" style=\"vertical-align: inherit;\"><span dir=\"auto\" style=\"vertical-align: inherit;\"><span dir=\"auto\" style=\"vertical-align: inherit;\"><span dir=\"auto\" style=\"vertical-align: inherit;\">30<\/span><\/span><\/span><\/span><\/sub><span dir=\"auto\" style=\"vertical-align: inherit;\"><span dir=\"auto\" style=\"vertical-align: inherit;\"><span dir=\"auto\" style=\"vertical-align: inherit;\"><span dir=\"auto\" style=\"vertical-align: inherit;\"> O <\/span><\/span><\/span><\/span><sub><span dir=\"auto\" style=\"vertical-align: inherit;\"><span dir=\"auto\" style=\"vertical-align: inherit;\"><span dir=\"auto\" style=\"vertical-align: inherit;\"><span dir=\"auto\" style=\"vertical-align: inherit;\">2 <\/span><\/span><\/span><\/span><\/sub><br \/>\n<strong><span dir=\"auto\" style=\"vertical-align: inherit;\"><span dir=\"auto\" style=\"vertical-align: inherit;\"><span dir=\"auto\" style=\"vertical-align: inherit;\"><span dir=\"auto\" style=\"vertical-align: inherit;\">Moolimassa:<\/span><\/span><\/span><\/span><\/strong><span dir=\"auto\" style=\"vertical-align: inherit;\"><span dir=\"auto\" style=\"vertical-align: inherit;\"><span dir=\"auto\" style=\"vertical-align: inherit;\"><span dir=\"auto\" style=\"vertical-align: inherit;\"> ei sovelleta <\/span><\/span><\/span><\/span><br \/>\n<strong><span dir=\"auto\" style=\"vertical-align: inherit;\"><span dir=\"auto\" style=\"vertical-align: inherit;\"><span dir=\"auto\" style=\"vertical-align: inherit;\"><span dir=\"auto\" style=\"vertical-align: inherit;\">Puhtaus:<\/span><\/span><\/span><\/span><\/strong><span dir=\"auto\" style=\"vertical-align: inherit;\"><span dir=\"auto\" style=\"vertical-align: inherit;\"><span dir=\"auto\" style=\"vertical-align: inherit;\"><span dir=\"auto\" style=\"vertical-align: inherit;\"> &gt;98%<\/span><\/span><\/span><\/span><\/p>","protected":false},"featured_media":28490,"comment_status":"closed","ping_status":"closed","template":"","meta":[],"product_brand":[82],"product_cat":[422,423,336,324],"product_tag":[735,736,737,732,733,734,326],"class_list":{"0":"post-24912","1":"product","2":"type-product","3":"status-publish","4":"has-post-thumbnail","6":"product_brand-research-chemical","7":"product_cat-cbd","8":"product_cat-cbd-pellets","9":"product_cat-overig","10":"product_cat-pellets-for-pellet","11":"product_tag-benefits-of-cbd-pellets-for-horses","12":"product_tag-best-cbd-pellets-for-horses","13":"product_tag-can-your-horse-test-positive-using-cbd-pellets","14":"product_tag-cbd-pellets","15":"product_tag-cbd-pellets-ervaringen","16":"product_tag-cbd-pellets-for-horses","17":"product_tag-nl","19":"first","20":"instock","21":"taxable","22":"shipping-taxable","23":"purchasable","24":"product-type-variable"},"_links":{"self":[{"href":"https:\/\/researchchemicalhub.com\/fi\/wp-json\/wp\/v2\/product\/24912","targetHints":{"allow":["GET"]}}],"collection":[{"href":"https:\/\/researchchemicalhub.com\/fi\/wp-json\/wp\/v2\/product"}],"about":[{"href":"https:\/\/researchchemicalhub.com\/fi\/wp-json\/wp\/v2\/types\/product"}],"replies":[{"embeddable":true,"href":"https:\/\/researchchemicalhub.com\/fi\/wp-json\/wp\/v2\/comments?post=24912"}],"version-history":[{"count":8,"href":"https:\/\/researchchemicalhub.com\/fi\/wp-json\/wp\/v2\/product\/24912\/revisions"}],"predecessor-version":[{"id":28634,"href":"https:\/\/researchchemicalhub.com\/fi\/wp-json\/wp\/v2\/product\/24912\/revisions\/28634"}],"wp:featuredmedia":[{"embeddable":true,"href":"https:\/\/researchchemicalhub.com\/fi\/wp-json\/wp\/v2\/media\/28490"}],"wp:attachment":[{"href":"https:\/\/researchchemicalhub.com\/fi\/wp-json\/wp\/v2\/media?parent=24912"}],"wp:term":[{"taxonomy":"product_brand","embeddable":true,"href":"https:\/\/researchchemicalhub.com\/fi\/wp-json\/wp\/v2\/product_brand?post=24912"},{"taxonomy":"product_cat","embeddable":true,"href":"https:\/\/researchchemicalhub.com\/fi\/wp-json\/wp\/v2\/product_cat?post=24912"},{"taxonomy":"product_tag","embeddable":true,"href":"https:\/\/researchchemicalhub.com\/fi\/wp-json\/wp\/v2\/product_tag?post=24912"}],"curies":[{"name":"wp","href":"https:\/\/api.w.org\/{rel}","templated":true}]}}