{"id":24605,"date":"2025-10-20T17:42:16","date_gmt":"2025-10-20T17:42:16","guid":{"rendered":"https:\/\/researchchemicalhub.com\/?post_type=product&#038;p=24605"},"modified":"2025-10-29T07:57:51","modified_gmt":"2025-10-29T07:57:51","slug":"5-meo-dalt-hcl","status":"publish","type":"product","link":"https:\/\/researchchemicalhub.com\/fi\/shop\/5-meo-dalt\/5-meo-dalt-hcl\/","title":{"rendered":"5-MeO-DALT-HCl"},"content":{"rendered":"<h3 data-start=\"3841\" data-end=\"3862\"><strong data-start=\"3845\" data-end=\"3860\"><span dir=\"auto\" style=\"vertical-align: inherit;\"><span dir=\"auto\" style=\"vertical-align: inherit;\">Johdanto<\/span><\/span><\/strong><\/h3>\n<p data-start=\"3863\" data-end=\"4177\"><strong data-start=\"3863\" data-end=\"3929\"><span dir=\"auto\" style=\"vertical-align: inherit;\"><span dir=\"auto\" style=\"vertical-align: inherit;\">5-MeO-DALT HCl (5-metoksi-N,N-diallyylitryptamiinihydrokloridi)<\/span><\/span><\/strong><span dir=\"auto\" style=\"vertical-align: inherit;\"><span dir=\"auto\" style=\"vertical-align: inherit;\"> on <\/span><\/span><strong data-start=\"3937\" data-end=\"3974\"><span dir=\"auto\" style=\"vertical-align: inherit;\"><span dir=\"auto\" style=\"vertical-align: inherit;\">synteettinen tryptamiiniyhdiste<\/span><\/span><\/strong><span dir=\"auto\" style=\"vertical-align: inherit;\"><span dir=\"auto\" style=\"vertical-align: inherit;\"> rakenteellisesti sukua DMT:lle ja 5-MeO-DMT:lle. Se kuuluu substituoitujen tryptamiinien perheeseen ja tunnetaan vuorovaikutuksestaan serotoniinireseptorien kanssa, erityisesti <\/span><\/span><strong data-start=\"4154\" data-end=\"4174\"><span dir=\"auto\" style=\"vertical-align: inherit;\"><span dir=\"auto\" style=\"vertical-align: inherit;\">5-HT2A ja 5-HT1A<\/span><\/span><\/strong><span dir=\"auto\" style=\"vertical-align: inherit;\"><span dir=\"auto\" style=\"vertical-align: inherit;\"> 5 miljoonaa natriumkloridia<\/span><\/span><\/p>\n<p data-start=\"4179\" data-end=\"4510\"><span dir=\"auto\" style=\"vertical-align: inherit;\"><span dir=\"auto\" style=\"vertical-align: inherit;\">Sis\u00e4\u00e4n <\/span><\/span><strong data-start=\"4182\" data-end=\"4226\"><span dir=\"auto\" style=\"vertical-align: inherit;\"><span dir=\"auto\" style=\"vertical-align: inherit;\">tieteellinen ja analyyttinen tutkimus,<\/span><\/span><\/strong><span dir=\"auto\" style=\"vertical-align: inherit;\"><span dir=\"auto\" style=\"vertical-align: inherit;\"> 5-MeO-DALT HCl:n arvo on <\/span><\/span><strong data-start=\"4264\" data-end=\"4282\"><span dir=\"auto\" style=\"vertical-align: inherit;\"><span dir=\"auto\" style=\"vertical-align: inherit;\">vertailuaine<\/span><\/span><\/strong><span dir=\"auto\" style=\"vertical-align: inherit;\"><span dir=\"auto\" style=\"vertical-align: inherit;\"> rakenteellisiin ja farmakologisiin tutkimuksiin, mukaan lukien reseptorien sitoutuminen ja metabolia. T\u00e4m\u00e4 tuote on <\/span><\/span><strong data-start=\"4389\" data-end=\"4408\"><span dir=\"auto\" style=\"vertical-align: inherit;\"><span dir=\"auto\" style=\"vertical-align: inherit;\">korkea puhtausaste<\/span><\/span><\/strong><span dir=\"auto\" style=\"vertical-align: inherit;\"><span dir=\"auto\" style=\"vertical-align: inherit;\"> ja tarkoitettu <\/span><\/span><strong data-start=\"4437\" data-end=\"4460\"><span dir=\"auto\" style=\"vertical-align: inherit;\"><span dir=\"auto\" style=\"vertical-align: inherit;\">laboratoriok\u00e4ytt\u00f6\u00f6n<\/span><\/span><\/strong><span dir=\"auto\" style=\"vertical-align: inherit;\"><span dir=\"auto\" style=\"vertical-align: inherit;\"> ainoastaan \u2013 ei ihmisten tai el\u00e4inten ravinnoksi.<\/span><\/span><\/p>\n<hr data-start=\"4512\" data-end=\"4515\" \/>\n<h3 data-start=\"4517\" data-end=\"4548\"><strong data-start=\"4521\" data-end=\"4548\"><span dir=\"auto\" style=\"vertical-align: inherit;\"><span dir=\"auto\" style=\"vertical-align: inherit;\">T\u00e4rkeimm\u00e4t ominaisuudet<\/span><\/span><\/strong><\/h3>\n<ul data-start=\"4550\" data-end=\"4937\">\n<li data-start=\"4550\" data-end=\"4619\">\n<p data-start=\"4552\" data-end=\"4619\"><strong data-start=\"4552\" data-end=\"4571\"><span dir=\"auto\" style=\"vertical-align: inherit;\"><span dir=\"auto\" style=\"vertical-align: inherit;\">Kemiallinen nimi:<\/span><\/span><\/strong><span dir=\"auto\" style=\"vertical-align: inherit;\"><span dir=\"auto\" style=\"vertical-align: inherit;\"> 5-Metoksi-N,N-diallyylitryptamiinihydrokloridi<\/span><\/span><\/p>\n<\/li>\n<li data-start=\"4620\" data-end=\"4658\">\n<p data-start=\"4622\" data-end=\"4658\"><strong data-start=\"4622\" data-end=\"4642\"><span dir=\"auto\" style=\"vertical-align: inherit;\"><span dir=\"auto\" style=\"vertical-align: inherit;\">Molekyylikaava:<\/span><\/span><\/strong><span dir=\"auto\" style=\"vertical-align: inherit;\"><span dir=\"auto\" style=\"vertical-align: inherit;\"> C\u2081\u2086H\u2082\u2081N\u2082O\u00b7HCl<\/span><\/span><\/p>\n<\/li>\n<li data-start=\"4659\" data-end=\"4696\">\n<p data-start=\"4661\" data-end=\"4696\"><strong data-start=\"4661\" data-end=\"4681\"><span dir=\"auto\" style=\"vertical-align: inherit;\"><span dir=\"auto\" style=\"vertical-align: inherit;\">Molekyylipaino:<\/span><\/span><\/strong><span dir=\"auto\" style=\"vertical-align: inherit;\"><span dir=\"auto\" style=\"vertical-align: inherit;\"> 292,81 g\/mol<\/span><\/span><\/p>\n<\/li>\n<li data-start=\"4697\" data-end=\"4789\">\n<p data-start=\"4699\" data-end=\"4789\"><strong data-start=\"4699\" data-end=\"4708\"><span dir=\"auto\" style=\"vertical-align: inherit;\"><span dir=\"auto\" style=\"vertical-align: inherit;\">Lomake:<\/span><\/span><\/strong><span dir=\"auto\" style=\"vertical-align: inherit;\"><span dir=\"auto\" style=\"vertical-align: inherit;\"> Kiteinen hydrokloridisuola (stabiili, liukenee helposti etanoliin tai metanoliin)<\/span><\/span><\/p>\n<\/li>\n<li data-start=\"4790\" data-end=\"4843\">\n<p data-start=\"4792\" data-end=\"4843\"><strong data-start=\"4792\" data-end=\"4807\"><span dir=\"auto\" style=\"vertical-align: inherit;\"><span dir=\"auto\" style=\"vertical-align: inherit;\">Puhtaus:<\/span><\/span><\/strong><span dir=\"auto\" style=\"vertical-align: inherit;\"><span dir=\"auto\" style=\"vertical-align: inherit;\"> \u2265 98% (vahvistettu HPLC:ll\u00e4 ja NMR:ll\u00e4)<\/span><\/span><\/p>\n<\/li>\n<li data-start=\"4844\" data-end=\"4875\">\n<p data-start=\"4846\" data-end=\"4875\"><strong data-start=\"4846\" data-end=\"4861\"><span dir=\"auto\" style=\"vertical-align: inherit;\"><span dir=\"auto\" style=\"vertical-align: inherit;\">CAS-numero:<\/span><\/span><\/strong><span dir=\"auto\" style=\"vertical-align: inherit;\"><span dir=\"auto\" style=\"vertical-align: inherit;\"> 928822-98-4<\/span><\/span><\/p>\n<\/li>\n<li data-start=\"4876\" data-end=\"4937\">\n<p data-start=\"4878\" data-end=\"4937\"><strong data-start=\"4878\" data-end=\"4890\"><span dir=\"auto\" style=\"vertical-align: inherit;\"><span dir=\"auto\" style=\"vertical-align: inherit;\">K\u00e4ytt\u00e4\u00e4:<\/span><\/span><\/strong><span dir=\"auto\" style=\"vertical-align: inherit;\"><span dir=\"auto\" style=\"vertical-align: inherit;\"> Vain analyyttiseen ja kemialliseen tutkimukseen, 5 miljoonaa dalt hydrokloridia<\/span><\/span><\/p>\n<\/li>\n<\/ul>\n<hr data-start=\"4939\" data-end=\"4942\" \/>\n<h3 data-start=\"4944\" data-end=\"4961\"><strong data-start=\"4948\" data-end=\"4961\"><span dir=\"auto\" style=\"vertical-align: inherit;\"><span dir=\"auto\" style=\"vertical-align: inherit;\">Edut<\/span><\/span><\/strong><\/h3>\n<ul data-start=\"4963\" data-end=\"5439\">\n<li data-start=\"4963\" data-end=\"5045\">\n<p data-start=\"4965\" data-end=\"5045\"><strong data-start=\"4965\" data-end=\"4993\"><span dir=\"auto\" style=\"vertical-align: inherit;\"><span dir=\"auto\" style=\"vertical-align: inherit;\">Korkea analyyttinen arvo:<\/span><\/span><\/strong><span dir=\"auto\" style=\"vertical-align: inherit;\"><span dir=\"auto\" style=\"vertical-align: inherit;\"> Sopii neurokemialliseen ja reseptoritutkimukseen.<\/span><\/span><\/p>\n<\/li>\n<li data-start=\"5046\" data-end=\"5150\">\n<p data-start=\"5048\" data-end=\"5150\"><strong data-start=\"5048\" data-end=\"5077\"><span dir=\"auto\" style=\"vertical-align: inherit;\"><span dir=\"auto\" style=\"vertical-align: inherit;\">Rakenteellinen vertailu:<\/span><\/span><\/strong><span dir=\"auto\" style=\"vertical-align: inherit;\"><span dir=\"auto\" style=\"vertical-align: inherit;\"> Hy\u00f6dyllinen tryptamiinien, kuten 5-MeO-DMT:n, DALT:n ja MiPT:n, vertailuun.<\/span><\/span><\/p>\n<\/li>\n<li data-start=\"5151\" data-end=\"5237\">\n<p data-start=\"5153\" data-end=\"5237\"><strong data-start=\"5153\" data-end=\"5171\"><span dir=\"auto\" style=\"vertical-align: inherit;\"><span dir=\"auto\" style=\"vertical-align: inherit;\">Vakaa muoto:<\/span><\/span><\/strong><span dir=\"auto\" style=\"vertical-align: inherit;\"><span dir=\"auto\" style=\"vertical-align: inherit;\"> Hydrokloridimuoto tarjoaa paremman stabiilisuuden ja k\u00e4sitelt\u00e4vyyden.<\/span><\/span><\/p>\n<\/li>\n<li data-start=\"5238\" data-end=\"5334\">\n<p data-start=\"5240\" data-end=\"5334\"><strong data-start=\"5240\" data-end=\"5266\"><span dir=\"auto\" style=\"vertical-align: inherit;\"><span dir=\"auto\" style=\"vertical-align: inherit;\">Tasainen laatu:<\/span><\/span><\/strong><span dir=\"auto\" style=\"vertical-align: inherit;\"><span dir=\"auto\" style=\"vertical-align: inherit;\"> Tuotettu tutkimusstandardien mukaisesti, aitoustodistus saatavilla pyynn\u00f6st\u00e4.<\/span><\/span><\/p>\n<\/li>\n<li data-start=\"5335\" data-end=\"5439\">\n<p data-start=\"5337\" data-end=\"5439\"><strong data-start=\"5337\" data-end=\"5360\"><span dir=\"auto\" style=\"vertical-align: inherit;\"><span dir=\"auto\" style=\"vertical-align: inherit;\">Monipuolinen k\u00e4ytt\u00f6:<\/span><\/span><\/strong><span dir=\"auto\" style=\"vertical-align: inherit;\"><span dir=\"auto\" style=\"vertical-align: inherit;\"> Soveltuu kromatografiseen, spektroskooppiseen ja farmakologiseen tutkimukseen.<\/span><\/span><\/p>\n<\/li>\n<\/ul>\n<hr data-start=\"5441\" data-end=\"5444\" \/>\n<h3 data-start=\"5446\" data-end=\"5498\"><strong data-start=\"5450\" data-end=\"5496\"><span dir=\"auto\" style=\"vertical-align: inherit;\"><span dir=\"auto\" style=\"vertical-align: inherit;\">K\u00e4ytt\u00f6 (vain tutkimustarkoituksiin)<\/span><\/span><\/strong><\/h3>\n<blockquote data-start=\"5500\" data-end=\"5662\">\n<p data-start=\"5502\" data-end=\"5662\">\u26a0\ufe0f <strong data-start=\"5505\" data-end=\"5516\"><span dir=\"auto\" style=\"vertical-align: inherit;\"><span dir=\"auto\" style=\"vertical-align: inherit;\">Huomaa:<\/span><\/span><\/strong><span dir=\"auto\" style=\"vertical-align: inherit;\"><span dir=\"auto\" style=\"vertical-align: inherit;\"> 5-MeO-DALT HCl on tarkoitettu <\/span><\/span><strong data-start=\"5560\" data-end=\"5601\"><span dir=\"auto\" style=\"vertical-align: inherit;\"><span dir=\"auto\" style=\"vertical-align: inherit;\">laboratorio- ja analyyttiseen k\u00e4ytt\u00f6\u00f6n<\/span><\/span><\/strong><span dir=\"auto\" style=\"vertical-align: inherit;\"><span dir=\"auto\" style=\"vertical-align: inherit;\"> vain ja <\/span><\/span><strong data-start=\"5605\" data-end=\"5661\"><span dir=\"auto\" style=\"vertical-align: inherit;\"><span dir=\"auto\" style=\"vertical-align: inherit;\">ei ole tarkoitettu ihmisten tai el\u00e4inten ravinnoksi<\/span><\/span><\/strong><span dir=\"auto\" style=\"vertical-align: inherit;\"><span dir=\"auto\" style=\"vertical-align: inherit;\"> .<\/span><\/span><\/p>\n<\/blockquote>\n<ol data-start=\"5664\" data-end=\"6098\">\n<li data-start=\"5664\" data-end=\"5773\">\n<p data-start=\"5667\" data-end=\"5773\"><strong data-start=\"5667\" data-end=\"5681\"><span dir=\"auto\" style=\"vertical-align: inherit;\"><span dir=\"auto\" style=\"vertical-align: inherit;\">K\u00e4sittely \u2013<\/span><\/span><\/strong><span dir=\"auto\" style=\"vertical-align: inherit;\"><span dir=\"auto\" style=\"vertical-align: inherit;\"> K\u00e4yt\u00e4 k\u00e4sineit\u00e4, suojalaseja ja suojavaatetusta. Ty\u00f6skentele vetokaapissa.<\/span><\/span><\/p>\n<\/li>\n<li data-start=\"5774\" data-end=\"5849\">\n<p data-start=\"5777\" data-end=\"5849\"><strong data-start=\"5777\" data-end=\"5789\"><span dir=\"auto\" style=\"vertical-align: inherit;\"><span dir=\"auto\" style=\"vertical-align: inherit;\">Mittaukset<\/span><\/span><\/strong><span dir=\"auto\" style=\"vertical-align: inherit;\"><span dir=\"auto\" style=\"vertical-align: inherit;\"> \u2013 K\u00e4yt\u00e4 analyysivaakoja tarkkaan annosteluun.<\/span><\/span><\/p>\n<\/li>\n<li data-start=\"5850\" data-end=\"5928\">\n<p data-start=\"5853\" data-end=\"5928\"><strong data-start=\"5853\" data-end=\"5863\"><span dir=\"auto\" style=\"vertical-align: inherit;\"><span dir=\"auto\" style=\"vertical-align: inherit;\">S\u00e4ilytys<\/span><\/span><\/strong><span dir=\"auto\" style=\"vertical-align: inherit;\"><span dir=\"auto\" style=\"vertical-align: inherit;\"> \u2013 S\u00e4ilyt\u00e4 suljettuna kuivassa ja pime\u00e4ss\u00e4 paikassa; mieluiten 2\u20138 \u00b0C:ssa.<\/span><\/span><\/p>\n<\/li>\n<li data-start=\"5929\" data-end=\"6002\">\n<p data-start=\"5932\" data-end=\"6002\"><strong data-start=\"5932\" data-end=\"5943\"><span dir=\"auto\" style=\"vertical-align: inherit;\"><span dir=\"auto\" style=\"vertical-align: inherit;\">Analyysi<\/span><\/span><\/strong><span dir=\"auto\" style=\"vertical-align: inherit;\"><span dir=\"auto\" style=\"vertical-align: inherit;\"> \u2013 Sopii HPLC-, GC\/MS-, LC-MS-, FTIR- ja NMR-analyyseihin.<\/span><\/span><\/p>\n<\/li>\n<li data-start=\"6003\" data-end=\"6098\">\n<p data-start=\"6006\" data-end=\"6098\"><strong data-start=\"6006\" data-end=\"6022\"><span dir=\"auto\" style=\"vertical-align: inherit;\"><span dir=\"auto\" style=\"vertical-align: inherit;\">Dokumentaatio<\/span><\/span><\/strong><span dir=\"auto\" style=\"vertical-align: inherit;\"><span dir=\"auto\" style=\"vertical-align: inherit;\"> \u2013 Kirjaa er\u00e4numerot, puhtaus ja testitulokset j\u00e4ljitett\u00e4vyytt\u00e4 varten.<\/span><\/span><\/p>\n<\/li>\n<\/ol>\n<hr data-start=\"6100\" data-end=\"6103\" \/>\n<h3 data-start=\"6105\" data-end=\"6140\"><strong data-start=\"6109\" data-end=\"6138\"><span dir=\"auto\" style=\"vertical-align: inherit;\"><span dir=\"auto\" style=\"vertical-align: inherit;\">Usein kysytyt kysymykset (UKK)<\/span><\/span><\/strong><\/h3>\n<p data-start=\"6142\" data-end=\"6342\"><strong data-start=\"6142\" data-end=\"6171\"><span dir=\"auto\" style=\"vertical-align: inherit;\"><span dir=\"auto\" style=\"vertical-align: inherit;\">1. Mik\u00e4 on 5-MeO-DALT-HCl?<\/span><\/span><\/strong><br data-start=\"6171\" data-end=\"6174\" \/><span dir=\"auto\" style=\"vertical-align: inherit;\"><span dir=\"auto\" style=\"vertical-align: inherit;\"> 5-MeO-DALT HCl on synteettinen <\/span><\/span><strong data-start=\"6208\" data-end=\"6231\"><span dir=\"auto\" style=\"vertical-align: inherit;\"><span dir=\"auto\" style=\"vertical-align: inherit;\">tryptamiinijohdannainen<\/span><\/span><\/strong><span dir=\"auto\" style=\"vertical-align: inherit;\"><span dir=\"auto\" style=\"vertical-align: inherit;\"> k\u00e4ytet\u00e4\u00e4n serotoniinireseptorien ja rakenteellisen aktiivisuuden analyyttisess\u00e4 ja kemiallisessa tutkimuksessa.<\/span><\/span><\/p>\n<p data-start=\"6344\" data-end=\"6561\"><strong data-start=\"6344\" data-end=\"6403\"><span dir=\"auto\" style=\"vertical-align: inherit;\"><span dir=\"auto\" style=\"vertical-align: inherit;\">2. Mihin 5-MeO-DALT HCl:a k\u00e4ytet\u00e4\u00e4n tutkimuksessa?<\/span><\/span><\/strong><br data-start=\"6403\" data-end=\"6406\" \/><span dir=\"auto\" style=\"vertical-align: inherit;\"><span dir=\"auto\" style=\"vertical-align: inherit;\"> Sit\u00e4 k\u00e4ytet\u00e4\u00e4n tutkimuksissa, joissa <\/span><\/span><strong data-start=\"6443\" data-end=\"6462\"><span dir=\"auto\" style=\"vertical-align: inherit;\"><span dir=\"auto\" style=\"vertical-align: inherit;\">reseptoriin sitoutuminen<\/span><\/span><\/strong><span dir=\"auto\" style=\"vertical-align: inherit;\"><span dir=\"auto\" style=\"vertical-align: inherit;\"> , <\/span><\/span><strong data-start=\"6464\" data-end=\"6483\"><span dir=\"auto\" style=\"vertical-align: inherit;\"><span dir=\"auto\" style=\"vertical-align: inherit;\">aineenvaihduntareittej\u00e4<\/span><\/span><\/strong><span dir=\"auto\" style=\"vertical-align: inherit;\"><span dir=\"auto\" style=\"vertical-align: inherit;\"> , ja kuten <\/span><\/span><strong data-start=\"6492\" data-end=\"6510\"><span dir=\"auto\" style=\"vertical-align: inherit;\"><span dir=\"auto\" style=\"vertical-align: inherit;\">vertailuaine<\/span><\/span><\/strong><span dir=\"auto\" style=\"vertical-align: inherit;\"><span dir=\"auto\" style=\"vertical-align: inherit;\"> analyyttisess\u00e4 toksikologiassa ja neurofarmakologiassa.<\/span><\/span><\/p>\n<p data-start=\"6563\" data-end=\"6850\"><strong data-start=\"6563\" data-end=\"6611\"><span dir=\"auto\" style=\"vertical-align: inherit;\"><span dir=\"auto\" style=\"vertical-align: inherit;\">3. Onko 5-MeO-DALT HCl:n ostaminen laillista?<\/span><\/span><\/strong><br data-start=\"6611\" data-end=\"6614\" \/><span dir=\"auto\" style=\"vertical-align: inherit;\"><span dir=\"auto\" style=\"vertical-align: inherit;\"> The <\/span><\/span><strong data-start=\"6617\" data-end=\"6650\"><span dir=\"auto\" style=\"vertical-align: inherit;\"><span dir=\"auto\" style=\"vertical-align: inherit;\">5-MeO-DALT HCl:n laillisuus<\/span><\/span><\/strong><span dir=\"auto\" style=\"vertical-align: inherit;\"><span dir=\"auto\" style=\"vertical-align: inherit;\"> vaihtelee maittain. Joissakin maissa se on sallittu tutkimuskemikaalina, kun taas toisissa sit\u00e4 pidet\u00e4\u00e4n valvottuna aineena. Tarkista aina paikalliset m\u00e4\u00e4r\u00e4ykset ennen k\u00e4ytt\u00f6\u00e4. <\/span><\/span><strong data-start=\"6823\" data-end=\"6847\"><span dir=\"auto\" style=\"vertical-align: inherit;\"><span dir=\"auto\" style=\"vertical-align: inherit;\">5-MeO-DALT HCl:n ostaminen<\/span><\/span><\/strong><span dir=\"auto\" style=\"vertical-align: inherit;\"><span dir=\"auto\" style=\"vertical-align: inherit;\"> . <\/span><\/span><a href=\"https:\/\/researchchemicalhub.com\/fi\/shop\/okategoriserad\/4mmc-kopen\/\"><span dir=\"auto\" style=\"vertical-align: inherit;\"><span dir=\"auto\" style=\"vertical-align: inherit;\">Osta 4mmc, osta <\/span><\/span><\/a><a href=\"https:\/\/researchchemicalhub.com\/fi\/shop\/okategoriserad\/benzocaine-powder\/\"><span dir=\"auto\" style=\"vertical-align: inherit;\"><span dir=\"auto\" style=\"vertical-align: inherit;\">bentsokaiinijauhe, <\/span><\/span><\/a><a href=\"https:\/\/researchchemicalhub.com\/fi\/shop\/okategoriserad\/fentanyl-kopen\/\"><span dir=\"auto\" style=\"vertical-align: inherit;\"><span dir=\"auto\" style=\"vertical-align: inherit;\">osta fentanyyli\u00e4<\/span><\/span><\/a><\/p>","protected":false},"excerpt":{"rendered":"<h3><span data-sheets-value=\"{\" data-sheets-userformat=\"{\"><span dir=\"auto\" style=\"vertical-align: inherit;\"><span dir=\"auto\" style=\"vertical-align: inherit;\"><span dir=\"auto\" style=\"vertical-align: inherit;\"><span dir=\"auto\" style=\"vertical-align: inherit;\">5-MeO-DALT HCl:n ominaisuudet<\/span><\/span><\/span><\/span><\/span><\/h3>\n<p><strong><span dir=\"auto\" style=\"vertical-align: inherit;\"><span dir=\"auto\" style=\"vertical-align: inherit;\"><span dir=\"auto\" style=\"vertical-align: inherit;\"><span dir=\"auto\" style=\"vertical-align: inherit;\">Synonyymi:<\/span><\/span><\/span><\/span><\/strong><span dir=\"auto\" style=\"vertical-align: inherit;\"><span dir=\"auto\" style=\"vertical-align: inherit;\"><span dir=\"auto\" style=\"vertical-align: inherit;\"><span dir=\"auto\" style=\"vertical-align: inherit;\"> N,N-diallyyli-5-metoksitryptamiini <\/span><\/span><\/span><\/span><br \/>\n<strong><span dir=\"auto\" style=\"vertical-align: inherit;\"><span dir=\"auto\" style=\"vertical-align: inherit;\"><span dir=\"auto\" style=\"vertical-align: inherit;\"><span dir=\"auto\" style=\"vertical-align: inherit;\">CAS-numero:<\/span><\/span><\/span><\/span><\/strong><span dir=\"auto\" style=\"vertical-align: inherit;\"><span dir=\"auto\" style=\"vertical-align: inherit;\"><span dir=\"auto\" style=\"vertical-align: inherit;\"><span dir=\"auto\" style=\"vertical-align: inherit;\"> 928822-98-4 <\/span><\/span><\/span><\/span><br \/>\n<strong><span dir=\"auto\" style=\"vertical-align: inherit;\"><span dir=\"auto\" style=\"vertical-align: inherit;\"><span dir=\"auto\" style=\"vertical-align: inherit;\"><span dir=\"auto\" style=\"vertical-align: inherit;\">Kaava: <\/span><\/span><\/span><\/span><\/strong> <span title=\"Hiili\"><span dir=\"auto\" style=\"vertical-align: inherit;\"><span dir=\"auto\" style=\"vertical-align: inherit;\"><span dir=\"auto\" style=\"vertical-align: inherit;\"><span dir=\"auto\" style=\"vertical-align: inherit;\">C <\/span><\/span><\/span><\/span><\/span><sub><span dir=\"auto\" style=\"vertical-align: inherit;\"><span dir=\"auto\" style=\"vertical-align: inherit;\"><span dir=\"auto\" style=\"vertical-align: inherit;\"><span dir=\"auto\" style=\"vertical-align: inherit;\">17 <\/span><\/span><\/span><\/span><\/sub><span title=\"Vety\"><span dir=\"auto\" style=\"vertical-align: inherit;\"><span dir=\"auto\" style=\"vertical-align: inherit;\"><span dir=\"auto\" style=\"vertical-align: inherit;\"><span dir=\"auto\" style=\"vertical-align: inherit;\">H <\/span><\/span><\/span><\/span><\/span><sub><span dir=\"auto\" style=\"vertical-align: inherit;\"><span dir=\"auto\" style=\"vertical-align: inherit;\"><span dir=\"auto\" style=\"vertical-align: inherit;\"><span dir=\"auto\" style=\"vertical-align: inherit;\">22 <\/span><\/span><\/span><\/span><\/sub><span title=\"Typpi\"><span dir=\"auto\" style=\"vertical-align: inherit;\"><span dir=\"auto\" style=\"vertical-align: inherit;\"><span dir=\"auto\" style=\"vertical-align: inherit;\"><span dir=\"auto\" style=\"vertical-align: inherit;\">N <\/span><\/span><\/span><\/span><\/span><sub><span dir=\"auto\" style=\"vertical-align: inherit;\"><span dir=\"auto\" style=\"vertical-align: inherit;\"><span dir=\"auto\" style=\"vertical-align: inherit;\"><span dir=\"auto\" style=\"vertical-align: inherit;\">2 <\/span><\/span><\/span><\/span><\/sub><span title=\"Happi\"><span dir=\"auto\" style=\"vertical-align: inherit;\"><span dir=\"auto\" style=\"vertical-align: inherit;\"><span dir=\"auto\" style=\"vertical-align: inherit;\"><span dir=\"auto\" style=\"vertical-align: inherit;\">O <\/span><\/span><\/span><\/span><\/span><br \/>\n<strong><span dir=\"auto\" style=\"vertical-align: inherit;\"><span dir=\"auto\" style=\"vertical-align: inherit;\"><span dir=\"auto\" style=\"vertical-align: inherit;\"><span dir=\"auto\" style=\"vertical-align: inherit;\">Moolimassa:<\/span><\/span><\/span><\/span><\/strong><span dir=\"auto\" style=\"vertical-align: inherit;\"><span dir=\"auto\" style=\"vertical-align: inherit;\"><span dir=\"auto\" style=\"vertical-align: inherit;\"><span dir=\"auto\" style=\"vertical-align: inherit;\"> 270,376 g\/mol <\/span><\/span><\/span><\/span><br \/>\n<strong><span dir=\"auto\" style=\"vertical-align: inherit;\"><span dir=\"auto\" style=\"vertical-align: inherit;\"><span dir=\"auto\" style=\"vertical-align: inherit;\"><span dir=\"auto\" style=\"vertical-align: inherit;\">Puhtaus:<\/span><\/span><\/span><\/span><\/strong><span dir=\"auto\" style=\"vertical-align: inherit;\"><span dir=\"auto\" style=\"vertical-align: inherit;\"><span dir=\"auto\" style=\"vertical-align: inherit;\"><span dir=\"auto\" style=\"vertical-align: inherit;\"> &gt;97%<\/span><\/span><\/span><\/span><\/p>","protected":false},"featured_media":28459,"comment_status":"closed","ping_status":"closed","template":"","meta":[],"product_brand":[82],"product_cat":[455,381],"product_tag":[700,704,705,706,702,701,703,326],"class_list":{"0":"post-24605","1":"product","2":"type-product","3":"status-publish","4":"has-post-thumbnail","6":"product_brand-research-chemical","7":"product_cat-5-meo-dalt","8":"product_cat-tryptamines","9":"product_tag-5-meo-dalt","10":"product_tag-5-meo-dalt-cluster-headaches","11":"product_tag-5-meo-dalt-dosage","12":"product_tag-5-meo-dalt-effects","13":"product_tag-5-meo-dalt-ervaring","14":"product_tag-5-meo-dalt-hcl","15":"product_tag-5-meo-dalt-hcl-erowid","16":"product_tag-nl","18":"first","19":"instock","20":"taxable","21":"shipping-taxable","22":"purchasable","23":"product-type-variable"},"_links":{"self":[{"href":"https:\/\/researchchemicalhub.com\/fi\/wp-json\/wp\/v2\/product\/24605","targetHints":{"allow":["GET"]}}],"collection":[{"href":"https:\/\/researchchemicalhub.com\/fi\/wp-json\/wp\/v2\/product"}],"about":[{"href":"https:\/\/researchchemicalhub.com\/fi\/wp-json\/wp\/v2\/types\/product"}],"replies":[{"embeddable":true,"href":"https:\/\/researchchemicalhub.com\/fi\/wp-json\/wp\/v2\/comments?post=24605"}],"version-history":[{"count":7,"href":"https:\/\/researchchemicalhub.com\/fi\/wp-json\/wp\/v2\/product\/24605\/revisions"}],"predecessor-version":[{"id":28660,"href":"https:\/\/researchchemicalhub.com\/fi\/wp-json\/wp\/v2\/product\/24605\/revisions\/28660"}],"wp:featuredmedia":[{"embeddable":true,"href":"https:\/\/researchchemicalhub.com\/fi\/wp-json\/wp\/v2\/media\/28459"}],"wp:attachment":[{"href":"https:\/\/researchchemicalhub.com\/fi\/wp-json\/wp\/v2\/media?parent=24605"}],"wp:term":[{"taxonomy":"product_brand","embeddable":true,"href":"https:\/\/researchchemicalhub.com\/fi\/wp-json\/wp\/v2\/product_brand?post=24605"},{"taxonomy":"product_cat","embeddable":true,"href":"https:\/\/researchchemicalhub.com\/fi\/wp-json\/wp\/v2\/product_cat?post=24605"},{"taxonomy":"product_tag","embeddable":true,"href":"https:\/\/researchchemicalhub.com\/fi\/wp-json\/wp\/v2\/product_tag?post=24605"}],"curies":[{"name":"wp","href":"https:\/\/api.w.org\/{rel}","templated":true}]}}