{"id":24537,"date":"2025-10-20T17:41:54","date_gmt":"2025-10-20T17:41:54","guid":{"rendered":"https:\/\/researchchemicalhub.com\/?post_type=product&#038;p=24537"},"modified":"2025-10-21T16:01:53","modified_gmt":"2025-10-21T16:01:53","slug":"2c-e-kopen","status":"publish","type":"product","link":"https:\/\/researchchemicalhub.com\/fi\/shop\/b2b\/2c-e-kopen\/","title":{"rendered":"2C-E 10 MG -pellettej\u00e4 l\u00e4pipainopakkauksessa"},"content":{"rendered":"<h3 data-start=\"3825\" data-end=\"3846\"><strong data-start=\"3829\" data-end=\"3844\">Johdanto<\/strong><\/h3>\n<p data-start=\"3847\" data-end=\"4109\"><strong data-start=\"3847\" data-end=\"3889\">2C-E 10 mg pelletit (l\u00e4pipainopakkaus)<\/strong> sis\u00e4lt\u00e4\u00e4 <strong data-start=\"3903\" data-end=\"3943\">tarkasti punnittu 10 mg:n annos<\/strong> <strong data-start=\"3944\" data-end=\"3989\">2C-E (2,5-dimetoksi-4-etyylifenetyyliamiini)<\/strong> - An <strong data-start=\"3996\" data-end=\"4026\">synteettinen fenetyyliamiini<\/strong> alkaen <strong data-start=\"4034\" data-end=\"4048\">2C-perhe<\/strong>, alun perin kehitt\u00e4nyt <strong data-start=\"4081\" data-end=\"4106\">Tohtori Alexander Shulgin<\/strong>. 2c e\u200b<\/p>\n<p data-start=\"4111\" data-end=\"4452\">2C-E:t\u00e4 k\u00e4ytet\u00e4\u00e4n laajalti <strong data-start=\"4139\" data-end=\"4179\">kemiallinen ja farmakologinen tutkimus<\/strong> varten <strong data-start=\"4185\" data-end=\"4234\">rakenne-aktiivisuussuhteen (SAR) tutkimukset<\/strong> ja <strong data-start=\"4238\" data-end=\"4267\">reseptorisitoutumistutkimus<\/strong>.<br data-start=\"4268\" data-end=\"4271\" \/>Jokainen pelletti valmistetaan standardin mukaisesti <strong data-start=\"4310\" data-end=\"4356\">laboratoriostandardit (puhtaus \u2265 98%)<\/strong> ja pakattu <strong data-start=\"4375\" data-end=\"4409\">suojaava l\u00e4pipainopakkaus<\/strong> maksimaalisen vakauden ja turvallisuuden takaamiseksi.<\/p>\n<blockquote data-start=\"4454\" data-end=\"4603\">\n<p data-start=\"4456\" data-end=\"4603\">\u26a0\ufe0f <strong data-start=\"4459\" data-end=\"4470\">HUOM:<\/strong> 2C-E on tarkoitettu yksinomaan <strong data-start=\"4504\" data-end=\"4545\">laboratorio- ja analyyttinen tutkimus<\/strong> \u2014 <strong data-start=\"4548\" data-end=\"4600\">ei sovellu ihmisten tai el\u00e4inten k\u00e4ytt\u00f6\u00f6n<\/strong>.<\/p>\n<\/blockquote>\n<hr data-start=\"4605\" data-end=\"4608\" \/>\n<h3 data-start=\"4610\" data-end=\"4641\"><strong data-start=\"4614\" data-end=\"4641\">T\u00e4rkeimm\u00e4t ominaisuudet<\/strong><\/h3>\n<div class=\"_tableContainer_1rjym_1\">\n<div class=\"group _tableWrapper_1rjym_13 flex w-fit flex-col-reverse\" tabindex=\"-1\">\n<table class=\"w-fit min-w-(--thread-content-width)\" data-start=\"4643\" data-end=\"5125\">\n<thead data-start=\"4643\" data-end=\"4669\">\n<tr data-start=\"4643\" data-end=\"4669\">\n<th data-start=\"4643\" data-end=\"4653\" data-col-size=\"sm\">Ominaisuus<\/th>\n<th data-start=\"4653\" data-end=\"4669\" data-col-size=\"md\">Kuvaus<\/th>\n<\/tr>\n<\/thead>\n<tbody data-start=\"4698\" data-end=\"5125\">\n<tr data-start=\"4698\" data-end=\"4757\">\n<td data-start=\"4698\" data-end=\"4719\" data-col-size=\"sm\"><strong data-start=\"4700\" data-end=\"4718\">Kemiallinen nimi<\/strong><\/td>\n<td data-start=\"4719\" data-end=\"4757\" data-col-size=\"md\">2,5-dimetoksi-4-etyylifenetyyliamiini<\/td>\n<\/tr>\n<tr data-start=\"4758\" data-end=\"4791\">\n<td data-start=\"4758\" data-end=\"4783\" data-col-size=\"sm\"><strong data-start=\"4760\" data-end=\"4782\">Yleinen nimi<\/strong><\/td>\n<td data-start=\"4783\" data-end=\"4791\" data-col-size=\"md\">2C-E<\/td>\n<\/tr>\n<tr data-start=\"4792\" data-end=\"4827\">\n<td data-start=\"4792\" data-end=\"4807\" data-col-size=\"sm\"><strong data-start=\"4794\" data-end=\"4806\">Annostus<\/strong><\/td>\n<td data-start=\"4807\" data-end=\"4827\" data-col-size=\"md\">10 mg per pelletti<\/td>\n<\/tr>\n<tr data-start=\"4828\" data-end=\"4875\">\n<td data-start=\"4828\" data-end=\"4839\" data-col-size=\"sm\"><strong data-start=\"4830\" data-end=\"4838\">Lomake<\/strong><\/td>\n<td data-start=\"4839\" data-end=\"4875\" data-col-size=\"md\">Kiinte\u00e4 pelletti (l\u00e4pipainopakkaus)<\/td>\n<\/tr>\n<tr data-start=\"4876\" data-end=\"4930\">\n<td data-start=\"4876\" data-end=\"4893\" data-col-size=\"sm\"><strong data-start=\"4878\" data-end=\"4892\">Puhtaus<\/strong><\/td>\n<td data-start=\"4893\" data-end=\"4930\" data-col-size=\"md\">\u2265 98% (vahvistettu HPLC:ll\u00e4 ja NMR:ll\u00e4)<\/td>\n<\/tr>\n<tr data-start=\"4931\" data-end=\"5000\">\n<td data-start=\"4931\" data-end=\"4954\" data-col-size=\"sm\"><strong data-start=\"4933\" data-end=\"4953\">Kemiallinen luokka<\/strong><\/td>\n<td data-start=\"4954\" data-end=\"5000\" data-col-size=\"md\">Substituoitu fenetyyliamiini \/ 2C-perhe<\/td>\n<\/tr>\n<tr data-start=\"5001\" data-end=\"5050\">\n<td data-start=\"5001\" data-end=\"5018\" data-col-size=\"sm\"><strong data-start=\"5003\" data-end=\"5017\">Pakkaus<\/strong><\/td>\n<td data-start=\"5018\" data-end=\"5050\" data-col-size=\"md\">Sinet\u00f6ity l\u00e4pipainopakkaus<\/td>\n<\/tr>\n<tr data-start=\"5051\" data-end=\"5125\">\n<td data-start=\"5051\" data-end=\"5065\" data-col-size=\"sm\"><strong data-start=\"5053\" data-end=\"5064\">K\u00e4ytt\u00f6<\/strong><\/td>\n<td data-start=\"5065\" data-end=\"5125\" data-col-size=\"md\">Vain analyyttiseen, rikostekniseen ja kemialliseen tutkimukseen<\/td>\n<\/tr>\n<\/tbody>\n<\/table>\n<\/div>\n<\/div>\n<hr data-start=\"5127\" data-end=\"5130\" \/>\n<h3 data-start=\"5132\" data-end=\"5149\"><strong data-start=\"5136\" data-end=\"5149\">Edut<\/strong><\/h3>\n<ul data-start=\"5151\" data-end=\"5599\">\n<li data-start=\"5151\" data-end=\"5240\">\n<p data-start=\"5153\" data-end=\"5240\"><strong data-start=\"5153\" data-end=\"5177\">Tarkka annostus<\/strong> \u2013 Jokainen pelletti sis\u00e4lt\u00e4\u00e4 t\u00e4sm\u00e4lleen 10 mg tasaisten tulosten saavuttamiseksi.<\/p>\n<\/li>\n<li data-start=\"5241\" data-end=\"5339\">\n<p data-start=\"5243\" data-end=\"5339\"><strong data-start=\"5243\" data-end=\"5262\">Korkea puhtaus<\/strong> \u2013 \u2265 98% laboratoriolaatua, testattu kromatografialla ja spektroskopialla.<\/p>\n<\/li>\n<li data-start=\"5340\" data-end=\"5430\">\n<p data-start=\"5342\" data-end=\"5430\"><strong data-start=\"5342\" data-end=\"5364\">Turvallinen pakkaus<\/strong> \u2013 L\u00e4pipainopakkaus est\u00e4\u00e4 kontaminaation ja s\u00e4ilytt\u00e4\u00e4 stabiiliuden.<\/p>\n<\/li>\n<li data-start=\"5431\" data-end=\"5515\">\n<p data-start=\"5433\" data-end=\"5515\"><strong data-start=\"5433\" data-end=\"5463\">Laajasti tutkimukseen sovellettavissa<\/strong> \u2013 Sopii GC\/MS-, HPLC-, FTIR- ja NMR-analyyseihin.<\/p>\n<\/li>\n<li data-start=\"5516\" data-end=\"5599\">\n<p data-start=\"5518\" data-end=\"5599\"><strong data-start=\"5518\" data-end=\"5538\">Tutkimuksen arvo<\/strong> \u2013 Arvokas 2C-sarjan vertaileville tutkimuksille.<\/p>\n<\/li>\n<\/ul>\n<hr data-start=\"5601\" data-end=\"5604\" \/>\n<h3 data-start=\"5606\" data-end=\"5658\"><strong data-start=\"5610\" data-end=\"5656\">K\u00e4ytt\u00f6 (vain tutkimustarkoituksiin)<\/strong><\/h3>\n<ol data-start=\"5660\" data-end=\"6053\">\n<li data-start=\"5660\" data-end=\"5729\">\n<p data-start=\"5663\" data-end=\"5729\"><strong data-start=\"5663\" data-end=\"5678\">K\u00e4sittely:<\/strong> K\u00e4yt\u00e4 k\u00e4sineit\u00e4, suojalaseja ja laboratoriotakkia.<\/p>\n<\/li>\n<li data-start=\"5730\" data-end=\"5825\">\n<p data-start=\"5733\" data-end=\"5825\"><strong data-start=\"5733\" data-end=\"5746\">Mitat:<\/strong> Jokainen pelletti sis\u00e4lt\u00e4\u00e4 10 mg; \u00e4l\u00e4 muuta ulkopuolisia valvottuja olosuhteita.<\/p>\n<\/li>\n<li data-start=\"5826\" data-end=\"5911\">\n<p data-start=\"5829\" data-end=\"5911\"><strong data-start=\"5829\" data-end=\"5840\">S\u00e4ilytys:<\/strong> S\u00e4ilyt\u00e4 viile\u00e4ss\u00e4 (2\u20138 \u00b0C), kuivassa ja pime\u00e4ss\u00e4 alkuper\u00e4ispakkauksessa.<\/p>\n<\/li>\n<li data-start=\"5912\" data-end=\"5976\">\n<p data-start=\"5915\" data-end=\"5976\"><strong data-start=\"5915\" data-end=\"5927\">Analyysi:<\/strong> Sopii GC\/MS-, LC-MS-, HPLC-, FTIR- ja NMR-spektroskopioihin.<\/p>\n<\/li>\n<li data-start=\"5977\" data-end=\"6053\">\n<p data-start=\"5980\" data-end=\"6053\"><strong data-start=\"5980\" data-end=\"5997\">Dokumentaatio:<\/strong> Kirjaa er\u00e4tiedot ja testitulokset vaatimustenmukaisuuden varmistamiseksi.<\/p>\n<\/li>\n<\/ol>\n<hr data-start=\"6055\" data-end=\"6058\" \/>\n<h3 data-start=\"6060\" data-end=\"6095\"><strong data-start=\"6064\" data-end=\"6093\">Usein kysytyt kysymykset (UKK)<\/strong><\/h3>\n<p data-start=\"6097\" data-end=\"6313\"><strong data-start=\"6097\" data-end=\"6116\">1. Mik\u00e4 on 2C-E?<\/strong><br data-start=\"6116\" data-end=\"6119\" \/><strong data-start=\"6119\" data-end=\"6164\">2C-E (2,5-dimetoksi-4-etyylifenetyyliamiini)<\/strong> on <strong data-start=\"6172\" data-end=\"6202\">synteettinen fenetyyliamiini<\/strong> jota k\u00e4ytet\u00e4\u00e4n reseptorien sitoutumisen ja rakenteellisen aktiivisuuden analyyttisiss\u00e4 ja farmakologisissa tutkimuksissa.<\/p>\n<p data-start=\"6315\" data-end=\"6473\"><strong data-start=\"6315\" data-end=\"6366\">2. Mihin 2C-E 10 mg -pellettej\u00e4 k\u00e4ytet\u00e4\u00e4n?<\/strong><br data-start=\"6366\" data-end=\"6369\" \/>Ne on tarkoitettu <strong data-start=\"6390\" data-end=\"6431\">analyyttisiin ja rikosteknisiin tarkoituksiin<\/strong>, kuten kromatografia ja spektroskopia.<\/p>\n<p data-start=\"6475\" data-end=\"6675\"><strong data-start=\"6475\" data-end=\"6513\">3. Onko 2C-E:n ostaminen laillista?<\/strong><br data-start=\"6513\" data-end=\"6516\" \/>The <strong data-start=\"6519\" data-end=\"6542\">2C-E:n laillisuus<\/strong> Vaihtelee maittain. Joissakin maissa sit\u00e4 pidet\u00e4\u00e4n valvottuna aineena, joten tarkista aina paikalliset m\u00e4\u00e4r\u00e4ykset ennen ostamista.<\/p>","protected":false},"excerpt":{"rendered":"<h2><strong><span dir=\"auto\" style=\"vertical-align: inherit;\"><span dir=\"auto\" style=\"vertical-align: inherit;\">2C-E 10 MG -pellettej\u00e4 l\u00e4pipainopakkauksessa<\/span><\/span><\/strong><\/h2>\n<ul>\n<li><strong><span dir=\"auto\" style=\"vertical-align: inherit;\"><span dir=\"auto\" style=\"vertical-align: inherit;\">V\u00e4hitt\u00e4ismyyntipakkaukset<\/span><\/span><br \/>\n<\/strong><\/li>\n<li><strong><span dir=\"auto\" style=\"vertical-align: inherit;\"><span dir=\"auto\" style=\"vertical-align: inherit;\">Pellettien m\u00e4\u00e4r\u00e4 l\u00e4pipainopakkauksessa: 10<\/span><\/span><\/strong><\/li>\n<li><strong><span dir=\"auto\" style=\"vertical-align: inherit;\"><span dir=\"auto\" style=\"vertical-align: inherit;\">Hinnat eiv\u00e4t sis\u00e4ll\u00e4 21%:n ALV:t\u00e4<\/span><\/span><\/strong><\/li>\n<li><strong><span dir=\"auto\" style=\"vertical-align: inherit;\"><span dir=\"auto\" style=\"vertical-align: inherit;\">Suositeltu v\u00e4hitt\u00e4ishinta: 49,95 \u20ac sis. alv<\/span><\/span><\/strong><\/li>\n<\/ul>","protected":false},"featured_media":20730,"comment_status":"closed","ping_status":"closed","template":"","meta":[],"product_brand":[82],"product_cat":[555],"product_tag":[799,620,621,816,326,797,798,795,796],"class_list":{"0":"post-24537","1":"product","2":"type-product","3":"status-publish","4":"has-post-thumbnail","6":"product_brand-research-chemical","7":"product_cat-b2b","8":"product_tag-2-ce-pellets","9":"product_tag-2c-e","10":"product_tag-2c-e-kopen","11":"product_tag-2ce-blister","12":"product_tag-nl","13":"product_tag-research-chemicals-bestellen","14":"product_tag-research-chemicals-nederland","15":"product_tag-wat-is-2c-e","16":"product_tag-where-to-buy-2c-e-online","18":"first","19":"instock","20":"taxable","21":"shipping-taxable","22":"purchasable","23":"product-type-variable"},"_links":{"self":[{"href":"https:\/\/researchchemicalhub.com\/fi\/wp-json\/wp\/v2\/product\/24537","targetHints":{"allow":["GET"]}}],"collection":[{"href":"https:\/\/researchchemicalhub.com\/fi\/wp-json\/wp\/v2\/product"}],"about":[{"href":"https:\/\/researchchemicalhub.com\/fi\/wp-json\/wp\/v2\/types\/product"}],"replies":[{"embeddable":true,"href":"https:\/\/researchchemicalhub.com\/fi\/wp-json\/wp\/v2\/comments?post=24537"}],"version-history":[{"count":7,"href":"https:\/\/researchchemicalhub.com\/fi\/wp-json\/wp\/v2\/product\/24537\/revisions"}],"predecessor-version":[{"id":27775,"href":"https:\/\/researchchemicalhub.com\/fi\/wp-json\/wp\/v2\/product\/24537\/revisions\/27775"}],"wp:featuredmedia":[{"embeddable":true,"href":"https:\/\/researchchemicalhub.com\/fi\/wp-json\/wp\/v2\/media\/20730"}],"wp:attachment":[{"href":"https:\/\/researchchemicalhub.com\/fi\/wp-json\/wp\/v2\/media?parent=24537"}],"wp:term":[{"taxonomy":"product_brand","embeddable":true,"href":"https:\/\/researchchemicalhub.com\/fi\/wp-json\/wp\/v2\/product_brand?post=24537"},{"taxonomy":"product_cat","embeddable":true,"href":"https:\/\/researchchemicalhub.com\/fi\/wp-json\/wp\/v2\/product_cat?post=24537"},{"taxonomy":"product_tag","embeddable":true,"href":"https:\/\/researchchemicalhub.com\/fi\/wp-json\/wp\/v2\/product_tag?post=24537"}],"curies":[{"name":"wp","href":"https:\/\/api.w.org\/{rel}","templated":true}]}}