{"id":24371,"date":"2025-04-13T17:41:35","date_gmt":"2025-04-13T17:41:35","guid":{"rendered":"https:\/\/researchchemicalhub.com\/?post_type=product&#038;p=24371"},"modified":"2025-10-12T09:30:51","modified_gmt":"2025-10-12T09:30:51","slug":"2c-katu","status":"publish","type":"product","link":"https:\/\/researchchemicalhub.com\/fi\/kauppa\/melkein-kielletty\/2c-katu\/","title":{"rendered":"Beta-k-2C-B \u03b2k-2C-B 80 mg pelletit"},"content":{"rendered":"<h3 data-start=\"4058\" data-end=\"4079\"><strong data-start=\"4062\" data-end=\"4077\">Johdanto<\/strong><\/h3>\n<p data-start=\"4080\" data-end=\"4458\"><strong data-start=\"4080\" data-end=\"4118\">Beeta-k-2C-B (\u03b2k-2C-B) 80 mg:n pelletit<\/strong> sis\u00e4lt\u00e4\u00e4 <strong data-start=\"4128\" data-end=\"4180\">80 milligrammaa eritt\u00e4in puhdasta \u03b2k-2C-B:t\u00e4 (beeta-keto-2C-B)<\/strong> - An <strong data-start=\"4187\" data-end=\"4225\">synteettinen fenetyyliamiinijohdannainen<\/strong> ja <strong data-start=\"4229\" data-end=\"4251\">beeta-ketonianalogi<\/strong> kirjoittanut <strong data-start=\"4256\" data-end=\"4264\">2C-B<\/strong>.bk 2c\u00a0<br data-start=\"4265\" data-end=\"4268\" \/>\u03b2k-2C-B kuuluu <strong data-start=\"4291\" data-end=\"4324\">2C-fenetyyliamiinien perhe<\/strong> ja sit\u00e4 k\u00e4ytet\u00e4\u00e4n <strong data-start=\"4346\" data-end=\"4384\">rikostekninen ja analyyttinen tutkimus<\/strong> Ep\u00e4miellytt\u00e4v\u00e4 <strong data-start=\"4390\" data-end=\"4432\">rakenne-aktiivisuussuhteet (SAR)<\/strong> ja <strong data-start=\"4436\" data-end=\"4455\">reseptoriin sitoutuminen<\/strong>.<\/p>\n<p data-start=\"4460\" data-end=\"4655\">Jokainen pelletti sis\u00e4lt\u00e4\u00e4 <strong data-start=\"4478\" data-end=\"4494\">80 mg \u03b2k-2C-B:t\u00e4<\/strong> heti <strong data-start=\"4503\" data-end=\"4527\">puhtaus \u2265 98%<\/strong>, testattu kautta <strong data-start=\"4540\" data-end=\"4555\">HPLC ja NMR<\/strong>Pelletit toimitetaan <strong data-start=\"4587\" data-end=\"4608\">l\u00e4pipainopakkaus<\/strong> optimaalisen vakauden ja tarkkuuden saavuttamiseksi.<\/p>\n<blockquote data-start=\"4657\" data-end=\"4803\">\n<p data-start=\"4659\" data-end=\"4803\">\u26a0\ufe0f <strong data-start=\"4662\" data-end=\"4673\">HUOM:<\/strong> T\u00e4m\u00e4 tuote on tarkoitettu ainoastaan <strong data-start=\"4714\" data-end=\"4749\">tutkimus- ja analyyttinen k\u00e4ytt\u00f6<\/strong> \u2014 <strong data-start=\"4752\" data-end=\"4800\">ei ihmisten tai el\u00e4inten ravinnoksi<\/strong>.<\/p>\n<\/blockquote>\n<hr data-start=\"4805\" data-end=\"4808\" \/>\n<h3 data-start=\"4810\" data-end=\"4841\"><strong data-start=\"4814\" data-end=\"4841\">T\u00e4rkeimm\u00e4t ominaisuudet<\/strong><\/h3>\n<div class=\"_tableContainer_1rjym_1\">\n<div class=\"group _tableWrapper_1rjym_13 flex w-fit flex-col-reverse\" tabindex=\"-1\">\n<table class=\"w-fit min-w-(--thread-content-width)\" data-start=\"4843\" data-end=\"5416\">\n<thead data-start=\"4843\" data-end=\"4869\">\n<tr data-start=\"4843\" data-end=\"4869\">\n<th data-start=\"4843\" data-end=\"4853\" data-col-size=\"sm\">Ominaisuus<\/th>\n<th data-start=\"4853\" data-end=\"4869\" data-col-size=\"md\">Kuvaus<\/th>\n<\/tr>\n<\/thead>\n<tbody data-start=\"4898\" data-end=\"5416\">\n<tr data-start=\"4898\" data-end=\"4951\">\n<td data-start=\"4898\" data-end=\"4919\" data-col-size=\"sm\"><strong data-start=\"4900\" data-end=\"4918\">Kemiallinen nimi<\/strong><\/td>\n<td data-start=\"4919\" data-end=\"4951\" data-col-size=\"md\">Beeta-keto-2C-B-hydrokloridi<\/td>\n<\/tr>\n<tr data-start=\"4952\" data-end=\"4988\">\n<td data-start=\"4952\" data-end=\"4977\" data-col-size=\"sm\"><strong data-start=\"4954\" data-end=\"4976\">Yleinen nimi<\/strong><\/td>\n<td data-start=\"4977\" data-end=\"4988\" data-col-size=\"md\">\u03b2k-2C-B<\/td>\n<\/tr>\n<tr data-start=\"4989\" data-end=\"5032\">\n<td data-start=\"4989\" data-end=\"5013\" data-col-size=\"sm\"><strong data-start=\"4991\" data-end=\"5012\">Kemiallinen kaava<\/strong><\/td>\n<td data-start=\"5013\" data-end=\"5032\" data-col-size=\"md\">C\u2081\u2080H\u2081\u2082BrNO\u2083\u00b7HCl<\/td>\n<\/tr>\n<tr data-start=\"5033\" data-end=\"5071\">\n<td data-start=\"5033\" data-end=\"5055\" data-col-size=\"sm\"><strong data-start=\"5035\" data-end=\"5054\">Molekyylipaino<\/strong><\/td>\n<td data-start=\"5055\" data-end=\"5071\" data-col-size=\"md\">310,57 g\/mol<\/td>\n<\/tr>\n<tr data-start=\"5072\" data-end=\"5106\">\n<td data-start=\"5072\" data-end=\"5087\" data-col-size=\"sm\"><strong data-start=\"5074\" data-end=\"5086\">Annostus<\/strong><\/td>\n<td data-start=\"5087\" data-end=\"5106\" data-col-size=\"md\">80 mg per pelletti<\/td>\n<\/tr>\n<tr data-start=\"5107\" data-end=\"5154\">\n<td data-start=\"5107\" data-end=\"5118\" data-col-size=\"sm\"><strong data-start=\"5109\" data-end=\"5117\">Lomake<\/strong><\/td>\n<td data-start=\"5118\" data-end=\"5154\" data-col-size=\"md\">Kiinte\u00e4 pelletti (l\u00e4pipainopakkaus)<\/td>\n<\/tr>\n<tr data-start=\"5155\" data-end=\"5206\">\n<td data-start=\"5155\" data-end=\"5172\" data-col-size=\"sm\"><strong data-start=\"5157\" data-end=\"5171\">Puhtaus<\/strong><\/td>\n<td data-start=\"5172\" data-end=\"5206\" data-col-size=\"md\">\u2265 98% (testattu HPLC- ja NMR-menetelmill\u00e4)<\/td>\n<\/tr>\n<tr data-start=\"5207\" data-end=\"5265\">\n<td data-start=\"5207\" data-end=\"5230\" data-col-size=\"sm\"><strong data-start=\"5209\" data-end=\"5229\">Kemiallinen luokka<\/strong><\/td>\n<td data-start=\"5230\" data-end=\"5265\" data-col-size=\"md\">Fenetyyliamiini\/\u03b2-ketonianalogi<\/td>\n<\/tr>\n<tr data-start=\"5266\" data-end=\"5345\">\n<td data-start=\"5266\" data-end=\"5280\" data-col-size=\"sm\"><strong data-start=\"5268\" data-end=\"5279\">K\u00e4ytt\u00f6<\/strong><\/td>\n<td data-start=\"5280\" data-end=\"5345\" data-col-size=\"md\">Vain analyyttiseen, rikostekniseen ja neurokemialliseen tutkimukseen<\/td>\n<\/tr>\n<tr data-start=\"5346\" data-end=\"5416\">\n<td data-start=\"5346\" data-end=\"5363\" data-col-size=\"sm\"><strong data-start=\"5348\" data-end=\"5362\">Pakkaus<\/strong><\/td>\n<td data-start=\"5363\" data-end=\"5416\" data-col-size=\"md\">L\u00e4pipainopakkaus, jossa on kosteutta ja valoa suojaava tiiviste<\/td>\n<\/tr>\n<\/tbody>\n<\/table>\n<\/div>\n<\/div>\n<hr data-start=\"5418\" data-end=\"5421\" \/>\n<h3 data-start=\"5423\" data-end=\"5440\"><strong data-start=\"5427\" data-end=\"5440\">Edut<\/strong><\/h3>\n<ul data-start=\"5442\" data-end=\"5851\">\n<li data-start=\"5442\" data-end=\"5534\">\n<p data-start=\"5444\" data-end=\"5534\"><strong data-start=\"5444\" data-end=\"5463\">Korkea puhtaus<\/strong> \u2013 \u2265 98%-laboratoriolaatua luotettavien tutkimustulosten takaamiseksi.<\/p>\n<\/li>\n<li data-start=\"5535\" data-end=\"5628\">\n<p data-start=\"5537\" data-end=\"5628\"><strong data-start=\"5537\" data-end=\"5569\">2C-B:n rakenteellinen analogi<\/strong> \u2013 Sopii SAR-vertailuihin ja reseptoritutkimuksiin.<\/p>\n<\/li>\n<li data-start=\"5629\" data-end=\"5704\">\n<p data-start=\"5631\" data-end=\"5704\"><strong data-start=\"5631\" data-end=\"5655\">Tarkasti annosteltu<\/strong> \u2013 80 mg per pelletti tasaisten tulosten saavuttamiseksi.<\/p>\n<\/li>\n<li data-start=\"5705\" data-end=\"5783\">\n<p data-start=\"5707\" data-end=\"5783\"><strong data-start=\"5707\" data-end=\"5737\">Laajasti tutkimukseen sovellettavissa<\/strong> \u2013 Sopii GC\/MS-, LC-MS-, FTIR- ja HPLC-spektroskopioihin.<\/p>\n<\/li>\n<li data-start=\"5784\" data-end=\"5851\">\n<p data-start=\"5786\" data-end=\"5851\"><strong data-start=\"5786\" data-end=\"5813\">Vahvistettu tuotanto<\/strong> \u2013 Jokainen er\u00e4 testattu ja j\u00e4ljitett\u00e4v\u00e4.<\/p>\n<\/li>\n<\/ul>\n<hr data-start=\"5853\" data-end=\"5856\" \/>\n<h3 data-start=\"5858\" data-end=\"5910\"><strong data-start=\"5862\" data-end=\"5908\">K\u00e4ytt\u00f6 (vain tutkimustarkoituksiin)<\/strong><\/h3>\n<ol data-start=\"5912\" data-end=\"6255\">\n<li data-start=\"5912\" data-end=\"5981\">\n<p data-start=\"5915\" data-end=\"5981\"><strong data-start=\"5915\" data-end=\"5930\">K\u00e4sittely:<\/strong> K\u00e4yt\u00e4 k\u00e4sineit\u00e4, suojalaseja ja laboratoriotakkia.<\/p>\n<\/li>\n<li data-start=\"5982\" data-end=\"6058\">\n<p data-start=\"5985\" data-end=\"6058\"><strong data-start=\"5985\" data-end=\"5998\">Mitat:<\/strong> Jokainen pelletti sis\u00e4lt\u00e4\u00e4 80 mg; huomioi er\u00e4numero ja puhtaus.<\/p>\n<\/li>\n<li data-start=\"6059\" data-end=\"6113\">\n<p data-start=\"6062\" data-end=\"6113\"><strong data-start=\"6062\" data-end=\"6073\">S\u00e4ilytys:<\/strong> S\u00e4ilyt\u00e4 viile\u00e4ss\u00e4 (2\u20138 \u00b0C), kuivassa ja pime\u00e4ss\u00e4.<\/p>\n<\/li>\n<li data-start=\"6114\" data-end=\"6190\">\n<p data-start=\"6117\" data-end=\"6190\"><strong data-start=\"6117\" data-end=\"6129\">Analyysi:<\/strong> Sopii kromatografiaan ja spektroskooppiseen analyysiin. bk 2c<\/p>\n<\/li>\n<li data-start=\"6191\" data-end=\"6255\">\n<p data-start=\"6194\" data-end=\"6255\"><strong data-start=\"6194\" data-end=\"6211\">Dokumentaatio:<\/strong> Kirjaa testitulokset ja analyysimenetelm\u00e4t.<\/p>\n<\/li>\n<\/ol>\n<hr data-start=\"6257\" data-end=\"6260\" \/>\n<h3 data-start=\"6262\" data-end=\"6297\"><strong data-start=\"6266\" data-end=\"6295\">Usein kysytyt kysymykset (UKK)<\/strong><\/h3>\n<p data-start=\"6299\" data-end=\"6458\"><strong data-start=\"6299\" data-end=\"6321\">1. Mik\u00e4 on \u03b2k-2C-B?<\/strong><br data-start=\"6321\" data-end=\"6324\" \/><strong data-start=\"6324\" data-end=\"6352\">\u03b2k-2C-B (beeta-keto-2C-B)<\/strong> on <strong data-start=\"6360\" data-end=\"6385\">fenetyyliamiinianalogi<\/strong> 2C-B:st\u00e4 ja ylim\u00e4\u00e4r\u00e4isest\u00e4 \u03b2-ketoniryhm\u00e4st\u00e4, k\u00e4ytet\u00e4\u00e4n analyyttisess\u00e4 tutkimuksessa.<\/p>\n<p data-start=\"6460\" data-end=\"6597\"><strong data-start=\"6460\" data-end=\"6505\">2. Mit\u00e4 \u03b2k-2C-B 80 mg -pelletit sis\u00e4lt\u00e4v\u00e4t?<\/strong><br data-start=\"6505\" data-end=\"6508\" \/>Jokainen pelletti sis\u00e4lt\u00e4\u00e4 <strong data-start=\"6526\" data-end=\"6561\">80 mg \u03b2k-2C-B:t\u00e4 (puhtaus \u2265 98%)<\/strong>, laboratoriossa testattu laatu.<\/p>\n<p data-start=\"6599\" data-end=\"6761\"><strong data-start=\"6599\" data-end=\"6640\">3. Onko \u03b2k-2C-B:n ostaminen laillista?<\/strong><br data-start=\"6640\" data-end=\"6643\" \/>The <strong data-start=\"6646\" data-end=\"6672\">\u03b2k-2C-B:n laillisuus<\/strong> vaihtelee maittain. Tarkista aina paikalliset m\u00e4\u00e4r\u00e4ykset ennen k\u00e4ytt\u00f6\u00e4 <strong data-start=\"6741\" data-end=\"6758\">\u03b2k-2C-B-ostot<\/strong>.<\/p>","protected":false},"excerpt":{"rendered":"<p>Johdanto Beta-k-2C-B (\u03b2k-2C-B) 80 mg:n pelletit sis\u00e4lt\u00e4v\u00e4t 80 milligrammaa eritt\u00e4in puhdasta \u03b2k-2C-B:t\u00e4 (Beta-keto-2C-B) \u2014 synteettist\u00e4 fenetyyliamiinijohdannaista ja 2C-B:n beetaketonianalogia. bk<\/p>","protected":false},"featured_media":21481,"comment_status":"closed","ping_status":"closed","template":"","meta":[],"product_brand":[],"product_cat":[322,405,469,80,324,398],"product_tag":[674,238,326],"class_list":{"0":"post-24371","1":"product","2":"type-product","3":"status-publish","4":"has-post-thumbnail","6":"product_cat-bijna-verboden","7":"product_cat-bk-2c-b","8":"product_cat-bk-2c-b-pellets","9":"product_cat-fenethylamine","10":"product_cat-pellets-for-pellet","11":"product_cat-verkoop","12":"product_tag-bk-2c","13":"product_tag-bk-2c-b","14":"product_tag-nl","16":"first","17":"instock","18":"sale","19":"taxable","20":"shipping-taxable","21":"purchasable","22":"product-type-variable"},"_links":{"self":[{"href":"https:\/\/researchchemicalhub.com\/fi\/wp-json\/wp\/v2\/product\/24371","targetHints":{"allow":["GET"]}}],"collection":[{"href":"https:\/\/researchchemicalhub.com\/fi\/wp-json\/wp\/v2\/product"}],"about":[{"href":"https:\/\/researchchemicalhub.com\/fi\/wp-json\/wp\/v2\/types\/product"}],"replies":[{"embeddable":true,"href":"https:\/\/researchchemicalhub.com\/fi\/wp-json\/wp\/v2\/comments?post=24371"}],"version-history":[{"count":6,"href":"https:\/\/researchchemicalhub.com\/fi\/wp-json\/wp\/v2\/product\/24371\/revisions"}],"predecessor-version":[{"id":27800,"href":"https:\/\/researchchemicalhub.com\/fi\/wp-json\/wp\/v2\/product\/24371\/revisions\/27800"}],"wp:featuredmedia":[{"embeddable":true,"href":"https:\/\/researchchemicalhub.com\/fi\/wp-json\/wp\/v2\/media\/21481"}],"wp:attachment":[{"href":"https:\/\/researchchemicalhub.com\/fi\/wp-json\/wp\/v2\/media?parent=24371"}],"wp:term":[{"taxonomy":"product_brand","embeddable":true,"href":"https:\/\/researchchemicalhub.com\/fi\/wp-json\/wp\/v2\/product_brand?post=24371"},{"taxonomy":"product_cat","embeddable":true,"href":"https:\/\/researchchemicalhub.com\/fi\/wp-json\/wp\/v2\/product_cat?post=24371"},{"taxonomy":"product_tag","embeddable":true,"href":"https:\/\/researchchemicalhub.com\/fi\/wp-json\/wp\/v2\/product_tag?post=24371"}],"curies":[{"name":"wp","href":"https:\/\/api.w.org\/{rel}","templated":true}]}}