{"id":24343,"date":"2025-04-13T17:41:31","date_gmt":"2025-04-13T17:41:31","guid":{"rendered":"https:\/\/researchchemicalhub.com\/?post_type=product&#038;p=24343"},"modified":"2025-10-12T12:50:39","modified_gmt":"2025-10-12T12:50:39","slug":"digitale-bio-mini-weegschaal","status":"publish","type":"product","link":"https:\/\/researchchemicalhub.com\/fi\/shop\/weegschalen\/digitale-bio-mini-weegschaal\/","title":{"rendered":"Digitaalinen biominivaaka \u2013 20 g x 0,001 g"},"content":{"rendered":"<h3 data-start=\"4064\" data-end=\"4085\"><strong data-start=\"4068\" data-end=\"4083\">Johdanto<\/strong><\/h3>\n<p data-start=\"4086\" data-end=\"4354\">The <strong data-start=\"4089\" data-end=\"4136\">Digitaalinen biominivaaka \u2013 20 g x 0,001 g<\/strong> on <strong data-start=\"4144\" data-end=\"4180\">ammattimainen tarkkuusvaaka<\/strong> suunniteltu sovelluksiin, joissa vaaditaan \u00e4\u00e4rimm\u00e4ist\u00e4 tarkkuutta, kuten <strong data-start=\"4256\" data-end=\"4281\">laboratoriotutkimus<\/strong>, <strong data-start=\"4283\" data-end=\"4304\">kemiallinen analyysi<\/strong>, <strong data-start=\"4306\" data-end=\"4330\">biologinen tutkimus<\/strong> ja <strong data-start=\"4334\" data-end=\"4351\">koruty\u00f6t<\/strong>.<\/p>\n<p data-start=\"4356\" data-end=\"4670\">Heti <strong data-start=\"4364\" data-end=\"4394\">punnituskapasiteetti 20 grammaa<\/strong> ja <strong data-start=\"4402\" data-end=\"4445\">tarkkuus 0,001 g (1 milligramma)<\/strong> tarjoaa t\u00e4m\u00e4n minivaa&#039;an <strong data-start=\"4473\" data-end=\"4504\">laboratoriotason tarkkuus<\/strong> a:ssa <strong data-start=\"4512\" data-end=\"4544\">kompakti ja kannettava muotoilu<\/strong>The <strong data-start=\"4549\" data-end=\"4578\">ruostumattomasta ter\u00e4ksest\u00e4 valmistettu punnituslevy<\/strong> ja <strong data-start=\"4586\" data-end=\"4608\">kirkas LCD-n\u00e4ytt\u00f6<\/strong> varmistaa selke\u00e4t ja vakaat mittaukset miss\u00e4 tahansa ymp\u00e4rist\u00f6ss\u00e4.<\/p>\n<blockquote data-start=\"4672\" data-end=\"4784\">\n<p data-start=\"4674\" data-end=\"4784\">\u2699\ufe0f <strong data-start=\"4677\" data-end=\"4784\">T\u00e4ydellinen laboratorioihin, biokemialliseen tutkimukseen tai materiaalitieteeseen milligramman tarkkuudella.<\/strong><\/p>\n<\/blockquote>\n<hr data-start=\"4786\" data-end=\"4789\" \/>\n<h3 data-start=\"4791\" data-end=\"4822\"><strong data-start=\"4795\" data-end=\"4822\">T\u00e4rkeimm\u00e4t ominaisuudet<\/strong><\/h3>\n<div class=\"_tableContainer_1rjym_1\">\n<div class=\"group _tableWrapper_1rjym_13 flex w-fit flex-col-reverse\" tabindex=\"-1\">\n<table class=\"w-fit min-w-(--thread-content-width)\" data-start=\"4824\" data-end=\"5359\">\n<thead data-start=\"4824\" data-end=\"4850\">\n<tr data-start=\"4824\" data-end=\"4850\">\n<th data-start=\"4824\" data-end=\"4834\" data-col-size=\"sm\">Ominaisuus<\/th>\n<th data-start=\"4834\" data-end=\"4850\" data-col-size=\"md\">Kuvaus<\/th>\n<\/tr>\n<\/thead>\n<tbody data-start=\"4879\" data-end=\"5359\">\n<tr data-start=\"4879\" data-end=\"4923\">\n<td data-start=\"4879\" data-end=\"4891\" data-col-size=\"sm\"><strong data-start=\"4881\" data-end=\"4890\">Malli<\/strong><\/td>\n<td data-start=\"4891\" data-end=\"4923\" data-col-size=\"md\">Digitaalinen biominivaaka<\/td>\n<\/tr>\n<tr data-start=\"4924\" data-end=\"4957\">\n<td data-start=\"4924\" data-end=\"4941\" data-col-size=\"sm\"><strong data-start=\"4926\" data-end=\"4940\">Punnitusalue<\/strong><\/td>\n<td data-start=\"4941\" data-end=\"4957\" data-col-size=\"md\">0,001 g \u2013 20 g<\/td>\n<\/tr>\n<tr data-start=\"4958\" data-end=\"5004\">\n<td data-start=\"4958\" data-end=\"4979\" data-col-size=\"sm\"><strong data-start=\"4960\" data-end=\"4978\">Tarkkuus<\/strong><\/td>\n<td data-start=\"4979\" data-end=\"5004\" data-col-size=\"md\">\u00b10,001 g (1 milligramma)<\/td>\n<\/tr>\n<tr data-start=\"5005\" data-end=\"5067\">\n<td data-start=\"5005\" data-end=\"5019\" data-col-size=\"sm\"><strong data-start=\"5007\" data-end=\"5018\">N\u00e4ytt\u00f6<\/strong><\/td>\n<td data-start=\"5019\" data-end=\"5067\" data-col-size=\"md\">Kirkas LCD-n\u00e4ytt\u00f6 taustavalolla<\/td>\n<\/tr>\n<tr data-start=\"5068\" data-end=\"5106\">\n<td data-start=\"5068\" data-end=\"5084\" data-col-size=\"sm\"><strong data-start=\"5070\" data-end=\"5083\">Mittayksik\u00f6t<\/strong><\/td>\n<td data-start=\"5084\" data-end=\"5106\" data-col-size=\"md\">g, oz, ct, gn, dwt<\/td>\n<\/tr>\n<tr data-start=\"5107\" data-end=\"5151\">\n<td data-start=\"5107\" data-end=\"5126\" data-col-size=\"sm\"><strong data-start=\"5109\" data-end=\"5125\">Punnitusalusta<\/strong><\/td>\n<td data-start=\"5126\" data-end=\"5151\" data-col-size=\"md\">Ruostumaton ter\u00e4slevy<\/td>\n<\/tr>\n<tr data-start=\"5152\" data-end=\"5201\">\n<td data-start=\"5152\" data-end=\"5166\" data-col-size=\"sm\"><strong data-start=\"5154\" data-end=\"5165\">Virtal\u00e4hde<\/strong><\/td>\n<td data-start=\"5166\" data-end=\"5201\" data-col-size=\"md\">2 \u00d7 AAA-paristoa (mukana)<\/td>\n<\/tr>\n<tr data-start=\"5202\" data-end=\"5243\">\n<td data-start=\"5202\" data-end=\"5216\" data-col-size=\"sm\"><strong data-start=\"5204\" data-end=\"5215\">Design<\/strong><\/td>\n<td data-start=\"5216\" data-end=\"5243\" data-col-size=\"md\">Kompakti ja kevyt<\/td>\n<\/tr>\n<tr data-start=\"5244\" data-end=\"5306\">\n<td data-start=\"5244\" data-end=\"5277\" data-col-size=\"sm\"><strong data-start=\"5246\" data-end=\"5276\">Automaattinen sammutus<\/strong><\/td>\n<td data-start=\"5277\" data-end=\"5306\" data-col-size=\"md\">Energians\u00e4\u00e4st\u00f6toiminto<\/td>\n<\/tr>\n<tr data-start=\"5307\" data-end=\"5359\">\n<td data-start=\"5307\" data-end=\"5325\" data-col-size=\"sm\"><strong data-start=\"5309\" data-end=\"5324\">Suojakorkki<\/strong><\/td>\n<td data-start=\"5325\" data-end=\"5359\" data-col-size=\"md\">Suojaa p\u00f6lylt\u00e4 ja vaurioilta<\/td>\n<\/tr>\n<\/tbody>\n<\/table>\n<\/div>\n<\/div>\n<hr data-start=\"5361\" data-end=\"5364\" \/>\n<h3 data-start=\"5366\" data-end=\"5383\"><strong data-start=\"5370\" data-end=\"5383\">Edut<\/strong><\/h3>\n<ul data-start=\"5385\" data-end=\"5857\">\n<li data-start=\"5385\" data-end=\"5477\">\n<p data-start=\"5387\" data-end=\"5477\"><strong data-start=\"5387\" data-end=\"5409\">Eritt\u00e4in tarkka<\/strong> \u2013 Punnitsee 0,001 gramman tarkkuudella laboratorio- ja biologiseen tutkimukseen.<\/p>\n<\/li>\n<li data-start=\"5478\" data-end=\"5551\">\n<p data-start=\"5480\" data-end=\"5551\"><strong data-start=\"5480\" data-end=\"5503\">Kannettava ja kompakti<\/strong> \u2013 Ihanteellinen k\u00e4ytett\u00e4v\u00e4ksi laboratoriossa tai matkalla.<\/p>\n<\/li>\n<li data-start=\"5552\" data-end=\"5616\">\n<p data-start=\"5554\" data-end=\"5616\"><strong data-start=\"5554\" data-end=\"5574\">Kest\u00e4v\u00e4 suunnittelu<\/strong> \u2013 Ruostumattomasta ter\u00e4ksest\u00e4 valmistettu punnituslevy pitk\u00e4aikaiseen k\u00e4ytt\u00f6\u00f6n.<\/p>\n<\/li>\n<li data-start=\"5617\" data-end=\"5711\">\n<p data-start=\"5619\" data-end=\"5711\"><strong data-start=\"5619\" data-end=\"5649\">Eri mittayksik\u00f6t<\/strong> \u2013 Vaihda helposti grammojen, unssien, karaattien ja muiden v\u00e4lill\u00e4.<\/p>\n<\/li>\n<li data-start=\"5712\" data-end=\"5785\">\n<p data-start=\"5714\" data-end=\"5785\"><strong data-start=\"5714\" data-end=\"5737\">K\u00e4ytt\u00e4j\u00e4yst\u00e4v\u00e4llinen<\/strong> \u2013 Helppok\u00e4ytt\u00f6inen selke\u00e4n LCD-n\u00e4yt\u00f6n ansiosta.<\/p>\n<\/li>\n<li data-start=\"5786\" data-end=\"5857\">\n<p data-start=\"5788\" data-end=\"5857\"><strong data-start=\"5788\" data-end=\"5808\">Energians\u00e4\u00e4st\u00f6<\/strong> \u2013 Automaattinen virrankatkaisu, kun laite ei ole k\u00e4yt\u00f6ss\u00e4.<\/p>\n<\/li>\n<\/ul>\n<hr data-start=\"5859\" data-end=\"5862\" \/>\n<h3 data-start=\"5864\" data-end=\"5879\"><strong data-start=\"5868\" data-end=\"5879\">K\u00e4ytt\u00f6<\/strong><\/h3>\n<ol data-start=\"5881\" data-end=\"6311\">\n<li data-start=\"5881\" data-end=\"5966\">\n<p data-start=\"5884\" data-end=\"5966\"><strong data-start=\"5884\" data-end=\"5916\">Aseta tasaiselle alustalle<\/strong> \u2013 K\u00e4yt\u00e4 vakaalla ja t\u00e4rin\u00e4tt\u00f6m\u00e4ll\u00e4 p\u00f6yd\u00e4ll\u00e4.<\/p>\n<\/li>\n<li data-start=\"5967\" data-end=\"6058\">\n<p data-start=\"5970\" data-end=\"6058\"><strong data-start=\"5970\" data-end=\"5996\">Kalibroi ennen k\u00e4ytt\u00f6\u00e4<\/strong> \u2013 Kalibroi toimitetulla painolla (jos saatavilla).<\/p>\n<\/li>\n<li data-start=\"6059\" data-end=\"6129\">\n<p data-start=\"6062\" data-end=\"6129\"><strong data-start=\"6062\" data-end=\"6083\">Valitse yksikk\u00f6<\/strong> \u2013 Valitse gramma, unssi, karaatti tai graani.<\/p>\n<\/li>\n<li data-start=\"6130\" data-end=\"6225\">\n<p data-start=\"6133\" data-end=\"6225\"><strong data-start=\"6133\" data-end=\"6160\">K\u00e4yt\u00e4 TARE-funktiota<\/strong> \u2013 Nollaa s\u00e4ili\u00f6iden paino tarkkojen mittausten saamiseksi.<\/p>\n<\/li>\n<li data-start=\"6226\" data-end=\"6311\">\n<p data-start=\"6229\" data-end=\"6311\"><strong data-start=\"6229\" data-end=\"6249\">Punnitse huolellisesti<\/strong> \u2013 Lis\u00e4\u00e4 materiaalia hitaasti haluttuun painoon.<\/p>\n<\/li>\n<\/ol>\n<hr data-start=\"6313\" data-end=\"6316\" \/>\n<h3 data-start=\"6318\" data-end=\"6353\"><strong data-start=\"6322\" data-end=\"6351\">Usein kysytyt kysymykset (UKK)<\/strong><\/h3>\n<p data-start=\"6355\" data-end=\"6543\"><strong data-start=\"6355\" data-end=\"6414\">1. Mik\u00e4 tekee digitaalisesta biominivaa&#039;asta erityisen?<\/strong><br data-start=\"6414\" data-end=\"6417\" \/>T\u00e4m\u00e4 vaaka tarjoaa <strong data-start=\"6443\" data-end=\"6466\">tarkkuus 0,001 g<\/strong>, mit\u00e4 <strong data-start=\"6472\" data-end=\"6498\">kymmenen kertaa tarkempi<\/strong> on sitten vakiominivaaka (0,01 g).<\/p>\n<p data-start=\"6545\" data-end=\"6685\"><strong data-start=\"6545\" data-end=\"6594\">2. Sopiiko t\u00e4m\u00e4 laboratoriok\u00e4ytt\u00f6\u00f6n?<\/strong><br data-start=\"6594\" data-end=\"6597\" \/>Kyll\u00e4 \u2014 vaaka on suunniteltu <strong data-start=\"6634\" data-end=\"6682\">biologinen, kemiallinen ja analyyttinen tutkimus<\/strong>.<\/p>\n<p data-start=\"6687\" data-end=\"6849\"><strong data-start=\"6687\" data-end=\"6745\">3. Sis\u00e4ltyv\u00e4tk\u00f6 paristot ja kalibrointipaino?<\/strong><br data-start=\"6745\" data-end=\"6748\" \/>Kyll\u00e4, vaaka tulee mukana <strong data-start=\"6785\" data-end=\"6807\">2 \u00d7 AAA-paristoa<\/strong> ja mahdollisesti <strong data-start=\"6825\" data-end=\"6846\">kalibrointipaino<\/strong>.<\/p>","protected":false},"excerpt":{"rendered":"<p><strong><span dir=\"auto\" style=\"vertical-align: inherit;\"><span dir=\"auto\" style=\"vertical-align: inherit;\">Tekniset tiedot:<\/span><\/span><\/strong><\/p>\n<ul>\n<li><span dir=\"auto\" style=\"vertical-align: inherit;\"><span dir=\"auto\" style=\"vertical-align: inherit;\">Digitaalinen<\/span><\/span><\/li>\n<li><span dir=\"auto\" style=\"vertical-align: inherit;\"><span dir=\"auto\" style=\"vertical-align: inherit;\">Painaa alkaen 0,001 g<\/span><\/span><\/li>\n<li><span dir=\"auto\" style=\"vertical-align: inherit;\"><span dir=\"auto\" style=\"vertical-align: inherit;\">Painaa enint\u00e4\u00e4n 20 g<\/span><\/span><\/li>\n<li><span dir=\"auto\" style=\"vertical-align: inherit;\"><span dir=\"auto\" style=\"vertical-align: inherit;\">Toimii: 2 x AAA-paristoilla<\/span><\/span><\/li>\n<li><span dir=\"auto\" style=\"vertical-align: inherit;\"><span dir=\"auto\" style=\"vertical-align: inherit;\">LCD-n\u00e4ytt\u00f6<\/span><\/span><\/li>\n<li><span dir=\"auto\" style=\"vertical-align: inherit;\"><span dir=\"auto\" style=\"vertical-align: inherit;\">V\u00e4ri: musta<\/span><\/span><\/li>\n<\/ul>","protected":false},"featured_media":24680,"comment_status":"closed","ping_status":"closed","template":"","meta":[],"product_brand":[],"product_cat":[451],"product_tag":[452,848,764,767,765,766,768],"class_list":{"0":"post-24343","1":"product","2":"type-product","3":"status-publish","4":"has-post-thumbnail","6":"product_cat-weegschalen","7":"product_tag-de","8":"product_tag-digitale-bio-mini-weegschaal","9":"product_tag-digitale-cs-weegschaal","10":"product_tag-digitale-microweegschaal","11":"product_tag-milligramweegschaal","12":"product_tag-precise-weegschaal-0-001g","13":"product_tag-weegschaal-voor-research-chemicals","15":"first","16":"instock","17":"taxable","18":"shipping-taxable","19":"purchasable","20":"product-type-simple"},"_links":{"self":[{"href":"https:\/\/researchchemicalhub.com\/fi\/wp-json\/wp\/v2\/product\/24343","targetHints":{"allow":["GET"]}}],"collection":[{"href":"https:\/\/researchchemicalhub.com\/fi\/wp-json\/wp\/v2\/product"}],"about":[{"href":"https:\/\/researchchemicalhub.com\/fi\/wp-json\/wp\/v2\/types\/product"}],"replies":[{"embeddable":true,"href":"https:\/\/researchchemicalhub.com\/fi\/wp-json\/wp\/v2\/comments?post=24343"}],"version-history":[{"count":6,"href":"https:\/\/researchchemicalhub.com\/fi\/wp-json\/wp\/v2\/product\/24343\/revisions"}],"predecessor-version":[{"id":27802,"href":"https:\/\/researchchemicalhub.com\/fi\/wp-json\/wp\/v2\/product\/24343\/revisions\/27802"}],"wp:featuredmedia":[{"embeddable":true,"href":"https:\/\/researchchemicalhub.com\/fi\/wp-json\/wp\/v2\/media\/24680"}],"wp:attachment":[{"href":"https:\/\/researchchemicalhub.com\/fi\/wp-json\/wp\/v2\/media?parent=24343"}],"wp:term":[{"taxonomy":"product_brand","embeddable":true,"href":"https:\/\/researchchemicalhub.com\/fi\/wp-json\/wp\/v2\/product_brand?post=24343"},{"taxonomy":"product_cat","embeddable":true,"href":"https:\/\/researchchemicalhub.com\/fi\/wp-json\/wp\/v2\/product_cat?post=24343"},{"taxonomy":"product_tag","embeddable":true,"href":"https:\/\/researchchemicalhub.com\/fi\/wp-json\/wp\/v2\/product_tag?post=24343"}],"curies":[{"name":"wp","href":"https:\/\/api.w.org\/{rel}","templated":true}]}}