{"id":24265,"date":"2025-04-13T17:41:21","date_gmt":"2025-04-13T17:41:21","guid":{"rendered":"https:\/\/researchchemicalhub.com\/?post_type=product&#038;p=24265"},"modified":"2025-10-12T19:33:01","modified_gmt":"2025-10-12T19:33:01","slug":"metocin-4-tuntia-met","status":"publish","type":"product","link":"https:\/\/researchchemicalhub.com\/fi\/kauppa\/yritysten-valinen\/metocin-4-tuntia-met\/","title":{"rendered":"RC+ Metocin-pussi 3 pelletti\u00e4"},"content":{"rendered":"<h2 data-start=\"3774\" data-end=\"3800\"><strong data-start=\"3777\" data-end=\"3800\">Tuotekuvaus<\/strong><\/h2>\n<p data-start=\"3802\" data-end=\"4116\"><strong data-start=\"3802\" data-end=\"3833\">RC+ Metocin-pussi 3 pelletti\u00e4<\/strong> on <strong data-start=\"3841\" data-end=\"3878\">korkealaatuista tutkimusmateriaalia<\/strong>, kehitetty k\u00e4ytett\u00e4v\u00e4ksi analyyttisiss\u00e4, toksikologisissa ja rikosteknisiss\u00e4 laboratorioissa.<br data-start=\"3962\" data-end=\"3965\" \/>Jokainen pakkaus sis\u00e4lt\u00e4\u00e4 <strong data-start=\"3987\" data-end=\"4025\">kolme huolellisesti annosteltua pelletti\u00e4<\/strong>, valmistettu tiukan laadunvalvonnan alaisena maksimaalisen puhtauden ja tasaisuuden takaamiseksi. metocin 4-ho-met<\/p>\n<p data-start=\"4118\" data-end=\"4290\"><strong data-start=\"4118\" data-end=\"4129\">Metosiini<\/strong>, osa <strong data-start=\"4148\" data-end=\"4161\">RC+-sarja<\/strong>, tukee tutkimusta, joka koskee <strong data-start=\"4190\" data-end=\"4213\">tryptamiinianalogit<\/strong> ja toimii luotettavana vertailuaineena tieteellisiss\u00e4 sovelluksissa.<\/p>\n<p data-start=\"4292\" data-end=\"4428\">\u26a0\ufe0f <strong data-start=\"4295\" data-end=\"4306\">HUOM:<\/strong> T\u00e4m\u00e4 tuote on <strong data-start=\"4322\" data-end=\"4371\">tarkoitettu vain tutkimustarkoituksiin<\/strong> ja <strong data-start=\"4375\" data-end=\"4427\">ei sovellu ihmisten tai el\u00e4inten k\u00e4ytt\u00f6\u00f6n<\/strong>.<\/p>\n<hr data-start=\"4430\" data-end=\"4433\" \/>\n<h2 data-start=\"4435\" data-end=\"4465\"><strong data-start=\"4438\" data-end=\"4465\">T\u00e4rkeimm\u00e4t ominaisuudet<\/strong><\/h2>\n<ul data-start=\"4467\" data-end=\"4883\">\n<li data-start=\"4467\" data-end=\"4533\">\n<p data-start=\"4469\" data-end=\"4533\"><strong data-start=\"4469\" data-end=\"4489\">Korkea puhtaus:<\/strong> T\u00e4ytt\u00e4\u00e4 laboratorioiden laatustandardit.<\/p>\n<\/li>\n<li data-start=\"4534\" data-end=\"4624\">\n<p data-start=\"4536\" data-end=\"4624\"><strong data-start=\"4536\" data-end=\"4568\">Standardoitu annostus:<\/strong> Kolme pelletti\u00e4 pussia kohden, joiden koostumus on tasainen.<\/p>\n<\/li>\n<li data-start=\"4625\" data-end=\"4713\">\n<p data-start=\"4627\" data-end=\"4713\"><strong data-start=\"4627\" data-end=\"4654\">Vakaa ja luotettava:<\/strong> Suunniteltu pitk\u00e4aikaiseen s\u00e4ilytykseen ja toistettavuuteen.<\/p>\n<\/li>\n<li data-start=\"4714\" data-end=\"4797\">\n<p data-start=\"4716\" data-end=\"4797\"><strong data-start=\"4716\" data-end=\"4739\">Turvallinen pakkaus:<\/strong> Ilmatiivis ja kosteudenkest\u00e4v\u00e4 maksimaalisen eheyden takaamiseksi.<\/p>\n<\/li>\n<li data-start=\"4798\" data-end=\"4883\">\n<p data-start=\"4800\" data-end=\"4883\"><strong data-start=\"4800\" data-end=\"4827\">EU-asetusten mukaisesti:<\/strong> Valmistettu eurooppalaisten turvallisuusohjeiden mukaisesti. metocin 4-ho-met<\/p>\n<\/li>\n<\/ul>\n<hr data-start=\"4885\" data-end=\"4888\" \/>\n<h2 data-start=\"4890\" data-end=\"4924\"><strong data-start=\"4893\" data-end=\"4924\">Tutkijoiden hy\u00f6dyt<\/strong><\/h2>\n<ul data-start=\"4926\" data-end=\"5206\">\n<li data-start=\"4926\" data-end=\"4998\">\n<p data-start=\"4928\" data-end=\"4998\">Sopii <strong data-start=\"4942\" data-end=\"4995\">analyyttinen, rikostekninen ja toksikologinen tutkimus<\/strong>.<\/p>\n<\/li>\n<li data-start=\"4999\" data-end=\"5071\">\n<p data-start=\"5001\" data-end=\"5071\">Tukee <strong data-start=\"5013\" data-end=\"5042\">spektroskooppiset analyysit<\/strong> kuten LC-MS, GC-MS ja NMR.<\/p>\n<\/li>\n<li data-start=\"5072\" data-end=\"5134\">\n<p data-start=\"5074\" data-end=\"5134\">Auttaa <strong data-start=\"5084\" data-end=\"5114\">tunnistaminen ja validointi<\/strong> yhteyksist\u00e4.<\/p>\n<\/li>\n<li data-start=\"5135\" data-end=\"5206\">\n<p data-start=\"5137\" data-end=\"5206\">Tarjoukset <strong data-start=\"5143\" data-end=\"5177\">luotettavia vertailun\u00e4ytteit\u00e4<\/strong> tutkimustarkoituksiin.<\/p>\n<\/li>\n<\/ul>\n<hr data-start=\"5208\" data-end=\"5211\" \/>\n<h2 data-start=\"5213\" data-end=\"5247\"><strong data-start=\"5216\" data-end=\"5247\">K\u00e4ytt\u00f6 (tutkimuskonteksti)<\/strong><\/h2>\n<ol data-start=\"5249\" data-end=\"5453\">\n<li data-start=\"5249\" data-end=\"5294\">\n<p data-start=\"5252\" data-end=\"5294\">K\u00e4yt\u00e4 ainoastaan akkreditoiduissa laboratorioissa.<\/p>\n<\/li>\n<li data-start=\"5295\" data-end=\"5355\">\n<p data-start=\"5298\" data-end=\"5355\">K\u00e4yt\u00e4 k\u00e4sineit\u00e4, suojalaseja ja laboratoriotakkia.<\/p>\n<\/li>\n<li data-start=\"5356\" data-end=\"5403\">\n<p data-start=\"5359\" data-end=\"5403\">S\u00e4ilyt\u00e4 viile\u00e4ss\u00e4, kuivassa ja pime\u00e4ss\u00e4 (alle 25 \u00b0C).<\/p>\n<\/li>\n<li data-start=\"5404\" data-end=\"5453\">\n<p data-start=\"5407\" data-end=\"5453\">H\u00e4vit\u00e4 j\u00e4\u00e4nn\u00f6kset paikallisten m\u00e4\u00e4r\u00e4ysten mukaisesti.<\/p>\n<\/li>\n<\/ol>\n<blockquote data-start=\"5455\" data-end=\"5552\">\n<p data-start=\"5457\" data-end=\"5552\"><strong data-start=\"5457\" data-end=\"5468\">HUOM:<\/strong> <em data-start=\"5469\" data-end=\"5498\">RC+ Metocin-pussi 3 pelletti\u00e4<\/em> on <strong data-start=\"5502\" data-end=\"5551\">tarkoitettu vain tutkimustarkoituksiin<\/strong>.<\/p>\n<\/blockquote>\n<hr data-start=\"5554\" data-end=\"5557\" \/>\n<h2 data-start=\"5559\" data-end=\"5593\"><strong data-start=\"5562\" data-end=\"5593\">Usein kysytyt kysymykset (UKK)<\/strong><\/h2>\n<p data-start=\"5595\" data-end=\"5743\"><strong data-start=\"5595\" data-end=\"5638\">1. Mihin RC+ Metocinia k\u00e4ytet\u00e4\u00e4n?<\/strong><br data-start=\"5638\" data-end=\"5641\" \/>RC+ Metocinia k\u00e4ytet\u00e4\u00e4n <strong data-start=\"5673\" data-end=\"5714\">analyyttinen ja toksikologinen tutkimus<\/strong> tryptamiiniyhdisteisiin.<\/p>\n<p data-start=\"5745\" data-end=\"5859\"><strong data-start=\"5745\" data-end=\"5784\">2. Kuinka monta pelletti\u00e4 yksi pussi sis\u00e4lt\u00e4\u00e4?<\/strong><br data-start=\"5784\" data-end=\"5787\" \/>Jokainen pussi sis\u00e4lt\u00e4\u00e4 <strong data-start=\"5803\" data-end=\"5835\">3 standardoitua pelletti\u00e4<\/strong> yht\u00e4 puhtaita.<\/p>\n<p data-start=\"5861\" data-end=\"6014\"><strong data-start=\"5861\" data-end=\"5909\">3. Voinko ostaa RC+ Metocinia yksityishenkil\u00f6n\u00e4?<\/strong><br data-start=\"5909\" data-end=\"5912\" \/>Ei, vain <strong data-start=\"5924\" data-end=\"5958\">tunnustetut tutkimuslaitokset<\/strong> asianmukaisella luvalla voi ostaa t\u00e4m\u00e4n tuotteen.<\/p>","protected":false},"excerpt":{"rendered":"<p>CAS-numero: 77872-41-4<br \/>\nKaava: C13H18N2O<br \/>\nMoolimassa: 218,3 g\/mol<br \/>\nPuhtaus: \u226598%<\/p>","protected":false},"featured_media":21348,"comment_status":"closed","ping_status":"closed","template":"","meta":[],"product_brand":[82],"product_cat":[555],"product_tag":[858,857,871,636,673,635,870,326],"class_list":{"0":"post-24265","1":"product","2":"type-product","3":"status-publish","4":"has-post-thumbnail","6":"product_brand-research-chemical","7":"product_cat-b2b","8":"product_tag-4-acetoxy-met","9":"product_tag-4-ho-met-psychonaut","10":"product_tag-methylcybin","11":"product_tag-metocin","12":"product_tag-metocin-4-ho-met","13":"product_tag-metocin-kopen","14":"product_tag-metocin-tablet","15":"product_tag-nl","17":"first","18":"instock","19":"taxable","20":"shipping-taxable","21":"purchasable","22":"product-type-variable"},"_links":{"self":[{"href":"https:\/\/researchchemicalhub.com\/fi\/wp-json\/wp\/v2\/product\/24265","targetHints":{"allow":["GET"]}}],"collection":[{"href":"https:\/\/researchchemicalhub.com\/fi\/wp-json\/wp\/v2\/product"}],"about":[{"href":"https:\/\/researchchemicalhub.com\/fi\/wp-json\/wp\/v2\/types\/product"}],"replies":[{"embeddable":true,"href":"https:\/\/researchchemicalhub.com\/fi\/wp-json\/wp\/v2\/comments?post=24265"}],"version-history":[{"count":4,"href":"https:\/\/researchchemicalhub.com\/fi\/wp-json\/wp\/v2\/product\/24265\/revisions"}],"predecessor-version":[{"id":27822,"href":"https:\/\/researchchemicalhub.com\/fi\/wp-json\/wp\/v2\/product\/24265\/revisions\/27822"}],"wp:featuredmedia":[{"embeddable":true,"href":"https:\/\/researchchemicalhub.com\/fi\/wp-json\/wp\/v2\/media\/21348"}],"wp:attachment":[{"href":"https:\/\/researchchemicalhub.com\/fi\/wp-json\/wp\/v2\/media?parent=24265"}],"wp:term":[{"taxonomy":"product_brand","embeddable":true,"href":"https:\/\/researchchemicalhub.com\/fi\/wp-json\/wp\/v2\/product_brand?post=24265"},{"taxonomy":"product_cat","embeddable":true,"href":"https:\/\/researchchemicalhub.com\/fi\/wp-json\/wp\/v2\/product_cat?post=24265"},{"taxonomy":"product_tag","embeddable":true,"href":"https:\/\/researchchemicalhub.com\/fi\/wp-json\/wp\/v2\/product_tag?post=24265"}],"curies":[{"name":"wp","href":"https:\/\/api.w.org\/{rel}","templated":true}]}}