{"id":24200,"date":"2025-04-13T17:41:14","date_gmt":"2025-04-13T17:41:14","guid":{"rendered":"https:\/\/researchchemicalhub.com\/?post_type=product&#038;p=24200"},"modified":"2025-10-12T20:05:31","modified_gmt":"2025-10-12T20:05:31","slug":"1p-lsd-pussi-3-imupaperia","status":"publish","type":"product","link":"https:\/\/researchchemicalhub.com\/fi\/kauppa\/yritysten-valinen\/1p-lsd-pussi-3-imupaperia\/","title":{"rendered":"1P-LSD-pussi 3 imupaperia"},"content":{"rendered":"<h2 data-start=\"3787\" data-end=\"3813\"><strong data-start=\"3790\" data-end=\"3813\">Tuotekuvaus<\/strong><\/h2>\n<p data-start=\"3815\" data-end=\"4065\"><strong data-start=\"3815\" data-end=\"3866\">1P-LSD (1-propionyyli-lysergihappodietyyliamidi)<\/strong> on <strong data-start=\"3874\" data-end=\"3917\">lysergamidiluokan tutkimusaine<\/strong>, LSD:hen liittyv\u00e4\u00e4.<br data-start=\"3935\" data-end=\"3938\" \/>Sit\u00e4 k\u00e4ytet\u00e4\u00e4n <strong data-start=\"3962\" data-end=\"4015\">analyyttinen, rikostekninen ja neurokemiallinen tutkimus<\/strong> Ep\u00e4miellytt\u00e4v\u00e4 <strong data-start=\"4021\" data-end=\"4062\">rakenteelliset ja metaboliset ominaisuudet<\/strong>tilaa lsd<\/p>\n<p data-start=\"4067\" data-end=\"4231\">Jokainen <strong data-start=\"4071\" data-end=\"4087\">1P-LSD-pussi<\/strong> sis\u00e4lt\u00e4\u00e4 <strong data-start=\"4094\" data-end=\"4132\">3 huolellisesti tehty\u00e4 muistilappua<\/strong>, tuotettu valvotuissa olosuhteissa <strong data-start=\"4186\" data-end=\"4216\">puhtaus ja johdonmukaisuus<\/strong> takaamaan.<\/p>\n<p data-start=\"4233\" data-end=\"4369\">\u26a0\ufe0f <strong data-start=\"4236\" data-end=\"4247\">HUOM:<\/strong> T\u00e4m\u00e4 tuote on <strong data-start=\"4263\" data-end=\"4312\">tarkoitettu vain tutkimustarkoituksiin<\/strong> ja <strong data-start=\"4316\" data-end=\"4368\">ei sovellu ihmisten tai el\u00e4inten k\u00e4ytt\u00f6\u00f6n<\/strong>.<\/p>\n<hr data-start=\"4371\" data-end=\"4374\" \/>\n<h2 data-start=\"4376\" data-end=\"4406\"><strong data-start=\"4379\" data-end=\"4406\">T\u00e4rkeimm\u00e4t ominaisuudet<\/strong><\/h2>\n<ul data-start=\"4408\" data-end=\"4757\">\n<li data-start=\"4408\" data-end=\"4482\">\n<p data-start=\"4410\" data-end=\"4482\"><strong data-start=\"4410\" data-end=\"4430\">Korkea puhtaus:<\/strong> Sopii analyyttiseen ja rikostutkimukseen.<\/p>\n<\/li>\n<li data-start=\"4483\" data-end=\"4553\">\n<p data-start=\"4485\" data-end=\"4553\"><strong data-start=\"4485\" data-end=\"4517\">Standardoidut lomakkeet:<\/strong> Tasainen annostus per imupaperi.<\/p>\n<\/li>\n<li data-start=\"4554\" data-end=\"4612\">\n<p data-start=\"4556\" data-end=\"4612\"><strong data-start=\"4556\" data-end=\"4577\">Kemiallisesti stabiili:<\/strong> Sopii pitk\u00e4aikaiseen s\u00e4ilytykseen.<\/p>\n<\/li>\n<li data-start=\"4613\" data-end=\"4671\">\n<p data-start=\"4615\" data-end=\"4671\"><strong data-start=\"4615\" data-end=\"4638\">Turvallinen pakkaus:<\/strong> Ilmatiivis ja sinet\u00f6ity pussi.<\/p>\n<\/li>\n<li data-start=\"4672\" data-end=\"4757\">\n<p data-start=\"4674\" data-end=\"4757\"><strong data-start=\"4674\" data-end=\"4701\">EU-asetusten mukaisesti:<\/strong> Valmistettu eurooppalaisten turvallisuusstandardien mukaisesti.<\/p>\n<\/li>\n<\/ul>\n<hr data-start=\"4759\" data-end=\"4762\" \/>\n<h2 data-start=\"4764\" data-end=\"4795\"><strong data-start=\"4767\" data-end=\"4795\">Tutkimuksen hy\u00f6dyt<\/strong><\/h2>\n<ul data-start=\"4797\" data-end=\"5044\">\n<li data-start=\"4797\" data-end=\"4865\">\n<p data-start=\"4799\" data-end=\"4865\">Tukee <strong data-start=\"4811\" data-end=\"4862\">analyyttisten ja rikosteknisten menetelmien kehitt\u00e4minen<\/strong>.<\/p>\n<\/li>\n<li data-start=\"4866\" data-end=\"4923\">\n<p data-start=\"4868\" data-end=\"4923\">Sopii <strong data-start=\"4882\" data-end=\"4920\">neurokemiallinen ja reseptoritutkimus<\/strong>.<\/p>\n<\/li>\n<li data-start=\"4924\" data-end=\"4992\">\n<p data-start=\"4926\" data-end=\"4992\">Auttaa <strong data-start=\"4936\" data-end=\"4972\">rakenteelliset vertailututkimukset<\/strong> lysergamideista.<\/p>\n<\/li>\n<li data-start=\"4993\" data-end=\"5044\">\n<p data-start=\"4995\" data-end=\"5044\">Tarjoukset <strong data-start=\"5001\" data-end=\"5041\">toistettavissa olevat tutkimustulokset<\/strong>tilaa lsd<\/p>\n<\/li>\n<\/ul>\n<hr data-start=\"5046\" data-end=\"5049\" \/>\n<h2 data-start=\"5051\" data-end=\"5085\"><strong data-start=\"5054\" data-end=\"5085\">K\u00e4ytt\u00f6 (tutkimuskonteksti)<\/strong><\/h2>\n<ol data-start=\"5087\" data-end=\"5304\">\n<li data-start=\"5087\" data-end=\"5132\">\n<p data-start=\"5090\" data-end=\"5132\">K\u00e4yt\u00e4 ainoastaan akkreditoiduissa laboratorioissa.<\/p>\n<\/li>\n<li data-start=\"5133\" data-end=\"5193\">\n<p data-start=\"5136\" data-end=\"5193\">K\u00e4yt\u00e4 k\u00e4sineit\u00e4, suojalaseja ja laboratoriotakkia.<\/p>\n<\/li>\n<li data-start=\"5194\" data-end=\"5241\">\n<p data-start=\"5197\" data-end=\"5241\">S\u00e4ilyt\u00e4 viile\u00e4ss\u00e4, kuivassa ja pime\u00e4ss\u00e4 (alle 25 \u00b0C).<\/p>\n<\/li>\n<li data-start=\"5242\" data-end=\"5304\">\n<p data-start=\"5245\" data-end=\"5304\">H\u00e4vit\u00e4 j\u00e4\u00e4nn\u00f6kset paikallisten turvallisuusm\u00e4\u00e4r\u00e4ysten mukaisesti.<\/p>\n<\/li>\n<\/ol>\n<blockquote data-start=\"5306\" data-end=\"5399\">\n<p data-start=\"5308\" data-end=\"5399\"><strong data-start=\"5308\" data-end=\"5319\">HUOM:<\/strong> <em data-start=\"5320\" data-end=\"5345\">1P-LSD-pussi 3 imupaperia<\/em> on <strong data-start=\"5349\" data-end=\"5398\">tarkoitettu vain tutkimustarkoituksiin<\/strong>.<\/p>\n<\/blockquote>\n<hr data-start=\"5401\" data-end=\"5404\" \/>\n<h2 data-start=\"5406\" data-end=\"5440\"><strong data-start=\"5409\" data-end=\"5440\">Usein kysytyt kysymykset (UKK)<\/strong><\/h2>\n<p data-start=\"5442\" data-end=\"5578\"><strong data-start=\"5442\" data-end=\"5480\">1. Mihin 1P-LSD:t\u00e4 k\u00e4ytet\u00e4\u00e4n?<\/strong><br data-start=\"5480\" data-end=\"5483\" \/>1P-LSD:t\u00e4 k\u00e4ytet\u00e4\u00e4n <strong data-start=\"5510\" data-end=\"5548\">analyyttinen ja rikostekninen tutkimus<\/strong> lysergamidiyhdisteisiin.<\/p>\n<p data-start=\"5580\" data-end=\"5695\"><strong data-start=\"5580\" data-end=\"5620\">2. Kuinka monta imupaperia yksi pussi sis\u00e4lt\u00e4\u00e4?<\/strong><br data-start=\"5620\" data-end=\"5623\" \/>Jokainen pussi sis\u00e4lt\u00e4\u00e4 <strong data-start=\"5639\" data-end=\"5653\">3 imuria<\/strong> standardoidulla koostumuksella.<\/p>\n<p data-start=\"5697\" data-end=\"5822\"><strong data-start=\"5697\" data-end=\"5740\">3. Voinko ostaa 1P-LSD:t\u00e4 yksityishenkil\u00f6n\u00e4?<\/strong><br data-start=\"5740\" data-end=\"5743\" \/>Ei, t\u00e4m\u00e4 tuote on saatavilla vain <strong data-start=\"5787\" data-end=\"5821\">tunnustetut tutkimuslaitokset<\/strong>.<\/p>","protected":false},"excerpt":{"rendered":"<p>Productbeschrijving 1P-LSD (1-Propionyl-Lysergic Acid Diethylamide) is een onderzoeksstof uit de lysergamideklasse, verwant aan LSD.Het wordt gebruikt voor analytisch, forensisch en<\/p>","protected":false},"featured_media":21263,"comment_status":"closed","ping_status":"closed","template":"","meta":[],"product_brand":[],"product_cat":[555],"product_tag":[774,326],"class_list":{"0":"post-24200","1":"product","2":"type-product","3":"status-publish","4":"has-post-thumbnail","6":"product_cat-b2b","7":"product_tag-lsd-bestellen","8":"product_tag-nl","10":"first","11":"instock","12":"taxable","13":"shipping-taxable","14":"purchasable","15":"product-type-variable"},"_links":{"self":[{"href":"https:\/\/researchchemicalhub.com\/fi\/wp-json\/wp\/v2\/product\/24200","targetHints":{"allow":["GET"]}}],"collection":[{"href":"https:\/\/researchchemicalhub.com\/fi\/wp-json\/wp\/v2\/product"}],"about":[{"href":"https:\/\/researchchemicalhub.com\/fi\/wp-json\/wp\/v2\/types\/product"}],"replies":[{"embeddable":true,"href":"https:\/\/researchchemicalhub.com\/fi\/wp-json\/wp\/v2\/comments?post=24200"}],"version-history":[{"count":4,"href":"https:\/\/researchchemicalhub.com\/fi\/wp-json\/wp\/v2\/product\/24200\/revisions"}],"predecessor-version":[{"id":27833,"href":"https:\/\/researchchemicalhub.com\/fi\/wp-json\/wp\/v2\/product\/24200\/revisions\/27833"}],"wp:featuredmedia":[{"embeddable":true,"href":"https:\/\/researchchemicalhub.com\/fi\/wp-json\/wp\/v2\/media\/21263"}],"wp:attachment":[{"href":"https:\/\/researchchemicalhub.com\/fi\/wp-json\/wp\/v2\/media?parent=24200"}],"wp:term":[{"taxonomy":"product_brand","embeddable":true,"href":"https:\/\/researchchemicalhub.com\/fi\/wp-json\/wp\/v2\/product_brand?post=24200"},{"taxonomy":"product_cat","embeddable":true,"href":"https:\/\/researchchemicalhub.com\/fi\/wp-json\/wp\/v2\/product_cat?post=24200"},{"taxonomy":"product_tag","embeddable":true,"href":"https:\/\/researchchemicalhub.com\/fi\/wp-json\/wp\/v2\/product_tag?post=24200"}],"curies":[{"name":"wp","href":"https:\/\/api.w.org\/{rel}","templated":true}]}}