{"id":24179,"date":"2025-04-13T17:41:13","date_gmt":"2025-04-13T17:41:13","guid":{"rendered":"https:\/\/researchchemicalhub.com\/?post_type=product&#038;p=24179"},"modified":"2025-10-12T20:18:57","modified_gmt":"2025-10-12T20:18:57","slug":"bromazolam-25mg-box","status":"publish","type":"product","link":"https:\/\/researchchemicalhub.com\/fi\/shop\/b2b\/bromazolam-25mg-box\/","title":{"rendered":"RC+ Bromazolaami 2,5 mg pakkaus"},"content":{"rendered":"<h2 data-start=\"3728\" data-end=\"3754\"><strong data-start=\"3731\" data-end=\"3754\">Tuotekuvaus<\/strong><\/h2>\n<p data-start=\"3756\" data-end=\"4077\"><strong data-start=\"3756\" data-end=\"3784\">RC+ Bromazolaami 2,5 mg pakkaus<\/strong> sis\u00e4lt\u00e4\u00e4 <strong data-start=\"3791\" data-end=\"3817\">eritt\u00e4in puhdasta bromatsolaamia<\/strong>, bentsodiatsepiinijohdannainen, jota k\u00e4ytet\u00e4\u00e4n <strong data-start=\"3871\" data-end=\"3924\">toksikologinen, analyyttinen ja rikostekninen tutkimus<\/strong>.<br data-start=\"3925\" data-end=\"3928\" \/>Se on osa <strong data-start=\"3954\" data-end=\"3977\">RC+-tutkimussarja<\/strong>, tunnettu sen <strong data-start=\"3994\" data-end=\"4074\">laboratoriolaatu, standardoitu annostelu ja tasainen suorituskyky<\/strong>.<\/p>\n<p data-start=\"4079\" data-end=\"4241\">Jokainen laatikko sis\u00e4lt\u00e4\u00e4 <strong data-start=\"4094\" data-end=\"4136\">2,5 mg:n tutkimuspuhtauden pellettej\u00e4<\/strong>, kehitetty <strong data-start=\"4154\" data-end=\"4197\">luotettavia ja toistettavia analyysej\u00e4<\/strong> kontrolloiduissa laboratorioymp\u00e4rist\u00f6iss\u00e4.<\/p>\n<p data-start=\"4243\" data-end=\"4379\">\u26a0\ufe0f <strong data-start=\"4246\" data-end=\"4257\">HUOM:<\/strong> T\u00e4m\u00e4 tuote on <strong data-start=\"4273\" data-end=\"4322\">tarkoitettu vain tutkimustarkoituksiin<\/strong> ja <strong data-start=\"4326\" data-end=\"4378\">ei sovellu ihmisten tai el\u00e4inten k\u00e4ytt\u00f6\u00f6n<\/strong>.<\/p>\n<hr data-start=\"4381\" data-end=\"4384\" \/>\n<h2 data-start=\"4386\" data-end=\"4416\"><strong data-start=\"4389\" data-end=\"4416\">T\u00e4rkeimm\u00e4t ominaisuudet<\/strong><\/h2>\n<ul data-start=\"4418\" data-end=\"4783\">\n<li data-start=\"4418\" data-end=\"4483\">\n<p data-start=\"4420\" data-end=\"4483\"><strong data-start=\"4420\" data-end=\"4440\">Korkea puhtaus:<\/strong> Valmistettu laboratoriostandardien mukaisesti.<\/p>\n<\/li>\n<li data-start=\"4484\" data-end=\"4566\">\n<p data-start=\"4486\" data-end=\"4566\"><strong data-start=\"4486\" data-end=\"4518\">Standardoitu annostus:<\/strong> 2,5 mg pelletti\u00e4 kohden tarkkojen tulosten saavuttamiseksi.<\/p>\n<\/li>\n<li data-start=\"4567\" data-end=\"4640\">\n<p data-start=\"4569\" data-end=\"4640\"><strong data-start=\"4569\" data-end=\"4594\">Stabiili koostumus:<\/strong> Kest\u00e4\u00e4 hajoamista asianmukaisesti s\u00e4ilytettyn\u00e4.<\/p>\n<\/li>\n<li data-start=\"4641\" data-end=\"4697\">\n<p data-start=\"4643\" data-end=\"4697\"><strong data-start=\"4643\" data-end=\"4666\">Turvallinen pakkaus:<\/strong> Tiivistetty ja kosteutta kest\u00e4v\u00e4.<\/p>\n<\/li>\n<li data-start=\"4698\" data-end=\"4783\">\n<p data-start=\"4700\" data-end=\"4783\"><strong data-start=\"4700\" data-end=\"4727\">EU-asetusten mukaisesti:<\/strong> Valmistettu eurooppalaisten turvallisuusstandardien mukaisesti.<\/p>\n<\/li>\n<\/ul>\n<hr data-start=\"4785\" data-end=\"4788\" \/>\n<h2 data-start=\"4790\" data-end=\"4824\"><strong data-start=\"4793\" data-end=\"4824\">Tutkijoiden hy\u00f6dyt<\/strong><\/h2>\n<ul data-start=\"4826\" data-end=\"5090\">\n<li data-start=\"4826\" data-end=\"4886\">\n<p data-start=\"4828\" data-end=\"4886\">Sopii <strong data-start=\"4842\" data-end=\"4883\">oikeusl\u00e4\u00e4ketieteellinen ja toksikologinen tutkimus<\/strong>.<\/p>\n<\/li>\n<li data-start=\"4887\" data-end=\"4955\">\n<p data-start=\"4889\" data-end=\"4955\">Tukee <strong data-start=\"4901\" data-end=\"4937\">analyyttisten menetelmien kehitt\u00e4minen<\/strong> (LC-MS, GC-MS).<\/p>\n<\/li>\n<li data-start=\"4956\" data-end=\"5023\">\n<p data-start=\"4958\" data-end=\"5023\">Toimii <strong data-start=\"4968\" data-end=\"4991\">vertailustandardi<\/strong> bentsodiatsepiinianalogeille.<\/p>\n<\/li>\n<li data-start=\"5024\" data-end=\"5090\">\n<p data-start=\"5026\" data-end=\"5090\">Tarjoukset <strong data-start=\"5032\" data-end=\"5087\">toistettavissa olevat ja luotettavat tutkimustulokset<\/strong>.<\/p>\n<\/li>\n<\/ul>\n<hr data-start=\"5092\" data-end=\"5095\" \/>\n<h2 data-start=\"5097\" data-end=\"5131\"><strong data-start=\"5100\" data-end=\"5131\">K\u00e4ytt\u00f6 (tutkimuskonteksti)<\/strong><\/h2>\n<ol data-start=\"5133\" data-end=\"5350\">\n<li data-start=\"5133\" data-end=\"5178\">\n<p data-start=\"5136\" data-end=\"5178\">K\u00e4yt\u00e4 ainoastaan akkreditoiduissa laboratorioissa.<\/p>\n<\/li>\n<li data-start=\"5179\" data-end=\"5239\">\n<p data-start=\"5182\" data-end=\"5239\">K\u00e4yt\u00e4 k\u00e4sineit\u00e4, suojalaseja ja laboratoriotakkia.<\/p>\n<\/li>\n<li data-start=\"5240\" data-end=\"5287\">\n<p data-start=\"5243\" data-end=\"5287\">S\u00e4ilyt\u00e4 viile\u00e4ss\u00e4, kuivassa ja pime\u00e4ss\u00e4 (alle 25 \u00b0C).<\/p>\n<\/li>\n<li data-start=\"5288\" data-end=\"5350\">\n<p data-start=\"5291\" data-end=\"5350\">H\u00e4vit\u00e4 j\u00e4\u00e4nn\u00f6kset paikallisten turvallisuusm\u00e4\u00e4r\u00e4ysten mukaisesti.<\/p>\n<\/li>\n<\/ol>\n<blockquote data-start=\"5352\" data-end=\"5446\">\n<p data-start=\"5354\" data-end=\"5446\"><strong data-start=\"5354\" data-end=\"5365\">HUOM:<\/strong> <em data-start=\"5366\" data-end=\"5392\">RC+ Bromazolaami 2,5 mg pakkaus<\/em> on <strong data-start=\"5396\" data-end=\"5445\">tarkoitettu vain tutkimustarkoituksiin<\/strong>.<\/p>\n<\/blockquote>\n<hr data-start=\"5448\" data-end=\"5451\" \/>\n<h2 data-start=\"5453\" data-end=\"5487\"><strong data-start=\"5456\" data-end=\"5487\">Usein kysytyt kysymykset (UKK)<\/strong><\/h2>\n<p data-start=\"5489\" data-end=\"5635\"><strong data-start=\"5489\" data-end=\"5535\">1. Mihin RC+ Bromazolamia k\u00e4ytet\u00e4\u00e4n?<\/strong><br data-start=\"5535\" data-end=\"5538\" \/>Sit\u00e4 k\u00e4ytet\u00e4\u00e4n <strong data-start=\"5562\" data-end=\"5600\">analyyttinen ja rikostekninen tutkimus<\/strong> bentsodiatsepiiniyhdisteille.<\/p>\n<p data-start=\"5637\" data-end=\"5745\"><strong data-start=\"5637\" data-end=\"5666\">2. Kuinka paljon yksi laatikko sis\u00e4lt\u00e4\u00e4?<\/strong><br data-start=\"5666\" data-end=\"5669\" \/>Jokainen laatikko sis\u00e4lt\u00e4\u00e4 <strong data-start=\"5684\" data-end=\"5701\">2,5 mg:n pelletit<\/strong> standardoidulla koostumuksella.<\/p>\n<p data-start=\"5747\" data-end=\"5882\"><strong data-start=\"5747\" data-end=\"5798\">3. Voinko ostaa RC+ Bromazolamia yksityishenkil\u00f6n\u00e4?<\/strong><br data-start=\"5798\" data-end=\"5801\" \/>Ei, t\u00e4m\u00e4 tuote on saatavilla vain <strong data-start=\"5845\" data-end=\"5879\">tunnustetut tutkimuslaitokset<\/strong>.<\/p>","protected":false},"excerpt":{"rendered":"<p>Productbeschrijving RC+ Bromazolam 2,5mg Box bevat hoogzuivere Bromazolam, een benzodiazepine-derivaat dat wordt gebruikt voor toxicologisch, analytisch en forensisch onderzoek.Het maakt<\/p>","protected":false},"featured_media":21031,"comment_status":"closed","ping_status":"closed","template":"","meta":[],"product_brand":[82],"product_cat":[555],"product_tag":[174,183,184,176,175,178,177,180,326,179],"class_list":{"0":"post-24179","1":"product","2":"type-product","3":"status-publish","4":"has-post-thumbnail","6":"product_brand-research-chemical","7":"product_cat-b2b","8":"product_tag-bromazolam","9":"product_tag-bromazolam-bijwerkingen","10":"product_tag-bromazolam-dosing","11":"product_tag-bromazolam-ervaringen","12":"product_tag-bromazolam-kopen","13":"product_tag-bromazolam-na-drugs","14":"product_tag-bromazolam-psychonaut","15":"product_tag-hoe-lang-werkt-bromazolam","16":"product_tag-nl","17":"product_tag-wat-is-bromazolam","19":"first","20":"instock","21":"taxable","22":"shipping-taxable","23":"purchasable","24":"product-type-variable"},"_links":{"self":[{"href":"https:\/\/researchchemicalhub.com\/fi\/wp-json\/wp\/v2\/product\/24179","targetHints":{"allow":["GET"]}}],"collection":[{"href":"https:\/\/researchchemicalhub.com\/fi\/wp-json\/wp\/v2\/product"}],"about":[{"href":"https:\/\/researchchemicalhub.com\/fi\/wp-json\/wp\/v2\/types\/product"}],"replies":[{"embeddable":true,"href":"https:\/\/researchchemicalhub.com\/fi\/wp-json\/wp\/v2\/comments?post=24179"}],"version-history":[{"count":6,"href":"https:\/\/researchchemicalhub.com\/fi\/wp-json\/wp\/v2\/product\/24179\/revisions"}],"predecessor-version":[{"id":27836,"href":"https:\/\/researchchemicalhub.com\/fi\/wp-json\/wp\/v2\/product\/24179\/revisions\/27836"}],"wp:featuredmedia":[{"embeddable":true,"href":"https:\/\/researchchemicalhub.com\/fi\/wp-json\/wp\/v2\/media\/21031"}],"wp:attachment":[{"href":"https:\/\/researchchemicalhub.com\/fi\/wp-json\/wp\/v2\/media?parent=24179"}],"wp:term":[{"taxonomy":"product_brand","embeddable":true,"href":"https:\/\/researchchemicalhub.com\/fi\/wp-json\/wp\/v2\/product_brand?post=24179"},{"taxonomy":"product_cat","embeddable":true,"href":"https:\/\/researchchemicalhub.com\/fi\/wp-json\/wp\/v2\/product_cat?post=24179"},{"taxonomy":"product_tag","embeddable":true,"href":"https:\/\/researchchemicalhub.com\/fi\/wp-json\/wp\/v2\/product_tag?post=24179"}],"curies":[{"name":"wp","href":"https:\/\/api.w.org\/{rel}","templated":true}]}}