{"id":24154,"date":"2025-04-13T17:41:09","date_gmt":"2025-04-13T17:41:09","guid":{"rendered":"https:\/\/researchchemicalhub.com\/?post_type=product&#038;p=24154"},"modified":"2025-10-12T20:57:52","modified_gmt":"2025-10-12T20:57:52","slug":"green-mandala","status":"publish","type":"product","link":"https:\/\/researchchemicalhub.com\/fi\/shop\/b2b\/green-mandala\/","title":{"rendered":"Vihre\u00e4 mandala"},"content":{"rendered":"<h3 data-start=\"4598\" data-end=\"4617\"><strong data-start=\"4602\" data-end=\"4617\">Johdanto<\/strong><\/h3>\n<p data-start=\"4618\" data-end=\"4961\">The <strong data-start=\"4621\" data-end=\"4638\">Vihre\u00e4 mandala<\/strong> symboloi <strong data-start=\"4652\" data-end=\"4687\">uudistuminen, paraneminen ja tasapaino<\/strong>ja tuo kehon, mielen ja sielun harmoniaan vihre\u00e4n rauhoittavan voiman avulla. Mandalat, jotka ovat per\u00e4isin muinaisista ajoista <strong data-start=\"4802\" data-end=\"4848\">Hindulaiset ja buddhalaiset perinteet<\/strong>, on k\u00e4ytetty vuosisatojen ajan henkisin\u00e4 ty\u00f6kaluina energian keskitt\u00e4miseen ja tasapainon palauttamiseen. Osta 4 fma<\/p>\n<p data-start=\"4963\" data-end=\"5283\">Vihre\u00e4, luonnon ja el\u00e4m\u00e4n v\u00e4ri, edustaa <strong data-start=\"5018\" data-end=\"5060\">kasvua, my\u00f6t\u00e4tuntoa ja emotionaalista toipumista<\/strong>Yhdess\u00e4 mandalan pyh\u00e4n geometrian kanssa t\u00e4m\u00e4 muodostaa voimakkaan symbolin <strong data-start=\"5151\" data-end=\"5198\">sis\u00e4inen rauha, uudistuminen ja tietoisuus<\/strong>The <strong data-start=\"5203\" data-end=\"5220\">Vihre\u00e4 mandala<\/strong> muuttaa mink\u00e4 tahansa huoneen <strong data-start=\"5250\" data-end=\"5282\">rauhan ja seesteisyyden keidas<\/strong>.<\/p>\n<hr data-start=\"5285\" data-end=\"5288\" \/>\n<h3 data-start=\"5290\" data-end=\"5321\"><strong data-start=\"5294\" data-end=\"5321\">T\u00e4rkeimm\u00e4t ominaisuudet<\/strong><\/h3>\n<ul data-start=\"5322\" data-end=\"5849\">\n<li data-start=\"5322\" data-end=\"5424\">\n<p data-start=\"5324\" data-end=\"5424\"><strong data-start=\"5324\" data-end=\"5351\">Rauhoittava vihre\u00e4 paletti:<\/strong> Luotu rikkailla vihre\u00e4n s\u00e4vyill\u00e4, jotka edist\u00e4v\u00e4t rauhallisuutta, tasapainoa ja paranemista.<\/p>\n<\/li>\n<li data-start=\"5425\" data-end=\"5551\">\n<p data-start=\"5427\" data-end=\"5551\"><strong data-start=\"5427\" data-end=\"5450\">Symbolinen suunnittelu:<\/strong> Edustaa <strong data-start=\"5471\" data-end=\"5495\">Syd\u00e4nchakra (Anahata)<\/strong> \u2013 rakkauden, my\u00f6t\u00e4tunnon ja yhteyden keskus.<\/p>\n<\/li>\n<li data-start=\"5552\" data-end=\"5658\">\n<p data-start=\"5554\" data-end=\"5658\"><strong data-start=\"5554\" data-end=\"5573\">Korkea laatu:<\/strong> Saatavilla seuraavasti <strong data-start=\"5591\" data-end=\"5623\">kangas, juliste tai sein\u00e4vaate<\/strong> eloisilla, pitk\u00e4kestoisilla v\u00e4reill\u00e4.<\/p>\n<\/li>\n<li data-start=\"5659\" data-end=\"5761\">\n<p data-start=\"5661\" data-end=\"5761\"><strong data-start=\"5661\" data-end=\"5685\">Monimutkainen geometria:<\/strong> Perustuu perinteiseen mandala-taiteeseen, yhten\u00e4isyyden ja harmonian symboliin.<\/p>\n<\/li>\n<li data-start=\"5762\" data-end=\"5849\">\n<p data-start=\"5764\" data-end=\"5849\"><strong data-start=\"5764\" data-end=\"5786\">Monipuolinen muotoilu:<\/strong> Sopii t\u00e4ydellisesti molempiin <strong data-start=\"5809\" data-end=\"5846\">moderni ja hengellinen sisustus<\/strong>.<\/p>\n<\/li>\n<\/ul>\n<hr data-start=\"5851\" data-end=\"5854\" \/>\n<h3 data-start=\"5856\" data-end=\"5873\"><strong data-start=\"5860\" data-end=\"5873\">Edut<\/strong><\/h3>\n<ul data-start=\"5874\" data-end=\"6332\">\n<li data-start=\"5874\" data-end=\"5993\">\n<p data-start=\"5876\" data-end=\"5993\"><strong data-start=\"5876\" data-end=\"5909\">Edist\u00e4\u00e4 paranemista ja tasapainoa:<\/strong> Vihre\u00e4 auttaa <strong data-start=\"5922\" data-end=\"5960\">palauttaa emotionaalinen tasapaino<\/strong> ja luoda sis\u00e4ist\u00e4 rauhaa.<\/p>\n<\/li>\n<li data-start=\"5994\" data-end=\"6073\">\n<p data-start=\"5996\" data-end=\"6073\"><strong data-start=\"5996\" data-end=\"6026\">Tukee syd\u00e4nchakraa:<\/strong> Vahvistettu <strong data-start=\"6037\" data-end=\"6070\">rakkaus, empatia ja my\u00f6t\u00e4tunto<\/strong>.<\/p>\n<\/li>\n<li data-start=\"6074\" data-end=\"6153\">\n<p data-start=\"6076\" data-end=\"6153\"><strong data-start=\"6076\" data-end=\"6103\">Stimuloi tietoisuustaitoja:<\/strong> Ihanteellinen <strong data-start=\"6116\" data-end=\"6150\">jooga, meditaatio tai rentoutuminen<\/strong>.<\/p>\n<\/li>\n<li data-start=\"6154\" data-end=\"6243\">\n<p data-start=\"6156\" data-end=\"6243\"><strong data-start=\"6156\" data-end=\"6178\">V\u00e4hent\u00e4\u00e4 stressi\u00e4:<\/strong> Luonnonv\u00e4rit her\u00e4tt\u00e4v\u00e4t rauhallisuuden ja levollisuuden tunteita.<\/p>\n<\/li>\n<li data-start=\"6244\" data-end=\"6332\">\n<p data-start=\"6246\" data-end=\"6332\"><strong data-start=\"6246\" data-end=\"6270\">Parannettu sisustus:<\/strong> Antaa jokaiselle huoneelle <strong data-start=\"6293\" data-end=\"6329\">tyyni ja tyylik\u00e4s ulkon\u00e4k\u00f6<\/strong>.<\/p>\n<\/li>\n<\/ul>\n<hr data-start=\"6334\" data-end=\"6337\" \/>\n<h3 data-start=\"6339\" data-end=\"6354\"><strong data-start=\"6343\" data-end=\"6354\">K\u00e4ytt\u00f6<\/strong><\/h3>\n<ol data-start=\"6355\" data-end=\"6774\">\n<li data-start=\"6355\" data-end=\"6461\">\n<p data-start=\"6358\" data-end=\"6461\"><strong data-start=\"6358\" data-end=\"6380\">Sein\u00e4koristeena:<\/strong> Ripusta <strong data-start=\"6389\" data-end=\"6406\">Vihre\u00e4 mandala<\/strong> makuuhuoneissa, joogastudioissa tai rentoutumisalueilla.<\/p>\n<\/li>\n<li data-start=\"6462\" data-end=\"6581\">\n<p data-start=\"6465\" data-end=\"6581\"><strong data-start=\"6465\" data-end=\"6484\">Meditaatiota varten:<\/strong> Keskit\u00e4 katseesi mandalan keskelle ja hengit\u00e4 syv\u00e4\u00e4n visualisoidessasi vihre\u00e4\u00e4 energiaa.<\/p>\n<\/li>\n<li data-start=\"6582\" data-end=\"6679\">\n<p data-start=\"6585\" data-end=\"6679\"><strong data-start=\"6585\" data-end=\"6602\">Joogan aikana:<\/strong> K\u00e4yt\u00e4 mandalaa kiintopisteen\u00e4 parantaaksesi keskittymist\u00e4 ja maadoittumista.<\/p>\n<\/li>\n<li data-start=\"6680\" data-end=\"6774\">\n<p data-start=\"6683\" data-end=\"6774\"><strong data-start=\"6683\" data-end=\"6698\">Lahjaksi:<\/strong> Merkityksellinen lahja, joka <strong data-start=\"6729\" data-end=\"6758\">rakkautta, kasvua ja harmoniaa<\/strong> symboloi. Osta 4 fma:ta<\/p>\n<\/li>\n<\/ol>\n<hr data-start=\"6776\" data-end=\"6779\" \/>\n<h3 data-start=\"6781\" data-end=\"6814\"><strong data-start=\"6785\" data-end=\"6814\">Usein kysytyt kysymykset (UKK)<\/strong><\/h3>\n<p data-start=\"6816\" data-end=\"6992\"><strong data-start=\"6816\" data-end=\"6857\">1. Mit\u00e4 vihre\u00e4 mandala symboloi?<\/strong><br data-start=\"6857\" data-end=\"6860\" \/>The <strong data-start=\"6863\" data-end=\"6880\">Vihre\u00e4 mandala<\/strong> tarkoittaa <strong data-start=\"6892\" data-end=\"6930\">paranemista, my\u00f6t\u00e4tuntoa, kasvua ja tasapainoa<\/strong>ja auttaa vahvistamaan luonnon ja syd\u00e4men energiaa.<\/p>\n<p data-start=\"6994\" data-end=\"7166\"><strong data-start=\"6994\" data-end=\"7053\">2. Voiko vihre\u00e4\u00e4 mandalaa k\u00e4ytt\u00e4\u00e4 meditaatioon?<\/strong><br data-start=\"7053\" data-end=\"7056\" \/>Kyll\u00e4, se on tehokas ty\u00f6kalu mm. <strong data-start=\"7096\" data-end=\"7128\">tietoisuustaito ja chakratasapaino<\/strong>, keskittyen p\u00e4\u00e4asiassa <strong data-start=\"7151\" data-end=\"7165\">Syd\u00e4nchakra<\/strong>.<\/p>\n<p data-start=\"7168\" data-end=\"7355\"><strong data-start=\"7168\" data-end=\"7228\">3. Sopiiko vihre\u00e4 mandala sisustukseen?<\/strong><br data-start=\"7228\" data-end=\"7231\" \/>Ehdottomasti. Rauhalliset vihre\u00e4n s\u00e4vyt ja symmetriset muodot tekev\u00e4t siit\u00e4 ihanteellisen <strong data-start=\"7310\" data-end=\"7354\">kodit, joogastudiot ja hyvinvointikeskukset<\/strong>.<\/p>\n<hr data-start=\"7357\" data-end=\"7360\" \/>\n<h3 data-start=\"7362\" data-end=\"7379\"><strong data-start=\"7366\" data-end=\"7379\">Johtop\u00e4\u00e4t\u00f6s<\/strong><\/h3>\n<p data-start=\"7380\" data-end=\"7678\">The <strong data-start=\"7383\" data-end=\"7400\">Vihre\u00e4 mandala<\/strong> on enemm\u00e4n kuin taideteos \u2013 se on <strong data-start=\"7440\" data-end=\"7489\">rauhan, rakkauden ja henkisen kasvun symboli<\/strong>Luonnollisilla vihreill\u00e4 s\u00e4vyill\u00e4\u00e4n ja pyh\u00e4ll\u00e4 geometrialla h\u00e4n tuo <strong data-start=\"7555\" data-end=\"7581\">rauhaa, tasapainoa ja paranemista<\/strong> miss\u00e4 tahansa huoneessa. T\u00e4ydellinen kaikille, jotka <strong data-start=\"7624\" data-end=\"7651\">harmonia ja tietoisuus<\/strong> haluaa tuoda el\u00e4m\u00e4\u00e4ns\u00e4.<\/p>\n<p><a href=\"https:\/\/researchchemicalhub.com\/fi\/shop\/lysergamides\/1cp-lsd-150-mcg\/\"><span dir=\"auto\" style=\"vertical-align: inherit;\"><span dir=\"auto\" style=\"vertical-align: inherit;\">1cP-LSD 150 MCG taidepaperia <\/span><\/span><\/a><a href=\"https:\/\/researchchemicalhub.com\/fi\/shop\/pellets\/o-dsmt-50mg-pellets\/\"><span dir=\"auto\" style=\"vertical-align: inherit;\"><span dir=\"auto\" style=\"vertical-align: inherit;\">O-DSMT 50 mg -pelletit <\/span><\/span><\/a><a href=\"https:\/\/researchchemicalhub.com\/fi\/shop\/lysergamides\/1v-lsd-150-mcg-blotters\/\"><span dir=\"auto\" style=\"vertical-align: inherit;\"><span dir=\"auto\" style=\"vertical-align: inherit;\">1V-LSD 150 MCG -n\u00e4ytteenotot <\/span><\/span><\/a><a href=\"https:\/\/researchchemicalhub.com\/fi\/shop\/cathinonen\/2-cmc-kopen\/\"><span dir=\"auto\" style=\"vertical-align: inherit;\"><span dir=\"auto\" style=\"vertical-align: inherit;\">2-CMC 250 mg -pelletti\u00e4 <\/span><\/span><\/a><a href=\"https:\/\/researchchemicalhub.com\/fi\/shop\/fenethylamine\/2c-ef-2mg-capsules\/\"><span dir=\"auto\" style=\"vertical-align: inherit;\"><span dir=\"auto\" style=\"vertical-align: inherit;\">2C-EF 2 mg kapselit<\/span><\/span><\/a><\/p>","protected":false},"excerpt":{"rendered":"<p>Introductie De Green Mandala symboliseert vernieuwing, genezing en balans, en brengt lichaam, geest en ziel in harmonie door de rustgevende<\/p>","protected":false},"featured_media":20763,"comment_status":"closed","ping_status":"closed","template":"","meta":[],"product_brand":[],"product_cat":[555],"product_tag":[629,644,326],"class_list":{"0":"post-24154","1":"product","2":"type-product","3":"status-publish","4":"has-post-thumbnail","6":"product_cat-b2b","7":"product_tag-4-fma-kopen","8":"product_tag-4-fma","9":"product_tag-nl","11":"first","12":"instock","13":"taxable","14":"shipping-taxable","15":"purchasable","16":"product-type-variable"},"_links":{"self":[{"href":"https:\/\/researchchemicalhub.com\/fi\/wp-json\/wp\/v2\/product\/24154","targetHints":{"allow":["GET"]}}],"collection":[{"href":"https:\/\/researchchemicalhub.com\/fi\/wp-json\/wp\/v2\/product"}],"about":[{"href":"https:\/\/researchchemicalhub.com\/fi\/wp-json\/wp\/v2\/types\/product"}],"replies":[{"embeddable":true,"href":"https:\/\/researchchemicalhub.com\/fi\/wp-json\/wp\/v2\/comments?post=24154"}],"version-history":[{"count":4,"href":"https:\/\/researchchemicalhub.com\/fi\/wp-json\/wp\/v2\/product\/24154\/revisions"}],"predecessor-version":[{"id":27848,"href":"https:\/\/researchchemicalhub.com\/fi\/wp-json\/wp\/v2\/product\/24154\/revisions\/27848"}],"wp:featuredmedia":[{"embeddable":true,"href":"https:\/\/researchchemicalhub.com\/fi\/wp-json\/wp\/v2\/media\/20763"}],"wp:attachment":[{"href":"https:\/\/researchchemicalhub.com\/fi\/wp-json\/wp\/v2\/media?parent=24154"}],"wp:term":[{"taxonomy":"product_brand","embeddable":true,"href":"https:\/\/researchchemicalhub.com\/fi\/wp-json\/wp\/v2\/product_brand?post=24154"},{"taxonomy":"product_cat","embeddable":true,"href":"https:\/\/researchchemicalhub.com\/fi\/wp-json\/wp\/v2\/product_cat?post=24154"},{"taxonomy":"product_tag","embeddable":true,"href":"https:\/\/researchchemicalhub.com\/fi\/wp-json\/wp\/v2\/product_tag?post=24154"}],"curies":[{"name":"wp","href":"https:\/\/api.w.org\/{rel}","templated":true}]}}