{"id":24107,"date":"2025-04-13T17:41:04","date_gmt":"2025-04-13T17:41:04","guid":{"rendered":"https:\/\/researchchemicalhub.com\/?post_type=product&#038;p=24107"},"modified":"2025-10-14T07:55:35","modified_gmt":"2025-10-14T07:55:35","slug":"rc-maxtc-lapipainopakkaus","status":"publish","type":"product","link":"https:\/\/researchchemicalhub.com\/fi\/kauppa\/yritysten-valinen\/rc-maxtc-lapipainopakkaus\/","title":{"rendered":"RC+ MaXTC -l\u00e4pipainopakkaus"},"content":{"rendered":"<h3 data-start=\"5023\" data-end=\"5044\"><strong data-start=\"5027\" data-end=\"5042\">Johdanto<\/strong><\/h3>\n<p data-start=\"5045\" data-end=\"5340\">The <strong data-start=\"5048\" data-end=\"5069\">RC+ MaXTC -l\u00e4pipainopakkaus<\/strong> on <strong data-start=\"5077\" data-end=\"5115\">korkealaatuinen tutkimusformulaatio<\/strong> Kehitetty edistyneisiin analyyttisiin ja tieteellisiin sovelluksiin. Jokainen l\u00e4pipainopakkaus sis\u00e4lt\u00e4\u00e4 erikseen suljettuja pellettej\u00e4, jotka on suunniteltu <strong data-start=\"5258\" data-end=\"5337\">tarkka annostelu, parempi stabiilius ja kontaminaatioton k\u00e4sittely<\/strong>.<\/p>\n<p data-start=\"5342\" data-end=\"5536\">Yhdistelm\u00e4 <strong data-start=\"5360\" data-end=\"5391\">5-MAPB, 4-FMA ja 5-MeO-MiPT<\/strong> tekee t\u00e4st\u00e4 tuotteesta erityisen sopivan tutkimukseen <strong data-start=\"5449\" data-end=\"5533\">farmakologiset yhteisvaikutukset, reseptorien sitoutumis- ja molekyylitason vertailututkimukset<\/strong>.<\/p>\n<p data-start=\"5538\" data-end=\"5653\">L\u00e4pipainopakkaus varmistaa luotettavuuden, j\u00e4ljitett\u00e4vyyden ja helppok\u00e4ytt\u00f6isyyden ammattilaboratorioissa.<\/p>\n<p data-start=\"5655\" data-end=\"5766\"><em data-start=\"5655\" data-end=\"5766\">(T\u00e4m\u00e4 tuote on tarkoitettu vain tutkimustarkoituksiin. Ei ihmisten tai el\u00e4inten ravinnoksi.)<\/em><\/p>\n<hr data-start=\"5768\" data-end=\"5771\" \/>\n<h3 data-start=\"5773\" data-end=\"5806\"><strong data-start=\"5777\" data-end=\"5804\">T\u00e4rkeimm\u00e4t ominaisuudet<\/strong><\/h3>\n<ul data-start=\"5807\" data-end=\"6395\">\n<li data-start=\"5807\" data-end=\"5928\">\n<p data-start=\"5809\" data-end=\"5928\"><strong data-start=\"5809\" data-end=\"5832\">Monikomponenttiseos:<\/strong> Jokainen pelletti sis\u00e4lt\u00e4\u00e4 tarkasti tasapainotetun yhdistelm\u00e4n 5-MAPB:t\u00e4, 4-FMA:ta ja 5-MeO-MiPT:t\u00e4.<\/p>\n<\/li>\n<li data-start=\"5929\" data-end=\"6034\">\n<p data-start=\"5931\" data-end=\"6034\"><strong data-start=\"5931\" data-end=\"5955\">Tarkka koostumus:<\/strong> Kehitetty kontrolloituihin kokeisiin, joissa koostumukset ovat yhdenmukaisia.<\/p>\n<\/li>\n<li data-start=\"6035\" data-end=\"6137\">\n<p data-start=\"6037\" data-end=\"6137\"><strong data-start=\"6037\" data-end=\"6059\">L\u00e4pipainopakkaus:<\/strong> Jokainen pelletti on erikseen suljettu optimaalisen vakauden ja turvallisuuden takaamiseksi.<\/p>\n<\/li>\n<li data-start=\"6138\" data-end=\"6236\">\n<p data-start=\"6140\" data-end=\"6236\"><strong data-start=\"6140\" data-end=\"6158\">K\u00e4yt\u00f6n helppous:<\/strong> Helppo irrottaa tarkkaa annostelua ja n\u00e4ytteenvalmistusta varten.<\/p>\n<\/li>\n<li data-start=\"6237\" data-end=\"6334\">\n<p data-start=\"6239\" data-end=\"6334\"><strong data-start=\"6239\" data-end=\"6258\">Er\u00e4numerointi:<\/strong> Varustettu yksil\u00f6llisell\u00e4 er\u00e4koodilla laadunvarmistusta ja j\u00e4ljitett\u00e4vyytt\u00e4 varten.<\/p>\n<\/li>\n<li data-start=\"6335\" data-end=\"6395\">\n<p data-start=\"6337\" data-end=\"6395\"><strong data-start=\"6337\" data-end=\"6348\">Sis\u00e4llys:<\/strong> Jokainen l\u00e4pipainopakkaus sis\u00e4lt\u00e4\u00e4 <strong data-start=\"6368\" data-end=\"6392\">10 tutkimuspelletti\u00e4<\/strong>.<\/p>\n<\/li>\n<\/ul>\n<hr data-start=\"6397\" data-end=\"6400\" \/>\n<h3 data-start=\"6402\" data-end=\"6421\"><strong data-start=\"6406\" data-end=\"6419\">Edut<\/strong><\/h3>\n<p data-start=\"6422\" data-end=\"6518\">\u2705 <strong data-start=\"6424\" data-end=\"6450\">Johdonmukaiset tulokset<\/strong> \u2013 Jokainen pelletti tarjoaa luotettavaa ja toistettavaa tutkimustietoa.<\/p>\n<p data-start=\"6520\" data-end=\"6618\">\u2705 <strong data-start=\"6522\" data-end=\"6544\">Parempi vakaus<\/strong> \u2013 Ilmaa ja kosteutta l\u00e4p\u00e4isem\u00e4t\u00f6n pakkaus est\u00e4\u00e4 yhdisteiden hajoamisen.<\/p>\n<p data-start=\"6620\" data-end=\"6702\">\u2705 <strong data-start=\"6622\" data-end=\"6644\">Nopeampi ty\u00f6prosessi<\/strong> \u2013 Valmiiksi mitatut pelletit s\u00e4\u00e4st\u00e4v\u00e4t valmistusaikaa.<\/p>\n<p data-start=\"6704\" data-end=\"6780\">\u2705 <strong data-start=\"6706\" data-end=\"6729\">Turvallisempi k\u00e4ytt\u00e4\u00e4<\/strong> \u2013 Yksitt\u00e4iset ontelot rajoittavat kontaminaatioriski\u00e4.<\/p>\n<p data-start=\"6782\" data-end=\"6896\">\u2705 <strong data-start=\"6784\" data-end=\"6823\">T\u00e4ydellinen vertailevaan tutkimukseen<\/strong> \u2013 Tukee synergiaa tai yhdisteiden v\u00e4list\u00e4 vuorovaikutusta koskevia tutkimuksia.<\/p>\n<hr data-start=\"6898\" data-end=\"6901\" \/>\n<h3 data-start=\"6903\" data-end=\"6966\"><strong data-start=\"6907\" data-end=\"6964\">K\u00e4ytt\u00f6ohjeet (vain tutkimustarkoituksiin)<\/strong><\/h3>\n<blockquote data-start=\"6967\" data-end=\"7143\">\n<p data-start=\"6969\" data-end=\"7143\">\u26a0\ufe0f <strong data-start=\"6972\" data-end=\"6987\">T\u00e4rke\u00e4\u00e4:<\/strong> RC+ MaXTC -l\u00e4pipainopakkausta ei ole tarkoitettu ihmisille tai el\u00e4imille. K\u00e4yt\u00e4 aina k\u00e4sineit\u00e4 ja henkil\u00f6nsuojaimia ja ty\u00f6skentele laboratorion turvallisuusohjeiden mukaisesti.<\/p>\n<\/blockquote>\n<ol data-start=\"7145\" data-end=\"8004\">\n<li data-start=\"7145\" data-end=\"7268\">\n<p data-start=\"7148\" data-end=\"7163\"><strong data-start=\"7148\" data-end=\"7161\">Tarkastus<\/strong><\/p>\n<ul data-start=\"7167\" data-end=\"7268\">\n<li data-start=\"7167\" data-end=\"7212\">\n<p data-start=\"7169\" data-end=\"7212\">Tarkista l\u00e4pipainopakkaus ja er\u00e4numero.<\/p>\n<\/li>\n<li data-start=\"7216\" data-end=\"7268\">\n<p data-start=\"7218\" data-end=\"7268\">Varmista, ett\u00e4 pelletit ovat ehji\u00e4 ja vahingoittumattomia.<\/p>\n<\/li>\n<\/ul>\n<\/li>\n<li data-start=\"7270\" data-end=\"7408\">\n<p data-start=\"7273\" data-end=\"7297\"><strong data-start=\"7273\" data-end=\"7295\">Pelletin poisto<\/strong><\/p>\n<ul data-start=\"7301\" data-end=\"7408\">\n<li data-start=\"7301\" data-end=\"7373\">\n<p data-start=\"7303\" data-end=\"7373\">Ty\u00f6nn\u00e4 varovasti yksi pelletti folion l\u00e4pi steriileill\u00e4 ty\u00f6kaluilla.<\/p>\n<\/li>\n<li data-start=\"7377\" data-end=\"7408\">\n<p data-start=\"7379\" data-end=\"7408\">V\u00e4lt\u00e4 suoraa ihokosketusta.<\/p>\n<\/li>\n<\/ul>\n<\/li>\n<li data-start=\"7410\" data-end=\"7600\">\n<p data-start=\"7413\" data-end=\"7439\"><strong data-start=\"7413\" data-end=\"7437\">N\u00e4ytteen valmistelu<\/strong><\/p>\n<ul data-start=\"7443\" data-end=\"7600\">\n<li data-start=\"7443\" data-end=\"7548\">\n<p data-start=\"7445\" data-end=\"7548\">Liuota pelletti sopivaan liuottimeen (esim. etanoliin, tislattuun veteen tai puskuriliuokseen).<\/p>\n<\/li>\n<li data-start=\"7552\" data-end=\"7600\">\n<p data-start=\"7554\" data-end=\"7600\">Sekoita varovasti, kunnes saadaan homogeeninen liuos.<\/p>\n<\/li>\n<\/ul>\n<\/li>\n<li data-start=\"7602\" data-end=\"7787\">\n<p data-start=\"7605\" data-end=\"7633\"><strong data-start=\"7605\" data-end=\"7631\">kokeiden suorittaminen<\/strong><\/p>\n<ul data-start=\"7637\" data-end=\"7787\">\n<li data-start=\"7637\" data-end=\"7723\">\n<p data-start=\"7639\" data-end=\"7723\">K\u00e4ytt\u00f6 reseptorisitoutumism\u00e4\u00e4rityksiss\u00e4, in vitro -m\u00e4\u00e4rityksiss\u00e4 tai muissa hyv\u00e4ksytyiss\u00e4 testeiss\u00e4.<\/p>\n<\/li>\n<li data-start=\"7727\" data-end=\"7787\">\n<p data-start=\"7729\" data-end=\"7787\">Kirjaa liuottimet, pitoisuudet ja aikav\u00e4lit.<\/p>\n<\/li>\n<\/ul>\n<\/li>\n<li data-start=\"7789\" data-end=\"8004\">\n<p data-start=\"7792\" data-end=\"7822\"><strong data-start=\"7792\" data-end=\"7820\">Varastointi ja j\u00e4tteenk\u00e4sittely<\/strong><\/p>\n<ul data-start=\"7826\" data-end=\"8004\">\n<li data-start=\"7826\" data-end=\"7923\">\n<p data-start=\"7828\" data-end=\"7923\">S\u00e4ilyt\u00e4 k\u00e4ytt\u00e4m\u00e4tt\u00f6m\u00e4t pelletit l\u00e4pipainopakkauksessa pystyasennossa ja <strong data-start=\"7888\" data-end=\"7920\">viile\u00e4, pime\u00e4 ja kuiva paikka<\/strong>.<\/p>\n<\/li>\n<li data-start=\"7927\" data-end=\"8004\">\n<p data-start=\"7929\" data-end=\"8004\">H\u00e4vit\u00e4 j\u00e4\u00e4m\u00e4t laboratoriosi kemikaalij\u00e4tteen k\u00e4sittelyohjeiden mukaisesti.<\/p>\n<\/li>\n<\/ul>\n<\/li>\n<\/ol>\n<hr data-start=\"8006\" data-end=\"8009\" \/>\n<h3 data-start=\"8011\" data-end=\"8046\"><strong data-start=\"8015\" data-end=\"8044\">Usein kysytyt kysymykset (UKK)<\/strong><\/h3>\n<p data-start=\"8048\" data-end=\"8225\"><strong data-start=\"8048\" data-end=\"8098\">1. Mit\u00e4 yhdisteit\u00e4 RC+ MaXTC Blister sis\u00e4lt\u00e4\u00e4?<\/strong><br data-start=\"8098\" data-end=\"8101\" \/>Jokainen pelletti sis\u00e4lt\u00e4\u00e4 yhdistelm\u00e4n <strong data-start=\"8138\" data-end=\"8148\">5-MAPB<\/strong>, <strong data-start=\"8150\" data-end=\"8159\">4-FMA<\/strong> ja <strong data-start=\"8163\" data-end=\"8177\">5-MeO-MiPT<\/strong> \u2013 tarkoitettu ainoastaan tutkimusk\u00e4ytt\u00f6\u00f6n.<\/p>\n<p data-start=\"8227\" data-end=\"8393\"><strong data-start=\"8227\" data-end=\"8285\">2. Kuinka monta pelletti\u00e4 on yhdess\u00e4 l\u00e4pipainopakkauksessa?<\/strong><br data-start=\"8285\" data-end=\"8288\" \/>Jokainen l\u00e4pipainopakkaus sis\u00e4lt\u00e4\u00e4 <strong data-start=\"8307\" data-end=\"8345\">10 yksitt\u00e4in suljettua pelletti\u00e4<\/strong> kontrolloituja ja toistettavia testej\u00e4 varten.<\/p>\n<p data-start=\"8395\" data-end=\"8583\"><strong data-start=\"8395\" data-end=\"8455\">3. Sopiiko RC+ MaXTC -l\u00e4pipainopakkaus ihmisille?<\/strong><br data-start=\"8455\" data-end=\"8458\" \/>Ei \u2013 t\u00e4m\u00e4 tuote on <strong data-start=\"8479\" data-end=\"8520\">vain tutkimustarkoituksiin<\/strong> ja <strong data-start=\"8524\" data-end=\"8580\">ei tarkoitettu ihmis- tai el\u00e4inravinnoksi<\/strong>.<\/p>\n<p><a href=\"https:\/\/researchchemicalhub.com\/fi\/kauppa\/lysergamidit\/1-cp-lsd-150-mikrogrammaa\/\"><span dir=\"auto\" style=\"vertical-align: inherit;\"><span dir=\"auto\" style=\"vertical-align: inherit;\">1cP-LSD 150 MCG taidepaperia <\/span><\/span><\/a><a href=\"https:\/\/researchchemicalhub.com\/fi\/kauppa\/pellets\/o-dsmt-50-mg-pelletteja\/\"><span dir=\"auto\" style=\"vertical-align: inherit;\"><span dir=\"auto\" style=\"vertical-align: inherit;\">O-DSMT 50 mg -pelletit <\/span><\/span><\/a><a href=\"https:\/\/researchchemicalhub.com\/fi\/kauppa\/lysergamidit\/1v-lsd-150-mcg-blotters\/\"><span dir=\"auto\" style=\"vertical-align: inherit;\"><span dir=\"auto\" style=\"vertical-align: inherit;\">1V-LSD 150 MCG -n\u00e4ytteenotot <\/span><\/span><\/a><a href=\"https:\/\/researchchemicalhub.com\/fi\/kauppa\/melkein-kielletty\/6-cl-adbaa\/\"><span dir=\"auto\" style=\"vertical-align: inherit;\"><span dir=\"auto\" style=\"vertical-align: inherit;\">6-CL-ADBA <\/span><\/span><\/a><a href=\"https:\/\/researchchemicalhub.com\/fi\/kauppa\/katinonit\/osta-2-cmcta\/\"><span dir=\"auto\" style=\"vertical-align: inherit;\"><span dir=\"auto\" style=\"vertical-align: inherit;\">2-CMC 250 mg -pelletti\u00e4<\/span><\/span><\/a><\/p>","protected":false},"excerpt":{"rendered":"<p>Introductie De RC+ MaXTC Blister is een hoogwaardige onderzoeksformulering ontwikkeld voor geavanceerde analytische en wetenschappelijke toepassingen. Elke blister bevat individueel<\/p>","protected":false},"featured_media":21157,"comment_status":"closed","ping_status":"closed","template":"","meta":[],"product_brand":[],"product_cat":[555],"product_tag":[629,644,664,326],"class_list":{"0":"post-24107","1":"product","2":"type-product","3":"status-publish","4":"has-post-thumbnail","6":"product_cat-b2b","7":"product_tag-4-fma-kopen","8":"product_tag-4-fma","9":"product_tag-maxtc","10":"product_tag-nl","12":"first","13":"instock","14":"taxable","15":"shipping-taxable","16":"purchasable","17":"product-type-variable"},"_links":{"self":[{"href":"https:\/\/researchchemicalhub.com\/fi\/wp-json\/wp\/v2\/product\/24107","targetHints":{"allow":["GET"]}}],"collection":[{"href":"https:\/\/researchchemicalhub.com\/fi\/wp-json\/wp\/v2\/product"}],"about":[{"href":"https:\/\/researchchemicalhub.com\/fi\/wp-json\/wp\/v2\/types\/product"}],"replies":[{"embeddable":true,"href":"https:\/\/researchchemicalhub.com\/fi\/wp-json\/wp\/v2\/comments?post=24107"}],"version-history":[{"count":4,"href":"https:\/\/researchchemicalhub.com\/fi\/wp-json\/wp\/v2\/product\/24107\/revisions"}],"predecessor-version":[{"id":27874,"href":"https:\/\/researchchemicalhub.com\/fi\/wp-json\/wp\/v2\/product\/24107\/revisions\/27874"}],"wp:featuredmedia":[{"embeddable":true,"href":"https:\/\/researchchemicalhub.com\/fi\/wp-json\/wp\/v2\/media\/21157"}],"wp:attachment":[{"href":"https:\/\/researchchemicalhub.com\/fi\/wp-json\/wp\/v2\/media?parent=24107"}],"wp:term":[{"taxonomy":"product_brand","embeddable":true,"href":"https:\/\/researchchemicalhub.com\/fi\/wp-json\/wp\/v2\/product_brand?post=24107"},{"taxonomy":"product_cat","embeddable":true,"href":"https:\/\/researchchemicalhub.com\/fi\/wp-json\/wp\/v2\/product_cat?post=24107"},{"taxonomy":"product_tag","embeddable":true,"href":"https:\/\/researchchemicalhub.com\/fi\/wp-json\/wp\/v2\/product_tag?post=24107"}],"curies":[{"name":"wp","href":"https:\/\/api.w.org\/{rel}","templated":true}]}}