{"id":24007,"date":"2025-10-20T17:40:52","date_gmt":"2025-10-20T17:40:52","guid":{"rendered":"https:\/\/researchchemicalhub.com\/?post_type=product&#038;p=24007"},"modified":"2025-10-29T08:27:32","modified_gmt":"2025-10-29T08:27:32","slug":"alfa-metyylitryptamiini","status":"publish","type":"product","link":"https:\/\/researchchemicalhub.com\/fi\/kauppa\/toimisto\/alfa-metyylitryptamiini\/","title":{"rendered":"aMT"},"content":{"rendered":"<h3 data-start=\"5830\" data-end=\"5849\"><strong data-start=\"5834\" data-end=\"5849\"><span dir=\"auto\" style=\"vertical-align: inherit;\"><span dir=\"auto\" style=\"vertical-align: inherit;\">Johdanto<\/span><\/span><\/strong><\/h3>\n<p data-start=\"5851\" data-end=\"6154\"><strong data-start=\"5851\" data-end=\"5883\"><span dir=\"auto\" style=\"vertical-align: inherit;\"><span dir=\"auto\" style=\"vertical-align: inherit;\">aMT (alfa-metyylitryptamiini)<\/span><\/span><\/strong><span dir=\"auto\" style=\"vertical-align: inherit;\"><span dir=\"auto\" style=\"vertical-align: inherit;\"> on <\/span><\/span><strong data-start=\"5891\" data-end=\"5935\"><span dir=\"auto\" style=\"vertical-align: inherit;\"><span dir=\"auto\" style=\"vertical-align: inherit;\">laboratoriolaatuinen tutkimuskemikaali<\/span><\/span><\/strong><span dir=\"auto\" style=\"vertical-align: inherit;\"><span dir=\"auto\" style=\"vertical-align: inherit;\"> alkaen <\/span><\/span><strong data-start=\"5943\" data-end=\"5964\"><span dir=\"auto\" style=\"vertical-align: inherit;\"><span dir=\"auto\" style=\"vertical-align: inherit;\">tryptamiiniperhe<\/span><\/span><\/strong><span dir=\"auto\" style=\"vertical-align: inherit;\"><span dir=\"auto\" style=\"vertical-align: inherit;\"> indoliyhdisteist\u00e4. <\/span><\/span><br data-start=\"5988\" data-end=\"5991\" \/><span dir=\"auto\" style=\"vertical-align: inherit;\"><span dir=\"auto\" style=\"vertical-align: inherit;\">Sit\u00e4 k\u00e4ytet\u00e4\u00e4n <\/span><\/span><strong data-start=\"6014\" data-end=\"6058\"><span dir=\"auto\" style=\"vertical-align: inherit;\"><span dir=\"auto\" style=\"vertical-align: inherit;\">tieteellinen ja analyyttinen tutkimus<\/span><\/span><\/strong><span dir=\"auto\" style=\"vertical-align: inherit;\"><span dir=\"auto\" style=\"vertical-align: inherit;\"> , mukaan lukien <\/span><\/span><strong data-start=\"6070\" data-end=\"6125\"><span dir=\"auto\" style=\"vertical-align: inherit;\"><span dir=\"auto\" style=\"vertical-align: inherit;\">reseptoritutkimukset, rakenne-aktiivisuussuhteet (SAR)<\/span><\/span><\/strong><span dir=\"auto\" style=\"vertical-align: inherit;\"><span dir=\"auto\" style=\"vertical-align: inherit;\"> ja <\/span><\/span><strong data-start=\"6129\" data-end=\"6151\"><span dir=\"auto\" style=\"vertical-align: inherit;\"><span dir=\"auto\" style=\"vertical-align: inherit;\">kemialliset analyysit<\/span><\/span><\/strong><span dir=\"auto\" style=\"vertical-align: inherit;\"><span dir=\"auto\" style=\"vertical-align: inherit;\"> .<\/span><\/span><\/p>\n<p data-start=\"6156\" data-end=\"6359\"><span dir=\"auto\" style=\"vertical-align: inherit;\"><span dir=\"auto\" style=\"vertical-align: inherit;\">Jokainen aMT-er\u00e4 valmistetaan standardin mukaisesti <\/span><\/span><strong data-start=\"6198\" data-end=\"6239\"><span dir=\"auto\" style=\"vertical-align: inherit;\"><span dir=\"auto\" style=\"vertical-align: inherit;\">Hyv\u00e4n laboratoriok\u00e4yt\u00e4nn\u00f6n (GLP) standardit<\/span><\/span><\/strong><span dir=\"auto\" style=\"vertical-align: inherit;\"><span dir=\"auto\" style=\"vertical-align: inherit;\"> varmistaen <\/span><\/span><strong data-start=\"6256\" data-end=\"6282\"><span dir=\"auto\" style=\"vertical-align: inherit;\"><span dir=\"auto\" style=\"vertical-align: inherit;\">korkea puhtausaste (\u226599%)<\/span><\/span><\/strong><span dir=\"auto\" style=\"vertical-align: inherit;\"><span dir=\"auto\" style=\"vertical-align: inherit;\"> , <\/span><\/span><strong data-start=\"6284\" data-end=\"6309\"><span dir=\"auto\" style=\"vertical-align: inherit;\"><span dir=\"auto\" style=\"vertical-align: inherit;\">kemiallinen stabiilius<\/span><\/span><\/strong><span dir=\"auto\" style=\"vertical-align: inherit;\"><span dir=\"auto\" style=\"vertical-align: inherit;\"> ja <\/span><\/span><strong data-start=\"6314\" data-end=\"6356\"><span dir=\"auto\" style=\"vertical-align: inherit;\"><span dir=\"auto\" style=\"vertical-align: inherit;\">luotettavia ja toistettavia tuloksia<\/span><\/span><\/strong><span dir=\"auto\" style=\"vertical-align: inherit;\"><span dir=\"auto\" style=\"vertical-align: inherit;\"> .<\/span><\/span><\/p>\n<blockquote data-start=\"6361\" data-end=\"6505\">\n<p data-start=\"6363\" data-end=\"6505\">\u26a0\ufe0f <strong data-start=\"6366\" data-end=\"6377\"><span dir=\"auto\" style=\"vertical-align: inherit;\"><span dir=\"auto\" style=\"vertical-align: inherit;\">Huomaa:<\/span><\/span><\/strong><span dir=\"auto\" style=\"vertical-align: inherit;\"><span dir=\"auto\" style=\"vertical-align: inherit;\"> T\u00e4m\u00e4 tuote on <\/span><\/span><strong data-start=\"6393\" data-end=\"6443\"><span dir=\"auto\" style=\"vertical-align: inherit;\"><span dir=\"auto\" style=\"vertical-align: inherit;\">tarkoitettu vain laboratoriotestaukseen<\/span><\/span><\/strong><span dir=\"auto\" style=\"vertical-align: inherit;\"><span dir=\"auto\" style=\"vertical-align: inherit;\"> ja <\/span><\/span><strong data-start=\"6447\" data-end=\"6504\"><span dir=\"auto\" style=\"vertical-align: inherit;\"><span dir=\"auto\" style=\"vertical-align: inherit;\">ei sovellu ihmis- tai el\u00e4inravinnoksi<\/span><\/span><\/strong><span dir=\"auto\" style=\"vertical-align: inherit;\"><span dir=\"auto\" style=\"vertical-align: inherit;\"> .<\/span><\/span><\/p>\n<\/blockquote>\n<hr data-start=\"6507\" data-end=\"6510\" \/>\n<h3 data-start=\"6512\" data-end=\"6543\"><strong data-start=\"6516\" data-end=\"6543\"><span dir=\"auto\" style=\"vertical-align: inherit;\"><span dir=\"auto\" style=\"vertical-align: inherit;\">T\u00e4rkeimm\u00e4t ominaisuudet<\/span><\/span><\/strong><\/h3>\n<ul data-start=\"6545\" data-end=\"7007\">\n<li data-start=\"6545\" data-end=\"6641\">\n<p data-start=\"6547\" data-end=\"6641\"><strong data-start=\"6547\" data-end=\"6567\"><span dir=\"auto\" style=\"vertical-align: inherit;\"><span dir=\"auto\" style=\"vertical-align: inherit;\">Korkea puhtausaste:<\/span><\/span><\/strong><span dir=\"auto\" style=\"vertical-align: inherit;\"><span dir=\"auto\" style=\"vertical-align: inherit;\"> \u226599% analyyttinen laatu, varmistettu kromatografisella testill\u00e4.<\/span><\/span><\/p>\n<\/li>\n<li data-start=\"6642\" data-end=\"6709\">\n<p data-start=\"6644\" data-end=\"6709\"><strong data-start=\"6644\" data-end=\"6665\"><span dir=\"auto\" style=\"vertical-align: inherit;\"><span dir=\"auto\" style=\"vertical-align: inherit;\">Tryptamiiniluokka:<\/span><\/span><\/strong><span dir=\"auto\" style=\"vertical-align: inherit;\"><span dir=\"auto\" style=\"vertical-align: inherit;\"> Rakenteellisesti sukua indolialkaloideille.<\/span><\/span><\/p>\n<\/li>\n<li data-start=\"6710\" data-end=\"6799\">\n<p data-start=\"6712\" data-end=\"6799\"><strong data-start=\"6712\" data-end=\"6729\"><span dir=\"auto\" style=\"vertical-align: inherit;\"><span dir=\"auto\" style=\"vertical-align: inherit;\">Er\u00e4testattu:<\/span><\/span><\/strong><span dir=\"auto\" style=\"vertical-align: inherit;\"><span dir=\"auto\" style=\"vertical-align: inherit;\"> Jokainen er\u00e4 testataan johdonmukaisuuden ja molekyylitason eheyden varmistamiseksi.<\/span><\/span><\/p>\n<\/li>\n<li data-start=\"6800\" data-end=\"6868\">\n<p data-start=\"6802\" data-end=\"6868\"><strong data-start=\"6802\" data-end=\"6823\"><span dir=\"auto\" style=\"vertical-align: inherit;\"><span dir=\"auto\" style=\"vertical-align: inherit;\">Kemiallisesti stabiili:<\/span><\/span><\/strong><span dir=\"auto\" style=\"vertical-align: inherit;\"><span dir=\"auto\" style=\"vertical-align: inherit;\"> Oikein s\u00e4ilytettyn\u00e4 hajoamiskest\u00e4v\u00e4.<\/span><\/span><\/p>\n<\/li>\n<li data-start=\"6869\" data-end=\"6938\">\n<p data-start=\"6871\" data-end=\"6938\"><strong data-start=\"6871\" data-end=\"6889\"><span dir=\"auto\" style=\"vertical-align: inherit;\"><span dir=\"auto\" style=\"vertical-align: inherit;\">GLP-tuotanto:<\/span><\/span><\/strong><span dir=\"auto\" style=\"vertical-align: inherit;\"><span dir=\"auto\" style=\"vertical-align: inherit;\"> Valmistettu tiukkojen laboratoriostandardien mukaisesti.<\/span><\/span><\/p>\n<\/li>\n<li data-start=\"6939\" data-end=\"7007\">\n<p data-start=\"6941\" data-end=\"7007\"><strong data-start=\"6941\" data-end=\"6964\"><span dir=\"auto\" style=\"vertical-align: inherit;\"><span dir=\"auto\" style=\"vertical-align: inherit;\">Turvallinen pakkaus:<\/span><\/span><\/strong><span dir=\"auto\" style=\"vertical-align: inherit;\"><span dir=\"auto\" style=\"vertical-align: inherit;\"> Ilmatiivis, kosteutta kest\u00e4v\u00e4 ja tiivistetty.<\/span><\/span><\/p>\n<\/li>\n<\/ul>\n<hr data-start=\"7009\" data-end=\"7012\" \/>\n<h3 data-start=\"7014\" data-end=\"7031\"><strong data-start=\"7018\" data-end=\"7031\"><span dir=\"auto\" style=\"vertical-align: inherit;\"><span dir=\"auto\" style=\"vertical-align: inherit;\">Edut<\/span><\/span><\/strong><\/h3>\n<ol data-start=\"7033\" data-end=\"7480\">\n<li data-start=\"7033\" data-end=\"7120\">\n<p data-start=\"7036\" data-end=\"7120\"><strong data-start=\"7036\" data-end=\"7073\"><span dir=\"auto\" style=\"vertical-align: inherit;\"><span dir=\"auto\" style=\"vertical-align: inherit;\">Tarkat tutkimustulokset:<\/span><\/span><\/strong><span dir=\"auto\" style=\"vertical-align: inherit;\"><span dir=\"auto\" style=\"vertical-align: inherit;\"> Korkea puhtaus takaa luotettavan datan.<\/span><\/span><\/p>\n<\/li>\n<li data-start=\"7121\" data-end=\"7207\">\n<p data-start=\"7124\" data-end=\"7207\"><strong data-start=\"7124\" data-end=\"7150\"><span dir=\"auto\" style=\"vertical-align: inherit;\"><span dir=\"auto\" style=\"vertical-align: inherit;\">Kemiallinen stabiilius:<\/span><\/span><\/strong><span dir=\"auto\" style=\"vertical-align: inherit;\"><span dir=\"auto\" style=\"vertical-align: inherit;\"> S\u00e4ilytt\u00e4\u00e4 eheyden asianmukaisissa s\u00e4ilytysolosuhteissa.<\/span><\/span><\/p>\n<\/li>\n<li data-start=\"7208\" data-end=\"7306\">\n<p data-start=\"7211\" data-end=\"7306\"><strong data-start=\"7211\" data-end=\"7234\"><span dir=\"auto\" style=\"vertical-align: inherit;\"><span dir=\"auto\" style=\"vertical-align: inherit;\">Monipuolinen k\u00e4ytt\u00f6:<\/span><\/span><\/strong><span dir=\"auto\" style=\"vertical-align: inherit;\"><span dir=\"auto\" style=\"vertical-align: inherit;\"> Soveltuu analyyttiseen kemiaan, spektroskopiaan ja reseptoritutkimukseen.<\/span><\/span><\/p>\n<\/li>\n<li data-start=\"7307\" data-end=\"7393\">\n<p data-start=\"7310\" data-end=\"7393\"><strong data-start=\"7310\" data-end=\"7336\"><span dir=\"auto\" style=\"vertical-align: inherit;\"><span dir=\"auto\" style=\"vertical-align: inherit;\">Laboratoriolaatu:<\/span><\/span><\/strong><span dir=\"auto\" style=\"vertical-align: inherit;\"><span dir=\"auto\" style=\"vertical-align: inherit;\"> Valmistettu kansainv\u00e4listen turvallisuusstandardien mukaisesti.<\/span><\/span><\/p>\n<\/li>\n<li data-start=\"7394\" data-end=\"7480\">\n<p data-start=\"7397\" data-end=\"7480\"><strong data-start=\"7397\" data-end=\"7415\"><span dir=\"auto\" style=\"vertical-align: inherit;\"><span dir=\"auto\" style=\"vertical-align: inherit;\">Pitk\u00e4 s\u00e4ilyvyysaika:<\/span><\/span><\/strong><span dir=\"auto\" style=\"vertical-align: inherit;\"><span dir=\"auto\" style=\"vertical-align: inherit;\"> Pysyy vakaana asianmukaisessa l\u00e4mp\u00f6tilan ja kosteuden hallinnassa.<\/span><\/span><\/p>\n<\/li>\n<\/ol>\n<hr data-start=\"7482\" data-end=\"7485\" \/>\n<h3 data-start=\"7487\" data-end=\"7526\"><strong data-start=\"7491\" data-end=\"7526\"><span dir=\"auto\" style=\"vertical-align: inherit;\"><span dir=\"auto\" style=\"vertical-align: inherit;\">K\u00e4ytt\u00f6 (vain tutkimusk\u00e4ytt\u00f6\u00f6n)<\/span><\/span><\/strong><\/h3>\n<ol data-start=\"7528\" data-end=\"7879\">\n<li data-start=\"7528\" data-end=\"7604\">\n<p data-start=\"7531\" data-end=\"7604\"><strong data-start=\"7531\" data-end=\"7561\"><span dir=\"auto\" style=\"vertical-align: inherit;\"><span dir=\"auto\" style=\"vertical-align: inherit;\">K\u00e4yt\u00e4 suojavaatteita<\/span><\/span><\/strong><span dir=\"auto\" style=\"vertical-align: inherit;\"><span dir=\"auto\" style=\"vertical-align: inherit;\"> (k\u00e4sineet, suojalasit, laboratoriotakki).<\/span><\/span><\/p>\n<\/li>\n<li data-start=\"7605\" data-end=\"7675\">\n<p data-start=\"7608\" data-end=\"7675\"><strong data-start=\"7608\" data-end=\"7646\"><span dir=\"auto\" style=\"vertical-align: inherit;\"><span dir=\"auto\" style=\"vertical-align: inherit;\">K\u00e4yt\u00e4 kalibroituja instrumentteja<\/span><\/span><\/strong><span dir=\"auto\" style=\"vertical-align: inherit;\"><span dir=\"auto\" style=\"vertical-align: inherit;\"> tarkkoja mittauksia varten.<\/span><\/span><\/p>\n<\/li>\n<li data-start=\"7676\" data-end=\"7750\">\n<p data-start=\"7679\" data-end=\"7750\"><strong data-start=\"7679\" data-end=\"7718\"><span dir=\"auto\" style=\"vertical-align: inherit;\"><span dir=\"auto\" style=\"vertical-align: inherit;\">Ty\u00f6skentele kontrolloidussa ymp\u00e4rist\u00f6ss\u00e4<\/span><\/span><\/strong><span dir=\"auto\" style=\"vertical-align: inherit;\"><span dir=\"auto\" style=\"vertical-align: inherit;\"> kontaminaation v\u00e4ltt\u00e4miseksi.<\/span><\/span><\/p>\n<\/li>\n<li data-start=\"7751\" data-end=\"7810\">\n<p data-start=\"7754\" data-end=\"7810\"><strong data-start=\"7754\" data-end=\"7785\"><span dir=\"auto\" style=\"vertical-align: inherit;\"><span dir=\"auto\" style=\"vertical-align: inherit;\">S\u00e4ilyt\u00e4 k\u00e4ytt\u00e4m\u00e4tt\u00f6m\u00e4t n\u00e4ytteet<\/span><\/span><\/strong><span dir=\"auto\" style=\"vertical-align: inherit;\"><span dir=\"auto\" style=\"vertical-align: inherit;\"> viile\u00e4ss\u00e4, kuivassa ja pime\u00e4ss\u00e4 paikassa.<\/span><\/span><\/p>\n<\/li>\n<li data-start=\"7811\" data-end=\"7879\">\n<p data-start=\"7814\" data-end=\"7879\"><strong data-start=\"7814\" data-end=\"7833\"><span dir=\"auto\" style=\"vertical-align: inherit;\"><span dir=\"auto\" style=\"vertical-align: inherit;\">H\u00e4vit\u00e4 j\u00e4te<\/span><\/span><\/strong><span dir=\"auto\" style=\"vertical-align: inherit;\"><span dir=\"auto\" style=\"vertical-align: inherit;\"> sovellettavien turvallisuusohjeiden mukaisesti.<\/span><\/span><\/p>\n<\/li>\n<\/ol>\n<blockquote data-start=\"7881\" data-end=\"7958\">\n<p data-start=\"7883\" data-end=\"7958\">\u2697\ufe0f <strong data-start=\"7886\" data-end=\"7958\"><span dir=\"auto\" style=\"vertical-align: inherit;\"><span dir=\"auto\" style=\"vertical-align: inherit;\">Vain laboratoriotesteihin \u2013 ei ihmisravinnoksi.<\/span><\/span><\/strong><\/p>\n<\/blockquote>\n<hr data-start=\"7960\" data-end=\"7963\" \/>\n<h3 data-start=\"7965\" data-end=\"7990\"><strong data-start=\"7969\" data-end=\"7990\"><span dir=\"auto\" style=\"vertical-align: inherit;\"><span dir=\"auto\" style=\"vertical-align: inherit;\">S\u00e4ilytysohjeet<\/span><\/span><\/strong><\/h3>\n<ul data-start=\"7992\" data-end=\"8169\">\n<li data-start=\"7992\" data-end=\"8035\">\n<p data-start=\"7994\" data-end=\"8035\"><span dir=\"auto\" style=\"vertical-align: inherit;\"><span dir=\"auto\" style=\"vertical-align: inherit;\">S\u00e4ilyt\u00e4 osoitteessa <\/span><\/span><strong data-start=\"8006\" data-end=\"8015\"><span dir=\"auto\" style=\"vertical-align: inherit;\"><span dir=\"auto\" style=\"vertical-align: inherit;\">2\u20138 \u00b0C<\/span><\/span><\/strong><span dir=\"auto\" style=\"vertical-align: inherit;\"><span dir=\"auto\" style=\"vertical-align: inherit;\"> , kuiva ja pime\u00e4.<\/span><\/span><\/p>\n<\/li>\n<li data-start=\"8036\" data-end=\"8074\">\n<p data-start=\"8038\" data-end=\"8074\"><span dir=\"auto\" style=\"vertical-align: inherit;\"><span dir=\"auto\" style=\"vertical-align: inherit;\">Pid\u00e4 pakkaus tiiviisti suljettuna.<\/span><\/span><\/p>\n<\/li>\n<li data-start=\"8075\" data-end=\"8126\">\n<p data-start=\"8077\" data-end=\"8126\"><span dir=\"auto\" style=\"vertical-align: inherit;\"><span dir=\"auto\" style=\"vertical-align: inherit;\">V\u00e4lt\u00e4 kosketusta <\/span><\/span><strong data-start=\"8097\" data-end=\"8123\"><span dir=\"auto\" style=\"vertical-align: inherit;\"><span dir=\"auto\" style=\"vertical-align: inherit;\">valo, kosteus ja l\u00e4mp\u00f6<\/span><\/span><\/strong><span dir=\"auto\" style=\"vertical-align: inherit;\"><span dir=\"auto\" style=\"vertical-align: inherit;\"> .<\/span><\/span><\/p>\n<\/li>\n<li data-start=\"8127\" data-end=\"8169\">\n<p data-start=\"8129\" data-end=\"8169\"><span dir=\"auto\" style=\"vertical-align: inherit;\"><span dir=\"auto\" style=\"vertical-align: inherit;\">S\u00e4ilyt\u00e4 luvattomien henkil\u00f6iden ulottumattomissa. alfa-metyylitryptamiini<\/span><\/span><\/p>\n<\/li>\n<\/ul>\n<hr data-start=\"8171\" data-end=\"8174\" \/>\n<h3 data-start=\"8176\" data-end=\"8211\"><strong data-start=\"8180\" data-end=\"8211\"><span dir=\"auto\" style=\"vertical-align: inherit;\"><span dir=\"auto\" style=\"vertical-align: inherit;\">Usein kysytyt kysymykset (UKK)<\/span><\/span><\/strong><\/h3>\n<p data-start=\"8213\" data-end=\"8351\"><strong data-start=\"8213\" data-end=\"8248\"><span dir=\"auto\" style=\"vertical-align: inherit;\"><span dir=\"auto\" style=\"vertical-align: inherit;\">1. Mihin aMT:t\u00e4 k\u00e4ytet\u00e4\u00e4n?<\/span><\/span><\/strong><br data-start=\"8248\" data-end=\"8251\" \/><span dir=\"auto\" style=\"vertical-align: inherit;\"><span dir=\"auto\" style=\"vertical-align: inherit;\"> Sill\u00e4 <\/span><\/span><strong data-start=\"8256\" data-end=\"8300\"><span dir=\"auto\" style=\"vertical-align: inherit;\"><span dir=\"auto\" style=\"vertical-align: inherit;\">tieteellinen ja analyyttinen tutkimus<\/span><\/span><\/strong><span dir=\"auto\" style=\"vertical-align: inherit;\"><span dir=\"auto\" style=\"vertical-align: inherit;\"> tryptamiinianalogeista ja reseptorivuorovaikutuksista.<\/span><\/span><\/p>\n<p data-start=\"8353\" data-end=\"8512\"><strong data-start=\"8353\" data-end=\"8392\"><span dir=\"auto\" style=\"vertical-align: inherit;\"><span dir=\"auto\" style=\"vertical-align: inherit;\">2. Sopiiko aMT ihmisravinnoksi?<\/span><\/span><\/strong><br data-start=\"8392\" data-end=\"8395\" \/><span dir=\"auto\" style=\"vertical-align: inherit;\"><span dir=\"auto\" style=\"vertical-align: inherit;\"> Ei. <\/span><\/span><strong data-start=\"8400\" data-end=\"8407\"><span dir=\"auto\" style=\"vertical-align: inherit;\"><span dir=\"auto\" style=\"vertical-align: inherit;\">aMT<\/span><\/span><\/strong><span dir=\"auto\" style=\"vertical-align: inherit;\"><span dir=\"auto\" style=\"vertical-align: inherit;\"> on <\/span><\/span><strong data-start=\"8411\" data-end=\"8461\"><span dir=\"auto\" style=\"vertical-align: inherit;\"><span dir=\"auto\" style=\"vertical-align: inherit;\">tarkoitettu yksinomaan laboratoriotutkimukseen<\/span><\/span><\/strong><span dir=\"auto\" style=\"vertical-align: inherit;\"><span dir=\"auto\" style=\"vertical-align: inherit;\"> ja <\/span><\/span><strong data-start=\"8465\" data-end=\"8509\"><span dir=\"auto\" style=\"vertical-align: inherit;\"><span dir=\"auto\" style=\"vertical-align: inherit;\">ei sovellu ihmisravinnoksi<\/span><\/span><\/strong><span dir=\"auto\" style=\"vertical-align: inherit;\"><span dir=\"auto\" style=\"vertical-align: inherit;\"> .<\/span><\/span><\/p>\n<p data-start=\"8514\" data-end=\"8647\"><strong data-start=\"8514\" data-end=\"8547\"><span dir=\"auto\" style=\"vertical-align: inherit;\"><span dir=\"auto\" style=\"vertical-align: inherit;\">3. Miten s\u00e4ilyt\u00e4n aMT:t\u00e4 oikein?<\/span><\/span><\/strong><br data-start=\"8547\" data-end=\"8550\" \/><span dir=\"auto\" style=\"vertical-align: inherit;\"><span dir=\"auto\" style=\"vertical-align: inherit;\"> S\u00e4ilyt\u00e4 sit\u00e4 <\/span><\/span><strong data-start=\"8568\" data-end=\"8610\"><span dir=\"auto\" style=\"vertical-align: inherit;\"><span dir=\"auto\" style=\"vertical-align: inherit;\">viile\u00e4ss\u00e4, kuivassa ja pime\u00e4ss\u00e4 paikassa (2\u20138 \u00b0C)<\/span><\/span><\/strong><span dir=\"auto\" style=\"vertical-align: inherit;\"><span dir=\"auto\" style=\"vertical-align: inherit;\"> tiiviisti suljetussa astiassa.<\/span><\/span><\/p>\n<hr data-start=\"8649\" data-end=\"8652\" \/>\n<h3 data-start=\"8654\" data-end=\"8671\"><strong data-start=\"8658\" data-end=\"8671\"><span dir=\"auto\" style=\"vertical-align: inherit;\"><span dir=\"auto\" style=\"vertical-align: inherit;\">Johtop\u00e4\u00e4t\u00f6s<\/span><\/span><\/strong><\/h3>\n<p data-start=\"8673\" data-end=\"8969\"><strong data-start=\"8673\" data-end=\"8705\"><span dir=\"auto\" style=\"vertical-align: inherit;\"><span dir=\"auto\" style=\"vertical-align: inherit;\">aMT (alfa-metyylitryptamiini)<\/span><\/span><\/strong><span dir=\"auto\" style=\"vertical-align: inherit;\"><span dir=\"auto\" style=\"vertical-align: inherit;\"> tarjoukset <\/span><\/span><strong data-start=\"8712\" data-end=\"8773\"><span dir=\"auto\" style=\"vertical-align: inherit;\"><span dir=\"auto\" style=\"vertical-align: inherit;\">poikkeuksellinen puhtaus, stabiilius ja luotettavuus<\/span><\/span><\/strong><span dir=\"auto\" style=\"vertical-align: inherit;\"><span dir=\"auto\" style=\"vertical-align: inherit;\"> , ihanteellinen ammattimaiseen analyyttiseen tutkimukseen. <\/span><\/span><br data-start=\"8822\" data-end=\"8825\" \/><span dir=\"auto\" style=\"vertical-align: inherit;\"><span dir=\"auto\" style=\"vertical-align: inherit;\">Se on erinomainen valinta laboratorioille, jotka keskittyv\u00e4t <\/span><\/span><strong data-start=\"8891\" data-end=\"8966\"><span dir=\"auto\" style=\"vertical-align: inherit;\"><span dir=\"auto\" style=\"vertical-align: inherit;\">kemiallinen analyysi, farmakologinen tutkimus ja tryptamiinivertailut<\/span><\/span><\/strong><span dir=\"auto\" style=\"vertical-align: inherit;\"><span dir=\"auto\" style=\"vertical-align: inherit;\"> .<\/span><\/span><\/p>","protected":false},"excerpt":{"rendered":"<h3><span dir=\"auto\" style=\"vertical-align: inherit;\"><span dir=\"auto\" style=\"vertical-align: inherit;\">aMT-ominaisuudet<\/span><\/span><\/h3>\n<p><strong><span dir=\"auto\" style=\"vertical-align: inherit;\"><span dir=\"auto\" style=\"vertical-align: inherit;\">Synonyymi:<\/span><\/span><\/strong><span dir=\"auto\" style=\"vertical-align: inherit;\"><span dir=\"auto\" style=\"vertical-align: inherit;\"> alfa-metyylitryptamiini <\/span><\/span><br \/>\n<strong><span dir=\"auto\" style=\"vertical-align: inherit;\"><span dir=\"auto\" style=\"vertical-align: inherit;\">CAS-numero:<\/span><\/span><\/strong><span dir=\"auto\" style=\"vertical-align: inherit;\"><span dir=\"auto\" style=\"vertical-align: inherit;\"> 299-26-3 <\/span><\/span><br \/>\n<strong><span dir=\"auto\" style=\"vertical-align: inherit;\"><span dir=\"auto\" style=\"vertical-align: inherit;\">Kaava:<\/span><\/span><\/strong><span dir=\"auto\" style=\"vertical-align: inherit;\"><span dir=\"auto\" style=\"vertical-align: inherit;\"> C11H14N2 <\/span><\/span><br \/>\n<strong><span dir=\"auto\" style=\"vertical-align: inherit;\"><span dir=\"auto\" style=\"vertical-align: inherit;\">Moolimassa:<\/span><\/span><\/strong><span dir=\"auto\" style=\"vertical-align: inherit;\"><span dir=\"auto\" style=\"vertical-align: inherit;\"> 174,247 g mol\u22121 <\/span><\/span><br \/>\n<strong><span dir=\"auto\" style=\"vertical-align: inherit;\"><span dir=\"auto\" style=\"vertical-align: inherit;\">Puhtaus:<\/span><\/span><\/strong><span dir=\"auto\" style=\"vertical-align: inherit;\"><span dir=\"auto\" style=\"vertical-align: inherit;\"> &gt;98%<\/span><\/span><\/p>","protected":false},"featured_media":28480,"comment_status":"closed","ping_status":"closed","template":"","meta":[],"product_brand":[82],"product_cat":[404,381],"product_tag":[889,888,891,890,326],"class_list":{"0":"post-24007","1":"product","2":"type-product","3":"status-publish","4":"has-post-thumbnail","6":"product_brand-research-chemical","7":"product_cat-amt","8":"product_cat-tryptamines","9":"product_tag-alpha-methyltryptamine-erowid","10":"product_tag-alpha-methyltryptamine","11":"product_tag-alpha-methyltryptamine-reddit","12":"product_tag-amt-alpha-methyltryptamine","13":"product_tag-nl","15":"first","16":"instock","17":"taxable","18":"shipping-taxable","19":"purchasable","20":"product-type-variable"},"_links":{"self":[{"href":"https:\/\/researchchemicalhub.com\/fi\/wp-json\/wp\/v2\/product\/24007","targetHints":{"allow":["GET"]}}],"collection":[{"href":"https:\/\/researchchemicalhub.com\/fi\/wp-json\/wp\/v2\/product"}],"about":[{"href":"https:\/\/researchchemicalhub.com\/fi\/wp-json\/wp\/v2\/types\/product"}],"replies":[{"embeddable":true,"href":"https:\/\/researchchemicalhub.com\/fi\/wp-json\/wp\/v2\/comments?post=24007"}],"version-history":[{"count":7,"href":"https:\/\/researchchemicalhub.com\/fi\/wp-json\/wp\/v2\/product\/24007\/revisions"}],"predecessor-version":[{"id":28677,"href":"https:\/\/researchchemicalhub.com\/fi\/wp-json\/wp\/v2\/product\/24007\/revisions\/28677"}],"wp:featuredmedia":[{"embeddable":true,"href":"https:\/\/researchchemicalhub.com\/fi\/wp-json\/wp\/v2\/media\/28480"}],"wp:attachment":[{"href":"https:\/\/researchchemicalhub.com\/fi\/wp-json\/wp\/v2\/media?parent=24007"}],"wp:term":[{"taxonomy":"product_brand","embeddable":true,"href":"https:\/\/researchchemicalhub.com\/fi\/wp-json\/wp\/v2\/product_brand?post=24007"},{"taxonomy":"product_cat","embeddable":true,"href":"https:\/\/researchchemicalhub.com\/fi\/wp-json\/wp\/v2\/product_cat?post=24007"},{"taxonomy":"product_tag","embeddable":true,"href":"https:\/\/researchchemicalhub.com\/fi\/wp-json\/wp\/v2\/product_tag?post=24007"}],"curies":[{"name":"wp","href":"https:\/\/api.w.org\/{rel}","templated":true}]}}