{"id":23975,"date":"2025-04-13T17:40:48","date_gmt":"2025-04-13T17:40:48","guid":{"rendered":"https:\/\/researchchemicalhub.com\/?post_type=product&#038;p=23975"},"modified":"2025-10-30T07:44:23","modified_gmt":"2025-10-30T07:44:23","slug":"2-mmc-pellettia","status":"publish","type":"product","link":"https:\/\/researchchemicalhub.com\/fi\/kauppa\/osta-2-mmcta\/2-mmc-pellettia\/","title":{"rendered":"2-MMC 220 mg pelletti\u00e4"},"content":{"rendered":"<h3 data-start=\"558\" data-end=\"577\"><strong data-start=\"562\" data-end=\"577\">Johdanto<\/strong><\/h3>\n<p data-start=\"579\" data-end=\"915\"><strong data-start=\"579\" data-end=\"602\">2-MMC 220 mg pelletti\u00e4<\/strong> ovat <strong data-start=\"608\" data-end=\"655\">laboratoriolaatuisia tutkimusaineita<\/strong>, suunniteltu <strong data-start=\"672\" data-end=\"728\">tieteellinen, analyyttinen ja rikostekninen tutkimus<\/strong>2 mmc-pelletit<br data-start=\"729\" data-end=\"732\" \/>Jokainen pelletti sis\u00e4lt\u00e4\u00e4 <strong data-start=\"750\" data-end=\"772\">220 milligrammaa (mg)<\/strong> <strong data-start=\"773\" data-end=\"805\">2-metyylimetkatinoni (2-MMC)<\/strong> \u2013 synteettinen yhdiste <strong data-start=\"843\" data-end=\"861\">katinoniluokka<\/strong>, rakenteellisesti sukua muille \u03b2-keto-amfetamiineille.<\/p>\n<p data-start=\"917\" data-end=\"1172\">Tuotettu standardin mukaisesti <strong data-start=\"938\" data-end=\"972\">Hyv\u00e4 laboratoriok\u00e4yt\u00e4nt\u00f6 (GLP)<\/strong>-standardien mukaisesti n\u00e4m\u00e4 pelletit tarjoavat <strong data-start=\"1001\" data-end=\"1020\">\u226599%-puhtaus<\/strong>, <strong data-start=\"1022\" data-end=\"1047\">kemiallinen stabiilius<\/strong> ja <strong data-start=\"1051\" data-end=\"1073\">er\u00e4n yhdenmukaisuus<\/strong>.<br data-start=\"1074\" data-end=\"1077\" \/>Ne sopivat erinomaisesti <strong data-start=\"1097\" data-end=\"1169\">analyyttinen kemia, rakenneanalyysit ja rikostekniset sovellukset<\/strong>.<\/p>\n<blockquote data-start=\"1174\" data-end=\"1318\">\n<p data-start=\"1176\" data-end=\"1318\">\u26a0\ufe0f <strong data-start=\"1179\" data-end=\"1190\">HUOM:<\/strong> T\u00e4m\u00e4 tuote on <strong data-start=\"1206\" data-end=\"1256\">tarkoitettu vain laboratoriotutkimukseen<\/strong> ja <strong data-start=\"1260\" data-end=\"1317\">ei sovellu ihmis- tai el\u00e4inravinnoksi<\/strong>.<\/p>\n<\/blockquote>\n<hr data-start=\"1320\" data-end=\"1323\" \/>\n<h3 data-start=\"1325\" data-end=\"1356\"><strong data-start=\"1329\" data-end=\"1356\">T\u00e4rkeimm\u00e4t ominaisuudet<\/strong><\/h3>\n<ul data-start=\"1358\" data-end=\"1960\">\n<li data-start=\"1358\" data-end=\"1470\">\n<p data-start=\"1360\" data-end=\"1470\"><strong data-start=\"1360\" data-end=\"1392\">Korkea analyyttinen puhtaus:<\/strong> \u226599%-puhtaus, testattu kromatografisilla ja spektroskooppisilla menetelmill\u00e4.<\/p>\n<\/li>\n<li data-start=\"1471\" data-end=\"1573\">\n<p data-start=\"1473\" data-end=\"1573\"><strong data-start=\"1473\" data-end=\"1493\">Tarkka annostus:<\/strong> Jokainen pelletti sis\u00e4lt\u00e4\u00e4 <strong data-start=\"1512\" data-end=\"1527\">220 mg 2-MMC:t\u00e4<\/strong>, mik\u00e4 takaa toistettavat tulokset.<\/p>\n<\/li>\n<li data-start=\"1574\" data-end=\"1668\">\n<p data-start=\"1576\" data-end=\"1668\"><strong data-start=\"1576\" data-end=\"1597\">Kemiallisesti stabiili:<\/strong> Suunniteltu pitk\u00e4aikaiseen s\u00e4ilyvyyteen asianmukaisissa s\u00e4ilytysolosuhteissa.<\/p>\n<\/li>\n<li data-start=\"1669\" data-end=\"1775\">\n<p data-start=\"1671\" data-end=\"1775\"><strong data-start=\"1671\" data-end=\"1705\">GLP-sertifioitu tuotanto:<\/strong> Valmistettu tiukkojen standardien mukaisesti <strong data-start=\"1732\" data-end=\"1760\">Hyv\u00e4 laboratoriok\u00e4yt\u00e4nt\u00f6<\/strong>-ohjeet.<\/p>\n<\/li>\n<li data-start=\"1776\" data-end=\"1865\">\n<p data-start=\"1778\" data-end=\"1865\"><strong data-start=\"1778\" data-end=\"1795\">Er\u00e4 testattu:<\/strong> Jokainen er\u00e4 tarkastettiin identiteetin, rakenteen ja koostumuksen osalta.<\/p>\n<\/li>\n<li data-start=\"1866\" data-end=\"1960\">\n<p data-start=\"1868\" data-end=\"1960\"><strong data-start=\"1868\" data-end=\"1891\">Turvallinen pakkaus:<\/strong> Ilmatiiviit, kosteutta kest\u00e4v\u00e4t s\u00e4ili\u00f6t optimaalisen suojan takaamiseksi.<\/p>\n<\/li>\n<\/ul>\n<hr data-start=\"1962\" data-end=\"1965\" \/>\n<h3 data-start=\"1967\" data-end=\"1984\"><strong data-start=\"1971\" data-end=\"1984\">Edut<\/strong><\/h3>\n<ol data-start=\"1986\" data-end=\"2434\">\n<li data-start=\"1986\" data-end=\"2088\">\n<p data-start=\"1989\" data-end=\"2088\"><strong data-start=\"1989\" data-end=\"2026\">Luotettavat tutkimustulokset:<\/strong> Korkea puhtausaste varmistaa yhdenmukaisen ja tarkan datan.<\/p>\n<\/li>\n<li data-start=\"2089\" data-end=\"2164\">\n<p data-start=\"2092\" data-end=\"2164\"><strong data-start=\"2092\" data-end=\"2119\">Pitk\u00e4aikainen vakaus:<\/strong> Oikein varastoituna hajoamiskest\u00e4v\u00e4.<\/p>\n<\/li>\n<li data-start=\"2165\" data-end=\"2255\">\n<p data-start=\"2168\" data-end=\"2255\"><strong data-start=\"2168\" data-end=\"2190\">Turvallinen k\u00e4sittely:<\/strong> Pellettimuoto minimoi kontaminaatioriskin k\u00e4yt\u00f6n aikana.<\/p>\n<\/li>\n<li data-start=\"2256\" data-end=\"2336\">\n<p data-start=\"2259\" data-end=\"2336\"><strong data-start=\"2259\" data-end=\"2283\">Yksinkertainen annostus:<\/strong> 220 mg per pelletti maksimaalisen mittaustarkkuuden saavuttamiseksi.<\/p>\n<\/li>\n<li data-start=\"2337\" data-end=\"2434\">\n<p data-start=\"2340\" data-end=\"2434\"><strong data-start=\"2340\" data-end=\"2368\">Ammattimainen laatu:<\/strong> Sopii <strong data-start=\"2383\" data-end=\"2431\">analyyttinen, kemiallinen ja rikostekninen tutkimus<\/strong>.<\/p>\n<\/li>\n<\/ol>\n<hr data-start=\"2436\" data-end=\"2439\" \/>\n<h3 data-start=\"2441\" data-end=\"2480\"><strong data-start=\"2445\" data-end=\"2480\">K\u00e4ytt\u00f6 (vain tutkimusk\u00e4ytt\u00f6\u00f6n)<\/strong><\/h3>\n<ol data-start=\"2482\" data-end=\"2853\">\n<li data-start=\"2482\" data-end=\"2568\">\n<p data-start=\"2485\" data-end=\"2568\"><strong data-start=\"2485\" data-end=\"2515\">K\u00e4yt\u00e4 suojavaatteita<\/strong> kuten k\u00e4sineet, suojalasit ja laboratoriotakki.<\/p>\n<\/li>\n<li data-start=\"2569\" data-end=\"2640\">\n<p data-start=\"2572\" data-end=\"2640\"><strong data-start=\"2572\" data-end=\"2614\">K\u00e4yt\u00e4 kalibroituja mittauslaitteita<\/strong> tarkkojen tulosten saamiseksi.<\/p>\n<\/li>\n<li data-start=\"2641\" data-end=\"2706\">\n<p data-start=\"2644\" data-end=\"2706\"><strong data-start=\"2644\" data-end=\"2682\">Er\u00e4- ja n\u00e4ytetietojen kirjaaminen<\/strong> j\u00e4ljitett\u00e4vyyden vuoksi.<\/p>\n<\/li>\n<li data-start=\"2707\" data-end=\"2774\">\n<p data-start=\"2710\" data-end=\"2774\"><strong data-start=\"2710\" data-end=\"2728\">Suorita testit<\/strong> kontrolloidussa laboratorioymp\u00e4rist\u00f6ss\u00e4.<\/p>\n<\/li>\n<li data-start=\"2775\" data-end=\"2853\">\n<p data-start=\"2778\" data-end=\"2853\"><strong data-start=\"2778\" data-end=\"2804\">Poista j\u00e4te<\/strong> sovellettavien turvallisuus- ja ymp\u00e4rist\u00f6m\u00e4\u00e4r\u00e4ysten mukaisesti.<\/p>\n<\/li>\n<\/ol>\n<blockquote data-start=\"2855\" data-end=\"2972\">\n<p data-start=\"2857\" data-end=\"2972\">\u2697\ufe0f <strong data-start=\"2860\" data-end=\"2972\">Vain tieteelliseen ja analyyttiseen tutkimukseen \u2013 ei ihmisten tai el\u00e4inten ravinnoksi.<\/strong><\/p>\n<\/blockquote>\n<hr data-start=\"2974\" data-end=\"2977\" \/>\n<h3 data-start=\"2979\" data-end=\"3004\"><strong data-start=\"2983\" data-end=\"3004\">S\u00e4ilytysohjeet<\/strong><\/h3>\n<ul data-start=\"3006\" data-end=\"3234\">\n<li data-start=\"3006\" data-end=\"3074\">\n<p data-start=\"3008\" data-end=\"3074\">Tallenna osoitteessa <strong data-start=\"3019\" data-end=\"3028\">2\u20138 \u00b0C<\/strong>, p\u00e4\u00e4ll\u00e4 <strong data-start=\"3037\" data-end=\"3071\">viile\u00e4ss\u00e4, kuivassa ja pime\u00e4ss\u00e4 paikassa<\/strong>.<\/p>\n<\/li>\n<li data-start=\"3075\" data-end=\"3144\">\n<p data-start=\"3077\" data-end=\"3144\">Pid\u00e4 s\u00e4ili\u00f6 <strong data-start=\"3095\" data-end=\"3114\">hyvin suljettu<\/strong> saastumisen est\u00e4miseksi.<\/p>\n<\/li>\n<li data-start=\"3145\" data-end=\"3191\">\n<p data-start=\"3147\" data-end=\"3191\">Suojaudu vastaan <strong data-start=\"3162\" data-end=\"3188\">valo, l\u00e4mp\u00f6 ja kosteus<\/strong>.<\/p>\n<\/li>\n<li data-start=\"3192\" data-end=\"3234\">\n<p data-start=\"3194\" data-end=\"3234\">Pid\u00e4 poissa luvattomien henkil\u00f6iden ulottuvilta.<\/p>\n<\/li>\n<\/ul>\n<hr data-start=\"3236\" data-end=\"3239\" \/>\n<h3 data-start=\"3241\" data-end=\"3276\"><strong data-start=\"3245\" data-end=\"3276\">Usein kysytyt kysymykset (UKK)<\/strong><\/h3>\n<p data-start=\"3278\" data-end=\"3478\"><strong data-start=\"3278\" data-end=\"3321\">1. Mihin 2-MMC 220 mg:aa k\u00e4ytet\u00e4\u00e4n?<\/strong><br data-start=\"3321\" data-end=\"3324\" \/>2-MMC 220 mg -pellettej\u00e4 k\u00e4ytet\u00e4\u00e4n <strong data-start=\"3365\" data-end=\"3403\">analyyttinen ja rikostekninen tutkimus<\/strong>, keskittyen p\u00e4\u00e4asiassa <strong data-start=\"3423\" data-end=\"3475\">katinonijohdannaiset ja kemiallisen rakenteen tutkimukset<\/strong>2 mmc-pelletit<\/p>\n<p data-start=\"3480\" data-end=\"3674\"><strong data-start=\"3480\" data-end=\"3532\">2. Sopiiko 2-MMC ihmisravinnoksi?<\/strong><br data-start=\"3532\" data-end=\"3535\" \/>Ei. <strong data-start=\"3540\" data-end=\"3563\">2-MMC 220 mg pelletti\u00e4<\/strong> ovat <strong data-start=\"3569\" data-end=\"3619\">tarkoitettu vain laboratoriotutkimukseen<\/strong> ja <strong data-start=\"3623\" data-end=\"3671\">ei ihmisten tai el\u00e4inten ravinnoksi<\/strong>.<\/p>\n<p data-start=\"3676\" data-end=\"3859\"><strong data-start=\"3676\" data-end=\"3709\">3. Miten 2-MMC:t\u00e4 tulisi s\u00e4ilytt\u00e4\u00e4?<\/strong><br data-start=\"3709\" data-end=\"3712\" \/>Tallenna osoitteessa <strong data-start=\"3723\" data-end=\"3732\">2\u20138 \u00b0C<\/strong>, p\u00e4\u00e4ll\u00e4 <strong data-start=\"3741\" data-end=\"3775\">viile\u00e4ss\u00e4, kuivassa ja pime\u00e4ss\u00e4 paikassa<\/strong>alkuper\u00e4isess\u00e4 ilmatiiviiss\u00e4 pakkauksessa puhtauden ja s\u00e4ilyvyyden s\u00e4ilytt\u00e4miseksi.<\/p>\n<hr data-start=\"3861\" data-end=\"3864\" \/>\n<h3 data-start=\"3866\" data-end=\"3898\"><strong data-start=\"3870\" data-end=\"3898\">Tekniset tiedot<\/strong><\/h3>\n<div class=\"_tableContainer_1rjym_1\">\n<div class=\"group _tableWrapper_1rjym_13 flex w-fit flex-col-reverse\" tabindex=\"-1\">\n<table class=\"w-fit min-w-(--thread-content-width)\" data-start=\"3900\" data-end=\"4436\">\n<thead data-start=\"3900\" data-end=\"3932\">\n<tr data-start=\"3900\" data-end=\"3932\">\n<th data-start=\"3900\" data-end=\"3917\" data-col-size=\"sm\"><strong data-start=\"3902\" data-end=\"3916\">Ominaisuus<\/strong><\/th>\n<th data-start=\"3917\" data-end=\"3932\" data-col-size=\"sm\"><strong data-start=\"3919\" data-end=\"3930\">Tiedot<\/strong><\/th>\n<\/tr>\n<\/thead>\n<tbody data-start=\"3967\" data-end=\"4436\">\n<tr data-start=\"3967\" data-end=\"4008\">\n<td data-start=\"3967\" data-end=\"3985\" data-col-size=\"sm\"><strong data-start=\"3969\" data-end=\"3984\">Tuotteen nimi<\/strong><\/td>\n<td data-start=\"3985\" data-end=\"4008\" data-col-size=\"sm\">2-MMC 220 mg pelletti\u00e4<\/td>\n<\/tr>\n<tr data-start=\"4009\" data-end=\"4054\">\n<td data-start=\"4009\" data-end=\"4030\" data-col-size=\"sm\"><strong data-start=\"4011\" data-end=\"4029\">Kemiallinen nimi<\/strong><\/td>\n<td data-start=\"4030\" data-end=\"4054\" data-col-size=\"sm\">2-metyylimetkatinoni<\/td>\n<\/tr>\n<tr data-start=\"4055\" data-end=\"4091\">\n<td data-start=\"4055\" data-end=\"4079\" data-col-size=\"sm\"><strong data-start=\"4057\" data-end=\"4078\">Kemiallinen kaava<\/strong><\/td>\n<td data-start=\"4079\" data-end=\"4091\" data-col-size=\"sm\">C11H15NO<\/td>\n<\/tr>\n<tr data-start=\"4092\" data-end=\"4130\">\n<td data-start=\"4092\" data-end=\"4114\" data-col-size=\"sm\"><strong data-start=\"4094\" data-end=\"4113\">Molekyylipaino<\/strong><\/td>\n<td data-start=\"4114\" data-end=\"4130\" data-col-size=\"sm\">177,24 g\/mol<\/td>\n<\/tr>\n<tr data-start=\"4131\" data-end=\"4166\">\n<td data-start=\"4131\" data-end=\"4157\" data-col-size=\"sm\"><strong data-start=\"4133\" data-end=\"4156\">Annostus per pelletti<\/strong><\/td>\n<td data-start=\"4157\" data-end=\"4166\" data-col-size=\"sm\">220 mg<\/td>\n<\/tr>\n<tr data-start=\"4167\" data-end=\"4216\">\n<td data-start=\"4167\" data-end=\"4184\" data-col-size=\"sm\"><strong data-start=\"4169\" data-end=\"4183\">Puhtaus<\/strong><\/td>\n<td data-start=\"4184\" data-end=\"4216\" data-col-size=\"sm\">\u226599% (Analyyttinen laatu)<\/td>\n<\/tr>\n<tr data-start=\"4217\" data-end=\"4272\">\n<td data-start=\"4217\" data-end=\"4240\" data-col-size=\"sm\"><strong data-start=\"4219\" data-end=\"4239\">Kemiallinen luokka<\/strong><\/td>\n<td data-start=\"4240\" data-end=\"4272\" data-col-size=\"sm\">Katinoni \/ \u03b2-keto-amfetamiini<\/td>\n<\/tr>\n<tr data-start=\"4273\" data-end=\"4333\">\n<td data-start=\"4273\" data-end=\"4290\" data-col-size=\"sm\"><strong data-start=\"4275\" data-end=\"4289\">Hakemus<\/strong><\/td>\n<td data-start=\"4290\" data-end=\"4333\" data-col-size=\"sm\">Tieteellinen \/ Analyyttinen tutkimus<\/td>\n<\/tr>\n<tr data-start=\"4334\" data-end=\"4381\">\n<td data-start=\"4334\" data-end=\"4356\" data-col-size=\"sm\"><strong data-start=\"4336\" data-end=\"4355\">S\u00e4ilytysolosuhteet<\/strong><\/td>\n<td data-start=\"4356\" data-end=\"4381\" data-col-size=\"sm\">2\u20138 \u00b0C, kuiva ja pime\u00e4<\/td>\n<\/tr>\n<tr data-start=\"4382\" data-end=\"4436\">\n<td data-start=\"4382\" data-end=\"4399\" data-col-size=\"sm\"><strong data-start=\"4384\" data-end=\"4398\">Pakkaus<\/strong><\/td>\n<td data-start=\"4399\" data-end=\"4436\" data-col-size=\"sm\">Ilmatiivis, suljettu s\u00e4ili\u00f6<\/td>\n<\/tr>\n<\/tbody>\n<\/table>\n<\/div>\n<\/div>\n<hr data-start=\"4438\" data-end=\"4441\" \/>\n<h3 data-start=\"4443\" data-end=\"4460\"><strong data-start=\"4447\" data-end=\"4460\">Johtop\u00e4\u00e4t\u00f6s<\/strong><\/h3>\n<p data-start=\"4462\" data-end=\"4782\"><strong data-start=\"4462\" data-end=\"4485\">2-MMC 220 mg pelletti\u00e4<\/strong> ovat <strong data-start=\"4491\" data-end=\"4537\">korkealaatuisimpien tutkimusaineiden<\/strong>, kehitetty <strong data-start=\"4555\" data-end=\"4607\">ammattimainen analyyttinen ja rikostekninen tutkimus<\/strong>.<br data-start=\"4608\" data-end=\"4611\" \/>Kiitos heille <strong data-start=\"4623\" data-end=\"4674\">stabiilius, puhtaus ja tarkka annostelu<\/strong> Ne sopivat erinomaisesti laboratorioihin, jotka k\u00e4sittelev\u00e4t <strong data-start=\"4732\" data-end=\"4779\">katinoniyhdisteiden kemialliset analyysit<\/strong>.<\/p>","protected":false},"excerpt":{"rendered":"<h2><span dir=\"auto\" style=\"vertical-align: inherit;\"><span dir=\"auto\" style=\"vertical-align: inherit;\"><span dir=\"auto\" style=\"vertical-align: inherit;\"><span dir=\"auto\" style=\"vertical-align: inherit;\">2-MMC-ominaisuudet<\/span><\/span><\/span><\/span><\/h2>\n<p><strong><span dir=\"auto\" style=\"vertical-align: inherit;\"><span dir=\"auto\" style=\"vertical-align: inherit;\"><span dir=\"auto\" style=\"vertical-align: inherit;\"><span dir=\"auto\" style=\"vertical-align: inherit;\">CAS-numero<\/span><\/span><\/span><\/span><\/strong><span dir=\"auto\" style=\"vertical-align: inherit;\"><span dir=\"auto\" style=\"vertical-align: inherit;\"><span dir=\"auto\" style=\"vertical-align: inherit;\"><span dir=\"auto\" style=\"vertical-align: inherit;\"> : 1246911-71-6 <\/span><\/span><\/span><\/span><br \/>\n<strong><span dir=\"auto\" style=\"vertical-align: inherit;\"><span dir=\"auto\" style=\"vertical-align: inherit;\"><span dir=\"auto\" style=\"vertical-align: inherit;\"><span dir=\"auto\" style=\"vertical-align: inherit;\">Kaava<\/span><\/span><\/span><\/span><\/strong><span dir=\"auto\" style=\"vertical-align: inherit;\"><span dir=\"auto\" style=\"vertical-align: inherit;\"><span dir=\"auto\" style=\"vertical-align: inherit;\"><span dir=\"auto\" style=\"vertical-align: inherit;\"> C11h15NO \u2022 HCl <\/span><\/span><\/span><\/span><br \/>\n<strong><span dir=\"auto\" style=\"vertical-align: inherit;\"><span dir=\"auto\" style=\"vertical-align: inherit;\"><span dir=\"auto\" style=\"vertical-align: inherit;\"><span dir=\"auto\" style=\"vertical-align: inherit;\">Moolimassa<\/span><\/span><\/span><\/span><\/strong><span dir=\"auto\" style=\"vertical-align: inherit;\"><span dir=\"auto\" style=\"vertical-align: inherit;\"><span dir=\"auto\" style=\"vertical-align: inherit;\"><span dir=\"auto\" style=\"vertical-align: inherit;\"> : 177.247 <\/span><\/span><\/span><\/span><br \/>\n<strong><span dir=\"auto\" style=\"vertical-align: inherit;\"><span dir=\"auto\" style=\"vertical-align: inherit;\"><span dir=\"auto\" style=\"vertical-align: inherit;\"><span dir=\"auto\" style=\"vertical-align: inherit;\">Puhtaus<\/span><\/span><\/span><\/span><\/strong><span dir=\"auto\" style=\"vertical-align: inherit;\"><span dir=\"auto\" style=\"vertical-align: inherit;\"><span dir=\"auto\" style=\"vertical-align: inherit;\"><span dir=\"auto\" style=\"vertical-align: inherit;\"> : \u226599%<\/span><\/span><\/span><\/span><\/p>","protected":false},"featured_media":28391,"comment_status":"closed","ping_status":"closed","template":"","meta":[],"product_brand":[82],"product_cat":[372,463,322,79,324],"product_tag":[83,679,652,678,326],"class_list":{"0":"post-23975","1":"product","2":"type-product","3":"status-publish","4":"has-post-thumbnail","6":"product_brand-research-chemical","7":"product_cat-2-mmc-kopen","8":"product_cat-2-mmc-pellets","9":"product_cat-bijna-verboden","10":"product_cat-cathinonen","11":"product_cat-pellets-for-pellet","12":"product_tag-2-mmc-kopen","13":"product_tag-2-mmc-pellets","14":"product_tag-2-mmc-pellets-kopen","15":"product_tag-2mmc-pellets","16":"product_tag-nl","18":"first","19":"instock","20":"taxable","21":"shipping-taxable","22":"purchasable","23":"product-type-variable"},"_links":{"self":[{"href":"https:\/\/researchchemicalhub.com\/fi\/wp-json\/wp\/v2\/product\/23975","targetHints":{"allow":["GET"]}}],"collection":[{"href":"https:\/\/researchchemicalhub.com\/fi\/wp-json\/wp\/v2\/product"}],"about":[{"href":"https:\/\/researchchemicalhub.com\/fi\/wp-json\/wp\/v2\/types\/product"}],"replies":[{"embeddable":true,"href":"https:\/\/researchchemicalhub.com\/fi\/wp-json\/wp\/v2\/comments?post=23975"}],"version-history":[{"count":5,"href":"https:\/\/researchchemicalhub.com\/fi\/wp-json\/wp\/v2\/product\/23975\/revisions"}],"predecessor-version":[{"id":27913,"href":"https:\/\/researchchemicalhub.com\/fi\/wp-json\/wp\/v2\/product\/23975\/revisions\/27913"}],"wp:featuredmedia":[{"embeddable":true,"href":"https:\/\/researchchemicalhub.com\/fi\/wp-json\/wp\/v2\/media\/28391"}],"wp:attachment":[{"href":"https:\/\/researchchemicalhub.com\/fi\/wp-json\/wp\/v2\/media?parent=23975"}],"wp:term":[{"taxonomy":"product_brand","embeddable":true,"href":"https:\/\/researchchemicalhub.com\/fi\/wp-json\/wp\/v2\/product_brand?post=23975"},{"taxonomy":"product_cat","embeddable":true,"href":"https:\/\/researchchemicalhub.com\/fi\/wp-json\/wp\/v2\/product_cat?post=23975"},{"taxonomy":"product_tag","embeddable":true,"href":"https:\/\/researchchemicalhub.com\/fi\/wp-json\/wp\/v2\/product_tag?post=23975"}],"curies":[{"name":"wp","href":"https:\/\/api.w.org\/{rel}","templated":true}]}}