{"id":23869,"date":"2025-04-13T17:40:36","date_gmt":"2025-04-13T17:40:36","guid":{"rendered":"https:\/\/researchchemicalhub.com\/?post_type=product&#038;p=23869"},"modified":"2025-10-30T08:00:44","modified_gmt":"2025-10-30T08:00:44","slug":"osta-34-dmmcta","status":"publish","type":"product","link":"https:\/\/researchchemicalhub.com\/fi\/kauppa\/3\/osta-34-dmmcta\/","title":{"rendered":"3,4-DMMC (3,4-dimetyylimetkatinoni)"},"content":{"rendered":"<p data-start=\"4596\" data-end=\"4908\"><strong data-start=\"4596\" data-end=\"4636\">3,4-DMMC (3,4-dimetyylimetkatinoni)<\/strong> on <strong data-start=\"4644\" data-end=\"4679\">suunnittelija stimulanttiyhdiste<\/strong> luokan sis\u00e4ll\u00e4 <strong data-start=\"4701\" data-end=\"4725\">korvata katinonit<\/strong>.\u00a0<br data-start=\"4764\" data-end=\"4767\" \/>Se havaittiin ensimm\u00e4isen kerran noin vuonna 2010 mefedronin ja muiden katinonien analogina. <span class=\"___SBox_epc1q-ko_ ___SText_zko9t-ko_\" data-ui-name=\"Link.Text\">Osta 34 dmmc:t\u00e4<\/span><\/p>\n<p data-start=\"4910\" data-end=\"5190\">Tutkimuskemikaalina 3,4-DMMC:t\u00e4 k\u00e4ytet\u00e4\u00e4n mm. <strong data-start=\"4966\" data-end=\"5017\">analyyttiset, rakenteelliset ja rikostekniset tutkimukset<\/strong> uusien psykoaktiivisten aineiden (NPS) luokitusta. Se toimii vertailustandardina laboratorioissa, jotka tutkivat kuljettajaproteiinien yhteisvaikutuksia, metaboliitteja ja spektraalista tunnistusta.<\/p>\n<hr data-start=\"5192\" data-end=\"5195\" \/>\n<h3 data-start=\"5197\" data-end=\"5228\"><strong data-start=\"5201\" data-end=\"5228\">T\u00e4rkeimm\u00e4t ominaisuudet<\/strong><\/h3>\n<ul data-start=\"5230\" data-end=\"6038\">\n<li data-start=\"5230\" data-end=\"5319\">\n<p data-start=\"5232\" data-end=\"5319\"><strong data-start=\"5232\" data-end=\"5264\">Korkea analyyttinen puhtaus:<\/strong> Tyypillisesti \u2265 98\u201399%-puhtaus (er\u00e4kohtainen).<\/p>\n<\/li>\n<li data-start=\"5320\" data-end=\"5456\">\n<p data-start=\"5322\" data-end=\"5456\"><strong data-start=\"5322\" data-end=\"5346\">Rakenteellisesti analoginen:<\/strong> Katinoni, jossa on metyyliryhmi\u00e4 fenyylirenkaan 3- ja 4-asemissa.<\/p>\n<\/li>\n<li data-start=\"5457\" data-end=\"5650\">\n<p data-start=\"5459\" data-end=\"5650\"><strong data-start=\"5459\" data-end=\"5495\">Monoamiinikuljettajan aktiivisuus:<\/strong> Toimii serotoniinin ja noradrenaliinin kuljettajaproteiinien substraattina\/est\u00e4j\u00e4n\u00e4; vaikutus dopamiinin takaisinottoon on v\u00e4h\u00e4isempi.<\/p>\n<\/li>\n<li data-start=\"5651\" data-end=\"5785\">\n<p data-start=\"5653\" data-end=\"5785\"><strong data-start=\"5653\" data-end=\"5689\">Vankat karakterisointitiedot:<\/strong> T\u00e4ydellinen karakterisointi GC\/MS-, IR-, NMR- ja UV\/vis-menetelmill\u00e4.<\/p>\n<\/li>\n<li data-start=\"5786\" data-end=\"5946\">\n<p data-start=\"5788\" data-end=\"5946\"><strong data-start=\"5788\" data-end=\"5815\">Ainutlaatuinen GC-retentioaika:<\/strong> Vaikka IR\/UV-profiilit muistuttavat mefedronia, retentioajat ja fragmentoituminen eroavat toisistaan.<\/p>\n<\/li>\n<li data-start=\"5947\" data-end=\"6038\">\n<p data-start=\"5949\" data-end=\"6038\"><strong data-start=\"5949\" data-end=\"5979\">Stabiili oikein s\u00e4ilytettyn\u00e4:<\/strong> S\u00e4ilytt\u00e4\u00e4 eheyden, kun se on asianmukaisesti peitetty ja suojattu.<\/p>\n<\/li>\n<\/ul>\n<hr data-start=\"6040\" data-end=\"6043\" \/>\n<h3 data-start=\"6045\" data-end=\"6062\"><strong data-start=\"6049\" data-end=\"6062\">Edut<\/strong><\/h3>\n<ol data-start=\"6064\" data-end=\"6583\">\n<li data-start=\"6064\" data-end=\"6166\">\n<p data-start=\"6067\" data-end=\"6166\"><strong data-start=\"6067\" data-end=\"6098\">Luotettava vertailuaine:<\/strong> K\u00e4yt\u00e4 kalibrointi- ja vertailuty\u00f6kaluna rikosteknisess\u00e4 laboratoriossa.<\/p>\n<\/li>\n<li data-start=\"6167\" data-end=\"6262\">\n<p data-start=\"6170\" data-end=\"6262\"><strong data-start=\"6170\" data-end=\"6194\">Spektrihaaste:<\/strong> Toimii haastavana analogisena mittauslaitteen selektiivisyyden testaamiseen.<\/p>\n<\/li>\n<li data-start=\"6263\" data-end=\"6359\">\n<p data-start=\"6266\" data-end=\"6359\"><strong data-start=\"6266\" data-end=\"6291\">Kuljettajatutkimus:<\/strong> Arvokasta serotoniinin\/noradrenaliinin farmakologisessa tutkimuksessa.<\/p>\n<\/li>\n<li data-start=\"6360\" data-end=\"6468\">\n<p data-start=\"6363\" data-end=\"6468\"><strong data-start=\"6363\" data-end=\"6387\">Aineenvaihduntatutkimus:<\/strong> Auttaa kartoittamaan aineenvaihduntareittej\u00e4 biologisissa n\u00e4ytteiss\u00e4.<\/p>\n<\/li>\n<li data-start=\"6469\" data-end=\"6583\">\n<p data-start=\"6472\" data-end=\"6583\"><strong data-start=\"6472\" data-end=\"6509\">Tukee rikostutkintaa:<\/strong> Helpottaa uusien aineiden spektritietokantojen rakentamista.<\/p>\n<\/li>\n<\/ol>\n<hr data-start=\"6585\" data-end=\"6588\" \/>\n<h3 data-start=\"6590\" data-end=\"6650\"><strong data-start=\"6594\" data-end=\"6650\">K\u00e4ytt\u00f6ohjeet (vain laboratoriok\u00e4ytt\u00f6\u00f6n)<\/strong><\/h3>\n<ol data-start=\"6652\" data-end=\"7071\">\n<li data-start=\"6652\" data-end=\"6737\">\n<p data-start=\"6655\" data-end=\"6737\"><strong data-start=\"6655\" data-end=\"6696\">K\u00e4yt\u00e4 t\u00e4ydellisi\u00e4 suojavarusteita:<\/strong> k\u00e4sineet, suojalasit, laboratoriotakki.<\/p>\n<\/li>\n<li data-start=\"6738\" data-end=\"6819\">\n<p data-start=\"6741\" data-end=\"6819\"><strong data-start=\"6741\" data-end=\"6781\">Ty\u00f6skentele kontrolloidussa ymp\u00e4rist\u00f6ss\u00e4:<\/strong> esim. vetokaappi, puhdas ty\u00f6tila.<\/p>\n<\/li>\n<li data-start=\"6820\" data-end=\"6896\">\n<p data-start=\"6823\" data-end=\"6896\"><strong data-start=\"6823\" data-end=\"6857\">K\u00e4yt\u00e4 tarkkoja instrumentteja:<\/strong> vaaka, pipetit, spektrometrit jne.<\/p>\n<\/li>\n<li data-start=\"6897\" data-end=\"6984\">\n<p data-start=\"6900\" data-end=\"6984\"><strong data-start=\"6900\" data-end=\"6932\">Asiakirjan\u00e4ytetiedot:<\/strong> er\u00e4numero, paino, puhtaus, olosuhteet.<\/p>\n<\/li>\n<li data-start=\"6985\" data-end=\"7071\">\n<p data-start=\"6988\" data-end=\"7071\"><strong data-start=\"6988\" data-end=\"7018\">Poista j\u00e4\u00e4m\u00e4t turvallisesti:<\/strong> oppilaitoksesi turvallisuusprotokollien mukaisesti.<\/p>\n<\/li>\n<\/ol>\n<blockquote data-start=\"7073\" data-end=\"7189\">\n<p data-start=\"7075\" data-end=\"7189\">\u2697\ufe0f <strong data-start=\"7078\" data-end=\"7189\">Vain analyyttisiin\/tieteellisiin tutkimustarkoituksiin \u2013 ei ihmisten tai el\u00e4inten ravinnoksi.<\/strong><\/p>\n<\/blockquote>\n<hr data-start=\"7191\" data-end=\"7194\" \/>\n<h3 data-start=\"7196\" data-end=\"7221\"><strong data-start=\"7200\" data-end=\"7221\">S\u00e4ilytysohjeet<\/strong><\/h3>\n<ul data-start=\"7223\" data-end=\"7494\">\n<li data-start=\"7223\" data-end=\"7283\">\n<p data-start=\"7225\" data-end=\"7283\">Tallenna osoitteessa <strong data-start=\"7236\" data-end=\"7246\">2\u20138 \u00b0C<\/strong> viile\u00e4ss\u00e4, kuivassa ja pime\u00e4ss\u00e4 paikassa.<\/p>\n<\/li>\n<li data-start=\"7284\" data-end=\"7370\">\n<p data-start=\"7286\" data-end=\"7370\">K\u00e4yt\u00e4 inerttej\u00e4, ilmatiiviit\u00e4 astioita (esim. meripihkanv\u00e4risi\u00e4 injektiopulloja) kosteudelta ja valolta suojaamiseksi.<\/p>\n<\/li>\n<li data-start=\"7371\" data-end=\"7430\">\n<p data-start=\"7373\" data-end=\"7430\">V\u00e4lt\u00e4 toistuvaa altistumista l\u00e4mm\u00f6lle tai valolle.<\/p>\n<\/li>\n<li data-start=\"7431\" data-end=\"7494\">\n<p data-start=\"7433\" data-end=\"7494\">Vain p\u00e4tev\u00e4n analyyttisen henkil\u00f6st\u00f6n k\u00e4ytett\u00e4viss\u00e4. <span class=\"___SBox_epc1q-ko_ ___SText_zko9t-ko_\" data-ui-name=\"Link.Text\">Osta 34 dmmc:t\u00e4<\/span><\/p>\n<\/li>\n<\/ul>\n<hr data-start=\"7496\" data-end=\"7499\" \/>\n<h3 data-start=\"7501\" data-end=\"7536\"><strong data-start=\"7505\" data-end=\"7536\">Usein kysytyt kysymykset (UKK)<\/strong><\/h3>\n<p data-start=\"7538\" data-end=\"7781\"><strong data-start=\"7538\" data-end=\"7587\">1. Mik\u00e4 on 3,4-DMMC:n vaikutusmekanismi?<\/strong><br data-start=\"7587\" data-end=\"7590\" \/>In vitro se toimii serotoniinin ja noradrenaliinin kuljettajaproteiinien substraattina\/est\u00e4j\u00e4n\u00e4; sen vaikutus dopamiinin takaisinottoon on suhteellisesti heikompi.<\/p>\n<p data-start=\"7783\" data-end=\"8013\"><strong data-start=\"7783\" data-end=\"7850\">2. Voidaanko 3,4-DMMC erottaa analyyttisesti mefedronista?<\/strong><br data-start=\"7850\" data-end=\"7853\" \/>Kyll\u00e4. Vaikka IR\/UV-profiilit voivat olla p\u00e4\u00e4llekk\u00e4isi\u00e4, GC-retentioajat ja massan fragmentoituminen tekev\u00e4t eron.<\/p>\n<p data-start=\"8015\" data-end=\"8234\"><strong data-start=\"8015\" data-end=\"8058\">3. Onko 3,4-DMMC s\u00e4\u00e4nnelty vai laiton?<\/strong><br data-start=\"8058\" data-end=\"8061\" \/>Monissa maissa 3,4-DMMC:t\u00e4 s\u00e4\u00e4nnell\u00e4\u00e4n designkatinonina. Yhdysvalloissa se luokitellaan Schedule I -huumausaineeksi 4-MEC:n paikkaisomeerin\u00e4. <a href=\"https:\/\/researchchemicalhub.com\/fi\/kauppa\/pelletit-pellettia-varten\/1p-lsd-mikroannos\/\">1P-LSD-mikroannos<\/a><\/p>","protected":false},"excerpt":{"rendered":"<h3><span style=\"vertical-align: inherit;\"><span style=\"vertical-align: inherit;\">3,4-DMMC on 3-MMC:n\/3-CMC:n sukulainen aine<\/span><\/span><\/h3>\n<p><span style=\"vertical-align: inherit;\"><span style=\"vertical-align: inherit;\">3,4-DMMC\/3,4-dimetyylimetkatinoni on aine, jota myymme vain tutkimustarkoituksiin, eik\u00e4 sit\u00e4 siksi ole tarkoitettu nautittavaksi. Aine kuuluu katinonien luokkaan. 3,4-DMMC toimitetaan jauheena, ja sit\u00e4 voidaan tutkia jopa 2 vuotta, kunhan se s\u00e4ilytet\u00e4\u00e4n oikeassa ymp\u00e4rist\u00f6ss\u00e4.<\/span><\/span><\/p>","protected":false},"featured_media":28394,"comment_status":"closed","ping_status":"closed","template":"","meta":[],"product_brand":[],"product_cat":[493,494,322,79],"product_tag":[1105,326],"class_list":{"0":"post-23869","1":"product","2":"type-product","3":"status-publish","4":"has-post-thumbnail","6":"product_cat-493","7":"product_cat-4-dmmc","8":"product_cat-bijna-verboden","9":"product_cat-cathinonen","10":"product_tag-34-dmmc-kopen","11":"product_tag-nl","13":"first","14":"instock","15":"taxable","16":"shipping-taxable","17":"purchasable","18":"product-type-variable"},"_links":{"self":[{"href":"https:\/\/researchchemicalhub.com\/fi\/wp-json\/wp\/v2\/product\/23869","targetHints":{"allow":["GET"]}}],"collection":[{"href":"https:\/\/researchchemicalhub.com\/fi\/wp-json\/wp\/v2\/product"}],"about":[{"href":"https:\/\/researchchemicalhub.com\/fi\/wp-json\/wp\/v2\/types\/product"}],"replies":[{"embeddable":true,"href":"https:\/\/researchchemicalhub.com\/fi\/wp-json\/wp\/v2\/comments?post=23869"}],"version-history":[{"count":5,"href":"https:\/\/researchchemicalhub.com\/fi\/wp-json\/wp\/v2\/product\/23869\/revisions"}],"predecessor-version":[{"id":27928,"href":"https:\/\/researchchemicalhub.com\/fi\/wp-json\/wp\/v2\/product\/23869\/revisions\/27928"}],"wp:featuredmedia":[{"embeddable":true,"href":"https:\/\/researchchemicalhub.com\/fi\/wp-json\/wp\/v2\/media\/28394"}],"wp:attachment":[{"href":"https:\/\/researchchemicalhub.com\/fi\/wp-json\/wp\/v2\/media?parent=23869"}],"wp:term":[{"taxonomy":"product_brand","embeddable":true,"href":"https:\/\/researchchemicalhub.com\/fi\/wp-json\/wp\/v2\/product_brand?post=23869"},{"taxonomy":"product_cat","embeddable":true,"href":"https:\/\/researchchemicalhub.com\/fi\/wp-json\/wp\/v2\/product_cat?post=23869"},{"taxonomy":"product_tag","embeddable":true,"href":"https:\/\/researchchemicalhub.com\/fi\/wp-json\/wp\/v2\/product_tag?post=23869"}],"curies":[{"name":"wp","href":"https:\/\/api.w.org\/{rel}","templated":true}]}}