{"id":23860,"date":"2025-04-13T17:40:35","date_gmt":"2025-04-13T17:40:35","guid":{"rendered":"https:\/\/researchchemicalhub.com\/?post_type=product&#038;p=23860"},"modified":"2025-10-30T08:03:16","modified_gmt":"2025-10-30T08:03:16","slug":"osta-3fmc","status":"publish","type":"product","link":"https:\/\/researchchemicalhub.com\/fi\/kauppa\/3-fmcta\/osta-3fmc\/","title":{"rendered":"3-FMC (3-fluorimetkatinoni)"},"content":{"rendered":"<p data-start=\"6228\" data-end=\"6589\"><strong data-start=\"6228\" data-end=\"6261\">3-FMC (3-fluorimetkatinoni)<\/strong> on <strong data-start=\"6269\" data-end=\"6326\">analyyttisen laadun omaavaa stimuloivaa tutkimusmateriaalia<\/strong>, joka kuuluu <strong data-start=\"6344\" data-end=\"6363\">katinoniluokka<\/strong>.<br data-start=\"6364\" data-end=\"6367\" \/>Se on rakenteellisesti sukua <strong data-start=\"6398\" data-end=\"6415\">metkatinoni<\/strong> ja muut <strong data-start=\"6426\" data-end=\"6457\">substituoidut amfetamiinit<\/strong>, v\u00e4litt\u00f6m\u00e4sti <strong data-start=\"6467\" data-end=\"6506\">fluorisubstituutio 3-asemassa<\/strong> fenyylirenkaasta, mik\u00e4 vaikuttaa sen kemiallisiin ja fysikaalisiin ominaisuuksiin. Osta 3fmc<\/p>\n<p data-start=\"6591\" data-end=\"6914\">T\u00e4t\u00e4 yhteytt\u00e4 k\u00e4ytet\u00e4\u00e4n laajalti mm. <strong data-start=\"6630\" data-end=\"6678\">rikostekninen, analyyttinen ja kemiallinen tutkimus<\/strong> varten <strong data-start=\"6684\" data-end=\"6716\">kromatografinen kalibrointi<\/strong>, <strong data-start=\"6718\" data-end=\"6745\">toksikologinen tutkimus<\/strong>, ja <strong data-start=\"6750\" data-end=\"6774\">rakenneanalyysit<\/strong>.<br data-start=\"6775\" data-end=\"6778\" \/>Tuotettu <strong data-start=\"6797\" data-end=\"6831\">Hyv\u00e4 laboratoriok\u00e4yt\u00e4nt\u00f6 (GLP)<\/strong>-ohjeita, se tarjoaa <strong data-start=\"6859\" data-end=\"6882\">puhtaus \u226599%<\/strong> ja erinomainen <strong data-start=\"6898\" data-end=\"6913\">vakaus<\/strong>.<\/p>\n<blockquote data-start=\"6916\" data-end=\"7060\">\n<p data-start=\"6918\" data-end=\"7060\">\u26a0\ufe0f <strong data-start=\"6921\" data-end=\"6932\">HUOM:<\/strong> T\u00e4m\u00e4 tuote on <strong data-start=\"6948\" data-end=\"6998\">tarkoitettu vain laboratoriotutkimukseen<\/strong> ja <strong data-start=\"7002\" data-end=\"7059\">ei sovellu ihmis- tai el\u00e4inravinnoksi<\/strong>.<\/p>\n<\/blockquote>\n<hr data-start=\"7062\" data-end=\"7065\" \/>\n<h3 data-start=\"7067\" data-end=\"7098\"><strong data-start=\"7071\" data-end=\"7098\">T\u00e4rkeimm\u00e4t ominaisuudet<\/strong><\/h3>\n<ul data-start=\"7100\" data-end=\"7569\">\n<li data-start=\"7100\" data-end=\"7171\">\n<p data-start=\"7102\" data-end=\"7171\"><strong data-start=\"7102\" data-end=\"7134\">Korkea analyyttinen puhtaus:<\/strong> \u226599%, vahvistettu HPLC:ll\u00e4 ja GC-MS:ll\u00e4.<\/p>\n<\/li>\n<li data-start=\"7172\" data-end=\"7272\">\n<p data-start=\"7174\" data-end=\"7272\"><strong data-start=\"7174\" data-end=\"7209\">Fluoratun katinonirakenne:<\/strong> Fluoriatomi 3-asemassa lis\u00e4\u00e4 stabiilisuutta.<\/p>\n<\/li>\n<li data-start=\"7273\" data-end=\"7344\">\n<p data-start=\"7275\" data-end=\"7344\"><strong data-start=\"7275\" data-end=\"7293\">GLP-tuotanto:<\/strong> Valmistettu tiukkojen laboratoriostandardien mukaisesti.<\/p>\n<\/li>\n<li data-start=\"7345\" data-end=\"7422\">\n<p data-start=\"7347\" data-end=\"7422\"><strong data-start=\"7347\" data-end=\"7364\">Er\u00e4 testattu:<\/strong> Jokainen er\u00e4 tarkastettiin identiteetin ja johdonmukaisuuden varmistamiseksi.<\/p>\n<\/li>\n<li data-start=\"7423\" data-end=\"7489\">\n<p data-start=\"7425\" data-end=\"7489\"><strong data-start=\"7425\" data-end=\"7446\">Kemiallisesti stabiili:<\/strong> Vastustuskykyinen hajoamiselle asianmukaisesti varastoituna.<\/p>\n<\/li>\n<li data-start=\"7490\" data-end=\"7569\">\n<p data-start=\"7492\" data-end=\"7569\"><strong data-start=\"7492\" data-end=\"7515\">Turvallinen pakkaus:<\/strong> Ilmatiivis ja sinet\u00f6ity maksimaalisen s\u00e4ilyvyyden takaamiseksi. Osta 3fmc<\/p>\n<\/li>\n<\/ul>\n<hr data-start=\"7571\" data-end=\"7574\" \/>\n<h3 data-start=\"7576\" data-end=\"7593\"><strong data-start=\"7580\" data-end=\"7593\">Edut<\/strong><\/h3>\n<ol data-start=\"7595\" data-end=\"8051\">\n<li data-start=\"7595\" data-end=\"7686\">\n<p data-start=\"7598\" data-end=\"7686\"><strong data-start=\"7598\" data-end=\"7635\">Luotettavat tutkimustulokset:<\/strong> Korkea puhtaus varmistaa datan toistettavuuden.<\/p>\n<\/li>\n<li data-start=\"7687\" data-end=\"7788\">\n<p data-start=\"7690\" data-end=\"7788\"><strong data-start=\"7690\" data-end=\"7710\">Laajasti sovellettavissa:<\/strong> Sopii <strong data-start=\"7725\" data-end=\"7785\">kromatografia, spektroskopia ja toksikologinen tutkimus<\/strong>.<\/p>\n<\/li>\n<li data-start=\"7789\" data-end=\"7858\">\n<p data-start=\"7792\" data-end=\"7858\"><strong data-start=\"7792\" data-end=\"7826\">Vakaa ja pitk\u00e4ik\u00e4inen:<\/strong> Kest\u00e4\u00e4 valoa ja kosteutta.<\/p>\n<\/li>\n<li data-start=\"7859\" data-end=\"7958\">\n<p data-start=\"7862\" data-end=\"7958\"><strong data-start=\"7862\" data-end=\"7885\">Oikeusl\u00e4\u00e4ketieteellinen arvo:<\/strong> K\u00e4ytet\u00e4\u00e4n nimell\u00e4 <strong data-start=\"7905\" data-end=\"7928\">vertailustandardi<\/strong> toksikologisessa tutkimuksessa.<\/p>\n<\/li>\n<li data-start=\"7959\" data-end=\"8051\">\n<p data-start=\"7962\" data-end=\"8051\"><strong data-start=\"7962\" data-end=\"7990\">Ammattimainen laatu:<\/strong> Sopii tiede- ja tutkimuslaitoksille.<\/p>\n<\/li>\n<\/ol>\n<hr data-start=\"8053\" data-end=\"8056\" \/>\n<h3 data-start=\"8058\" data-end=\"8097\"><strong data-start=\"8062\" data-end=\"8097\">K\u00e4ytt\u00f6 (vain tutkimusk\u00e4ytt\u00f6\u00f6n)<\/strong><\/h3>\n<ol data-start=\"8099\" data-end=\"8538\">\n<li data-start=\"8099\" data-end=\"8186\">\n<p data-start=\"8102\" data-end=\"8186\"><strong data-start=\"8102\" data-end=\"8133\">K\u00e4yt\u00e4 suojavaatetusta:<\/strong> K\u00e4sineet, suojalasit ja laboratoriotakki vaaditaan.<\/p>\n<\/li>\n<li data-start=\"8187\" data-end=\"8273\">\n<p data-start=\"8190\" data-end=\"8273\"><strong data-start=\"8190\" data-end=\"8229\">K\u00e4ytt\u00f6 valvotussa ymp\u00e4rist\u00f6ss\u00e4:<\/strong> V\u00e4lt\u00e4 altistumista ilmalle tai valolle.<\/p>\n<\/li>\n<li data-start=\"8274\" data-end=\"8355\">\n<p data-start=\"8277\" data-end=\"8355\"><strong data-start=\"8277\" data-end=\"8314\">K\u00e4yt\u00e4 kalibroituja laitteita:<\/strong> Tarkkoihin mittauksiin ja punnituksiin.<\/p>\n<\/li>\n<li data-start=\"8356\" data-end=\"8446\">\n<p data-start=\"8359\" data-end=\"8446\"><strong data-start=\"8359\" data-end=\"8386\">Huomaa er\u00e4n tiedot:<\/strong> Kirjaa er\u00e4numero, puhtaus ja tutkimustiedot.<\/p>\n<\/li>\n<li data-start=\"8447\" data-end=\"8538\">\n<p data-start=\"8450\" data-end=\"8538\"><strong data-start=\"8450\" data-end=\"8483\">H\u00e4vit\u00e4 j\u00e4te turvallisesti:<\/strong> Noudata laboratorion turvallisuusohjeita.<\/p>\n<\/li>\n<\/ol>\n<blockquote data-start=\"8540\" data-end=\"8625\">\n<p data-start=\"8542\" data-end=\"8625\">\u2697\ufe0f <strong data-start=\"8545\" data-end=\"8625\">Vain laboratoriotesteihin \u2013 ei ihmisravinnoksi.<\/strong><\/p>\n<\/blockquote>\n<hr data-start=\"8627\" data-end=\"8630\" \/>\n<h3 data-start=\"8632\" data-end=\"8657\"><strong data-start=\"8636\" data-end=\"8657\">S\u00e4ilytysohjeet<\/strong><\/h3>\n<ul data-start=\"8659\" data-end=\"8844\">\n<li data-start=\"8659\" data-end=\"8701\">\n<p data-start=\"8661\" data-end=\"8701\">Tallenna osoitteessa <strong data-start=\"8672\" data-end=\"8681\">2\u20138 \u00b0C<\/strong>, kuiva ja pime\u00e4.<\/p>\n<\/li>\n<li data-start=\"8702\" data-end=\"8738\">\n<p data-start=\"8704\" data-end=\"8738\">Pid\u00e4 pakkaus tiiviisti suljettuna.<\/p>\n<\/li>\n<li data-start=\"8739\" data-end=\"8784\">\n<p data-start=\"8741\" data-end=\"8784\">Suojaudu vastaan <strong data-start=\"8756\" data-end=\"8781\">valo, kosteus ja l\u00e4mp\u00f6<\/strong>.<\/p>\n<\/li>\n<li data-start=\"8785\" data-end=\"8844\">\n<p data-start=\"8787\" data-end=\"8844\">Vain valtuutetun laboratoriohenkil\u00f6kunnan k\u00e4ytett\u00e4viss\u00e4.<\/p>\n<\/li>\n<\/ul>\n<hr data-start=\"8846\" data-end=\"8849\" \/>\n<h3 data-start=\"8851\" data-end=\"8886\"><strong data-start=\"8855\" data-end=\"8886\">Usein kysytyt kysymykset (UKK)<\/strong><\/h3>\n<p data-start=\"8888\" data-end=\"9053\"><strong data-start=\"8888\" data-end=\"8925\">1. Mihin 3-FMC:t\u00e4 k\u00e4ytet\u00e4\u00e4n?<\/strong><br data-start=\"8925\" data-end=\"8928\" \/>Sill\u00e4 <strong data-start=\"8933\" data-end=\"8981\">analyyttinen, rikostekninen ja kemiallinen tutkimus<\/strong>, erityisesti suunnattu <strong data-start=\"9003\" data-end=\"9050\">katinonianalogit ja toksikologiset tutkimukset<\/strong>.<\/p>\n<p data-start=\"9055\" data-end=\"9242\"><strong data-start=\"9055\" data-end=\"9107\">2. Sopiiko 3-FMC ihmisravinnoksi?<\/strong><br data-start=\"9107\" data-end=\"9110\" \/>Ei. <strong data-start=\"9115\" data-end=\"9124\">3-FMC<\/strong> on <strong data-start=\"9128\" data-end=\"9178\">tarkoitettu vain laboratoriotutkimukseen<\/strong> ja <strong data-start=\"9182\" data-end=\"9239\">ei sovellu ihmis- tai el\u00e4inravinnoksi<\/strong>.<\/p>\n<p data-start=\"9244\" data-end=\"9382\"><strong data-start=\"9244\" data-end=\"9281\">3. Miten 3-FMC:t\u00e4 tulisi s\u00e4ilytt\u00e4\u00e4?<\/strong><br data-start=\"9281\" data-end=\"9284\" \/>S\u00e4\u00e4st\u00e4 rahaa <strong data-start=\"9298\" data-end=\"9340\">viile\u00e4ss\u00e4, kuivassa ja pime\u00e4ss\u00e4 paikassa (2\u20138 \u00b0C)<\/strong>, a:ssa <strong data-start=\"9349\" data-end=\"9379\">hyvin suljettu pakkaus<\/strong>.<\/p>\n<hr data-start=\"9384\" data-end=\"9387\" \/>\n<h3 data-start=\"9389\" data-end=\"9406\"><strong data-start=\"9393\" data-end=\"9406\">Johtop\u00e4\u00e4t\u00f6s<\/strong><\/h3>\n<p data-start=\"9408\" data-end=\"9652\"><strong data-start=\"9408\" data-end=\"9441\">3-FMC (3-fluorimetkatinoni)<\/strong> on <strong data-start=\"9449\" data-end=\"9480\">korkealaatuista tutkimusmateriaalia<\/strong> jostakin <strong data-start=\"9485\" data-end=\"9540\">erinomainen puhtaus, stabiilius ja johdonmukaisuus<\/strong>.<br data-start=\"9541\" data-end=\"9544\" \/>Se sopii erinomaisesti laboratorioille, jotka keskittyv\u00e4t <strong data-start=\"9595\" data-end=\"9649\">rikostekninen, kromatografinen ja kemiallinen tutkimus<\/strong>.<\/p>\n<h1><a style=\"font-size: 16px;\" href=\"https:\/\/researchchemicalhub.com\/fi\/kauppa\/iboga-ibogaiini\/iboga-juuren-kuori\/\"><span dir=\"auto\" style=\"vertical-align: inherit;\"><span dir=\"auto\" style=\"vertical-align: inherit;\">iboga-juuren kuori<\/span><\/span><\/a><a style=\"font-size: 16px;\" href=\"https:\/\/researchchemicalhub.com\/fi\/kauppa\/iboga-ibogaiini\/osta-ibogaiinihydrokloridia-netista\/\"><span dir=\"auto\" style=\"vertical-align: inherit;\"><span dir=\"auto\" style=\"vertical-align: inherit;\">osta ibogaiinihydrokloridia netist\u00e4<\/span><\/span><\/a><a style=\"font-size: 16px;\" href=\"https:\/\/researchchemicalhub.com\/fi\/kauppa\/pellets\/o-dsmt-50-mg-pelletteja\/\"><span dir=\"auto\" style=\"vertical-align: inherit;\"><span dir=\"auto\" style=\"vertical-align: inherit;\">o-dsmt <\/span><\/span><\/a><a style=\"font-size: 16px;\" href=\"https:\/\/researchchemicalhub.com\/fi\/kauppa\/lysergamidit\/1vlsd\/\"><span dir=\"auto\" style=\"vertical-align: inherit;\"><span dir=\"auto\" style=\"vertical-align: inherit;\">1vlsd<\/span><\/span><\/a><a style=\"font-size: 16px;\" href=\"https:\/\/researchchemicalhub.com\/fi\/kauppa\/lysergamidit\/1-kpl-lsd\/\"><span dir=\"auto\" style=\"vertical-align: inherit;\"><span dir=\"auto\" style=\"vertical-align: inherit;\">1 kpl lsd<\/span><\/span><\/a><\/h1>","protected":false},"excerpt":{"rendered":"<h2><span style=\"vertical-align: inherit;\"><span style=\"vertical-align: inherit;\"><span dir=\"auto\" style=\"vertical-align: inherit;\"><span dir=\"auto\" style=\"vertical-align: inherit;\">3-FMC-ominaisuudet<\/span><\/span><\/span><\/span><\/h2>\n<p><strong><span style=\"vertical-align: inherit;\"><span style=\"vertical-align: inherit;\"><span dir=\"auto\" style=\"vertical-align: inherit;\"><span dir=\"auto\" style=\"vertical-align: inherit;\">Synonyymi:<\/span><\/span><\/span><\/span><\/strong><span style=\"vertical-align: inherit;\"><span style=\"vertical-align: inherit;\"><span dir=\"auto\" style=\"vertical-align: inherit;\"><span dir=\"auto\" style=\"vertical-align: inherit;\"> 3-Fluorimetkatinoni \/ 1-(3-kloorifenyyli)-2-(etyyliamino)propan-1-oni <\/span><\/span><\/span><\/span><strong><br \/>\n<span style=\"vertical-align: inherit;\"><span style=\"vertical-align: inherit;\"><span dir=\"auto\" style=\"vertical-align: inherit;\"><span dir=\"auto\" style=\"vertical-align: inherit;\">CAS-numero<\/span><\/span><\/span><\/span><\/strong><span style=\"vertical-align: inherit;\"><span style=\"vertical-align: inherit;\"><span dir=\"auto\" style=\"vertical-align: inherit;\"><span dir=\"auto\" style=\"vertical-align: inherit;\"> : 1049677-77-1 <\/span><\/span><\/span><\/span><br \/>\n<strong><span style=\"vertical-align: inherit;\"><span style=\"vertical-align: inherit;\"><span dir=\"auto\" style=\"vertical-align: inherit;\"><span dir=\"auto\" style=\"vertical-align: inherit;\">Kaava<\/span><\/span><\/span><\/span><\/strong><span style=\"vertical-align: inherit;\"><span style=\"vertical-align: inherit;\"><span dir=\"auto\" style=\"vertical-align: inherit;\"><span dir=\"auto\" style=\"vertical-align: inherit;\"> C10H12FNO \u2022 HCl <\/span><\/span><\/span><\/span><br \/>\n<strong><span style=\"vertical-align: inherit;\"><span style=\"vertical-align: inherit;\"><span dir=\"auto\" style=\"vertical-align: inherit;\"><span dir=\"auto\" style=\"vertical-align: inherit;\">Moolimassa<\/span><\/span><\/span><\/span><\/strong><span style=\"vertical-align: inherit;\"><span style=\"vertical-align: inherit;\"><span dir=\"auto\" style=\"vertical-align: inherit;\"><span dir=\"auto\" style=\"vertical-align: inherit;\"> 181,210 g\/mol <\/span><\/span><\/span><\/span><br \/>\n<strong><span style=\"vertical-align: inherit;\"><span style=\"vertical-align: inherit;\"><span dir=\"auto\" style=\"vertical-align: inherit;\"><span dir=\"auto\" style=\"vertical-align: inherit;\">Puhtaus<\/span><\/span><\/span><\/span><\/strong><span style=\"vertical-align: inherit;\"><span style=\"vertical-align: inherit;\"><span dir=\"auto\" style=\"vertical-align: inherit;\"><span dir=\"auto\" style=\"vertical-align: inherit;\"> : \u226599%<\/span><\/span><\/span><\/span><\/p>","protected":false},"featured_media":28404,"comment_status":"closed","ping_status":"closed","template":"","meta":[],"product_brand":[82],"product_cat":[554,322,79],"product_tag":[670,653,576,575,574,326],"class_list":{"0":"post-23860","1":"product","2":"type-product","3":"status-publish","4":"has-post-thumbnail","6":"product_brand-research-chemical","7":"product_cat-3-fmc","8":"product_cat-bijna-verboden","9":"product_cat-cathinonen","10":"product_tag-3-fmc-ervaringen","11":"product_tag-3-fluoromethcathinone","12":"product_tag-3-fmc","13":"product_tag-3fmc","14":"product_tag-3fmc-kopen","15":"product_tag-nl","17":"first","18":"instock","19":"taxable","20":"shipping-taxable","21":"purchasable","22":"product-type-variable"},"_links":{"self":[{"href":"https:\/\/researchchemicalhub.com\/fi\/wp-json\/wp\/v2\/product\/23860","targetHints":{"allow":["GET"]}}],"collection":[{"href":"https:\/\/researchchemicalhub.com\/fi\/wp-json\/wp\/v2\/product"}],"about":[{"href":"https:\/\/researchchemicalhub.com\/fi\/wp-json\/wp\/v2\/types\/product"}],"replies":[{"embeddable":true,"href":"https:\/\/researchchemicalhub.com\/fi\/wp-json\/wp\/v2\/comments?post=23860"}],"version-history":[{"count":6,"href":"https:\/\/researchchemicalhub.com\/fi\/wp-json\/wp\/v2\/product\/23860\/revisions"}],"predecessor-version":[{"id":27931,"href":"https:\/\/researchchemicalhub.com\/fi\/wp-json\/wp\/v2\/product\/23860\/revisions\/27931"}],"wp:featuredmedia":[{"embeddable":true,"href":"https:\/\/researchchemicalhub.com\/fi\/wp-json\/wp\/v2\/media\/28404"}],"wp:attachment":[{"href":"https:\/\/researchchemicalhub.com\/fi\/wp-json\/wp\/v2\/media?parent=23860"}],"wp:term":[{"taxonomy":"product_brand","embeddable":true,"href":"https:\/\/researchchemicalhub.com\/fi\/wp-json\/wp\/v2\/product_brand?post=23860"},{"taxonomy":"product_cat","embeddable":true,"href":"https:\/\/researchchemicalhub.com\/fi\/wp-json\/wp\/v2\/product_cat?post=23860"},{"taxonomy":"product_tag","embeddable":true,"href":"https:\/\/researchchemicalhub.com\/fi\/wp-json\/wp\/v2\/product_tag?post=23860"}],"curies":[{"name":"wp","href":"https:\/\/api.w.org\/{rel}","templated":true}]}}