{"id":23824,"date":"2025-04-13T17:40:30","date_gmt":"2025-04-13T17:40:30","guid":{"rendered":"https:\/\/researchchemicalhub.com\/?post_type=product&#038;p=23824"},"modified":"2025-10-30T08:12:06","modified_gmt":"2025-10-30T08:12:06","slug":"vaarennos","status":"publish","type":"product","link":"https:\/\/researchchemicalhub.com\/fi\/kauppa\/melkein-kielletty\/vaarennos\/","title":{"rendered":"NEP (N-etyylipentedroni)"},"content":{"rendered":"<p data-start=\"4929\" data-end=\"5282\"><strong data-start=\"4929\" data-end=\"4956\">NEP (N-etyylipentedroni)<\/strong> on <strong data-start=\"4964\" data-end=\"4997\">synteettinen katinonijohdannainen<\/strong> jota usein k\u00e4ytet\u00e4\u00e4n mm. <strong data-start=\"5026\" data-end=\"5059\">viite- ja tutkimusmateriaali<\/strong> analyyttisiss\u00e4 ja rikosteknisiss\u00e4 laboratorioissa. Se on rakenteellisesti sukua <strong data-start=\"5134\" data-end=\"5148\">pentedroni<\/strong> ja kuuluu <strong data-start=\"5167\" data-end=\"5190\">\u03b2-keto-amfetamiinit<\/strong>, mik\u00e4 tekee siit\u00e4 arvokkaan tutkimuksen kannalta <strong data-start=\"5238\" data-end=\"5281\">kemiallinen rakenne ja havaitsemismenetelm\u00e4t<\/strong>V\u00e4\u00e4renn\u00f6s<\/p>\n<p data-start=\"5284\" data-end=\"5590\">T\u00e4m\u00e4 tuote on <strong data-start=\"5299\" data-end=\"5368\">tarkoitettu yksinomaan tieteelliseen ja rikostekniseen tutkimukseen<\/strong> ja <strong data-start=\"5372\" data-end=\"5429\">ei sovellu ihmis- tai el\u00e4inravinnoksi<\/strong>Laboratoriot k\u00e4ytt\u00e4v\u00e4t NEP:i\u00e4 <strong data-start=\"5462\" data-end=\"5506\">kemiallinen profilointi, havaitsemisen validointi<\/strong> ja <strong data-start=\"5510\" data-end=\"5546\">analyyttisten menetelmien kehitt\u00e4minen<\/strong> tekniikoilla, kuten <strong data-start=\"5568\" data-end=\"5577\">GC-MS<\/strong> ja <strong data-start=\"5581\" data-end=\"5589\">HPLC-analyysi<\/strong>.<\/p>\n<hr data-start=\"5592\" data-end=\"5595\" \/>\n<h3 data-start=\"5597\" data-end=\"5628\"><strong data-start=\"5601\" data-end=\"5628\">T\u00e4rkeimm\u00e4t ominaisuudet<\/strong><\/h3>\n<ul data-start=\"5630\" data-end=\"6141\">\n<li data-start=\"5630\" data-end=\"5731\">\n<p data-start=\"5632\" data-end=\"5731\"><strong data-start=\"5632\" data-end=\"5652\">Korkea puhtaus:<\/strong> Valmistettu tiukan laatuvalvonnan alaisena maksimaalisen luotettavuuden takaamiseksi.<\/p>\n<\/li>\n<li data-start=\"5732\" data-end=\"5826\">\n<p data-start=\"5734\" data-end=\"5826\"><strong data-start=\"5734\" data-end=\"5760\">Testattu koostumus:<\/strong> Jokaisen er\u00e4n mukana tulee <strong data-start=\"5795\" data-end=\"5823\">analyysitodistus (COA)<\/strong>.<\/p>\n<\/li>\n<li data-start=\"5827\" data-end=\"5938\">\n<p data-start=\"5829\" data-end=\"5938\"><strong data-start=\"5829\" data-end=\"5852\">Vakaa rakenne:<\/strong> Soveltuu johdonmukaisten tutkimustulosten saavuttamiseksi erilaisissa analyyttisiss\u00e4 sovelluksissa.<\/p>\n<\/li>\n<li data-start=\"5939\" data-end=\"6038\">\n<p data-start=\"5941\" data-end=\"6038\"><strong data-start=\"5941\" data-end=\"5972\">Tutkimustason laatu:<\/strong> Soveltuu k\u00e4ytett\u00e4v\u00e4ksi toksikologisissa ja rikosteknisess\u00e4 tutkimuksessa.<\/p>\n<\/li>\n<li data-start=\"6039\" data-end=\"6141\">\n<p data-start=\"6041\" data-end=\"6141\"><strong data-start=\"6041\" data-end=\"6064\">Turvallinen pakkaus:<\/strong> Kemikaaleja kest\u00e4v\u00e4t, ilmatiiviit s\u00e4ili\u00f6t takaavat tuotteen stabiilisuuden.<\/p>\n<\/li>\n<\/ul>\n<hr data-start=\"6143\" data-end=\"6146\" \/>\n<h3 data-start=\"6148\" data-end=\"6165\"><strong data-start=\"6152\" data-end=\"6165\">Edut<\/strong><\/h3>\n<ul data-start=\"6167\" data-end=\"6651\">\n<li data-start=\"6167\" data-end=\"6252\">\n<p data-start=\"6169\" data-end=\"6252\"><strong data-start=\"6169\" data-end=\"6206\">Luotettavat tutkimustulokset:<\/strong> Tarjoaa tarkkaa ja toistettavaa dataa.<\/p>\n<\/li>\n<li data-start=\"6253\" data-end=\"6350\">\n<p data-start=\"6255\" data-end=\"6350\"><strong data-start=\"6255\" data-end=\"6284\">Oikeusl\u00e4\u00e4ketieteelliset sovellukset:<\/strong> K\u00e4ytet\u00e4\u00e4n usein katinonianalogien tunnistamisessa.<\/p>\n<\/li>\n<li data-start=\"6351\" data-end=\"6437\">\n<p data-start=\"6353\" data-end=\"6437\"><strong data-start=\"6353\" data-end=\"6377\">Jatkuva laatu:<\/strong> Minimoi vaihtelut eri kokeiden v\u00e4lill\u00e4.<\/p>\n<\/li>\n<li data-start=\"6438\" data-end=\"6551\">\n<p data-start=\"6440\" data-end=\"6551\"><strong data-start=\"6440\" data-end=\"6464\">Laajasti analysoitavissa:<\/strong> Yhteensopiva <strong data-start=\"6480\" data-end=\"6518\">kromatografia, massaspektrometria<\/strong> ja <strong data-start=\"6522\" data-end=\"6548\">infrapunaspektroskopia<\/strong>.<\/p>\n<\/li>\n<li data-start=\"6552\" data-end=\"6651\">\n<p data-start=\"6554\" data-end=\"6651\"><strong data-start=\"6554\" data-end=\"6588\">T\u00e4ytt\u00e4\u00e4 turvallisuusstandardit:<\/strong> Valmistettu kansainv\u00e4listen laboratorio-ohjeiden mukaisesti.<\/p>\n<\/li>\n<\/ul>\n<hr data-start=\"6653\" data-end=\"6656\" \/>\n<h3 data-start=\"6658\" data-end=\"6719\"><strong data-start=\"6662\" data-end=\"6719\">K\u00e4ytt\u00f6ohjeet (vain tutkimustarkoituksiin)<\/strong><\/h3>\n<ol data-start=\"6721\" data-end=\"7133\">\n<li data-start=\"6721\" data-end=\"6828\">\n<p data-start=\"6724\" data-end=\"6828\"><strong data-start=\"6724\" data-end=\"6742\">Valmistelu:<\/strong> K\u00e4yt\u00e4 akkreditoidussa laboratoriossa ja k\u00e4yt\u00e4 asianmukaisia suojavarusteita.<\/p>\n<\/li>\n<li data-start=\"6829\" data-end=\"6919\">\n<p data-start=\"6832\" data-end=\"6919\"><strong data-start=\"6832\" data-end=\"6847\">Sovellus:<\/strong> K\u00e4yt\u00e4 j\u00e4ljitett\u00e4vi\u00e4 m\u00e4\u00e4ri\u00e4 valvotuissa olosuhteissa.<\/p>\n<\/li>\n<li data-start=\"6920\" data-end=\"7037\">\n<p data-start=\"6923\" data-end=\"7037\"><strong data-start=\"6923\" data-end=\"6934\">S\u00e4ilytys:<\/strong> S\u00e4\u00e4st\u00e4 rahaa <strong data-start=\"6949\" data-end=\"6983\">viile\u00e4ss\u00e4, kuivassa ja pime\u00e4ss\u00e4 paikassa<\/strong>, hyvin suljettuna ja poissa l\u00e4mm\u00f6nl\u00e4hteist\u00e4.<\/p>\n<\/li>\n<li data-start=\"7038\" data-end=\"7133\">\n<p data-start=\"7041\" data-end=\"7133\"><strong data-start=\"7041\" data-end=\"7052\">H\u00e4vitt\u00e4minen:<\/strong> K\u00e4sittele t\u00e4hteet ohjeiden mukaisesti <strong data-start=\"7082\" data-end=\"7130\">paikalliset ohjeet kemikaalij\u00e4tteen k\u00e4sittelyyn<\/strong>.<\/p>\n<\/li>\n<\/ol>\n<hr data-start=\"7135\" data-end=\"7138\" \/>\n<h3 data-start=\"7140\" data-end=\"7174\"><strong data-start=\"7144\" data-end=\"7174\">Turvallisuus ja vaatimustenmukaisuus<\/strong><\/h3>\n<ul data-start=\"7176\" data-end=\"7541\">\n<li data-start=\"7176\" data-end=\"7271\">\n<p data-start=\"7178\" data-end=\"7271\"><strong data-start=\"7178\" data-end=\"7214\">Vain laboratoriok\u00e4ytt\u00f6\u00f6n:<\/strong> Ei sovellu ihmisten tai el\u00e4inten ravinnoksi.<\/p>\n<\/li>\n<li data-start=\"7272\" data-end=\"7347\">\n<p data-start=\"7274\" data-end=\"7347\"><strong data-start=\"7274\" data-end=\"7299\">K\u00e4sittele varoen:<\/strong> V\u00e4lt\u00e4 kosketusta ihoon, silmiin ja hengitysteihin.<\/p>\n<\/li>\n<li data-start=\"7348\" data-end=\"7450\">\n<p data-start=\"7350\" data-end=\"7450\"><strong data-start=\"7350\" data-end=\"7366\">S\u00e4\u00e4nn\u00f6kset:<\/strong> Tarkista aina <strong data-start=\"7388\" data-end=\"7408\">paikallinen lains\u00e4\u00e4d\u00e4nt\u00f6<\/strong> NEPin k\u00e4yt\u00f6st\u00e4.<\/p>\n<\/li>\n<li data-start=\"7451\" data-end=\"7541\">\n<p data-start=\"7453\" data-end=\"7541\"><strong data-start=\"7453\" data-end=\"7470\">Dokumentaatio:<\/strong> A <strong data-start=\"7475\" data-end=\"7511\">k\u00e4ytt\u00f6turvallisuustiedote (MSDS)<\/strong> on saatavilla pyynn\u00f6st\u00e4.<\/p>\n<\/li>\n<\/ul>\n<hr data-start=\"7543\" data-end=\"7546\" \/>\n<h3 data-start=\"7548\" data-end=\"7583\"><strong data-start=\"7552\" data-end=\"7583\">Usein kysytyt kysymykset (UKK)<\/strong><\/h3>\n<p data-start=\"7585\" data-end=\"7734\"><strong data-start=\"7585\" data-end=\"7620\">1. Mihin NEPi\u00e4 k\u00e4ytet\u00e4\u00e4n?<\/strong><br data-start=\"7620\" data-end=\"7623\" \/>NEP:i\u00e4 k\u00e4ytet\u00e4\u00e4n vain <strong data-start=\"7658\" data-end=\"7691\">viite- ja tutkimusmateriaali<\/strong> analyyttisiss\u00e4 ja rikosteknisiss\u00e4 laboratorioissa.<\/p>\n<p data-start=\"7736\" data-end=\"7907\"><strong data-start=\"7736\" data-end=\"7786\">2. Sopiiko NEP ihmisravinnoksi?<\/strong><br data-start=\"7786\" data-end=\"7789\" \/>Ei. T\u00e4m\u00e4 tuote on <strong data-start=\"7809\" data-end=\"7866\">ei sovellu ihmis- tai el\u00e4inravinnoksi<\/strong> ja tarkoitettu ainoastaan tutkimustarkoituksiin.<\/p>\n<p data-start=\"7909\" data-end=\"8045\"><strong data-start=\"7909\" data-end=\"7947\">3. Miten NEP tulisi s\u00e4ilytt\u00e4\u00e4?<\/strong><br data-start=\"7947\" data-end=\"7950\" \/>Tallenna kohteeseen <strong data-start=\"7964\" data-end=\"8000\">viile\u00e4, kuiva ja pime\u00e4 ymp\u00e4rist\u00f6<\/strong>mieluiten kemikaalien s\u00e4ilytyskaapissa.<\/p>\n<p><a href=\"https:\/\/researchchemicalhub.com\/fi\/kauppa\/lysergamidit\/1v-lsd-150-mcg-blotters\/\">1V-LSD 150 MCG -n\u00e4ytteenotot <\/a><a href=\"https:\/\/researchchemicalhub.com\/fi\/kauppa\/katinonit\/osta-2-cmcta\/\">2-CMC 250 mg -pelletti\u00e4 <\/a><a href=\"https:\/\/researchchemicalhub.com\/fi\/kauppa\/melkein-kielletty\/6-cl-adbaa\/\">6-CL-ADBA <\/a><a href=\"https:\/\/researchchemicalhub.com\/fi\/kauppa\/melkein-kielletty\/vaaleanpunaiset-tahtipelletit-5-mapb-70mg-2-fma-20mg-5-meomipt-2mg\/\">Pink Star -pelletit 5-MAPB 70 mg \/ 2-FMA 20 mg \/ 5-MeO-MiPT 2 mg <\/a><a href=\"https:\/\/researchchemicalhub.com\/fi\/kauppa\/melkein-kielletty\/4f-mph-25-mg-pellets\/\">4F-MPH 25 MG -pelletit<\/a><\/p>","protected":false},"excerpt":{"rendered":"<h2>V\u00c4\u00c4RENN\u00d6S<b>\u00a0<\/b>kiinteist\u00f6t<\/h2>\n<p><strong>Synonyymi: <\/strong>N-etyylipentedroni (\u03b1-etyyliaminopentiofenoni, \u03b1-EAPP, \u03b1-etyyliaminovalerofenoni, N-etyylinorpentedroni)<strong><br \/>\nCAS-numero<\/strong>: 779974-89-9<br \/>\n<strong>Kaava<\/strong>: <span title=\"Hiili\">C<\/span><sub>13<\/sub><span title=\"Vety\">H<\/span><sub>19<\/sub><span title=\"Typpi\">N<\/span><span title=\"Happi\">O<\/span><br \/>\n<strong>Moolimassa<\/strong>205,301 g\/mol<br \/>\n<strong>Puhtaus<\/strong>: \u226598%<\/p>","protected":false},"featured_media":28570,"comment_status":"closed","ping_status":"closed","template":"","meta":[],"product_brand":[],"product_cat":[322,79,334],"product_tag":[604,654,1106,1107,609,597,326],"class_list":{"0":"post-23824","1":"product","2":"type-product","3":"status-publish","4":"has-post-thumbnail","6":"product_cat-bijna-verboden","7":"product_cat-cathinonen","8":"product_cat-nep","9":"product_tag-n-ethyl-pentedrone","10":"product_tag-n-ethylpentedrone","11":"product_tag-nep","12":"product_tag-nep-kopen","13":"product_tag-nep-research-chemical","14":"product_tag-nep-snuiven","15":"product_tag-nl","17":"first","18":"instock","19":"taxable","20":"shipping-taxable","21":"purchasable","22":"product-type-variable"},"_links":{"self":[{"href":"https:\/\/researchchemicalhub.com\/fi\/wp-json\/wp\/v2\/product\/23824","targetHints":{"allow":["GET"]}}],"collection":[{"href":"https:\/\/researchchemicalhub.com\/fi\/wp-json\/wp\/v2\/product"}],"about":[{"href":"https:\/\/researchchemicalhub.com\/fi\/wp-json\/wp\/v2\/types\/product"}],"replies":[{"embeddable":true,"href":"https:\/\/researchchemicalhub.com\/fi\/wp-json\/wp\/v2\/comments?post=23824"}],"version-history":[{"count":5,"href":"https:\/\/researchchemicalhub.com\/fi\/wp-json\/wp\/v2\/product\/23824\/revisions"}],"predecessor-version":[{"id":27947,"href":"https:\/\/researchchemicalhub.com\/fi\/wp-json\/wp\/v2\/product\/23824\/revisions\/27947"}],"wp:featuredmedia":[{"embeddable":true,"href":"https:\/\/researchchemicalhub.com\/fi\/wp-json\/wp\/v2\/media\/28570"}],"wp:attachment":[{"href":"https:\/\/researchchemicalhub.com\/fi\/wp-json\/wp\/v2\/media?parent=23824"}],"wp:term":[{"taxonomy":"product_brand","embeddable":true,"href":"https:\/\/researchchemicalhub.com\/fi\/wp-json\/wp\/v2\/product_brand?post=23824"},{"taxonomy":"product_cat","embeddable":true,"href":"https:\/\/researchchemicalhub.com\/fi\/wp-json\/wp\/v2\/product_cat?post=23824"},{"taxonomy":"product_tag","embeddable":true,"href":"https:\/\/researchchemicalhub.com\/fi\/wp-json\/wp\/v2\/product_tag?post=23824"}],"curies":[{"name":"wp","href":"https:\/\/api.w.org\/{rel}","templated":true}]}}