{"id":23801,"date":"2025-04-13T17:40:27","date_gmt":"2025-04-13T17:40:27","guid":{"rendered":"https:\/\/researchchemicalhub.com\/?post_type=product&#038;p=23801"},"modified":"2025-10-30T08:17:31","modified_gmt":"2025-10-30T08:17:31","slug":"4fmar","status":"publish","type":"product","link":"https:\/\/researchchemicalhub.com\/fi\/shop\/aminorex\/4fmar\/","title":{"rendered":"4F-MAR (4-fluori-4-metyyliaminoreksi)"},"content":{"rendered":"<p data-start=\"4818\" data-end=\"5118\"><strong data-start=\"4818\" data-end=\"4856\">4F-MAR (4-fluori-4-metyyliaminoreksi)<\/strong> on <strong data-start=\"4864\" data-end=\"4897\">synteettinen aminoreksijohdannainen<\/strong> joka kuuluu <strong data-start=\"4917\" data-end=\"4937\">oksatsoliiniluokka<\/strong>Sit\u00e4 k\u00e4ytet\u00e4\u00e4n <strong data-start=\"4962\" data-end=\"4985\">viitemateriaali<\/strong> analyyttisiss\u00e4 ja rikosteknisiss\u00e4 laboratorioissa tutkimaan samankaltaisten yhdisteiden kemiallista rakennetta ja ominaisuuksia. 4FMAR<\/p>\n<p data-start=\"5120\" data-end=\"5377\">T\u00e4m\u00e4 tuote on <strong data-start=\"5135\" data-end=\"5190\">tarkoitettu yksinomaan tieteelliseen tutkimukseen<\/strong> ja <strong data-start=\"5194\" data-end=\"5251\">ei sovellu ihmis- tai el\u00e4inravinnoksi<\/strong>4F-MAR-tutkimus edist\u00e4\u00e4 oikeustoksikologian havaitsemis- ja analyysimenetelmien kehitt\u00e4mist\u00e4.<\/p>\n<hr data-start=\"5379\" data-end=\"5382\" \/>\n<h3 data-start=\"5384\" data-end=\"5415\"><strong data-start=\"5388\" data-end=\"5415\">T\u00e4rkeimm\u00e4t ominaisuudet<\/strong><\/h3>\n<ul data-start=\"5417\" data-end=\"5939\">\n<li data-start=\"5417\" data-end=\"5519\">\n<p data-start=\"5419\" data-end=\"5519\"><strong data-start=\"5419\" data-end=\"5439\">Korkea puhtaus:<\/strong> Valmistettu valvotuissa olosuhteissa luotettavien tulosten saavuttamiseksi.<\/p>\n<\/li>\n<li data-start=\"5520\" data-end=\"5629\">\n<p data-start=\"5522\" data-end=\"5629\"><strong data-start=\"5522\" data-end=\"5561\">Sertifioitu vertailumateriaali:<\/strong> Toimitetaan <strong data-start=\"5575\" data-end=\"5603\">analyysitodistus (COA)<\/strong> ja puhtaustiedot.<\/p>\n<\/li>\n<li data-start=\"5630\" data-end=\"5734\">\n<p data-start=\"5632\" data-end=\"5734\"><strong data-start=\"5632\" data-end=\"5658\">Oikeusl\u00e4\u00e4ketieteellisesti sovellettavissa:<\/strong> Soveltuu kemialliseen profilointiin ja toksikologiseen vertailututkimukseen. 4FMAR<\/p>\n<\/li>\n<li data-start=\"5735\" data-end=\"5837\">\n<p data-start=\"5737\" data-end=\"5837\"><strong data-start=\"5737\" data-end=\"5774\">Yhteensopiva analyysilaitteiden kanssa:<\/strong> Sopii k\u00e4ytett\u00e4v\u00e4ksi seuraavien kanssa: <strong data-start=\"5801\" data-end=\"5810\">GC-MS<\/strong>, <strong data-start=\"5812\" data-end=\"5821\">LC-MS<\/strong>, ja <strong data-start=\"5826\" data-end=\"5834\">HPLC-analyysi<\/strong>.<\/p>\n<\/li>\n<li data-start=\"5838\" data-end=\"5939\">\n<p data-start=\"5840\" data-end=\"5939\"><strong data-start=\"5840\" data-end=\"5860\">Vakaa tuote:<\/strong> Suunniteltu pitk\u00e4aikaiseen s\u00e4ilytykseen normaaleissa laboratorio-olosuhteissa.<\/p>\n<\/li>\n<\/ul>\n<hr data-start=\"5941\" data-end=\"5944\" \/>\n<h3 data-start=\"5946\" data-end=\"5963\"><strong data-start=\"5950\" data-end=\"5963\">Edut<\/strong><\/h3>\n<ul data-start=\"5965\" data-end=\"6483\">\n<li data-start=\"5965\" data-end=\"6078\">\n<p data-start=\"5967\" data-end=\"6078\"><strong data-start=\"5967\" data-end=\"6003\">Tukee rikosteknist\u00e4 analyysi\u00e4:<\/strong> Auttaa tunnistamaan aminoreksi-analogeja tutkimusn\u00e4ytteist\u00e4.<\/p>\n<\/li>\n<li data-start=\"6079\" data-end=\"6182\">\n<p data-start=\"6081\" data-end=\"6182\"><strong data-start=\"6081\" data-end=\"6121\">Lis\u00e4\u00e4 analyyttist\u00e4 tarkkuutta:<\/strong> Tarjoaa luotettavan vertailukohdan laboratoriokalibrointiin.<\/p>\n<\/li>\n<li data-start=\"6183\" data-end=\"6284\">\n<p data-start=\"6185\" data-end=\"6284\"><strong data-start=\"6185\" data-end=\"6218\">Tieteellinen merkitys:<\/strong> Soveltuu kemiallisiin, rakenteellisiin ja toksikologisiin tutkimuksiin.<\/p>\n<\/li>\n<li data-start=\"6285\" data-end=\"6383\">\n<p data-start=\"6287\" data-end=\"6383\"><strong data-start=\"6287\" data-end=\"6320\">T\u00e4ytt\u00e4\u00e4 laatustandardit:<\/strong> Valmistettu kansainv\u00e4listen laboratorio-ohjeiden mukaisesti.<\/p>\n<\/li>\n<li data-start=\"6384\" data-end=\"6483\">\n<p data-start=\"6386\" data-end=\"6483\"><strong data-start=\"6386\" data-end=\"6417\">Laaja tutkimuskelpoisuus:<\/strong> K\u00e4ytet\u00e4\u00e4n toksikologisessa ja analyyttisess\u00e4 koulutuksessa ja tutkimuksessa.<\/p>\n<\/li>\n<\/ul>\n<hr data-start=\"6485\" data-end=\"6488\" \/>\n<h3 data-start=\"6490\" data-end=\"6551\"><strong data-start=\"6494\" data-end=\"6551\">K\u00e4ytt\u00f6ohjeet (vain tutkimustarkoituksiin)<\/strong><\/h3>\n<ol data-start=\"6553\" data-end=\"6940\">\n<li data-start=\"6553\" data-end=\"6655\">\n<p data-start=\"6556\" data-end=\"6655\"><strong data-start=\"6556\" data-end=\"6570\">K\u00e4sittely:<\/strong> K\u00e4yt\u00e4 ainoastaan akkreditoiduissa laboratorioissa, joissa on asianmukaiset turvavarusteet.<\/p>\n<\/li>\n<li data-start=\"6656\" data-end=\"6746\">\n<p data-start=\"6659\" data-end=\"6746\"><strong data-start=\"6659\" data-end=\"6677\">Valmistelu:<\/strong> Valmistettu validoitujen analyyttisten testausprotokollien mukaisesti.<\/p>\n<\/li>\n<li data-start=\"6747\" data-end=\"6848\">\n<p data-start=\"6750\" data-end=\"6848\"><strong data-start=\"6750\" data-end=\"6761\">S\u00e4ilytys:<\/strong> S\u00e4ilyt\u00e4 viile\u00e4ss\u00e4, kuivassa ja pime\u00e4ss\u00e4 paikassa, tiiviisti suljettuna kemikaaleja kest\u00e4v\u00e4ss\u00e4 astiassa.<\/p>\n<\/li>\n<li data-start=\"6849\" data-end=\"6940\">\n<p data-start=\"6852\" data-end=\"6940\"><strong data-start=\"6852\" data-end=\"6863\">H\u00e4vitt\u00e4minen:<\/strong> H\u00e4vit\u00e4 j\u00e4\u00e4nn\u00f6kset paikallisten kemikaalij\u00e4tteen k\u00e4sittely\u00e4 koskevien ohjeiden mukaisesti.<\/p>\n<\/li>\n<\/ol>\n<hr data-start=\"6942\" data-end=\"6945\" \/>\n<h3 data-start=\"6947\" data-end=\"6981\"><strong data-start=\"6951\" data-end=\"6981\">Turvallisuus ja vaatimustenmukaisuus<\/strong><\/h3>\n<ul data-start=\"6983\" data-end=\"7382\">\n<li data-start=\"6983\" data-end=\"7077\">\n<p data-start=\"6985\" data-end=\"7077\"><strong data-start=\"6985\" data-end=\"7021\">Vain laboratoriok\u00e4ytt\u00f6\u00f6n:<\/strong> Ei tarkoitettu ihmisten tai el\u00e4inten ravinnoksi.<\/p>\n<\/li>\n<li data-start=\"7078\" data-end=\"7200\">\n<p data-start=\"7080\" data-end=\"7200\"><strong data-start=\"7080\" data-end=\"7108\">Oikeudelliset n\u00e4k\u00f6kohdat:<\/strong> Tarkista aina paikalliset lait 4F-MAR:n hallussapidosta ja k\u00e4yt\u00f6st\u00e4.<\/p>\n<\/li>\n<li data-start=\"7201\" data-end=\"7257\">\n<p data-start=\"7203\" data-end=\"7257\"><strong data-start=\"7203\" data-end=\"7221\">Turvallinen ty\u00f6skentely:<\/strong> V\u00e4lt\u00e4 hengitt\u00e4mist\u00e4 ja ihokosketusta.<\/p>\n<\/li>\n<li data-start=\"7258\" data-end=\"7382\">\n<p data-start=\"7260\" data-end=\"7382\"><strong data-start=\"7260\" data-end=\"7277\">Dokumentaatio:<\/strong> A <strong data-start=\"7282\" data-end=\"7318\">k\u00e4ytt\u00f6turvallisuustiedote (MSDS)<\/strong> ja <strong data-start=\"7322\" data-end=\"7350\">analyysitodistus (COA)<\/strong> ovat saatavilla pyynn\u00f6st\u00e4.<\/p>\n<\/li>\n<\/ul>\n<hr data-start=\"7384\" data-end=\"7387\" \/>\n<h3 data-start=\"7389\" data-end=\"7424\"><strong data-start=\"7393\" data-end=\"7424\">Usein kysytyt kysymykset (UKK)<\/strong><\/h3>\n<p data-start=\"7426\" data-end=\"7579\"><strong data-start=\"7426\" data-end=\"7464\">1. Mihin 4F-MAR:ia k\u00e4ytet\u00e4\u00e4n?<\/strong><br data-start=\"7464\" data-end=\"7467\" \/>4F-MAR:ia k\u00e4ytet\u00e4\u00e4n <strong data-start=\"7493\" data-end=\"7511\">vertailuaine<\/strong> aminoreksi-analogien analyyttisiin ja rikosteknisiin tutkimuksiin.<\/p>\n<p data-start=\"7581\" data-end=\"7755\"><strong data-start=\"7581\" data-end=\"7632\">2. Onko 4F-MAR turvallinen ihmisravinnoksi?<\/strong><br data-start=\"7632\" data-end=\"7635\" \/>Ei. T\u00e4m\u00e4 tuote on <strong data-start=\"7655\" data-end=\"7693\">tarkoitettu vain tutkimustarkoituksiin<\/strong> ja <strong data-start=\"7697\" data-end=\"7754\">ei sovellu ihmis- tai el\u00e4inravinnoksi<\/strong>.<\/p>\n<p data-start=\"7757\" data-end=\"7871\"><strong data-start=\"7757\" data-end=\"7798\">3. Miten 4F-MAR tulisi s\u00e4ilytt\u00e4\u00e4?<\/strong><br data-start=\"7798\" data-end=\"7801\" \/>S\u00e4ilyt\u00e4 viile\u00e4ss\u00e4, pime\u00e4ss\u00e4 paikassa, tiiviisti suljettuna, luvattomien henkil\u00f6iden ulottumattomissa.<\/p>\n<p><em>.<a href=\"https:\/\/researchchemicalhub.com\/fi\/shop\/iboga-ibogaine\/iboga-root-bark\/\">iboga-juuren kuori<\/a> <a href=\"https:\/\/researchchemicalhub.com\/fi\/shop\/iboga-ibogaine\/buy-ibogaine-hcl-online\/\">osta ibogaiinihydrokloridia netist\u00e4<\/a> <a href=\"https:\/\/researchchemicalhub.com\/fi\/shop\/lysergamides\/1cp-lsd\/\">1 kpl lsd<\/a> <a href=\"https:\/\/researchchemicalhub.com\/fi\/shop\/pellets\/o-dsmt-50mg-pellets\/\">o-dsmt<\/a> <a href=\"https:\/\/researchchemicalhub.com\/fi\/shop\/lysergamides\/1vlsd\/\">1vlsd<\/a>\u00a0<\/em><\/p>","protected":false},"excerpt":{"rendered":"<h2>4F-MAR \/ <b>4\u2032-fluori-4-metyyliaminoreksi \/ 4-FPO<\/b> kiinteist\u00f6t<\/h2>\n<p><strong>CAS-numero<\/strong>: 1364933-64-1<br \/>\n<strong>Kaava<\/strong>: <span title=\"Hiili\">C<\/span><sub>10<\/sub><span title=\"Vety\">H<\/span><sub>11<\/sub><span title=\"Fluori\">F<\/span><span title=\"Typpi\">N<\/span><sub>2<\/sub><span title=\"Happi\">O<\/span><br \/>\n<strong>Moolimassa<\/strong>: <span class=\"nowrap\">194.209<\/span> g mol-1<br \/>\n<strong>Puhtaus<\/strong>: \u226598%<\/p>","protected":false},"featured_media":28437,"comment_status":"closed","ping_status":"closed","template":"","meta":[],"product_brand":[],"product_cat":[552],"product_tag":[776,1110,326],"class_list":{"0":"post-23801","1":"product","2":"type-product","3":"status-publish","4":"has-post-thumbnail","6":"product_cat-aminorex","7":"product_tag-4fma","8":"product_tag-4fmar-kopen","9":"product_tag-nl","11":"first","12":"instock","13":"taxable","14":"shipping-taxable","15":"purchasable","16":"product-type-variable"},"_links":{"self":[{"href":"https:\/\/researchchemicalhub.com\/fi\/wp-json\/wp\/v2\/product\/23801","targetHints":{"allow":["GET"]}}],"collection":[{"href":"https:\/\/researchchemicalhub.com\/fi\/wp-json\/wp\/v2\/product"}],"about":[{"href":"https:\/\/researchchemicalhub.com\/fi\/wp-json\/wp\/v2\/types\/product"}],"replies":[{"embeddable":true,"href":"https:\/\/researchchemicalhub.com\/fi\/wp-json\/wp\/v2\/comments?post=23801"}],"version-history":[{"count":6,"href":"https:\/\/researchchemicalhub.com\/fi\/wp-json\/wp\/v2\/product\/23801\/revisions"}],"predecessor-version":[{"id":27951,"href":"https:\/\/researchchemicalhub.com\/fi\/wp-json\/wp\/v2\/product\/23801\/revisions\/27951"}],"wp:featuredmedia":[{"embeddable":true,"href":"https:\/\/researchchemicalhub.com\/fi\/wp-json\/wp\/v2\/media\/28437"}],"wp:attachment":[{"href":"https:\/\/researchchemicalhub.com\/fi\/wp-json\/wp\/v2\/media?parent=23801"}],"wp:term":[{"taxonomy":"product_brand","embeddable":true,"href":"https:\/\/researchchemicalhub.com\/fi\/wp-json\/wp\/v2\/product_brand?post=23801"},{"taxonomy":"product_cat","embeddable":true,"href":"https:\/\/researchchemicalhub.com\/fi\/wp-json\/wp\/v2\/product_cat?post=23801"},{"taxonomy":"product_tag","embeddable":true,"href":"https:\/\/researchchemicalhub.com\/fi\/wp-json\/wp\/v2\/product_tag?post=23801"}],"curies":[{"name":"wp","href":"https:\/\/api.w.org\/{rel}","templated":true}]}}