{"id":23796,"date":"2025-04-13T17:40:27","date_gmt":"2025-04-13T17:40:27","guid":{"rendered":"https:\/\/researchchemicalhub.com\/?post_type=product&#038;p=23796"},"modified":"2025-10-30T08:16:06","modified_gmt":"2025-10-30T08:16:06","slug":"pyrazolam-3-mg-pellets","status":"publish","type":"product","link":"https:\/\/researchchemicalhub.com\/fi\/shop\/benzodiazepinen\/pyrazolam-3-mg-pellets\/","title":{"rendered":"Pyratsolaami 3 mg pellettej\u00e4"},"content":{"rendered":"<p data-start=\"4849\" data-end=\"5106\"><strong data-start=\"4849\" data-end=\"4862\">Pyratsolaami<\/strong> on <strong data-start=\"4870\" data-end=\"4897\">bentsodiatsepiinijohdannainen<\/strong> jota k\u00e4ytet\u00e4\u00e4n <strong data-start=\"4922\" data-end=\"4978\">tieteellinen, analyyttinen ja rikostekninen tutkimus<\/strong>Pellettimuodossa se toimii mm. <strong data-start=\"5012\" data-end=\"5051\">tarkasti mitattu vertailuaine<\/strong> laboratoriokalibrointiin ja yhdisteiden tunnistamiseen. pyratsolaami<\/p>\n<p data-start=\"5108\" data-end=\"5428\">The <strong data-start=\"5111\" data-end=\"5137\">Pyratsolaami 3 mg pellettej\u00e4<\/strong> on tarkoitettu yksinomaan <strong data-start=\"5168\" data-end=\"5209\">tutkimus- ja analyyttiset sovellukset<\/strong>Ne ovat <strong data-start=\"5219\" data-end=\"5276\">ei sovellu ihmis- tai el\u00e4inravinnoksi<\/strong>Laboratoriot k\u00e4ytt\u00e4v\u00e4t n\u00e4it\u00e4 pellettej\u00e4 bentsodiatsepiinianalogien tutkimiseen, havaitsemismenetelmien kehitt\u00e4miseen ja toksikologisten analyysien suorittamiseen.<\/p>\n<hr data-start=\"5430\" data-end=\"5433\" \/>\n<h3 data-start=\"5435\" data-end=\"5466\"><strong data-start=\"5439\" data-end=\"5466\">T\u00e4rkeimm\u00e4t ominaisuudet<\/strong><\/h3>\n<ul data-start=\"5468\" data-end=\"5962\">\n<li data-start=\"5468\" data-end=\"5569\">\n<p data-start=\"5470\" data-end=\"5569\"><strong data-start=\"5470\" data-end=\"5495\">Tarkka annostus:<\/strong> Jokainen pelletti sis\u00e4lt\u00e4\u00e4 3 mg pyratsolaamia johdonmukaisten tutkimustulosten saavuttamiseksi.<\/p>\n<\/li>\n<li data-start=\"5570\" data-end=\"5663\">\n<p data-start=\"5572\" data-end=\"5663\"><strong data-start=\"5572\" data-end=\"5592\">Korkea puhtaus:<\/strong> Valmistettu tiukan laadunvalvonnan alaisena luotettavien tietojen takaamiseksi.<\/p>\n<\/li>\n<li data-start=\"5664\" data-end=\"5763\">\n<p data-start=\"5666\" data-end=\"5763\"><strong data-start=\"5666\" data-end=\"5690\">Viitestandardi:<\/strong> Soveltuu analyyttisiin, toksikologisiin ja rikosteknisiin sovelluksiin.<\/p>\n<\/li>\n<li data-start=\"5764\" data-end=\"5868\">\n<p data-start=\"5766\" data-end=\"5868\"><strong data-start=\"5766\" data-end=\"5790\">Vakaa pelletin muoto:<\/strong> Helppo varastoida, kuljettaa ja k\u00e4sitell\u00e4 laadun k\u00e4rsim\u00e4tt\u00e4.<\/p>\n<\/li>\n<li data-start=\"5869\" data-end=\"5962\">\n<p data-start=\"5871\" data-end=\"5962\"><strong data-start=\"5871\" data-end=\"5888\">Dokumentaatio:<\/strong> Mukana toimitetaan <strong data-start=\"5906\" data-end=\"5934\">analyysitodistus (COA)<\/strong> ja puhtausjulistus.<\/p>\n<\/li>\n<\/ul>\n<hr data-start=\"5964\" data-end=\"5967\" \/>\n<h3 data-start=\"5969\" data-end=\"5986\"><strong data-start=\"5973\" data-end=\"5986\">Edut<\/strong><\/h3>\n<ul data-start=\"5988\" data-end=\"6467\">\n<li data-start=\"5988\" data-end=\"6105\">\n<p data-start=\"5990\" data-end=\"6105\"><strong data-start=\"5990\" data-end=\"6026\">Parempi analyyttitarkkuus:<\/strong> Tukee kromatografisten ja spektrometristen laitteiden kalibrointia.<\/p>\n<\/li>\n<li data-start=\"6106\" data-end=\"6203\">\n<p data-start=\"6108\" data-end=\"6203\"><strong data-start=\"6108\" data-end=\"6134\">Oikeusl\u00e4\u00e4ketieteellisesti sovellettavissa:<\/strong> K\u00e4ytet\u00e4\u00e4n bentsodiatsepiinien havaitsemiseen oikeusl\u00e4\u00e4ketieteellisiss\u00e4 tutkimuksissa.<\/p>\n<\/li>\n<li data-start=\"6204\" data-end=\"6292\">\n<p data-start=\"6206\" data-end=\"6292\"><strong data-start=\"6206\" data-end=\"6228\">Koulutusarvo:<\/strong> Sopii kemian ja toksikologian koulutusohjelmiin.<\/p>\n<\/li>\n<li data-start=\"6293\" data-end=\"6376\">\n<p data-start=\"6295\" data-end=\"6376\"><strong data-start=\"6295\" data-end=\"6326\">Toistettavat tulokset:<\/strong> Pellettimuoto minimoi testien v\u00e4lisen vaihtelun.<\/p>\n<\/li>\n<li data-start=\"6377\" data-end=\"6467\">\n<p data-start=\"6379\" data-end=\"6467\"><strong data-start=\"6379\" data-end=\"6410\">Turvallinen laboratoriok\u00e4ytt\u00f6:<\/strong> Valmistettu kansainv\u00e4listen turvallisuusstandardien mukaisesti.<\/p>\n<\/li>\n<\/ul>\n<hr data-start=\"6469\" data-end=\"6472\" \/>\n<h3 data-start=\"6474\" data-end=\"6535\"><strong data-start=\"6478\" data-end=\"6535\">K\u00e4ytt\u00f6ohjeet (vain tutkimustarkoituksiin)<\/strong><\/h3>\n<ol data-start=\"6537\" data-end=\"6883\">\n<li data-start=\"6537\" data-end=\"6639\">\n<p data-start=\"6540\" data-end=\"6639\"><strong data-start=\"6540\" data-end=\"6558\">Valmistelu:<\/strong> K\u00e4yt\u00e4 ainoastaan akkreditoiduissa laboratorioissa asianmukaisten suojavarusteiden kanssa.<\/p>\n<\/li>\n<li data-start=\"6640\" data-end=\"6732\">\n<p data-start=\"6643\" data-end=\"6732\"><strong data-start=\"6643\" data-end=\"6658\">Sovellus:<\/strong> K\u00e4yt\u00e4 validoitujen analyyttisten tai kromatografisten menetelmien mukaisesti.<\/p>\n<\/li>\n<li data-start=\"6733\" data-end=\"6796\">\n<p data-start=\"6736\" data-end=\"6796\"><strong data-start=\"6736\" data-end=\"6747\">S\u00e4ilytys:<\/strong> S\u00e4ilyt\u00e4 viile\u00e4ss\u00e4, kuivassa ja pime\u00e4ss\u00e4 paikassa, hyvin suljettuna.<\/p>\n<\/li>\n<li data-start=\"6797\" data-end=\"6883\">\n<p data-start=\"6800\" data-end=\"6883\"><strong data-start=\"6800\" data-end=\"6811\">H\u00e4vitt\u00e4minen:<\/strong> H\u00e4vit\u00e4 j\u00e4\u00e4nn\u00f6kset paikallisten kemiallisten j\u00e4tteiden m\u00e4\u00e4r\u00e4ysten mukaisesti.<\/p>\n<\/li>\n<\/ol>\n<hr data-start=\"6885\" data-end=\"6888\" \/>\n<h3 data-start=\"6890\" data-end=\"6924\"><strong data-start=\"6894\" data-end=\"6924\">Turvallisuus ja vaatimustenmukaisuus<\/strong><\/h3>\n<ul data-start=\"6926\" data-end=\"7348\">\n<li data-start=\"6926\" data-end=\"7022\">\n<p data-start=\"6928\" data-end=\"7022\"><strong data-start=\"6928\" data-end=\"6966\">Vain laboratoriotutkimukseen:<\/strong> Ei tarkoitettu ihmisten tai el\u00e4inten ravinnoksi.<\/p>\n<\/li>\n<li data-start=\"7023\" data-end=\"7150\">\n<p data-start=\"7025\" data-end=\"7150\"><strong data-start=\"7025\" data-end=\"7053\">Oikeudelliset n\u00e4k\u00f6kohdat:<\/strong> Pyratsolaamin oikeudellinen asema vaihtelee maittain. Tarkista aina paikalliset m\u00e4\u00e4r\u00e4ykset.<\/p>\n<\/li>\n<li data-start=\"7151\" data-end=\"7257\">\n<p data-start=\"7153\" data-end=\"7257\"><strong data-start=\"7153\" data-end=\"7181\">Terveys ja turvallisuus:<\/strong> V\u00e4lt\u00e4 hengitt\u00e4mist\u00e4 ja ihokosketusta. K\u00e4yt\u00e4 asiantuntijan valvonnassa.<\/p>\n<\/li>\n<li data-start=\"7258\" data-end=\"7348\">\n<p data-start=\"7260\" data-end=\"7348\"><strong data-start=\"7260\" data-end=\"7277\">Dokumentaatio:<\/strong> A <strong data-start=\"7282\" data-end=\"7318\">k\u00e4ytt\u00f6turvallisuustiedote (MSDS)<\/strong> on saatavilla pyynn\u00f6st\u00e4.<\/p>\n<\/li>\n<\/ul>\n<hr data-start=\"7350\" data-end=\"7353\" \/>\n<h3 data-start=\"7355\" data-end=\"7390\"><strong data-start=\"7359\" data-end=\"7390\">Usein kysytyt kysymykset (UKK)<\/strong><\/h3>\n<p data-start=\"7392\" data-end=\"7554\"><strong data-start=\"7392\" data-end=\"7447\">1. Mihin Pyrazolam 3 mg -pellettej\u00e4 k\u00e4ytet\u00e4\u00e4n?<\/strong><br data-start=\"7447\" data-end=\"7450\" \/>Niit\u00e4 k\u00e4ytet\u00e4\u00e4n mm. <strong data-start=\"7473\" data-end=\"7496\">vertailustandardi<\/strong> analyyttist\u00e4, rikosteknist\u00e4 ja toksikologista tutkimusta varten.<\/p>\n<p data-start=\"7556\" data-end=\"7735\"><strong data-start=\"7556\" data-end=\"7616\">2. Ovatko n\u00e4m\u00e4 pelletit tarkoitettu ihmisravinnoksi?<\/strong><br data-start=\"7616\" data-end=\"7619\" \/>Ei. N\u00e4m\u00e4 pelletit ovat <strong data-start=\"7642\" data-end=\"7684\">vain laboratoriotutkimuksiin<\/strong> ja <strong data-start=\"7688\" data-end=\"7732\">ei hyv\u00e4ksytty l\u00e4\u00e4kinn\u00e4lliseen k\u00e4ytt\u00f6\u00f6n<\/strong>.<\/p>\n<p data-start=\"7737\" data-end=\"7893\"><strong data-start=\"7737\" data-end=\"7796\">3. Miten Pyrazolam 3 mg -pellettej\u00e4 tulee s\u00e4ilytt\u00e4\u00e4?<\/strong><br data-start=\"7796\" data-end=\"7799\" \/>S\u00e4ilyt\u00e4 viile\u00e4ss\u00e4, kuivassa ja pime\u00e4ss\u00e4 paikassa tiiviisti suljetussa astiassa, poissa luvattomien henkil\u00f6iden ulottuvilta.<\/p>","protected":false},"excerpt":{"rendered":"<h2><span style=\"vertical-align: inherit;\"><span style=\"vertical-align: inherit;\">Pyrazolam 3 MG pellets properties<\/span><\/span><\/h2>\n<p><strong><span style=\"vertical-align: inherit;\"><span style=\"vertical-align: inherit;\">Synonym<\/span><\/span><\/strong><span style=\"vertical-align: inherit;\"><span style=\"vertical-align: inherit;\"> : <\/span><\/span><i><span style=\"vertical-align: inherit;\"><span style=\"vertical-align: inherit;\">8-bromo-1-methyl-6-(pyridin-2-yl)-4H-[1,2,4]triazolo[4,3-a][1,4]benzodiazepine <\/span><\/span><\/i><br \/>\n<strong><span style=\"vertical-align: inherit;\"><span style=\"vertical-align: inherit;\">CAS Number<\/span><\/span><\/strong><span style=\"vertical-align: inherit;\"><span style=\"vertical-align: inherit;\"> : 39243-02-2 <\/span><\/span><br \/>\n<strong><span style=\"vertical-align: inherit;\"><span style=\"vertical-align: inherit;\">Formula<\/span><\/span><\/strong><span style=\"vertical-align: inherit;\"><span style=\"vertical-align: inherit;\"> : C16H12BrN5 <\/span><\/span><br \/>\n<strong><span style=\"vertical-align: inherit;\"><span style=\"vertical-align: inherit;\">Molar Mass<\/span><\/span><\/strong><span style=\"vertical-align: inherit;\"><span style=\"vertical-align: inherit;\"> : 354.20 <\/span><\/span><br \/>\n<strong><span style=\"vertical-align: inherit;\"><span style=\"vertical-align: inherit;\">Purity<\/span><\/span><\/strong><span style=\"vertical-align: inherit;\"><span style=\"vertical-align: inherit;\"> : \u2265 99%<\/span><\/span><\/p>\n","protected":false},"featured_media":28596,"comment_status":"closed","ping_status":"closed","template":"","meta":[],"product_brand":[82],"product_cat":[76,324,389,395],"product_tag":[326,96,99,98],"class_list":{"0":"post-23796","1":"product","2":"type-product","3":"status-publish","4":"has-post-thumbnail","6":"product_brand-research-chemical","7":"product_cat-benzodiazepinen","8":"product_cat-pellets-for-pellet","9":"product_cat-pyrazolam-kopen","10":"product_cat-pyrazolam-pellets","11":"product_tag-nl","12":"product_tag-pyrazolam","13":"product_tag-pyrazolam-kopen","14":"product_tag-pyrazolam-werking","16":"first","17":"instock","18":"taxable","19":"shipping-taxable","20":"purchasable","21":"product-type-variable"},"_links":{"self":[{"href":"https:\/\/researchchemicalhub.com\/fi\/wp-json\/wp\/v2\/product\/23796","targetHints":{"allow":["GET"]}}],"collection":[{"href":"https:\/\/researchchemicalhub.com\/fi\/wp-json\/wp\/v2\/product"}],"about":[{"href":"https:\/\/researchchemicalhub.com\/fi\/wp-json\/wp\/v2\/types\/product"}],"replies":[{"embeddable":true,"href":"https:\/\/researchchemicalhub.com\/fi\/wp-json\/wp\/v2\/comments?post=23796"}],"version-history":[{"count":5,"href":"https:\/\/researchchemicalhub.com\/fi\/wp-json\/wp\/v2\/product\/23796\/revisions"}],"predecessor-version":[{"id":25518,"href":"https:\/\/researchchemicalhub.com\/fi\/wp-json\/wp\/v2\/product\/23796\/revisions\/25518"}],"wp:featuredmedia":[{"embeddable":true,"href":"https:\/\/researchchemicalhub.com\/fi\/wp-json\/wp\/v2\/media\/28596"}],"wp:attachment":[{"href":"https:\/\/researchchemicalhub.com\/fi\/wp-json\/wp\/v2\/media?parent=23796"}],"wp:term":[{"taxonomy":"product_brand","embeddable":true,"href":"https:\/\/researchchemicalhub.com\/fi\/wp-json\/wp\/v2\/product_brand?post=23796"},{"taxonomy":"product_cat","embeddable":true,"href":"https:\/\/researchchemicalhub.com\/fi\/wp-json\/wp\/v2\/product_cat?post=23796"},{"taxonomy":"product_tag","embeddable":true,"href":"https:\/\/researchchemicalhub.com\/fi\/wp-json\/wp\/v2\/product_tag?post=23796"}],"curies":[{"name":"wp","href":"https:\/\/api.w.org\/{rel}","templated":true}]}}