{"id":23724,"date":"2025-04-13T17:40:18","date_gmt":"2025-04-13T17:40:18","guid":{"rendered":"https:\/\/researchchemicalhub.com\/?post_type=product&#038;p=23724"},"modified":"2025-10-30T08:43:45","modified_gmt":"2025-10-30T08:43:45","slug":"chem-mist-2f-dck-kopen","status":"publish","type":"product","link":"https:\/\/researchchemicalhub.com\/fi\/shop\/2f-dck-kopen\/chem-mist-2f-dck-kopen\/","title":{"rendered":"Kemikaali-sumu 2F-DCK suihke 20%"},"content":{"rendered":"<p data-start=\"5034\" data-end=\"5327\"><strong data-start=\"5034\" data-end=\"5064\">Chem-Mist 2F-DCK -suihke 20%<\/strong> sis\u00e4lt\u00e4\u00e4 <strong data-start=\"5071\" data-end=\"5109\">2-fluoriklooriketamiini (2F-DCK)<\/strong>, yhteys osoitteesta <strong data-start=\"5133\" data-end=\"5163\">aryylisykloheksyyliamiiniluokka<\/strong>.<br data-start=\"5164\" data-end=\"5167\" \/>Sit\u00e4 k\u00e4ytet\u00e4\u00e4n <strong data-start=\"5190\" data-end=\"5208\">vertailuaine<\/strong> sis\u00e4ll\u00e4 <strong data-start=\"5216\" data-end=\"5258\">rikostekniset ja analyyttiset laboratoriot<\/strong> varten <strong data-start=\"5264\" data-end=\"5324\">menetelm\u00e4n validointi, kalibrointi ja yhdisteiden tunnistaminen<\/strong>Osta Chem Mist 2F DCK<\/p>\n<p data-start=\"5329\" data-end=\"5461\">T\u00e4m\u00e4 tuote on <strong data-start=\"5344\" data-end=\"5399\">tarkoitettu yksinomaan tieteelliseen tutkimukseen<\/strong> ja <strong data-start=\"5403\" data-end=\"5460\">ei sovellu ihmis- tai el\u00e4inravinnoksi<\/strong>.<\/p>\n<hr data-start=\"5463\" data-end=\"5466\" \/>\n<h3 data-start=\"5468\" data-end=\"5499\"><strong data-start=\"5472\" data-end=\"5499\">T\u00e4rkeimm\u00e4t ominaisuudet<\/strong><\/h3>\n<ul data-start=\"5501\" data-end=\"5952\">\n<li data-start=\"5501\" data-end=\"5587\">\n<p data-start=\"5503\" data-end=\"5587\"><strong data-start=\"5503\" data-end=\"5523\">Korkea puhtaus:<\/strong> Valmistettu valvotuissa laboratorio-olosuhteissa.<\/p>\n<\/li>\n<li data-start=\"5588\" data-end=\"5664\">\n<p data-start=\"5590\" data-end=\"5664\"><strong data-start=\"5590\" data-end=\"5611\">20%-pitoisuus:<\/strong> Suunniteltu luotettavaa kalibrointia ja havaitsemista varten.<\/p>\n<\/li>\n<li data-start=\"5665\" data-end=\"5770\">\n<p data-start=\"5667\" data-end=\"5770\"><strong data-start=\"5667\" data-end=\"5706\">Sertifioitu vertailumateriaali:<\/strong> Toimitetaan <strong data-start=\"5720\" data-end=\"5748\">analyysitodistus (COA)<\/strong> ja er\u00e4tiedot.<\/p>\n<\/li>\n<li data-start=\"5771\" data-end=\"5871\">\n<p data-start=\"5773\" data-end=\"5871\"><strong data-start=\"5773\" data-end=\"5804\">Analyyttinen Laajasti k\u00e4ytt\u00f6\u00f6notettava:<\/strong> Sopii <strong data-start=\"5819\" data-end=\"5827\">HPLC-analyysi<\/strong>, <strong data-start=\"5829\" data-end=\"5838\">GC-MS<\/strong>, ja <strong data-start=\"5843\" data-end=\"5855\">LC-MS\/MS<\/strong> sovellukset.<\/p>\n<\/li>\n<li data-start=\"5872\" data-end=\"5952\">\n<p data-start=\"5874\" data-end=\"5952\"><strong data-start=\"5874\" data-end=\"5901\">Vakaa suihkekaava:<\/strong> Suunniteltu pitk\u00e4aikaiseen kemialliseen stabiilisuuteen.<\/p>\n<\/li>\n<\/ul>\n<hr data-start=\"5954\" data-end=\"5957\" \/>\n<h3 data-start=\"5959\" data-end=\"5976\"><strong data-start=\"5963\" data-end=\"5976\">Edut<\/strong><\/h3>\n<ul data-start=\"5978\" data-end=\"6429\">\n<li data-start=\"5978\" data-end=\"6060\">\n<p data-start=\"5980\" data-end=\"6060\"><strong data-start=\"5980\" data-end=\"6017\">Tukee rikostutkintaa:<\/strong> Auttaa analyysimenetelmien validoinnissa.<\/p>\n<\/li>\n<li data-start=\"6061\" data-end=\"6150\">\n<p data-start=\"6063\" data-end=\"6150\"><strong data-start=\"6063\" data-end=\"6090\">Luotettava kalibrointi:<\/strong> Varmistaa yhdenmukaiset ja toistettavat mittaustulokset.<\/p>\n<\/li>\n<li data-start=\"6151\" data-end=\"6255\">\n<p data-start=\"6153\" data-end=\"6255\"><strong data-start=\"6153\" data-end=\"6175\">Koulutusarvo:<\/strong> Soveltuu kemiallisen ja toksikologisen analyysin akateemiseen koulutukseen.<\/p>\n<\/li>\n<li data-start=\"6256\" data-end=\"6355\">\n<p data-start=\"6258\" data-end=\"6355\"><strong data-start=\"6258\" data-end=\"6292\">T\u00e4ytt\u00e4\u00e4 turvallisuusstandardit:<\/strong> Valmistettu kansainv\u00e4listen laboratorio-ohjeiden mukaisesti.<\/p>\n<\/li>\n<li data-start=\"6356\" data-end=\"6429\">\n<p data-start=\"6358\" data-end=\"6429\"><strong data-start=\"6358\" data-end=\"6385\">T\u00e4ydellinen dokumentaatio:<\/strong> Toimitetaan k\u00e4ytt\u00f6turvallisuustiedotteen ja analyysitodistusten kanssa.<\/p>\n<\/li>\n<\/ul>\n<hr data-start=\"6431\" data-end=\"6434\" \/>\n<h3 data-start=\"6436\" data-end=\"6497\"><strong data-start=\"6440\" data-end=\"6497\">K\u00e4ytt\u00f6ohjeet (vain tutkimustarkoituksiin)<\/strong><\/h3>\n<ol data-start=\"6499\" data-end=\"6839\">\n<li data-start=\"6499\" data-end=\"6597\">\n<p data-start=\"6502\" data-end=\"6597\"><strong data-start=\"6502\" data-end=\"6516\">K\u00e4sittely:<\/strong> K\u00e4yt\u00e4 ainoastaan akkreditoiduissa laboratorioissa asianmukaisten suojavarusteiden kanssa.<\/p>\n<\/li>\n<li data-start=\"6598\" data-end=\"6681\">\n<p data-start=\"6601\" data-end=\"6681\"><strong data-start=\"6601\" data-end=\"6616\">Sovellus:<\/strong> K\u00e4yt\u00e4 suihketta hyvin ilmastoiduissa tiloissa tai vetokaapissa. Osta Chem Mist 2F DCK.<\/p>\n<\/li>\n<li data-start=\"6682\" data-end=\"6745\">\n<p data-start=\"6685\" data-end=\"6745\"><strong data-start=\"6685\" data-end=\"6696\">S\u00e4ilytys:<\/strong> S\u00e4ilyt\u00e4 viile\u00e4ss\u00e4, kuivassa ja pime\u00e4ss\u00e4 paikassa, hyvin suljettuna.<\/p>\n<\/li>\n<li data-start=\"6746\" data-end=\"6839\">\n<p data-start=\"6749\" data-end=\"6839\"><strong data-start=\"6749\" data-end=\"6760\">H\u00e4vitt\u00e4minen:<\/strong> H\u00e4vit\u00e4 j\u00e4\u00e4nn\u00f6kset paikallisten kemikaalij\u00e4tteen k\u00e4sittely\u00e4 koskevien m\u00e4\u00e4r\u00e4ysten mukaisesti.<\/p>\n<\/li>\n<\/ol>\n<hr data-start=\"6841\" data-end=\"6844\" \/>\n<h3 data-start=\"6846\" data-end=\"6880\"><strong data-start=\"6850\" data-end=\"6880\">Turvallisuus ja vaatimustenmukaisuus<\/strong><\/h3>\n<ul data-start=\"6882\" data-end=\"7320\">\n<li data-start=\"6882\" data-end=\"6977\">\n<p data-start=\"6884\" data-end=\"6977\"><strong data-start=\"6884\" data-end=\"6920\">Vain laboratoriok\u00e4ytt\u00f6\u00f6n:<\/strong> Ei sovellu ihmisten tai el\u00e4inten ravinnoksi.<\/p>\n<\/li>\n<li data-start=\"6978\" data-end=\"7100\">\n<p data-start=\"6980\" data-end=\"7100\"><strong data-start=\"6980\" data-end=\"7008\">Oikeudelliset n\u00e4k\u00f6kohdat:<\/strong> 2F-DCK:n oikeudellinen asema vaihtelee maittain; tarkista aina paikalliset m\u00e4\u00e4r\u00e4ykset.<\/p>\n<\/li>\n<li data-start=\"7101\" data-end=\"7195\">\n<p data-start=\"7103\" data-end=\"7195\"><strong data-start=\"7103\" data-end=\"7131\">Terveys ja turvallisuus:<\/strong> V\u00e4lt\u00e4 kosketusta, hengitt\u00e4mist\u00e4 tai nielemist\u00e4; k\u00e4yt\u00e4 asianmukaisia henkil\u00f6nsuojaimia.<\/p>\n<\/li>\n<li data-start=\"7196\" data-end=\"7320\">\n<p data-start=\"7198\" data-end=\"7320\"><strong data-start=\"7198\" data-end=\"7215\">Dokumentaatio:<\/strong> A <strong data-start=\"7220\" data-end=\"7256\">k\u00e4ytt\u00f6turvallisuustiedote (MSDS)<\/strong> ja <strong data-start=\"7260\" data-end=\"7288\">analyysitodistus (COA)<\/strong> ovat saatavilla pyynn\u00f6st\u00e4.<\/p>\n<\/li>\n<\/ul>\n<hr data-start=\"7322\" data-end=\"7325\" \/>\n<h3 data-start=\"7327\" data-end=\"7362\"><strong data-start=\"7331\" data-end=\"7362\">Usein kysytyt kysymykset (UKK)<\/strong><\/h3>\n<p data-start=\"7364\" data-end=\"7554\"><strong data-start=\"7364\" data-end=\"7422\">1. Mihin Chem-Mist 2F-DCK Spray 20%:t\u00e4 k\u00e4ytet\u00e4\u00e4n?<\/strong><br data-start=\"7422\" data-end=\"7425\" \/>Sit\u00e4 k\u00e4ytet\u00e4\u00e4n <strong data-start=\"7448\" data-end=\"7471\">vertailuliuos<\/strong> rikosteknisiss\u00e4 ja analyyttisiss\u00e4 laboratorioissa havaitsemis- ja kalibrointitutkimusta varten.<\/p>\n<p data-start=\"7556\" data-end=\"7740\"><strong data-start=\"7556\" data-end=\"7614\">2. Sopiiko t\u00e4m\u00e4 tuote ihmisravinnoksi?<\/strong><br data-start=\"7614\" data-end=\"7617\" \/>Nro. Chem-Mist 2F-DCK Spray 20% on <strong data-start=\"7652\" data-end=\"7690\">tarkoitettu vain tutkimustarkoituksiin<\/strong> ja <strong data-start=\"7694\" data-end=\"7737\">ei hyv\u00e4ksytty ihmisille<\/strong>.<\/p>\n<p data-start=\"7742\" data-end=\"7872\"><strong data-start=\"7742\" data-end=\"7788\">3. Miten t\u00e4t\u00e4 tuotetta tulisi s\u00e4ilytt\u00e4\u00e4?<\/strong><br data-start=\"7788\" data-end=\"7791\" \/>S\u00e4ilyt\u00e4 viile\u00e4ss\u00e4, kuivassa ja pime\u00e4ss\u00e4 paikassa, tiiviisti suljettuna ja asiattomien ulottumattomissa.<\/p>","protected":false},"excerpt":{"rendered":"<h2><span style=\"vertical-align: inherit;\"><span style=\"vertical-align: inherit;\"><span dir=\"auto\" style=\"vertical-align: inherit;\"><span dir=\"auto\" style=\"vertical-align: inherit;\">Chem-mist 2F-DCK 20% Vanilla Sky -ominaisuudet<\/span><\/span><\/span><\/span><\/h2>\n<p><strong><span style=\"vertical-align: inherit;\"><span style=\"vertical-align: inherit;\"><span dir=\"auto\" style=\"vertical-align: inherit;\"><span dir=\"auto\" style=\"vertical-align: inherit;\">Synonyymi:<\/span><\/span><\/span><\/span><\/strong><span style=\"vertical-align: inherit;\"><span style=\"vertical-align: inherit;\"><span dir=\"auto\" style=\"vertical-align: inherit;\"><span dir=\"auto\" style=\"vertical-align: inherit;\"> 2-fluorodesklooriketamiinihydrokloridi <\/span><\/span><\/span><\/span><br \/>\n<strong><span style=\"vertical-align: inherit;\"><span style=\"vertical-align: inherit;\"><span dir=\"auto\" style=\"vertical-align: inherit;\"><span dir=\"auto\" style=\"vertical-align: inherit;\">CAS-numero:<\/span><\/span><\/span><\/span><\/strong><span style=\"vertical-align: inherit;\"><span style=\"vertical-align: inherit;\"><span dir=\"auto\" style=\"vertical-align: inherit;\"><span dir=\"auto\" style=\"vertical-align: inherit;\"> 111982-49-1 <\/span><\/span><\/span><\/span><br \/>\n<strong><span style=\"vertical-align: inherit;\"><span style=\"vertical-align: inherit;\"><span dir=\"auto\" style=\"vertical-align: inherit;\"><span dir=\"auto\" style=\"vertical-align: inherit;\">Kaava:<\/span><\/span><\/span><\/span><\/strong><span style=\"vertical-align: inherit;\"><span style=\"vertical-align: inherit;\"><span dir=\"auto\" style=\"vertical-align: inherit;\"><span dir=\"auto\" style=\"vertical-align: inherit;\"> 2-(2-fluorifenyyli)-2-(metyyliamino)sykloheksanoni <\/span><\/span><\/span><\/span><br \/>\n<strong><span style=\"vertical-align: inherit;\"><span style=\"vertical-align: inherit;\"><span dir=\"auto\" style=\"vertical-align: inherit;\"><span dir=\"auto\" style=\"vertical-align: inherit;\">Moolimassa:<\/span><\/span><\/span><\/span><\/strong><span style=\"vertical-align: inherit;\"><span style=\"vertical-align: inherit;\"><span dir=\"auto\" style=\"vertical-align: inherit;\"><span dir=\"auto\" style=\"vertical-align: inherit;\"> 257,7 g\/mol <\/span><\/span><\/span><\/span><br \/>\n<strong><span style=\"vertical-align: inherit;\"><span style=\"vertical-align: inherit;\"><span dir=\"auto\" style=\"vertical-align: inherit;\"><span dir=\"auto\" style=\"vertical-align: inherit;\">Puhtaus:<\/span><\/span><\/span><\/span><\/strong><span style=\"vertical-align: inherit;\"><span style=\"vertical-align: inherit;\"><span dir=\"auto\" style=\"vertical-align: inherit;\"><span dir=\"auto\" style=\"vertical-align: inherit;\"> &gt;98%<\/span><\/span><\/span><\/span><\/p>","protected":false},"featured_media":28494,"comment_status":"closed","ping_status":"closed","template":"","meta":[],"product_brand":[],"product_cat":[474,498,71,471,396],"product_tag":[1126,326,472],"class_list":{"0":"post-23724","1":"product","2":"type-product","3":"status-publish","4":"has-post-thumbnail","6":"product_cat-2f-dck-kopen","7":"product_cat-2f-dck-sprays","8":"product_cat-arylcyclohexylamine","9":"product_cat-chem-mist-sprays","10":"product_cat-liquid-rcs","11":"product_tag-chem-mist-2f-dck-kopen","12":"product_tag-nl","13":"product_tag-spring-is-in-the-air","15":"first","16":"instock","17":"taxable","18":"shipping-taxable","19":"purchasable","20":"product-type-variable"},"_links":{"self":[{"href":"https:\/\/researchchemicalhub.com\/fi\/wp-json\/wp\/v2\/product\/23724","targetHints":{"allow":["GET"]}}],"collection":[{"href":"https:\/\/researchchemicalhub.com\/fi\/wp-json\/wp\/v2\/product"}],"about":[{"href":"https:\/\/researchchemicalhub.com\/fi\/wp-json\/wp\/v2\/types\/product"}],"replies":[{"embeddable":true,"href":"https:\/\/researchchemicalhub.com\/fi\/wp-json\/wp\/v2\/comments?post=23724"}],"version-history":[{"count":5,"href":"https:\/\/researchchemicalhub.com\/fi\/wp-json\/wp\/v2\/product\/23724\/revisions"}],"predecessor-version":[{"id":27973,"href":"https:\/\/researchchemicalhub.com\/fi\/wp-json\/wp\/v2\/product\/23724\/revisions\/27973"}],"wp:featuredmedia":[{"embeddable":true,"href":"https:\/\/researchchemicalhub.com\/fi\/wp-json\/wp\/v2\/media\/28494"}],"wp:attachment":[{"href":"https:\/\/researchchemicalhub.com\/fi\/wp-json\/wp\/v2\/media?parent=23724"}],"wp:term":[{"taxonomy":"product_brand","embeddable":true,"href":"https:\/\/researchchemicalhub.com\/fi\/wp-json\/wp\/v2\/product_brand?post=23724"},{"taxonomy":"product_cat","embeddable":true,"href":"https:\/\/researchchemicalhub.com\/fi\/wp-json\/wp\/v2\/product_cat?post=23724"},{"taxonomy":"product_tag","embeddable":true,"href":"https:\/\/researchchemicalhub.com\/fi\/wp-json\/wp\/v2\/product_tag?post=23724"}],"curies":[{"name":"wp","href":"https:\/\/api.w.org\/{rel}","templated":true}]}}