{"id":23559,"date":"2025-04-13T17:39:57","date_gmt":"2025-04-13T17:39:57","guid":{"rendered":"https:\/\/researchchemicalhub.com\/?post_type=product&#038;p=23559"},"modified":"2025-10-19T11:15:46","modified_gmt":"2025-10-19T11:15:46","slug":"1p-lsd-l-tartrate-puur","status":"publish","type":"product","link":"https:\/\/researchchemicalhub.com\/fi\/shop\/lysergamides\/1p-lsd-l-tartrate-puur\/","title":{"rendered":"1P-LSD L-tartraatti puhdas"},"content":{"rendered":"<h1><span dir=\"auto\" style=\"vertical-align: inherit;\"><span dir=\"auto\" style=\"vertical-align: inherit;\">1P-LSD L-tartraatti \u2013 Laajennettu tuotekuvaus tieteelliseen tutkimukseen<\/span><\/span><\/h1>\n<p data-start=\"3759\" data-end=\"3969\"><strong data-start=\"3759\" data-end=\"3831\">1P-LSD L-tartraatti (1-propionyyli-lysergihappodietyyliamidi-L-tartraatti)<\/strong> on <strong data-start=\"3839\" data-end=\"3883\">eritt\u00e4in puhdasta tutkimusyhdistett\u00e4<\/strong>, kehitetty <strong data-start=\"3901\" data-end=\"3966\">neurotieteellinen, farmakologinen ja analyyttinen tutkimus<\/strong>.<\/p>\n<p data-start=\"3971\" data-end=\"4280\">Jos <strong data-start=\"3975\" data-end=\"4035\">LSD:n rakenteellinen analogi (lysergihappodietyyliamidi)<\/strong> sis\u00e4lt\u00e4\u00e4 1P-LSD:t\u00e4 <strong data-start=\"4053\" data-end=\"4071\">propionyyliryhm\u00e4<\/strong> indolitypen suhteen. T\u00e4m\u00e4 muutos tekee yhdisteest\u00e4 arvokkaan <strong data-start=\"4145\" data-end=\"4186\">rakenne-aktiivisuussuhde (SAR)<\/strong>-tutkimus, <strong data-start=\"4198\" data-end=\"4237\">serotoniinireseptoritutkimukset (5-HT2A)<\/strong> ja <strong data-start=\"4241\" data-end=\"4277\">analyyttisiin viitetarkoituksiin<\/strong>.<\/p>\n<p data-start=\"4282\" data-end=\"4446\">The <strong data-start=\"4285\" data-end=\"4307\">L-tartraattisuolamuoto<\/strong> lis\u00e4\u00e4 <strong data-start=\"4320\" data-end=\"4362\">kemiallinen stabiilius ja liukoisuus<\/strong>, joten se sopii erinomaisesti pitk\u00e4aikaiseen s\u00e4ilytykseen ja tarkkoihin laboratoriotesteihin.<\/p>\n<blockquote data-start=\"4448\" data-end=\"4599\">\n<p data-start=\"4450\" data-end=\"4599\">\u26a0\ufe0f <strong data-start=\"4453\" data-end=\"4464\">HUOM:<\/strong> T\u00e4m\u00e4 tuote on <strong data-start=\"4480\" data-end=\"4535\">tarkoitettu yksinomaan tieteelliseen tutkimukseen<\/strong> ja <strong data-start=\"4539\" data-end=\"4596\">ei sovellu ihmis- tai el\u00e4inravinnoksi<\/strong>.<\/p>\n<\/blockquote>\n<hr data-start=\"4601\" data-end=\"4604\" \/>\n<h3 data-start=\"4606\" data-end=\"4637\"><strong data-start=\"4610\" data-end=\"4637\">T\u00e4rkeimm\u00e4t ominaisuudet<\/strong><\/h3>\n<ul data-start=\"4638\" data-end=\"5076\">\n<li data-start=\"4638\" data-end=\"4736\">\n<p data-start=\"4640\" data-end=\"4736\"><strong data-start=\"4640\" data-end=\"4666\">Korkea puhtausaste (\u226599%)<\/strong> \u2013 Laboratoriossa testattu identiteetin, koostumuksen ja stabiilisuuden osalta.<\/p>\n<\/li>\n<li data-start=\"4737\" data-end=\"4817\">\n<p data-start=\"4739\" data-end=\"4817\"><strong data-start=\"4739\" data-end=\"4770\">Stabiili L-tartraattisuolamuoto<\/strong> \u2013 Pident\u00e4\u00e4 s\u00e4ilyvyytt\u00e4 ja est\u00e4\u00e4 hajoamista.<\/p>\n<\/li>\n<li data-start=\"4818\" data-end=\"4915\">\n<p data-start=\"4820\" data-end=\"4915\"><strong data-start=\"4820\" data-end=\"4859\">Farmakologisen tutkimuksen standardi<\/strong> \u2013 Sopii reseptori- ja neurokemialliseen tutkimukseen.<\/p>\n<\/li>\n<li data-start=\"4916\" data-end=\"4995\">\n<p data-start=\"4918\" data-end=\"4995\"><strong data-start=\"4918\" data-end=\"4943\">GMP-tyyppinen tuotanto<\/strong> \u2013 Taattu laatu ja toistettavuus.<\/p>\n<\/li>\n<li data-start=\"4996\" data-end=\"5076\">\n<p data-start=\"4998\" data-end=\"5076\"><strong data-start=\"4998\" data-end=\"5020\">Turvallinen pakkaus<\/strong> \u2013 Ilmatiivis ja valonkest\u00e4v\u00e4 optimaalisen suojan takaamiseksi.<\/p>\n<\/li>\n<\/ul>\n<hr data-start=\"5078\" data-end=\"5081\" \/>\n<h3 data-start=\"5083\" data-end=\"5100\"><strong data-start=\"5087\" data-end=\"5100\">Edut<\/strong><\/h3>\n<ul data-start=\"5101\" data-end=\"5360\">\n<li data-start=\"5101\" data-end=\"5182\">\n<p data-start=\"5103\" data-end=\"5182\">Tukee <strong data-start=\"5115\" data-end=\"5179\">lysergamidianalogien ja serotoniinireseptorien tutkimus<\/strong>.<\/p>\n<\/li>\n<li data-start=\"5183\" data-end=\"5247\">\n<p data-start=\"5185\" data-end=\"5247\"><strong data-start=\"5185\" data-end=\"5230\">Tarkat ja toistettavat tulokset<\/strong> tutkinnan yhteydess\u00e4.<\/p>\n<\/li>\n<li data-start=\"5248\" data-end=\"5302\">\n<p data-start=\"5250\" data-end=\"5302\"><strong data-start=\"5250\" data-end=\"5276\">Parannettu vakaus<\/strong> pitk\u00e4aikaiseen s\u00e4ilytykseen.<\/p>\n<\/li>\n<li data-start=\"5303\" data-end=\"5360\">\n<p data-start=\"5305\" data-end=\"5360\">Sopii <strong data-start=\"5319\" data-end=\"5357\">akateeminen ja analyyttinen tutkimus<\/strong>.<\/p>\n<\/li>\n<\/ul>\n<hr data-start=\"5362\" data-end=\"5365\" \/>\n<h3 data-start=\"5367\" data-end=\"5382\"><strong data-start=\"5371\" data-end=\"5382\">K\u00e4ytt\u00f6<\/strong><\/h3>\n<ul data-start=\"5383\" data-end=\"5654\">\n<li data-start=\"5383\" data-end=\"5453\">\n<p data-start=\"5385\" data-end=\"5453\">Vain k\u00e4ytett\u00e4v\u00e4ksi <strong data-start=\"5410\" data-end=\"5450\">p\u00e4tev\u00e4 laboratoriohenkil\u00f6kunta<\/strong>.<\/p>\n<\/li>\n<li data-start=\"5454\" data-end=\"5530\">\n<p data-start=\"5456\" data-end=\"5530\">K\u00e4yt\u00e4 sopivia <strong data-start=\"5474\" data-end=\"5498\">suojavarusteet<\/strong> (k\u00e4sineet, suojalasit, laboratoriotakki).<\/p>\n<\/li>\n<li data-start=\"5531\" data-end=\"5595\">\n<p data-start=\"5533\" data-end=\"5595\">S\u00e4\u00e4st\u00e4 rahaa <strong data-start=\"5548\" data-end=\"5582\">viile\u00e4ss\u00e4, kuivassa ja pime\u00e4ss\u00e4 paikassa<\/strong> (15\u201325 \u00b0C).<\/p>\n<\/li>\n<li data-start=\"5596\" data-end=\"5654\">\n<p data-start=\"5598\" data-end=\"5654\">Ei sovellu ihmisten tai el\u00e4inten ravinnoksi.<\/p>\n<\/li>\n<\/ul>\n<hr data-start=\"5656\" data-end=\"5659\" \/>\n<h3 data-start=\"5661\" data-end=\"5696\"><strong data-start=\"5665\" data-end=\"5696\">Usein kysytyt kysymykset (UKK)<\/strong><\/h3>\n<p data-start=\"5698\" data-end=\"5887\"><strong data-start=\"5698\" data-end=\"5747\">1. Mihin 1P-LSD L-tartraattia k\u00e4ytet\u00e4\u00e4n?<\/strong><br data-start=\"5747\" data-end=\"5750\" \/>1P-LSD L-tartraattia k\u00e4ytet\u00e4\u00e4n <strong data-start=\"5788\" data-end=\"5833\">farmakologinen ja neurokemiallinen tutkimus<\/strong> lysergamidianalogeihin ja serotoniinireseptoreihin.<\/p>\n<p data-start=\"5889\" data-end=\"6069\"><strong data-start=\"5889\" data-end=\"5947\">2. Onko 1P-LSD L-tartraatti turvallinen ihmisille?<\/strong><br data-start=\"5947\" data-end=\"5950\" \/>Ei. T\u00e4m\u00e4 tuote on <strong data-start=\"5970\" data-end=\"6019\">tarkoitettu vain tutkimustarkoituksiin<\/strong> eik\u00e4 hyv\u00e4ksytty ihmisravinnoksi.<\/p>\n<p data-start=\"6071\" data-end=\"6244\"><strong data-start=\"6071\" data-end=\"6120\">3. Miten 1P-LSD L-tartraattia tulisi s\u00e4ilytt\u00e4\u00e4?<\/strong><br data-start=\"6120\" data-end=\"6123\" \/>S\u00e4ilyt\u00e4 <strong data-start=\"6138\" data-end=\"6168\">hyvin suljettu pakkaus<\/strong> huoneenl\u00e4mm\u00f6ss\u00e4 (15\u201325 \u00b0C), suojassa kosteudelta ja suoralta auringonvalolta.<\/p>\n<p><a href=\"https:\/\/researchchemicalhub.com\/fi\/shop\/lysergamides\/1cp-lsd-150-mcg\/\"><span style=\"vertical-align: inherit;\"><span style=\"vertical-align: inherit;\"><span dir=\"auto\" style=\"vertical-align: inherit;\"><span dir=\"auto\" style=\"vertical-align: inherit;\">1cP-LSD 150 MCG taidepaperia <\/span><\/span><\/span><\/span><\/a><a href=\"https:\/\/researchchemicalhub.com\/fi\/shop\/pellets\/o-dsmt-50mg-pellets\/\"><span style=\"vertical-align: inherit;\"><span style=\"vertical-align: inherit;\"><span dir=\"auto\" style=\"vertical-align: inherit;\"><span dir=\"auto\" style=\"vertical-align: inherit;\">O-DSMT 50 mg -pelletit <\/span><\/span><\/span><\/span><\/a><a href=\"https:\/\/researchchemicalhub.com\/fi\/shop\/lysergamides\/1v-lsd-150-mcg-blotters\/\"><span style=\"vertical-align: inherit;\"><span style=\"vertical-align: inherit;\"><span dir=\"auto\" style=\"vertical-align: inherit;\"><span dir=\"auto\" style=\"vertical-align: inherit;\">1V-LSD 150 MCG -n\u00e4ytteenotot <\/span><\/span><\/span><\/span><\/a><a href=\"https:\/\/researchchemicalhub.com\/fi\/shop\/fenethylamine\/2c-ef-2mg-capsules\/\"><span style=\"vertical-align: inherit;\"><span style=\"vertical-align: inherit;\"><span dir=\"auto\" style=\"vertical-align: inherit;\"><span dir=\"auto\" style=\"vertical-align: inherit;\">2C-EF 2 mg kapselit <\/span><\/span><\/span><\/span><\/a><a href=\"https:\/\/researchchemicalhub.com\/fi\/shop\/bijna-verboden\/6-cl-adba\/\"><span style=\"vertical-align: inherit;\"><span style=\"vertical-align: inherit;\"><span dir=\"auto\" style=\"vertical-align: inherit;\"><span dir=\"auto\" style=\"vertical-align: inherit;\">6-CL-ADBA<\/span><\/span><\/span><\/span><\/a><\/p>","protected":false},"excerpt":{"rendered":"<h3><span style=\"vertical-align: inherit;\"><span style=\"vertical-align: inherit;\"><span dir=\"auto\" style=\"vertical-align: inherit;\"><span dir=\"auto\" style=\"vertical-align: inherit;\">1P-LSD L-tartraatin ominaisuudet<\/span><\/span><\/span><\/span><\/h3>\n<p><strong><span style=\"vertical-align: inherit;\"><span style=\"vertical-align: inherit;\"><span dir=\"auto\" style=\"vertical-align: inherit;\"><span dir=\"auto\" style=\"vertical-align: inherit;\">Synonyymi:<\/span><\/span><\/span><\/span><\/strong><span style=\"vertical-align: inherit;\"><span style=\"vertical-align: inherit;\"><span dir=\"auto\" style=\"vertical-align: inherit;\"><span dir=\"auto\" style=\"vertical-align: inherit;\"> 1-propionyyli-lysergihappodietyyliamidihemi-L-tartraatti, PLSD <\/span><\/span><\/span><\/span><br \/>\n<strong><span style=\"vertical-align: inherit;\"><span style=\"vertical-align: inherit;\"><span dir=\"auto\" style=\"vertical-align: inherit;\"><span dir=\"auto\" style=\"vertical-align: inherit;\">CAS-numero:<\/span><\/span><\/span><\/span><\/strong><span style=\"vertical-align: inherit;\"><span style=\"vertical-align: inherit;\"><span dir=\"auto\" style=\"vertical-align: inherit;\"><span dir=\"auto\" style=\"vertical-align: inherit;\"> 2349358-81-0 <\/span><\/span><\/span><\/span><br \/>\n<strong><span style=\"vertical-align: inherit;\"><span style=\"vertical-align: inherit;\"><span dir=\"auto\" style=\"vertical-align: inherit;\"><span dir=\"auto\" style=\"vertical-align: inherit;\">Kaava:<\/span><\/span><\/span><\/span><\/strong><span style=\"vertical-align: inherit;\"><span style=\"vertical-align: inherit;\"><span dir=\"auto\" style=\"vertical-align: inherit;\"><span dir=\"auto\" style=\"vertical-align: inherit;\"> (8\u03b2)-1-propionyyli-N,N-dietyyli-6-metyyli-9,10-didehydroergoliini-8-karboksamidihemi-L-tartraatti <\/span><\/span><\/span><\/span><br \/>\n<strong><span style=\"vertical-align: inherit;\"><span style=\"vertical-align: inherit;\"><span dir=\"auto\" style=\"vertical-align: inherit;\"><span dir=\"auto\" style=\"vertical-align: inherit;\">Moolimassa:<\/span><\/span><\/span><\/span><\/strong><span style=\"vertical-align: inherit;\"><span style=\"vertical-align: inherit;\"><span dir=\"auto\" style=\"vertical-align: inherit;\"><span dir=\"auto\" style=\"vertical-align: inherit;\"> 454,5 g\/mol <\/span><\/span><\/span><\/span><br \/>\n<strong><span style=\"vertical-align: inherit;\"><span style=\"vertical-align: inherit;\"><span dir=\"auto\" style=\"vertical-align: inherit;\"><span dir=\"auto\" style=\"vertical-align: inherit;\">Puhtaus:<\/span><\/span><\/span><\/span><\/strong><span style=\"vertical-align: inherit;\"><span style=\"vertical-align: inherit;\"><span dir=\"auto\" style=\"vertical-align: inherit;\"><span dir=\"auto\" style=\"vertical-align: inherit;\"> &gt;97%<\/span><\/span><\/span><\/span><\/p>","protected":false},"featured_media":20483,"comment_status":"closed","ping_status":"closed","template":"","meta":[],"product_brand":[82],"product_cat":[358],"product_tag":[774,326],"class_list":{"0":"post-23559","1":"product","2":"type-product","3":"status-publish","4":"has-post-thumbnail","6":"product_brand-research-chemical","7":"product_cat-lysergamides","8":"product_tag-lsd-bestellen","9":"product_tag-nl","11":"first","12":"instock","13":"taxable","14":"shipping-taxable","15":"purchasable","16":"product-type-variable"},"_links":{"self":[{"href":"https:\/\/researchchemicalhub.com\/fi\/wp-json\/wp\/v2\/product\/23559","targetHints":{"allow":["GET"]}}],"collection":[{"href":"https:\/\/researchchemicalhub.com\/fi\/wp-json\/wp\/v2\/product"}],"about":[{"href":"https:\/\/researchchemicalhub.com\/fi\/wp-json\/wp\/v2\/types\/product"}],"replies":[{"embeddable":true,"href":"https:\/\/researchchemicalhub.com\/fi\/wp-json\/wp\/v2\/comments?post=23559"}],"version-history":[{"count":5,"href":"https:\/\/researchchemicalhub.com\/fi\/wp-json\/wp\/v2\/product\/23559\/revisions"}],"predecessor-version":[{"id":28018,"href":"https:\/\/researchchemicalhub.com\/fi\/wp-json\/wp\/v2\/product\/23559\/revisions\/28018"}],"wp:featuredmedia":[{"embeddable":true,"href":"https:\/\/researchchemicalhub.com\/fi\/wp-json\/wp\/v2\/media\/20483"}],"wp:attachment":[{"href":"https:\/\/researchchemicalhub.com\/fi\/wp-json\/wp\/v2\/media?parent=23559"}],"wp:term":[{"taxonomy":"product_brand","embeddable":true,"href":"https:\/\/researchchemicalhub.com\/fi\/wp-json\/wp\/v2\/product_brand?post=23559"},{"taxonomy":"product_cat","embeddable":true,"href":"https:\/\/researchchemicalhub.com\/fi\/wp-json\/wp\/v2\/product_cat?post=23559"},{"taxonomy":"product_tag","embeddable":true,"href":"https:\/\/researchchemicalhub.com\/fi\/wp-json\/wp\/v2\/product_tag?post=23559"}],"curies":[{"name":"wp","href":"https:\/\/api.w.org\/{rel}","templated":true}]}}