{"id":23542,"date":"2025-04-13T17:39:57","date_gmt":"2025-04-13T17:39:57","guid":{"rendered":"https:\/\/researchchemicalhub.com\/?post_type=product&#038;p=23542"},"modified":"2025-10-19T15:41:30","modified_gmt":"2025-10-19T15:41:30","slug":"4-ho-mipt-fumaraatti-2","status":"publish","type":"product","link":"https:\/\/researchchemicalhub.com\/fi\/kauppa\/mipt\/4-ho-mipt-fumaraatti-2\/","title":{"rendered":"MiPT-fumaraatti (N-metyyli-N-isopropyylitryptamiini)"},"content":{"rendered":"<h1><strong><span dir=\"auto\" style=\"vertical-align: inherit;\"><span dir=\"auto\" style=\"vertical-align: inherit;\">MiPT-fumaraatti \u2013 N-metyyli-N-isopropyylitryptamiini, jonka puhtaus on HPLC-varmistettu<\/span><\/span><\/strong><\/h1>\n<p data-start=\"3772\" data-end=\"3958\"><strong data-start=\"3772\" data-end=\"3822\">MiPT-fumaraatti (N-metyyli-N-isopropyylitryptamiini)<\/strong> on <strong data-start=\"3830\" data-end=\"3872\">eritt\u00e4in puhdasta tutkimusyhdistett\u00e4<\/strong>, kehitetty <strong data-start=\"3890\" data-end=\"3955\">neurotieteellinen, farmakologinen ja analyyttinen tutkimus<\/strong>4-ho-mipt-fumaraatti<\/p>\n<p data-start=\"3960\" data-end=\"4167\">MiPT kuuluu <strong data-start=\"3980\" data-end=\"4000\">tryptamiiniluokka<\/strong>, liittyv\u00e4 <strong data-start=\"4014\" data-end=\"4021\">DMT<\/strong> ja <strong data-start=\"4025\" data-end=\"4032\">OF<\/strong>ja sit\u00e4 usein tutkitaan sen yhteydess\u00e4 <strong data-start=\"4074\" data-end=\"4118\">serotoniinireseptorit (5-HT2A ja 5-HT1A)<\/strong> ja <strong data-start=\"4122\" data-end=\"4164\">rakenne-aktiivisuussuhteet (SAR)<\/strong>.<\/p>\n<p data-start=\"4169\" data-end=\"4359\">The <strong data-start=\"4172\" data-end=\"4192\">fumaraattisuolamuoto<\/strong> tarjoukset <strong data-start=\"4199\" data-end=\"4253\">parempi stabiilius, liukoisuus ja helppok\u00e4ytt\u00f6isyys<\/strong>, mik\u00e4 on v\u00e4ltt\u00e4m\u00e4t\u00f6nt\u00e4 tarkalle ja pitk\u00e4aikaiselle tutkimukselle kontrolloiduissa laboratorio-olosuhteissa.<\/p>\n<blockquote data-start=\"4361\" data-end=\"4512\">\n<p data-start=\"4363\" data-end=\"4512\">\u26a0\ufe0f <strong data-start=\"4366\" data-end=\"4377\">HUOM:<\/strong> T\u00e4m\u00e4 tuote on <strong data-start=\"4393\" data-end=\"4448\">tarkoitettu yksinomaan tieteelliseen tutkimukseen<\/strong> ja <strong data-start=\"4452\" data-end=\"4509\">ei sovellu ihmis- tai el\u00e4inravinnoksi<\/strong>.<\/p>\n<\/blockquote>\n<hr data-start=\"4514\" data-end=\"4517\" \/>\n<h3 data-start=\"4519\" data-end=\"4550\"><strong data-start=\"4523\" data-end=\"4550\">T\u00e4rkeimm\u00e4t ominaisuudet<\/strong><\/h3>\n<ul data-start=\"4551\" data-end=\"4977\">\n<li data-start=\"4551\" data-end=\"4646\">\n<p data-start=\"4553\" data-end=\"4646\"><strong data-start=\"4553\" data-end=\"4579\">Korkea puhtausaste (\u226599%)<\/strong> \u2013 Laboratoriossa testattu identiteetin ja kemiallisen koostumuksen osalta.<\/p>\n<\/li>\n<li data-start=\"4647\" data-end=\"4726\">\n<p data-start=\"4649\" data-end=\"4726\"><strong data-start=\"4649\" data-end=\"4678\">Stabiili fumaraattisuolamuoto<\/strong> \u2013 Parantaa s\u00e4ilyvyytt\u00e4 ja varastointikest\u00e4vyytt\u00e4.<\/p>\n<\/li>\n<li data-start=\"4727\" data-end=\"4814\">\n<p data-start=\"4729\" data-end=\"4814\"><strong data-start=\"4729\" data-end=\"4768\">Farmakologisen tutkimuksen standardi<\/strong> \u2013 Sopii reseptori- ja SAR-tutkimukseen.<\/p>\n<\/li>\n<li data-start=\"4815\" data-end=\"4888\">\n<p data-start=\"4817\" data-end=\"4888\"><strong data-start=\"4817\" data-end=\"4842\">GMP-tyyppinen tuotanto<\/strong> \u2013 Tasainen laatu ja luotettavuus.<\/p>\n<\/li>\n<li data-start=\"4889\" data-end=\"4977\">\n<p data-start=\"4891\" data-end=\"4977\"><strong data-start=\"4891\" data-end=\"4913\">Turvallinen pakkaus<\/strong> \u2013 Ilmatiivis ja valonkest\u00e4v\u00e4 pakattu maksimaalisen suojan takaamiseksi.<\/p>\n<\/li>\n<\/ul>\n<hr data-start=\"4979\" data-end=\"4982\" \/>\n<h3 data-start=\"4984\" data-end=\"5001\"><strong data-start=\"4988\" data-end=\"5001\">Edut<\/strong><\/h3>\n<ul data-start=\"5002\" data-end=\"5287\">\n<li data-start=\"5002\" data-end=\"5082\">\n<p data-start=\"5004\" data-end=\"5082\">Tukee <strong data-start=\"5016\" data-end=\"5079\">serotoniinireseptorien ja tryptamiinianalogien tutkimus<\/strong>.<\/p>\n<\/li>\n<li data-start=\"5083\" data-end=\"5159\">\n<p data-start=\"5085\" data-end=\"5159\"><strong data-start=\"5085\" data-end=\"5130\">Tarkat ja toistettavat tulokset<\/strong> laboratoriotesteiss\u00e4. 4-ho-mipt-fumaraatti<\/p>\n<\/li>\n<li data-start=\"5160\" data-end=\"5215\">\n<p data-start=\"5162\" data-end=\"5215\"><strong data-start=\"5162\" data-end=\"5188\">Parannettu vakaus<\/strong> ja pidempi s\u00e4ilyvyysaika.<\/p>\n<\/li>\n<li data-start=\"5216\" data-end=\"5287\">\n<p data-start=\"5218\" data-end=\"5287\">Ihanteellinen <strong data-start=\"5230\" data-end=\"5284\">akateeminen, farmakologinen ja analyyttinen tutkimus<\/strong>.<\/p>\n<\/li>\n<\/ul>\n<hr data-start=\"5289\" data-end=\"5292\" \/>\n<h3 data-start=\"5294\" data-end=\"5309\"><strong data-start=\"5298\" data-end=\"5309\">K\u00e4ytt\u00f6<\/strong><\/h3>\n<ul data-start=\"5310\" data-end=\"5581\">\n<li data-start=\"5310\" data-end=\"5380\">\n<p data-start=\"5312\" data-end=\"5380\">Vain k\u00e4ytett\u00e4v\u00e4ksi <strong data-start=\"5337\" data-end=\"5377\">p\u00e4tev\u00e4 laboratoriohenkil\u00f6kunta<\/strong>.<\/p>\n<\/li>\n<li data-start=\"5381\" data-end=\"5457\">\n<p data-start=\"5383\" data-end=\"5457\">K\u00e4yt\u00e4 sopivia <strong data-start=\"5401\" data-end=\"5425\">suojavarusteet<\/strong> (k\u00e4sineet, suojalasit, laboratoriotakki).<\/p>\n<\/li>\n<li data-start=\"5458\" data-end=\"5522\">\n<p data-start=\"5460\" data-end=\"5522\">S\u00e4\u00e4st\u00e4 rahaa <strong data-start=\"5475\" data-end=\"5509\">viile\u00e4ss\u00e4, kuivassa ja pime\u00e4ss\u00e4 paikassa<\/strong> (15\u201325 \u00b0C).<\/p>\n<\/li>\n<li data-start=\"5523\" data-end=\"5581\">\n<p data-start=\"5525\" data-end=\"5581\">Ei sovellu ihmisten tai el\u00e4inten ravinnoksi.<\/p>\n<\/li>\n<\/ul>\n<hr data-start=\"5583\" data-end=\"5586\" \/>\n<h3 data-start=\"5588\" data-end=\"5623\"><strong data-start=\"5592\" data-end=\"5623\">Usein kysytyt kysymykset (UKK)<\/strong><\/h3>\n<p data-start=\"5625\" data-end=\"5811\"><strong data-start=\"5625\" data-end=\"5670\">1. Mihin MiPT-fumaraattia k\u00e4ytet\u00e4\u00e4n?<\/strong><br data-start=\"5670\" data-end=\"5673\" \/>MiPT-fumaraattia k\u00e4ytet\u00e4\u00e4n <strong data-start=\"5705\" data-end=\"5758\">neurotieteellinen ja farmakologinen tutkimus<\/strong> tryptamiinianalogeihin ja serotoniinireseptoreihin.<\/p>\n<p data-start=\"5813\" data-end=\"5989\"><strong data-start=\"5813\" data-end=\"5867\">2. Onko MiPT-fumaraatti turvallinen ihmisille?<\/strong><br data-start=\"5867\" data-end=\"5870\" \/>Ei. T\u00e4m\u00e4 tuote on <strong data-start=\"5890\" data-end=\"5939\">tarkoitettu vain tutkimustarkoituksiin<\/strong> eik\u00e4 hyv\u00e4ksytty ihmisravinnoksi.<\/p>\n<p data-start=\"5991\" data-end=\"6165\"><strong data-start=\"5991\" data-end=\"6036\">3. Miten MiPT-fumaraattia s\u00e4ilytet\u00e4\u00e4n?<\/strong><br data-start=\"6036\" data-end=\"6039\" \/>S\u00e4ilyt\u00e4 <strong data-start=\"6054\" data-end=\"6084\">hyvin suljettu pakkaus<\/strong> huoneenl\u00e4mm\u00f6ss\u00e4 (15\u201325 \u00b0C), suojassa kosteudelta, l\u00e4mm\u00f6lt\u00e4 ja suoralta valolta.<\/p>","protected":false},"excerpt":{"rendered":"<h3><span dir=\"auto\" style=\"vertical-align: inherit;\"><span dir=\"auto\" style=\"vertical-align: inherit;\">MiPT fumarate properties<\/span><\/span><\/h3>\n<p><strong><span dir=\"auto\" style=\"vertical-align: inherit;\"><span dir=\"auto\" style=\"vertical-align: inherit;\">Synonym:<\/span><\/span><\/strong><span dir=\"auto\" style=\"vertical-align: inherit;\"><span dir=\"auto\" style=\"vertical-align: inherit;\"> N-methyl-N-isopropyltryptamine fumarate <\/span><\/span><br \/>\n<strong><span dir=\"auto\" style=\"vertical-align: inherit;\"><span dir=\"auto\" style=\"vertical-align: inherit;\">CAS Number:<\/span><\/span><\/strong><span dir=\"auto\" style=\"vertical-align: inherit;\"><span dir=\"auto\" style=\"vertical-align: inherit;\"> 96096-52-5 <\/span><\/span><br \/>\n<strong><span dir=\"auto\" style=\"vertical-align: inherit;\"><span dir=\"auto\" style=\"vertical-align: inherit;\">Formula:<\/span><\/span><\/strong><span dir=\"auto\" style=\"vertical-align: inherit;\"><span dir=\"auto\" style=\"vertical-align: inherit;\"> 3-[2-(methyl(isopropyl)amino)ethyl]-1H-indole fumarate <\/span><\/span><br \/>\n<strong><span dir=\"auto\" style=\"vertical-align: inherit;\"><span dir=\"auto\" style=\"vertical-align: inherit;\">Molar mass:<\/span><\/span><\/strong><span dir=\"auto\" style=\"vertical-align: inherit;\"><span dir=\"auto\" style=\"vertical-align: inherit;\"> 332.4 g\/mol <\/span><\/span><br \/>\n<strong><span dir=\"auto\" style=\"vertical-align: inherit;\"><span dir=\"auto\" style=\"vertical-align: inherit;\">Purity:<\/span><\/span><\/strong><span dir=\"auto\" style=\"vertical-align: inherit;\"><span dir=\"auto\" style=\"vertical-align: inherit;\"> &gt;97%<\/span><\/span><\/p>\n","protected":false},"featured_media":20442,"comment_status":"closed","ping_status":"closed","template":"","meta":[],"product_brand":[],"product_cat":[507,381],"product_tag":[1156,1157,326],"class_list":{"0":"post-23542","1":"product","2":"type-product","3":"status-publish","4":"has-post-thumbnail","6":"product_cat-mipt","7":"product_cat-tryptamines","8":"product_tag-4-ho-mipt-fumarate","9":"product_tag-4-ho-mipt-fumarate-kopen","10":"product_tag-nl","12":"first","13":"instock","14":"taxable","15":"shipping-taxable","16":"purchasable","17":"product-type-variable"},"_links":{"self":[{"href":"https:\/\/researchchemicalhub.com\/fi\/wp-json\/wp\/v2\/product\/23542","targetHints":{"allow":["GET"]}}],"collection":[{"href":"https:\/\/researchchemicalhub.com\/fi\/wp-json\/wp\/v2\/product"}],"about":[{"href":"https:\/\/researchchemicalhub.com\/fi\/wp-json\/wp\/v2\/types\/product"}],"replies":[{"embeddable":true,"href":"https:\/\/researchchemicalhub.com\/fi\/wp-json\/wp\/v2\/comments?post=23542"}],"version-history":[{"count":4,"href":"https:\/\/researchchemicalhub.com\/fi\/wp-json\/wp\/v2\/product\/23542\/revisions"}],"predecessor-version":[{"id":28019,"href":"https:\/\/researchchemicalhub.com\/fi\/wp-json\/wp\/v2\/product\/23542\/revisions\/28019"}],"wp:featuredmedia":[{"embeddable":true,"href":"https:\/\/researchchemicalhub.com\/fi\/wp-json\/wp\/v2\/media\/20442"}],"wp:attachment":[{"href":"https:\/\/researchchemicalhub.com\/fi\/wp-json\/wp\/v2\/media?parent=23542"}],"wp:term":[{"taxonomy":"product_brand","embeddable":true,"href":"https:\/\/researchchemicalhub.com\/fi\/wp-json\/wp\/v2\/product_brand?post=23542"},{"taxonomy":"product_cat","embeddable":true,"href":"https:\/\/researchchemicalhub.com\/fi\/wp-json\/wp\/v2\/product_cat?post=23542"},{"taxonomy":"product_tag","embeddable":true,"href":"https:\/\/researchchemicalhub.com\/fi\/wp-json\/wp\/v2\/product_tag?post=23542"}],"curies":[{"name":"wp","href":"https:\/\/api.w.org\/{rel}","templated":true}]}}