{"id":23521,"date":"2025-04-13T17:39:53","date_gmt":"2025-04-13T17:39:53","guid":{"rendered":"https:\/\/researchchemicalhub.com\/?post_type=product&#038;p=23521"},"modified":"2025-10-19T20:26:41","modified_gmt":"2025-10-19T20:26:41","slug":"dippifumaraatti","status":"publish","type":"product","link":"https:\/\/researchchemicalhub.com\/fi\/kauppa\/dipit\/dippifumaraatti\/","title":{"rendered":"DiPT-fumaraatti (N,N-di-isopropyylitryptamiini)"},"content":{"rendered":"<h1><strong>DiPT-fumaraatti \u2013 tutkimuspuhtauden omaava N,N-di-isopropyylitryptamiini<\/strong><\/h1>\n<p data-start=\"3972\" data-end=\"4152\"><strong data-start=\"3972\" data-end=\"4017\">DiPT-fumaraatti (N,N-di-isopropyylitryptamiini)<\/strong> on <strong data-start=\"4025\" data-end=\"4067\">eritt\u00e4in puhdasta tutkimusyhdistett\u00e4<\/strong>, suunniteltu <strong data-start=\"4084\" data-end=\"4149\">neurotieteellinen, farmakologinen ja analyyttinen tutkimus<\/strong>. <span class=\"___SBox_epc1q-ko_ ___SText_zko9t-ko_\" data-ui-name=\"Link.Text\">dippifumaraatti<\/span><\/p>\n<p data-start=\"4154\" data-end=\"4506\">Jos <strong data-start=\"4158\" data-end=\"4231\">DMT:n di-isopropyylisubstituoitu analogi (N,N-dimetyylitryptamiini)<\/strong> Kuuluuko DiPT seuraaviin: <strong data-start=\"4252\" data-end=\"4272\">tryptamiiniluokka<\/strong> ja sit\u00e4 tutkitaan sen vuoksi <strong data-start=\"4310\" data-end=\"4368\">serotoniinireseptorien aktiivisuus (5-HT2A, 5-HT2C, 5-HT1A)<\/strong>T\u00e4m\u00e4 tekee siit\u00e4 t\u00e4rke\u00e4n yhteyden <strong data-start=\"4418\" data-end=\"4459\">rakenne-aktiivisuussuhde (SAR)<\/strong>-tutkimukseen <strong data-start=\"4473\" data-end=\"4503\">sitoutumisaffiniteettitutkimukset<\/strong>.<\/p>\n<p data-start=\"4508\" data-end=\"4687\">The <strong data-start=\"4511\" data-end=\"4531\">fumaraattisuolamuoto<\/strong> tarjoaa <strong data-start=\"4543\" data-end=\"4606\">parempi kemiallinen stabiilius, liukoisuus ja s\u00e4ilyvyysaika<\/strong>, mik\u00e4 on v\u00e4ltt\u00e4m\u00e4t\u00f6nt\u00e4 tarkkojen laboratoriokokeiden ja pitk\u00e4aikaisen s\u00e4ilytyksen kannalta.<\/p>\n<blockquote data-start=\"4689\" data-end=\"4840\">\n<p data-start=\"4691\" data-end=\"4840\">\u26a0\ufe0f <strong data-start=\"4694\" data-end=\"4705\">HUOM:<\/strong> T\u00e4m\u00e4 tuote on <strong data-start=\"4721\" data-end=\"4776\">tarkoitettu yksinomaan tieteelliseen tutkimukseen<\/strong> ja <strong data-start=\"4780\" data-end=\"4837\">ei sovellu ihmis- tai el\u00e4inravinnoksi<\/strong>.<\/p>\n<\/blockquote>\n<hr data-start=\"4842\" data-end=\"4845\" \/>\n<h3 data-start=\"4847\" data-end=\"4878\"><strong data-start=\"4851\" data-end=\"4878\">T\u00e4rkeimm\u00e4t ominaisuudet<\/strong><\/h3>\n<ul data-start=\"4879\" data-end=\"5290\">\n<li data-start=\"4879\" data-end=\"4954\">\n<p data-start=\"4881\" data-end=\"4954\"><strong data-start=\"4881\" data-end=\"4907\">Korkea puhtausaste (\u226599%)<\/strong> \u2013 Tarkistettu HPLC-, NMR- ja MS-analyysill\u00e4.<\/p>\n<\/li>\n<li data-start=\"4955\" data-end=\"5028\">\n<p data-start=\"4957\" data-end=\"5028\"><strong data-start=\"4957\" data-end=\"4986\">Stabiili fumaraattisuolamuoto<\/strong> \u2013 Lis\u00e4\u00e4 s\u00e4ilyvyytt\u00e4 ja vakautta.<\/p>\n<\/li>\n<li data-start=\"5029\" data-end=\"5116\">\n<p data-start=\"5031\" data-end=\"5116\"><strong data-start=\"5031\" data-end=\"5070\">Farmakologisen tutkimuksen standardi<\/strong> \u2013 Sopii reseptori- ja SAR-tutkimukseen.<\/p>\n<\/li>\n<li data-start=\"5117\" data-end=\"5194\">\n<p data-start=\"5119\" data-end=\"5194\"><strong data-start=\"5119\" data-end=\"5144\">GMP-tyyppinen tuotanto<\/strong> \u2013 Tasainen laatu ja toistettavuus.<\/p>\n<\/li>\n<li data-start=\"5195\" data-end=\"5290\">\n<p data-start=\"5197\" data-end=\"5290\"><strong data-start=\"5197\" data-end=\"5219\">Turvallinen pakkaus<\/strong> \u2013 Pakattu ilmatiiviisti ja valonkest\u00e4v\u00e4sti suojaamaan hajoamiselta.<\/p>\n<\/li>\n<\/ul>\n<hr data-start=\"5292\" data-end=\"5295\" \/>\n<h3 data-start=\"5297\" data-end=\"5314\"><strong data-start=\"5301\" data-end=\"5314\">Edut<\/strong><\/h3>\n<ul data-start=\"5315\" data-end=\"5612\">\n<li data-start=\"5315\" data-end=\"5395\">\n<p data-start=\"5317\" data-end=\"5395\">Tukee <strong data-start=\"5329\" data-end=\"5392\">serotoniinireseptorien ja tryptamiinianalogien tutkimus<\/strong>.<\/p>\n<\/li>\n<li data-start=\"5396\" data-end=\"5456\">\n<p data-start=\"5398\" data-end=\"5456\"><strong data-start=\"5398\" data-end=\"5453\">Tarkat ja toistettavat tutkimustulokset<\/strong>.<\/p>\n<\/li>\n<li data-start=\"5457\" data-end=\"5538\">\n<p data-start=\"5459\" data-end=\"5538\"><strong data-start=\"5459\" data-end=\"5502\">Parannettu stabiilius ja liukoisuus<\/strong> verrattuna vapaaseen em\u00e4smuotoon.<\/p>\n<\/li>\n<li data-start=\"5539\" data-end=\"5612\">\n<p data-start=\"5541\" data-end=\"5612\">Sopii <strong data-start=\"5555\" data-end=\"5609\">akateeminen, farmakologinen ja analyyttinen tutkimus<\/strong>.<\/p>\n<\/li>\n<\/ul>\n<hr data-start=\"5614\" data-end=\"5617\" \/>\n<h3 data-start=\"5619\" data-end=\"5634\"><strong data-start=\"5623\" data-end=\"5634\">K\u00e4ytt\u00f6<\/strong><\/h3>\n<ul data-start=\"5635\" data-end=\"5906\">\n<li data-start=\"5635\" data-end=\"5705\">\n<p data-start=\"5637\" data-end=\"5705\">Vain k\u00e4ytett\u00e4v\u00e4ksi <strong data-start=\"5662\" data-end=\"5702\">p\u00e4tev\u00e4 laboratoriohenkil\u00f6kunta<\/strong>.<\/p>\n<\/li>\n<li data-start=\"5706\" data-end=\"5782\">\n<p data-start=\"5708\" data-end=\"5782\">K\u00e4yt\u00e4 sopivia <strong data-start=\"5726\" data-end=\"5750\">suojavarusteet<\/strong> (k\u00e4sineet, suojalasit, laboratoriotakki).<\/p>\n<\/li>\n<li data-start=\"5783\" data-end=\"5847\">\n<p data-start=\"5785\" data-end=\"5847\">S\u00e4\u00e4st\u00e4 rahaa <strong data-start=\"5800\" data-end=\"5834\">viile\u00e4ss\u00e4, kuivassa ja pime\u00e4ss\u00e4 paikassa<\/strong> (15\u201325 \u00b0C).<\/p>\n<\/li>\n<li data-start=\"5848\" data-end=\"5906\">\n<p data-start=\"5850\" data-end=\"5906\">Ei sovellu ihmisten tai el\u00e4inten ravinnoksi.<\/p>\n<\/li>\n<\/ul>\n<hr data-start=\"5908\" data-end=\"5911\" \/>\n<h3 data-start=\"5913\" data-end=\"5948\"><strong data-start=\"5917\" data-end=\"5948\">Usein kysytyt kysymykset (UKK)<\/strong><\/h3>\n<p data-start=\"5950\" data-end=\"6142\"><strong data-start=\"5950\" data-end=\"5995\">1. Mihin DiPT-fumaraattia k\u00e4ytet\u00e4\u00e4n?<\/strong><br data-start=\"5995\" data-end=\"5998\" \/>DiPT-fumaraattia k\u00e4ytet\u00e4\u00e4n <strong data-start=\"6032\" data-end=\"6077\">farmakologinen ja neurokemiallinen tutkimus<\/strong> serotoniinireseptoreihin ja rakenteellisiin tryptamiinianalogeihin.<\/p>\n<p data-start=\"6144\" data-end=\"6320\"><strong data-start=\"6144\" data-end=\"6198\">2. Onko DiPT-fumaraatti turvallinen ihmisille?<\/strong><br data-start=\"6198\" data-end=\"6201\" \/>Ei. T\u00e4m\u00e4 tuote on <strong data-start=\"6221\" data-end=\"6270\">tarkoitettu vain tutkimustarkoituksiin<\/strong> eik\u00e4 hyv\u00e4ksytty ihmisravinnoksi.<\/p>\n<p data-start=\"6322\" data-end=\"6489\"><strong data-start=\"6322\" data-end=\"6367\">3. Miten DiPT-fumaraattia tulisi s\u00e4ilytt\u00e4\u00e4?<\/strong><br data-start=\"6367\" data-end=\"6370\" \/>S\u00e4ilyt\u00e4 <strong data-start=\"6385\" data-end=\"6415\">hyvin suljettu pakkaus<\/strong> huoneenl\u00e4mm\u00f6ss\u00e4 (15\u201325 \u00b0C), suojassa kosteudelta, l\u00e4mm\u00f6lt\u00e4 ja valolta.<\/p>","protected":false},"excerpt":{"rendered":"<h3><span data-sheets-value=\"{\" data-sheets-userformat=\"{\"><span style=\"vertical-align: inherit;\"><span style=\"vertical-align: inherit;\">DiPT fumarate properties<\/span><\/span><\/span><\/h3>\n<p><strong><span style=\"vertical-align: inherit;\"><span style=\"vertical-align: inherit;\">Synonym:<\/span><\/span><\/strong><span style=\"vertical-align: inherit;\"><span style=\"vertical-align: inherit;\"> N,N-diisopropyltryptamine fumarate <\/span><\/span><br \/>\n<strong><span style=\"vertical-align: inherit;\"><span style=\"vertical-align: inherit;\">CAS Number:<\/span><\/span><\/strong><span style=\"vertical-align: inherit;\"><span style=\"vertical-align: inherit;\"> 14780-24-6 <\/span><\/span><br \/>\n<strong><span style=\"vertical-align: inherit;\"><span style=\"vertical-align: inherit;\">Formula:<\/span><\/span><\/strong><span style=\"vertical-align: inherit;\"><span style=\"vertical-align: inherit;\"> 3-[2-(diisopropylamino)ethyl]-1H-indole fumarate <\/span><\/span><br \/>\n<strong><span style=\"vertical-align: inherit;\"><span style=\"vertical-align: inherit;\">Molar Mass:<\/span><\/span><\/strong><span style=\"vertical-align: inherit;\"><span style=\"vertical-align: inherit;\"> 360.5 g\/mol <\/span><\/span><br \/>\n<strong><span style=\"vertical-align: inherit;\"><span style=\"vertical-align: inherit;\">Purity:<\/span><\/span><\/strong><span style=\"vertical-align: inherit;\"><span style=\"vertical-align: inherit;\"> &gt;97%<\/span><\/span><\/p>\n","protected":false},"featured_media":20404,"comment_status":"closed","ping_status":"closed","template":"","meta":[],"product_brand":[],"product_cat":[510,381],"product_tag":[1171,1172,326],"class_list":{"0":"post-23521","1":"product","2":"type-product","3":"status-publish","4":"has-post-thumbnail","6":"product_cat-dipt","7":"product_cat-tryptamines","8":"product_tag-dipt-fumarate","9":"product_tag-dipt-fumarate-kopen","10":"product_tag-nl","12":"first","13":"instock","14":"taxable","15":"shipping-taxable","16":"purchasable","17":"product-type-variable"},"_links":{"self":[{"href":"https:\/\/researchchemicalhub.com\/fi\/wp-json\/wp\/v2\/product\/23521","targetHints":{"allow":["GET"]}}],"collection":[{"href":"https:\/\/researchchemicalhub.com\/fi\/wp-json\/wp\/v2\/product"}],"about":[{"href":"https:\/\/researchchemicalhub.com\/fi\/wp-json\/wp\/v2\/types\/product"}],"replies":[{"embeddable":true,"href":"https:\/\/researchchemicalhub.com\/fi\/wp-json\/wp\/v2\/comments?post=23521"}],"version-history":[{"count":4,"href":"https:\/\/researchchemicalhub.com\/fi\/wp-json\/wp\/v2\/product\/23521\/revisions"}],"predecessor-version":[{"id":28031,"href":"https:\/\/researchchemicalhub.com\/fi\/wp-json\/wp\/v2\/product\/23521\/revisions\/28031"}],"wp:featuredmedia":[{"embeddable":true,"href":"https:\/\/researchchemicalhub.com\/fi\/wp-json\/wp\/v2\/media\/20404"}],"wp:attachment":[{"href":"https:\/\/researchchemicalhub.com\/fi\/wp-json\/wp\/v2\/media?parent=23521"}],"wp:term":[{"taxonomy":"product_brand","embeddable":true,"href":"https:\/\/researchchemicalhub.com\/fi\/wp-json\/wp\/v2\/product_brand?post=23521"},{"taxonomy":"product_cat","embeddable":true,"href":"https:\/\/researchchemicalhub.com\/fi\/wp-json\/wp\/v2\/product_cat?post=23521"},{"taxonomy":"product_tag","embeddable":true,"href":"https:\/\/researchchemicalhub.com\/fi\/wp-json\/wp\/v2\/product_tag?post=23521"}],"curies":[{"name":"wp","href":"https:\/\/api.w.org\/{rel}","templated":true}]}}