{"id":23509,"date":"2025-04-13T17:39:53","date_gmt":"2025-04-13T17:39:53","guid":{"rendered":"https:\/\/researchchemicalhub.com\/?post_type=product&#038;p=23509"},"modified":"2025-10-19T20:17:28","modified_gmt":"2025-10-19T20:17:28","slug":"5-meo-met-fumarate","status":"publish","type":"product","link":"https:\/\/researchchemicalhub.com\/fi\/shop\/5-meo-met\/5-meo-met-fumarate\/","title":{"rendered":"5-MeO-MET-fumaraatti"},"content":{"rendered":"<h3><strong><span dir=\"auto\" style=\"vertical-align: inherit;\"><span dir=\"auto\" style=\"vertical-align: inherit;\">5-MeO-MET-fumaraatti \u2013 Tuotekuvaus, k\u00e4ytt\u00f6tarkoitukset, hy\u00f6dyt ja haitat sek\u00e4 usein kysytyt kysymykset<\/span><\/span><\/strong><\/h3>\n<p data-start=\"4063\" data-end=\"4259\"><strong data-start=\"4063\" data-end=\"4124\">5-MeO-MET-fumaraatti (5-metoksi-N-metyyli-N-etyylitryptamiini)<\/strong> on <strong data-start=\"4132\" data-end=\"4174\">eritt\u00e4in puhdasta tutkimusyhdistett\u00e4<\/strong>, suunniteltu <strong data-start=\"4191\" data-end=\"4256\">neurotieteellinen, farmakologinen ja analyyttinen tutkimus<\/strong>5 meo fumaraatilla<\/p>\n<p data-start=\"4261\" data-end=\"4523\">Jos <strong data-start=\"4265\" data-end=\"4301\">metoksisubstituoitu analogi<\/strong> kirjoittanut <strong data-start=\"4306\" data-end=\"4342\">MET (N-metyyli-N-etyylitryptamiini)<\/strong> 5-MeO-MET kuuluu <strong data-start=\"4368\" data-end=\"4388\">tryptamiiniluokka<\/strong> ja se on t\u00e4rke\u00e4\u00e4 tutkimuksen kannalta <strong data-start=\"4430\" data-end=\"4474\">serotoniinireseptorit (5-HT2A ja 5-HT1A)<\/strong> ja <strong data-start=\"4478\" data-end=\"4520\">rakenne-aktiivisuussuhteet (SAR)<\/strong>.<\/p>\n<p data-start=\"4525\" data-end=\"4704\">The <strong data-start=\"4528\" data-end=\"4548\">fumaraattisuolamuoto<\/strong> tarjoaa <strong data-start=\"4560\" data-end=\"4623\">parempi kemiallinen stabiilius, liukoisuus ja s\u00e4ilyvyysaika<\/strong>, mik\u00e4 on v\u00e4ltt\u00e4m\u00e4t\u00f6nt\u00e4 pitk\u00e4aikaisen s\u00e4ilytyksen ja tarkkojen laboratoriokokeiden kannalta.<\/p>\n<blockquote data-start=\"4706\" data-end=\"4857\">\n<p data-start=\"4708\" data-end=\"4857\">\u26a0\ufe0f <strong data-start=\"4711\" data-end=\"4722\">HUOM:<\/strong> T\u00e4m\u00e4 tuote on <strong data-start=\"4738\" data-end=\"4793\">tarkoitettu yksinomaan tieteelliseen tutkimukseen<\/strong> ja <strong data-start=\"4797\" data-end=\"4854\">ei sovellu ihmis- tai el\u00e4inravinnoksi<\/strong>.<\/p>\n<\/blockquote>\n<hr data-start=\"4859\" data-end=\"4862\" \/>\n<h3 data-start=\"4864\" data-end=\"4895\"><strong data-start=\"4868\" data-end=\"4895\">T\u00e4rkeimm\u00e4t ominaisuudet<\/strong><\/h3>\n<ul data-start=\"4896\" data-end=\"5326\">\n<li data-start=\"4896\" data-end=\"4994\">\n<p data-start=\"4898\" data-end=\"4994\"><strong data-start=\"4898\" data-end=\"4924\">Korkea puhtausaste (\u226599%)<\/strong> \u2013 Laboratoriossa testattu identiteetin, stabiilisuuden ja koostumuksen osalta.<\/p>\n<\/li>\n<li data-start=\"4995\" data-end=\"5070\">\n<p data-start=\"4997\" data-end=\"5070\"><strong data-start=\"4997\" data-end=\"5026\">Stabiili fumaraattisuolamuoto<\/strong> \u2013 Lis\u00e4\u00e4 s\u00e4ilyvyytt\u00e4 ja liukoisuutta.<\/p>\n<\/li>\n<li data-start=\"5071\" data-end=\"5158\">\n<p data-start=\"5073\" data-end=\"5158\"><strong data-start=\"5073\" data-end=\"5112\">Farmakologisen tutkimuksen standardi<\/strong> \u2013 Sopii reseptori- ja SAR-tutkimukseen.<\/p>\n<\/li>\n<li data-start=\"5159\" data-end=\"5237\">\n<p data-start=\"5161\" data-end=\"5237\"><strong data-start=\"5161\" data-end=\"5186\">Tasainen laatu<\/strong> \u2013 Valmistettu GMP:n kaltaisissa olosuhteissa.<\/p>\n<\/li>\n<li data-start=\"5238\" data-end=\"5326\">\n<p data-start=\"5240\" data-end=\"5326\"><strong data-start=\"5240\" data-end=\"5262\">Turvallinen pakkaus<\/strong> \u2013 Ilmatiivis ja valolta suojaava pakkaus maksimaalisen suojan takaamiseksi. 5 meo fumaraatilla<\/p>\n<\/li>\n<\/ul>\n<hr data-start=\"5328\" data-end=\"5331\" \/>\n<h3 data-start=\"5333\" data-end=\"5350\"><strong data-start=\"5337\" data-end=\"5350\">Edut<\/strong><\/h3>\n<ul data-start=\"5351\" data-end=\"5645\">\n<li data-start=\"5351\" data-end=\"5431\">\n<p data-start=\"5353\" data-end=\"5431\">Tukee <strong data-start=\"5365\" data-end=\"5428\">serotoniinireseptorien ja tryptamiinianalogien tutkimus<\/strong>.<\/p>\n<\/li>\n<li data-start=\"5432\" data-end=\"5510\">\n<p data-start=\"5434\" data-end=\"5510\"><strong data-start=\"5434\" data-end=\"5479\">Luotettavat ja toistettavat tulokset<\/strong> kontrolloidussa tutkimuksessa.<\/p>\n<\/li>\n<li data-start=\"5511\" data-end=\"5575\">\n<p data-start=\"5513\" data-end=\"5575\"><strong data-start=\"5513\" data-end=\"5539\">Parannettu vakaus<\/strong> verrattuna vapaaseen em\u00e4smuotoon.<\/p>\n<\/li>\n<li data-start=\"5576\" data-end=\"5645\">\n<p data-start=\"5578\" data-end=\"5645\">Sopii <strong data-start=\"5592\" data-end=\"5642\">akateeminen, analyyttinen ja rikostekninen tutkimus<\/strong>.<\/p>\n<\/li>\n<\/ul>\n<hr data-start=\"5647\" data-end=\"5650\" \/>\n<h3 data-start=\"5652\" data-end=\"5667\"><strong data-start=\"5656\" data-end=\"5667\">K\u00e4ytt\u00f6<\/strong><\/h3>\n<ul data-start=\"5668\" data-end=\"5950\">\n<li data-start=\"5668\" data-end=\"5738\">\n<p data-start=\"5670\" data-end=\"5738\">Vain k\u00e4ytett\u00e4v\u00e4ksi <strong data-start=\"5695\" data-end=\"5735\">p\u00e4tev\u00e4 laboratoriohenkil\u00f6kunta<\/strong>.<\/p>\n<\/li>\n<li data-start=\"5739\" data-end=\"5826\">\n<p data-start=\"5741\" data-end=\"5826\">K\u00e4yt\u00e4 sopivia <strong data-start=\"5759\" data-end=\"5783\">suojavarusteet<\/strong> (k\u00e4sineet, suojalasit, laboratoriotakki).<\/p>\n<\/li>\n<li data-start=\"5827\" data-end=\"5891\">\n<p data-start=\"5829\" data-end=\"5891\">S\u00e4\u00e4st\u00e4 rahaa <strong data-start=\"5844\" data-end=\"5878\">viile\u00e4ss\u00e4, kuivassa ja pime\u00e4ss\u00e4 paikassa<\/strong> (15\u201325 \u00b0C).<\/p>\n<\/li>\n<li data-start=\"5892\" data-end=\"5950\">\n<p data-start=\"5894\" data-end=\"5950\">Ei sovellu ihmisten tai el\u00e4inten ravinnoksi.<\/p>\n<\/li>\n<\/ul>\n<hr data-start=\"5952\" data-end=\"5955\" \/>\n<h3 data-start=\"5957\" data-end=\"5992\"><strong data-start=\"5961\" data-end=\"5992\">Usein kysytyt kysymykset (UKK)<\/strong><\/h3>\n<p data-start=\"5994\" data-end=\"6184\"><strong data-start=\"5994\" data-end=\"6044\">1. Mihin 5-MeO-MET-fumaraattia k\u00e4ytet\u00e4\u00e4n?<\/strong><br data-start=\"6044\" data-end=\"6047\" \/>5-MeO-MET-fumaraattia k\u00e4ytet\u00e4\u00e4n <strong data-start=\"6086\" data-end=\"6131\">farmakologinen ja neurokemiallinen tutkimus<\/strong> serotoniinireseptoreihin ja tryptamiinianalogeihin.<\/p>\n<p data-start=\"6186\" data-end=\"6367\"><strong data-start=\"6186\" data-end=\"6245\">2. Onko 5-MeO-MET-fumaraatti turvallinen ihmisille?<\/strong><br data-start=\"6245\" data-end=\"6248\" \/>Ei. T\u00e4m\u00e4 tuote on <strong data-start=\"6268\" data-end=\"6317\">tarkoitettu vain tutkimustarkoituksiin<\/strong> eik\u00e4 hyv\u00e4ksytty ihmisravinnoksi.<\/p>\n<p data-start=\"6369\" data-end=\"6541\"><strong data-start=\"6369\" data-end=\"6419\">3. Miten 5-MeO-MET-fumaraattia tulisi s\u00e4ilytt\u00e4\u00e4?<\/strong><br data-start=\"6419\" data-end=\"6422\" \/>S\u00e4ilyt\u00e4 <strong data-start=\"6437\" data-end=\"6467\">hyvin suljettu pakkaus<\/strong> huoneenl\u00e4mm\u00f6ss\u00e4 (15\u201325 \u00b0C), suojassa kosteudelta, l\u00e4mm\u00f6lt\u00e4 ja valolta.<\/p>","protected":false},"excerpt":{"rendered":"<h3><span data-sheets-value=\"{\" data-sheets-userformat=\"{\"><span dir=\"auto\" style=\"vertical-align: inherit;\"><span dir=\"auto\" style=\"vertical-align: inherit;\">5-MeO-MET fumarate properties<\/span><\/span><\/span><\/h3>\n<p><strong><span style=\"vertical-align: inherit;\"><span style=\"vertical-align: inherit;\"><span dir=\"auto\" style=\"vertical-align: inherit;\"><span dir=\"auto\" style=\"vertical-align: inherit;\">Synonym:<\/span><\/span><\/span><\/span><\/strong><span style=\"vertical-align: inherit;\"><span style=\"vertical-align: inherit;\"><span dir=\"auto\" style=\"vertical-align: inherit;\"><span dir=\"auto\" style=\"vertical-align: inherit;\"> 5-methoxy-N-methyl-N-ethyltryptamine fumarate <\/span><\/span><\/span><\/span><br \/>\n<strong><span style=\"vertical-align: inherit;\"><span style=\"vertical-align: inherit;\"><span dir=\"auto\" style=\"vertical-align: inherit;\"><span dir=\"auto\" style=\"vertical-align: inherit;\">CAS Number:<\/span><\/span><\/span><\/span><\/strong><span style=\"vertical-align: inherit;\"><span style=\"vertical-align: inherit;\"><span dir=\"auto\" style=\"vertical-align: inherit;\"><span dir=\"auto\" style=\"vertical-align: inherit;\"> n\/a <\/span><\/span><\/span><\/span><br \/>\n<strong><span style=\"vertical-align: inherit;\"><span style=\"vertical-align: inherit;\"><span dir=\"auto\" style=\"vertical-align: inherit;\"><span dir=\"auto\" style=\"vertical-align: inherit;\">Formula:<\/span><\/span><\/span><\/span><\/strong><span style=\"vertical-align: inherit;\"><span style=\"vertical-align: inherit;\"><span dir=\"auto\" style=\"vertical-align: inherit;\"><span dir=\"auto\" style=\"vertical-align: inherit;\"> 3-[2-(ethylmethylamino)ethyl]-5-methoxyindole fumarate <\/span><\/span><\/span><\/span><br \/>\n<strong><span style=\"vertical-align: inherit;\"><span style=\"vertical-align: inherit;\"><span dir=\"auto\" style=\"vertical-align: inherit;\"><span dir=\"auto\" style=\"vertical-align: inherit;\">Molar Mass:<\/span><\/span><\/span><\/span><\/strong><span style=\"vertical-align: inherit;\"><span style=\"vertical-align: inherit;\"><span dir=\"auto\" style=\"vertical-align: inherit;\"><span dir=\"auto\" style=\"vertical-align: inherit;\"> 348.4 g\/mol <\/span><\/span><\/span><\/span><br \/>\n<strong><span style=\"vertical-align: inherit;\"><span style=\"vertical-align: inherit;\"><span dir=\"auto\" style=\"vertical-align: inherit;\"><span dir=\"auto\" style=\"vertical-align: inherit;\">Purity:<\/span><\/span><\/span><\/span><\/strong><span style=\"vertical-align: inherit;\"><span style=\"vertical-align: inherit;\"><span dir=\"auto\" style=\"vertical-align: inherit;\"><span dir=\"auto\" style=\"vertical-align: inherit;\"> &gt;97%<\/span><\/span><\/span><\/span><\/p>\n","protected":false},"featured_media":20399,"comment_status":"closed","ping_status":"closed","template":"","meta":[],"product_brand":[],"product_cat":[545,381],"product_tag":[1169,1167,1168,326],"class_list":{"0":"post-23509","1":"product","2":"type-product","3":"status-publish","4":"has-post-thumbnail","6":"product_cat-5-meo-met","7":"product_cat-tryptamines","8":"product_tag-5-meo-met","9":"product_tag-5-meo-met-fumarate","10":"product_tag-5-meo-met-fumarate-kopen","11":"product_tag-nl","13":"first","14":"instock","15":"taxable","16":"shipping-taxable","17":"purchasable","18":"product-type-variable"},"_links":{"self":[{"href":"https:\/\/researchchemicalhub.com\/fi\/wp-json\/wp\/v2\/product\/23509","targetHints":{"allow":["GET"]}}],"collection":[{"href":"https:\/\/researchchemicalhub.com\/fi\/wp-json\/wp\/v2\/product"}],"about":[{"href":"https:\/\/researchchemicalhub.com\/fi\/wp-json\/wp\/v2\/types\/product"}],"replies":[{"embeddable":true,"href":"https:\/\/researchchemicalhub.com\/fi\/wp-json\/wp\/v2\/comments?post=23509"}],"version-history":[{"count":5,"href":"https:\/\/researchchemicalhub.com\/fi\/wp-json\/wp\/v2\/product\/23509\/revisions"}],"predecessor-version":[{"id":28028,"href":"https:\/\/researchchemicalhub.com\/fi\/wp-json\/wp\/v2\/product\/23509\/revisions\/28028"}],"wp:featuredmedia":[{"embeddable":true,"href":"https:\/\/researchchemicalhub.com\/fi\/wp-json\/wp\/v2\/media\/20399"}],"wp:attachment":[{"href":"https:\/\/researchchemicalhub.com\/fi\/wp-json\/wp\/v2\/media?parent=23509"}],"wp:term":[{"taxonomy":"product_brand","embeddable":true,"href":"https:\/\/researchchemicalhub.com\/fi\/wp-json\/wp\/v2\/product_brand?post=23509"},{"taxonomy":"product_cat","embeddable":true,"href":"https:\/\/researchchemicalhub.com\/fi\/wp-json\/wp\/v2\/product_cat?post=23509"},{"taxonomy":"product_tag","embeddable":true,"href":"https:\/\/researchchemicalhub.com\/fi\/wp-json\/wp\/v2\/product_tag?post=23509"}],"curies":[{"name":"wp","href":"https:\/\/api.w.org\/{rel}","templated":true}]}}