{"id":23461,"date":"2025-04-13T17:39:49","date_gmt":"2025-04-13T17:39:49","guid":{"rendered":"https:\/\/researchchemicalhub.com\/?post_type=product&#038;p=23461"},"modified":"2025-10-19T20:33:31","modified_gmt":"2025-10-19T20:33:31","slug":"4-ho-mallasfumaraatti","status":"publish","type":"product","link":"https:\/\/researchchemicalhub.com\/fi\/kauppa\/4-ho-mallas\/4-ho-mallasfumaraatti\/","title":{"rendered":"4-HO-MALT-fumaraatti"},"content":{"rendered":"<h3><strong><span dir=\"auto\" style=\"vertical-align: inherit;\"><span dir=\"auto\" style=\"vertical-align: inherit;\">4-HO-MALT-fumaraatti \u2013 Tieteellinen tuotekuvaus<\/span><\/span><\/strong><\/h3>\n<p data-start=\"4163\" data-end=\"4360\"><strong data-start=\"4163\" data-end=\"4224\">4-HO-MALT-fumaraatti (4-hydroksi-N-metyyli-N-allyylitryptamiini)<\/strong> on <strong data-start=\"4232\" data-end=\"4274\">eritt\u00e4in puhdasta tutkimusyhdistett\u00e4<\/strong>, kehitetty <strong data-start=\"4292\" data-end=\"4357\">neurotieteellinen, farmakologinen ja analyyttinen tutkimus<\/strong>4-HO-MALT-fumaraatti<\/p>\n<p data-start=\"4362\" data-end=\"4695\">J\u00e4senen\u00e4 <strong data-start=\"4377\" data-end=\"4413\">4-hydroksitryptamiiniluokka (4-H2O)<\/strong> onko 4-HO-MALT a <strong data-start=\"4431\" data-end=\"4468\">hydroksyylisubstituoitu analogi<\/strong> kirjoittanut <strong data-start=\"4473\" data-end=\"4481\">MALTAAT<\/strong>ja l\u00e4heist\u00e4 sukua yhdisteille, kuten <strong data-start=\"4522\" data-end=\"4546\">4-HO-DMT (psilosiini)<\/strong> ja <strong data-start=\"4550\" data-end=\"4563\">4-HO-MiPT<\/strong>Sit\u00e4 k\u00e4ytet\u00e4\u00e4n <strong data-start=\"4589\" data-end=\"4646\">serotoniinireseptorien (5-HT2A, 5-HT1A) tutkimus<\/strong> ja <strong data-start=\"4650\" data-end=\"4692\">rakenne-aktiivisuussuhteet (SAR)<\/strong>.<\/p>\n<p data-start=\"4697\" data-end=\"4878\">The <strong data-start=\"4700\" data-end=\"4720\">fumaraattisuolamuoto<\/strong> lis\u00e4\u00e4 <strong data-start=\"4733\" data-end=\"4789\">kemiallinen stabiilius, liukoisuus ja s\u00e4ilyvyysaika<\/strong>, joten se sopii erinomaisesti pitk\u00e4aikaiseen s\u00e4ilytykseen ja kontrolloituun laboratoriotutkimukseen.<\/p>\n<blockquote data-start=\"4880\" data-end=\"5031\">\n<p data-start=\"4882\" data-end=\"5031\">\u26a0\ufe0f <strong data-start=\"4885\" data-end=\"4896\">HUOM:<\/strong> T\u00e4m\u00e4 tuote on <strong data-start=\"4912\" data-end=\"4967\">tarkoitettu yksinomaan tieteelliseen tutkimukseen<\/strong> ja <strong data-start=\"4971\" data-end=\"5028\">ei sovellu ihmis- tai el\u00e4inravinnoksi<\/strong>.<\/p>\n<\/blockquote>\n<hr data-start=\"5033\" data-end=\"5036\" \/>\n<h3 data-start=\"5038\" data-end=\"5069\"><strong data-start=\"5042\" data-end=\"5069\">T\u00e4rkeimm\u00e4t ominaisuudet<\/strong><\/h3>\n<ul data-start=\"5070\" data-end=\"5454\">\n<li data-start=\"5070\" data-end=\"5140\">\n<p data-start=\"5072\" data-end=\"5140\"><strong data-start=\"5072\" data-end=\"5098\">Korkea puhtausaste (\u226599%)<\/strong> \u2013 Laboratoriossa testattu HPLC:ll\u00e4 ja GC-MS:ll\u00e4.<\/p>\n<\/li>\n<li data-start=\"5141\" data-end=\"5214\">\n<p data-start=\"5143\" data-end=\"5214\"><strong data-start=\"5143\" data-end=\"5172\">Stabiili fumaraattisuolamuoto<\/strong> \u2013 Lis\u00e4\u00e4 s\u00e4ilyvyytt\u00e4 ja vakautta.<\/p>\n<\/li>\n<li data-start=\"5215\" data-end=\"5302\">\n<p data-start=\"5217\" data-end=\"5302\"><strong data-start=\"5217\" data-end=\"5256\">Farmakologisen tutkimuksen standardi<\/strong> \u2013 Sopii reseptori- ja SAR-tutkimukseen.<\/p>\n<\/li>\n<li data-start=\"5303\" data-end=\"5373\">\n<p data-start=\"5305\" data-end=\"5373\"><strong data-start=\"5305\" data-end=\"5330\">Tasainen laatu<\/strong> \u2013 Valmistettu GMP-standardien mukaisesti.<\/p>\n<\/li>\n<li data-start=\"5374\" data-end=\"5454\">\n<p data-start=\"5376\" data-end=\"5454\"><strong data-start=\"5376\" data-end=\"5398\">Turvallinen pakkaus<\/strong> \u2013 Ilmatiivis ja valonkest\u00e4v\u00e4 optimaalisen suojan takaamiseksi.<\/p>\n<\/li>\n<\/ul>\n<hr data-start=\"5456\" data-end=\"5459\" \/>\n<h3 data-start=\"5461\" data-end=\"5478\"><strong data-start=\"5465\" data-end=\"5478\">Edut<\/strong><\/h3>\n<ul data-start=\"5479\" data-end=\"5748\">\n<li data-start=\"5479\" data-end=\"5559\">\n<p data-start=\"5481\" data-end=\"5559\">Tukee <strong data-start=\"5493\" data-end=\"5556\">serotoniinireseptorien ja tryptamiinianalogien tutkimus<\/strong>.<\/p>\n<\/li>\n<li data-start=\"5560\" data-end=\"5620\">\n<p data-start=\"5562\" data-end=\"5620\"><strong data-start=\"5562\" data-end=\"5617\">Tarkat ja toistettavat tutkimustulokset<\/strong>.<\/p>\n<\/li>\n<li data-start=\"5621\" data-end=\"5676\">\n<p data-start=\"5623\" data-end=\"5676\"><strong data-start=\"5623\" data-end=\"5649\">Parannettu vakaus<\/strong> ja pidempi s\u00e4ilyvyysaika.<\/p>\n<\/li>\n<li data-start=\"5677\" data-end=\"5748\">\n<p data-start=\"5679\" data-end=\"5748\">Ihanteellinen <strong data-start=\"5691\" data-end=\"5745\">akateeminen, farmakologinen ja analyyttinen tutkimus<\/strong>4-HO-MALT-fumaraatti<\/p>\n<\/li>\n<\/ul>\n<hr data-start=\"5750\" data-end=\"5753\" \/>\n<h3 data-start=\"5755\" data-end=\"5770\"><strong data-start=\"5759\" data-end=\"5770\">K\u00e4ytt\u00f6<\/strong><\/h3>\n<ul data-start=\"5771\" data-end=\"6042\">\n<li data-start=\"5771\" data-end=\"5841\">\n<p data-start=\"5773\" data-end=\"5841\">Vain k\u00e4ytett\u00e4v\u00e4ksi <strong data-start=\"5798\" data-end=\"5838\">p\u00e4tev\u00e4 laboratoriohenkil\u00f6kunta<\/strong>.<\/p>\n<\/li>\n<li data-start=\"5842\" data-end=\"5918\">\n<p data-start=\"5844\" data-end=\"5918\">K\u00e4yt\u00e4 sopivia <strong data-start=\"5862\" data-end=\"5886\">suojavarusteet<\/strong> (k\u00e4sineet, suojalasit, laboratoriotakki).<\/p>\n<\/li>\n<li data-start=\"5919\" data-end=\"5983\">\n<p data-start=\"5921\" data-end=\"5983\">S\u00e4\u00e4st\u00e4 rahaa <strong data-start=\"5936\" data-end=\"5970\">viile\u00e4ss\u00e4, kuivassa ja pime\u00e4ss\u00e4 paikassa<\/strong> (15\u201325 \u00b0C).<\/p>\n<\/li>\n<li data-start=\"5984\" data-end=\"6042\">\n<p data-start=\"5986\" data-end=\"6042\">Ei sovellu ihmisten tai el\u00e4inten ravinnoksi.<\/p>\n<\/li>\n<\/ul>\n<hr data-start=\"6044\" data-end=\"6047\" \/>\n<h3 data-start=\"6049\" data-end=\"6084\"><strong data-start=\"6053\" data-end=\"6084\">Usein kysytyt kysymykset (UKK)<\/strong><\/h3>\n<p data-start=\"6086\" data-end=\"6289\"><strong data-start=\"6086\" data-end=\"6136\">1. Mihin 4-HO-MALT-fumaraattia k\u00e4ytet\u00e4\u00e4n?<\/strong><br data-start=\"6136\" data-end=\"6139\" \/>4-HO-MALT-fumaraattia k\u00e4ytet\u00e4\u00e4n <strong data-start=\"6178\" data-end=\"6223\">farmakologinen ja neurokemiallinen tutkimus<\/strong> serotoniinireseptoreihin ja rakenne-aktiivisuussuhteisiin.<\/p>\n<p data-start=\"6291\" data-end=\"6472\"><strong data-start=\"6291\" data-end=\"6350\">2. Onko 4-HO-MALT-fumaraatti turvallinen ihmisille?<\/strong><br data-start=\"6350\" data-end=\"6353\" \/>Ei. T\u00e4m\u00e4 tuote on <strong data-start=\"6373\" data-end=\"6422\">tarkoitettu vain tutkimustarkoituksiin<\/strong> eik\u00e4 hyv\u00e4ksytty ihmisravinnoksi.<\/p>\n<p data-start=\"6474\" data-end=\"6646\"><strong data-start=\"6474\" data-end=\"6524\">3. Miten 4-HO-MALT-fumaraattia tulisi s\u00e4ilytt\u00e4\u00e4?<\/strong><br data-start=\"6524\" data-end=\"6527\" \/>S\u00e4ilyt\u00e4 <strong data-start=\"6542\" data-end=\"6572\">hyvin suljettu pakkaus<\/strong> huoneenl\u00e4mm\u00f6ss\u00e4 (15\u201325 \u00b0C), suojassa valolta, l\u00e4mm\u00f6lt\u00e4 ja kosteudelta.<\/p>","protected":false},"excerpt":{"rendered":"<p>4-HO-MALT Fumarate \u2013 Scientific Product Description 4-HO-MALT Fumaraat (4-Hydroxy-N-Methyl-N-Allyltryptamine) is een onderzoekscompound van hoge zuiverheid, ontwikkeld voor neurowetenschappelijk, farmacologisch en<\/p>","protected":false},"featured_media":20349,"comment_status":"closed","ping_status":"closed","template":"","meta":[],"product_brand":[],"product_cat":[543,381],"product_tag":[1174,1175,326],"class_list":{"0":"post-23461","1":"product","2":"type-product","3":"status-publish","4":"has-post-thumbnail","6":"product_cat-4-ho-malt","7":"product_cat-tryptamines","8":"product_tag-4-ho-malt-fumarate","9":"product_tag-4-ho-malt-fumarate-kopen","10":"product_tag-nl","12":"first","13":"instock","14":"taxable","15":"shipping-taxable","16":"purchasable","17":"product-type-variable"},"_links":{"self":[{"href":"https:\/\/researchchemicalhub.com\/fi\/wp-json\/wp\/v2\/product\/23461","targetHints":{"allow":["GET"]}}],"collection":[{"href":"https:\/\/researchchemicalhub.com\/fi\/wp-json\/wp\/v2\/product"}],"about":[{"href":"https:\/\/researchchemicalhub.com\/fi\/wp-json\/wp\/v2\/types\/product"}],"replies":[{"embeddable":true,"href":"https:\/\/researchchemicalhub.com\/fi\/wp-json\/wp\/v2\/comments?post=23461"}],"version-history":[{"count":4,"href":"https:\/\/researchchemicalhub.com\/fi\/wp-json\/wp\/v2\/product\/23461\/revisions"}],"predecessor-version":[{"id":28033,"href":"https:\/\/researchchemicalhub.com\/fi\/wp-json\/wp\/v2\/product\/23461\/revisions\/28033"}],"wp:featuredmedia":[{"embeddable":true,"href":"https:\/\/researchchemicalhub.com\/fi\/wp-json\/wp\/v2\/media\/20349"}],"wp:attachment":[{"href":"https:\/\/researchchemicalhub.com\/fi\/wp-json\/wp\/v2\/media?parent=23461"}],"wp:term":[{"taxonomy":"product_brand","embeddable":true,"href":"https:\/\/researchchemicalhub.com\/fi\/wp-json\/wp\/v2\/product_brand?post=23461"},{"taxonomy":"product_cat","embeddable":true,"href":"https:\/\/researchchemicalhub.com\/fi\/wp-json\/wp\/v2\/product_cat?post=23461"},{"taxonomy":"product_tag","embeddable":true,"href":"https:\/\/researchchemicalhub.com\/fi\/wp-json\/wp\/v2\/product_tag?post=23461"}],"curies":[{"name":"wp","href":"https:\/\/api.w.org\/{rel}","templated":true}]}}